{"id":25828,"date":"2022-12-27T15:52:10","date_gmt":"2022-12-27T14:52:10","guid":{"rendered":"https:\/\/www.ohis.be\/produit\/egv-psh-ii-elektro-geh-gabelhochhubwagen\/"},"modified":"2022-12-27T15:52:10","modified_gmt":"2022-12-27T14:52:10","slug":"egv-psh-ii-elektro-geh-gabelhochhubwagen","status":"publish","type":"product","link":"https:\/\/www.ohis.be\/de\/produit\/egv-psh-ii-elektro-geh-gabelhochhubwagen\/","title":{"rendered":"EGV PSH II Elektro-Geh-Gabelhochhubwagen"},"content":{"rendered":"<p>Tragf\u00e4higkeit 1.200 &#8211; 1.600 kg,<br \/>\nGabelh\u00f6he max. 5.000 mm<br \/>\nDie komplett \u00fcberarbeitete Baureihe EGV PSH II ist die professionelle L\u00f6sung im innerbetrieblichen Einsatz, zum Transportieren und Stapeln von palettierten Lasten bei l\u00e4ngeren Wegen und hoher Auslastung.<\/p>\n<p>Ausstattung und Verarbeitung<br \/>\n\u2022 Multifunktionsdeichsel mit Fahrschalter und Hebe-\/ Senkfunktion direkt an der Deichsel.<br \/>\n\u2022 Proportional steuerbare Hebe- und Senkfunktion f\u00fcr eine genaue Positionierung der Last.<br \/>\n\u2022 Kompakte Abmessung von nur 800 mm Breite erlaubt den Einsatz auch in engen G\u00e4ngen.<br \/>\n\u2022 Schleichfahrtfunktion f\u00fcr genaues Verfahren auch in engen Bereichen.<br \/>\n\u2022 Fahr- und Hubgeschwindigkeit wurden in der neuen Modellreihe erh\u00f6ht.<\/p>\n<p>Optional<br \/>\n\u2022 Fahrerstandplattform<br \/>\n\u2022 Freihub<\/p>\n","protected":false},"excerpt":{"rendered":"<p>Ausstattung und Verarbeitung<br \/>\n\u2022 Multifunktionsdeichsel mit Fahrschalter und Hebe-\/ Senkfunktion direkt an der Deichsel.<br \/>\n\u2022 Proportional steuerbare Hebe- und Senkfunktion f\u00fcr eine genaue Positionierung der Last.<br \/>\n\u2022 Kompakte Abmessung von nur 800 mm Breite erlaubt den Einsatz auch in engen G\u00e4ngen.<br \/>\n\u2022 Schleichfahrtfunktion f\u00fcr genaues Verfahren auch in engen Bereichen.<br \/>\n\u2022 Fahr- und Hubgeschwindigkeit wurden in der neuen Modellreihe erh\u00f6ht.<\/p>\n<p>Optional<br \/>\n\u2022 Fahrerstandplattform<br \/>\n\u2022 Freihub<\/p>\n","protected":false},"featured_media":21807,"template":"","meta":{"_acf_changed":false,"inline_featured_image":false},"product_brand":[],"product_cat":[1633],"product_tag":[1673],"class_list":{"0":"post-25828","1":"product","2":"type-product","3":"status-publish","4":"has-post-thumbnail","6":"product_cat-gabelhubwagen","7":"product_tag-pfaff-de","9":"first","10":"onbackorder","11":"taxable","12":"shipping-taxable","13":"purchasable","14":"product-type-variable"},"acf":[],"yoast_head":"<!-- This site is optimized with the Yoast SEO plugin v27.4 - https:\/\/yoast.com\/product\/yoast-seo-wordpress\/ -->\n<title>EGV PSH II Elektro-Geh-Gabelhochhubwagen - Ohis<\/title>\n<meta name=\"robots\" content=\"index, follow, max-snippet:-1, max-image-preview:large, max-video-preview:-1\" \/>\n<link rel=\"canonical\" href=\"https:\/\/www.ohis.be\/de\/produit\/egv-psh-ii-elektro-geh-gabelhochhubwagen\/\" \/>\n<meta property=\"og:locale\" content=\"de_DE\" \/>\n<meta property=\"og:type\" content=\"article\" \/>\n<meta property=\"og:title\" content=\"EGV PSH II Elektro-Geh-Gabelhochhubwagen - Ohis\" \/>\n<meta property=\"og:description\" content=\"Ausstattung und Verarbeitung \u2022 Multifunktionsdeichsel mit Fahrschalter und Hebe-\/ Senkfunktion direkt an der Deichsel. \u2022 Proportional steuerbare Hebe- und Senkfunktion f\u00fcr eine genaue Positionierung der Last. \u2022 Kompakte Abmessung von nur 800 mm Breite erlaubt den Einsatz auch in engen G\u00e4ngen. \u2022 Schleichfahrtfunktion f\u00fcr genaues Verfahren auch in engen Bereichen. \u2022 Fahr- und Hubgeschwindigkeit wurden in der neuen Modellreihe erh\u00f6ht.  Optional \u2022 Fahrerstandplattform \u2022 Freihub\" \/>\n<meta property=\"og:url\" content=\"https:\/\/www.ohis.be\/de\/produit\/egv-psh-ii-elektro-geh-gabelhochhubwagen\/\" \/>\n<meta property=\"og:site_name\" content=\"Ohis\" \/>\n<meta property=\"og:image\" content=\"https:\/\/www.ohis.be\/wp-content\/uploads\/2022\/12\/EGV_PSH_II.jpg\" \/>\n\t<meta property=\"og:image:width\" content=\"722\" \/>\n\t<meta property=\"og:image:height\" content=\"1073\" \/>\n\t<meta property=\"og:image:type\" content=\"image\/jpeg\" \/>\n<meta name=\"twitter:card\" content=\"summary_large_image\" \/>\n<script type=\"application\/ld+json\" class=\"yoast-schema-graph\">{\"@context\":\"https:\\\/\\\/schema.org\",\"@graph\":[{\"@type\":\"WebPage\",\"@id\":\"https:\\\/\\\/www.ohis.be\\\/de\\\/produit\\\/egv-psh-ii-elektro-geh-gabelhochhubwagen\\\/\",\"url\":\"https:\\\/\\\/www.ohis.be\\\/de\\\/produit\\\/egv-psh-ii-elektro-geh-gabelhochhubwagen\\\/\",\"name\":\"EGV PSH II Elektro-Geh-Gabelhochhubwagen - Ohis\",\"isPartOf\":{\"@id\":\"https:\\\/\\\/www.ohis.be\\\/#website\"},\"primaryImageOfPage\":{\"@id\":\"https:\\\/\\\/www.ohis.be\\\/de\\\/produit\\\/egv-psh-ii-elektro-geh-gabelhochhubwagen\\\/#primaryimage\"},\"image\":{\"@id\":\"https:\\\/\\\/www.ohis.be\\\/de\\\/produit\\\/egv-psh-ii-elektro-geh-gabelhochhubwagen\\\/#primaryimage\"},\"thumbnailUrl\":\"https:\\\/\\\/www.ohis.be\\\/wp-content\\\/uploads\\\/2022\\\/12\\\/EGV_PSH_II.jpg\",\"datePublished\":\"2022-12-27T14:52:10+00:00\",\"breadcrumb\":{\"@id\":\"https:\\\/\\\/www.ohis.be\\\/de\\\/produit\\\/egv-psh-ii-elektro-geh-gabelhochhubwagen\\\/#breadcrumb\"},\"inLanguage\":\"de\",\"potentialAction\":[{\"@type\":\"ReadAction\",\"target\":[\"https:\\\/\\\/www.ohis.be\\\/de\\\/produit\\\/egv-psh-ii-elektro-geh-gabelhochhubwagen\\\/\"]}]},{\"@type\":\"ImageObject\",\"inLanguage\":\"de\",\"@id\":\"https:\\\/\\\/www.ohis.be\\\/de\\\/produit\\\/egv-psh-ii-elektro-geh-gabelhochhubwagen\\\/#primaryimage\",\"url\":\"https:\\\/\\\/www.ohis.be\\\/wp-content\\\/uploads\\\/2022\\\/12\\\/EGV_PSH_II.jpg\",\"contentUrl\":\"https:\\\/\\\/www.ohis.be\\\/wp-content\\\/uploads\\\/2022\\\/12\\\/EGV_PSH_II.jpg\",\"width\":722,\"height\":1073},{\"@type\":\"BreadcrumbList\",\"@id\":\"https:\\\/\\\/www.ohis.be\\\/de\\\/produit\\\/egv-psh-ii-elektro-geh-gabelhochhubwagen\\\/#breadcrumb\",\"itemListElement\":[{\"@type\":\"ListItem\",\"position\":1,\"name\":\"Accueil\",\"item\":\"https:\\\/\\\/www.ohis.be\\\/de\\\/\"},{\"@type\":\"ListItem\",\"position\":2,\"name\":\"Produkte\",\"item\":\"https:\\\/\\\/www.ohis.be\\\/de\\\/produkte\\\/\"},{\"@type\":\"ListItem\",\"position\":3,\"name\":\"EGV PSH II Elektro-Geh-Gabelhochhubwagen\"}]},{\"@type\":\"WebSite\",\"@id\":\"https:\\\/\\\/www.ohis.be\\\/#website\",\"url\":\"https:\\\/\\\/www.ohis.be\\\/\",\"name\":\"Ohis\",\"description\":\"Outils de levage\",\"publisher\":{\"@id\":\"https:\\\/\\\/www.ohis.be\\\/#organization\"},\"potentialAction\":[{\"@type\":\"SearchAction\",\"target\":{\"@type\":\"EntryPoint\",\"urlTemplate\":\"https:\\\/\\\/www.ohis.be\\\/?s={search_term_string}\"},\"query-input\":{\"@type\":\"PropertyValueSpecification\",\"valueRequired\":true,\"valueName\":\"search_term_string\"}}],\"inLanguage\":\"de\"},{\"@type\":\"Organization\",\"@id\":\"https:\\\/\\\/www.ohis.be\\\/#organization\",\"name\":\"Ohis\",\"url\":\"https:\\\/\\\/www.ohis.be\\\/\",\"logo\":{\"@type\":\"ImageObject\",\"inLanguage\":\"de\",\"@id\":\"https:\\\/\\\/www.ohis.be\\\/#\\\/schema\\\/logo\\\/image\\\/\",\"url\":\"https:\\\/\\\/www.ohis.be\\\/wp-content\\\/uploads\\\/2021\\\/02\\\/logo-ohis-wit.svg\",\"contentUrl\":\"https:\\\/\\\/www.ohis.be\\\/wp-content\\\/uploads\\\/2021\\\/02\\\/logo-ohis-wit.svg\",\"caption\":\"Ohis\"},\"image\":{\"@id\":\"https:\\\/\\\/www.ohis.be\\\/#\\\/schema\\\/logo\\\/image\\\/\"}}]}<\/script>\n<!-- \/ Yoast SEO plugin. -->","yoast_head_json":{"title":"EGV PSH II Elektro-Geh-Gabelhochhubwagen - Ohis","robots":{"index":"index","follow":"follow","max-snippet":"max-snippet:-1","max-image-preview":"max-image-preview:large","max-video-preview":"max-video-preview:-1"},"canonical":"https:\/\/www.ohis.be\/de\/produit\/egv-psh-ii-elektro-geh-gabelhochhubwagen\/","og_locale":"de_DE","og_type":"article","og_title":"EGV PSH II Elektro-Geh-Gabelhochhubwagen - Ohis","og_description":"Ausstattung und Verarbeitung \u2022 Multifunktionsdeichsel mit Fahrschalter und Hebe-\/ Senkfunktion direkt an der Deichsel. \u2022 Proportional steuerbare Hebe- und Senkfunktion f\u00fcr eine genaue Positionierung der Last. \u2022 Kompakte Abmessung von nur 800 mm Breite erlaubt den Einsatz auch in engen G\u00e4ngen. \u2022 Schleichfahrtfunktion f\u00fcr genaues Verfahren auch in engen Bereichen. \u2022 Fahr- und Hubgeschwindigkeit wurden in der neuen Modellreihe erh\u00f6ht.  Optional \u2022 Fahrerstandplattform \u2022 Freihub","og_url":"https:\/\/www.ohis.be\/de\/produit\/egv-psh-ii-elektro-geh-gabelhochhubwagen\/","og_site_name":"Ohis","og_image":[{"width":722,"height":1073,"url":"https:\/\/www.ohis.be\/wp-content\/uploads\/2022\/12\/EGV_PSH_II.jpg","type":"image\/jpeg"}],"twitter_card":"summary_large_image","schema":{"@context":"https:\/\/schema.org","@graph":[{"@type":"WebPage","@id":"https:\/\/www.ohis.be\/de\/produit\/egv-psh-ii-elektro-geh-gabelhochhubwagen\/","url":"https:\/\/www.ohis.be\/de\/produit\/egv-psh-ii-elektro-geh-gabelhochhubwagen\/","name":"EGV PSH II Elektro-Geh-Gabelhochhubwagen - Ohis","isPartOf":{"@id":"https:\/\/www.ohis.be\/#website"},"primaryImageOfPage":{"@id":"https:\/\/www.ohis.be\/de\/produit\/egv-psh-ii-elektro-geh-gabelhochhubwagen\/#primaryimage"},"image":{"@id":"https:\/\/www.ohis.be\/de\/produit\/egv-psh-ii-elektro-geh-gabelhochhubwagen\/#primaryimage"},"thumbnailUrl":"https:\/\/www.ohis.be\/wp-content\/uploads\/2022\/12\/EGV_PSH_II.jpg","datePublished":"2022-12-27T14:52:10+00:00","breadcrumb":{"@id":"https:\/\/www.ohis.be\/de\/produit\/egv-psh-ii-elektro-geh-gabelhochhubwagen\/#breadcrumb"},"inLanguage":"de","potentialAction":[{"@type":"ReadAction","target":["https:\/\/www.ohis.be\/de\/produit\/egv-psh-ii-elektro-geh-gabelhochhubwagen\/"]}]},{"@type":"ImageObject","inLanguage":"de","@id":"https:\/\/www.ohis.be\/de\/produit\/egv-psh-ii-elektro-geh-gabelhochhubwagen\/#primaryimage","url":"https:\/\/www.ohis.be\/wp-content\/uploads\/2022\/12\/EGV_PSH_II.jpg","contentUrl":"https:\/\/www.ohis.be\/wp-content\/uploads\/2022\/12\/EGV_PSH_II.jpg","width":722,"height":1073},{"@type":"BreadcrumbList","@id":"https:\/\/www.ohis.be\/de\/produit\/egv-psh-ii-elektro-geh-gabelhochhubwagen\/#breadcrumb","itemListElement":[{"@type":"ListItem","position":1,"name":"Accueil","item":"https:\/\/www.ohis.be\/de\/"},{"@type":"ListItem","position":2,"name":"Produkte","item":"https:\/\/www.ohis.be\/de\/produkte\/"},{"@type":"ListItem","position":3,"name":"EGV PSH II Elektro-Geh-Gabelhochhubwagen"}]},{"@type":"WebSite","@id":"https:\/\/www.ohis.be\/#website","url":"https:\/\/www.ohis.be\/","name":"Ohis","description":"Outils de levage","publisher":{"@id":"https:\/\/www.ohis.be\/#organization"},"potentialAction":[{"@type":"SearchAction","target":{"@type":"EntryPoint","urlTemplate":"https:\/\/www.ohis.be\/?s={search_term_string}"},"query-input":{"@type":"PropertyValueSpecification","valueRequired":true,"valueName":"search_term_string"}}],"inLanguage":"de"},{"@type":"Organization","@id":"https:\/\/www.ohis.be\/#organization","name":"Ohis","url":"https:\/\/www.ohis.be\/","logo":{"@type":"ImageObject","inLanguage":"de","@id":"https:\/\/www.ohis.be\/#\/schema\/logo\/image\/","url":"https:\/\/www.ohis.be\/wp-content\/uploads\/2021\/02\/logo-ohis-wit.svg","contentUrl":"https:\/\/www.ohis.be\/wp-content\/uploads\/2021\/02\/logo-ohis-wit.svg","caption":"Ohis"},"image":{"@id":"https:\/\/www.ohis.be\/#\/schema\/logo\/image\/"}}]}},"_links":{"self":[{"href":"https:\/\/www.ohis.be\/de\/wp-json\/wp\/v2\/product\/25828","targetHints":{"allow":["GET"]}}],"collection":[{"href":"https:\/\/www.ohis.be\/de\/wp-json\/wp\/v2\/product"}],"about":[{"href":"https:\/\/www.ohis.be\/de\/wp-json\/wp\/v2\/types\/product"}],"wp:featuredmedia":[{"embeddable":true,"href":"https:\/\/www.ohis.be\/de\/wp-json\/wp\/v2\/media\/21807"}],"wp:attachment":[{"href":"https:\/\/www.ohis.be\/de\/wp-json\/wp\/v2\/media?parent=25828"}],"wp:term":[{"taxonomy":"product_brand","embeddable":true,"href":"https:\/\/www.ohis.be\/de\/wp-json\/wp\/v2\/product_brand?post=25828"},{"taxonomy":"product_cat","embeddable":true,"href":"https:\/\/www.ohis.be\/de\/wp-json\/wp\/v2\/product_cat?post=25828"},{"taxonomy":"product_tag","embeddable":true,"href":"https:\/\/www.ohis.be\/de\/wp-json\/wp\/v2\/product_tag?post=25828"}],"curies":[{"name":"wp","href":"https:\/\/api.w.org\/{rel}","templated":true}]}}