{"id":25808,"date":"2022-12-28T08:04:36","date_gmt":"2022-12-28T07:04:36","guid":{"rendered":"https:\/\/www.ohis.be\/produit\/hx-plattformwagen-verfahrbar-mit-einfachschere\/"},"modified":"2022-12-28T08:04:36","modified_gmt":"2022-12-28T07:04:36","slug":"hx-plattformwagen-verfahrbar-mit-einfachschere","status":"publish","type":"product","link":"https:\/\/www.ohis.be\/de\/produit\/hx-plattformwagen-verfahrbar-mit-einfachschere\/","title":{"rendered":"HX Plattformwagen, verfahrbar mit Einfachschere"},"content":{"rendered":"<p>Tragf\u00e4higkeit 150 &#8211; 750 kg,<br \/>\nPlattformh\u00f6he max. 1.000 mm<br \/>\nZum ortsunabh\u00e4ngigen Heben und Zuf\u00fchren von Lasten im innerbetrieblichen Bereich.<\/p>\n<p>Ausstattung und Verarbeitung<br \/>\n\u2022 Hydraulisches Heben der Last mit Fu\u00dfpedal.<br \/>\n\u2022 Feinf\u00fchliges Absenken der Last durch dosierbare Senkgeschwindigkeit.<br \/>\n\u2022 Einfaches Verschieben des Ger\u00e4tes mit ergonomischem Schiebegriff, Schiebegriff bei HX 150 klappbar.<br \/>\n\u2022 Arretierung des Ger\u00e4tes durch Feststellvorrichtung an der Lenkrolle.<br \/>\n\u2022 Robuste Konstruktion mit hartverchromter Kolbenstange und \u00dcberlastsicherung.<\/p>\n","protected":false},"excerpt":{"rendered":"<p>Tragf\u00e4higkeit 150 &#8211; 750 kg,<br \/>\nPlattformh\u00f6he max. 1.000 mm<br \/>\nZum ortsunabh\u00e4ngigen Heben und Zuf\u00fchren von Lasten im innerbetrieblichen Bereich.<\/p>\n<p>Ausstattung und Verarbeitung<br \/>\n\u2022 Hydraulisches Heben der Last mit Fu\u00dfpedal.<br \/>\n\u2022 Feinf\u00fchliges Absenken der Last durch dosierbare Senkgeschwindigkeit.<br \/>\n\u2022 Einfaches Verschieben des Ger\u00e4tes mit ergonomischem Schiebegriff, Schiebegriff bei HX 150 klappbar.<br \/>\n\u2022 Arretierung des Ger\u00e4tes durch Feststellvorrichtung an der Lenkrolle.<br \/>\n\u2022 Robuste Konstruktion mit hartverchromter Kolbenstange und \u00dcberlastsicherung.<\/p>\n","protected":false},"featured_media":21946,"template":"","meta":{"_acf_changed":false,"inline_featured_image":false},"product_brand":[],"product_cat":[1633],"product_tag":[1673],"class_list":{"0":"post-25808","1":"product","2":"type-product","3":"status-publish","4":"has-post-thumbnail","6":"product_cat-gabelhubwagen","7":"product_tag-pfaff-de","9":"first","10":"onbackorder","11":"taxable","12":"shipping-taxable","13":"purchasable","14":"product-type-variable"},"acf":[],"yoast_head":"<!-- This site is optimized with the Yoast SEO plugin v27.4 - https:\/\/yoast.com\/product\/yoast-seo-wordpress\/ -->\n<title>HX Plattformwagen, verfahrbar mit Einfachschere - Ohis<\/title>\n<meta name=\"robots\" content=\"index, follow, max-snippet:-1, max-image-preview:large, max-video-preview:-1\" \/>\n<link rel=\"canonical\" href=\"https:\/\/www.ohis.be\/de\/produit\/hx-plattformwagen-verfahrbar-mit-einfachschere\/\" \/>\n<meta property=\"og:locale\" content=\"de_DE\" \/>\n<meta property=\"og:type\" content=\"article\" \/>\n<meta property=\"og:title\" content=\"HX Plattformwagen, verfahrbar mit Einfachschere - Ohis\" \/>\n<meta property=\"og:description\" content=\"Tragf\u00e4higkeit 150 - 750 kg, Plattformh\u00f6he max. 1.000 mm Zum ortsunabh\u00e4ngigen Heben und Zuf\u00fchren von Lasten im innerbetrieblichen Bereich.  Ausstattung und Verarbeitung \u2022 Hydraulisches Heben der Last mit Fu\u00dfpedal. \u2022 Feinf\u00fchliges Absenken der Last durch dosierbare Senkgeschwindigkeit. \u2022 Einfaches Verschieben des Ger\u00e4tes mit ergonomischem Schiebegriff, Schiebegriff bei HX 150 klappbar. \u2022 Arretierung des Ger\u00e4tes durch Feststellvorrichtung an der Lenkrolle. \u2022 Robuste Konstruktion mit hartverchromter Kolbenstange und \u00dcberlastsicherung.\" \/>\n<meta property=\"og:url\" content=\"https:\/\/www.ohis.be\/de\/produit\/hx-plattformwagen-verfahrbar-mit-einfachschere\/\" \/>\n<meta property=\"og:site_name\" content=\"Ohis\" \/>\n<meta property=\"og:image\" content=\"https:\/\/www.ohis.be\/wp-content\/uploads\/2022\/12\/hx_150.jpg\" \/>\n\t<meta property=\"og:image:width\" content=\"381\" \/>\n\t<meta property=\"og:image:height\" content=\"414\" \/>\n\t<meta property=\"og:image:type\" content=\"image\/jpeg\" \/>\n<meta name=\"twitter:card\" content=\"summary_large_image\" \/>\n<script type=\"application\/ld+json\" class=\"yoast-schema-graph\">{\"@context\":\"https:\\\/\\\/schema.org\",\"@graph\":[{\"@type\":\"WebPage\",\"@id\":\"https:\\\/\\\/www.ohis.be\\\/de\\\/produit\\\/hx-plattformwagen-verfahrbar-mit-einfachschere\\\/\",\"url\":\"https:\\\/\\\/www.ohis.be\\\/de\\\/produit\\\/hx-plattformwagen-verfahrbar-mit-einfachschere\\\/\",\"name\":\"HX Plattformwagen, verfahrbar mit Einfachschere - Ohis\",\"isPartOf\":{\"@id\":\"https:\\\/\\\/www.ohis.be\\\/#website\"},\"primaryImageOfPage\":{\"@id\":\"https:\\\/\\\/www.ohis.be\\\/de\\\/produit\\\/hx-plattformwagen-verfahrbar-mit-einfachschere\\\/#primaryimage\"},\"image\":{\"@id\":\"https:\\\/\\\/www.ohis.be\\\/de\\\/produit\\\/hx-plattformwagen-verfahrbar-mit-einfachschere\\\/#primaryimage\"},\"thumbnailUrl\":\"https:\\\/\\\/www.ohis.be\\\/wp-content\\\/uploads\\\/2022\\\/12\\\/hx_150.jpg\",\"datePublished\":\"2022-12-28T07:04:36+00:00\",\"breadcrumb\":{\"@id\":\"https:\\\/\\\/www.ohis.be\\\/de\\\/produit\\\/hx-plattformwagen-verfahrbar-mit-einfachschere\\\/#breadcrumb\"},\"inLanguage\":\"de\",\"potentialAction\":[{\"@type\":\"ReadAction\",\"target\":[\"https:\\\/\\\/www.ohis.be\\\/de\\\/produit\\\/hx-plattformwagen-verfahrbar-mit-einfachschere\\\/\"]}]},{\"@type\":\"ImageObject\",\"inLanguage\":\"de\",\"@id\":\"https:\\\/\\\/www.ohis.be\\\/de\\\/produit\\\/hx-plattformwagen-verfahrbar-mit-einfachschere\\\/#primaryimage\",\"url\":\"https:\\\/\\\/www.ohis.be\\\/wp-content\\\/uploads\\\/2022\\\/12\\\/hx_150.jpg\",\"contentUrl\":\"https:\\\/\\\/www.ohis.be\\\/wp-content\\\/uploads\\\/2022\\\/12\\\/hx_150.jpg\",\"width\":381,\"height\":414},{\"@type\":\"BreadcrumbList\",\"@id\":\"https:\\\/\\\/www.ohis.be\\\/de\\\/produit\\\/hx-plattformwagen-verfahrbar-mit-einfachschere\\\/#breadcrumb\",\"itemListElement\":[{\"@type\":\"ListItem\",\"position\":1,\"name\":\"Accueil\",\"item\":\"https:\\\/\\\/www.ohis.be\\\/de\\\/\"},{\"@type\":\"ListItem\",\"position\":2,\"name\":\"Produkte\",\"item\":\"https:\\\/\\\/www.ohis.be\\\/de\\\/produkte\\\/\"},{\"@type\":\"ListItem\",\"position\":3,\"name\":\"HX Plattformwagen, verfahrbar mit Einfachschere\"}]},{\"@type\":\"WebSite\",\"@id\":\"https:\\\/\\\/www.ohis.be\\\/#website\",\"url\":\"https:\\\/\\\/www.ohis.be\\\/\",\"name\":\"Ohis\",\"description\":\"Outils de levage\",\"publisher\":{\"@id\":\"https:\\\/\\\/www.ohis.be\\\/#organization\"},\"potentialAction\":[{\"@type\":\"SearchAction\",\"target\":{\"@type\":\"EntryPoint\",\"urlTemplate\":\"https:\\\/\\\/www.ohis.be\\\/?s={search_term_string}\"},\"query-input\":{\"@type\":\"PropertyValueSpecification\",\"valueRequired\":true,\"valueName\":\"search_term_string\"}}],\"inLanguage\":\"de\"},{\"@type\":\"Organization\",\"@id\":\"https:\\\/\\\/www.ohis.be\\\/#organization\",\"name\":\"Ohis\",\"url\":\"https:\\\/\\\/www.ohis.be\\\/\",\"logo\":{\"@type\":\"ImageObject\",\"inLanguage\":\"de\",\"@id\":\"https:\\\/\\\/www.ohis.be\\\/#\\\/schema\\\/logo\\\/image\\\/\",\"url\":\"https:\\\/\\\/www.ohis.be\\\/wp-content\\\/uploads\\\/2021\\\/02\\\/logo-ohis-wit.svg\",\"contentUrl\":\"https:\\\/\\\/www.ohis.be\\\/wp-content\\\/uploads\\\/2021\\\/02\\\/logo-ohis-wit.svg\",\"caption\":\"Ohis\"},\"image\":{\"@id\":\"https:\\\/\\\/www.ohis.be\\\/#\\\/schema\\\/logo\\\/image\\\/\"}}]}<\/script>\n<!-- \/ Yoast SEO plugin. -->","yoast_head_json":{"title":"HX Plattformwagen, verfahrbar mit Einfachschere - Ohis","robots":{"index":"index","follow":"follow","max-snippet":"max-snippet:-1","max-image-preview":"max-image-preview:large","max-video-preview":"max-video-preview:-1"},"canonical":"https:\/\/www.ohis.be\/de\/produit\/hx-plattformwagen-verfahrbar-mit-einfachschere\/","og_locale":"de_DE","og_type":"article","og_title":"HX Plattformwagen, verfahrbar mit Einfachschere - Ohis","og_description":"Tragf\u00e4higkeit 150 - 750 kg, Plattformh\u00f6he max. 1.000 mm Zum ortsunabh\u00e4ngigen Heben und Zuf\u00fchren von Lasten im innerbetrieblichen Bereich.  Ausstattung und Verarbeitung \u2022 Hydraulisches Heben der Last mit Fu\u00dfpedal. \u2022 Feinf\u00fchliges Absenken der Last durch dosierbare Senkgeschwindigkeit. \u2022 Einfaches Verschieben des Ger\u00e4tes mit ergonomischem Schiebegriff, Schiebegriff bei HX 150 klappbar. \u2022 Arretierung des Ger\u00e4tes durch Feststellvorrichtung an der Lenkrolle. \u2022 Robuste Konstruktion mit hartverchromter Kolbenstange und \u00dcberlastsicherung.","og_url":"https:\/\/www.ohis.be\/de\/produit\/hx-plattformwagen-verfahrbar-mit-einfachschere\/","og_site_name":"Ohis","og_image":[{"width":381,"height":414,"url":"https:\/\/www.ohis.be\/wp-content\/uploads\/2022\/12\/hx_150.jpg","type":"image\/jpeg"}],"twitter_card":"summary_large_image","schema":{"@context":"https:\/\/schema.org","@graph":[{"@type":"WebPage","@id":"https:\/\/www.ohis.be\/de\/produit\/hx-plattformwagen-verfahrbar-mit-einfachschere\/","url":"https:\/\/www.ohis.be\/de\/produit\/hx-plattformwagen-verfahrbar-mit-einfachschere\/","name":"HX Plattformwagen, verfahrbar mit Einfachschere - Ohis","isPartOf":{"@id":"https:\/\/www.ohis.be\/#website"},"primaryImageOfPage":{"@id":"https:\/\/www.ohis.be\/de\/produit\/hx-plattformwagen-verfahrbar-mit-einfachschere\/#primaryimage"},"image":{"@id":"https:\/\/www.ohis.be\/de\/produit\/hx-plattformwagen-verfahrbar-mit-einfachschere\/#primaryimage"},"thumbnailUrl":"https:\/\/www.ohis.be\/wp-content\/uploads\/2022\/12\/hx_150.jpg","datePublished":"2022-12-28T07:04:36+00:00","breadcrumb":{"@id":"https:\/\/www.ohis.be\/de\/produit\/hx-plattformwagen-verfahrbar-mit-einfachschere\/#breadcrumb"},"inLanguage":"de","potentialAction":[{"@type":"ReadAction","target":["https:\/\/www.ohis.be\/de\/produit\/hx-plattformwagen-verfahrbar-mit-einfachschere\/"]}]},{"@type":"ImageObject","inLanguage":"de","@id":"https:\/\/www.ohis.be\/de\/produit\/hx-plattformwagen-verfahrbar-mit-einfachschere\/#primaryimage","url":"https:\/\/www.ohis.be\/wp-content\/uploads\/2022\/12\/hx_150.jpg","contentUrl":"https:\/\/www.ohis.be\/wp-content\/uploads\/2022\/12\/hx_150.jpg","width":381,"height":414},{"@type":"BreadcrumbList","@id":"https:\/\/www.ohis.be\/de\/produit\/hx-plattformwagen-verfahrbar-mit-einfachschere\/#breadcrumb","itemListElement":[{"@type":"ListItem","position":1,"name":"Accueil","item":"https:\/\/www.ohis.be\/de\/"},{"@type":"ListItem","position":2,"name":"Produkte","item":"https:\/\/www.ohis.be\/de\/produkte\/"},{"@type":"ListItem","position":3,"name":"HX Plattformwagen, verfahrbar mit Einfachschere"}]},{"@type":"WebSite","@id":"https:\/\/www.ohis.be\/#website","url":"https:\/\/www.ohis.be\/","name":"Ohis","description":"Outils de levage","publisher":{"@id":"https:\/\/www.ohis.be\/#organization"},"potentialAction":[{"@type":"SearchAction","target":{"@type":"EntryPoint","urlTemplate":"https:\/\/www.ohis.be\/?s={search_term_string}"},"query-input":{"@type":"PropertyValueSpecification","valueRequired":true,"valueName":"search_term_string"}}],"inLanguage":"de"},{"@type":"Organization","@id":"https:\/\/www.ohis.be\/#organization","name":"Ohis","url":"https:\/\/www.ohis.be\/","logo":{"@type":"ImageObject","inLanguage":"de","@id":"https:\/\/www.ohis.be\/#\/schema\/logo\/image\/","url":"https:\/\/www.ohis.be\/wp-content\/uploads\/2021\/02\/logo-ohis-wit.svg","contentUrl":"https:\/\/www.ohis.be\/wp-content\/uploads\/2021\/02\/logo-ohis-wit.svg","caption":"Ohis"},"image":{"@id":"https:\/\/www.ohis.be\/#\/schema\/logo\/image\/"}}]}},"_links":{"self":[{"href":"https:\/\/www.ohis.be\/de\/wp-json\/wp\/v2\/product\/25808","targetHints":{"allow":["GET"]}}],"collection":[{"href":"https:\/\/www.ohis.be\/de\/wp-json\/wp\/v2\/product"}],"about":[{"href":"https:\/\/www.ohis.be\/de\/wp-json\/wp\/v2\/types\/product"}],"wp:featuredmedia":[{"embeddable":true,"href":"https:\/\/www.ohis.be\/de\/wp-json\/wp\/v2\/media\/21946"}],"wp:attachment":[{"href":"https:\/\/www.ohis.be\/de\/wp-json\/wp\/v2\/media?parent=25808"}],"wp:term":[{"taxonomy":"product_brand","embeddable":true,"href":"https:\/\/www.ohis.be\/de\/wp-json\/wp\/v2\/product_brand?post=25808"},{"taxonomy":"product_cat","embeddable":true,"href":"https:\/\/www.ohis.be\/de\/wp-json\/wp\/v2\/product_cat?post=25808"},{"taxonomy":"product_tag","embeddable":true,"href":"https:\/\/www.ohis.be\/de\/wp-json\/wp\/v2\/product_tag?post=25808"}],"curies":[{"name":"wp","href":"https:\/\/api.w.org\/{rel}","templated":true}]}}