{"id":25802,"date":"2022-12-28T08:26:24","date_gmt":"2022-12-28T07:26:24","guid":{"rendered":"https:\/\/www.ohis.be\/produit\/hx-d-0350-plattformwagen-verfahrbar-mit-doppelschere\/"},"modified":"2022-12-28T08:26:24","modified_gmt":"2022-12-28T07:26:24","slug":"hx-d-0350-plattformwagen-verfahrbar-mit-doppelschere","status":"publish","type":"product","link":"https:\/\/www.ohis.be\/de\/produit\/hx-d-0350-plattformwagen-verfahrbar-mit-doppelschere\/","title":{"rendered":"HX D 0350 Plattformwagen, verfahrbar mit Doppelschere"},"content":{"rendered":"<p>Tragf\u00e4higkeit 350 kg,<br \/>\nPlattformh\u00f6he max. 1.300 mm<br \/>\nF\u00fcr das ortsunabh\u00e4ngige Heben und Zuf\u00fchren von Lasten im innerbetrieblichen Bereich bei leichter bis mittlerer Auslastung.<\/p>\n<p>Ausstattung und Verarbeitung<br \/>\n\u2022 Hydraulisches Heben der Last mit Fu\u00dfpedal.<br \/>\n\u2022 Feinf\u00fchliges Absenken der Last durch dosierbare Senkgeschwindigkeit.<br \/>\n\u2022 Einfaches Verschieben des Ger\u00e4tes mit ergonomischem Schiebegriff.<br \/>\n\u2022 Arretierung des Ger\u00e4tes durch Feststellvorrichtung an der Lenkrolle.<br \/>\n\u2022 Robuste Konstruktion mit hartverchromter Kolbenstange und \u00dcberlastsicherung.<br \/>\n\u2022 Entspricht DIN EN 1570-1, DIN EN ISO 3691-5.<\/p>\n","protected":false},"excerpt":{"rendered":"<p>Tragf\u00e4higkeit 350 kg,<br \/>\nPlattformh\u00f6he max. 1.300 mm<br \/>\nF\u00fcr das ortsunabh\u00e4ngige Heben und Zuf\u00fchren von Lasten im innerbetrieblichen Bereich bei leichter bis mittlerer Auslastung.<\/p>\n<p>Ausstattung und Verarbeitung<br \/>\n\u2022 Hydraulisches Heben der Last mit Fu\u00dfpedal.<br \/>\n\u2022 Feinf\u00fchliges Absenken der Last durch dosierbare Senkgeschwindigkeit.<br \/>\n\u2022 Einfaches Verschieben des Ger\u00e4tes mit ergonomischem Schiebegriff.<br \/>\n\u2022 Arretierung des Ger\u00e4tes durch Feststellvorrichtung an der Lenkrolle.<br \/>\n\u2022 Robuste Konstruktion mit hartverchromter Kolbenstange und \u00dcberlastsicherung.<br \/>\n\u2022 Entspricht DIN EN 1570-1, DIN EN ISO 3691-5.<\/p>\n","protected":false},"featured_media":21999,"template":"","meta":{"_acf_changed":false,"inline_featured_image":false},"product_brand":[],"product_cat":[1627],"product_tag":[1673],"class_list":{"0":"post-25802","1":"product","2":"type-product","3":"status-publish","4":"has-post-thumbnail","6":"product_cat-boden-handling","7":"product_tag-pfaff-de","8":"product_shipping_class-5-de","9":"yith_product_brand-pfaff-silberblau-de","11":"first","12":"onbackorder","13":"taxable","14":"shipping-taxable","15":"purchasable","16":"product-type-simple"},"acf":[],"yoast_head":"<!-- This site is optimized with the Yoast SEO plugin v27.5 - https:\/\/yoast.com\/product\/yoast-seo-wordpress\/ -->\n<title>HX D 0350 Plattformwagen, verfahrbar mit Doppelschere - Ohis<\/title>\n<meta name=\"robots\" content=\"index, follow, max-snippet:-1, max-image-preview:large, max-video-preview:-1\" \/>\n<link rel=\"canonical\" href=\"https:\/\/www.ohis.be\/de\/produit\/hx-d-0350-plattformwagen-verfahrbar-mit-doppelschere\/\" \/>\n<meta property=\"og:locale\" content=\"de_DE\" \/>\n<meta property=\"og:type\" content=\"article\" \/>\n<meta property=\"og:title\" content=\"HX D 0350 Plattformwagen, verfahrbar mit Doppelschere - Ohis\" \/>\n<meta property=\"og:description\" content=\"Tragf\u00e4higkeit 350 kg, Plattformh\u00f6he max. 1.300 mm F\u00fcr das ortsunabh\u00e4ngige Heben und Zuf\u00fchren von Lasten im innerbetrieblichen Bereich bei leichter bis mittlerer Auslastung.  Ausstattung und Verarbeitung \u2022 Hydraulisches Heben der Last mit Fu\u00dfpedal. \u2022 Feinf\u00fchliges Absenken der Last durch dosierbare Senkgeschwindigkeit. \u2022 Einfaches Verschieben des Ger\u00e4tes mit ergonomischem Schiebegriff. \u2022 Arretierung des Ger\u00e4tes durch Feststellvorrichtung an der Lenkrolle. \u2022 Robuste Konstruktion mit hartverchromter Kolbenstange und \u00dcberlastsicherung. \u2022 Entspricht DIN EN 1570-1, DIN EN ISO 3691-5.\" \/>\n<meta property=\"og:url\" content=\"https:\/\/www.ohis.be\/de\/produit\/hx-d-0350-plattformwagen-verfahrbar-mit-doppelschere\/\" \/>\n<meta property=\"og:site_name\" content=\"Ohis\" \/>\n<meta property=\"og:image\" content=\"https:\/\/www.ohis.be\/wp-content\/uploads\/2022\/12\/hx_d.jpg\" \/>\n\t<meta property=\"og:image:width\" content=\"468\" \/>\n\t<meta property=\"og:image:height\" content=\"738\" \/>\n\t<meta property=\"og:image:type\" content=\"image\/jpeg\" \/>\n<meta name=\"twitter:card\" content=\"summary_large_image\" \/>\n<script type=\"application\/ld+json\" class=\"yoast-schema-graph\">{\"@context\":\"https:\\\/\\\/schema.org\",\"@graph\":[{\"@type\":\"WebPage\",\"@id\":\"https:\\\/\\\/www.ohis.be\\\/de\\\/produit\\\/hx-d-0350-plattformwagen-verfahrbar-mit-doppelschere\\\/\",\"url\":\"https:\\\/\\\/www.ohis.be\\\/de\\\/produit\\\/hx-d-0350-plattformwagen-verfahrbar-mit-doppelschere\\\/\",\"name\":\"HX D 0350 Plattformwagen, verfahrbar mit Doppelschere - Ohis\",\"isPartOf\":{\"@id\":\"https:\\\/\\\/www.ohis.be\\\/#website\"},\"primaryImageOfPage\":{\"@id\":\"https:\\\/\\\/www.ohis.be\\\/de\\\/produit\\\/hx-d-0350-plattformwagen-verfahrbar-mit-doppelschere\\\/#primaryimage\"},\"image\":{\"@id\":\"https:\\\/\\\/www.ohis.be\\\/de\\\/produit\\\/hx-d-0350-plattformwagen-verfahrbar-mit-doppelschere\\\/#primaryimage\"},\"thumbnailUrl\":\"https:\\\/\\\/www.ohis.be\\\/wp-content\\\/uploads\\\/2022\\\/12\\\/hx_d.jpg\",\"datePublished\":\"2022-12-28T07:26:24+00:00\",\"breadcrumb\":{\"@id\":\"https:\\\/\\\/www.ohis.be\\\/de\\\/produit\\\/hx-d-0350-plattformwagen-verfahrbar-mit-doppelschere\\\/#breadcrumb\"},\"inLanguage\":\"de\",\"potentialAction\":[{\"@type\":\"ReadAction\",\"target\":[\"https:\\\/\\\/www.ohis.be\\\/de\\\/produit\\\/hx-d-0350-plattformwagen-verfahrbar-mit-doppelschere\\\/\"]}]},{\"@type\":\"ImageObject\",\"inLanguage\":\"de\",\"@id\":\"https:\\\/\\\/www.ohis.be\\\/de\\\/produit\\\/hx-d-0350-plattformwagen-verfahrbar-mit-doppelschere\\\/#primaryimage\",\"url\":\"https:\\\/\\\/www.ohis.be\\\/wp-content\\\/uploads\\\/2022\\\/12\\\/hx_d.jpg\",\"contentUrl\":\"https:\\\/\\\/www.ohis.be\\\/wp-content\\\/uploads\\\/2022\\\/12\\\/hx_d.jpg\",\"width\":468,\"height\":738},{\"@type\":\"BreadcrumbList\",\"@id\":\"https:\\\/\\\/www.ohis.be\\\/de\\\/produit\\\/hx-d-0350-plattformwagen-verfahrbar-mit-doppelschere\\\/#breadcrumb\",\"itemListElement\":[{\"@type\":\"ListItem\",\"position\":1,\"name\":\"Accueil\",\"item\":\"https:\\\/\\\/www.ohis.be\\\/de\\\/\"},{\"@type\":\"ListItem\",\"position\":2,\"name\":\"Produkte\",\"item\":\"https:\\\/\\\/www.ohis.be\\\/de\\\/produkte\\\/\"},{\"@type\":\"ListItem\",\"position\":3,\"name\":\"HX D 0350 Plattformwagen, verfahrbar mit Doppelschere\"}]},{\"@type\":\"WebSite\",\"@id\":\"https:\\\/\\\/www.ohis.be\\\/#website\",\"url\":\"https:\\\/\\\/www.ohis.be\\\/\",\"name\":\"Ohis\",\"description\":\"Outils de levage\",\"publisher\":{\"@id\":\"https:\\\/\\\/www.ohis.be\\\/#organization\"},\"potentialAction\":[{\"@type\":\"SearchAction\",\"target\":{\"@type\":\"EntryPoint\",\"urlTemplate\":\"https:\\\/\\\/www.ohis.be\\\/?s={search_term_string}\"},\"query-input\":{\"@type\":\"PropertyValueSpecification\",\"valueRequired\":true,\"valueName\":\"search_term_string\"}}],\"inLanguage\":\"de\"},{\"@type\":\"Organization\",\"@id\":\"https:\\\/\\\/www.ohis.be\\\/#organization\",\"name\":\"Ohis\",\"url\":\"https:\\\/\\\/www.ohis.be\\\/\",\"logo\":{\"@type\":\"ImageObject\",\"inLanguage\":\"de\",\"@id\":\"https:\\\/\\\/www.ohis.be\\\/#\\\/schema\\\/logo\\\/image\\\/\",\"url\":\"https:\\\/\\\/www.ohis.be\\\/wp-content\\\/uploads\\\/2021\\\/02\\\/logo-ohis-wit.svg\",\"contentUrl\":\"https:\\\/\\\/www.ohis.be\\\/wp-content\\\/uploads\\\/2021\\\/02\\\/logo-ohis-wit.svg\",\"caption\":\"Ohis\"},\"image\":{\"@id\":\"https:\\\/\\\/www.ohis.be\\\/#\\\/schema\\\/logo\\\/image\\\/\"}}]}<\/script>\n<!-- \/ Yoast SEO plugin. -->","yoast_head_json":{"title":"HX D 0350 Plattformwagen, verfahrbar mit Doppelschere - Ohis","robots":{"index":"index","follow":"follow","max-snippet":"max-snippet:-1","max-image-preview":"max-image-preview:large","max-video-preview":"max-video-preview:-1"},"canonical":"https:\/\/www.ohis.be\/de\/produit\/hx-d-0350-plattformwagen-verfahrbar-mit-doppelschere\/","og_locale":"de_DE","og_type":"article","og_title":"HX D 0350 Plattformwagen, verfahrbar mit Doppelschere - Ohis","og_description":"Tragf\u00e4higkeit 350 kg, Plattformh\u00f6he max. 1.300 mm F\u00fcr das ortsunabh\u00e4ngige Heben und Zuf\u00fchren von Lasten im innerbetrieblichen Bereich bei leichter bis mittlerer Auslastung.  Ausstattung und Verarbeitung \u2022 Hydraulisches Heben der Last mit Fu\u00dfpedal. \u2022 Feinf\u00fchliges Absenken der Last durch dosierbare Senkgeschwindigkeit. \u2022 Einfaches Verschieben des Ger\u00e4tes mit ergonomischem Schiebegriff. \u2022 Arretierung des Ger\u00e4tes durch Feststellvorrichtung an der Lenkrolle. \u2022 Robuste Konstruktion mit hartverchromter Kolbenstange und \u00dcberlastsicherung. \u2022 Entspricht DIN EN 1570-1, DIN EN ISO 3691-5.","og_url":"https:\/\/www.ohis.be\/de\/produit\/hx-d-0350-plattformwagen-verfahrbar-mit-doppelschere\/","og_site_name":"Ohis","og_image":[{"width":468,"height":738,"url":"https:\/\/www.ohis.be\/wp-content\/uploads\/2022\/12\/hx_d.jpg","type":"image\/jpeg"}],"twitter_card":"summary_large_image","schema":{"@context":"https:\/\/schema.org","@graph":[{"@type":"WebPage","@id":"https:\/\/www.ohis.be\/de\/produit\/hx-d-0350-plattformwagen-verfahrbar-mit-doppelschere\/","url":"https:\/\/www.ohis.be\/de\/produit\/hx-d-0350-plattformwagen-verfahrbar-mit-doppelschere\/","name":"HX D 0350 Plattformwagen, verfahrbar mit Doppelschere - Ohis","isPartOf":{"@id":"https:\/\/www.ohis.be\/#website"},"primaryImageOfPage":{"@id":"https:\/\/www.ohis.be\/de\/produit\/hx-d-0350-plattformwagen-verfahrbar-mit-doppelschere\/#primaryimage"},"image":{"@id":"https:\/\/www.ohis.be\/de\/produit\/hx-d-0350-plattformwagen-verfahrbar-mit-doppelschere\/#primaryimage"},"thumbnailUrl":"https:\/\/www.ohis.be\/wp-content\/uploads\/2022\/12\/hx_d.jpg","datePublished":"2022-12-28T07:26:24+00:00","breadcrumb":{"@id":"https:\/\/www.ohis.be\/de\/produit\/hx-d-0350-plattformwagen-verfahrbar-mit-doppelschere\/#breadcrumb"},"inLanguage":"de","potentialAction":[{"@type":"ReadAction","target":["https:\/\/www.ohis.be\/de\/produit\/hx-d-0350-plattformwagen-verfahrbar-mit-doppelschere\/"]}]},{"@type":"ImageObject","inLanguage":"de","@id":"https:\/\/www.ohis.be\/de\/produit\/hx-d-0350-plattformwagen-verfahrbar-mit-doppelschere\/#primaryimage","url":"https:\/\/www.ohis.be\/wp-content\/uploads\/2022\/12\/hx_d.jpg","contentUrl":"https:\/\/www.ohis.be\/wp-content\/uploads\/2022\/12\/hx_d.jpg","width":468,"height":738},{"@type":"BreadcrumbList","@id":"https:\/\/www.ohis.be\/de\/produit\/hx-d-0350-plattformwagen-verfahrbar-mit-doppelschere\/#breadcrumb","itemListElement":[{"@type":"ListItem","position":1,"name":"Accueil","item":"https:\/\/www.ohis.be\/de\/"},{"@type":"ListItem","position":2,"name":"Produkte","item":"https:\/\/www.ohis.be\/de\/produkte\/"},{"@type":"ListItem","position":3,"name":"HX D 0350 Plattformwagen, verfahrbar mit Doppelschere"}]},{"@type":"WebSite","@id":"https:\/\/www.ohis.be\/#website","url":"https:\/\/www.ohis.be\/","name":"Ohis","description":"Outils de levage","publisher":{"@id":"https:\/\/www.ohis.be\/#organization"},"potentialAction":[{"@type":"SearchAction","target":{"@type":"EntryPoint","urlTemplate":"https:\/\/www.ohis.be\/?s={search_term_string}"},"query-input":{"@type":"PropertyValueSpecification","valueRequired":true,"valueName":"search_term_string"}}],"inLanguage":"de"},{"@type":"Organization","@id":"https:\/\/www.ohis.be\/#organization","name":"Ohis","url":"https:\/\/www.ohis.be\/","logo":{"@type":"ImageObject","inLanguage":"de","@id":"https:\/\/www.ohis.be\/#\/schema\/logo\/image\/","url":"https:\/\/www.ohis.be\/wp-content\/uploads\/2021\/02\/logo-ohis-wit.svg","contentUrl":"https:\/\/www.ohis.be\/wp-content\/uploads\/2021\/02\/logo-ohis-wit.svg","caption":"Ohis"},"image":{"@id":"https:\/\/www.ohis.be\/#\/schema\/logo\/image\/"}}]}},"_links":{"self":[{"href":"https:\/\/www.ohis.be\/de\/wp-json\/wp\/v2\/product\/25802","targetHints":{"allow":["GET"]}}],"collection":[{"href":"https:\/\/www.ohis.be\/de\/wp-json\/wp\/v2\/product"}],"about":[{"href":"https:\/\/www.ohis.be\/de\/wp-json\/wp\/v2\/types\/product"}],"wp:featuredmedia":[{"embeddable":true,"href":"https:\/\/www.ohis.be\/de\/wp-json\/wp\/v2\/media\/21999"}],"wp:attachment":[{"href":"https:\/\/www.ohis.be\/de\/wp-json\/wp\/v2\/media?parent=25802"}],"wp:term":[{"taxonomy":"product_brand","embeddable":true,"href":"https:\/\/www.ohis.be\/de\/wp-json\/wp\/v2\/product_brand?post=25802"},{"taxonomy":"product_cat","embeddable":true,"href":"https:\/\/www.ohis.be\/de\/wp-json\/wp\/v2\/product_cat?post=25802"},{"taxonomy":"product_tag","embeddable":true,"href":"https:\/\/www.ohis.be\/de\/wp-json\/wp\/v2\/product_tag?post=25802"}],"curies":[{"name":"wp","href":"https:\/\/api.w.org\/{rel}","templated":true}]}}