{"id":25789,"date":"2022-12-28T08:53:30","date_gmt":"2022-12-28T07:53:30","guid":{"rendered":"https:\/\/www.ohis.be\/produit\/hf-sm-hf-se-plattformwagen-verfahrbar-mit-doppel-vertikalschere\/"},"modified":"2022-12-28T08:53:30","modified_gmt":"2022-12-28T07:53:30","slug":"hf-sm-hf-se-plattformwagen-verfahrbar-mit-doppel-vertikalschere","status":"publish","type":"product","link":"https:\/\/www.ohis.be\/de\/produit\/hf-sm-hf-se-plattformwagen-verfahrbar-mit-doppel-vertikalschere\/","title":{"rendered":"HF-SM \/ HF-SE Plattformwagen, verfahrbar mit Doppel-Vertikalschere"},"content":{"rendered":"<p>HF\u2026SM Plattformwagen, verfahrbar mit Einfachschere und- manueller Hydraulik<br \/>\nTragf\u00e4higkeit 150 &#8211; 1.250 kg,<br \/>\nPlattformh\u00f6he max. 1.050 mm<\/p>\n<p>HF\u2026SE &#8211; Elektrohydraulikaggregat<br \/>\nTragf\u00e4higkeit 300 &#8211; 1.250 kg,<br \/>\nPlattformh\u00f6he max. 1.050 mm<br \/>\nEin Hubtisch f\u00fcr das ortsunabh\u00e4ngige Heben und Zuf\u00fchren von Lasten im innerbetrieblichen Einsatz.<\/p>\n<p>Ausstattung und Verarbeitung<br \/>\n\u2022 Manuelle Hydraulik mit Fu\u00dfhebel oder Elektrohydraulikaggregat mit Totmannschaltung &#8211; ein Netzelektroanschluss ist nicht erforderlich.<br \/>\n\u2022 Hohe Sicherheit durch \u00dcberlastventil und Senkbremsventil.<br \/>\n\u2022 Robuste Single-Scherenkonstruktion, ab 300 kg Vollstahlscheren.<br \/>\n\u2022 Schwenkbare Plattform mit mechanischer Arretierung f\u00fcr sichere Wartungsarbeiten.<br \/>\n\u2022 Kompaktes Fahrwerk mit geringer Bauh\u00f6he.<br \/>\n\u2022 Lenk- und Bockrollen mit wartungsfreien Kugellagern, Feststellbremsen an den Lenkrollen.<br \/>\n\u2022 Entspricht DIN EN 1570-1 und Maschinenrichtlinie 2006\/42\/EG.<\/p>\n","protected":false},"excerpt":{"rendered":"<p>HF\u2026SM Plattformwagen, verfahrbar mit Einfachschere und- manueller Hydraulik<br \/>\nTragf\u00e4higkeit 150 &#8211; 1.250 kg,<br \/>\nPlattformh\u00f6he max. 1.050 mm<\/p>\n<p>HF\u2026SE &#8211; Elektrohydraulikaggregat<br \/>\nTragf\u00e4higkeit 300 &#8211; 1.250 kg,<br \/>\nPlattformh\u00f6he max. 1.050 mm<br \/>\nEin Hubtisch f\u00fcr das ortsunabh\u00e4ngige Heben und Zuf\u00fchren von Lasten im innerbetrieblichen Einsatz.<\/p>\n<p>Ausstattung und Verarbeitung<br \/>\n\u2022 Manuelle Hydraulik mit Fu\u00dfhebel oder Elektrohydraulikaggregat mit Totmannschaltung &#8211; ein Netzelektroanschluss ist nicht erforderlich.<br \/>\n\u2022 Hohe Sicherheit durch \u00dcberlastventil und Senkbremsventil.<br \/>\n\u2022 Robuste Single-Scherenkonstruktion, ab 300 kg Vollstahlscheren.<br \/>\n\u2022 Schwenkbare Plattform mit mechanischer Arretierung f\u00fcr sichere Wartungsarbeiten.<br \/>\n\u2022 Kompaktes Fahrwerk mit geringer Bauh\u00f6he.<br \/>\n\u2022 Lenk- und Bockrollen mit wartungsfreien Kugellagern, Feststellbremsen an den Lenkrollen.<br \/>\n\u2022 Entspricht DIN EN 1570-1 und Maschinenrichtlinie 2006\/42\/EG.<\/p>\n","protected":false},"featured_media":21975,"template":"","meta":{"_acf_changed":false,"inline_featured_image":false},"product_brand":[],"product_cat":[1627],"product_tag":[1673],"class_list":{"0":"post-25789","1":"product","2":"type-product","3":"status-publish","4":"has-post-thumbnail","6":"product_cat-boden-handling","7":"product_tag-pfaff-de","9":"first","10":"onbackorder","11":"taxable","12":"shipping-taxable","13":"purchasable","14":"product-type-variable"},"acf":[],"yoast_head":"<!-- This site is optimized with the Yoast SEO plugin v27.4 - https:\/\/yoast.com\/product\/yoast-seo-wordpress\/ -->\n<title>HF-SM \/ HF-SE Plattformwagen, verfahrbar mit Doppel-Vertikalschere - Ohis<\/title>\n<meta name=\"robots\" content=\"index, follow, max-snippet:-1, max-image-preview:large, max-video-preview:-1\" \/>\n<link rel=\"canonical\" href=\"https:\/\/www.ohis.be\/de\/produit\/hf-sm-hf-se-plattformwagen-verfahrbar-mit-doppel-vertikalschere\/\" \/>\n<meta property=\"og:locale\" content=\"de_DE\" \/>\n<meta property=\"og:type\" content=\"article\" \/>\n<meta property=\"og:title\" content=\"HF-SM \/ HF-SE Plattformwagen, verfahrbar mit Doppel-Vertikalschere - Ohis\" \/>\n<meta property=\"og:description\" content=\"HF\u2026SM Plattformwagen, verfahrbar mit Einfachschere und- manueller Hydraulik Tragf\u00e4higkeit 150 - 1.250 kg, Plattformh\u00f6he max. 1.050 mm  HF\u2026SE - Elektrohydraulikaggregat Tragf\u00e4higkeit 300 - 1.250 kg, Plattformh\u00f6he max. 1.050 mm Ein Hubtisch f\u00fcr das ortsunabh\u00e4ngige Heben und Zuf\u00fchren von Lasten im innerbetrieblichen Einsatz.  Ausstattung und Verarbeitung \u2022 Manuelle Hydraulik mit Fu\u00dfhebel oder Elektrohydraulikaggregat mit Totmannschaltung - ein Netzelektroanschluss ist nicht erforderlich. \u2022 Hohe Sicherheit durch \u00dcberlastventil und Senkbremsventil. \u2022 Robuste Single-Scherenkonstruktion, ab 300 kg Vollstahlscheren. \u2022 Schwenkbare Plattform mit mechanischer Arretierung f\u00fcr sichere Wartungsarbeiten. \u2022 Kompaktes Fahrwerk mit geringer Bauh\u00f6he. \u2022 Lenk- und Bockrollen mit wartungsfreien Kugellagern, Feststellbremsen an den Lenkrollen. \u2022 Entspricht DIN EN 1570-1 und Maschinenrichtlinie 2006\/42\/EG.\" \/>\n<meta property=\"og:url\" content=\"https:\/\/www.ohis.be\/de\/produit\/hf-sm-hf-se-plattformwagen-verfahrbar-mit-doppel-vertikalschere\/\" \/>\n<meta property=\"og:site_name\" content=\"Ohis\" \/>\n<meta property=\"og:image\" content=\"https:\/\/www.ohis.be\/wp-content\/uploads\/2022\/12\/hf_s_pfaff.jpg\" \/>\n\t<meta property=\"og:image:width\" content=\"872\" \/>\n\t<meta property=\"og:image:height\" content=\"889\" \/>\n\t<meta property=\"og:image:type\" content=\"image\/jpeg\" \/>\n<meta name=\"twitter:card\" content=\"summary_large_image\" \/>\n<meta name=\"twitter:label1\" content=\"Gesch\u00e4tzte Lesezeit\" \/>\n\t<meta name=\"twitter:data1\" content=\"1\u00a0Minute\" \/>\n<script type=\"application\/ld+json\" class=\"yoast-schema-graph\">{\"@context\":\"https:\\\/\\\/schema.org\",\"@graph\":[{\"@type\":\"WebPage\",\"@id\":\"https:\\\/\\\/www.ohis.be\\\/de\\\/produit\\\/hf-sm-hf-se-plattformwagen-verfahrbar-mit-doppel-vertikalschere\\\/\",\"url\":\"https:\\\/\\\/www.ohis.be\\\/de\\\/produit\\\/hf-sm-hf-se-plattformwagen-verfahrbar-mit-doppel-vertikalschere\\\/\",\"name\":\"HF-SM \\\/ HF-SE Plattformwagen, verfahrbar mit Doppel-Vertikalschere - Ohis\",\"isPartOf\":{\"@id\":\"https:\\\/\\\/www.ohis.be\\\/#website\"},\"primaryImageOfPage\":{\"@id\":\"https:\\\/\\\/www.ohis.be\\\/de\\\/produit\\\/hf-sm-hf-se-plattformwagen-verfahrbar-mit-doppel-vertikalschere\\\/#primaryimage\"},\"image\":{\"@id\":\"https:\\\/\\\/www.ohis.be\\\/de\\\/produit\\\/hf-sm-hf-se-plattformwagen-verfahrbar-mit-doppel-vertikalschere\\\/#primaryimage\"},\"thumbnailUrl\":\"https:\\\/\\\/www.ohis.be\\\/wp-content\\\/uploads\\\/2022\\\/12\\\/hf_s_pfaff.jpg\",\"datePublished\":\"2022-12-28T07:53:30+00:00\",\"breadcrumb\":{\"@id\":\"https:\\\/\\\/www.ohis.be\\\/de\\\/produit\\\/hf-sm-hf-se-plattformwagen-verfahrbar-mit-doppel-vertikalschere\\\/#breadcrumb\"},\"inLanguage\":\"de\",\"potentialAction\":[{\"@type\":\"ReadAction\",\"target\":[\"https:\\\/\\\/www.ohis.be\\\/de\\\/produit\\\/hf-sm-hf-se-plattformwagen-verfahrbar-mit-doppel-vertikalschere\\\/\"]}]},{\"@type\":\"ImageObject\",\"inLanguage\":\"de\",\"@id\":\"https:\\\/\\\/www.ohis.be\\\/de\\\/produit\\\/hf-sm-hf-se-plattformwagen-verfahrbar-mit-doppel-vertikalschere\\\/#primaryimage\",\"url\":\"https:\\\/\\\/www.ohis.be\\\/wp-content\\\/uploads\\\/2022\\\/12\\\/hf_s_pfaff.jpg\",\"contentUrl\":\"https:\\\/\\\/www.ohis.be\\\/wp-content\\\/uploads\\\/2022\\\/12\\\/hf_s_pfaff.jpg\",\"width\":872,\"height\":889},{\"@type\":\"BreadcrumbList\",\"@id\":\"https:\\\/\\\/www.ohis.be\\\/de\\\/produit\\\/hf-sm-hf-se-plattformwagen-verfahrbar-mit-doppel-vertikalschere\\\/#breadcrumb\",\"itemListElement\":[{\"@type\":\"ListItem\",\"position\":1,\"name\":\"Accueil\",\"item\":\"https:\\\/\\\/www.ohis.be\\\/de\\\/\"},{\"@type\":\"ListItem\",\"position\":2,\"name\":\"Produkte\",\"item\":\"https:\\\/\\\/www.ohis.be\\\/de\\\/produkte\\\/\"},{\"@type\":\"ListItem\",\"position\":3,\"name\":\"HF-SM \\\/ HF-SE Plattformwagen, verfahrbar mit Doppel-Vertikalschere\"}]},{\"@type\":\"WebSite\",\"@id\":\"https:\\\/\\\/www.ohis.be\\\/#website\",\"url\":\"https:\\\/\\\/www.ohis.be\\\/\",\"name\":\"Ohis\",\"description\":\"Outils de levage\",\"publisher\":{\"@id\":\"https:\\\/\\\/www.ohis.be\\\/#organization\"},\"potentialAction\":[{\"@type\":\"SearchAction\",\"target\":{\"@type\":\"EntryPoint\",\"urlTemplate\":\"https:\\\/\\\/www.ohis.be\\\/?s={search_term_string}\"},\"query-input\":{\"@type\":\"PropertyValueSpecification\",\"valueRequired\":true,\"valueName\":\"search_term_string\"}}],\"inLanguage\":\"de\"},{\"@type\":\"Organization\",\"@id\":\"https:\\\/\\\/www.ohis.be\\\/#organization\",\"name\":\"Ohis\",\"url\":\"https:\\\/\\\/www.ohis.be\\\/\",\"logo\":{\"@type\":\"ImageObject\",\"inLanguage\":\"de\",\"@id\":\"https:\\\/\\\/www.ohis.be\\\/#\\\/schema\\\/logo\\\/image\\\/\",\"url\":\"https:\\\/\\\/www.ohis.be\\\/wp-content\\\/uploads\\\/2021\\\/02\\\/logo-ohis-wit.svg\",\"contentUrl\":\"https:\\\/\\\/www.ohis.be\\\/wp-content\\\/uploads\\\/2021\\\/02\\\/logo-ohis-wit.svg\",\"caption\":\"Ohis\"},\"image\":{\"@id\":\"https:\\\/\\\/www.ohis.be\\\/#\\\/schema\\\/logo\\\/image\\\/\"}}]}<\/script>\n<!-- \/ Yoast SEO plugin. -->","yoast_head_json":{"title":"HF-SM \/ HF-SE Plattformwagen, verfahrbar mit Doppel-Vertikalschere - Ohis","robots":{"index":"index","follow":"follow","max-snippet":"max-snippet:-1","max-image-preview":"max-image-preview:large","max-video-preview":"max-video-preview:-1"},"canonical":"https:\/\/www.ohis.be\/de\/produit\/hf-sm-hf-se-plattformwagen-verfahrbar-mit-doppel-vertikalschere\/","og_locale":"de_DE","og_type":"article","og_title":"HF-SM \/ HF-SE Plattformwagen, verfahrbar mit Doppel-Vertikalschere - Ohis","og_description":"HF\u2026SM Plattformwagen, verfahrbar mit Einfachschere und- manueller Hydraulik Tragf\u00e4higkeit 150 - 1.250 kg, Plattformh\u00f6he max. 1.050 mm  HF\u2026SE - Elektrohydraulikaggregat Tragf\u00e4higkeit 300 - 1.250 kg, Plattformh\u00f6he max. 1.050 mm Ein Hubtisch f\u00fcr das ortsunabh\u00e4ngige Heben und Zuf\u00fchren von Lasten im innerbetrieblichen Einsatz.  Ausstattung und Verarbeitung \u2022 Manuelle Hydraulik mit Fu\u00dfhebel oder Elektrohydraulikaggregat mit Totmannschaltung - ein Netzelektroanschluss ist nicht erforderlich. \u2022 Hohe Sicherheit durch \u00dcberlastventil und Senkbremsventil. \u2022 Robuste Single-Scherenkonstruktion, ab 300 kg Vollstahlscheren. \u2022 Schwenkbare Plattform mit mechanischer Arretierung f\u00fcr sichere Wartungsarbeiten. \u2022 Kompaktes Fahrwerk mit geringer Bauh\u00f6he. \u2022 Lenk- und Bockrollen mit wartungsfreien Kugellagern, Feststellbremsen an den Lenkrollen. \u2022 Entspricht DIN EN 1570-1 und Maschinenrichtlinie 2006\/42\/EG.","og_url":"https:\/\/www.ohis.be\/de\/produit\/hf-sm-hf-se-plattformwagen-verfahrbar-mit-doppel-vertikalschere\/","og_site_name":"Ohis","og_image":[{"width":872,"height":889,"url":"https:\/\/www.ohis.be\/wp-content\/uploads\/2022\/12\/hf_s_pfaff.jpg","type":"image\/jpeg"}],"twitter_card":"summary_large_image","twitter_misc":{"Gesch\u00e4tzte Lesezeit":"1\u00a0Minute"},"schema":{"@context":"https:\/\/schema.org","@graph":[{"@type":"WebPage","@id":"https:\/\/www.ohis.be\/de\/produit\/hf-sm-hf-se-plattformwagen-verfahrbar-mit-doppel-vertikalschere\/","url":"https:\/\/www.ohis.be\/de\/produit\/hf-sm-hf-se-plattformwagen-verfahrbar-mit-doppel-vertikalschere\/","name":"HF-SM \/ HF-SE Plattformwagen, verfahrbar mit Doppel-Vertikalschere - Ohis","isPartOf":{"@id":"https:\/\/www.ohis.be\/#website"},"primaryImageOfPage":{"@id":"https:\/\/www.ohis.be\/de\/produit\/hf-sm-hf-se-plattformwagen-verfahrbar-mit-doppel-vertikalschere\/#primaryimage"},"image":{"@id":"https:\/\/www.ohis.be\/de\/produit\/hf-sm-hf-se-plattformwagen-verfahrbar-mit-doppel-vertikalschere\/#primaryimage"},"thumbnailUrl":"https:\/\/www.ohis.be\/wp-content\/uploads\/2022\/12\/hf_s_pfaff.jpg","datePublished":"2022-12-28T07:53:30+00:00","breadcrumb":{"@id":"https:\/\/www.ohis.be\/de\/produit\/hf-sm-hf-se-plattformwagen-verfahrbar-mit-doppel-vertikalschere\/#breadcrumb"},"inLanguage":"de","potentialAction":[{"@type":"ReadAction","target":["https:\/\/www.ohis.be\/de\/produit\/hf-sm-hf-se-plattformwagen-verfahrbar-mit-doppel-vertikalschere\/"]}]},{"@type":"ImageObject","inLanguage":"de","@id":"https:\/\/www.ohis.be\/de\/produit\/hf-sm-hf-se-plattformwagen-verfahrbar-mit-doppel-vertikalschere\/#primaryimage","url":"https:\/\/www.ohis.be\/wp-content\/uploads\/2022\/12\/hf_s_pfaff.jpg","contentUrl":"https:\/\/www.ohis.be\/wp-content\/uploads\/2022\/12\/hf_s_pfaff.jpg","width":872,"height":889},{"@type":"BreadcrumbList","@id":"https:\/\/www.ohis.be\/de\/produit\/hf-sm-hf-se-plattformwagen-verfahrbar-mit-doppel-vertikalschere\/#breadcrumb","itemListElement":[{"@type":"ListItem","position":1,"name":"Accueil","item":"https:\/\/www.ohis.be\/de\/"},{"@type":"ListItem","position":2,"name":"Produkte","item":"https:\/\/www.ohis.be\/de\/produkte\/"},{"@type":"ListItem","position":3,"name":"HF-SM \/ HF-SE Plattformwagen, verfahrbar mit Doppel-Vertikalschere"}]},{"@type":"WebSite","@id":"https:\/\/www.ohis.be\/#website","url":"https:\/\/www.ohis.be\/","name":"Ohis","description":"Outils de levage","publisher":{"@id":"https:\/\/www.ohis.be\/#organization"},"potentialAction":[{"@type":"SearchAction","target":{"@type":"EntryPoint","urlTemplate":"https:\/\/www.ohis.be\/?s={search_term_string}"},"query-input":{"@type":"PropertyValueSpecification","valueRequired":true,"valueName":"search_term_string"}}],"inLanguage":"de"},{"@type":"Organization","@id":"https:\/\/www.ohis.be\/#organization","name":"Ohis","url":"https:\/\/www.ohis.be\/","logo":{"@type":"ImageObject","inLanguage":"de","@id":"https:\/\/www.ohis.be\/#\/schema\/logo\/image\/","url":"https:\/\/www.ohis.be\/wp-content\/uploads\/2021\/02\/logo-ohis-wit.svg","contentUrl":"https:\/\/www.ohis.be\/wp-content\/uploads\/2021\/02\/logo-ohis-wit.svg","caption":"Ohis"},"image":{"@id":"https:\/\/www.ohis.be\/#\/schema\/logo\/image\/"}}]}},"_links":{"self":[{"href":"https:\/\/www.ohis.be\/de\/wp-json\/wp\/v2\/product\/25789","targetHints":{"allow":["GET"]}}],"collection":[{"href":"https:\/\/www.ohis.be\/de\/wp-json\/wp\/v2\/product"}],"about":[{"href":"https:\/\/www.ohis.be\/de\/wp-json\/wp\/v2\/types\/product"}],"wp:featuredmedia":[{"embeddable":true,"href":"https:\/\/www.ohis.be\/de\/wp-json\/wp\/v2\/media\/21975"}],"wp:attachment":[{"href":"https:\/\/www.ohis.be\/de\/wp-json\/wp\/v2\/media?parent=25789"}],"wp:term":[{"taxonomy":"product_brand","embeddable":true,"href":"https:\/\/www.ohis.be\/de\/wp-json\/wp\/v2\/product_brand?post=25789"},{"taxonomy":"product_cat","embeddable":true,"href":"https:\/\/www.ohis.be\/de\/wp-json\/wp\/v2\/product_cat?post=25789"},{"taxonomy":"product_tag","embeddable":true,"href":"https:\/\/www.ohis.be\/de\/wp-json\/wp\/v2\/product_tag?post=25789"}],"curies":[{"name":"wp","href":"https:\/\/api.w.org\/{rel}","templated":true}]}}