{"id":25724,"date":"2022-12-28T09:53:58","date_gmt":"2022-12-28T08:53:58","guid":{"rendered":"https:\/\/www.ohis.be\/produit\/lfl-fahrwerke-und-transportroller-mit-beweglichen-radern\/"},"modified":"2022-12-28T09:53:58","modified_gmt":"2022-12-28T08:53:58","slug":"lfl-fahrwerke-und-transportroller-mit-beweglichen-radern","status":"publish","type":"product","link":"https:\/\/www.ohis.be\/de\/produit\/lfl-fahrwerke-und-transportroller-mit-beweglichen-radern\/","title":{"rendered":"LFL Fahrwerke und Transportroller mit beweglichen R\u00e4dern"},"content":{"rendered":"<p>Tragf\u00e4higkeit 1 &#8211; 2 t<br \/>\nUniversell zu kombinierende Fahrwerkskomponenten, geeignet f\u00fcr den Transport von mittelschweren Lasten aller Art.<br \/>\nDie Elemente k\u00f6nnen einzeln eingesetzt oder zu einem System zusammengestellt werden. Die Ger\u00e4te sind wartungsfrei.<\/p>\n<p>Ausstattung und Verarbeitung<br \/>\n\u2022 Stabile, verschwei\u00dfte Stahlkonstruktion.<br \/>\n\u2022 Rutschmindernder Gummibelag.<br \/>\n\u2022 R\u00e4der aus abriebfestem Nylon.<br \/>\n\u2022 Das Modell LFL-1-2 verf\u00fcgt \u00fcber zwei schwenkbare und zwei feststehende R\u00e4der.<br \/>\n\u2022 Die Modelle LFL-1-4 und LFL-2-4 verf\u00fcgen \u00fcber vier schwenkbare R\u00e4der.<\/p>\n","protected":false},"excerpt":{"rendered":"<p>Tragf\u00e4higkeit 1 &#8211; 2 t<br \/>\nUniversell zu kombinierende Fahrwerkskomponenten, geeignet f\u00fcr den Transport von mittelschweren Lasten aller Art.<br \/>\nDie Elemente k\u00f6nnen einzeln eingesetzt oder zu einem System zusammengestellt werden. Die Ger\u00e4te sind wartungsfrei.<\/p>\n<p>Ausstattung und Verarbeitung<br \/>\n\u2022 Stabile, verschwei\u00dfte Stahlkonstruktion.<br \/>\n\u2022 Rutschmindernder Gummibelag.<br \/>\n\u2022 R\u00e4der aus abriebfestem Nylon.<br \/>\n\u2022 Das Modell LFL-1-2 verf\u00fcgt \u00fcber zwei schwenkbare und zwei feststehende R\u00e4der.<br \/>\n\u2022 Die Modelle LFL-1-4 und LFL-2-4 verf\u00fcgen \u00fcber vier schwenkbare R\u00e4der.<\/p>\n","protected":false},"featured_media":22089,"template":"","meta":{"_acf_changed":false,"inline_featured_image":false},"product_brand":[],"product_cat":[1627],"product_tag":[705],"class_list":{"0":"post-25724","1":"product","2":"type-product","3":"status-publish","4":"has-post-thumbnail","6":"product_cat-boden-handling","7":"product_tag-yale-de","9":"first","10":"onbackorder","11":"taxable","12":"shipping-taxable","13":"purchasable","14":"product-type-variable"},"acf":[],"yoast_head":"<!-- This site is optimized with the Yoast SEO plugin v27.4 - https:\/\/yoast.com\/product\/yoast-seo-wordpress\/ -->\n<title>LFL Fahrwerke und Transportroller mit beweglichen R\u00e4dern - Ohis<\/title>\n<meta name=\"robots\" content=\"index, follow, max-snippet:-1, max-image-preview:large, max-video-preview:-1\" \/>\n<link rel=\"canonical\" href=\"https:\/\/www.ohis.be\/de\/produit\/lfl-fahrwerke-und-transportroller-mit-beweglichen-radern\/\" \/>\n<meta property=\"og:locale\" content=\"de_DE\" \/>\n<meta property=\"og:type\" content=\"article\" \/>\n<meta property=\"og:title\" content=\"LFL Fahrwerke und Transportroller mit beweglichen R\u00e4dern - Ohis\" \/>\n<meta property=\"og:description\" content=\"Tragf\u00e4higkeit 1 - 2 t Universell zu kombinierende Fahrwerkskomponenten, geeignet f\u00fcr den Transport von mittelschweren Lasten aller Art. Die Elemente k\u00f6nnen einzeln eingesetzt oder zu einem System zusammengestellt werden. Die Ger\u00e4te sind wartungsfrei.  Ausstattung und Verarbeitung \u2022 Stabile, verschwei\u00dfte Stahlkonstruktion. \u2022 Rutschmindernder Gummibelag. \u2022 R\u00e4der aus abriebfestem Nylon. \u2022 Das Modell LFL-1-2 verf\u00fcgt \u00fcber zwei schwenkbare und zwei feststehende R\u00e4der. \u2022 Die Modelle LFL-1-4 und LFL-2-4 verf\u00fcgen \u00fcber vier schwenkbare R\u00e4der.\" \/>\n<meta property=\"og:url\" content=\"https:\/\/www.ohis.be\/de\/produit\/lfl-fahrwerke-und-transportroller-mit-beweglichen-radern\/\" \/>\n<meta property=\"og:site_name\" content=\"Ohis\" \/>\n<meta property=\"og:image\" content=\"https:\/\/www.ohis.be\/wp-content\/uploads\/2022\/12\/LFL.jpg\" \/>\n\t<meta property=\"og:image:width\" content=\"386\" \/>\n\t<meta property=\"og:image:height\" content=\"322\" \/>\n\t<meta property=\"og:image:type\" content=\"image\/jpeg\" \/>\n<meta name=\"twitter:card\" content=\"summary_large_image\" \/>\n<script type=\"application\/ld+json\" class=\"yoast-schema-graph\">{\"@context\":\"https:\\\/\\\/schema.org\",\"@graph\":[{\"@type\":\"WebPage\",\"@id\":\"https:\\\/\\\/www.ohis.be\\\/de\\\/produit\\\/lfl-fahrwerke-und-transportroller-mit-beweglichen-radern\\\/\",\"url\":\"https:\\\/\\\/www.ohis.be\\\/de\\\/produit\\\/lfl-fahrwerke-und-transportroller-mit-beweglichen-radern\\\/\",\"name\":\"LFL Fahrwerke und Transportroller mit beweglichen R\u00e4dern - Ohis\",\"isPartOf\":{\"@id\":\"https:\\\/\\\/www.ohis.be\\\/#website\"},\"primaryImageOfPage\":{\"@id\":\"https:\\\/\\\/www.ohis.be\\\/de\\\/produit\\\/lfl-fahrwerke-und-transportroller-mit-beweglichen-radern\\\/#primaryimage\"},\"image\":{\"@id\":\"https:\\\/\\\/www.ohis.be\\\/de\\\/produit\\\/lfl-fahrwerke-und-transportroller-mit-beweglichen-radern\\\/#primaryimage\"},\"thumbnailUrl\":\"https:\\\/\\\/www.ohis.be\\\/wp-content\\\/uploads\\\/2022\\\/12\\\/LFL.jpg\",\"datePublished\":\"2022-12-28T08:53:58+00:00\",\"breadcrumb\":{\"@id\":\"https:\\\/\\\/www.ohis.be\\\/de\\\/produit\\\/lfl-fahrwerke-und-transportroller-mit-beweglichen-radern\\\/#breadcrumb\"},\"inLanguage\":\"de\",\"potentialAction\":[{\"@type\":\"ReadAction\",\"target\":[\"https:\\\/\\\/www.ohis.be\\\/de\\\/produit\\\/lfl-fahrwerke-und-transportroller-mit-beweglichen-radern\\\/\"]}]},{\"@type\":\"ImageObject\",\"inLanguage\":\"de\",\"@id\":\"https:\\\/\\\/www.ohis.be\\\/de\\\/produit\\\/lfl-fahrwerke-und-transportroller-mit-beweglichen-radern\\\/#primaryimage\",\"url\":\"https:\\\/\\\/www.ohis.be\\\/wp-content\\\/uploads\\\/2022\\\/12\\\/LFL.jpg\",\"contentUrl\":\"https:\\\/\\\/www.ohis.be\\\/wp-content\\\/uploads\\\/2022\\\/12\\\/LFL.jpg\",\"width\":386,\"height\":322},{\"@type\":\"BreadcrumbList\",\"@id\":\"https:\\\/\\\/www.ohis.be\\\/de\\\/produit\\\/lfl-fahrwerke-und-transportroller-mit-beweglichen-radern\\\/#breadcrumb\",\"itemListElement\":[{\"@type\":\"ListItem\",\"position\":1,\"name\":\"Accueil\",\"item\":\"https:\\\/\\\/www.ohis.be\\\/de\\\/\"},{\"@type\":\"ListItem\",\"position\":2,\"name\":\"Produkte\",\"item\":\"https:\\\/\\\/www.ohis.be\\\/de\\\/produkte\\\/\"},{\"@type\":\"ListItem\",\"position\":3,\"name\":\"LFL Fahrwerke und Transportroller mit beweglichen R\u00e4dern\"}]},{\"@type\":\"WebSite\",\"@id\":\"https:\\\/\\\/www.ohis.be\\\/#website\",\"url\":\"https:\\\/\\\/www.ohis.be\\\/\",\"name\":\"Ohis\",\"description\":\"Outils de levage\",\"publisher\":{\"@id\":\"https:\\\/\\\/www.ohis.be\\\/#organization\"},\"potentialAction\":[{\"@type\":\"SearchAction\",\"target\":{\"@type\":\"EntryPoint\",\"urlTemplate\":\"https:\\\/\\\/www.ohis.be\\\/?s={search_term_string}\"},\"query-input\":{\"@type\":\"PropertyValueSpecification\",\"valueRequired\":true,\"valueName\":\"search_term_string\"}}],\"inLanguage\":\"de\"},{\"@type\":\"Organization\",\"@id\":\"https:\\\/\\\/www.ohis.be\\\/#organization\",\"name\":\"Ohis\",\"url\":\"https:\\\/\\\/www.ohis.be\\\/\",\"logo\":{\"@type\":\"ImageObject\",\"inLanguage\":\"de\",\"@id\":\"https:\\\/\\\/www.ohis.be\\\/#\\\/schema\\\/logo\\\/image\\\/\",\"url\":\"https:\\\/\\\/www.ohis.be\\\/wp-content\\\/uploads\\\/2021\\\/02\\\/logo-ohis-wit.svg\",\"contentUrl\":\"https:\\\/\\\/www.ohis.be\\\/wp-content\\\/uploads\\\/2021\\\/02\\\/logo-ohis-wit.svg\",\"caption\":\"Ohis\"},\"image\":{\"@id\":\"https:\\\/\\\/www.ohis.be\\\/#\\\/schema\\\/logo\\\/image\\\/\"}}]}<\/script>\n<!-- \/ Yoast SEO plugin. -->","yoast_head_json":{"title":"LFL Fahrwerke und Transportroller mit beweglichen R\u00e4dern - Ohis","robots":{"index":"index","follow":"follow","max-snippet":"max-snippet:-1","max-image-preview":"max-image-preview:large","max-video-preview":"max-video-preview:-1"},"canonical":"https:\/\/www.ohis.be\/de\/produit\/lfl-fahrwerke-und-transportroller-mit-beweglichen-radern\/","og_locale":"de_DE","og_type":"article","og_title":"LFL Fahrwerke und Transportroller mit beweglichen R\u00e4dern - Ohis","og_description":"Tragf\u00e4higkeit 1 - 2 t Universell zu kombinierende Fahrwerkskomponenten, geeignet f\u00fcr den Transport von mittelschweren Lasten aller Art. Die Elemente k\u00f6nnen einzeln eingesetzt oder zu einem System zusammengestellt werden. Die Ger\u00e4te sind wartungsfrei.  Ausstattung und Verarbeitung \u2022 Stabile, verschwei\u00dfte Stahlkonstruktion. \u2022 Rutschmindernder Gummibelag. \u2022 R\u00e4der aus abriebfestem Nylon. \u2022 Das Modell LFL-1-2 verf\u00fcgt \u00fcber zwei schwenkbare und zwei feststehende R\u00e4der. \u2022 Die Modelle LFL-1-4 und LFL-2-4 verf\u00fcgen \u00fcber vier schwenkbare R\u00e4der.","og_url":"https:\/\/www.ohis.be\/de\/produit\/lfl-fahrwerke-und-transportroller-mit-beweglichen-radern\/","og_site_name":"Ohis","og_image":[{"width":386,"height":322,"url":"https:\/\/www.ohis.be\/wp-content\/uploads\/2022\/12\/LFL.jpg","type":"image\/jpeg"}],"twitter_card":"summary_large_image","schema":{"@context":"https:\/\/schema.org","@graph":[{"@type":"WebPage","@id":"https:\/\/www.ohis.be\/de\/produit\/lfl-fahrwerke-und-transportroller-mit-beweglichen-radern\/","url":"https:\/\/www.ohis.be\/de\/produit\/lfl-fahrwerke-und-transportroller-mit-beweglichen-radern\/","name":"LFL Fahrwerke und Transportroller mit beweglichen R\u00e4dern - Ohis","isPartOf":{"@id":"https:\/\/www.ohis.be\/#website"},"primaryImageOfPage":{"@id":"https:\/\/www.ohis.be\/de\/produit\/lfl-fahrwerke-und-transportroller-mit-beweglichen-radern\/#primaryimage"},"image":{"@id":"https:\/\/www.ohis.be\/de\/produit\/lfl-fahrwerke-und-transportroller-mit-beweglichen-radern\/#primaryimage"},"thumbnailUrl":"https:\/\/www.ohis.be\/wp-content\/uploads\/2022\/12\/LFL.jpg","datePublished":"2022-12-28T08:53:58+00:00","breadcrumb":{"@id":"https:\/\/www.ohis.be\/de\/produit\/lfl-fahrwerke-und-transportroller-mit-beweglichen-radern\/#breadcrumb"},"inLanguage":"de","potentialAction":[{"@type":"ReadAction","target":["https:\/\/www.ohis.be\/de\/produit\/lfl-fahrwerke-und-transportroller-mit-beweglichen-radern\/"]}]},{"@type":"ImageObject","inLanguage":"de","@id":"https:\/\/www.ohis.be\/de\/produit\/lfl-fahrwerke-und-transportroller-mit-beweglichen-radern\/#primaryimage","url":"https:\/\/www.ohis.be\/wp-content\/uploads\/2022\/12\/LFL.jpg","contentUrl":"https:\/\/www.ohis.be\/wp-content\/uploads\/2022\/12\/LFL.jpg","width":386,"height":322},{"@type":"BreadcrumbList","@id":"https:\/\/www.ohis.be\/de\/produit\/lfl-fahrwerke-und-transportroller-mit-beweglichen-radern\/#breadcrumb","itemListElement":[{"@type":"ListItem","position":1,"name":"Accueil","item":"https:\/\/www.ohis.be\/de\/"},{"@type":"ListItem","position":2,"name":"Produkte","item":"https:\/\/www.ohis.be\/de\/produkte\/"},{"@type":"ListItem","position":3,"name":"LFL Fahrwerke und Transportroller mit beweglichen R\u00e4dern"}]},{"@type":"WebSite","@id":"https:\/\/www.ohis.be\/#website","url":"https:\/\/www.ohis.be\/","name":"Ohis","description":"Outils de levage","publisher":{"@id":"https:\/\/www.ohis.be\/#organization"},"potentialAction":[{"@type":"SearchAction","target":{"@type":"EntryPoint","urlTemplate":"https:\/\/www.ohis.be\/?s={search_term_string}"},"query-input":{"@type":"PropertyValueSpecification","valueRequired":true,"valueName":"search_term_string"}}],"inLanguage":"de"},{"@type":"Organization","@id":"https:\/\/www.ohis.be\/#organization","name":"Ohis","url":"https:\/\/www.ohis.be\/","logo":{"@type":"ImageObject","inLanguage":"de","@id":"https:\/\/www.ohis.be\/#\/schema\/logo\/image\/","url":"https:\/\/www.ohis.be\/wp-content\/uploads\/2021\/02\/logo-ohis-wit.svg","contentUrl":"https:\/\/www.ohis.be\/wp-content\/uploads\/2021\/02\/logo-ohis-wit.svg","caption":"Ohis"},"image":{"@id":"https:\/\/www.ohis.be\/#\/schema\/logo\/image\/"}}]}},"_links":{"self":[{"href":"https:\/\/www.ohis.be\/de\/wp-json\/wp\/v2\/product\/25724","targetHints":{"allow":["GET"]}}],"collection":[{"href":"https:\/\/www.ohis.be\/de\/wp-json\/wp\/v2\/product"}],"about":[{"href":"https:\/\/www.ohis.be\/de\/wp-json\/wp\/v2\/types\/product"}],"wp:featuredmedia":[{"embeddable":true,"href":"https:\/\/www.ohis.be\/de\/wp-json\/wp\/v2\/media\/22089"}],"wp:attachment":[{"href":"https:\/\/www.ohis.be\/de\/wp-json\/wp\/v2\/media?parent=25724"}],"wp:term":[{"taxonomy":"product_brand","embeddable":true,"href":"https:\/\/www.ohis.be\/de\/wp-json\/wp\/v2\/product_brand?post=25724"},{"taxonomy":"product_cat","embeddable":true,"href":"https:\/\/www.ohis.be\/de\/wp-json\/wp\/v2\/product_cat?post=25724"},{"taxonomy":"product_tag","embeddable":true,"href":"https:\/\/www.ohis.be\/de\/wp-json\/wp\/v2\/product_tag?post=25724"}],"curies":[{"name":"wp","href":"https:\/\/api.w.org\/{rel}","templated":true}]}}