{"id":25706,"date":"2022-12-28T11:17:55","date_gmt":"2022-12-28T10:17:55","guid":{"rendered":"https:\/\/www.ohis.be\/produit\/sx-und-s-schwerlast-transportfahrwerke-sx-s\/"},"modified":"2022-12-28T11:17:55","modified_gmt":"2022-12-28T10:17:55","slug":"sx-und-s-schwerlast-transportfahrwerke-sx-s","status":"publish","type":"product","link":"https:\/\/www.ohis.be\/de\/produit\/sx-und-s-schwerlast-transportfahrwerke-sx-s\/","title":{"rendered":"SX und S Schwerlast-Transportfahrwerke SX &#038; S"},"content":{"rendered":"<p>Tragf\u00e4higkeit 10 &#8211; 60 t<br \/>\nDiese universellen Schwerlast-Transportsysteme wurden f\u00fcr den sicheren und kostensparenden Transport von Lasten bis zu 60 t konstruiert. Durch individuelle Zusammenstellungen der Fahrwerkskomponenten sind auch h\u00f6here Tragf\u00e4higkeiten m\u00f6glich. Normalerweise erfolgt der Transport von Schwerlasten (wie z. B. Maschinen, Konstruktionsteilen, Stahlbausegmenten) mittels einer stabilen 3-Punktauflage.<\/p>\n<p>F\u00fcr den Transport von besonders sperrigen oder schweren Lasten mit ung\u00fcnstigem Schwerpunkt k\u00f6nnen auch 4-Punkt-Fahrwerke zusammengestellt werden. Die stabile Deichsel erlaubt in Verbindung mit dem kugelgelagerten Drehteller ein einfaches Steuern der Last. Die hinteren Fahrwerksteile werden durch eine Spurstange parallel ausgerichtet und w\u00e4hrend des Transportes in Position gehalten. Zeitsparende und materialschonende Transporte von Schwerlasten sind so m\u00f6glich.<br \/>\nDie Fahrwerksk\u00f6rper sind pulverbeschichtet, alle Verbindungsteile sind korrosionsgesch\u00fctzt. H\u00f6chste Sicherheitsanforderungen wurden ber\u00fccksichtigt.<\/p>\n<p>Ausstattung und Verarbeitung<br \/>\n\u2022 Die modulare Bauweise gestattet eine denkbar einfache Bedienung und bietet gleichzeitig vielf\u00e4ltige Kombinationsm\u00f6glichkeiten.<br \/>\n\u2022 Die Konstruktion der Fahrwerke ist \u00e4u\u00dferst robust und verwindungssteif.<br \/>\n\u2022 Die Fahrwerke sind leichtg\u00e4ngig und garantieren auch bei h\u00f6chsten Lasten einen sehr niedrigen Rollwiderstand.<br \/>\n\u2022 Doppelrollen (anstelle einer breiten Rolle) gew\u00e4hrleisten sehr geringe Fahrwiderst\u00e4nde auch bei engen Kurvenradien.<br \/>\n\u2022 Die kardanische Aufh\u00e4ngung der Rollengruppen beg\u00fcnstigt den Bodenkontakt der Einzelrollen bei evtl. Bodenunebenheiten.<br \/>\n\u2022 Die Rollen bestehen aus abriebfestem, elastischem Polyamid. Sie sind bruchgesch\u00fctzt und verf\u00fcgen \u00fcber eine hohe chemische Best\u00e4ndigkeit.<br \/>\n\u2022 Jede einzelne Rolle ist aus hochfestem Material pr\u00e4zise gefertigt und gew\u00e4hrleistet so einen besonders ruhigen Lauf.<br \/>\n\u2022 Die Rollen sind f\u00fcr alle Hallenb\u00f6den geeignet und besch\u00e4digen normale Bodenbel\u00e4ge nicht.<br \/>\n\u2022 Ein einfaches Zerlegen der Fahrwerke ist ohne Werkzeug m\u00f6glich und erleichtert so den Transport der Einzelkomponenten auch in kleinen Fahrzeugen.<br \/>\n\u2022 Die Fahrwerke sind f\u00fcr den professionellen Einsatz konstruiert und praktisch wartungsfrei.<br \/>\n\u2022 Alle Rollen sind mit zwei gekapselten, dauergeschmierten Kugellagern ausgestattet.<br \/>\n\u2022 Das vordere lenkbare Fahrwerkteil verf\u00fcgt \u00fcber ein gro\u00dfz\u00fcgig dimensioniertes Axial-Kugellager unterhalb des Drehtellers.<br \/>\n\u2022 Die vorderen und hinteren Fahrwerksteile sind auch einzeln erh\u00e4ltlich.<\/p>\n","protected":false},"excerpt":{"rendered":"<p>Tragf\u00e4higkeit 10 &#8211; 60 t<br \/>\nDiese universellen Schwerlast-Transportsysteme wurden f\u00fcr den sicheren und kostensparenden Transport von Lasten bis zu 60 t konstruiert. Durch individuelle Zusammenstellungen der Fahrwerkskomponenten sind auch h\u00f6here Tragf\u00e4higkeiten m\u00f6glich. Normalerweise erfolgt der Transport von Schwerlasten (wie z. B. Maschinen, Konstruktionsteilen, Stahlbausegmenten) mittels einer stabilen 3-Punktauflage.<\/p>\n<p>F\u00fcr den Transport von besonders sperrigen oder schweren Lasten mit ung\u00fcnstigem Schwerpunkt k\u00f6nnen auch 4-Punkt-Fahrwerke zusammengestellt werden. Die stabile Deichsel erlaubt in Verbindung mit dem kugelgelagerten Drehteller ein einfaches Steuern der Last. Die hinteren Fahrwerksteile werden durch eine Spurstange parallel ausgerichtet und w\u00e4hrend des Transportes in Position gehalten. Zeitsparende und materialschonende Transporte von Schwerlasten sind so m\u00f6glich.<br \/>\nDie Fahrwerksk\u00f6rper sind pulverbeschichtet, alle Verbindungsteile sind korrosionsgesch\u00fctzt. H\u00f6chste Sicherheitsanforderungen wurden ber\u00fccksichtigt.<\/p>\n<p>Ausstattung und Verarbeitung<br \/>\n\u2022 Die modulare Bauweise gestattet eine denkbar einfache Bedienung und bietet gleichzeitig vielf\u00e4ltige Kombinationsm\u00f6glichkeiten.<br \/>\n\u2022 Die Konstruktion der Fahrwerke ist \u00e4u\u00dferst robust und verwindungssteif.<br \/>\n\u2022 Die Fahrwerke sind leichtg\u00e4ngig und garantieren auch bei h\u00f6chsten Lasten einen sehr niedrigen Rollwiderstand.<br \/>\n\u2022 Doppelrollen (anstelle einer breiten Rolle) gew\u00e4hrleisten sehr geringe Fahrwiderst\u00e4nde auch bei engen Kurvenradien.<br \/>\n\u2022 Die kardanische Aufh\u00e4ngung der Rollengruppen beg\u00fcnstigt den Bodenkontakt der Einzelrollen bei evtl. Bodenunebenheiten.<br \/>\n\u2022 Die Rollen bestehen aus abriebfestem, elastischem Polyamid. Sie sind bruchgesch\u00fctzt und verf\u00fcgen \u00fcber eine hohe chemische Best\u00e4ndigkeit.<br \/>\n\u2022 Jede einzelne Rolle ist aus hochfestem Material pr\u00e4zise gefertigt und gew\u00e4hrleistet so einen besonders ruhigen Lauf.<br \/>\n\u2022 Die Rollen sind f\u00fcr alle Hallenb\u00f6den geeignet und besch\u00e4digen normale Bodenbel\u00e4ge nicht.<br \/>\n\u2022 Ein einfaches Zerlegen der Fahrwerke ist ohne Werkzeug m\u00f6glich und erleichtert so den Transport der Einzelkomponenten auch in kleinen Fahrzeugen.<br \/>\n\u2022 Die Fahrwerke sind f\u00fcr den professionellen Einsatz konstruiert und praktisch wartungsfrei.<br \/>\n\u2022 Alle Rollen sind mit zwei gekapselten, dauergeschmierten Kugellagern ausgestattet.<br \/>\n\u2022 Das vordere lenkbare Fahrwerkteil verf\u00fcgt \u00fcber ein gro\u00dfz\u00fcgig dimensioniertes Axial-Kugellager unterhalb des Drehtellers.<br \/>\n\u2022 Die vorderen und hinteren Fahrwerksteile sind auch einzeln erh\u00e4ltlich.<\/p>\n","protected":false},"featured_media":22079,"template":"","meta":{"_acf_changed":false,"inline_featured_image":false},"product_brand":[],"product_cat":[1627],"product_tag":[705],"class_list":{"0":"post-25706","1":"product","2":"type-product","3":"status-publish","4":"has-post-thumbnail","6":"product_cat-boden-handling","7":"product_tag-yale-de","9":"first","10":"onbackorder","11":"taxable","12":"shipping-taxable","13":"purchasable","14":"product-type-simple"},"acf":[],"yoast_head":"<!-- This site is optimized with the Yoast SEO plugin v27.5 - https:\/\/yoast.com\/product\/yoast-seo-wordpress\/ -->\n<title>SX und S Schwerlast-Transportfahrwerke SX &amp; S - Ohis<\/title>\n<meta name=\"robots\" content=\"index, follow, max-snippet:-1, max-image-preview:large, max-video-preview:-1\" \/>\n<link rel=\"canonical\" href=\"https:\/\/www.ohis.be\/de\/produit\/sx-und-s-schwerlast-transportfahrwerke-sx-s\/\" \/>\n<meta property=\"og:locale\" content=\"de_DE\" \/>\n<meta property=\"og:type\" content=\"article\" \/>\n<meta property=\"og:title\" content=\"SX und S Schwerlast-Transportfahrwerke SX &amp; S - Ohis\" \/>\n<meta property=\"og:description\" content=\"Tragf\u00e4higkeit 10 - 60 t Diese universellen Schwerlast-Transportsysteme wurden f\u00fcr den sicheren und kostensparenden Transport von Lasten bis zu 60 t konstruiert. Durch individuelle Zusammenstellungen der Fahrwerkskomponenten sind auch h\u00f6here Tragf\u00e4higkeiten m\u00f6glich. Normalerweise erfolgt der Transport von Schwerlasten (wie z. B. Maschinen, Konstruktionsteilen, Stahlbausegmenten) mittels einer stabilen 3-Punktauflage.  F\u00fcr den Transport von besonders sperrigen oder schweren Lasten mit ung\u00fcnstigem Schwerpunkt k\u00f6nnen auch 4-Punkt-Fahrwerke zusammengestellt werden. Die stabile Deichsel erlaubt in Verbindung mit dem kugelgelagerten Drehteller ein einfaches Steuern der Last. Die hinteren Fahrwerksteile werden durch eine Spurstange parallel ausgerichtet und w\u00e4hrend des Transportes in Position gehalten. Zeitsparende und materialschonende Transporte von Schwerlasten sind so m\u00f6glich. Die Fahrwerksk\u00f6rper sind pulverbeschichtet, alle Verbindungsteile sind korrosionsgesch\u00fctzt. H\u00f6chste Sicherheitsanforderungen wurden ber\u00fccksichtigt.  Ausstattung und Verarbeitung \u2022 Die modulare Bauweise gestattet eine denkbar einfache Bedienung und bietet gleichzeitig vielf\u00e4ltige Kombinationsm\u00f6glichkeiten. \u2022 Die Konstruktion der Fahrwerke ist \u00e4u\u00dferst robust und verwindungssteif. \u2022 Die Fahrwerke sind leichtg\u00e4ngig und garantieren auch bei h\u00f6chsten Lasten einen sehr niedrigen Rollwiderstand. \u2022 Doppelrollen (anstelle einer breiten Rolle) gew\u00e4hrleisten sehr geringe Fahrwiderst\u00e4nde auch bei engen Kurvenradien. \u2022 Die kardanische Aufh\u00e4ngung der Rollengruppen beg\u00fcnstigt den Bodenkontakt der Einzelrollen bei evtl. Bodenunebenheiten. \u2022 Die Rollen bestehen aus abriebfestem, elastischem Polyamid. Sie sind bruchgesch\u00fctzt und verf\u00fcgen \u00fcber eine hohe chemische Best\u00e4ndigkeit. \u2022 Jede einzelne Rolle ist aus hochfestem Material pr\u00e4zise gefertigt und gew\u00e4hrleistet so einen besonders ruhigen Lauf. \u2022 Die Rollen sind f\u00fcr alle Hallenb\u00f6den geeignet und besch\u00e4digen normale Bodenbel\u00e4ge nicht. \u2022 Ein einfaches Zerlegen der Fahrwerke ist ohne Werkzeug m\u00f6glich und erleichtert so den Transport der Einzelkomponenten auch in kleinen Fahrzeugen. \u2022 Die Fahrwerke sind f\u00fcr den professionellen Einsatz konstruiert und praktisch wartungsfrei. \u2022 Alle Rollen sind mit zwei gekapselten, dauergeschmierten Kugellagern ausgestattet. \u2022 Das vordere lenkbare Fahrwerkteil verf\u00fcgt \u00fcber ein gro\u00dfz\u00fcgig dimensioniertes Axial-Kugellager unterhalb des Drehtellers. \u2022 Die vorderen und hinteren Fahrwerksteile sind auch einzeln erh\u00e4ltlich.\" \/>\n<meta property=\"og:url\" content=\"https:\/\/www.ohis.be\/de\/produit\/sx-und-s-schwerlast-transportfahrwerke-sx-s\/\" \/>\n<meta property=\"og:site_name\" content=\"Ohis\" \/>\n<meta property=\"og:image\" content=\"https:\/\/www.ohis.be\/wp-content\/uploads\/2022\/12\/SX.jpg\" \/>\n\t<meta property=\"og:image:width\" content=\"613\" \/>\n\t<meta property=\"og:image:height\" content=\"580\" \/>\n\t<meta property=\"og:image:type\" content=\"image\/jpeg\" \/>\n<meta name=\"twitter:card\" content=\"summary_large_image\" \/>\n<meta name=\"twitter:label1\" content=\"Gesch\u00e4tzte Lesezeit\" \/>\n\t<meta name=\"twitter:data1\" content=\"2\u00a0Minuten\" \/>\n<script type=\"application\/ld+json\" class=\"yoast-schema-graph\">{\"@context\":\"https:\\\/\\\/schema.org\",\"@graph\":[{\"@type\":\"WebPage\",\"@id\":\"https:\\\/\\\/www.ohis.be\\\/de\\\/produit\\\/sx-und-s-schwerlast-transportfahrwerke-sx-s\\\/\",\"url\":\"https:\\\/\\\/www.ohis.be\\\/de\\\/produit\\\/sx-und-s-schwerlast-transportfahrwerke-sx-s\\\/\",\"name\":\"SX und S Schwerlast-Transportfahrwerke SX & S - Ohis\",\"isPartOf\":{\"@id\":\"https:\\\/\\\/www.ohis.be\\\/#website\"},\"primaryImageOfPage\":{\"@id\":\"https:\\\/\\\/www.ohis.be\\\/de\\\/produit\\\/sx-und-s-schwerlast-transportfahrwerke-sx-s\\\/#primaryimage\"},\"image\":{\"@id\":\"https:\\\/\\\/www.ohis.be\\\/de\\\/produit\\\/sx-und-s-schwerlast-transportfahrwerke-sx-s\\\/#primaryimage\"},\"thumbnailUrl\":\"https:\\\/\\\/www.ohis.be\\\/wp-content\\\/uploads\\\/2022\\\/12\\\/SX.jpg\",\"datePublished\":\"2022-12-28T10:17:55+00:00\",\"breadcrumb\":{\"@id\":\"https:\\\/\\\/www.ohis.be\\\/de\\\/produit\\\/sx-und-s-schwerlast-transportfahrwerke-sx-s\\\/#breadcrumb\"},\"inLanguage\":\"de\",\"potentialAction\":[{\"@type\":\"ReadAction\",\"target\":[\"https:\\\/\\\/www.ohis.be\\\/de\\\/produit\\\/sx-und-s-schwerlast-transportfahrwerke-sx-s\\\/\"]}]},{\"@type\":\"ImageObject\",\"inLanguage\":\"de\",\"@id\":\"https:\\\/\\\/www.ohis.be\\\/de\\\/produit\\\/sx-und-s-schwerlast-transportfahrwerke-sx-s\\\/#primaryimage\",\"url\":\"https:\\\/\\\/www.ohis.be\\\/wp-content\\\/uploads\\\/2022\\\/12\\\/SX.jpg\",\"contentUrl\":\"https:\\\/\\\/www.ohis.be\\\/wp-content\\\/uploads\\\/2022\\\/12\\\/SX.jpg\",\"width\":613,\"height\":580},{\"@type\":\"BreadcrumbList\",\"@id\":\"https:\\\/\\\/www.ohis.be\\\/de\\\/produit\\\/sx-und-s-schwerlast-transportfahrwerke-sx-s\\\/#breadcrumb\",\"itemListElement\":[{\"@type\":\"ListItem\",\"position\":1,\"name\":\"Accueil\",\"item\":\"https:\\\/\\\/www.ohis.be\\\/de\\\/\"},{\"@type\":\"ListItem\",\"position\":2,\"name\":\"Produkte\",\"item\":\"https:\\\/\\\/www.ohis.be\\\/de\\\/produkte\\\/\"},{\"@type\":\"ListItem\",\"position\":3,\"name\":\"SX und S Schwerlast-Transportfahrwerke SX &#038; S\"}]},{\"@type\":\"WebSite\",\"@id\":\"https:\\\/\\\/www.ohis.be\\\/#website\",\"url\":\"https:\\\/\\\/www.ohis.be\\\/\",\"name\":\"Ohis\",\"description\":\"Outils de levage\",\"publisher\":{\"@id\":\"https:\\\/\\\/www.ohis.be\\\/#organization\"},\"potentialAction\":[{\"@type\":\"SearchAction\",\"target\":{\"@type\":\"EntryPoint\",\"urlTemplate\":\"https:\\\/\\\/www.ohis.be\\\/?s={search_term_string}\"},\"query-input\":{\"@type\":\"PropertyValueSpecification\",\"valueRequired\":true,\"valueName\":\"search_term_string\"}}],\"inLanguage\":\"de\"},{\"@type\":\"Organization\",\"@id\":\"https:\\\/\\\/www.ohis.be\\\/#organization\",\"name\":\"Ohis\",\"url\":\"https:\\\/\\\/www.ohis.be\\\/\",\"logo\":{\"@type\":\"ImageObject\",\"inLanguage\":\"de\",\"@id\":\"https:\\\/\\\/www.ohis.be\\\/#\\\/schema\\\/logo\\\/image\\\/\",\"url\":\"https:\\\/\\\/www.ohis.be\\\/wp-content\\\/uploads\\\/2021\\\/02\\\/logo-ohis-wit.svg\",\"contentUrl\":\"https:\\\/\\\/www.ohis.be\\\/wp-content\\\/uploads\\\/2021\\\/02\\\/logo-ohis-wit.svg\",\"caption\":\"Ohis\"},\"image\":{\"@id\":\"https:\\\/\\\/www.ohis.be\\\/#\\\/schema\\\/logo\\\/image\\\/\"}}]}<\/script>\n<!-- \/ Yoast SEO plugin. -->","yoast_head_json":{"title":"SX und S Schwerlast-Transportfahrwerke SX & S - Ohis","robots":{"index":"index","follow":"follow","max-snippet":"max-snippet:-1","max-image-preview":"max-image-preview:large","max-video-preview":"max-video-preview:-1"},"canonical":"https:\/\/www.ohis.be\/de\/produit\/sx-und-s-schwerlast-transportfahrwerke-sx-s\/","og_locale":"de_DE","og_type":"article","og_title":"SX und S Schwerlast-Transportfahrwerke SX & S - Ohis","og_description":"Tragf\u00e4higkeit 10 - 60 t Diese universellen Schwerlast-Transportsysteme wurden f\u00fcr den sicheren und kostensparenden Transport von Lasten bis zu 60 t konstruiert. Durch individuelle Zusammenstellungen der Fahrwerkskomponenten sind auch h\u00f6here Tragf\u00e4higkeiten m\u00f6glich. Normalerweise erfolgt der Transport von Schwerlasten (wie z. B. Maschinen, Konstruktionsteilen, Stahlbausegmenten) mittels einer stabilen 3-Punktauflage.  F\u00fcr den Transport von besonders sperrigen oder schweren Lasten mit ung\u00fcnstigem Schwerpunkt k\u00f6nnen auch 4-Punkt-Fahrwerke zusammengestellt werden. Die stabile Deichsel erlaubt in Verbindung mit dem kugelgelagerten Drehteller ein einfaches Steuern der Last. Die hinteren Fahrwerksteile werden durch eine Spurstange parallel ausgerichtet und w\u00e4hrend des Transportes in Position gehalten. Zeitsparende und materialschonende Transporte von Schwerlasten sind so m\u00f6glich. Die Fahrwerksk\u00f6rper sind pulverbeschichtet, alle Verbindungsteile sind korrosionsgesch\u00fctzt. H\u00f6chste Sicherheitsanforderungen wurden ber\u00fccksichtigt.  Ausstattung und Verarbeitung \u2022 Die modulare Bauweise gestattet eine denkbar einfache Bedienung und bietet gleichzeitig vielf\u00e4ltige Kombinationsm\u00f6glichkeiten. \u2022 Die Konstruktion der Fahrwerke ist \u00e4u\u00dferst robust und verwindungssteif. \u2022 Die Fahrwerke sind leichtg\u00e4ngig und garantieren auch bei h\u00f6chsten Lasten einen sehr niedrigen Rollwiderstand. \u2022 Doppelrollen (anstelle einer breiten Rolle) gew\u00e4hrleisten sehr geringe Fahrwiderst\u00e4nde auch bei engen Kurvenradien. \u2022 Die kardanische Aufh\u00e4ngung der Rollengruppen beg\u00fcnstigt den Bodenkontakt der Einzelrollen bei evtl. Bodenunebenheiten. \u2022 Die Rollen bestehen aus abriebfestem, elastischem Polyamid. Sie sind bruchgesch\u00fctzt und verf\u00fcgen \u00fcber eine hohe chemische Best\u00e4ndigkeit. \u2022 Jede einzelne Rolle ist aus hochfestem Material pr\u00e4zise gefertigt und gew\u00e4hrleistet so einen besonders ruhigen Lauf. \u2022 Die Rollen sind f\u00fcr alle Hallenb\u00f6den geeignet und besch\u00e4digen normale Bodenbel\u00e4ge nicht. \u2022 Ein einfaches Zerlegen der Fahrwerke ist ohne Werkzeug m\u00f6glich und erleichtert so den Transport der Einzelkomponenten auch in kleinen Fahrzeugen. \u2022 Die Fahrwerke sind f\u00fcr den professionellen Einsatz konstruiert und praktisch wartungsfrei. \u2022 Alle Rollen sind mit zwei gekapselten, dauergeschmierten Kugellagern ausgestattet. \u2022 Das vordere lenkbare Fahrwerkteil verf\u00fcgt \u00fcber ein gro\u00dfz\u00fcgig dimensioniertes Axial-Kugellager unterhalb des Drehtellers. \u2022 Die vorderen und hinteren Fahrwerksteile sind auch einzeln erh\u00e4ltlich.","og_url":"https:\/\/www.ohis.be\/de\/produit\/sx-und-s-schwerlast-transportfahrwerke-sx-s\/","og_site_name":"Ohis","og_image":[{"width":613,"height":580,"url":"https:\/\/www.ohis.be\/wp-content\/uploads\/2022\/12\/SX.jpg","type":"image\/jpeg"}],"twitter_card":"summary_large_image","twitter_misc":{"Gesch\u00e4tzte Lesezeit":"2\u00a0Minuten"},"schema":{"@context":"https:\/\/schema.org","@graph":[{"@type":"WebPage","@id":"https:\/\/www.ohis.be\/de\/produit\/sx-und-s-schwerlast-transportfahrwerke-sx-s\/","url":"https:\/\/www.ohis.be\/de\/produit\/sx-und-s-schwerlast-transportfahrwerke-sx-s\/","name":"SX und S Schwerlast-Transportfahrwerke SX & S - Ohis","isPartOf":{"@id":"https:\/\/www.ohis.be\/#website"},"primaryImageOfPage":{"@id":"https:\/\/www.ohis.be\/de\/produit\/sx-und-s-schwerlast-transportfahrwerke-sx-s\/#primaryimage"},"image":{"@id":"https:\/\/www.ohis.be\/de\/produit\/sx-und-s-schwerlast-transportfahrwerke-sx-s\/#primaryimage"},"thumbnailUrl":"https:\/\/www.ohis.be\/wp-content\/uploads\/2022\/12\/SX.jpg","datePublished":"2022-12-28T10:17:55+00:00","breadcrumb":{"@id":"https:\/\/www.ohis.be\/de\/produit\/sx-und-s-schwerlast-transportfahrwerke-sx-s\/#breadcrumb"},"inLanguage":"de","potentialAction":[{"@type":"ReadAction","target":["https:\/\/www.ohis.be\/de\/produit\/sx-und-s-schwerlast-transportfahrwerke-sx-s\/"]}]},{"@type":"ImageObject","inLanguage":"de","@id":"https:\/\/www.ohis.be\/de\/produit\/sx-und-s-schwerlast-transportfahrwerke-sx-s\/#primaryimage","url":"https:\/\/www.ohis.be\/wp-content\/uploads\/2022\/12\/SX.jpg","contentUrl":"https:\/\/www.ohis.be\/wp-content\/uploads\/2022\/12\/SX.jpg","width":613,"height":580},{"@type":"BreadcrumbList","@id":"https:\/\/www.ohis.be\/de\/produit\/sx-und-s-schwerlast-transportfahrwerke-sx-s\/#breadcrumb","itemListElement":[{"@type":"ListItem","position":1,"name":"Accueil","item":"https:\/\/www.ohis.be\/de\/"},{"@type":"ListItem","position":2,"name":"Produkte","item":"https:\/\/www.ohis.be\/de\/produkte\/"},{"@type":"ListItem","position":3,"name":"SX und S Schwerlast-Transportfahrwerke SX &#038; S"}]},{"@type":"WebSite","@id":"https:\/\/www.ohis.be\/#website","url":"https:\/\/www.ohis.be\/","name":"Ohis","description":"Outils de levage","publisher":{"@id":"https:\/\/www.ohis.be\/#organization"},"potentialAction":[{"@type":"SearchAction","target":{"@type":"EntryPoint","urlTemplate":"https:\/\/www.ohis.be\/?s={search_term_string}"},"query-input":{"@type":"PropertyValueSpecification","valueRequired":true,"valueName":"search_term_string"}}],"inLanguage":"de"},{"@type":"Organization","@id":"https:\/\/www.ohis.be\/#organization","name":"Ohis","url":"https:\/\/www.ohis.be\/","logo":{"@type":"ImageObject","inLanguage":"de","@id":"https:\/\/www.ohis.be\/#\/schema\/logo\/image\/","url":"https:\/\/www.ohis.be\/wp-content\/uploads\/2021\/02\/logo-ohis-wit.svg","contentUrl":"https:\/\/www.ohis.be\/wp-content\/uploads\/2021\/02\/logo-ohis-wit.svg","caption":"Ohis"},"image":{"@id":"https:\/\/www.ohis.be\/#\/schema\/logo\/image\/"}}]}},"_links":{"self":[{"href":"https:\/\/www.ohis.be\/de\/wp-json\/wp\/v2\/product\/25706","targetHints":{"allow":["GET"]}}],"collection":[{"href":"https:\/\/www.ohis.be\/de\/wp-json\/wp\/v2\/product"}],"about":[{"href":"https:\/\/www.ohis.be\/de\/wp-json\/wp\/v2\/types\/product"}],"wp:featuredmedia":[{"embeddable":true,"href":"https:\/\/www.ohis.be\/de\/wp-json\/wp\/v2\/media\/22079"}],"wp:attachment":[{"href":"https:\/\/www.ohis.be\/de\/wp-json\/wp\/v2\/media?parent=25706"}],"wp:term":[{"taxonomy":"product_brand","embeddable":true,"href":"https:\/\/www.ohis.be\/de\/wp-json\/wp\/v2\/product_brand?post=25706"},{"taxonomy":"product_cat","embeddable":true,"href":"https:\/\/www.ohis.be\/de\/wp-json\/wp\/v2\/product_cat?post=25706"},{"taxonomy":"product_tag","embeddable":true,"href":"https:\/\/www.ohis.be\/de\/wp-json\/wp\/v2\/product_tag?post=25706"}],"curies":[{"name":"wp","href":"https:\/\/api.w.org\/{rel}","templated":true}]}}