{"id":25667,"date":"2022-12-28T11:58:33","date_gmt":"2022-12-28T10:58:33","guid":{"rendered":"https:\/\/www.ohis.be\/produit\/ys-universal-zylinder\/"},"modified":"2022-12-28T11:58:33","modified_gmt":"2022-12-28T10:58:33","slug":"ys-universal-zylinder","status":"publish","type":"product","link":"https:\/\/www.ohis.be\/de\/produit\/ys-universal-zylinder\/","title":{"rendered":"YS Universal-Zylinder"},"content":{"rendered":"<p>Einfachwirkend mit Federr\u00fcckzug,<br \/>\nDruckkraft 5 &#8211; 100 t<br \/>\nDiese robusten Hydraulikzylinder zeichnen sich durch eine extrem gute Seitenlastvertr\u00e4glichkeit aus und sind sehr handlich, da sie \u00fcber Federr\u00fcckzug und nur einen Schlauchanschluss verf\u00fcgen.<br \/>\nUniversal-Zylinder sind f\u00fcr alle Arbeiten einsetzbar, bei denen es auf hohe Kraft und geringe Abmessungen ankommt, wie z. B. Auspressen von Wellen, Richten von Schwei\u00dfkonstruktionen, Anheben, Ausrichten, Abst\u00fctzen, Wiegen etc. bzw. f\u00fcr alle universellen Montage- und Reparaturarbeiten.<br \/>\nDurch die serienm\u00e4\u00dfigen, metrischen Befestigungsgewinde eignen sich diese Zylinder hervorragend f\u00fcr den Einbau in Vorrichtungen und Werkstattpressen.<\/p>\n<p>Ausstattung und Verarbeitung<br \/>\n\u2022 Yale ChroMo-Design.<br \/>\n\u2022 Betriebsdruck max. 700 bar.<br \/>\n\u2022 Einfachwirkend mit Federr\u00fcckzug.<br \/>\n\u2022 Durch lange Kolbenf\u00fchrungen besonders seitenlastvertr\u00e4glich.<br \/>\n\u2022 Geh\u00e4use und Kolben aus massivem Chrom-Molybd\u00e4nstahl gefertigt und verg\u00fctet.<br \/>\n\u2022 Doppelte Bronzef\u00fchrung der hartverchromten Kolbenstange.<br \/>\n\u2022 Mit metrischen Befestigungsgewinden am Zylindergeh\u00e4use, im Zylinderboden und von 5 bis 30 t auch in der Kolbenstange.<br \/>\n\u2022 Vollbelastbarer Stoppring als Kolben-Endanschlag.<br \/>\n\u2022 Mit auswechselbarem, geh\u00e4rtetem Druckst\u00fcck.<br \/>\n\u2022 Mit Schmutzabstreifer.<br \/>\n\u2022 \u00d6lanschlussgewinde 3\/8 NPT.<br \/>\n\u2022 Einschlie\u00dflich Kupplungsmuffe CFY-1.<br \/>\n\u2022 YS-50\/100 und YS-50\/160 mit Tragegriff.<br \/>\n\u2022 YS-50\/320 bis YS-100\/200 mit zwei Trageringen.<\/p>\n","protected":false},"excerpt":{"rendered":"<p>Einfachwirkend mit Federr\u00fcckzug,<br \/>\nDruckkraft 5 &#8211; 100 t<br \/>\nDiese robusten Hydraulikzylinder zeichnen sich durch eine extrem gute Seitenlastvertr\u00e4glichkeit aus und sind sehr handlich, da sie \u00fcber Federr\u00fcckzug und nur einen Schlauchanschluss verf\u00fcgen.<br \/>\nUniversal-Zylinder sind f\u00fcr alle Arbeiten einsetzbar, bei denen es auf hohe Kraft und geringe Abmessungen ankommt, wie z. B. Auspressen von Wellen, Richten von Schwei\u00dfkonstruktionen, Anheben, Ausrichten, Abst\u00fctzen, Wiegen etc. bzw. f\u00fcr alle universellen Montage- und Reparaturarbeiten.<br \/>\nDurch die serienm\u00e4\u00dfigen, metrischen Befestigungsgewinde eignen sich diese Zylinder hervorragend f\u00fcr den Einbau in Vorrichtungen und Werkstattpressen.<\/p>\n<p>Ausstattung und Verarbeitung<br \/>\n\u2022 Yale ChroMo-Design.<br \/>\n\u2022 Betriebsdruck max. 700 bar.<br \/>\n\u2022 Einfachwirkend mit Federr\u00fcckzug.<br \/>\n\u2022 Durch lange Kolbenf\u00fchrungen besonders seitenlastvertr\u00e4glich.<br \/>\n\u2022 Geh\u00e4use und Kolben aus massivem Chrom-Molybd\u00e4nstahl gefertigt und verg\u00fctet.<br \/>\n\u2022 Doppelte Bronzef\u00fchrung der hartverchromten Kolbenstange.<br \/>\n\u2022 Mit metrischen Befestigungsgewinden am Zylindergeh\u00e4use, im Zylinderboden und von 5 bis 30 t auch in der Kolbenstange.<br \/>\n\u2022 Vollbelastbarer Stoppring als Kolben-Endanschlag.<br \/>\n\u2022 Mit auswechselbarem, geh\u00e4rtetem Druckst\u00fcck.<br \/>\n\u2022 Mit Schmutzabstreifer.<br \/>\n\u2022 \u00d6lanschlussgewinde 3\/8 NPT.<br \/>\n\u2022 Einschlie\u00dflich Kupplungsmuffe CFY-1.<br \/>\n\u2022 YS-50\/100 und YS-50\/160 mit Tragegriff.<br \/>\n\u2022 YS-50\/320 bis YS-100\/200 mit zwei Trageringen.<\/p>\n","protected":false},"featured_media":22136,"template":"","meta":{"_acf_changed":false,"inline_featured_image":false},"product_brand":[],"product_cat":[1641],"product_tag":[705],"class_list":{"0":"post-25667","1":"product","2":"type-product","3":"status-publish","4":"has-post-thumbnail","6":"product_cat-hydraulische-zylinder","7":"product_tag-yale-de","9":"first","10":"onbackorder","11":"taxable","12":"shipping-taxable","13":"purchasable","14":"product-type-variable"},"acf":[],"yoast_head":"<!-- This site is optimized with the Yoast SEO plugin v27.4 - https:\/\/yoast.com\/product\/yoast-seo-wordpress\/ -->\n<title>YS Universal-Zylinder - Ohis<\/title>\n<meta name=\"robots\" content=\"index, follow, max-snippet:-1, max-image-preview:large, max-video-preview:-1\" \/>\n<link rel=\"canonical\" href=\"https:\/\/www.ohis.be\/de\/produit\/ys-universal-zylinder\/\" \/>\n<meta property=\"og:locale\" content=\"de_DE\" \/>\n<meta property=\"og:type\" content=\"article\" \/>\n<meta property=\"og:title\" content=\"YS Universal-Zylinder - Ohis\" \/>\n<meta property=\"og:description\" content=\"Einfachwirkend mit Federr\u00fcckzug, Druckkraft 5 - 100 t Diese robusten Hydraulikzylinder zeichnen sich durch eine extrem gute Seitenlastvertr\u00e4glichkeit aus und sind sehr handlich, da sie \u00fcber Federr\u00fcckzug und nur einen Schlauchanschluss verf\u00fcgen. Universal-Zylinder sind f\u00fcr alle Arbeiten einsetzbar, bei denen es auf hohe Kraft und geringe Abmessungen ankommt, wie z. B. Auspressen von Wellen, Richten von Schwei\u00dfkonstruktionen, Anheben, Ausrichten, Abst\u00fctzen, Wiegen etc. bzw. f\u00fcr alle universellen Montage- und Reparaturarbeiten. Durch die serienm\u00e4\u00dfigen, metrischen Befestigungsgewinde eignen sich diese Zylinder hervorragend f\u00fcr den Einbau in Vorrichtungen und Werkstattpressen.  Ausstattung und Verarbeitung \u2022 Yale ChroMo-Design. \u2022 Betriebsdruck max. 700 bar. \u2022 Einfachwirkend mit Federr\u00fcckzug. \u2022 Durch lange Kolbenf\u00fchrungen besonders seitenlastvertr\u00e4glich. \u2022 Geh\u00e4use und Kolben aus massivem Chrom-Molybd\u00e4nstahl gefertigt und verg\u00fctet. \u2022 Doppelte Bronzef\u00fchrung der hartverchromten Kolbenstange. \u2022 Mit metrischen Befestigungsgewinden am Zylindergeh\u00e4use, im Zylinderboden und von 5 bis 30 t auch in der Kolbenstange. \u2022 Vollbelastbarer Stoppring als Kolben-Endanschlag. \u2022 Mit auswechselbarem, geh\u00e4rtetem Druckst\u00fcck. \u2022 Mit Schmutzabstreifer. \u2022 \u00d6lanschlussgewinde 3\/8 NPT. \u2022 Einschlie\u00dflich Kupplungsmuffe CFY-1. \u2022 YS-50\/100 und YS-50\/160 mit Tragegriff. \u2022 YS-50\/320 bis YS-100\/200 mit zwei Trageringen.\" \/>\n<meta property=\"og:url\" content=\"https:\/\/www.ohis.be\/de\/produit\/ys-universal-zylinder\/\" \/>\n<meta property=\"og:site_name\" content=\"Ohis\" \/>\n<meta property=\"og:image\" content=\"https:\/\/www.ohis.be\/wp-content\/uploads\/2022\/12\/yale-ys.jpg\" \/>\n\t<meta property=\"og:image:width\" content=\"525\" \/>\n\t<meta property=\"og:image:height\" content=\"425\" \/>\n\t<meta property=\"og:image:type\" content=\"image\/jpeg\" \/>\n<meta name=\"twitter:card\" content=\"summary_large_image\" \/>\n<meta name=\"twitter:label1\" content=\"Gesch\u00e4tzte Lesezeit\" \/>\n\t<meta name=\"twitter:data1\" content=\"1\u00a0Minute\" \/>\n<script type=\"application\/ld+json\" class=\"yoast-schema-graph\">{\"@context\":\"https:\\\/\\\/schema.org\",\"@graph\":[{\"@type\":\"WebPage\",\"@id\":\"https:\\\/\\\/www.ohis.be\\\/de\\\/produit\\\/ys-universal-zylinder\\\/\",\"url\":\"https:\\\/\\\/www.ohis.be\\\/de\\\/produit\\\/ys-universal-zylinder\\\/\",\"name\":\"YS Universal-Zylinder - Ohis\",\"isPartOf\":{\"@id\":\"https:\\\/\\\/www.ohis.be\\\/#website\"},\"primaryImageOfPage\":{\"@id\":\"https:\\\/\\\/www.ohis.be\\\/de\\\/produit\\\/ys-universal-zylinder\\\/#primaryimage\"},\"image\":{\"@id\":\"https:\\\/\\\/www.ohis.be\\\/de\\\/produit\\\/ys-universal-zylinder\\\/#primaryimage\"},\"thumbnailUrl\":\"https:\\\/\\\/www.ohis.be\\\/wp-content\\\/uploads\\\/2022\\\/12\\\/yale-ys.jpg\",\"datePublished\":\"2022-12-28T10:58:33+00:00\",\"breadcrumb\":{\"@id\":\"https:\\\/\\\/www.ohis.be\\\/de\\\/produit\\\/ys-universal-zylinder\\\/#breadcrumb\"},\"inLanguage\":\"de\",\"potentialAction\":[{\"@type\":\"ReadAction\",\"target\":[\"https:\\\/\\\/www.ohis.be\\\/de\\\/produit\\\/ys-universal-zylinder\\\/\"]}]},{\"@type\":\"ImageObject\",\"inLanguage\":\"de\",\"@id\":\"https:\\\/\\\/www.ohis.be\\\/de\\\/produit\\\/ys-universal-zylinder\\\/#primaryimage\",\"url\":\"https:\\\/\\\/www.ohis.be\\\/wp-content\\\/uploads\\\/2022\\\/12\\\/yale-ys.jpg\",\"contentUrl\":\"https:\\\/\\\/www.ohis.be\\\/wp-content\\\/uploads\\\/2022\\\/12\\\/yale-ys.jpg\",\"width\":525,\"height\":425,\"caption\":\"ARTZ 40019\"},{\"@type\":\"BreadcrumbList\",\"@id\":\"https:\\\/\\\/www.ohis.be\\\/de\\\/produit\\\/ys-universal-zylinder\\\/#breadcrumb\",\"itemListElement\":[{\"@type\":\"ListItem\",\"position\":1,\"name\":\"Accueil\",\"item\":\"https:\\\/\\\/www.ohis.be\\\/de\\\/\"},{\"@type\":\"ListItem\",\"position\":2,\"name\":\"Produkte\",\"item\":\"https:\\\/\\\/www.ohis.be\\\/de\\\/produkte\\\/\"},{\"@type\":\"ListItem\",\"position\":3,\"name\":\"YS Universal-Zylinder\"}]},{\"@type\":\"WebSite\",\"@id\":\"https:\\\/\\\/www.ohis.be\\\/#website\",\"url\":\"https:\\\/\\\/www.ohis.be\\\/\",\"name\":\"Ohis\",\"description\":\"Outils de levage\",\"publisher\":{\"@id\":\"https:\\\/\\\/www.ohis.be\\\/#organization\"},\"potentialAction\":[{\"@type\":\"SearchAction\",\"target\":{\"@type\":\"EntryPoint\",\"urlTemplate\":\"https:\\\/\\\/www.ohis.be\\\/?s={search_term_string}\"},\"query-input\":{\"@type\":\"PropertyValueSpecification\",\"valueRequired\":true,\"valueName\":\"search_term_string\"}}],\"inLanguage\":\"de\"},{\"@type\":\"Organization\",\"@id\":\"https:\\\/\\\/www.ohis.be\\\/#organization\",\"name\":\"Ohis\",\"url\":\"https:\\\/\\\/www.ohis.be\\\/\",\"logo\":{\"@type\":\"ImageObject\",\"inLanguage\":\"de\",\"@id\":\"https:\\\/\\\/www.ohis.be\\\/#\\\/schema\\\/logo\\\/image\\\/\",\"url\":\"https:\\\/\\\/www.ohis.be\\\/wp-content\\\/uploads\\\/2021\\\/02\\\/logo-ohis-wit.svg\",\"contentUrl\":\"https:\\\/\\\/www.ohis.be\\\/wp-content\\\/uploads\\\/2021\\\/02\\\/logo-ohis-wit.svg\",\"caption\":\"Ohis\"},\"image\":{\"@id\":\"https:\\\/\\\/www.ohis.be\\\/#\\\/schema\\\/logo\\\/image\\\/\"}}]}<\/script>\n<!-- \/ Yoast SEO plugin. -->","yoast_head_json":{"title":"YS Universal-Zylinder - Ohis","robots":{"index":"index","follow":"follow","max-snippet":"max-snippet:-1","max-image-preview":"max-image-preview:large","max-video-preview":"max-video-preview:-1"},"canonical":"https:\/\/www.ohis.be\/de\/produit\/ys-universal-zylinder\/","og_locale":"de_DE","og_type":"article","og_title":"YS Universal-Zylinder - Ohis","og_description":"Einfachwirkend mit Federr\u00fcckzug, Druckkraft 5 - 100 t Diese robusten Hydraulikzylinder zeichnen sich durch eine extrem gute Seitenlastvertr\u00e4glichkeit aus und sind sehr handlich, da sie \u00fcber Federr\u00fcckzug und nur einen Schlauchanschluss verf\u00fcgen. Universal-Zylinder sind f\u00fcr alle Arbeiten einsetzbar, bei denen es auf hohe Kraft und geringe Abmessungen ankommt, wie z. B. Auspressen von Wellen, Richten von Schwei\u00dfkonstruktionen, Anheben, Ausrichten, Abst\u00fctzen, Wiegen etc. bzw. f\u00fcr alle universellen Montage- und Reparaturarbeiten. Durch die serienm\u00e4\u00dfigen, metrischen Befestigungsgewinde eignen sich diese Zylinder hervorragend f\u00fcr den Einbau in Vorrichtungen und Werkstattpressen.  Ausstattung und Verarbeitung \u2022 Yale ChroMo-Design. \u2022 Betriebsdruck max. 700 bar. \u2022 Einfachwirkend mit Federr\u00fcckzug. \u2022 Durch lange Kolbenf\u00fchrungen besonders seitenlastvertr\u00e4glich. \u2022 Geh\u00e4use und Kolben aus massivem Chrom-Molybd\u00e4nstahl gefertigt und verg\u00fctet. \u2022 Doppelte Bronzef\u00fchrung der hartverchromten Kolbenstange. \u2022 Mit metrischen Befestigungsgewinden am Zylindergeh\u00e4use, im Zylinderboden und von 5 bis 30 t auch in der Kolbenstange. \u2022 Vollbelastbarer Stoppring als Kolben-Endanschlag. \u2022 Mit auswechselbarem, geh\u00e4rtetem Druckst\u00fcck. \u2022 Mit Schmutzabstreifer. \u2022 \u00d6lanschlussgewinde 3\/8 NPT. \u2022 Einschlie\u00dflich Kupplungsmuffe CFY-1. \u2022 YS-50\/100 und YS-50\/160 mit Tragegriff. \u2022 YS-50\/320 bis YS-100\/200 mit zwei Trageringen.","og_url":"https:\/\/www.ohis.be\/de\/produit\/ys-universal-zylinder\/","og_site_name":"Ohis","og_image":[{"width":525,"height":425,"url":"https:\/\/www.ohis.be\/wp-content\/uploads\/2022\/12\/yale-ys.jpg","type":"image\/jpeg"}],"twitter_card":"summary_large_image","twitter_misc":{"Gesch\u00e4tzte Lesezeit":"1\u00a0Minute"},"schema":{"@context":"https:\/\/schema.org","@graph":[{"@type":"WebPage","@id":"https:\/\/www.ohis.be\/de\/produit\/ys-universal-zylinder\/","url":"https:\/\/www.ohis.be\/de\/produit\/ys-universal-zylinder\/","name":"YS Universal-Zylinder - Ohis","isPartOf":{"@id":"https:\/\/www.ohis.be\/#website"},"primaryImageOfPage":{"@id":"https:\/\/www.ohis.be\/de\/produit\/ys-universal-zylinder\/#primaryimage"},"image":{"@id":"https:\/\/www.ohis.be\/de\/produit\/ys-universal-zylinder\/#primaryimage"},"thumbnailUrl":"https:\/\/www.ohis.be\/wp-content\/uploads\/2022\/12\/yale-ys.jpg","datePublished":"2022-12-28T10:58:33+00:00","breadcrumb":{"@id":"https:\/\/www.ohis.be\/de\/produit\/ys-universal-zylinder\/#breadcrumb"},"inLanguage":"de","potentialAction":[{"@type":"ReadAction","target":["https:\/\/www.ohis.be\/de\/produit\/ys-universal-zylinder\/"]}]},{"@type":"ImageObject","inLanguage":"de","@id":"https:\/\/www.ohis.be\/de\/produit\/ys-universal-zylinder\/#primaryimage","url":"https:\/\/www.ohis.be\/wp-content\/uploads\/2022\/12\/yale-ys.jpg","contentUrl":"https:\/\/www.ohis.be\/wp-content\/uploads\/2022\/12\/yale-ys.jpg","width":525,"height":425,"caption":"ARTZ 40019"},{"@type":"BreadcrumbList","@id":"https:\/\/www.ohis.be\/de\/produit\/ys-universal-zylinder\/#breadcrumb","itemListElement":[{"@type":"ListItem","position":1,"name":"Accueil","item":"https:\/\/www.ohis.be\/de\/"},{"@type":"ListItem","position":2,"name":"Produkte","item":"https:\/\/www.ohis.be\/de\/produkte\/"},{"@type":"ListItem","position":3,"name":"YS Universal-Zylinder"}]},{"@type":"WebSite","@id":"https:\/\/www.ohis.be\/#website","url":"https:\/\/www.ohis.be\/","name":"Ohis","description":"Outils de levage","publisher":{"@id":"https:\/\/www.ohis.be\/#organization"},"potentialAction":[{"@type":"SearchAction","target":{"@type":"EntryPoint","urlTemplate":"https:\/\/www.ohis.be\/?s={search_term_string}"},"query-input":{"@type":"PropertyValueSpecification","valueRequired":true,"valueName":"search_term_string"}}],"inLanguage":"de"},{"@type":"Organization","@id":"https:\/\/www.ohis.be\/#organization","name":"Ohis","url":"https:\/\/www.ohis.be\/","logo":{"@type":"ImageObject","inLanguage":"de","@id":"https:\/\/www.ohis.be\/#\/schema\/logo\/image\/","url":"https:\/\/www.ohis.be\/wp-content\/uploads\/2021\/02\/logo-ohis-wit.svg","contentUrl":"https:\/\/www.ohis.be\/wp-content\/uploads\/2021\/02\/logo-ohis-wit.svg","caption":"Ohis"},"image":{"@id":"https:\/\/www.ohis.be\/#\/schema\/logo\/image\/"}}]}},"_links":{"self":[{"href":"https:\/\/www.ohis.be\/de\/wp-json\/wp\/v2\/product\/25667","targetHints":{"allow":["GET"]}}],"collection":[{"href":"https:\/\/www.ohis.be\/de\/wp-json\/wp\/v2\/product"}],"about":[{"href":"https:\/\/www.ohis.be\/de\/wp-json\/wp\/v2\/types\/product"}],"wp:featuredmedia":[{"embeddable":true,"href":"https:\/\/www.ohis.be\/de\/wp-json\/wp\/v2\/media\/22136"}],"wp:attachment":[{"href":"https:\/\/www.ohis.be\/de\/wp-json\/wp\/v2\/media?parent=25667"}],"wp:term":[{"taxonomy":"product_brand","embeddable":true,"href":"https:\/\/www.ohis.be\/de\/wp-json\/wp\/v2\/product_brand?post=25667"},{"taxonomy":"product_cat","embeddable":true,"href":"https:\/\/www.ohis.be\/de\/wp-json\/wp\/v2\/product_cat?post=25667"},{"taxonomy":"product_tag","embeddable":true,"href":"https:\/\/www.ohis.be\/de\/wp-json\/wp\/v2\/product_tag?post=25667"}],"curies":[{"name":"wp","href":"https:\/\/api.w.org\/{rel}","templated":true}]}}