{"id":25599,"date":"2022-12-29T09:40:48","date_gmt":"2022-12-29T08:40:48","guid":{"rendered":"https:\/\/www.ohis.be\/produit\/yfs-flach-zylinder\/"},"modified":"2022-12-29T09:40:48","modified_gmt":"2022-12-29T08:40:48","slug":"yfs-flach-zylinder","status":"publish","type":"product","link":"https:\/\/www.ohis.be\/de\/produit\/yfs-flach-zylinder\/","title":{"rendered":"YFS Flach-Zylinder"},"content":{"rendered":"<p>Einfachwirkend mit Federr\u00fcckzug,<br \/>\nDruckkraft max. 10 &#8211; 100 t<br \/>\nKurzhub- und Flach-Zylinder bieten sich dort an, wo nur wenig Freiraum zur Verf\u00fcgung steht.Diese kompakten Hydraulikzylinder sind in allen Bereichen der Industrie zu finden, wie z. B. Stahlbau, Schwerindustrie, Kraftwerke, Bauwesen, Anlagenbau usw. Sie werden haupts\u00e4chlich eingesetzt zum Heben, Ausrichten, Wiegen, Spannen oder einfach als kompakte Kraftquelle f\u00fcr universelle Pressarbeiten. Aufgrund der kurzgehaltenen F\u00fchrungen sollten Flach-Zylinder nicht schr\u00e4g oder au\u00dfermittig belastet werden.<\/p>\n<p>Ausstattung und Verarbeitung<br \/>\n\u2022 Yale ChroMo-Design.<br \/>\n\u2022 Betriebsdruck max. 700 bar.<br \/>\n\u2022 Einfachwirkend mit Federr\u00fcckzug.<br \/>\n\u2022 Niedrige Bauh\u00f6hen f\u00fcr beengte Platzverh\u00e4ltnisse.<br \/>\n\u2022 Geh\u00e4use und Kolben aus massivem Chrom-Molybd\u00e4nstahl gefertigt und verg\u00fctet.<br \/>\n\u2022 Vollbelastbarer Stoppring als Kolben-Endanschlag mit Schmutzabstreifer.<br \/>\n\u2022 \u00d6lanschlussgewinde 3\/8 NPT.<br \/>\n\u2022 Einschlie\u00dflich Kupplungsmuffe CFY-1.<br \/>\n\u2022 Der YLS-100\/55 ist mit zwei Trageringen ausgestattet, der YFS-100\/15 mit einem Tragegriff.<\/p>\n","protected":false},"excerpt":{"rendered":"<p>Einfachwirkend mit Federr\u00fcckzug,<br \/>\nDruckkraft max. 10 &#8211; 100 t<br \/>\nKurzhub- und Flach-Zylinder bieten sich dort an, wo nur wenig Freiraum zur Verf\u00fcgung steht.Diese kompakten Hydraulikzylinder sind in allen Bereichen der Industrie zu finden, wie z. B. Stahlbau, Schwerindustrie, Kraftwerke, Bauwesen, Anlagenbau usw. Sie werden haupts\u00e4chlich eingesetzt zum Heben, Ausrichten, Wiegen, Spannen oder einfach als kompakte Kraftquelle f\u00fcr universelle Pressarbeiten. Aufgrund der kurzgehaltenen F\u00fchrungen sollten Flach-Zylinder nicht schr\u00e4g oder au\u00dfermittig belastet werden.<\/p>\n<p>Ausstattung und Verarbeitung<br \/>\n\u2022 Yale ChroMo-Design.<br \/>\n\u2022 Betriebsdruck max. 700 bar.<br \/>\n\u2022 Einfachwirkend mit Federr\u00fcckzug.<br \/>\n\u2022 Niedrige Bauh\u00f6hen f\u00fcr beengte Platzverh\u00e4ltnisse.<br \/>\n\u2022 Geh\u00e4use und Kolben aus massivem Chrom-Molybd\u00e4nstahl gefertigt und verg\u00fctet.<br \/>\n\u2022 Vollbelastbarer Stoppring als Kolben-Endanschlag mit Schmutzabstreifer.<br \/>\n\u2022 \u00d6lanschlussgewinde 3\/8 NPT.<br \/>\n\u2022 Einschlie\u00dflich Kupplungsmuffe CFY-1.<br \/>\n\u2022 Der YLS-100\/55 ist mit zwei Trageringen ausgestattet, der YFS-100\/15 mit einem Tragegriff.<\/p>\n","protected":false},"featured_media":22319,"template":"","meta":{"_acf_changed":false,"inline_featured_image":false},"product_brand":[],"product_cat":[1641],"product_tag":[705],"class_list":{"0":"post-25599","1":"product","2":"type-product","3":"status-publish","4":"has-post-thumbnail","6":"product_cat-hydraulische-zylinder","7":"product_tag-yale-de","9":"first","10":"onbackorder","11":"taxable","12":"shipping-taxable","13":"purchasable","14":"product-type-variable"},"acf":[],"yoast_head":"<!-- This site is optimized with the Yoast SEO plugin v27.4 - https:\/\/yoast.com\/product\/yoast-seo-wordpress\/ -->\n<title>YFS Flach-Zylinder - Ohis<\/title>\n<meta name=\"robots\" content=\"index, follow, max-snippet:-1, max-image-preview:large, max-video-preview:-1\" \/>\n<link rel=\"canonical\" href=\"https:\/\/www.ohis.be\/de\/produit\/yfs-flach-zylinder\/\" \/>\n<meta property=\"og:locale\" content=\"de_DE\" \/>\n<meta property=\"og:type\" content=\"article\" \/>\n<meta property=\"og:title\" content=\"YFS Flach-Zylinder - Ohis\" \/>\n<meta property=\"og:description\" content=\"Einfachwirkend mit Federr\u00fcckzug, Druckkraft max. 10 - 100 t Kurzhub- und Flach-Zylinder bieten sich dort an, wo nur wenig Freiraum zur Verf\u00fcgung steht.Diese kompakten Hydraulikzylinder sind in allen Bereichen der Industrie zu finden, wie z. B. Stahlbau, Schwerindustrie, Kraftwerke, Bauwesen, Anlagenbau usw. Sie werden haupts\u00e4chlich eingesetzt zum Heben, Ausrichten, Wiegen, Spannen oder einfach als kompakte Kraftquelle f\u00fcr universelle Pressarbeiten. Aufgrund der kurzgehaltenen F\u00fchrungen sollten Flach-Zylinder nicht schr\u00e4g oder au\u00dfermittig belastet werden.  Ausstattung und Verarbeitung \u2022 Yale ChroMo-Design. \u2022 Betriebsdruck max. 700 bar. \u2022 Einfachwirkend mit Federr\u00fcckzug. \u2022 Niedrige Bauh\u00f6hen f\u00fcr beengte Platzverh\u00e4ltnisse. \u2022 Geh\u00e4use und Kolben aus massivem Chrom-Molybd\u00e4nstahl gefertigt und verg\u00fctet. \u2022 Vollbelastbarer Stoppring als Kolben-Endanschlag mit Schmutzabstreifer. \u2022 \u00d6lanschlussgewinde 3\/8 NPT. \u2022 Einschlie\u00dflich Kupplungsmuffe CFY-1. \u2022 Der YLS-100\/55 ist mit zwei Trageringen ausgestattet, der YFS-100\/15 mit einem Tragegriff.\" \/>\n<meta property=\"og:url\" content=\"https:\/\/www.ohis.be\/de\/produit\/yfs-flach-zylinder\/\" \/>\n<meta property=\"og:site_name\" content=\"Ohis\" \/>\n<meta property=\"og:image\" content=\"https:\/\/www.ohis.be\/wp-content\/uploads\/2022\/12\/yale-yfs.jpg\" \/>\n\t<meta property=\"og:image:width\" content=\"525\" \/>\n\t<meta property=\"og:image:height\" content=\"283\" \/>\n\t<meta property=\"og:image:type\" content=\"image\/jpeg\" \/>\n<meta name=\"twitter:card\" content=\"summary_large_image\" \/>\n<meta name=\"twitter:label1\" content=\"Gesch\u00e4tzte Lesezeit\" \/>\n\t<meta name=\"twitter:data1\" content=\"1\u00a0Minute\" \/>\n<script type=\"application\/ld+json\" class=\"yoast-schema-graph\">{\"@context\":\"https:\\\/\\\/schema.org\",\"@graph\":[{\"@type\":\"WebPage\",\"@id\":\"https:\\\/\\\/www.ohis.be\\\/de\\\/produit\\\/yfs-flach-zylinder\\\/\",\"url\":\"https:\\\/\\\/www.ohis.be\\\/de\\\/produit\\\/yfs-flach-zylinder\\\/\",\"name\":\"YFS Flach-Zylinder - Ohis\",\"isPartOf\":{\"@id\":\"https:\\\/\\\/www.ohis.be\\\/#website\"},\"primaryImageOfPage\":{\"@id\":\"https:\\\/\\\/www.ohis.be\\\/de\\\/produit\\\/yfs-flach-zylinder\\\/#primaryimage\"},\"image\":{\"@id\":\"https:\\\/\\\/www.ohis.be\\\/de\\\/produit\\\/yfs-flach-zylinder\\\/#primaryimage\"},\"thumbnailUrl\":\"https:\\\/\\\/www.ohis.be\\\/wp-content\\\/uploads\\\/2022\\\/12\\\/yale-yfs.jpg\",\"datePublished\":\"2022-12-29T08:40:48+00:00\",\"breadcrumb\":{\"@id\":\"https:\\\/\\\/www.ohis.be\\\/de\\\/produit\\\/yfs-flach-zylinder\\\/#breadcrumb\"},\"inLanguage\":\"de\",\"potentialAction\":[{\"@type\":\"ReadAction\",\"target\":[\"https:\\\/\\\/www.ohis.be\\\/de\\\/produit\\\/yfs-flach-zylinder\\\/\"]}]},{\"@type\":\"ImageObject\",\"inLanguage\":\"de\",\"@id\":\"https:\\\/\\\/www.ohis.be\\\/de\\\/produit\\\/yfs-flach-zylinder\\\/#primaryimage\",\"url\":\"https:\\\/\\\/www.ohis.be\\\/wp-content\\\/uploads\\\/2022\\\/12\\\/yale-yfs.jpg\",\"contentUrl\":\"https:\\\/\\\/www.ohis.be\\\/wp-content\\\/uploads\\\/2022\\\/12\\\/yale-yfs.jpg\",\"width\":525,\"height\":283,\"caption\":\"SPOTLIGHT 40249 -33\"},{\"@type\":\"BreadcrumbList\",\"@id\":\"https:\\\/\\\/www.ohis.be\\\/de\\\/produit\\\/yfs-flach-zylinder\\\/#breadcrumb\",\"itemListElement\":[{\"@type\":\"ListItem\",\"position\":1,\"name\":\"Accueil\",\"item\":\"https:\\\/\\\/www.ohis.be\\\/de\\\/\"},{\"@type\":\"ListItem\",\"position\":2,\"name\":\"Produkte\",\"item\":\"https:\\\/\\\/www.ohis.be\\\/de\\\/produkte\\\/\"},{\"@type\":\"ListItem\",\"position\":3,\"name\":\"YFS Flach-Zylinder\"}]},{\"@type\":\"WebSite\",\"@id\":\"https:\\\/\\\/www.ohis.be\\\/#website\",\"url\":\"https:\\\/\\\/www.ohis.be\\\/\",\"name\":\"Ohis\",\"description\":\"Outils de levage\",\"publisher\":{\"@id\":\"https:\\\/\\\/www.ohis.be\\\/#organization\"},\"potentialAction\":[{\"@type\":\"SearchAction\",\"target\":{\"@type\":\"EntryPoint\",\"urlTemplate\":\"https:\\\/\\\/www.ohis.be\\\/?s={search_term_string}\"},\"query-input\":{\"@type\":\"PropertyValueSpecification\",\"valueRequired\":true,\"valueName\":\"search_term_string\"}}],\"inLanguage\":\"de\"},{\"@type\":\"Organization\",\"@id\":\"https:\\\/\\\/www.ohis.be\\\/#organization\",\"name\":\"Ohis\",\"url\":\"https:\\\/\\\/www.ohis.be\\\/\",\"logo\":{\"@type\":\"ImageObject\",\"inLanguage\":\"de\",\"@id\":\"https:\\\/\\\/www.ohis.be\\\/#\\\/schema\\\/logo\\\/image\\\/\",\"url\":\"https:\\\/\\\/www.ohis.be\\\/wp-content\\\/uploads\\\/2021\\\/02\\\/logo-ohis-wit.svg\",\"contentUrl\":\"https:\\\/\\\/www.ohis.be\\\/wp-content\\\/uploads\\\/2021\\\/02\\\/logo-ohis-wit.svg\",\"caption\":\"Ohis\"},\"image\":{\"@id\":\"https:\\\/\\\/www.ohis.be\\\/#\\\/schema\\\/logo\\\/image\\\/\"}}]}<\/script>\n<!-- \/ Yoast SEO plugin. -->","yoast_head_json":{"title":"YFS Flach-Zylinder - Ohis","robots":{"index":"index","follow":"follow","max-snippet":"max-snippet:-1","max-image-preview":"max-image-preview:large","max-video-preview":"max-video-preview:-1"},"canonical":"https:\/\/www.ohis.be\/de\/produit\/yfs-flach-zylinder\/","og_locale":"de_DE","og_type":"article","og_title":"YFS Flach-Zylinder - Ohis","og_description":"Einfachwirkend mit Federr\u00fcckzug, Druckkraft max. 10 - 100 t Kurzhub- und Flach-Zylinder bieten sich dort an, wo nur wenig Freiraum zur Verf\u00fcgung steht.Diese kompakten Hydraulikzylinder sind in allen Bereichen der Industrie zu finden, wie z. B. Stahlbau, Schwerindustrie, Kraftwerke, Bauwesen, Anlagenbau usw. Sie werden haupts\u00e4chlich eingesetzt zum Heben, Ausrichten, Wiegen, Spannen oder einfach als kompakte Kraftquelle f\u00fcr universelle Pressarbeiten. Aufgrund der kurzgehaltenen F\u00fchrungen sollten Flach-Zylinder nicht schr\u00e4g oder au\u00dfermittig belastet werden.  Ausstattung und Verarbeitung \u2022 Yale ChroMo-Design. \u2022 Betriebsdruck max. 700 bar. \u2022 Einfachwirkend mit Federr\u00fcckzug. \u2022 Niedrige Bauh\u00f6hen f\u00fcr beengte Platzverh\u00e4ltnisse. \u2022 Geh\u00e4use und Kolben aus massivem Chrom-Molybd\u00e4nstahl gefertigt und verg\u00fctet. \u2022 Vollbelastbarer Stoppring als Kolben-Endanschlag mit Schmutzabstreifer. \u2022 \u00d6lanschlussgewinde 3\/8 NPT. \u2022 Einschlie\u00dflich Kupplungsmuffe CFY-1. \u2022 Der YLS-100\/55 ist mit zwei Trageringen ausgestattet, der YFS-100\/15 mit einem Tragegriff.","og_url":"https:\/\/www.ohis.be\/de\/produit\/yfs-flach-zylinder\/","og_site_name":"Ohis","og_image":[{"width":525,"height":283,"url":"https:\/\/www.ohis.be\/wp-content\/uploads\/2022\/12\/yale-yfs.jpg","type":"image\/jpeg"}],"twitter_card":"summary_large_image","twitter_misc":{"Gesch\u00e4tzte Lesezeit":"1\u00a0Minute"},"schema":{"@context":"https:\/\/schema.org","@graph":[{"@type":"WebPage","@id":"https:\/\/www.ohis.be\/de\/produit\/yfs-flach-zylinder\/","url":"https:\/\/www.ohis.be\/de\/produit\/yfs-flach-zylinder\/","name":"YFS Flach-Zylinder - Ohis","isPartOf":{"@id":"https:\/\/www.ohis.be\/#website"},"primaryImageOfPage":{"@id":"https:\/\/www.ohis.be\/de\/produit\/yfs-flach-zylinder\/#primaryimage"},"image":{"@id":"https:\/\/www.ohis.be\/de\/produit\/yfs-flach-zylinder\/#primaryimage"},"thumbnailUrl":"https:\/\/www.ohis.be\/wp-content\/uploads\/2022\/12\/yale-yfs.jpg","datePublished":"2022-12-29T08:40:48+00:00","breadcrumb":{"@id":"https:\/\/www.ohis.be\/de\/produit\/yfs-flach-zylinder\/#breadcrumb"},"inLanguage":"de","potentialAction":[{"@type":"ReadAction","target":["https:\/\/www.ohis.be\/de\/produit\/yfs-flach-zylinder\/"]}]},{"@type":"ImageObject","inLanguage":"de","@id":"https:\/\/www.ohis.be\/de\/produit\/yfs-flach-zylinder\/#primaryimage","url":"https:\/\/www.ohis.be\/wp-content\/uploads\/2022\/12\/yale-yfs.jpg","contentUrl":"https:\/\/www.ohis.be\/wp-content\/uploads\/2022\/12\/yale-yfs.jpg","width":525,"height":283,"caption":"SPOTLIGHT 40249 -33"},{"@type":"BreadcrumbList","@id":"https:\/\/www.ohis.be\/de\/produit\/yfs-flach-zylinder\/#breadcrumb","itemListElement":[{"@type":"ListItem","position":1,"name":"Accueil","item":"https:\/\/www.ohis.be\/de\/"},{"@type":"ListItem","position":2,"name":"Produkte","item":"https:\/\/www.ohis.be\/de\/produkte\/"},{"@type":"ListItem","position":3,"name":"YFS Flach-Zylinder"}]},{"@type":"WebSite","@id":"https:\/\/www.ohis.be\/#website","url":"https:\/\/www.ohis.be\/","name":"Ohis","description":"Outils de levage","publisher":{"@id":"https:\/\/www.ohis.be\/#organization"},"potentialAction":[{"@type":"SearchAction","target":{"@type":"EntryPoint","urlTemplate":"https:\/\/www.ohis.be\/?s={search_term_string}"},"query-input":{"@type":"PropertyValueSpecification","valueRequired":true,"valueName":"search_term_string"}}],"inLanguage":"de"},{"@type":"Organization","@id":"https:\/\/www.ohis.be\/#organization","name":"Ohis","url":"https:\/\/www.ohis.be\/","logo":{"@type":"ImageObject","inLanguage":"de","@id":"https:\/\/www.ohis.be\/#\/schema\/logo\/image\/","url":"https:\/\/www.ohis.be\/wp-content\/uploads\/2021\/02\/logo-ohis-wit.svg","contentUrl":"https:\/\/www.ohis.be\/wp-content\/uploads\/2021\/02\/logo-ohis-wit.svg","caption":"Ohis"},"image":{"@id":"https:\/\/www.ohis.be\/#\/schema\/logo\/image\/"}}]}},"_links":{"self":[{"href":"https:\/\/www.ohis.be\/de\/wp-json\/wp\/v2\/product\/25599","targetHints":{"allow":["GET"]}}],"collection":[{"href":"https:\/\/www.ohis.be\/de\/wp-json\/wp\/v2\/product"}],"about":[{"href":"https:\/\/www.ohis.be\/de\/wp-json\/wp\/v2\/types\/product"}],"wp:featuredmedia":[{"embeddable":true,"href":"https:\/\/www.ohis.be\/de\/wp-json\/wp\/v2\/media\/22319"}],"wp:attachment":[{"href":"https:\/\/www.ohis.be\/de\/wp-json\/wp\/v2\/media?parent=25599"}],"wp:term":[{"taxonomy":"product_brand","embeddable":true,"href":"https:\/\/www.ohis.be\/de\/wp-json\/wp\/v2\/product_brand?post=25599"},{"taxonomy":"product_cat","embeddable":true,"href":"https:\/\/www.ohis.be\/de\/wp-json\/wp\/v2\/product_cat?post=25599"},{"taxonomy":"product_tag","embeddable":true,"href":"https:\/\/www.ohis.be\/de\/wp-json\/wp\/v2\/product_tag?post=25599"}],"curies":[{"name":"wp","href":"https:\/\/api.w.org\/{rel}","templated":true}]}}