{"id":25583,"date":"2022-12-29T09:44:54","date_gmt":"2022-12-29T08:44:54","guid":{"rendered":"https:\/\/www.ohis.be\/produit\/ycs-hohlkolben-zylinder\/"},"modified":"2022-12-29T09:44:54","modified_gmt":"2022-12-29T08:44:54","slug":"ycs-hohlkolben-zylinder","status":"publish","type":"product","link":"https:\/\/www.ohis.be\/de\/produit\/ycs-hohlkolben-zylinder\/","title":{"rendered":"YCS Hohlkolben-Zylinder"},"content":{"rendered":"<p>Einfachwirkend mit Federr\u00fcckzug,<br \/>\nDruckkraft 12 &#8211; 93 t<br \/>\nAufgrund ihrer durchgehenden Mittelbohrung eignen sich diese Hohlkolben-Zylinder besonders f\u00fcr Eins\u00e4tze, bei denen hohe Zugkr\u00e4fte mittels Gewindespindeln aufgebracht werden m\u00fcssen.<br \/>\nHohlkolben-Zylinder werden bevorzugt beim Spannen von Zugankern, Ein- und Auspressen von Lagern, Wellen, Bolzen und H\u00fclsen, beim Ausziehen von Rohren und beim Ziehen bzw. Verschieben von schweren Konstruktionen eingesetzt.<\/p>\n<p>Ausstattung und Verarbeitung<br \/>\n\u2022 Yale ChroMo-Design.<br \/>\n\u2022 Betriebsdruck max. 700 bar.<br \/>\n\u2022 Einfachwirkend mit Federr\u00fcckzug.<br \/>\n\u2022 Gro\u00dfe durchgehende Mittelbohrung.<br \/>\n\u2022 Geh\u00e4use und Kolben aus massivem Chrom-Molybd\u00e4nstahl gefertigt und verg\u00fctet.<br \/>\n\u2022 Doppelte Bronzef\u00fchrung der hartverchromten Kolbenstange.<br \/>\n\u2022 Mit metrischen Befestigungsgewinden am Zylindergeh\u00e4use und in der Kolbenstange.<br \/>\n\u2022 Vollbelastbarer Kolben-Endanschlag.<br \/>\n\u2022 Mit auswechselbarem, geh\u00e4rtetem Druckst\u00fcck.<br \/>\n\u2022 Mit Schmutzabstreifer innen und au\u00dfen.<br \/>\n\u2022 \u00d6lanschlussgewinde 3\/8 NPT.<br \/>\n\u2022 Einschlie\u00dflich Kupplungsmuffe CFY-1.<br \/>\n\u2022 Ab YCS-21\/150 mit Tragegriff.<br \/>\n\u2022 Ab YCS-57\/70 mit zwei Trageringen.<\/p>\n","protected":false},"excerpt":{"rendered":"<p>Einfachwirkend mit Federr\u00fcckzug,<br \/>\nDruckkraft 12 &#8211; 93 t<br \/>\nAufgrund ihrer durchgehenden Mittelbohrung eignen sich diese Hohlkolben-Zylinder besonders f\u00fcr Eins\u00e4tze, bei denen hohe Zugkr\u00e4fte mittels Gewindespindeln aufgebracht werden m\u00fcssen.<br \/>\nHohlkolben-Zylinder werden bevorzugt beim Spannen von Zugankern, Ein- und Auspressen von Lagern, Wellen, Bolzen und H\u00fclsen, beim Ausziehen von Rohren und beim Ziehen bzw. Verschieben von schweren Konstruktionen eingesetzt.<\/p>\n<p>Ausstattung und Verarbeitung<br \/>\n\u2022 Yale ChroMo-Design.<br \/>\n\u2022 Betriebsdruck max. 700 bar.<br \/>\n\u2022 Einfachwirkend mit Federr\u00fcckzug.<br \/>\n\u2022 Gro\u00dfe durchgehende Mittelbohrung.<br \/>\n\u2022 Geh\u00e4use und Kolben aus massivem Chrom-Molybd\u00e4nstahl gefertigt und verg\u00fctet.<br \/>\n\u2022 Doppelte Bronzef\u00fchrung der hartverchromten Kolbenstange.<br \/>\n\u2022 Mit metrischen Befestigungsgewinden am Zylindergeh\u00e4use und in der Kolbenstange.<br \/>\n\u2022 Vollbelastbarer Kolben-Endanschlag.<br \/>\n\u2022 Mit auswechselbarem, geh\u00e4rtetem Druckst\u00fcck.<br \/>\n\u2022 Mit Schmutzabstreifer innen und au\u00dfen.<br \/>\n\u2022 \u00d6lanschlussgewinde 3\/8 NPT.<br \/>\n\u2022 Einschlie\u00dflich Kupplungsmuffe CFY-1.<br \/>\n\u2022 Ab YCS-21\/150 mit Tragegriff.<br \/>\n\u2022 Ab YCS-57\/70 mit zwei Trageringen.<\/p>\n","protected":false},"featured_media":22271,"template":"","meta":{"_acf_changed":false,"inline_featured_image":false},"product_brand":[],"product_cat":[1641],"product_tag":[705],"class_list":{"0":"post-25583","1":"product","2":"type-product","3":"status-publish","4":"has-post-thumbnail","6":"product_cat-hydraulische-zylinder","7":"product_tag-yale-de","9":"first","10":"onbackorder","11":"taxable","12":"shipping-taxable","13":"purchasable","14":"product-type-variable"},"acf":[],"yoast_head":"<!-- This site is optimized with the Yoast SEO plugin v27.4 - https:\/\/yoast.com\/product\/yoast-seo-wordpress\/ -->\n<title>YCS Hohlkolben-Zylinder - Ohis<\/title>\n<meta name=\"robots\" content=\"index, follow, max-snippet:-1, max-image-preview:large, max-video-preview:-1\" \/>\n<link rel=\"canonical\" href=\"https:\/\/www.ohis.be\/de\/produit\/ycs-hohlkolben-zylinder\/\" \/>\n<meta property=\"og:locale\" content=\"de_DE\" \/>\n<meta property=\"og:type\" content=\"article\" \/>\n<meta property=\"og:title\" content=\"YCS Hohlkolben-Zylinder - Ohis\" \/>\n<meta property=\"og:description\" content=\"Einfachwirkend mit Federr\u00fcckzug, Druckkraft 12 - 93 t Aufgrund ihrer durchgehenden Mittelbohrung eignen sich diese Hohlkolben-Zylinder besonders f\u00fcr Eins\u00e4tze, bei denen hohe Zugkr\u00e4fte mittels Gewindespindeln aufgebracht werden m\u00fcssen. Hohlkolben-Zylinder werden bevorzugt beim Spannen von Zugankern, Ein- und Auspressen von Lagern, Wellen, Bolzen und H\u00fclsen, beim Ausziehen von Rohren und beim Ziehen bzw. Verschieben von schweren Konstruktionen eingesetzt.  Ausstattung und Verarbeitung \u2022 Yale ChroMo-Design. \u2022 Betriebsdruck max. 700 bar. \u2022 Einfachwirkend mit Federr\u00fcckzug. \u2022 Gro\u00dfe durchgehende Mittelbohrung. \u2022 Geh\u00e4use und Kolben aus massivem Chrom-Molybd\u00e4nstahl gefertigt und verg\u00fctet. \u2022 Doppelte Bronzef\u00fchrung der hartverchromten Kolbenstange. \u2022 Mit metrischen Befestigungsgewinden am Zylindergeh\u00e4use und in der Kolbenstange. \u2022 Vollbelastbarer Kolben-Endanschlag. \u2022 Mit auswechselbarem, geh\u00e4rtetem Druckst\u00fcck. \u2022 Mit Schmutzabstreifer innen und au\u00dfen. \u2022 \u00d6lanschlussgewinde 3\/8 NPT. \u2022 Einschlie\u00dflich Kupplungsmuffe CFY-1. \u2022 Ab YCS-21\/150 mit Tragegriff. \u2022 Ab YCS-57\/70 mit zwei Trageringen.\" \/>\n<meta property=\"og:url\" content=\"https:\/\/www.ohis.be\/de\/produit\/ycs-hohlkolben-zylinder\/\" \/>\n<meta property=\"og:site_name\" content=\"Ohis\" \/>\n<meta property=\"og:image\" content=\"https:\/\/www.ohis.be\/wp-content\/uploads\/2022\/12\/yale_ycs.jpg\" \/>\n\t<meta property=\"og:image:width\" content=\"830\" \/>\n\t<meta property=\"og:image:height\" content=\"882\" \/>\n\t<meta property=\"og:image:type\" content=\"image\/jpeg\" \/>\n<meta name=\"twitter:card\" content=\"summary_large_image\" \/>\n<meta name=\"twitter:label1\" content=\"Gesch\u00e4tzte Lesezeit\" \/>\n\t<meta name=\"twitter:data1\" content=\"1\u00a0Minute\" \/>\n<script type=\"application\/ld+json\" class=\"yoast-schema-graph\">{\"@context\":\"https:\\\/\\\/schema.org\",\"@graph\":[{\"@type\":\"WebPage\",\"@id\":\"https:\\\/\\\/www.ohis.be\\\/de\\\/produit\\\/ycs-hohlkolben-zylinder\\\/\",\"url\":\"https:\\\/\\\/www.ohis.be\\\/de\\\/produit\\\/ycs-hohlkolben-zylinder\\\/\",\"name\":\"YCS Hohlkolben-Zylinder - Ohis\",\"isPartOf\":{\"@id\":\"https:\\\/\\\/www.ohis.be\\\/#website\"},\"primaryImageOfPage\":{\"@id\":\"https:\\\/\\\/www.ohis.be\\\/de\\\/produit\\\/ycs-hohlkolben-zylinder\\\/#primaryimage\"},\"image\":{\"@id\":\"https:\\\/\\\/www.ohis.be\\\/de\\\/produit\\\/ycs-hohlkolben-zylinder\\\/#primaryimage\"},\"thumbnailUrl\":\"https:\\\/\\\/www.ohis.be\\\/wp-content\\\/uploads\\\/2022\\\/12\\\/yale_ycs.jpg\",\"datePublished\":\"2022-12-29T08:44:54+00:00\",\"breadcrumb\":{\"@id\":\"https:\\\/\\\/www.ohis.be\\\/de\\\/produit\\\/ycs-hohlkolben-zylinder\\\/#breadcrumb\"},\"inLanguage\":\"de\",\"potentialAction\":[{\"@type\":\"ReadAction\",\"target\":[\"https:\\\/\\\/www.ohis.be\\\/de\\\/produit\\\/ycs-hohlkolben-zylinder\\\/\"]}]},{\"@type\":\"ImageObject\",\"inLanguage\":\"de\",\"@id\":\"https:\\\/\\\/www.ohis.be\\\/de\\\/produit\\\/ycs-hohlkolben-zylinder\\\/#primaryimage\",\"url\":\"https:\\\/\\\/www.ohis.be\\\/wp-content\\\/uploads\\\/2022\\\/12\\\/yale_ycs.jpg\",\"contentUrl\":\"https:\\\/\\\/www.ohis.be\\\/wp-content\\\/uploads\\\/2022\\\/12\\\/yale_ycs.jpg\",\"width\":830,\"height\":882},{\"@type\":\"BreadcrumbList\",\"@id\":\"https:\\\/\\\/www.ohis.be\\\/de\\\/produit\\\/ycs-hohlkolben-zylinder\\\/#breadcrumb\",\"itemListElement\":[{\"@type\":\"ListItem\",\"position\":1,\"name\":\"Accueil\",\"item\":\"https:\\\/\\\/www.ohis.be\\\/de\\\/\"},{\"@type\":\"ListItem\",\"position\":2,\"name\":\"Produkte\",\"item\":\"https:\\\/\\\/www.ohis.be\\\/de\\\/produkte\\\/\"},{\"@type\":\"ListItem\",\"position\":3,\"name\":\"YCS Hohlkolben-Zylinder\"}]},{\"@type\":\"WebSite\",\"@id\":\"https:\\\/\\\/www.ohis.be\\\/#website\",\"url\":\"https:\\\/\\\/www.ohis.be\\\/\",\"name\":\"Ohis\",\"description\":\"Outils de levage\",\"publisher\":{\"@id\":\"https:\\\/\\\/www.ohis.be\\\/#organization\"},\"potentialAction\":[{\"@type\":\"SearchAction\",\"target\":{\"@type\":\"EntryPoint\",\"urlTemplate\":\"https:\\\/\\\/www.ohis.be\\\/?s={search_term_string}\"},\"query-input\":{\"@type\":\"PropertyValueSpecification\",\"valueRequired\":true,\"valueName\":\"search_term_string\"}}],\"inLanguage\":\"de\"},{\"@type\":\"Organization\",\"@id\":\"https:\\\/\\\/www.ohis.be\\\/#organization\",\"name\":\"Ohis\",\"url\":\"https:\\\/\\\/www.ohis.be\\\/\",\"logo\":{\"@type\":\"ImageObject\",\"inLanguage\":\"de\",\"@id\":\"https:\\\/\\\/www.ohis.be\\\/#\\\/schema\\\/logo\\\/image\\\/\",\"url\":\"https:\\\/\\\/www.ohis.be\\\/wp-content\\\/uploads\\\/2021\\\/02\\\/logo-ohis-wit.svg\",\"contentUrl\":\"https:\\\/\\\/www.ohis.be\\\/wp-content\\\/uploads\\\/2021\\\/02\\\/logo-ohis-wit.svg\",\"caption\":\"Ohis\"},\"image\":{\"@id\":\"https:\\\/\\\/www.ohis.be\\\/#\\\/schema\\\/logo\\\/image\\\/\"}}]}<\/script>\n<!-- \/ Yoast SEO plugin. -->","yoast_head_json":{"title":"YCS Hohlkolben-Zylinder - Ohis","robots":{"index":"index","follow":"follow","max-snippet":"max-snippet:-1","max-image-preview":"max-image-preview:large","max-video-preview":"max-video-preview:-1"},"canonical":"https:\/\/www.ohis.be\/de\/produit\/ycs-hohlkolben-zylinder\/","og_locale":"de_DE","og_type":"article","og_title":"YCS Hohlkolben-Zylinder - Ohis","og_description":"Einfachwirkend mit Federr\u00fcckzug, Druckkraft 12 - 93 t Aufgrund ihrer durchgehenden Mittelbohrung eignen sich diese Hohlkolben-Zylinder besonders f\u00fcr Eins\u00e4tze, bei denen hohe Zugkr\u00e4fte mittels Gewindespindeln aufgebracht werden m\u00fcssen. Hohlkolben-Zylinder werden bevorzugt beim Spannen von Zugankern, Ein- und Auspressen von Lagern, Wellen, Bolzen und H\u00fclsen, beim Ausziehen von Rohren und beim Ziehen bzw. Verschieben von schweren Konstruktionen eingesetzt.  Ausstattung und Verarbeitung \u2022 Yale ChroMo-Design. \u2022 Betriebsdruck max. 700 bar. \u2022 Einfachwirkend mit Federr\u00fcckzug. \u2022 Gro\u00dfe durchgehende Mittelbohrung. \u2022 Geh\u00e4use und Kolben aus massivem Chrom-Molybd\u00e4nstahl gefertigt und verg\u00fctet. \u2022 Doppelte Bronzef\u00fchrung der hartverchromten Kolbenstange. \u2022 Mit metrischen Befestigungsgewinden am Zylindergeh\u00e4use und in der Kolbenstange. \u2022 Vollbelastbarer Kolben-Endanschlag. \u2022 Mit auswechselbarem, geh\u00e4rtetem Druckst\u00fcck. \u2022 Mit Schmutzabstreifer innen und au\u00dfen. \u2022 \u00d6lanschlussgewinde 3\/8 NPT. \u2022 Einschlie\u00dflich Kupplungsmuffe CFY-1. \u2022 Ab YCS-21\/150 mit Tragegriff. \u2022 Ab YCS-57\/70 mit zwei Trageringen.","og_url":"https:\/\/www.ohis.be\/de\/produit\/ycs-hohlkolben-zylinder\/","og_site_name":"Ohis","og_image":[{"width":830,"height":882,"url":"https:\/\/www.ohis.be\/wp-content\/uploads\/2022\/12\/yale_ycs.jpg","type":"image\/jpeg"}],"twitter_card":"summary_large_image","twitter_misc":{"Gesch\u00e4tzte Lesezeit":"1\u00a0Minute"},"schema":{"@context":"https:\/\/schema.org","@graph":[{"@type":"WebPage","@id":"https:\/\/www.ohis.be\/de\/produit\/ycs-hohlkolben-zylinder\/","url":"https:\/\/www.ohis.be\/de\/produit\/ycs-hohlkolben-zylinder\/","name":"YCS Hohlkolben-Zylinder - Ohis","isPartOf":{"@id":"https:\/\/www.ohis.be\/#website"},"primaryImageOfPage":{"@id":"https:\/\/www.ohis.be\/de\/produit\/ycs-hohlkolben-zylinder\/#primaryimage"},"image":{"@id":"https:\/\/www.ohis.be\/de\/produit\/ycs-hohlkolben-zylinder\/#primaryimage"},"thumbnailUrl":"https:\/\/www.ohis.be\/wp-content\/uploads\/2022\/12\/yale_ycs.jpg","datePublished":"2022-12-29T08:44:54+00:00","breadcrumb":{"@id":"https:\/\/www.ohis.be\/de\/produit\/ycs-hohlkolben-zylinder\/#breadcrumb"},"inLanguage":"de","potentialAction":[{"@type":"ReadAction","target":["https:\/\/www.ohis.be\/de\/produit\/ycs-hohlkolben-zylinder\/"]}]},{"@type":"ImageObject","inLanguage":"de","@id":"https:\/\/www.ohis.be\/de\/produit\/ycs-hohlkolben-zylinder\/#primaryimage","url":"https:\/\/www.ohis.be\/wp-content\/uploads\/2022\/12\/yale_ycs.jpg","contentUrl":"https:\/\/www.ohis.be\/wp-content\/uploads\/2022\/12\/yale_ycs.jpg","width":830,"height":882},{"@type":"BreadcrumbList","@id":"https:\/\/www.ohis.be\/de\/produit\/ycs-hohlkolben-zylinder\/#breadcrumb","itemListElement":[{"@type":"ListItem","position":1,"name":"Accueil","item":"https:\/\/www.ohis.be\/de\/"},{"@type":"ListItem","position":2,"name":"Produkte","item":"https:\/\/www.ohis.be\/de\/produkte\/"},{"@type":"ListItem","position":3,"name":"YCS Hohlkolben-Zylinder"}]},{"@type":"WebSite","@id":"https:\/\/www.ohis.be\/#website","url":"https:\/\/www.ohis.be\/","name":"Ohis","description":"Outils de levage","publisher":{"@id":"https:\/\/www.ohis.be\/#organization"},"potentialAction":[{"@type":"SearchAction","target":{"@type":"EntryPoint","urlTemplate":"https:\/\/www.ohis.be\/?s={search_term_string}"},"query-input":{"@type":"PropertyValueSpecification","valueRequired":true,"valueName":"search_term_string"}}],"inLanguage":"de"},{"@type":"Organization","@id":"https:\/\/www.ohis.be\/#organization","name":"Ohis","url":"https:\/\/www.ohis.be\/","logo":{"@type":"ImageObject","inLanguage":"de","@id":"https:\/\/www.ohis.be\/#\/schema\/logo\/image\/","url":"https:\/\/www.ohis.be\/wp-content\/uploads\/2021\/02\/logo-ohis-wit.svg","contentUrl":"https:\/\/www.ohis.be\/wp-content\/uploads\/2021\/02\/logo-ohis-wit.svg","caption":"Ohis"},"image":{"@id":"https:\/\/www.ohis.be\/#\/schema\/logo\/image\/"}}]}},"_links":{"self":[{"href":"https:\/\/www.ohis.be\/de\/wp-json\/wp\/v2\/product\/25583","targetHints":{"allow":["GET"]}}],"collection":[{"href":"https:\/\/www.ohis.be\/de\/wp-json\/wp\/v2\/product"}],"about":[{"href":"https:\/\/www.ohis.be\/de\/wp-json\/wp\/v2\/types\/product"}],"wp:featuredmedia":[{"embeddable":true,"href":"https:\/\/www.ohis.be\/de\/wp-json\/wp\/v2\/media\/22271"}],"wp:attachment":[{"href":"https:\/\/www.ohis.be\/de\/wp-json\/wp\/v2\/media?parent=25583"}],"wp:term":[{"taxonomy":"product_brand","embeddable":true,"href":"https:\/\/www.ohis.be\/de\/wp-json\/wp\/v2\/product_brand?post=25583"},{"taxonomy":"product_cat","embeddable":true,"href":"https:\/\/www.ohis.be\/de\/wp-json\/wp\/v2\/product_cat?post=25583"},{"taxonomy":"product_tag","embeddable":true,"href":"https:\/\/www.ohis.be\/de\/wp-json\/wp\/v2\/product_tag?post=25583"}],"curies":[{"name":"wp","href":"https:\/\/api.w.org\/{rel}","templated":true}]}}