{"id":25566,"date":"2022-12-29T09:56:25","date_gmt":"2022-12-29T08:56:25","guid":{"rendered":"https:\/\/www.ohis.be\/produit\/ych-hohlkolben-zylinder\/"},"modified":"2022-12-29T09:56:25","modified_gmt":"2022-12-29T08:56:25","slug":"ych-hohlkolben-zylinder","status":"publish","type":"product","link":"https:\/\/www.ohis.be\/de\/produit\/ych-hohlkolben-zylinder\/","title":{"rendered":"YCH Hohlkolben-Zylinder"},"content":{"rendered":"<p>Doppeltwirkend mit hydraulischem<br \/>\nKolbenr\u00fcckzug, Druckkraft 33 &#8211; 140 t<br \/>\nDie Anwendungsm\u00f6glichkeiten und Einsatzbedingungen sind die gleichen wie bei den umseitig gezeigten einfachwirkenden Hohlkolben-Zylindern, jedoch erfolgt der Kolbenr\u00fcckzug bei diesen doppeltwirkenden Zylindern hydraulisch mittels zweitem \u00d6lanschluss. Diese doppeltwirkenden Zylinder werden eingesetzt, wenn der R\u00fcckzug des Kolbens mit hydraulischer Kraft oder in sehr kurzer Zeit erfolgen soll (wie z. B. beim Takt-Zugverfahren).<\/p>\n<p>Ausstattung und Verarbeitung<br \/>\n\u2022 Yale ChroMo-Design.<br \/>\n\u2022 Betriebsdruck max. 700 bar.<br \/>\n\u2022 Doppeltwirkend mit hydraulischem Kolbenr\u00fcckzug.<br \/>\n\u2022 Gro\u00dfe durchgehende Mittelbohrung.<br \/>\n\u2022 Geh\u00e4use und Kolben aus massivem Chrom-Molybd\u00e4nstahl gefertigt und verg\u00fctet.<br \/>\n\u2022 Doppelte Bronzef\u00fchrung der hartverchromten Kolbenstange.<br \/>\n\u2022 Mit metrischen Befestigungsgewinden am Zylindergeh\u00e4use und in der Kolbenstange.<br \/>\n\u2022 Vollbelastbarer Kolben-Endanschlag.<br \/>\n\u2022 Mit auswechselbarem, geh\u00e4rtetem Druckst\u00fcck.<br \/>\n\u2022 Mit Schmutzabstreifer innen und au\u00dfen.<br \/>\n\u2022 \u00d6lanschlussgewinde 3\/8 NPT.<br \/>\n\u2022 Einschlie\u00dflich zwei Kupplungsmuffen CFY-1.<br \/>\n\u2022 Alle Zylinder mit Tragegriff, ab YCH-62\/250 mit zwei Trageringen.<\/p>\n","protected":false},"excerpt":{"rendered":"<p>Doppeltwirkend mit hydraulischem<br \/>\nKolbenr\u00fcckzug, Druckkraft 33 &#8211; 140 t<br \/>\nDie Anwendungsm\u00f6glichkeiten und Einsatzbedingungen sind die gleichen wie bei den umseitig gezeigten einfachwirkenden Hohlkolben-Zylindern, jedoch erfolgt der Kolbenr\u00fcckzug bei diesen doppeltwirkenden Zylindern hydraulisch mittels zweitem \u00d6lanschluss. Diese doppeltwirkenden Zylinder werden eingesetzt, wenn der R\u00fcckzug des Kolbens mit hydraulischer Kraft oder in sehr kurzer Zeit erfolgen soll (wie z. B. beim Takt-Zugverfahren).<\/p>\n<p>Ausstattung und Verarbeitung<br \/>\n\u2022 Yale ChroMo-Design.<br \/>\n\u2022 Betriebsdruck max. 700 bar.<br \/>\n\u2022 Doppeltwirkend mit hydraulischem Kolbenr\u00fcckzug.<br \/>\n\u2022 Gro\u00dfe durchgehende Mittelbohrung.<br \/>\n\u2022 Geh\u00e4use und Kolben aus massivem Chrom-Molybd\u00e4nstahl gefertigt und verg\u00fctet.<br \/>\n\u2022 Doppelte Bronzef\u00fchrung der hartverchromten Kolbenstange.<br \/>\n\u2022 Mit metrischen Befestigungsgewinden am Zylindergeh\u00e4use und in der Kolbenstange.<br \/>\n\u2022 Vollbelastbarer Kolben-Endanschlag.<br \/>\n\u2022 Mit auswechselbarem, geh\u00e4rtetem Druckst\u00fcck.<br \/>\n\u2022 Mit Schmutzabstreifer innen und au\u00dfen.<br \/>\n\u2022 \u00d6lanschlussgewinde 3\/8 NPT.<br \/>\n\u2022 Einschlie\u00dflich zwei Kupplungsmuffen CFY-1.<br \/>\n\u2022 Alle Zylinder mit Tragegriff, ab YCH-62\/250 mit zwei Trageringen.<\/p>\n","protected":false},"featured_media":22283,"template":"","meta":{"_acf_changed":false,"inline_featured_image":false},"product_brand":[],"product_cat":[1641],"product_tag":[705],"class_list":{"0":"post-25566","1":"product","2":"type-product","3":"status-publish","4":"has-post-thumbnail","6":"product_cat-hydraulische-zylinder","7":"product_tag-yale-de","9":"first","10":"onbackorder","11":"taxable","12":"shipping-taxable","13":"purchasable","14":"product-type-variable"},"acf":[],"yoast_head":"<!-- This site is optimized with the Yoast SEO plugin v27.4 - https:\/\/yoast.com\/product\/yoast-seo-wordpress\/ -->\n<title>YCH Hohlkolben-Zylinder - Ohis<\/title>\n<meta name=\"robots\" content=\"index, follow, max-snippet:-1, max-image-preview:large, max-video-preview:-1\" \/>\n<link rel=\"canonical\" href=\"https:\/\/www.ohis.be\/de\/produit\/ych-hohlkolben-zylinder\/\" \/>\n<meta property=\"og:locale\" content=\"de_DE\" \/>\n<meta property=\"og:type\" content=\"article\" \/>\n<meta property=\"og:title\" content=\"YCH Hohlkolben-Zylinder - Ohis\" \/>\n<meta property=\"og:description\" content=\"Doppeltwirkend mit hydraulischem Kolbenr\u00fcckzug, Druckkraft 33 - 140 t Die Anwendungsm\u00f6glichkeiten und Einsatzbedingungen sind die gleichen wie bei den umseitig gezeigten einfachwirkenden Hohlkolben-Zylindern, jedoch erfolgt der Kolbenr\u00fcckzug bei diesen doppeltwirkenden Zylindern hydraulisch mittels zweitem \u00d6lanschluss. Diese doppeltwirkenden Zylinder werden eingesetzt, wenn der R\u00fcckzug des Kolbens mit hydraulischer Kraft oder in sehr kurzer Zeit erfolgen soll (wie z. B. beim Takt-Zugverfahren).  Ausstattung und Verarbeitung \u2022 Yale ChroMo-Design. \u2022 Betriebsdruck max. 700 bar. \u2022 Doppeltwirkend mit hydraulischem Kolbenr\u00fcckzug. \u2022 Gro\u00dfe durchgehende Mittelbohrung. \u2022 Geh\u00e4use und Kolben aus massivem Chrom-Molybd\u00e4nstahl gefertigt und verg\u00fctet. \u2022 Doppelte Bronzef\u00fchrung der hartverchromten Kolbenstange. \u2022 Mit metrischen Befestigungsgewinden am Zylindergeh\u00e4use und in der Kolbenstange. \u2022 Vollbelastbarer Kolben-Endanschlag. \u2022 Mit auswechselbarem, geh\u00e4rtetem Druckst\u00fcck. \u2022 Mit Schmutzabstreifer innen und au\u00dfen. \u2022 \u00d6lanschlussgewinde 3\/8 NPT. \u2022 Einschlie\u00dflich zwei Kupplungsmuffen CFY-1. \u2022 Alle Zylinder mit Tragegriff, ab YCH-62\/250 mit zwei Trageringen.\" \/>\n<meta property=\"og:url\" content=\"https:\/\/www.ohis.be\/de\/produit\/ych-hohlkolben-zylinder\/\" \/>\n<meta property=\"og:site_name\" content=\"Ohis\" \/>\n<meta property=\"og:image\" content=\"https:\/\/www.ohis.be\/wp-content\/uploads\/2022\/12\/yale-ych.jpg\" \/>\n\t<meta property=\"og:image:width\" content=\"525\" \/>\n\t<meta property=\"og:image:height\" content=\"379\" \/>\n\t<meta property=\"og:image:type\" content=\"image\/jpeg\" \/>\n<meta name=\"twitter:card\" content=\"summary_large_image\" \/>\n<meta name=\"twitter:label1\" content=\"Gesch\u00e4tzte Lesezeit\" \/>\n\t<meta name=\"twitter:data1\" content=\"1\u00a0Minute\" \/>\n<script type=\"application\/ld+json\" class=\"yoast-schema-graph\">{\"@context\":\"https:\\\/\\\/schema.org\",\"@graph\":[{\"@type\":\"WebPage\",\"@id\":\"https:\\\/\\\/www.ohis.be\\\/de\\\/produit\\\/ych-hohlkolben-zylinder\\\/\",\"url\":\"https:\\\/\\\/www.ohis.be\\\/de\\\/produit\\\/ych-hohlkolben-zylinder\\\/\",\"name\":\"YCH Hohlkolben-Zylinder - Ohis\",\"isPartOf\":{\"@id\":\"https:\\\/\\\/www.ohis.be\\\/#website\"},\"primaryImageOfPage\":{\"@id\":\"https:\\\/\\\/www.ohis.be\\\/de\\\/produit\\\/ych-hohlkolben-zylinder\\\/#primaryimage\"},\"image\":{\"@id\":\"https:\\\/\\\/www.ohis.be\\\/de\\\/produit\\\/ych-hohlkolben-zylinder\\\/#primaryimage\"},\"thumbnailUrl\":\"https:\\\/\\\/www.ohis.be\\\/wp-content\\\/uploads\\\/2022\\\/12\\\/yale-ych.jpg\",\"datePublished\":\"2022-12-29T08:56:25+00:00\",\"breadcrumb\":{\"@id\":\"https:\\\/\\\/www.ohis.be\\\/de\\\/produit\\\/ych-hohlkolben-zylinder\\\/#breadcrumb\"},\"inLanguage\":\"de\",\"potentialAction\":[{\"@type\":\"ReadAction\",\"target\":[\"https:\\\/\\\/www.ohis.be\\\/de\\\/produit\\\/ych-hohlkolben-zylinder\\\/\"]}]},{\"@type\":\"ImageObject\",\"inLanguage\":\"de\",\"@id\":\"https:\\\/\\\/www.ohis.be\\\/de\\\/produit\\\/ych-hohlkolben-zylinder\\\/#primaryimage\",\"url\":\"https:\\\/\\\/www.ohis.be\\\/wp-content\\\/uploads\\\/2022\\\/12\\\/yale-ych.jpg\",\"contentUrl\":\"https:\\\/\\\/www.ohis.be\\\/wp-content\\\/uploads\\\/2022\\\/12\\\/yale-ych.jpg\",\"width\":525,\"height\":379,\"caption\":\"SPOTLIGHT 40249 -36\"},{\"@type\":\"BreadcrumbList\",\"@id\":\"https:\\\/\\\/www.ohis.be\\\/de\\\/produit\\\/ych-hohlkolben-zylinder\\\/#breadcrumb\",\"itemListElement\":[{\"@type\":\"ListItem\",\"position\":1,\"name\":\"Accueil\",\"item\":\"https:\\\/\\\/www.ohis.be\\\/de\\\/\"},{\"@type\":\"ListItem\",\"position\":2,\"name\":\"Produkte\",\"item\":\"https:\\\/\\\/www.ohis.be\\\/de\\\/produkte\\\/\"},{\"@type\":\"ListItem\",\"position\":3,\"name\":\"YCH Hohlkolben-Zylinder\"}]},{\"@type\":\"WebSite\",\"@id\":\"https:\\\/\\\/www.ohis.be\\\/#website\",\"url\":\"https:\\\/\\\/www.ohis.be\\\/\",\"name\":\"Ohis\",\"description\":\"Outils de levage\",\"publisher\":{\"@id\":\"https:\\\/\\\/www.ohis.be\\\/#organization\"},\"potentialAction\":[{\"@type\":\"SearchAction\",\"target\":{\"@type\":\"EntryPoint\",\"urlTemplate\":\"https:\\\/\\\/www.ohis.be\\\/?s={search_term_string}\"},\"query-input\":{\"@type\":\"PropertyValueSpecification\",\"valueRequired\":true,\"valueName\":\"search_term_string\"}}],\"inLanguage\":\"de\"},{\"@type\":\"Organization\",\"@id\":\"https:\\\/\\\/www.ohis.be\\\/#organization\",\"name\":\"Ohis\",\"url\":\"https:\\\/\\\/www.ohis.be\\\/\",\"logo\":{\"@type\":\"ImageObject\",\"inLanguage\":\"de\",\"@id\":\"https:\\\/\\\/www.ohis.be\\\/#\\\/schema\\\/logo\\\/image\\\/\",\"url\":\"https:\\\/\\\/www.ohis.be\\\/wp-content\\\/uploads\\\/2021\\\/02\\\/logo-ohis-wit.svg\",\"contentUrl\":\"https:\\\/\\\/www.ohis.be\\\/wp-content\\\/uploads\\\/2021\\\/02\\\/logo-ohis-wit.svg\",\"caption\":\"Ohis\"},\"image\":{\"@id\":\"https:\\\/\\\/www.ohis.be\\\/#\\\/schema\\\/logo\\\/image\\\/\"}}]}<\/script>\n<!-- \/ Yoast SEO plugin. -->","yoast_head_json":{"title":"YCH Hohlkolben-Zylinder - Ohis","robots":{"index":"index","follow":"follow","max-snippet":"max-snippet:-1","max-image-preview":"max-image-preview:large","max-video-preview":"max-video-preview:-1"},"canonical":"https:\/\/www.ohis.be\/de\/produit\/ych-hohlkolben-zylinder\/","og_locale":"de_DE","og_type":"article","og_title":"YCH Hohlkolben-Zylinder - Ohis","og_description":"Doppeltwirkend mit hydraulischem Kolbenr\u00fcckzug, Druckkraft 33 - 140 t Die Anwendungsm\u00f6glichkeiten und Einsatzbedingungen sind die gleichen wie bei den umseitig gezeigten einfachwirkenden Hohlkolben-Zylindern, jedoch erfolgt der Kolbenr\u00fcckzug bei diesen doppeltwirkenden Zylindern hydraulisch mittels zweitem \u00d6lanschluss. Diese doppeltwirkenden Zylinder werden eingesetzt, wenn der R\u00fcckzug des Kolbens mit hydraulischer Kraft oder in sehr kurzer Zeit erfolgen soll (wie z. B. beim Takt-Zugverfahren).  Ausstattung und Verarbeitung \u2022 Yale ChroMo-Design. \u2022 Betriebsdruck max. 700 bar. \u2022 Doppeltwirkend mit hydraulischem Kolbenr\u00fcckzug. \u2022 Gro\u00dfe durchgehende Mittelbohrung. \u2022 Geh\u00e4use und Kolben aus massivem Chrom-Molybd\u00e4nstahl gefertigt und verg\u00fctet. \u2022 Doppelte Bronzef\u00fchrung der hartverchromten Kolbenstange. \u2022 Mit metrischen Befestigungsgewinden am Zylindergeh\u00e4use und in der Kolbenstange. \u2022 Vollbelastbarer Kolben-Endanschlag. \u2022 Mit auswechselbarem, geh\u00e4rtetem Druckst\u00fcck. \u2022 Mit Schmutzabstreifer innen und au\u00dfen. \u2022 \u00d6lanschlussgewinde 3\/8 NPT. \u2022 Einschlie\u00dflich zwei Kupplungsmuffen CFY-1. \u2022 Alle Zylinder mit Tragegriff, ab YCH-62\/250 mit zwei Trageringen.","og_url":"https:\/\/www.ohis.be\/de\/produit\/ych-hohlkolben-zylinder\/","og_site_name":"Ohis","og_image":[{"width":525,"height":379,"url":"https:\/\/www.ohis.be\/wp-content\/uploads\/2022\/12\/yale-ych.jpg","type":"image\/jpeg"}],"twitter_card":"summary_large_image","twitter_misc":{"Gesch\u00e4tzte Lesezeit":"1\u00a0Minute"},"schema":{"@context":"https:\/\/schema.org","@graph":[{"@type":"WebPage","@id":"https:\/\/www.ohis.be\/de\/produit\/ych-hohlkolben-zylinder\/","url":"https:\/\/www.ohis.be\/de\/produit\/ych-hohlkolben-zylinder\/","name":"YCH Hohlkolben-Zylinder - Ohis","isPartOf":{"@id":"https:\/\/www.ohis.be\/#website"},"primaryImageOfPage":{"@id":"https:\/\/www.ohis.be\/de\/produit\/ych-hohlkolben-zylinder\/#primaryimage"},"image":{"@id":"https:\/\/www.ohis.be\/de\/produit\/ych-hohlkolben-zylinder\/#primaryimage"},"thumbnailUrl":"https:\/\/www.ohis.be\/wp-content\/uploads\/2022\/12\/yale-ych.jpg","datePublished":"2022-12-29T08:56:25+00:00","breadcrumb":{"@id":"https:\/\/www.ohis.be\/de\/produit\/ych-hohlkolben-zylinder\/#breadcrumb"},"inLanguage":"de","potentialAction":[{"@type":"ReadAction","target":["https:\/\/www.ohis.be\/de\/produit\/ych-hohlkolben-zylinder\/"]}]},{"@type":"ImageObject","inLanguage":"de","@id":"https:\/\/www.ohis.be\/de\/produit\/ych-hohlkolben-zylinder\/#primaryimage","url":"https:\/\/www.ohis.be\/wp-content\/uploads\/2022\/12\/yale-ych.jpg","contentUrl":"https:\/\/www.ohis.be\/wp-content\/uploads\/2022\/12\/yale-ych.jpg","width":525,"height":379,"caption":"SPOTLIGHT 40249 -36"},{"@type":"BreadcrumbList","@id":"https:\/\/www.ohis.be\/de\/produit\/ych-hohlkolben-zylinder\/#breadcrumb","itemListElement":[{"@type":"ListItem","position":1,"name":"Accueil","item":"https:\/\/www.ohis.be\/de\/"},{"@type":"ListItem","position":2,"name":"Produkte","item":"https:\/\/www.ohis.be\/de\/produkte\/"},{"@type":"ListItem","position":3,"name":"YCH Hohlkolben-Zylinder"}]},{"@type":"WebSite","@id":"https:\/\/www.ohis.be\/#website","url":"https:\/\/www.ohis.be\/","name":"Ohis","description":"Outils de levage","publisher":{"@id":"https:\/\/www.ohis.be\/#organization"},"potentialAction":[{"@type":"SearchAction","target":{"@type":"EntryPoint","urlTemplate":"https:\/\/www.ohis.be\/?s={search_term_string}"},"query-input":{"@type":"PropertyValueSpecification","valueRequired":true,"valueName":"search_term_string"}}],"inLanguage":"de"},{"@type":"Organization","@id":"https:\/\/www.ohis.be\/#organization","name":"Ohis","url":"https:\/\/www.ohis.be\/","logo":{"@type":"ImageObject","inLanguage":"de","@id":"https:\/\/www.ohis.be\/#\/schema\/logo\/image\/","url":"https:\/\/www.ohis.be\/wp-content\/uploads\/2021\/02\/logo-ohis-wit.svg","contentUrl":"https:\/\/www.ohis.be\/wp-content\/uploads\/2021\/02\/logo-ohis-wit.svg","caption":"Ohis"},"image":{"@id":"https:\/\/www.ohis.be\/#\/schema\/logo\/image\/"}}]}},"_links":{"self":[{"href":"https:\/\/www.ohis.be\/de\/wp-json\/wp\/v2\/product\/25566","targetHints":{"allow":["GET"]}}],"collection":[{"href":"https:\/\/www.ohis.be\/de\/wp-json\/wp\/v2\/product"}],"about":[{"href":"https:\/\/www.ohis.be\/de\/wp-json\/wp\/v2\/types\/product"}],"wp:featuredmedia":[{"embeddable":true,"href":"https:\/\/www.ohis.be\/de\/wp-json\/wp\/v2\/media\/22283"}],"wp:attachment":[{"href":"https:\/\/www.ohis.be\/de\/wp-json\/wp\/v2\/media?parent=25566"}],"wp:term":[{"taxonomy":"product_brand","embeddable":true,"href":"https:\/\/www.ohis.be\/de\/wp-json\/wp\/v2\/product_brand?post=25566"},{"taxonomy":"product_cat","embeddable":true,"href":"https:\/\/www.ohis.be\/de\/wp-json\/wp\/v2\/product_cat?post=25566"},{"taxonomy":"product_tag","embeddable":true,"href":"https:\/\/www.ohis.be\/de\/wp-json\/wp\/v2\/product_tag?post=25566"}],"curies":[{"name":"wp","href":"https:\/\/api.w.org\/{rel}","templated":true}]}}