{"id":25534,"date":"2022-12-29T11:03:44","date_gmt":"2022-12-29T10:03:44","guid":{"rendered":"https:\/\/www.ohis.be\/produit\/yh-universal-zylinder-doppeltwirkend-mit-hydraulischem\/"},"modified":"2022-12-29T11:03:44","modified_gmt":"2022-12-29T10:03:44","slug":"yh-universal-zylinder-doppeltwirkend-mit-hydraulischem","status":"publish","type":"product","link":"https:\/\/www.ohis.be\/de\/produit\/yh-universal-zylinder-doppeltwirkend-mit-hydraulischem\/","title":{"rendered":"YH Universal-Zylinder doppeltwirkend mit hydraulischem"},"content":{"rendered":"<p>Doppeltwirkend mit hydraulischem<br \/>\nKolbenr\u00fcckzug, Druckkraft 5 &#8211; 200 t<br \/>\nUniversal-Zylinder mit sehr hoher Lebensdauer und schnellem hydraulischem R\u00fcckhub mit hoher R\u00fcckzugskraft. Der \u00e4u\u00dferst robuste Aufbau aus hervorragenden Grundmaterialien und die lange Kolbenf\u00fchrung machen diese Zylinderbaureihe ideal f\u00fcr h\u00e4rteste Einsatzbedingungen.<br \/>\nTypische Anwendungsbereiche der doppeltwirkenden Universal-Zylinder sind der Pressen- und Vorrichtungsbau, Schwermontagen und Gro\u00df-Reparaturen, schwerer Stahl-, Schiff- und Br\u00fcckenbau, Off-Shore sowie alle industriellen Eins\u00e4tze die hohe Druck- und Zugkr\u00e4fte erfordern.<\/p>\n<p>Ausstattung und Verarbeitung<br \/>\n\u2022 Yale ChroMo-Design.<br \/>\n\u2022 Betriebsdruck max. 700 bar.<br \/>\n\u2022 Doppeltwirkend mit hydraulischem Kolbenr\u00fcckzug.<br \/>\n\u2022 Besonders seitenlastvertr\u00e4glich durch lange Kolbenf\u00fchrungen.<br \/>\n\u2022 Hubl\u00e4ngen von 30 bis 500 mm.<br \/>\n\u2022 Geh\u00e4use und Kolben aus massivem Chrom-Molybd\u00e4nstahl gefertigt und verg\u00fctet.<br \/>\n\u2022 Doppelte Bronzef\u00fchrung der hartverchromten Kolbenstange.<br \/>\n\u2022 Mit metrischen Befestigungsgewinden am Zylindergeh\u00e4use, im Zylinderboden und in der Kolbenstange.<br \/>\n\u2022 Vollbelastbarer Stoppring als Kolben-Endanschlag.<br \/>\n\u2022 Mit auswechselbarem, geh\u00e4rtetem Druckst\u00fcck.<br \/>\n\u2022 Mit Schmutzabstreifer.<br \/>\n\u2022 \u00d6lanschlussgewinde 3\/8 NPT.<br \/>\n\u2022 Einschlie\u00dflich zwei Kupplungsmuffen CFY-1.<br \/>\n\u2022 Ab YH-30\/200 mit Tragegriff.<br \/>\n\u2022 Ab YH-50\/350 mit zwei Trageringen.<\/p>\n","protected":false},"excerpt":{"rendered":"<p>Doppeltwirkend mit hydraulischem<br \/>\nKolbenr\u00fcckzug, Druckkraft 5 &#8211; 200 t<br \/>\nUniversal-Zylinder mit sehr hoher Lebensdauer und schnellem hydraulischem R\u00fcckhub mit hoher R\u00fcckzugskraft. Der \u00e4u\u00dferst robuste Aufbau aus hervorragenden Grundmaterialien und die lange Kolbenf\u00fchrung machen diese Zylinderbaureihe ideal f\u00fcr h\u00e4rteste Einsatzbedingungen.<br \/>\nTypische Anwendungsbereiche der doppeltwirkenden Universal-Zylinder sind der Pressen- und Vorrichtungsbau, Schwermontagen und Gro\u00df-Reparaturen, schwerer Stahl-, Schiff- und Br\u00fcckenbau, Off-Shore sowie alle industriellen Eins\u00e4tze die hohe Druck- und Zugkr\u00e4fte erfordern.<\/p>\n<p>Ausstattung und Verarbeitung<br \/>\n\u2022 Yale ChroMo-Design.<br \/>\n\u2022 Betriebsdruck max. 700 bar.<br \/>\n\u2022 Doppeltwirkend mit hydraulischem Kolbenr\u00fcckzug.<br \/>\n\u2022 Besonders seitenlastvertr\u00e4glich durch lange Kolbenf\u00fchrungen.<br \/>\n\u2022 Hubl\u00e4ngen von 30 bis 500 mm.<br \/>\n\u2022 Geh\u00e4use und Kolben aus massivem Chrom-Molybd\u00e4nstahl gefertigt und verg\u00fctet.<br \/>\n\u2022 Doppelte Bronzef\u00fchrung der hartverchromten Kolbenstange.<br \/>\n\u2022 Mit metrischen Befestigungsgewinden am Zylindergeh\u00e4use, im Zylinderboden und in der Kolbenstange.<br \/>\n\u2022 Vollbelastbarer Stoppring als Kolben-Endanschlag.<br \/>\n\u2022 Mit auswechselbarem, geh\u00e4rtetem Druckst\u00fcck.<br \/>\n\u2022 Mit Schmutzabstreifer.<br \/>\n\u2022 \u00d6lanschlussgewinde 3\/8 NPT.<br \/>\n\u2022 Einschlie\u00dflich zwei Kupplungsmuffen CFY-1.<br \/>\n\u2022 Ab YH-30\/200 mit Tragegriff.<br \/>\n\u2022 Ab YH-50\/350 mit zwei Trageringen.<\/p>\n","protected":false},"featured_media":22331,"template":"","meta":{"_acf_changed":false,"inline_featured_image":false},"product_brand":[],"product_cat":[1641],"product_tag":[705],"class_list":{"0":"post-25534","1":"product","2":"type-product","3":"status-publish","4":"has-post-thumbnail","6":"product_cat-hydraulische-zylinder","7":"product_tag-yale-de","9":"first","10":"onbackorder","11":"taxable","12":"shipping-taxable","13":"purchasable","14":"product-type-variable"},"acf":[],"yoast_head":"<!-- This site is optimized with the Yoast SEO plugin v27.4 - https:\/\/yoast.com\/product\/yoast-seo-wordpress\/ -->\n<title>YH Universal-Zylinder doppeltwirkend mit hydraulischem - Ohis<\/title>\n<meta name=\"robots\" content=\"index, follow, max-snippet:-1, max-image-preview:large, max-video-preview:-1\" \/>\n<link rel=\"canonical\" href=\"https:\/\/www.ohis.be\/de\/produit\/yh-universal-zylinder-doppeltwirkend-mit-hydraulischem\/\" \/>\n<meta property=\"og:locale\" content=\"de_DE\" \/>\n<meta property=\"og:type\" content=\"article\" \/>\n<meta property=\"og:title\" content=\"YH Universal-Zylinder doppeltwirkend mit hydraulischem - Ohis\" \/>\n<meta property=\"og:description\" content=\"Doppeltwirkend mit hydraulischem Kolbenr\u00fcckzug, Druckkraft 5 - 200 t Universal-Zylinder mit sehr hoher Lebensdauer und schnellem hydraulischem R\u00fcckhub mit hoher R\u00fcckzugskraft. Der \u00e4u\u00dferst robuste Aufbau aus hervorragenden Grundmaterialien und die lange Kolbenf\u00fchrung machen diese Zylinderbaureihe ideal f\u00fcr h\u00e4rteste Einsatzbedingungen. Typische Anwendungsbereiche der doppeltwirkenden Universal-Zylinder sind der Pressen- und Vorrichtungsbau, Schwermontagen und Gro\u00df-Reparaturen, schwerer Stahl-, Schiff- und Br\u00fcckenbau, Off-Shore sowie alle industriellen Eins\u00e4tze die hohe Druck- und Zugkr\u00e4fte erfordern.  Ausstattung und Verarbeitung \u2022 Yale ChroMo-Design. \u2022 Betriebsdruck max. 700 bar. \u2022 Doppeltwirkend mit hydraulischem Kolbenr\u00fcckzug. \u2022 Besonders seitenlastvertr\u00e4glich durch lange Kolbenf\u00fchrungen. \u2022 Hubl\u00e4ngen von 30 bis 500 mm. \u2022 Geh\u00e4use und Kolben aus massivem Chrom-Molybd\u00e4nstahl gefertigt und verg\u00fctet. \u2022 Doppelte Bronzef\u00fchrung der hartverchromten Kolbenstange. \u2022 Mit metrischen Befestigungsgewinden am Zylindergeh\u00e4use, im Zylinderboden und in der Kolbenstange. \u2022 Vollbelastbarer Stoppring als Kolben-Endanschlag. \u2022 Mit auswechselbarem, geh\u00e4rtetem Druckst\u00fcck. \u2022 Mit Schmutzabstreifer. \u2022 \u00d6lanschlussgewinde 3\/8 NPT. \u2022 Einschlie\u00dflich zwei Kupplungsmuffen CFY-1. \u2022 Ab YH-30\/200 mit Tragegriff. \u2022 Ab YH-50\/350 mit zwei Trageringen.\" \/>\n<meta property=\"og:url\" content=\"https:\/\/www.ohis.be\/de\/produit\/yh-universal-zylinder-doppeltwirkend-mit-hydraulischem\/\" \/>\n<meta property=\"og:site_name\" content=\"Ohis\" \/>\n<meta property=\"og:image\" content=\"https:\/\/www.ohis.be\/wp-content\/uploads\/2022\/12\/yale-yh.jpg\" \/>\n\t<meta property=\"og:image:width\" content=\"525\" \/>\n\t<meta property=\"og:image:height\" content=\"482\" \/>\n\t<meta property=\"og:image:type\" content=\"image\/jpeg\" \/>\n<meta name=\"twitter:card\" content=\"summary_large_image\" \/>\n<meta name=\"twitter:label1\" content=\"Gesch\u00e4tzte Lesezeit\" \/>\n\t<meta name=\"twitter:data1\" content=\"1\u00a0Minute\" \/>\n<script type=\"application\/ld+json\" class=\"yoast-schema-graph\">{\"@context\":\"https:\\\/\\\/schema.org\",\"@graph\":[{\"@type\":\"WebPage\",\"@id\":\"https:\\\/\\\/www.ohis.be\\\/de\\\/produit\\\/yh-universal-zylinder-doppeltwirkend-mit-hydraulischem\\\/\",\"url\":\"https:\\\/\\\/www.ohis.be\\\/de\\\/produit\\\/yh-universal-zylinder-doppeltwirkend-mit-hydraulischem\\\/\",\"name\":\"YH Universal-Zylinder doppeltwirkend mit hydraulischem - Ohis\",\"isPartOf\":{\"@id\":\"https:\\\/\\\/www.ohis.be\\\/#website\"},\"primaryImageOfPage\":{\"@id\":\"https:\\\/\\\/www.ohis.be\\\/de\\\/produit\\\/yh-universal-zylinder-doppeltwirkend-mit-hydraulischem\\\/#primaryimage\"},\"image\":{\"@id\":\"https:\\\/\\\/www.ohis.be\\\/de\\\/produit\\\/yh-universal-zylinder-doppeltwirkend-mit-hydraulischem\\\/#primaryimage\"},\"thumbnailUrl\":\"https:\\\/\\\/www.ohis.be\\\/wp-content\\\/uploads\\\/2022\\\/12\\\/yale-yh.jpg\",\"datePublished\":\"2022-12-29T10:03:44+00:00\",\"breadcrumb\":{\"@id\":\"https:\\\/\\\/www.ohis.be\\\/de\\\/produit\\\/yh-universal-zylinder-doppeltwirkend-mit-hydraulischem\\\/#breadcrumb\"},\"inLanguage\":\"de\",\"potentialAction\":[{\"@type\":\"ReadAction\",\"target\":[\"https:\\\/\\\/www.ohis.be\\\/de\\\/produit\\\/yh-universal-zylinder-doppeltwirkend-mit-hydraulischem\\\/\"]}]},{\"@type\":\"ImageObject\",\"inLanguage\":\"de\",\"@id\":\"https:\\\/\\\/www.ohis.be\\\/de\\\/produit\\\/yh-universal-zylinder-doppeltwirkend-mit-hydraulischem\\\/#primaryimage\",\"url\":\"https:\\\/\\\/www.ohis.be\\\/wp-content\\\/uploads\\\/2022\\\/12\\\/yale-yh.jpg\",\"contentUrl\":\"https:\\\/\\\/www.ohis.be\\\/wp-content\\\/uploads\\\/2022\\\/12\\\/yale-yh.jpg\",\"width\":525,\"height\":482,\"caption\":\"SPOTLIGHT 40249 -35\"},{\"@type\":\"BreadcrumbList\",\"@id\":\"https:\\\/\\\/www.ohis.be\\\/de\\\/produit\\\/yh-universal-zylinder-doppeltwirkend-mit-hydraulischem\\\/#breadcrumb\",\"itemListElement\":[{\"@type\":\"ListItem\",\"position\":1,\"name\":\"Accueil\",\"item\":\"https:\\\/\\\/www.ohis.be\\\/de\\\/\"},{\"@type\":\"ListItem\",\"position\":2,\"name\":\"Produkte\",\"item\":\"https:\\\/\\\/www.ohis.be\\\/de\\\/produkte\\\/\"},{\"@type\":\"ListItem\",\"position\":3,\"name\":\"YH Universal-Zylinder doppeltwirkend mit hydraulischem\"}]},{\"@type\":\"WebSite\",\"@id\":\"https:\\\/\\\/www.ohis.be\\\/#website\",\"url\":\"https:\\\/\\\/www.ohis.be\\\/\",\"name\":\"Ohis\",\"description\":\"Outils de levage\",\"publisher\":{\"@id\":\"https:\\\/\\\/www.ohis.be\\\/#organization\"},\"potentialAction\":[{\"@type\":\"SearchAction\",\"target\":{\"@type\":\"EntryPoint\",\"urlTemplate\":\"https:\\\/\\\/www.ohis.be\\\/?s={search_term_string}\"},\"query-input\":{\"@type\":\"PropertyValueSpecification\",\"valueRequired\":true,\"valueName\":\"search_term_string\"}}],\"inLanguage\":\"de\"},{\"@type\":\"Organization\",\"@id\":\"https:\\\/\\\/www.ohis.be\\\/#organization\",\"name\":\"Ohis\",\"url\":\"https:\\\/\\\/www.ohis.be\\\/\",\"logo\":{\"@type\":\"ImageObject\",\"inLanguage\":\"de\",\"@id\":\"https:\\\/\\\/www.ohis.be\\\/#\\\/schema\\\/logo\\\/image\\\/\",\"url\":\"https:\\\/\\\/www.ohis.be\\\/wp-content\\\/uploads\\\/2021\\\/02\\\/logo-ohis-wit.svg\",\"contentUrl\":\"https:\\\/\\\/www.ohis.be\\\/wp-content\\\/uploads\\\/2021\\\/02\\\/logo-ohis-wit.svg\",\"caption\":\"Ohis\"},\"image\":{\"@id\":\"https:\\\/\\\/www.ohis.be\\\/#\\\/schema\\\/logo\\\/image\\\/\"}}]}<\/script>\n<!-- \/ Yoast SEO plugin. -->","yoast_head_json":{"title":"YH Universal-Zylinder doppeltwirkend mit hydraulischem - Ohis","robots":{"index":"index","follow":"follow","max-snippet":"max-snippet:-1","max-image-preview":"max-image-preview:large","max-video-preview":"max-video-preview:-1"},"canonical":"https:\/\/www.ohis.be\/de\/produit\/yh-universal-zylinder-doppeltwirkend-mit-hydraulischem\/","og_locale":"de_DE","og_type":"article","og_title":"YH Universal-Zylinder doppeltwirkend mit hydraulischem - Ohis","og_description":"Doppeltwirkend mit hydraulischem Kolbenr\u00fcckzug, Druckkraft 5 - 200 t Universal-Zylinder mit sehr hoher Lebensdauer und schnellem hydraulischem R\u00fcckhub mit hoher R\u00fcckzugskraft. Der \u00e4u\u00dferst robuste Aufbau aus hervorragenden Grundmaterialien und die lange Kolbenf\u00fchrung machen diese Zylinderbaureihe ideal f\u00fcr h\u00e4rteste Einsatzbedingungen. Typische Anwendungsbereiche der doppeltwirkenden Universal-Zylinder sind der Pressen- und Vorrichtungsbau, Schwermontagen und Gro\u00df-Reparaturen, schwerer Stahl-, Schiff- und Br\u00fcckenbau, Off-Shore sowie alle industriellen Eins\u00e4tze die hohe Druck- und Zugkr\u00e4fte erfordern.  Ausstattung und Verarbeitung \u2022 Yale ChroMo-Design. \u2022 Betriebsdruck max. 700 bar. \u2022 Doppeltwirkend mit hydraulischem Kolbenr\u00fcckzug. \u2022 Besonders seitenlastvertr\u00e4glich durch lange Kolbenf\u00fchrungen. \u2022 Hubl\u00e4ngen von 30 bis 500 mm. \u2022 Geh\u00e4use und Kolben aus massivem Chrom-Molybd\u00e4nstahl gefertigt und verg\u00fctet. \u2022 Doppelte Bronzef\u00fchrung der hartverchromten Kolbenstange. \u2022 Mit metrischen Befestigungsgewinden am Zylindergeh\u00e4use, im Zylinderboden und in der Kolbenstange. \u2022 Vollbelastbarer Stoppring als Kolben-Endanschlag. \u2022 Mit auswechselbarem, geh\u00e4rtetem Druckst\u00fcck. \u2022 Mit Schmutzabstreifer. \u2022 \u00d6lanschlussgewinde 3\/8 NPT. \u2022 Einschlie\u00dflich zwei Kupplungsmuffen CFY-1. \u2022 Ab YH-30\/200 mit Tragegriff. \u2022 Ab YH-50\/350 mit zwei Trageringen.","og_url":"https:\/\/www.ohis.be\/de\/produit\/yh-universal-zylinder-doppeltwirkend-mit-hydraulischem\/","og_site_name":"Ohis","og_image":[{"width":525,"height":482,"url":"https:\/\/www.ohis.be\/wp-content\/uploads\/2022\/12\/yale-yh.jpg","type":"image\/jpeg"}],"twitter_card":"summary_large_image","twitter_misc":{"Gesch\u00e4tzte Lesezeit":"1\u00a0Minute"},"schema":{"@context":"https:\/\/schema.org","@graph":[{"@type":"WebPage","@id":"https:\/\/www.ohis.be\/de\/produit\/yh-universal-zylinder-doppeltwirkend-mit-hydraulischem\/","url":"https:\/\/www.ohis.be\/de\/produit\/yh-universal-zylinder-doppeltwirkend-mit-hydraulischem\/","name":"YH Universal-Zylinder doppeltwirkend mit hydraulischem - Ohis","isPartOf":{"@id":"https:\/\/www.ohis.be\/#website"},"primaryImageOfPage":{"@id":"https:\/\/www.ohis.be\/de\/produit\/yh-universal-zylinder-doppeltwirkend-mit-hydraulischem\/#primaryimage"},"image":{"@id":"https:\/\/www.ohis.be\/de\/produit\/yh-universal-zylinder-doppeltwirkend-mit-hydraulischem\/#primaryimage"},"thumbnailUrl":"https:\/\/www.ohis.be\/wp-content\/uploads\/2022\/12\/yale-yh.jpg","datePublished":"2022-12-29T10:03:44+00:00","breadcrumb":{"@id":"https:\/\/www.ohis.be\/de\/produit\/yh-universal-zylinder-doppeltwirkend-mit-hydraulischem\/#breadcrumb"},"inLanguage":"de","potentialAction":[{"@type":"ReadAction","target":["https:\/\/www.ohis.be\/de\/produit\/yh-universal-zylinder-doppeltwirkend-mit-hydraulischem\/"]}]},{"@type":"ImageObject","inLanguage":"de","@id":"https:\/\/www.ohis.be\/de\/produit\/yh-universal-zylinder-doppeltwirkend-mit-hydraulischem\/#primaryimage","url":"https:\/\/www.ohis.be\/wp-content\/uploads\/2022\/12\/yale-yh.jpg","contentUrl":"https:\/\/www.ohis.be\/wp-content\/uploads\/2022\/12\/yale-yh.jpg","width":525,"height":482,"caption":"SPOTLIGHT 40249 -35"},{"@type":"BreadcrumbList","@id":"https:\/\/www.ohis.be\/de\/produit\/yh-universal-zylinder-doppeltwirkend-mit-hydraulischem\/#breadcrumb","itemListElement":[{"@type":"ListItem","position":1,"name":"Accueil","item":"https:\/\/www.ohis.be\/de\/"},{"@type":"ListItem","position":2,"name":"Produkte","item":"https:\/\/www.ohis.be\/de\/produkte\/"},{"@type":"ListItem","position":3,"name":"YH Universal-Zylinder doppeltwirkend mit hydraulischem"}]},{"@type":"WebSite","@id":"https:\/\/www.ohis.be\/#website","url":"https:\/\/www.ohis.be\/","name":"Ohis","description":"Outils de levage","publisher":{"@id":"https:\/\/www.ohis.be\/#organization"},"potentialAction":[{"@type":"SearchAction","target":{"@type":"EntryPoint","urlTemplate":"https:\/\/www.ohis.be\/?s={search_term_string}"},"query-input":{"@type":"PropertyValueSpecification","valueRequired":true,"valueName":"search_term_string"}}],"inLanguage":"de"},{"@type":"Organization","@id":"https:\/\/www.ohis.be\/#organization","name":"Ohis","url":"https:\/\/www.ohis.be\/","logo":{"@type":"ImageObject","inLanguage":"de","@id":"https:\/\/www.ohis.be\/#\/schema\/logo\/image\/","url":"https:\/\/www.ohis.be\/wp-content\/uploads\/2021\/02\/logo-ohis-wit.svg","contentUrl":"https:\/\/www.ohis.be\/wp-content\/uploads\/2021\/02\/logo-ohis-wit.svg","caption":"Ohis"},"image":{"@id":"https:\/\/www.ohis.be\/#\/schema\/logo\/image\/"}}]}},"_links":{"self":[{"href":"https:\/\/www.ohis.be\/de\/wp-json\/wp\/v2\/product\/25534","targetHints":{"allow":["GET"]}}],"collection":[{"href":"https:\/\/www.ohis.be\/de\/wp-json\/wp\/v2\/product"}],"about":[{"href":"https:\/\/www.ohis.be\/de\/wp-json\/wp\/v2\/types\/product"}],"wp:featuredmedia":[{"embeddable":true,"href":"https:\/\/www.ohis.be\/de\/wp-json\/wp\/v2\/media\/22331"}],"wp:attachment":[{"href":"https:\/\/www.ohis.be\/de\/wp-json\/wp\/v2\/media?parent=25534"}],"wp:term":[{"taxonomy":"product_brand","embeddable":true,"href":"https:\/\/www.ohis.be\/de\/wp-json\/wp\/v2\/product_brand?post=25534"},{"taxonomy":"product_cat","embeddable":true,"href":"https:\/\/www.ohis.be\/de\/wp-json\/wp\/v2\/product_cat?post=25534"},{"taxonomy":"product_tag","embeddable":true,"href":"https:\/\/www.ohis.be\/de\/wp-json\/wp\/v2\/product_tag?post=25534"}],"curies":[{"name":"wp","href":"https:\/\/api.w.org\/{rel}","templated":true}]}}