{"id":25506,"date":"2022-12-29T10:45:56","date_gmt":"2022-12-29T09:45:56","guid":{"rendered":"https:\/\/www.ohis.be\/produit\/yelb-hydraulikzylinder-mit-sicherheitsmutter\/"},"modified":"2022-12-29T10:45:56","modified_gmt":"2022-12-29T09:45:56","slug":"yelb-hydraulikzylinder-mit-sicherheitsmutter","status":"publish","type":"product","link":"https:\/\/www.ohis.be\/de\/produit\/yelb-hydraulikzylinder-mit-sicherheitsmutter\/","title":{"rendered":"YELB Hydraulikzylinder mit Sicherheitsmutter"},"content":{"rendered":"<p>Einfachwirkend, ohne Federr\u00fcckzug Druckkraft max. 30 &#8211; 1.100 t<br \/>\nDiese Hydraulikzylinder mit Sicherheitsmutter (Stellring) werden eingesetzt, wenn Lasten \u00fcber einen l\u00e4ngeren Zeitraum im aufgebockten Zustand verbleiben sollen. Durch ihre Sicherheitsmutter wirken die Zylinder wie ein mechanischer Bock; die Hydraulik kann vollkommen entlastet werden.<br \/>\nVielf\u00e4ltige Eins\u00e4tze im Bauwesen, im schweren Maschinen- und Stahlbau, Anlagen-, Schiff- und Br\u00fcckenbau sowie im schweren Vorrichtungsbau.<br \/>\nZum Anheben und Bewegen von schwersten Lasten, z. B. Gro\u00df-Maschinen, Br\u00fccken und F\u00f6rderanlagen wie auch zum Unterfangen von Geb\u00e4uden, zum Aufbocken von Schwerkonstruktionen und dergleichen mehr.<\/p>\n<p>Ausstattung und Verarbeitung<br \/>\n\u2022 Betriebsdruck max. 700 bar.<br \/>\n\u2022 Einfachwirkend ohne Federr\u00fcckzug.<br \/>\n\u2022 Robuste F\u00fchrung des Kolbens in speziellen B\u00e4ndern.<br \/>\n\u2022 Hartverchromter Kolben mit Trapezgewinde.<br \/>\n\u2022 Sicherheits-Abspritzbohrung als Hubbegrenzung.<br \/>\n\u2022 Mit auswechselbarem, geh\u00e4rtetem Druckst\u00fcck.<br \/>\n\u2022 \u00d6lanschlussgewinde 3\/8 NPT.<br \/>\n\u2022 Einschlie\u00dflich Kupplungsmuffe CFY-1.<br \/>\n\u2022 Alle Zylinder mit Trage\u00f6sen.<\/p>\n","protected":false},"excerpt":{"rendered":"<p>Einfachwirkend, ohne Federr\u00fcckzug Druckkraft max. 30 &#8211; 1.100 t<br \/>\nDiese Hydraulikzylinder mit Sicherheitsmutter (Stellring) werden eingesetzt, wenn Lasten \u00fcber einen l\u00e4ngeren Zeitraum im aufgebockten Zustand verbleiben sollen. Durch ihre Sicherheitsmutter wirken die Zylinder wie ein mechanischer Bock; die Hydraulik kann vollkommen entlastet werden.<br \/>\nVielf\u00e4ltige Eins\u00e4tze im Bauwesen, im schweren Maschinen- und Stahlbau, Anlagen-, Schiff- und Br\u00fcckenbau sowie im schweren Vorrichtungsbau.<br \/>\nZum Anheben und Bewegen von schwersten Lasten, z. B. Gro\u00df-Maschinen, Br\u00fccken und F\u00f6rderanlagen wie auch zum Unterfangen von Geb\u00e4uden, zum Aufbocken von Schwerkonstruktionen und dergleichen mehr.<\/p>\n<p>Ausstattung und Verarbeitung<br \/>\n\u2022 Betriebsdruck max. 700 bar.<br \/>\n\u2022 Einfachwirkend ohne Federr\u00fcckzug.<br \/>\n\u2022 Robuste F\u00fchrung des Kolbens in speziellen B\u00e4ndern.<br \/>\n\u2022 Hartverchromter Kolben mit Trapezgewinde.<br \/>\n\u2022 Sicherheits-Abspritzbohrung als Hubbegrenzung.<br \/>\n\u2022 Mit auswechselbarem, geh\u00e4rtetem Druckst\u00fcck.<br \/>\n\u2022 \u00d6lanschlussgewinde 3\/8 NPT.<br \/>\n\u2022 Einschlie\u00dflich Kupplungsmuffe CFY-1.<br \/>\n\u2022 Alle Zylinder mit Trage\u00f6sen.<\/p>\n","protected":false},"featured_media":22311,"template":"","meta":{"_acf_changed":false,"inline_featured_image":false},"product_brand":[],"product_cat":[1641],"product_tag":[705],"class_list":{"0":"post-25506","1":"product","2":"type-product","3":"status-publish","4":"has-post-thumbnail","6":"product_cat-hydraulische-zylinder","7":"product_tag-yale-de","9":"first","10":"onbackorder","11":"taxable","12":"shipping-taxable","13":"purchasable","14":"product-type-simple"},"acf":[],"yoast_head":"<!-- This site is optimized with the Yoast SEO plugin v27.4 - https:\/\/yoast.com\/product\/yoast-seo-wordpress\/ -->\n<title>YELB Hydraulikzylinder mit Sicherheitsmutter - Ohis<\/title>\n<meta name=\"robots\" content=\"index, follow, max-snippet:-1, max-image-preview:large, max-video-preview:-1\" \/>\n<link rel=\"canonical\" href=\"https:\/\/www.ohis.be\/de\/produit\/yelb-hydraulikzylinder-mit-sicherheitsmutter\/\" \/>\n<meta property=\"og:locale\" content=\"de_DE\" \/>\n<meta property=\"og:type\" content=\"article\" \/>\n<meta property=\"og:title\" content=\"YELB Hydraulikzylinder mit Sicherheitsmutter - Ohis\" \/>\n<meta property=\"og:description\" content=\"Einfachwirkend, ohne Federr\u00fcckzug Druckkraft max. 30 - 1.100 t Diese Hydraulikzylinder mit Sicherheitsmutter (Stellring) werden eingesetzt, wenn Lasten \u00fcber einen l\u00e4ngeren Zeitraum im aufgebockten Zustand verbleiben sollen. Durch ihre Sicherheitsmutter wirken die Zylinder wie ein mechanischer Bock; die Hydraulik kann vollkommen entlastet werden. Vielf\u00e4ltige Eins\u00e4tze im Bauwesen, im schweren Maschinen- und Stahlbau, Anlagen-, Schiff- und Br\u00fcckenbau sowie im schweren Vorrichtungsbau. Zum Anheben und Bewegen von schwersten Lasten, z. B. Gro\u00df-Maschinen, Br\u00fccken und F\u00f6rderanlagen wie auch zum Unterfangen von Geb\u00e4uden, zum Aufbocken von Schwerkonstruktionen und dergleichen mehr.  Ausstattung und Verarbeitung \u2022 Betriebsdruck max. 700 bar. \u2022 Einfachwirkend ohne Federr\u00fcckzug. \u2022 Robuste F\u00fchrung des Kolbens in speziellen B\u00e4ndern. \u2022 Hartverchromter Kolben mit Trapezgewinde. \u2022 Sicherheits-Abspritzbohrung als Hubbegrenzung. \u2022 Mit auswechselbarem, geh\u00e4rtetem Druckst\u00fcck. \u2022 \u00d6lanschlussgewinde 3\/8 NPT. \u2022 Einschlie\u00dflich Kupplungsmuffe CFY-1. \u2022 Alle Zylinder mit Trage\u00f6sen.\" \/>\n<meta property=\"og:url\" content=\"https:\/\/www.ohis.be\/de\/produit\/yelb-hydraulikzylinder-mit-sicherheitsmutter\/\" \/>\n<meta property=\"og:site_name\" content=\"Ohis\" \/>\n<meta property=\"og:image\" content=\"https:\/\/www.ohis.be\/wp-content\/uploads\/2022\/12\/yale-yelb.jpg\" \/>\n\t<meta property=\"og:image:width\" content=\"525\" \/>\n\t<meta property=\"og:image:height\" content=\"341\" \/>\n\t<meta property=\"og:image:type\" content=\"image\/jpeg\" \/>\n<meta name=\"twitter:card\" content=\"summary_large_image\" \/>\n<meta name=\"twitter:label1\" content=\"Gesch\u00e4tzte Lesezeit\" \/>\n\t<meta name=\"twitter:data1\" content=\"1\u00a0Minute\" \/>\n<script type=\"application\/ld+json\" class=\"yoast-schema-graph\">{\"@context\":\"https:\\\/\\\/schema.org\",\"@graph\":[{\"@type\":\"WebPage\",\"@id\":\"https:\\\/\\\/www.ohis.be\\\/de\\\/produit\\\/yelb-hydraulikzylinder-mit-sicherheitsmutter\\\/\",\"url\":\"https:\\\/\\\/www.ohis.be\\\/de\\\/produit\\\/yelb-hydraulikzylinder-mit-sicherheitsmutter\\\/\",\"name\":\"YELB Hydraulikzylinder mit Sicherheitsmutter - Ohis\",\"isPartOf\":{\"@id\":\"https:\\\/\\\/www.ohis.be\\\/#website\"},\"primaryImageOfPage\":{\"@id\":\"https:\\\/\\\/www.ohis.be\\\/de\\\/produit\\\/yelb-hydraulikzylinder-mit-sicherheitsmutter\\\/#primaryimage\"},\"image\":{\"@id\":\"https:\\\/\\\/www.ohis.be\\\/de\\\/produit\\\/yelb-hydraulikzylinder-mit-sicherheitsmutter\\\/#primaryimage\"},\"thumbnailUrl\":\"https:\\\/\\\/www.ohis.be\\\/wp-content\\\/uploads\\\/2022\\\/12\\\/yale-yelb.jpg\",\"datePublished\":\"2022-12-29T09:45:56+00:00\",\"breadcrumb\":{\"@id\":\"https:\\\/\\\/www.ohis.be\\\/de\\\/produit\\\/yelb-hydraulikzylinder-mit-sicherheitsmutter\\\/#breadcrumb\"},\"inLanguage\":\"de\",\"potentialAction\":[{\"@type\":\"ReadAction\",\"target\":[\"https:\\\/\\\/www.ohis.be\\\/de\\\/produit\\\/yelb-hydraulikzylinder-mit-sicherheitsmutter\\\/\"]}]},{\"@type\":\"ImageObject\",\"inLanguage\":\"de\",\"@id\":\"https:\\\/\\\/www.ohis.be\\\/de\\\/produit\\\/yelb-hydraulikzylinder-mit-sicherheitsmutter\\\/#primaryimage\",\"url\":\"https:\\\/\\\/www.ohis.be\\\/wp-content\\\/uploads\\\/2022\\\/12\\\/yale-yelb.jpg\",\"contentUrl\":\"https:\\\/\\\/www.ohis.be\\\/wp-content\\\/uploads\\\/2022\\\/12\\\/yale-yelb.jpg\",\"width\":525,\"height\":341,\"caption\":\"SPOTLIGHT 40249 -24\"},{\"@type\":\"BreadcrumbList\",\"@id\":\"https:\\\/\\\/www.ohis.be\\\/de\\\/produit\\\/yelb-hydraulikzylinder-mit-sicherheitsmutter\\\/#breadcrumb\",\"itemListElement\":[{\"@type\":\"ListItem\",\"position\":1,\"name\":\"Accueil\",\"item\":\"https:\\\/\\\/www.ohis.be\\\/de\\\/\"},{\"@type\":\"ListItem\",\"position\":2,\"name\":\"Produkte\",\"item\":\"https:\\\/\\\/www.ohis.be\\\/de\\\/produkte\\\/\"},{\"@type\":\"ListItem\",\"position\":3,\"name\":\"YELB Hydraulikzylinder mit Sicherheitsmutter\"}]},{\"@type\":\"WebSite\",\"@id\":\"https:\\\/\\\/www.ohis.be\\\/#website\",\"url\":\"https:\\\/\\\/www.ohis.be\\\/\",\"name\":\"Ohis\",\"description\":\"Outils de levage\",\"publisher\":{\"@id\":\"https:\\\/\\\/www.ohis.be\\\/#organization\"},\"potentialAction\":[{\"@type\":\"SearchAction\",\"target\":{\"@type\":\"EntryPoint\",\"urlTemplate\":\"https:\\\/\\\/www.ohis.be\\\/?s={search_term_string}\"},\"query-input\":{\"@type\":\"PropertyValueSpecification\",\"valueRequired\":true,\"valueName\":\"search_term_string\"}}],\"inLanguage\":\"de\"},{\"@type\":\"Organization\",\"@id\":\"https:\\\/\\\/www.ohis.be\\\/#organization\",\"name\":\"Ohis\",\"url\":\"https:\\\/\\\/www.ohis.be\\\/\",\"logo\":{\"@type\":\"ImageObject\",\"inLanguage\":\"de\",\"@id\":\"https:\\\/\\\/www.ohis.be\\\/#\\\/schema\\\/logo\\\/image\\\/\",\"url\":\"https:\\\/\\\/www.ohis.be\\\/wp-content\\\/uploads\\\/2021\\\/02\\\/logo-ohis-wit.svg\",\"contentUrl\":\"https:\\\/\\\/www.ohis.be\\\/wp-content\\\/uploads\\\/2021\\\/02\\\/logo-ohis-wit.svg\",\"caption\":\"Ohis\"},\"image\":{\"@id\":\"https:\\\/\\\/www.ohis.be\\\/#\\\/schema\\\/logo\\\/image\\\/\"}}]}<\/script>\n<!-- \/ Yoast SEO plugin. -->","yoast_head_json":{"title":"YELB Hydraulikzylinder mit Sicherheitsmutter - Ohis","robots":{"index":"index","follow":"follow","max-snippet":"max-snippet:-1","max-image-preview":"max-image-preview:large","max-video-preview":"max-video-preview:-1"},"canonical":"https:\/\/www.ohis.be\/de\/produit\/yelb-hydraulikzylinder-mit-sicherheitsmutter\/","og_locale":"de_DE","og_type":"article","og_title":"YELB Hydraulikzylinder mit Sicherheitsmutter - Ohis","og_description":"Einfachwirkend, ohne Federr\u00fcckzug Druckkraft max. 30 - 1.100 t Diese Hydraulikzylinder mit Sicherheitsmutter (Stellring) werden eingesetzt, wenn Lasten \u00fcber einen l\u00e4ngeren Zeitraum im aufgebockten Zustand verbleiben sollen. Durch ihre Sicherheitsmutter wirken die Zylinder wie ein mechanischer Bock; die Hydraulik kann vollkommen entlastet werden. Vielf\u00e4ltige Eins\u00e4tze im Bauwesen, im schweren Maschinen- und Stahlbau, Anlagen-, Schiff- und Br\u00fcckenbau sowie im schweren Vorrichtungsbau. Zum Anheben und Bewegen von schwersten Lasten, z. B. Gro\u00df-Maschinen, Br\u00fccken und F\u00f6rderanlagen wie auch zum Unterfangen von Geb\u00e4uden, zum Aufbocken von Schwerkonstruktionen und dergleichen mehr.  Ausstattung und Verarbeitung \u2022 Betriebsdruck max. 700 bar. \u2022 Einfachwirkend ohne Federr\u00fcckzug. \u2022 Robuste F\u00fchrung des Kolbens in speziellen B\u00e4ndern. \u2022 Hartverchromter Kolben mit Trapezgewinde. \u2022 Sicherheits-Abspritzbohrung als Hubbegrenzung. \u2022 Mit auswechselbarem, geh\u00e4rtetem Druckst\u00fcck. \u2022 \u00d6lanschlussgewinde 3\/8 NPT. \u2022 Einschlie\u00dflich Kupplungsmuffe CFY-1. \u2022 Alle Zylinder mit Trage\u00f6sen.","og_url":"https:\/\/www.ohis.be\/de\/produit\/yelb-hydraulikzylinder-mit-sicherheitsmutter\/","og_site_name":"Ohis","og_image":[{"width":525,"height":341,"url":"https:\/\/www.ohis.be\/wp-content\/uploads\/2022\/12\/yale-yelb.jpg","type":"image\/jpeg"}],"twitter_card":"summary_large_image","twitter_misc":{"Gesch\u00e4tzte Lesezeit":"1\u00a0Minute"},"schema":{"@context":"https:\/\/schema.org","@graph":[{"@type":"WebPage","@id":"https:\/\/www.ohis.be\/de\/produit\/yelb-hydraulikzylinder-mit-sicherheitsmutter\/","url":"https:\/\/www.ohis.be\/de\/produit\/yelb-hydraulikzylinder-mit-sicherheitsmutter\/","name":"YELB Hydraulikzylinder mit Sicherheitsmutter - Ohis","isPartOf":{"@id":"https:\/\/www.ohis.be\/#website"},"primaryImageOfPage":{"@id":"https:\/\/www.ohis.be\/de\/produit\/yelb-hydraulikzylinder-mit-sicherheitsmutter\/#primaryimage"},"image":{"@id":"https:\/\/www.ohis.be\/de\/produit\/yelb-hydraulikzylinder-mit-sicherheitsmutter\/#primaryimage"},"thumbnailUrl":"https:\/\/www.ohis.be\/wp-content\/uploads\/2022\/12\/yale-yelb.jpg","datePublished":"2022-12-29T09:45:56+00:00","breadcrumb":{"@id":"https:\/\/www.ohis.be\/de\/produit\/yelb-hydraulikzylinder-mit-sicherheitsmutter\/#breadcrumb"},"inLanguage":"de","potentialAction":[{"@type":"ReadAction","target":["https:\/\/www.ohis.be\/de\/produit\/yelb-hydraulikzylinder-mit-sicherheitsmutter\/"]}]},{"@type":"ImageObject","inLanguage":"de","@id":"https:\/\/www.ohis.be\/de\/produit\/yelb-hydraulikzylinder-mit-sicherheitsmutter\/#primaryimage","url":"https:\/\/www.ohis.be\/wp-content\/uploads\/2022\/12\/yale-yelb.jpg","contentUrl":"https:\/\/www.ohis.be\/wp-content\/uploads\/2022\/12\/yale-yelb.jpg","width":525,"height":341,"caption":"SPOTLIGHT 40249 -24"},{"@type":"BreadcrumbList","@id":"https:\/\/www.ohis.be\/de\/produit\/yelb-hydraulikzylinder-mit-sicherheitsmutter\/#breadcrumb","itemListElement":[{"@type":"ListItem","position":1,"name":"Accueil","item":"https:\/\/www.ohis.be\/de\/"},{"@type":"ListItem","position":2,"name":"Produkte","item":"https:\/\/www.ohis.be\/de\/produkte\/"},{"@type":"ListItem","position":3,"name":"YELB Hydraulikzylinder mit Sicherheitsmutter"}]},{"@type":"WebSite","@id":"https:\/\/www.ohis.be\/#website","url":"https:\/\/www.ohis.be\/","name":"Ohis","description":"Outils de levage","publisher":{"@id":"https:\/\/www.ohis.be\/#organization"},"potentialAction":[{"@type":"SearchAction","target":{"@type":"EntryPoint","urlTemplate":"https:\/\/www.ohis.be\/?s={search_term_string}"},"query-input":{"@type":"PropertyValueSpecification","valueRequired":true,"valueName":"search_term_string"}}],"inLanguage":"de"},{"@type":"Organization","@id":"https:\/\/www.ohis.be\/#organization","name":"Ohis","url":"https:\/\/www.ohis.be\/","logo":{"@type":"ImageObject","inLanguage":"de","@id":"https:\/\/www.ohis.be\/#\/schema\/logo\/image\/","url":"https:\/\/www.ohis.be\/wp-content\/uploads\/2021\/02\/logo-ohis-wit.svg","contentUrl":"https:\/\/www.ohis.be\/wp-content\/uploads\/2021\/02\/logo-ohis-wit.svg","caption":"Ohis"},"image":{"@id":"https:\/\/www.ohis.be\/#\/schema\/logo\/image\/"}}]}},"_links":{"self":[{"href":"https:\/\/www.ohis.be\/de\/wp-json\/wp\/v2\/product\/25506","targetHints":{"allow":["GET"]}}],"collection":[{"href":"https:\/\/www.ohis.be\/de\/wp-json\/wp\/v2\/product"}],"about":[{"href":"https:\/\/www.ohis.be\/de\/wp-json\/wp\/v2\/types\/product"}],"wp:featuredmedia":[{"embeddable":true,"href":"https:\/\/www.ohis.be\/de\/wp-json\/wp\/v2\/media\/22311"}],"wp:attachment":[{"href":"https:\/\/www.ohis.be\/de\/wp-json\/wp\/v2\/media?parent=25506"}],"wp:term":[{"taxonomy":"product_brand","embeddable":true,"href":"https:\/\/www.ohis.be\/de\/wp-json\/wp\/v2\/product_brand?post=25506"},{"taxonomy":"product_cat","embeddable":true,"href":"https:\/\/www.ohis.be\/de\/wp-json\/wp\/v2\/product_cat?post=25506"},{"taxonomy":"product_tag","embeddable":true,"href":"https:\/\/www.ohis.be\/de\/wp-json\/wp\/v2\/product_tag?post=25506"}],"curies":[{"name":"wp","href":"https:\/\/api.w.org\/{rel}","templated":true}]}}