{"id":25504,"date":"2022-12-29T10:48:58","date_gmt":"2022-12-29T09:48:58","guid":{"rendered":"https:\/\/www.ohis.be\/produit\/yegb-schwerlast-zylinder\/"},"modified":"2023-02-08T09:00:34","modified_gmt":"2023-02-08T08:00:34","slug":"yegb-schwerlast-zylinder","status":"publish","type":"product","link":"https:\/\/www.ohis.be\/de\/produit\/yegb-schwerlast-zylinder\/","title":{"rendered":"YEGB Schwerlast-Zylinder"},"content":{"rendered":"<p>Einfachwirkend, ohne Federr\u00fcckzug Druckkraft max. 140 &#8211; 1.100 t<br \/>\nDiese preiswerten Schwerlast-Zylinder der Baureihe YEGB werden eingesetzt, wenn schwerste Lasten angehoben, nivelliert oder gewogen werden m\u00fcssen.<br \/>\nVielf\u00e4ltige Eins\u00e4tze im Bauwesen, im schweren Maschinen- und Stahlbau, Anlagen-, Schiff- und Br\u00fcckenbau sowie im schweren Vorrichtungsbau.<br \/>\nZum Anheben und Bewegen von schwersten Lasten, z. B. Gro\u00df-Maschinen, Br\u00fccken und F\u00f6rderanlagen, wie auch zum Unterfangen von Geb\u00e4uden, zum Aufbocken von Schwerkonstruktionen und dergleichen mehr.<\/p>\n","protected":false},"excerpt":{"rendered":"<p>Einfachwirkend, ohne Federr\u00fcckzug Druckkraft max. 140 &#8211; 1.100 t<br \/>\nDiese preiswerten Schwerlast-Zylinder der Baureihe YEGB werden eingesetzt, wenn schwerste Lasten angehoben, nivelliert oder gewogen werden m\u00fcssen.<br \/>\nVielf\u00e4ltige Eins\u00e4tze im Bauwesen, im schweren Maschinen- und Stahlbau, Anlagen-, Schiff- und Br\u00fcckenbau sowie im schweren Vorrichtungsbau.<br \/>\nZum Anheben und Bewegen von schwersten Lasten, z. B. Gro\u00df-Maschinen, Br\u00fccken und F\u00f6rderanlagen, wie auch zum Unterfangen von Geb\u00e4uden, zum Aufbocken von Schwerkonstruktionen und dergleichen mehr.<\/p>\n","protected":false},"featured_media":22295,"template":"","meta":{"_acf_changed":false,"inline_featured_image":false},"product_brand":[],"product_cat":[1641],"product_tag":[705],"class_list":{"0":"post-25504","1":"product","2":"type-product","3":"status-publish","4":"has-post-thumbnail","6":"product_cat-hydraulische-zylinder","7":"product_tag-yale-de","9":"first","10":"onbackorder","11":"taxable","12":"shipping-taxable","13":"purchasable","14":"product-type-simple"},"acf":[],"yoast_head":"<!-- This site is optimized with the Yoast SEO plugin v27.4 - https:\/\/yoast.com\/product\/yoast-seo-wordpress\/ -->\n<title>YEGB Schwerlast-Zylinder - Ohis<\/title>\n<meta name=\"robots\" content=\"index, follow, max-snippet:-1, max-image-preview:large, max-video-preview:-1\" \/>\n<link rel=\"canonical\" href=\"https:\/\/www.ohis.be\/de\/produit\/yegb-schwerlast-zylinder\/\" \/>\n<meta property=\"og:locale\" content=\"de_DE\" \/>\n<meta property=\"og:type\" content=\"article\" \/>\n<meta property=\"og:title\" content=\"YEGB Schwerlast-Zylinder - Ohis\" \/>\n<meta property=\"og:description\" content=\"Einfachwirkend, ohne Federr\u00fcckzug Druckkraft max. 140 - 1.100 t Diese preiswerten Schwerlast-Zylinder der Baureihe YEGB werden eingesetzt, wenn schwerste Lasten angehoben, nivelliert oder gewogen werden m\u00fcssen. Vielf\u00e4ltige Eins\u00e4tze im Bauwesen, im schweren Maschinen- und Stahlbau, Anlagen-, Schiff- und Br\u00fcckenbau sowie im schweren Vorrichtungsbau. Zum Anheben und Bewegen von schwersten Lasten, z. B. Gro\u00df-Maschinen, Br\u00fccken und F\u00f6rderanlagen, wie auch zum Unterfangen von Geb\u00e4uden, zum Aufbocken von Schwerkonstruktionen und dergleichen mehr.\" \/>\n<meta property=\"og:url\" content=\"https:\/\/www.ohis.be\/de\/produit\/yegb-schwerlast-zylinder\/\" \/>\n<meta property=\"og:site_name\" content=\"Ohis\" \/>\n<meta property=\"article:modified_time\" content=\"2023-02-08T08:00:34+00:00\" \/>\n<meta property=\"og:image\" content=\"https:\/\/www.ohis.be\/wp-content\/uploads\/2022\/12\/yale-yegb.jpg\" \/>\n\t<meta property=\"og:image:width\" content=\"525\" \/>\n\t<meta property=\"og:image:height\" content=\"511\" \/>\n\t<meta property=\"og:image:type\" content=\"image\/jpeg\" \/>\n<meta name=\"twitter:card\" content=\"summary_large_image\" \/>\n<script type=\"application\/ld+json\" class=\"yoast-schema-graph\">{\"@context\":\"https:\\\/\\\/schema.org\",\"@graph\":[{\"@type\":\"WebPage\",\"@id\":\"https:\\\/\\\/www.ohis.be\\\/de\\\/produit\\\/yegb-schwerlast-zylinder\\\/\",\"url\":\"https:\\\/\\\/www.ohis.be\\\/de\\\/produit\\\/yegb-schwerlast-zylinder\\\/\",\"name\":\"YEGB Schwerlast-Zylinder - Ohis\",\"isPartOf\":{\"@id\":\"https:\\\/\\\/www.ohis.be\\\/#website\"},\"primaryImageOfPage\":{\"@id\":\"https:\\\/\\\/www.ohis.be\\\/de\\\/produit\\\/yegb-schwerlast-zylinder\\\/#primaryimage\"},\"image\":{\"@id\":\"https:\\\/\\\/www.ohis.be\\\/de\\\/produit\\\/yegb-schwerlast-zylinder\\\/#primaryimage\"},\"thumbnailUrl\":\"https:\\\/\\\/www.ohis.be\\\/wp-content\\\/uploads\\\/2022\\\/12\\\/yale-yegb.jpg\",\"datePublished\":\"2022-12-29T09:48:58+00:00\",\"dateModified\":\"2023-02-08T08:00:34+00:00\",\"breadcrumb\":{\"@id\":\"https:\\\/\\\/www.ohis.be\\\/de\\\/produit\\\/yegb-schwerlast-zylinder\\\/#breadcrumb\"},\"inLanguage\":\"de\",\"potentialAction\":[{\"@type\":\"ReadAction\",\"target\":[\"https:\\\/\\\/www.ohis.be\\\/de\\\/produit\\\/yegb-schwerlast-zylinder\\\/\"]}]},{\"@type\":\"ImageObject\",\"inLanguage\":\"de\",\"@id\":\"https:\\\/\\\/www.ohis.be\\\/de\\\/produit\\\/yegb-schwerlast-zylinder\\\/#primaryimage\",\"url\":\"https:\\\/\\\/www.ohis.be\\\/wp-content\\\/uploads\\\/2022\\\/12\\\/yale-yegb.jpg\",\"contentUrl\":\"https:\\\/\\\/www.ohis.be\\\/wp-content\\\/uploads\\\/2022\\\/12\\\/yale-yegb.jpg\",\"width\":525,\"height\":511,\"caption\":\"SPOTLIGHT 40249 -30\"},{\"@type\":\"BreadcrumbList\",\"@id\":\"https:\\\/\\\/www.ohis.be\\\/de\\\/produit\\\/yegb-schwerlast-zylinder\\\/#breadcrumb\",\"itemListElement\":[{\"@type\":\"ListItem\",\"position\":1,\"name\":\"Accueil\",\"item\":\"https:\\\/\\\/www.ohis.be\\\/de\\\/\"},{\"@type\":\"ListItem\",\"position\":2,\"name\":\"Produkte\",\"item\":\"https:\\\/\\\/www.ohis.be\\\/de\\\/produkte\\\/\"},{\"@type\":\"ListItem\",\"position\":3,\"name\":\"YEGB Schwerlast-Zylinder\"}]},{\"@type\":\"WebSite\",\"@id\":\"https:\\\/\\\/www.ohis.be\\\/#website\",\"url\":\"https:\\\/\\\/www.ohis.be\\\/\",\"name\":\"Ohis\",\"description\":\"Outils de levage\",\"publisher\":{\"@id\":\"https:\\\/\\\/www.ohis.be\\\/#organization\"},\"potentialAction\":[{\"@type\":\"SearchAction\",\"target\":{\"@type\":\"EntryPoint\",\"urlTemplate\":\"https:\\\/\\\/www.ohis.be\\\/?s={search_term_string}\"},\"query-input\":{\"@type\":\"PropertyValueSpecification\",\"valueRequired\":true,\"valueName\":\"search_term_string\"}}],\"inLanguage\":\"de\"},{\"@type\":\"Organization\",\"@id\":\"https:\\\/\\\/www.ohis.be\\\/#organization\",\"name\":\"Ohis\",\"url\":\"https:\\\/\\\/www.ohis.be\\\/\",\"logo\":{\"@type\":\"ImageObject\",\"inLanguage\":\"de\",\"@id\":\"https:\\\/\\\/www.ohis.be\\\/#\\\/schema\\\/logo\\\/image\\\/\",\"url\":\"https:\\\/\\\/www.ohis.be\\\/wp-content\\\/uploads\\\/2021\\\/02\\\/logo-ohis-wit.svg\",\"contentUrl\":\"https:\\\/\\\/www.ohis.be\\\/wp-content\\\/uploads\\\/2021\\\/02\\\/logo-ohis-wit.svg\",\"caption\":\"Ohis\"},\"image\":{\"@id\":\"https:\\\/\\\/www.ohis.be\\\/#\\\/schema\\\/logo\\\/image\\\/\"}}]}<\/script>\n<!-- \/ Yoast SEO plugin. -->","yoast_head_json":{"title":"YEGB Schwerlast-Zylinder - Ohis","robots":{"index":"index","follow":"follow","max-snippet":"max-snippet:-1","max-image-preview":"max-image-preview:large","max-video-preview":"max-video-preview:-1"},"canonical":"https:\/\/www.ohis.be\/de\/produit\/yegb-schwerlast-zylinder\/","og_locale":"de_DE","og_type":"article","og_title":"YEGB Schwerlast-Zylinder - Ohis","og_description":"Einfachwirkend, ohne Federr\u00fcckzug Druckkraft max. 140 - 1.100 t Diese preiswerten Schwerlast-Zylinder der Baureihe YEGB werden eingesetzt, wenn schwerste Lasten angehoben, nivelliert oder gewogen werden m\u00fcssen. Vielf\u00e4ltige Eins\u00e4tze im Bauwesen, im schweren Maschinen- und Stahlbau, Anlagen-, Schiff- und Br\u00fcckenbau sowie im schweren Vorrichtungsbau. Zum Anheben und Bewegen von schwersten Lasten, z. B. Gro\u00df-Maschinen, Br\u00fccken und F\u00f6rderanlagen, wie auch zum Unterfangen von Geb\u00e4uden, zum Aufbocken von Schwerkonstruktionen und dergleichen mehr.","og_url":"https:\/\/www.ohis.be\/de\/produit\/yegb-schwerlast-zylinder\/","og_site_name":"Ohis","article_modified_time":"2023-02-08T08:00:34+00:00","og_image":[{"width":525,"height":511,"url":"https:\/\/www.ohis.be\/wp-content\/uploads\/2022\/12\/yale-yegb.jpg","type":"image\/jpeg"}],"twitter_card":"summary_large_image","schema":{"@context":"https:\/\/schema.org","@graph":[{"@type":"WebPage","@id":"https:\/\/www.ohis.be\/de\/produit\/yegb-schwerlast-zylinder\/","url":"https:\/\/www.ohis.be\/de\/produit\/yegb-schwerlast-zylinder\/","name":"YEGB Schwerlast-Zylinder - Ohis","isPartOf":{"@id":"https:\/\/www.ohis.be\/#website"},"primaryImageOfPage":{"@id":"https:\/\/www.ohis.be\/de\/produit\/yegb-schwerlast-zylinder\/#primaryimage"},"image":{"@id":"https:\/\/www.ohis.be\/de\/produit\/yegb-schwerlast-zylinder\/#primaryimage"},"thumbnailUrl":"https:\/\/www.ohis.be\/wp-content\/uploads\/2022\/12\/yale-yegb.jpg","datePublished":"2022-12-29T09:48:58+00:00","dateModified":"2023-02-08T08:00:34+00:00","breadcrumb":{"@id":"https:\/\/www.ohis.be\/de\/produit\/yegb-schwerlast-zylinder\/#breadcrumb"},"inLanguage":"de","potentialAction":[{"@type":"ReadAction","target":["https:\/\/www.ohis.be\/de\/produit\/yegb-schwerlast-zylinder\/"]}]},{"@type":"ImageObject","inLanguage":"de","@id":"https:\/\/www.ohis.be\/de\/produit\/yegb-schwerlast-zylinder\/#primaryimage","url":"https:\/\/www.ohis.be\/wp-content\/uploads\/2022\/12\/yale-yegb.jpg","contentUrl":"https:\/\/www.ohis.be\/wp-content\/uploads\/2022\/12\/yale-yegb.jpg","width":525,"height":511,"caption":"SPOTLIGHT 40249 -30"},{"@type":"BreadcrumbList","@id":"https:\/\/www.ohis.be\/de\/produit\/yegb-schwerlast-zylinder\/#breadcrumb","itemListElement":[{"@type":"ListItem","position":1,"name":"Accueil","item":"https:\/\/www.ohis.be\/de\/"},{"@type":"ListItem","position":2,"name":"Produkte","item":"https:\/\/www.ohis.be\/de\/produkte\/"},{"@type":"ListItem","position":3,"name":"YEGB Schwerlast-Zylinder"}]},{"@type":"WebSite","@id":"https:\/\/www.ohis.be\/#website","url":"https:\/\/www.ohis.be\/","name":"Ohis","description":"Outils de levage","publisher":{"@id":"https:\/\/www.ohis.be\/#organization"},"potentialAction":[{"@type":"SearchAction","target":{"@type":"EntryPoint","urlTemplate":"https:\/\/www.ohis.be\/?s={search_term_string}"},"query-input":{"@type":"PropertyValueSpecification","valueRequired":true,"valueName":"search_term_string"}}],"inLanguage":"de"},{"@type":"Organization","@id":"https:\/\/www.ohis.be\/#organization","name":"Ohis","url":"https:\/\/www.ohis.be\/","logo":{"@type":"ImageObject","inLanguage":"de","@id":"https:\/\/www.ohis.be\/#\/schema\/logo\/image\/","url":"https:\/\/www.ohis.be\/wp-content\/uploads\/2021\/02\/logo-ohis-wit.svg","contentUrl":"https:\/\/www.ohis.be\/wp-content\/uploads\/2021\/02\/logo-ohis-wit.svg","caption":"Ohis"},"image":{"@id":"https:\/\/www.ohis.be\/#\/schema\/logo\/image\/"}}]}},"_links":{"self":[{"href":"https:\/\/www.ohis.be\/de\/wp-json\/wp\/v2\/product\/25504","targetHints":{"allow":["GET"]}}],"collection":[{"href":"https:\/\/www.ohis.be\/de\/wp-json\/wp\/v2\/product"}],"about":[{"href":"https:\/\/www.ohis.be\/de\/wp-json\/wp\/v2\/types\/product"}],"wp:featuredmedia":[{"embeddable":true,"href":"https:\/\/www.ohis.be\/de\/wp-json\/wp\/v2\/media\/22295"}],"wp:attachment":[{"href":"https:\/\/www.ohis.be\/de\/wp-json\/wp\/v2\/media?parent=25504"}],"wp:term":[{"taxonomy":"product_brand","embeddable":true,"href":"https:\/\/www.ohis.be\/de\/wp-json\/wp\/v2\/product_brand?post=25504"},{"taxonomy":"product_cat","embeddable":true,"href":"https:\/\/www.ohis.be\/de\/wp-json\/wp\/v2\/product_cat?post=25504"},{"taxonomy":"product_tag","embeddable":true,"href":"https:\/\/www.ohis.be\/de\/wp-json\/wp\/v2\/product_tag?post=25504"}],"curies":[{"name":"wp","href":"https:\/\/api.w.org\/{rel}","templated":true}]}}