{"id":25411,"date":"2022-12-30T10:54:00","date_gmt":"2022-12-30T09:54:00","guid":{"rendered":"https:\/\/www.ohis.be\/produit\/hps-handpumpen\/"},"modified":"2022-12-30T10:54:00","modified_gmt":"2022-12-30T09:54:00","slug":"hps-handpumpen","status":"publish","type":"product","link":"https:\/\/www.ohis.be\/de\/produit\/hps-handpumpen\/","title":{"rendered":"HPS Handpumpen"},"content":{"rendered":"<p>Handpumpen sind einfach zu bedienen, energieunabh\u00e4ngig und f\u00fcr einen max. Betriebsdruck von 700 bar ausgelegt, so dass jeder angeschlossene Hydraulikzylinder seine maximale Kraft erreicht.<\/p>\n<p>Um einen z\u00fcgigen Arbeitsablauf zu gew\u00e4hrleisten, bietet Yale fast ausschlie\u00dflich 2-Stufen-Handpumpen (mit Eilgang) an. Die Umschaltung von der 1. auf die 2. Stufe erfolgt automatisch. Der solide Aufbau (Ganz-Metall- Konstruktion), ein hoher Wirkungsgrad (optimales Ansaug-\/ Pumpverhalten) sowie gute Handlichkeit (Trag\u00f6se<br \/>\nam Handhebel) zeichnen diese Handpumpen aus.<br \/>\nPraktische Details wie z. B. das gro\u00dfe, griffige Ablassventil, Entl\u00fcftungs-\/\u00d6leinf\u00fcllschraube, standsicherer, leicht geneigter Tank sowie der ergonomische Handgriff, runden die bedienungsfreundliche Ausstattung ab.<\/p>\n<p>Ausstattung und Verarbeitung<br \/>\n\u2022 Betriebsdruck max. 700 bar.<br \/>\n\u2022 Zweistufig mit Eilgang, automatische Umschaltung (au\u00dfer HPS-1\/0,7 A).<br \/>\n\u2022 Gro\u00dfe Tankvolumen.<br \/>\n\u2022 Mit Druckbegrenzungsventilen, von au\u00dfen einstellbar.<br \/>\n\u2022 Feinf\u00fchlig regulierbares Ablassventil.<br \/>\n\u2022 Solide Ganz-Metall-Konstruktion.<br \/>\n\u2022 HPH-Pumpen sind mit 4-Wege-Ventil und feinf\u00fchligem Ablassventil ausgestattet.<br \/>\n\u2022 \u00d6lanschlussgewinde 3\/8 NPT.<br \/>\n\u2022 Einschliesslich \u00d6lf\u00fcllung.<\/p>\n<p>Optional<br \/>\n\u2022 Manometer und passende Adapter sind als Zusatzausstattung erh\u00e4ltlich.<\/p>\n","protected":false},"excerpt":{"rendered":"<p>Handpumpen sind einfach zu bedienen, energieunabh\u00e4ngig und f\u00fcr einen max. Betriebsdruck von 700 bar ausgelegt, so dass jeder angeschlossene Hydraulikzylinder seine maximale Kraft erreicht.<\/p>\n<p>Um einen z\u00fcgigen Arbeitsablauf zu gew\u00e4hrleisten, bietet Yale fast ausschlie\u00dflich 2-Stufen-Handpumpen (mit Eilgang) an. Die Umschaltung von der 1. auf die 2. Stufe erfolgt automatisch. Der solide Aufbau (Ganz-Metall- Konstruktion), ein hoher Wirkungsgrad (optimales Ansaug-\/ Pumpverhalten) sowie gute Handlichkeit (Trag\u00f6se<br \/>\nam Handhebel) zeichnen diese Handpumpen aus.<br \/>\nPraktische Details wie z. B. das gro\u00dfe, griffige Ablassventil, Entl\u00fcftungs-\/\u00d6leinf\u00fcllschraube, standsicherer, leicht geneigter Tank sowie der ergonomische Handgriff, runden die bedienungsfreundliche Ausstattung ab.<\/p>\n<p>Ausstattung und Verarbeitung<br \/>\n\u2022 Betriebsdruck max. 700 bar.<br \/>\n\u2022 Zweistufig mit Eilgang, automatische Umschaltung (au\u00dfer HPS-1\/0,7 A).<br \/>\n\u2022 Gro\u00dfe Tankvolumen.<br \/>\n\u2022 Mit Druckbegrenzungsventilen, von au\u00dfen einstellbar.<br \/>\n\u2022 Feinf\u00fchlig regulierbares Ablassventil.<br \/>\n\u2022 Solide Ganz-Metall-Konstruktion.<br \/>\n\u2022 HPH-Pumpen sind mit 4-Wege-Ventil und feinf\u00fchligem Ablassventil ausgestattet.<br \/>\n\u2022 \u00d6lanschlussgewinde 3\/8 NPT.<br \/>\n\u2022 Einschliesslich \u00d6lf\u00fcllung.<\/p>\n<p>Optional<br \/>\n\u2022 Manometer und passende Adapter sind als Zusatzausstattung erh\u00e4ltlich.<\/p>\n","protected":false},"featured_media":22490,"template":"","meta":{"_acf_changed":false,"inline_featured_image":false},"product_brand":[],"product_cat":[1641],"product_tag":[705],"class_list":{"0":"post-25411","1":"product","2":"type-product","3":"status-publish","4":"has-post-thumbnail","6":"product_cat-hydraulische-zylinder","7":"product_tag-yale-de","9":"first","10":"onbackorder","11":"taxable","12":"shipping-taxable","13":"purchasable","14":"product-type-variable"},"acf":[],"yoast_head":"<!-- This site is optimized with the Yoast SEO plugin v27.4 - https:\/\/yoast.com\/product\/yoast-seo-wordpress\/ -->\n<title>HPS Handpumpen - Ohis<\/title>\n<meta name=\"robots\" content=\"index, follow, max-snippet:-1, max-image-preview:large, max-video-preview:-1\" \/>\n<link rel=\"canonical\" href=\"https:\/\/www.ohis.be\/de\/produit\/hps-handpumpen\/\" \/>\n<meta property=\"og:locale\" content=\"de_DE\" \/>\n<meta property=\"og:type\" content=\"article\" \/>\n<meta property=\"og:title\" content=\"HPS Handpumpen - Ohis\" \/>\n<meta property=\"og:description\" content=\"Handpumpen sind einfach zu bedienen, energieunabh\u00e4ngig und f\u00fcr einen max. Betriebsdruck von 700 bar ausgelegt, so dass jeder angeschlossene Hydraulikzylinder seine maximale Kraft erreicht.  Um einen z\u00fcgigen Arbeitsablauf zu gew\u00e4hrleisten, bietet Yale fast ausschlie\u00dflich 2-Stufen-Handpumpen (mit Eilgang) an. Die Umschaltung von der 1. auf die 2. Stufe erfolgt automatisch. Der solide Aufbau (Ganz-Metall- Konstruktion), ein hoher Wirkungsgrad (optimales Ansaug-\/ Pumpverhalten) sowie gute Handlichkeit (Trag\u00f6se am Handhebel) zeichnen diese Handpumpen aus. Praktische Details wie z. B. das gro\u00dfe, griffige Ablassventil, Entl\u00fcftungs-\/\u00d6leinf\u00fcllschraube, standsicherer, leicht geneigter Tank sowie der ergonomische Handgriff, runden die bedienungsfreundliche Ausstattung ab.  Ausstattung und Verarbeitung \u2022 Betriebsdruck max. 700 bar. \u2022 Zweistufig mit Eilgang, automatische Umschaltung (au\u00dfer HPS-1\/0,7 A). \u2022 Gro\u00dfe Tankvolumen. \u2022 Mit Druckbegrenzungsventilen, von au\u00dfen einstellbar. \u2022 Feinf\u00fchlig regulierbares Ablassventil. \u2022 Solide Ganz-Metall-Konstruktion. \u2022 HPH-Pumpen sind mit 4-Wege-Ventil und feinf\u00fchligem Ablassventil ausgestattet. \u2022 \u00d6lanschlussgewinde 3\/8 NPT. \u2022 Einschliesslich \u00d6lf\u00fcllung.  Optional \u2022 Manometer und passende Adapter sind als Zusatzausstattung erh\u00e4ltlich.\" \/>\n<meta property=\"og:url\" content=\"https:\/\/www.ohis.be\/de\/produit\/hps-handpumpen\/\" \/>\n<meta property=\"og:site_name\" content=\"Ohis\" \/>\n<meta property=\"og:image\" content=\"https:\/\/www.ohis.be\/wp-content\/uploads\/2022\/12\/yale-hps.jpg\" \/>\n\t<meta property=\"og:image:width\" content=\"525\" \/>\n\t<meta property=\"og:image:height\" content=\"463\" \/>\n\t<meta property=\"og:image:type\" content=\"image\/jpeg\" \/>\n<meta name=\"twitter:card\" content=\"summary_large_image\" \/>\n<meta name=\"twitter:label1\" content=\"Gesch\u00e4tzte Lesezeit\" \/>\n\t<meta name=\"twitter:data1\" content=\"1\u00a0Minute\" \/>\n<script type=\"application\/ld+json\" class=\"yoast-schema-graph\">{\"@context\":\"https:\\\/\\\/schema.org\",\"@graph\":[{\"@type\":\"WebPage\",\"@id\":\"https:\\\/\\\/www.ohis.be\\\/de\\\/produit\\\/hps-handpumpen\\\/\",\"url\":\"https:\\\/\\\/www.ohis.be\\\/de\\\/produit\\\/hps-handpumpen\\\/\",\"name\":\"HPS Handpumpen - Ohis\",\"isPartOf\":{\"@id\":\"https:\\\/\\\/www.ohis.be\\\/#website\"},\"primaryImageOfPage\":{\"@id\":\"https:\\\/\\\/www.ohis.be\\\/de\\\/produit\\\/hps-handpumpen\\\/#primaryimage\"},\"image\":{\"@id\":\"https:\\\/\\\/www.ohis.be\\\/de\\\/produit\\\/hps-handpumpen\\\/#primaryimage\"},\"thumbnailUrl\":\"https:\\\/\\\/www.ohis.be\\\/wp-content\\\/uploads\\\/2022\\\/12\\\/yale-hps.jpg\",\"datePublished\":\"2022-12-30T09:54:00+00:00\",\"breadcrumb\":{\"@id\":\"https:\\\/\\\/www.ohis.be\\\/de\\\/produit\\\/hps-handpumpen\\\/#breadcrumb\"},\"inLanguage\":\"de\",\"potentialAction\":[{\"@type\":\"ReadAction\",\"target\":[\"https:\\\/\\\/www.ohis.be\\\/de\\\/produit\\\/hps-handpumpen\\\/\"]}]},{\"@type\":\"ImageObject\",\"inLanguage\":\"de\",\"@id\":\"https:\\\/\\\/www.ohis.be\\\/de\\\/produit\\\/hps-handpumpen\\\/#primaryimage\",\"url\":\"https:\\\/\\\/www.ohis.be\\\/wp-content\\\/uploads\\\/2022\\\/12\\\/yale-hps.jpg\",\"contentUrl\":\"https:\\\/\\\/www.ohis.be\\\/wp-content\\\/uploads\\\/2022\\\/12\\\/yale-hps.jpg\",\"width\":525,\"height\":463,\"caption\":\"SPOTLIGHT 40249 -26\"},{\"@type\":\"BreadcrumbList\",\"@id\":\"https:\\\/\\\/www.ohis.be\\\/de\\\/produit\\\/hps-handpumpen\\\/#breadcrumb\",\"itemListElement\":[{\"@type\":\"ListItem\",\"position\":1,\"name\":\"Accueil\",\"item\":\"https:\\\/\\\/www.ohis.be\\\/de\\\/\"},{\"@type\":\"ListItem\",\"position\":2,\"name\":\"Produkte\",\"item\":\"https:\\\/\\\/www.ohis.be\\\/de\\\/produkte\\\/\"},{\"@type\":\"ListItem\",\"position\":3,\"name\":\"HPS Handpumpen\"}]},{\"@type\":\"WebSite\",\"@id\":\"https:\\\/\\\/www.ohis.be\\\/#website\",\"url\":\"https:\\\/\\\/www.ohis.be\\\/\",\"name\":\"Ohis\",\"description\":\"Outils de levage\",\"publisher\":{\"@id\":\"https:\\\/\\\/www.ohis.be\\\/#organization\"},\"potentialAction\":[{\"@type\":\"SearchAction\",\"target\":{\"@type\":\"EntryPoint\",\"urlTemplate\":\"https:\\\/\\\/www.ohis.be\\\/?s={search_term_string}\"},\"query-input\":{\"@type\":\"PropertyValueSpecification\",\"valueRequired\":true,\"valueName\":\"search_term_string\"}}],\"inLanguage\":\"de\"},{\"@type\":\"Organization\",\"@id\":\"https:\\\/\\\/www.ohis.be\\\/#organization\",\"name\":\"Ohis\",\"url\":\"https:\\\/\\\/www.ohis.be\\\/\",\"logo\":{\"@type\":\"ImageObject\",\"inLanguage\":\"de\",\"@id\":\"https:\\\/\\\/www.ohis.be\\\/#\\\/schema\\\/logo\\\/image\\\/\",\"url\":\"https:\\\/\\\/www.ohis.be\\\/wp-content\\\/uploads\\\/2021\\\/02\\\/logo-ohis-wit.svg\",\"contentUrl\":\"https:\\\/\\\/www.ohis.be\\\/wp-content\\\/uploads\\\/2021\\\/02\\\/logo-ohis-wit.svg\",\"caption\":\"Ohis\"},\"image\":{\"@id\":\"https:\\\/\\\/www.ohis.be\\\/#\\\/schema\\\/logo\\\/image\\\/\"}}]}<\/script>\n<!-- \/ Yoast SEO plugin. -->","yoast_head_json":{"title":"HPS Handpumpen - Ohis","robots":{"index":"index","follow":"follow","max-snippet":"max-snippet:-1","max-image-preview":"max-image-preview:large","max-video-preview":"max-video-preview:-1"},"canonical":"https:\/\/www.ohis.be\/de\/produit\/hps-handpumpen\/","og_locale":"de_DE","og_type":"article","og_title":"HPS Handpumpen - Ohis","og_description":"Handpumpen sind einfach zu bedienen, energieunabh\u00e4ngig und f\u00fcr einen max. Betriebsdruck von 700 bar ausgelegt, so dass jeder angeschlossene Hydraulikzylinder seine maximale Kraft erreicht.  Um einen z\u00fcgigen Arbeitsablauf zu gew\u00e4hrleisten, bietet Yale fast ausschlie\u00dflich 2-Stufen-Handpumpen (mit Eilgang) an. Die Umschaltung von der 1. auf die 2. Stufe erfolgt automatisch. Der solide Aufbau (Ganz-Metall- Konstruktion), ein hoher Wirkungsgrad (optimales Ansaug-\/ Pumpverhalten) sowie gute Handlichkeit (Trag\u00f6se am Handhebel) zeichnen diese Handpumpen aus. Praktische Details wie z. B. das gro\u00dfe, griffige Ablassventil, Entl\u00fcftungs-\/\u00d6leinf\u00fcllschraube, standsicherer, leicht geneigter Tank sowie der ergonomische Handgriff, runden die bedienungsfreundliche Ausstattung ab.  Ausstattung und Verarbeitung \u2022 Betriebsdruck max. 700 bar. \u2022 Zweistufig mit Eilgang, automatische Umschaltung (au\u00dfer HPS-1\/0,7 A). \u2022 Gro\u00dfe Tankvolumen. \u2022 Mit Druckbegrenzungsventilen, von au\u00dfen einstellbar. \u2022 Feinf\u00fchlig regulierbares Ablassventil. \u2022 Solide Ganz-Metall-Konstruktion. \u2022 HPH-Pumpen sind mit 4-Wege-Ventil und feinf\u00fchligem Ablassventil ausgestattet. \u2022 \u00d6lanschlussgewinde 3\/8 NPT. \u2022 Einschliesslich \u00d6lf\u00fcllung.  Optional \u2022 Manometer und passende Adapter sind als Zusatzausstattung erh\u00e4ltlich.","og_url":"https:\/\/www.ohis.be\/de\/produit\/hps-handpumpen\/","og_site_name":"Ohis","og_image":[{"width":525,"height":463,"url":"https:\/\/www.ohis.be\/wp-content\/uploads\/2022\/12\/yale-hps.jpg","type":"image\/jpeg"}],"twitter_card":"summary_large_image","twitter_misc":{"Gesch\u00e4tzte Lesezeit":"1\u00a0Minute"},"schema":{"@context":"https:\/\/schema.org","@graph":[{"@type":"WebPage","@id":"https:\/\/www.ohis.be\/de\/produit\/hps-handpumpen\/","url":"https:\/\/www.ohis.be\/de\/produit\/hps-handpumpen\/","name":"HPS Handpumpen - Ohis","isPartOf":{"@id":"https:\/\/www.ohis.be\/#website"},"primaryImageOfPage":{"@id":"https:\/\/www.ohis.be\/de\/produit\/hps-handpumpen\/#primaryimage"},"image":{"@id":"https:\/\/www.ohis.be\/de\/produit\/hps-handpumpen\/#primaryimage"},"thumbnailUrl":"https:\/\/www.ohis.be\/wp-content\/uploads\/2022\/12\/yale-hps.jpg","datePublished":"2022-12-30T09:54:00+00:00","breadcrumb":{"@id":"https:\/\/www.ohis.be\/de\/produit\/hps-handpumpen\/#breadcrumb"},"inLanguage":"de","potentialAction":[{"@type":"ReadAction","target":["https:\/\/www.ohis.be\/de\/produit\/hps-handpumpen\/"]}]},{"@type":"ImageObject","inLanguage":"de","@id":"https:\/\/www.ohis.be\/de\/produit\/hps-handpumpen\/#primaryimage","url":"https:\/\/www.ohis.be\/wp-content\/uploads\/2022\/12\/yale-hps.jpg","contentUrl":"https:\/\/www.ohis.be\/wp-content\/uploads\/2022\/12\/yale-hps.jpg","width":525,"height":463,"caption":"SPOTLIGHT 40249 -26"},{"@type":"BreadcrumbList","@id":"https:\/\/www.ohis.be\/de\/produit\/hps-handpumpen\/#breadcrumb","itemListElement":[{"@type":"ListItem","position":1,"name":"Accueil","item":"https:\/\/www.ohis.be\/de\/"},{"@type":"ListItem","position":2,"name":"Produkte","item":"https:\/\/www.ohis.be\/de\/produkte\/"},{"@type":"ListItem","position":3,"name":"HPS Handpumpen"}]},{"@type":"WebSite","@id":"https:\/\/www.ohis.be\/#website","url":"https:\/\/www.ohis.be\/","name":"Ohis","description":"Outils de levage","publisher":{"@id":"https:\/\/www.ohis.be\/#organization"},"potentialAction":[{"@type":"SearchAction","target":{"@type":"EntryPoint","urlTemplate":"https:\/\/www.ohis.be\/?s={search_term_string}"},"query-input":{"@type":"PropertyValueSpecification","valueRequired":true,"valueName":"search_term_string"}}],"inLanguage":"de"},{"@type":"Organization","@id":"https:\/\/www.ohis.be\/#organization","name":"Ohis","url":"https:\/\/www.ohis.be\/","logo":{"@type":"ImageObject","inLanguage":"de","@id":"https:\/\/www.ohis.be\/#\/schema\/logo\/image\/","url":"https:\/\/www.ohis.be\/wp-content\/uploads\/2021\/02\/logo-ohis-wit.svg","contentUrl":"https:\/\/www.ohis.be\/wp-content\/uploads\/2021\/02\/logo-ohis-wit.svg","caption":"Ohis"},"image":{"@id":"https:\/\/www.ohis.be\/#\/schema\/logo\/image\/"}}]}},"_links":{"self":[{"href":"https:\/\/www.ohis.be\/de\/wp-json\/wp\/v2\/product\/25411","targetHints":{"allow":["GET"]}}],"collection":[{"href":"https:\/\/www.ohis.be\/de\/wp-json\/wp\/v2\/product"}],"about":[{"href":"https:\/\/www.ohis.be\/de\/wp-json\/wp\/v2\/types\/product"}],"wp:featuredmedia":[{"embeddable":true,"href":"https:\/\/www.ohis.be\/de\/wp-json\/wp\/v2\/media\/22490"}],"wp:attachment":[{"href":"https:\/\/www.ohis.be\/de\/wp-json\/wp\/v2\/media?parent=25411"}],"wp:term":[{"taxonomy":"product_brand","embeddable":true,"href":"https:\/\/www.ohis.be\/de\/wp-json\/wp\/v2\/product_brand?post=25411"},{"taxonomy":"product_cat","embeddable":true,"href":"https:\/\/www.ohis.be\/de\/wp-json\/wp\/v2\/product_cat?post=25411"},{"taxonomy":"product_tag","embeddable":true,"href":"https:\/\/www.ohis.be\/de\/wp-json\/wp\/v2\/product_tag?post=25411"}],"curies":[{"name":"wp","href":"https:\/\/api.w.org\/{rel}","templated":true}]}}