{"id":25397,"date":"2022-12-30T11:01:32","date_gmt":"2022-12-30T10:01:32","guid":{"rendered":"https:\/\/www.ohis.be\/produit\/hph-handpumpen-fur-doppeltwirkende-zylinder\/"},"modified":"2022-12-30T11:01:32","modified_gmt":"2022-12-30T10:01:32","slug":"hph-handpumpen-fur-doppeltwirkende-zylinder","status":"publish","type":"product","link":"https:\/\/www.ohis.be\/de\/produit\/hph-handpumpen-fur-doppeltwirkende-zylinder\/","title":{"rendered":"HPH Handpumpen f\u00fcr doppeltwirkende Zylinder"},"content":{"rendered":"<p>Mit 4-Wege-Ventil und Ablassventil (Handrad)<br \/>\nHandpumpen der Serie HPH sind f\u00fcr den Betrieb von doppeltwirkenden Zylindern ausgelegt. Sie sind prinzipiell gleich aufgebaut wie die Handpumpen der Serie HPS, verf\u00fcgen jedoch zus\u00e4tzlich \u00fcber ein 4\/3 Wege-Handventil.<br \/>\nDas feinf\u00fchlige Ablassventil (Handrad) bleibt erhalten und erm\u00f6glicht einen gef\u00fchlvollen Druckabbau.<\/p>\n","protected":false},"excerpt":{"rendered":"<p>Mit 4-Wege-Ventil und Ablassventil (Handrad)<br \/>\nHandpumpen der Serie HPH sind f\u00fcr den Betrieb von doppeltwirkenden Zylindern ausgelegt. Sie sind prinzipiell gleich aufgebaut wie die Handpumpen der Serie HPS, verf\u00fcgen jedoch zus\u00e4tzlich \u00fcber ein 4\/3 Wege-Handventil.<br \/>\nDas feinf\u00fchlige Ablassventil (Handrad) bleibt erhalten und erm\u00f6glicht einen gef\u00fchlvollen Druckabbau.<\/p>\n","protected":false},"featured_media":22506,"template":"","meta":{"_acf_changed":false,"inline_featured_image":false},"product_brand":[],"product_cat":[1641],"product_tag":[705],"class_list":{"0":"post-25397","1":"product","2":"type-product","3":"status-publish","4":"has-post-thumbnail","6":"product_cat-hydraulische-zylinder","7":"product_tag-yale-de","9":"first","10":"onbackorder","11":"taxable","12":"shipping-taxable","13":"purchasable","14":"product-type-variable"},"acf":[],"yoast_head":"<!-- This site is optimized with the Yoast SEO plugin v27.4 - https:\/\/yoast.com\/product\/yoast-seo-wordpress\/ -->\n<title>HPH Handpumpen f\u00fcr doppeltwirkende Zylinder - Ohis<\/title>\n<meta name=\"robots\" content=\"index, follow, max-snippet:-1, max-image-preview:large, max-video-preview:-1\" \/>\n<link rel=\"canonical\" href=\"https:\/\/www.ohis.be\/de\/produit\/hph-handpumpen-fur-doppeltwirkende-zylinder\/\" \/>\n<meta property=\"og:locale\" content=\"de_DE\" \/>\n<meta property=\"og:type\" content=\"article\" \/>\n<meta property=\"og:title\" content=\"HPH Handpumpen f\u00fcr doppeltwirkende Zylinder - Ohis\" \/>\n<meta property=\"og:description\" content=\"Mit 4-Wege-Ventil und Ablassventil (Handrad) Handpumpen der Serie HPH sind f\u00fcr den Betrieb von doppeltwirkenden Zylindern ausgelegt. Sie sind prinzipiell gleich aufgebaut wie die Handpumpen der Serie HPS, verf\u00fcgen jedoch zus\u00e4tzlich \u00fcber ein 4\/3 Wege-Handventil. Das feinf\u00fchlige Ablassventil (Handrad) bleibt erhalten und erm\u00f6glicht einen gef\u00fchlvollen Druckabbau.\" \/>\n<meta property=\"og:url\" content=\"https:\/\/www.ohis.be\/de\/produit\/hph-handpumpen-fur-doppeltwirkende-zylinder\/\" \/>\n<meta property=\"og:site_name\" content=\"Ohis\" \/>\n<meta property=\"og:image\" content=\"https:\/\/www.ohis.be\/wp-content\/uploads\/2022\/12\/yale-hph.jpg\" \/>\n\t<meta property=\"og:image:width\" content=\"525\" \/>\n\t<meta property=\"og:image:height\" content=\"394\" \/>\n\t<meta property=\"og:image:type\" content=\"image\/jpeg\" \/>\n<meta name=\"twitter:card\" content=\"summary_large_image\" \/>\n<script type=\"application\/ld+json\" class=\"yoast-schema-graph\">{\"@context\":\"https:\\\/\\\/schema.org\",\"@graph\":[{\"@type\":\"WebPage\",\"@id\":\"https:\\\/\\\/www.ohis.be\\\/de\\\/produit\\\/hph-handpumpen-fur-doppeltwirkende-zylinder\\\/\",\"url\":\"https:\\\/\\\/www.ohis.be\\\/de\\\/produit\\\/hph-handpumpen-fur-doppeltwirkende-zylinder\\\/\",\"name\":\"HPH Handpumpen f\u00fcr doppeltwirkende Zylinder - Ohis\",\"isPartOf\":{\"@id\":\"https:\\\/\\\/www.ohis.be\\\/#website\"},\"primaryImageOfPage\":{\"@id\":\"https:\\\/\\\/www.ohis.be\\\/de\\\/produit\\\/hph-handpumpen-fur-doppeltwirkende-zylinder\\\/#primaryimage\"},\"image\":{\"@id\":\"https:\\\/\\\/www.ohis.be\\\/de\\\/produit\\\/hph-handpumpen-fur-doppeltwirkende-zylinder\\\/#primaryimage\"},\"thumbnailUrl\":\"https:\\\/\\\/www.ohis.be\\\/wp-content\\\/uploads\\\/2022\\\/12\\\/yale-hph.jpg\",\"datePublished\":\"2022-12-30T10:01:32+00:00\",\"breadcrumb\":{\"@id\":\"https:\\\/\\\/www.ohis.be\\\/de\\\/produit\\\/hph-handpumpen-fur-doppeltwirkende-zylinder\\\/#breadcrumb\"},\"inLanguage\":\"de\",\"potentialAction\":[{\"@type\":\"ReadAction\",\"target\":[\"https:\\\/\\\/www.ohis.be\\\/de\\\/produit\\\/hph-handpumpen-fur-doppeltwirkende-zylinder\\\/\"]}]},{\"@type\":\"ImageObject\",\"inLanguage\":\"de\",\"@id\":\"https:\\\/\\\/www.ohis.be\\\/de\\\/produit\\\/hph-handpumpen-fur-doppeltwirkende-zylinder\\\/#primaryimage\",\"url\":\"https:\\\/\\\/www.ohis.be\\\/wp-content\\\/uploads\\\/2022\\\/12\\\/yale-hph.jpg\",\"contentUrl\":\"https:\\\/\\\/www.ohis.be\\\/wp-content\\\/uploads\\\/2022\\\/12\\\/yale-hph.jpg\",\"width\":525,\"height\":394,\"caption\":\"SPOTLIGHT 40249 -25\"},{\"@type\":\"BreadcrumbList\",\"@id\":\"https:\\\/\\\/www.ohis.be\\\/de\\\/produit\\\/hph-handpumpen-fur-doppeltwirkende-zylinder\\\/#breadcrumb\",\"itemListElement\":[{\"@type\":\"ListItem\",\"position\":1,\"name\":\"Accueil\",\"item\":\"https:\\\/\\\/www.ohis.be\\\/de\\\/\"},{\"@type\":\"ListItem\",\"position\":2,\"name\":\"Produkte\",\"item\":\"https:\\\/\\\/www.ohis.be\\\/de\\\/produkte\\\/\"},{\"@type\":\"ListItem\",\"position\":3,\"name\":\"HPH Handpumpen f\u00fcr doppeltwirkende Zylinder\"}]},{\"@type\":\"WebSite\",\"@id\":\"https:\\\/\\\/www.ohis.be\\\/#website\",\"url\":\"https:\\\/\\\/www.ohis.be\\\/\",\"name\":\"Ohis\",\"description\":\"Outils de levage\",\"publisher\":{\"@id\":\"https:\\\/\\\/www.ohis.be\\\/#organization\"},\"potentialAction\":[{\"@type\":\"SearchAction\",\"target\":{\"@type\":\"EntryPoint\",\"urlTemplate\":\"https:\\\/\\\/www.ohis.be\\\/?s={search_term_string}\"},\"query-input\":{\"@type\":\"PropertyValueSpecification\",\"valueRequired\":true,\"valueName\":\"search_term_string\"}}],\"inLanguage\":\"de\"},{\"@type\":\"Organization\",\"@id\":\"https:\\\/\\\/www.ohis.be\\\/#organization\",\"name\":\"Ohis\",\"url\":\"https:\\\/\\\/www.ohis.be\\\/\",\"logo\":{\"@type\":\"ImageObject\",\"inLanguage\":\"de\",\"@id\":\"https:\\\/\\\/www.ohis.be\\\/#\\\/schema\\\/logo\\\/image\\\/\",\"url\":\"https:\\\/\\\/www.ohis.be\\\/wp-content\\\/uploads\\\/2021\\\/02\\\/logo-ohis-wit.svg\",\"contentUrl\":\"https:\\\/\\\/www.ohis.be\\\/wp-content\\\/uploads\\\/2021\\\/02\\\/logo-ohis-wit.svg\",\"caption\":\"Ohis\"},\"image\":{\"@id\":\"https:\\\/\\\/www.ohis.be\\\/#\\\/schema\\\/logo\\\/image\\\/\"}}]}<\/script>\n<!-- \/ Yoast SEO plugin. -->","yoast_head_json":{"title":"HPH Handpumpen f\u00fcr doppeltwirkende Zylinder - Ohis","robots":{"index":"index","follow":"follow","max-snippet":"max-snippet:-1","max-image-preview":"max-image-preview:large","max-video-preview":"max-video-preview:-1"},"canonical":"https:\/\/www.ohis.be\/de\/produit\/hph-handpumpen-fur-doppeltwirkende-zylinder\/","og_locale":"de_DE","og_type":"article","og_title":"HPH Handpumpen f\u00fcr doppeltwirkende Zylinder - Ohis","og_description":"Mit 4-Wege-Ventil und Ablassventil (Handrad) Handpumpen der Serie HPH sind f\u00fcr den Betrieb von doppeltwirkenden Zylindern ausgelegt. Sie sind prinzipiell gleich aufgebaut wie die Handpumpen der Serie HPS, verf\u00fcgen jedoch zus\u00e4tzlich \u00fcber ein 4\/3 Wege-Handventil. Das feinf\u00fchlige Ablassventil (Handrad) bleibt erhalten und erm\u00f6glicht einen gef\u00fchlvollen Druckabbau.","og_url":"https:\/\/www.ohis.be\/de\/produit\/hph-handpumpen-fur-doppeltwirkende-zylinder\/","og_site_name":"Ohis","og_image":[{"width":525,"height":394,"url":"https:\/\/www.ohis.be\/wp-content\/uploads\/2022\/12\/yale-hph.jpg","type":"image\/jpeg"}],"twitter_card":"summary_large_image","schema":{"@context":"https:\/\/schema.org","@graph":[{"@type":"WebPage","@id":"https:\/\/www.ohis.be\/de\/produit\/hph-handpumpen-fur-doppeltwirkende-zylinder\/","url":"https:\/\/www.ohis.be\/de\/produit\/hph-handpumpen-fur-doppeltwirkende-zylinder\/","name":"HPH Handpumpen f\u00fcr doppeltwirkende Zylinder - Ohis","isPartOf":{"@id":"https:\/\/www.ohis.be\/#website"},"primaryImageOfPage":{"@id":"https:\/\/www.ohis.be\/de\/produit\/hph-handpumpen-fur-doppeltwirkende-zylinder\/#primaryimage"},"image":{"@id":"https:\/\/www.ohis.be\/de\/produit\/hph-handpumpen-fur-doppeltwirkende-zylinder\/#primaryimage"},"thumbnailUrl":"https:\/\/www.ohis.be\/wp-content\/uploads\/2022\/12\/yale-hph.jpg","datePublished":"2022-12-30T10:01:32+00:00","breadcrumb":{"@id":"https:\/\/www.ohis.be\/de\/produit\/hph-handpumpen-fur-doppeltwirkende-zylinder\/#breadcrumb"},"inLanguage":"de","potentialAction":[{"@type":"ReadAction","target":["https:\/\/www.ohis.be\/de\/produit\/hph-handpumpen-fur-doppeltwirkende-zylinder\/"]}]},{"@type":"ImageObject","inLanguage":"de","@id":"https:\/\/www.ohis.be\/de\/produit\/hph-handpumpen-fur-doppeltwirkende-zylinder\/#primaryimage","url":"https:\/\/www.ohis.be\/wp-content\/uploads\/2022\/12\/yale-hph.jpg","contentUrl":"https:\/\/www.ohis.be\/wp-content\/uploads\/2022\/12\/yale-hph.jpg","width":525,"height":394,"caption":"SPOTLIGHT 40249 -25"},{"@type":"BreadcrumbList","@id":"https:\/\/www.ohis.be\/de\/produit\/hph-handpumpen-fur-doppeltwirkende-zylinder\/#breadcrumb","itemListElement":[{"@type":"ListItem","position":1,"name":"Accueil","item":"https:\/\/www.ohis.be\/de\/"},{"@type":"ListItem","position":2,"name":"Produkte","item":"https:\/\/www.ohis.be\/de\/produkte\/"},{"@type":"ListItem","position":3,"name":"HPH Handpumpen f\u00fcr doppeltwirkende Zylinder"}]},{"@type":"WebSite","@id":"https:\/\/www.ohis.be\/#website","url":"https:\/\/www.ohis.be\/","name":"Ohis","description":"Outils de levage","publisher":{"@id":"https:\/\/www.ohis.be\/#organization"},"potentialAction":[{"@type":"SearchAction","target":{"@type":"EntryPoint","urlTemplate":"https:\/\/www.ohis.be\/?s={search_term_string}"},"query-input":{"@type":"PropertyValueSpecification","valueRequired":true,"valueName":"search_term_string"}}],"inLanguage":"de"},{"@type":"Organization","@id":"https:\/\/www.ohis.be\/#organization","name":"Ohis","url":"https:\/\/www.ohis.be\/","logo":{"@type":"ImageObject","inLanguage":"de","@id":"https:\/\/www.ohis.be\/#\/schema\/logo\/image\/","url":"https:\/\/www.ohis.be\/wp-content\/uploads\/2021\/02\/logo-ohis-wit.svg","contentUrl":"https:\/\/www.ohis.be\/wp-content\/uploads\/2021\/02\/logo-ohis-wit.svg","caption":"Ohis"},"image":{"@id":"https:\/\/www.ohis.be\/#\/schema\/logo\/image\/"}}]}},"_links":{"self":[{"href":"https:\/\/www.ohis.be\/de\/wp-json\/wp\/v2\/product\/25397","targetHints":{"allow":["GET"]}}],"collection":[{"href":"https:\/\/www.ohis.be\/de\/wp-json\/wp\/v2\/product"}],"about":[{"href":"https:\/\/www.ohis.be\/de\/wp-json\/wp\/v2\/types\/product"}],"wp:featuredmedia":[{"embeddable":true,"href":"https:\/\/www.ohis.be\/de\/wp-json\/wp\/v2\/media\/22506"}],"wp:attachment":[{"href":"https:\/\/www.ohis.be\/de\/wp-json\/wp\/v2\/media?parent=25397"}],"wp:term":[{"taxonomy":"product_brand","embeddable":true,"href":"https:\/\/www.ohis.be\/de\/wp-json\/wp\/v2\/product_brand?post=25397"},{"taxonomy":"product_cat","embeddable":true,"href":"https:\/\/www.ohis.be\/de\/wp-json\/wp\/v2\/product_cat?post=25397"},{"taxonomy":"product_tag","embeddable":true,"href":"https:\/\/www.ohis.be\/de\/wp-json\/wp\/v2\/product_tag?post=25397"}],"curies":[{"name":"wp","href":"https:\/\/api.w.org\/{rel}","templated":true}]}}