{"id":25388,"date":"2022-12-30T11:12:57","date_gmt":"2022-12-30T10:12:57","guid":{"rendered":"https:\/\/www.ohis.be\/produit\/hpb-bodenrahmen-fur-handpumpen\/"},"modified":"2022-12-30T11:12:57","modified_gmt":"2022-12-30T10:12:57","slug":"hpb-bodenrahmen-fur-handpumpen","status":"publish","type":"product","link":"https:\/\/www.ohis.be\/de\/produit\/hpb-bodenrahmen-fur-handpumpen\/","title":{"rendered":"HPB Bodenrahmen f\u00fcr Handpumpen"},"content":{"rendered":"<p>Diese Bodenrahmen verleihen den Handpumpen zus\u00e4tzliche Standsicherheit, besonders bei Baustelleneins\u00e4tzen, wenn die Handpumpen auf unebenem, weichem Untergrund bet\u00e4tigt werden.<br \/>\nDie Handpumpen werden gleichzeitig vor Sand, Feuchtigkeit und Besch\u00e4digungen gesch\u00fctzt.<br \/>\nDie Montage ist sehr einfach: nach dem Bohren von 3 L\u00f6chern wird der Bodenrahmen einfach unter die jeweilige Handpumpe geschraubt.<\/p>\n","protected":false},"excerpt":{"rendered":"<p>Diese Bodenrahmen verleihen den Handpumpen zus\u00e4tzliche Standsicherheit, besonders bei Baustelleneins\u00e4tzen, wenn die Handpumpen auf unebenem, weichem Untergrund bet\u00e4tigt werden.<br \/>\nDie Handpumpen werden gleichzeitig vor Sand, Feuchtigkeit und Besch\u00e4digungen gesch\u00fctzt.<br \/>\nDie Montage ist sehr einfach: nach dem Bohren von 3 L\u00f6chern wird der Bodenrahmen einfach unter die jeweilige Handpumpe geschraubt.<\/p>\n","protected":false},"featured_media":22520,"template":"","meta":{"_acf_changed":false,"inline_featured_image":false},"product_brand":[],"product_cat":[1641],"product_tag":[705],"class_list":{"0":"post-25388","1":"product","2":"type-product","3":"status-publish","4":"has-post-thumbnail","6":"product_cat-hydraulische-zylinder","7":"product_tag-yale-de","9":"first","10":"onbackorder","11":"taxable","12":"shipping-taxable","13":"purchasable","14":"product-type-variable"},"acf":[],"yoast_head":"<!-- This site is optimized with the Yoast SEO plugin v27.4 - https:\/\/yoast.com\/product\/yoast-seo-wordpress\/ -->\n<title>HPB Bodenrahmen f\u00fcr Handpumpen - Ohis<\/title>\n<meta name=\"robots\" content=\"index, follow, max-snippet:-1, max-image-preview:large, max-video-preview:-1\" \/>\n<link rel=\"canonical\" href=\"https:\/\/www.ohis.be\/de\/produit\/hpb-bodenrahmen-fur-handpumpen\/\" \/>\n<meta property=\"og:locale\" content=\"de_DE\" \/>\n<meta property=\"og:type\" content=\"article\" \/>\n<meta property=\"og:title\" content=\"HPB Bodenrahmen f\u00fcr Handpumpen - Ohis\" \/>\n<meta property=\"og:description\" content=\"Diese Bodenrahmen verleihen den Handpumpen zus\u00e4tzliche Standsicherheit, besonders bei Baustelleneins\u00e4tzen, wenn die Handpumpen auf unebenem, weichem Untergrund bet\u00e4tigt werden. Die Handpumpen werden gleichzeitig vor Sand, Feuchtigkeit und Besch\u00e4digungen gesch\u00fctzt. Die Montage ist sehr einfach: nach dem Bohren von 3 L\u00f6chern wird der Bodenrahmen einfach unter die jeweilige Handpumpe geschraubt.\" \/>\n<meta property=\"og:url\" content=\"https:\/\/www.ohis.be\/de\/produit\/hpb-bodenrahmen-fur-handpumpen\/\" \/>\n<meta property=\"og:site_name\" content=\"Ohis\" \/>\n<meta property=\"og:image\" content=\"https:\/\/www.ohis.be\/wp-content\/uploads\/2022\/12\/yale-hpb.jpg\" \/>\n\t<meta property=\"og:image:width\" content=\"525\" \/>\n\t<meta property=\"og:image:height\" content=\"525\" \/>\n\t<meta property=\"og:image:type\" content=\"image\/jpeg\" \/>\n<meta name=\"twitter:card\" content=\"summary_large_image\" \/>\n<script type=\"application\/ld+json\" class=\"yoast-schema-graph\">{\"@context\":\"https:\\\/\\\/schema.org\",\"@graph\":[{\"@type\":\"WebPage\",\"@id\":\"https:\\\/\\\/www.ohis.be\\\/de\\\/produit\\\/hpb-bodenrahmen-fur-handpumpen\\\/\",\"url\":\"https:\\\/\\\/www.ohis.be\\\/de\\\/produit\\\/hpb-bodenrahmen-fur-handpumpen\\\/\",\"name\":\"HPB Bodenrahmen f\u00fcr Handpumpen - Ohis\",\"isPartOf\":{\"@id\":\"https:\\\/\\\/www.ohis.be\\\/#website\"},\"primaryImageOfPage\":{\"@id\":\"https:\\\/\\\/www.ohis.be\\\/de\\\/produit\\\/hpb-bodenrahmen-fur-handpumpen\\\/#primaryimage\"},\"image\":{\"@id\":\"https:\\\/\\\/www.ohis.be\\\/de\\\/produit\\\/hpb-bodenrahmen-fur-handpumpen\\\/#primaryimage\"},\"thumbnailUrl\":\"https:\\\/\\\/www.ohis.be\\\/wp-content\\\/uploads\\\/2022\\\/12\\\/yale-hpb.jpg\",\"datePublished\":\"2022-12-30T10:12:57+00:00\",\"breadcrumb\":{\"@id\":\"https:\\\/\\\/www.ohis.be\\\/de\\\/produit\\\/hpb-bodenrahmen-fur-handpumpen\\\/#breadcrumb\"},\"inLanguage\":\"de\",\"potentialAction\":[{\"@type\":\"ReadAction\",\"target\":[\"https:\\\/\\\/www.ohis.be\\\/de\\\/produit\\\/hpb-bodenrahmen-fur-handpumpen\\\/\"]}]},{\"@type\":\"ImageObject\",\"inLanguage\":\"de\",\"@id\":\"https:\\\/\\\/www.ohis.be\\\/de\\\/produit\\\/hpb-bodenrahmen-fur-handpumpen\\\/#primaryimage\",\"url\":\"https:\\\/\\\/www.ohis.be\\\/wp-content\\\/uploads\\\/2022\\\/12\\\/yale-hpb.jpg\",\"contentUrl\":\"https:\\\/\\\/www.ohis.be\\\/wp-content\\\/uploads\\\/2022\\\/12\\\/yale-hpb.jpg\",\"width\":525,\"height\":525,\"caption\":\"SPOTLIGHT 41463 09\"},{\"@type\":\"BreadcrumbList\",\"@id\":\"https:\\\/\\\/www.ohis.be\\\/de\\\/produit\\\/hpb-bodenrahmen-fur-handpumpen\\\/#breadcrumb\",\"itemListElement\":[{\"@type\":\"ListItem\",\"position\":1,\"name\":\"Accueil\",\"item\":\"https:\\\/\\\/www.ohis.be\\\/de\\\/\"},{\"@type\":\"ListItem\",\"position\":2,\"name\":\"Produkte\",\"item\":\"https:\\\/\\\/www.ohis.be\\\/de\\\/produkte\\\/\"},{\"@type\":\"ListItem\",\"position\":3,\"name\":\"HPB Bodenrahmen f\u00fcr Handpumpen\"}]},{\"@type\":\"WebSite\",\"@id\":\"https:\\\/\\\/www.ohis.be\\\/#website\",\"url\":\"https:\\\/\\\/www.ohis.be\\\/\",\"name\":\"Ohis\",\"description\":\"Outils de levage\",\"publisher\":{\"@id\":\"https:\\\/\\\/www.ohis.be\\\/#organization\"},\"potentialAction\":[{\"@type\":\"SearchAction\",\"target\":{\"@type\":\"EntryPoint\",\"urlTemplate\":\"https:\\\/\\\/www.ohis.be\\\/?s={search_term_string}\"},\"query-input\":{\"@type\":\"PropertyValueSpecification\",\"valueRequired\":true,\"valueName\":\"search_term_string\"}}],\"inLanguage\":\"de\"},{\"@type\":\"Organization\",\"@id\":\"https:\\\/\\\/www.ohis.be\\\/#organization\",\"name\":\"Ohis\",\"url\":\"https:\\\/\\\/www.ohis.be\\\/\",\"logo\":{\"@type\":\"ImageObject\",\"inLanguage\":\"de\",\"@id\":\"https:\\\/\\\/www.ohis.be\\\/#\\\/schema\\\/logo\\\/image\\\/\",\"url\":\"https:\\\/\\\/www.ohis.be\\\/wp-content\\\/uploads\\\/2021\\\/02\\\/logo-ohis-wit.svg\",\"contentUrl\":\"https:\\\/\\\/www.ohis.be\\\/wp-content\\\/uploads\\\/2021\\\/02\\\/logo-ohis-wit.svg\",\"caption\":\"Ohis\"},\"image\":{\"@id\":\"https:\\\/\\\/www.ohis.be\\\/#\\\/schema\\\/logo\\\/image\\\/\"}}]}<\/script>\n<!-- \/ Yoast SEO plugin. -->","yoast_head_json":{"title":"HPB Bodenrahmen f\u00fcr Handpumpen - Ohis","robots":{"index":"index","follow":"follow","max-snippet":"max-snippet:-1","max-image-preview":"max-image-preview:large","max-video-preview":"max-video-preview:-1"},"canonical":"https:\/\/www.ohis.be\/de\/produit\/hpb-bodenrahmen-fur-handpumpen\/","og_locale":"de_DE","og_type":"article","og_title":"HPB Bodenrahmen f\u00fcr Handpumpen - Ohis","og_description":"Diese Bodenrahmen verleihen den Handpumpen zus\u00e4tzliche Standsicherheit, besonders bei Baustelleneins\u00e4tzen, wenn die Handpumpen auf unebenem, weichem Untergrund bet\u00e4tigt werden. Die Handpumpen werden gleichzeitig vor Sand, Feuchtigkeit und Besch\u00e4digungen gesch\u00fctzt. Die Montage ist sehr einfach: nach dem Bohren von 3 L\u00f6chern wird der Bodenrahmen einfach unter die jeweilige Handpumpe geschraubt.","og_url":"https:\/\/www.ohis.be\/de\/produit\/hpb-bodenrahmen-fur-handpumpen\/","og_site_name":"Ohis","og_image":[{"width":525,"height":525,"url":"https:\/\/www.ohis.be\/wp-content\/uploads\/2022\/12\/yale-hpb.jpg","type":"image\/jpeg"}],"twitter_card":"summary_large_image","schema":{"@context":"https:\/\/schema.org","@graph":[{"@type":"WebPage","@id":"https:\/\/www.ohis.be\/de\/produit\/hpb-bodenrahmen-fur-handpumpen\/","url":"https:\/\/www.ohis.be\/de\/produit\/hpb-bodenrahmen-fur-handpumpen\/","name":"HPB Bodenrahmen f\u00fcr Handpumpen - Ohis","isPartOf":{"@id":"https:\/\/www.ohis.be\/#website"},"primaryImageOfPage":{"@id":"https:\/\/www.ohis.be\/de\/produit\/hpb-bodenrahmen-fur-handpumpen\/#primaryimage"},"image":{"@id":"https:\/\/www.ohis.be\/de\/produit\/hpb-bodenrahmen-fur-handpumpen\/#primaryimage"},"thumbnailUrl":"https:\/\/www.ohis.be\/wp-content\/uploads\/2022\/12\/yale-hpb.jpg","datePublished":"2022-12-30T10:12:57+00:00","breadcrumb":{"@id":"https:\/\/www.ohis.be\/de\/produit\/hpb-bodenrahmen-fur-handpumpen\/#breadcrumb"},"inLanguage":"de","potentialAction":[{"@type":"ReadAction","target":["https:\/\/www.ohis.be\/de\/produit\/hpb-bodenrahmen-fur-handpumpen\/"]}]},{"@type":"ImageObject","inLanguage":"de","@id":"https:\/\/www.ohis.be\/de\/produit\/hpb-bodenrahmen-fur-handpumpen\/#primaryimage","url":"https:\/\/www.ohis.be\/wp-content\/uploads\/2022\/12\/yale-hpb.jpg","contentUrl":"https:\/\/www.ohis.be\/wp-content\/uploads\/2022\/12\/yale-hpb.jpg","width":525,"height":525,"caption":"SPOTLIGHT 41463 09"},{"@type":"BreadcrumbList","@id":"https:\/\/www.ohis.be\/de\/produit\/hpb-bodenrahmen-fur-handpumpen\/#breadcrumb","itemListElement":[{"@type":"ListItem","position":1,"name":"Accueil","item":"https:\/\/www.ohis.be\/de\/"},{"@type":"ListItem","position":2,"name":"Produkte","item":"https:\/\/www.ohis.be\/de\/produkte\/"},{"@type":"ListItem","position":3,"name":"HPB Bodenrahmen f\u00fcr Handpumpen"}]},{"@type":"WebSite","@id":"https:\/\/www.ohis.be\/#website","url":"https:\/\/www.ohis.be\/","name":"Ohis","description":"Outils de levage","publisher":{"@id":"https:\/\/www.ohis.be\/#organization"},"potentialAction":[{"@type":"SearchAction","target":{"@type":"EntryPoint","urlTemplate":"https:\/\/www.ohis.be\/?s={search_term_string}"},"query-input":{"@type":"PropertyValueSpecification","valueRequired":true,"valueName":"search_term_string"}}],"inLanguage":"de"},{"@type":"Organization","@id":"https:\/\/www.ohis.be\/#organization","name":"Ohis","url":"https:\/\/www.ohis.be\/","logo":{"@type":"ImageObject","inLanguage":"de","@id":"https:\/\/www.ohis.be\/#\/schema\/logo\/image\/","url":"https:\/\/www.ohis.be\/wp-content\/uploads\/2021\/02\/logo-ohis-wit.svg","contentUrl":"https:\/\/www.ohis.be\/wp-content\/uploads\/2021\/02\/logo-ohis-wit.svg","caption":"Ohis"},"image":{"@id":"https:\/\/www.ohis.be\/#\/schema\/logo\/image\/"}}]}},"_links":{"self":[{"href":"https:\/\/www.ohis.be\/de\/wp-json\/wp\/v2\/product\/25388","targetHints":{"allow":["GET"]}}],"collection":[{"href":"https:\/\/www.ohis.be\/de\/wp-json\/wp\/v2\/product"}],"about":[{"href":"https:\/\/www.ohis.be\/de\/wp-json\/wp\/v2\/types\/product"}],"wp:featuredmedia":[{"embeddable":true,"href":"https:\/\/www.ohis.be\/de\/wp-json\/wp\/v2\/media\/22520"}],"wp:attachment":[{"href":"https:\/\/www.ohis.be\/de\/wp-json\/wp\/v2\/media?parent=25388"}],"wp:term":[{"taxonomy":"product_brand","embeddable":true,"href":"https:\/\/www.ohis.be\/de\/wp-json\/wp\/v2\/product_brand?post=25388"},{"taxonomy":"product_cat","embeddable":true,"href":"https:\/\/www.ohis.be\/de\/wp-json\/wp\/v2\/product_cat?post=25388"},{"taxonomy":"product_tag","embeddable":true,"href":"https:\/\/www.ohis.be\/de\/wp-json\/wp\/v2\/product_tag?post=25388"}],"curies":[{"name":"wp","href":"https:\/\/api.w.org\/{rel}","templated":true}]}}