{"id":25381,"date":"2022-12-30T11:19:31","date_gmt":"2022-12-30T10:19:31","guid":{"rendered":"https:\/\/www.ohis.be\/produit\/twaz-handpumpen\/"},"modified":"2022-12-30T11:19:31","modified_gmt":"2022-12-30T10:19:31","slug":"twaz-handpumpen","status":"publish","type":"product","link":"https:\/\/www.ohis.be\/de\/produit\/twaz-handpumpen\/","title":{"rendered":"TWAZ Handpumpen"},"content":{"rendered":"<p>Druck max. 2000 bar<br \/>\nBei den Handpumpen Serie TWAZ gew\u00e4hrleisten zweistufige<br \/>\nF\u00f6rdervolumen einen z\u00fcgigen Druckaufbau. Beide Druckstufen sind mit Druckbegrenzungsventilen abgesichert, die von au\u00dfen eingestellt werden k\u00f6nnen.<br \/>\nDiese Handpumpen mit sehr hohen Betriebsdr\u00fccken werden f\u00fcr spezielle Anwendungen eingesetzt, z. B. zum Spannen von Hydraulikmuttern und Hydraulikkupplungen, in der Vorspanntechnik, zum Dehnen von Schrauben, als Hochdruckpumpe auf Pr\u00fcfst\u00e4nden, zum Beaufschlagen von Spezialzylindern und Druck\u00f6lverb\u00e4nden und f\u00fcr Berstversuche.<\/p>\n","protected":false},"excerpt":{"rendered":"<p>Druck max. 2000 bar<br \/>\nBei den Handpumpen Serie TWAZ gew\u00e4hrleisten zweistufige<br \/>\nF\u00f6rdervolumen einen z\u00fcgigen Druckaufbau. Beide Druckstufen sind mit Druckbegrenzungsventilen abgesichert, die von au\u00dfen eingestellt werden k\u00f6nnen.<br \/>\nDiese Handpumpen mit sehr hohen Betriebsdr\u00fccken werden f\u00fcr spezielle Anwendungen eingesetzt, z. B. zum Spannen von Hydraulikmuttern und Hydraulikkupplungen, in der Vorspanntechnik, zum Dehnen von Schrauben, als Hochdruckpumpe auf Pr\u00fcfst\u00e4nden, zum Beaufschlagen von Spezialzylindern und Druck\u00f6lverb\u00e4nden und f\u00fcr Berstversuche.<\/p>\n","protected":false},"featured_media":22535,"template":"","meta":{"_acf_changed":false,"inline_featured_image":false},"product_brand":[],"product_cat":[1641],"product_tag":[705],"class_list":{"0":"post-25381","1":"product","2":"type-product","3":"status-publish","4":"has-post-thumbnail","6":"product_cat-hydraulische-zylinder","7":"product_tag-yale-de","9":"first","10":"onbackorder","11":"taxable","12":"shipping-taxable","13":"purchasable","14":"product-type-variable"},"acf":[],"yoast_head":"<!-- This site is optimized with the Yoast SEO plugin v27.4 - https:\/\/yoast.com\/product\/yoast-seo-wordpress\/ -->\n<title>TWAZ Handpumpen - Ohis<\/title>\n<meta name=\"robots\" content=\"index, follow, max-snippet:-1, max-image-preview:large, max-video-preview:-1\" \/>\n<link rel=\"canonical\" href=\"https:\/\/www.ohis.be\/de\/produit\/twaz-handpumpen\/\" \/>\n<meta property=\"og:locale\" content=\"de_DE\" \/>\n<meta property=\"og:type\" content=\"article\" \/>\n<meta property=\"og:title\" content=\"TWAZ Handpumpen - Ohis\" \/>\n<meta property=\"og:description\" content=\"Druck max. 2000 bar Bei den Handpumpen Serie TWAZ gew\u00e4hrleisten zweistufige F\u00f6rdervolumen einen z\u00fcgigen Druckaufbau. Beide Druckstufen sind mit Druckbegrenzungsventilen abgesichert, die von au\u00dfen eingestellt werden k\u00f6nnen. Diese Handpumpen mit sehr hohen Betriebsdr\u00fccken werden f\u00fcr spezielle Anwendungen eingesetzt, z. B. zum Spannen von Hydraulikmuttern und Hydraulikkupplungen, in der Vorspanntechnik, zum Dehnen von Schrauben, als Hochdruckpumpe auf Pr\u00fcfst\u00e4nden, zum Beaufschlagen von Spezialzylindern und Druck\u00f6lverb\u00e4nden und f\u00fcr Berstversuche.\" \/>\n<meta property=\"og:url\" content=\"https:\/\/www.ohis.be\/de\/produit\/twaz-handpumpen\/\" \/>\n<meta property=\"og:site_name\" content=\"Ohis\" \/>\n<meta property=\"og:image\" content=\"https:\/\/www.ohis.be\/wp-content\/uploads\/2022\/12\/yale-twaz.jpg\" \/>\n\t<meta property=\"og:image:width\" content=\"525\" \/>\n\t<meta property=\"og:image:height\" content=\"281\" \/>\n\t<meta property=\"og:image:type\" content=\"image\/jpeg\" \/>\n<meta name=\"twitter:card\" content=\"summary_large_image\" \/>\n<script type=\"application\/ld+json\" class=\"yoast-schema-graph\">{\"@context\":\"https:\\\/\\\/schema.org\",\"@graph\":[{\"@type\":\"WebPage\",\"@id\":\"https:\\\/\\\/www.ohis.be\\\/de\\\/produit\\\/twaz-handpumpen\\\/\",\"url\":\"https:\\\/\\\/www.ohis.be\\\/de\\\/produit\\\/twaz-handpumpen\\\/\",\"name\":\"TWAZ Handpumpen - Ohis\",\"isPartOf\":{\"@id\":\"https:\\\/\\\/www.ohis.be\\\/#website\"},\"primaryImageOfPage\":{\"@id\":\"https:\\\/\\\/www.ohis.be\\\/de\\\/produit\\\/twaz-handpumpen\\\/#primaryimage\"},\"image\":{\"@id\":\"https:\\\/\\\/www.ohis.be\\\/de\\\/produit\\\/twaz-handpumpen\\\/#primaryimage\"},\"thumbnailUrl\":\"https:\\\/\\\/www.ohis.be\\\/wp-content\\\/uploads\\\/2022\\\/12\\\/yale-twaz.jpg\",\"datePublished\":\"2022-12-30T10:19:31+00:00\",\"breadcrumb\":{\"@id\":\"https:\\\/\\\/www.ohis.be\\\/de\\\/produit\\\/twaz-handpumpen\\\/#breadcrumb\"},\"inLanguage\":\"de\",\"potentialAction\":[{\"@type\":\"ReadAction\",\"target\":[\"https:\\\/\\\/www.ohis.be\\\/de\\\/produit\\\/twaz-handpumpen\\\/\"]}]},{\"@type\":\"ImageObject\",\"inLanguage\":\"de\",\"@id\":\"https:\\\/\\\/www.ohis.be\\\/de\\\/produit\\\/twaz-handpumpen\\\/#primaryimage\",\"url\":\"https:\\\/\\\/www.ohis.be\\\/wp-content\\\/uploads\\\/2022\\\/12\\\/yale-twaz.jpg\",\"contentUrl\":\"https:\\\/\\\/www.ohis.be\\\/wp-content\\\/uploads\\\/2022\\\/12\\\/yale-twaz.jpg\",\"width\":525,\"height\":281,\"caption\":\"SPOTLIGHT 41463 32\"},{\"@type\":\"BreadcrumbList\",\"@id\":\"https:\\\/\\\/www.ohis.be\\\/de\\\/produit\\\/twaz-handpumpen\\\/#breadcrumb\",\"itemListElement\":[{\"@type\":\"ListItem\",\"position\":1,\"name\":\"Accueil\",\"item\":\"https:\\\/\\\/www.ohis.be\\\/de\\\/\"},{\"@type\":\"ListItem\",\"position\":2,\"name\":\"Produkte\",\"item\":\"https:\\\/\\\/www.ohis.be\\\/de\\\/produkte\\\/\"},{\"@type\":\"ListItem\",\"position\":3,\"name\":\"TWAZ Handpumpen\"}]},{\"@type\":\"WebSite\",\"@id\":\"https:\\\/\\\/www.ohis.be\\\/#website\",\"url\":\"https:\\\/\\\/www.ohis.be\\\/\",\"name\":\"Ohis\",\"description\":\"Outils de levage\",\"publisher\":{\"@id\":\"https:\\\/\\\/www.ohis.be\\\/#organization\"},\"potentialAction\":[{\"@type\":\"SearchAction\",\"target\":{\"@type\":\"EntryPoint\",\"urlTemplate\":\"https:\\\/\\\/www.ohis.be\\\/?s={search_term_string}\"},\"query-input\":{\"@type\":\"PropertyValueSpecification\",\"valueRequired\":true,\"valueName\":\"search_term_string\"}}],\"inLanguage\":\"de\"},{\"@type\":\"Organization\",\"@id\":\"https:\\\/\\\/www.ohis.be\\\/#organization\",\"name\":\"Ohis\",\"url\":\"https:\\\/\\\/www.ohis.be\\\/\",\"logo\":{\"@type\":\"ImageObject\",\"inLanguage\":\"de\",\"@id\":\"https:\\\/\\\/www.ohis.be\\\/#\\\/schema\\\/logo\\\/image\\\/\",\"url\":\"https:\\\/\\\/www.ohis.be\\\/wp-content\\\/uploads\\\/2021\\\/02\\\/logo-ohis-wit.svg\",\"contentUrl\":\"https:\\\/\\\/www.ohis.be\\\/wp-content\\\/uploads\\\/2021\\\/02\\\/logo-ohis-wit.svg\",\"caption\":\"Ohis\"},\"image\":{\"@id\":\"https:\\\/\\\/www.ohis.be\\\/#\\\/schema\\\/logo\\\/image\\\/\"}}]}<\/script>\n<!-- \/ Yoast SEO plugin. -->","yoast_head_json":{"title":"TWAZ Handpumpen - Ohis","robots":{"index":"index","follow":"follow","max-snippet":"max-snippet:-1","max-image-preview":"max-image-preview:large","max-video-preview":"max-video-preview:-1"},"canonical":"https:\/\/www.ohis.be\/de\/produit\/twaz-handpumpen\/","og_locale":"de_DE","og_type":"article","og_title":"TWAZ Handpumpen - Ohis","og_description":"Druck max. 2000 bar Bei den Handpumpen Serie TWAZ gew\u00e4hrleisten zweistufige F\u00f6rdervolumen einen z\u00fcgigen Druckaufbau. Beide Druckstufen sind mit Druckbegrenzungsventilen abgesichert, die von au\u00dfen eingestellt werden k\u00f6nnen. Diese Handpumpen mit sehr hohen Betriebsdr\u00fccken werden f\u00fcr spezielle Anwendungen eingesetzt, z. B. zum Spannen von Hydraulikmuttern und Hydraulikkupplungen, in der Vorspanntechnik, zum Dehnen von Schrauben, als Hochdruckpumpe auf Pr\u00fcfst\u00e4nden, zum Beaufschlagen von Spezialzylindern und Druck\u00f6lverb\u00e4nden und f\u00fcr Berstversuche.","og_url":"https:\/\/www.ohis.be\/de\/produit\/twaz-handpumpen\/","og_site_name":"Ohis","og_image":[{"width":525,"height":281,"url":"https:\/\/www.ohis.be\/wp-content\/uploads\/2022\/12\/yale-twaz.jpg","type":"image\/jpeg"}],"twitter_card":"summary_large_image","schema":{"@context":"https:\/\/schema.org","@graph":[{"@type":"WebPage","@id":"https:\/\/www.ohis.be\/de\/produit\/twaz-handpumpen\/","url":"https:\/\/www.ohis.be\/de\/produit\/twaz-handpumpen\/","name":"TWAZ Handpumpen - Ohis","isPartOf":{"@id":"https:\/\/www.ohis.be\/#website"},"primaryImageOfPage":{"@id":"https:\/\/www.ohis.be\/de\/produit\/twaz-handpumpen\/#primaryimage"},"image":{"@id":"https:\/\/www.ohis.be\/de\/produit\/twaz-handpumpen\/#primaryimage"},"thumbnailUrl":"https:\/\/www.ohis.be\/wp-content\/uploads\/2022\/12\/yale-twaz.jpg","datePublished":"2022-12-30T10:19:31+00:00","breadcrumb":{"@id":"https:\/\/www.ohis.be\/de\/produit\/twaz-handpumpen\/#breadcrumb"},"inLanguage":"de","potentialAction":[{"@type":"ReadAction","target":["https:\/\/www.ohis.be\/de\/produit\/twaz-handpumpen\/"]}]},{"@type":"ImageObject","inLanguage":"de","@id":"https:\/\/www.ohis.be\/de\/produit\/twaz-handpumpen\/#primaryimage","url":"https:\/\/www.ohis.be\/wp-content\/uploads\/2022\/12\/yale-twaz.jpg","contentUrl":"https:\/\/www.ohis.be\/wp-content\/uploads\/2022\/12\/yale-twaz.jpg","width":525,"height":281,"caption":"SPOTLIGHT 41463 32"},{"@type":"BreadcrumbList","@id":"https:\/\/www.ohis.be\/de\/produit\/twaz-handpumpen\/#breadcrumb","itemListElement":[{"@type":"ListItem","position":1,"name":"Accueil","item":"https:\/\/www.ohis.be\/de\/"},{"@type":"ListItem","position":2,"name":"Produkte","item":"https:\/\/www.ohis.be\/de\/produkte\/"},{"@type":"ListItem","position":3,"name":"TWAZ Handpumpen"}]},{"@type":"WebSite","@id":"https:\/\/www.ohis.be\/#website","url":"https:\/\/www.ohis.be\/","name":"Ohis","description":"Outils de levage","publisher":{"@id":"https:\/\/www.ohis.be\/#organization"},"potentialAction":[{"@type":"SearchAction","target":{"@type":"EntryPoint","urlTemplate":"https:\/\/www.ohis.be\/?s={search_term_string}"},"query-input":{"@type":"PropertyValueSpecification","valueRequired":true,"valueName":"search_term_string"}}],"inLanguage":"de"},{"@type":"Organization","@id":"https:\/\/www.ohis.be\/#organization","name":"Ohis","url":"https:\/\/www.ohis.be\/","logo":{"@type":"ImageObject","inLanguage":"de","@id":"https:\/\/www.ohis.be\/#\/schema\/logo\/image\/","url":"https:\/\/www.ohis.be\/wp-content\/uploads\/2021\/02\/logo-ohis-wit.svg","contentUrl":"https:\/\/www.ohis.be\/wp-content\/uploads\/2021\/02\/logo-ohis-wit.svg","caption":"Ohis"},"image":{"@id":"https:\/\/www.ohis.be\/#\/schema\/logo\/image\/"}}]}},"_links":{"self":[{"href":"https:\/\/www.ohis.be\/de\/wp-json\/wp\/v2\/product\/25381","targetHints":{"allow":["GET"]}}],"collection":[{"href":"https:\/\/www.ohis.be\/de\/wp-json\/wp\/v2\/product"}],"about":[{"href":"https:\/\/www.ohis.be\/de\/wp-json\/wp\/v2\/types\/product"}],"wp:featuredmedia":[{"embeddable":true,"href":"https:\/\/www.ohis.be\/de\/wp-json\/wp\/v2\/media\/22535"}],"wp:attachment":[{"href":"https:\/\/www.ohis.be\/de\/wp-json\/wp\/v2\/media?parent=25381"}],"wp:term":[{"taxonomy":"product_brand","embeddable":true,"href":"https:\/\/www.ohis.be\/de\/wp-json\/wp\/v2\/product_brand?post=25381"},{"taxonomy":"product_cat","embeddable":true,"href":"https:\/\/www.ohis.be\/de\/wp-json\/wp\/v2\/product_cat?post=25381"},{"taxonomy":"product_tag","embeddable":true,"href":"https:\/\/www.ohis.be\/de\/wp-json\/wp\/v2\/product_tag?post=25381"}],"curies":[{"name":"wp","href":"https:\/\/api.w.org\/{rel}","templated":true}]}}