{"id":25376,"date":"2022-12-30T11:23:14","date_gmt":"2022-12-30T10:23:14","guid":{"rendered":"https:\/\/www.ohis.be\/produit\/fps-fuspumpe\/"},"modified":"2022-12-30T11:23:14","modified_gmt":"2022-12-30T10:23:14","slug":"fps-fuspumpe","status":"publish","type":"product","link":"https:\/\/www.ohis.be\/de\/produit\/fps-fuspumpe\/","title":{"rendered":"FPS Fu\u00dfpumpe"},"content":{"rendered":"<p>Betriebsdruck 700 bar<br \/>\nZum Bet\u00e4tigen von einfachwirkenden Hydraulikzylindern, besonders bei wiederkehrenden Arbeiten, wie z. B. Pr\u00fcfen von Schwei\u00dfproben, Verpressen von Verbindungsteilen, Bet\u00e4tigung von Spannvorrichtungen sowie f\u00fcr alle Arbeiten, bei welchen die H\u00e4nde frei bleiben sollen.<br \/>\nDie Pumpe l\u00e4sst sich \u00fcberall einsetzen, da sie energieunabh\u00e4ngig und leicht zu tragen ist. Eine besonders gute Standsicherheit garantiert eine bequeme und sichere Bedienung bis in den h\u00f6chsten Druckbereich. Sie ist eine \u201eechte\u201c Fu\u00dfpumpe, da die Druck-Entlastung des Hydraulikzylinders ebenfalls durch Fu\u00dfbedienung erfolgt.<\/p>\n<p>Ausstattung und Verarbeitung<br \/>\n\u2022 Betriebsdruck max. 700 bar.<br \/>\n\u2022 Absolut standsicher.<br \/>\n\u2022 Erm\u00fcdungsarmes Arbeiten.<br \/>\n\u2022 Betriebsdruck beliebig einstellbar; Druckbegrenzungsventile von au\u00dfen zug\u00e4ngig.<br \/>\n\u2022 Auch der Zylinder-R\u00fcckhub wird durch Fu\u00dfbedienung gesteuert.<br \/>\n\u2022 \u00d6lanschluss 3\/8 NPT.<\/p>\n<p>Optional<br \/>\n\u2022 Manometer und passende Adapter.<br \/>\n\u2022 Hydraulikschl\u00e4uche<\/p>\n","protected":false},"excerpt":{"rendered":"<p>Betriebsdruck 700 bar<br \/>\nZum Bet\u00e4tigen von einfachwirkenden Hydraulikzylindern, besonders bei wiederkehrenden Arbeiten, wie z. B. Pr\u00fcfen von Schwei\u00dfproben, Verpressen von Verbindungsteilen, Bet\u00e4tigung von Spannvorrichtungen sowie f\u00fcr alle Arbeiten, bei welchen die H\u00e4nde frei bleiben sollen.<br \/>\nDie Pumpe l\u00e4sst sich \u00fcberall einsetzen, da sie energieunabh\u00e4ngig und leicht zu tragen ist. Eine besonders gute Standsicherheit garantiert eine bequeme und sichere Bedienung bis in den h\u00f6chsten Druckbereich. Sie ist eine \u201eechte\u201c Fu\u00dfpumpe, da die Druck-Entlastung des Hydraulikzylinders ebenfalls durch Fu\u00dfbedienung erfolgt.<\/p>\n<p>Ausstattung und Verarbeitung<br \/>\n\u2022 Betriebsdruck max. 700 bar.<br \/>\n\u2022 Absolut standsicher.<br \/>\n\u2022 Erm\u00fcdungsarmes Arbeiten.<br \/>\n\u2022 Betriebsdruck beliebig einstellbar; Druckbegrenzungsventile von au\u00dfen zug\u00e4ngig.<br \/>\n\u2022 Auch der Zylinder-R\u00fcckhub wird durch Fu\u00dfbedienung gesteuert.<br \/>\n\u2022 \u00d6lanschluss 3\/8 NPT.<\/p>\n<p>Optional<br \/>\n\u2022 Manometer und passende Adapter.<br \/>\n\u2022 Hydraulikschl\u00e4uche<\/p>\n","protected":false},"featured_media":22547,"template":"","meta":{"_acf_changed":false,"inline_featured_image":false},"product_brand":[],"product_cat":[1641],"product_tag":[705],"class_list":{"0":"post-25376","1":"product","2":"type-product","3":"status-publish","4":"has-post-thumbnail","6":"product_cat-hydraulische-zylinder","7":"product_tag-yale-de","9":"first","10":"onbackorder","11":"taxable","12":"shipping-taxable","13":"purchasable","14":"product-type-simple"},"acf":[],"yoast_head":"<!-- This site is optimized with the Yoast SEO plugin v27.5 - https:\/\/yoast.com\/product\/yoast-seo-wordpress\/ -->\n<title>FPS Fu\u00dfpumpe - Ohis<\/title>\n<meta name=\"robots\" content=\"index, follow, max-snippet:-1, max-image-preview:large, max-video-preview:-1\" \/>\n<link rel=\"canonical\" href=\"https:\/\/www.ohis.be\/de\/produit\/fps-fuspumpe\/\" \/>\n<meta property=\"og:locale\" content=\"de_DE\" \/>\n<meta property=\"og:type\" content=\"article\" \/>\n<meta property=\"og:title\" content=\"FPS Fu\u00dfpumpe - Ohis\" \/>\n<meta property=\"og:description\" content=\"Betriebsdruck 700 bar Zum Bet\u00e4tigen von einfachwirkenden Hydraulikzylindern, besonders bei wiederkehrenden Arbeiten, wie z. B. Pr\u00fcfen von Schwei\u00dfproben, Verpressen von Verbindungsteilen, Bet\u00e4tigung von Spannvorrichtungen sowie f\u00fcr alle Arbeiten, bei welchen die H\u00e4nde frei bleiben sollen. Die Pumpe l\u00e4sst sich \u00fcberall einsetzen, da sie energieunabh\u00e4ngig und leicht zu tragen ist. Eine besonders gute Standsicherheit garantiert eine bequeme und sichere Bedienung bis in den h\u00f6chsten Druckbereich. Sie ist eine \u201eechte\u201c Fu\u00dfpumpe, da die Druck-Entlastung des Hydraulikzylinders ebenfalls durch Fu\u00dfbedienung erfolgt.  Ausstattung und Verarbeitung \u2022 Betriebsdruck max. 700 bar. \u2022 Absolut standsicher. \u2022 Erm\u00fcdungsarmes Arbeiten. \u2022 Betriebsdruck beliebig einstellbar; Druckbegrenzungsventile von au\u00dfen zug\u00e4ngig. \u2022 Auch der Zylinder-R\u00fcckhub wird durch Fu\u00dfbedienung gesteuert. \u2022 \u00d6lanschluss 3\/8 NPT.  Optional \u2022 Manometer und passende Adapter. \u2022 Hydraulikschl\u00e4uche\" \/>\n<meta property=\"og:url\" content=\"https:\/\/www.ohis.be\/de\/produit\/fps-fuspumpe\/\" \/>\n<meta property=\"og:site_name\" content=\"Ohis\" \/>\n<meta property=\"og:image\" content=\"https:\/\/www.ohis.be\/wp-content\/uploads\/2022\/12\/yale-fps.jpg\" \/>\n\t<meta property=\"og:image:width\" content=\"525\" \/>\n\t<meta property=\"og:image:height\" content=\"461\" \/>\n\t<meta property=\"og:image:type\" content=\"image\/jpeg\" \/>\n<meta name=\"twitter:card\" content=\"summary_large_image\" \/>\n<meta name=\"twitter:label1\" content=\"Gesch\u00e4tzte Lesezeit\" \/>\n\t<meta name=\"twitter:data1\" content=\"1\u00a0Minute\" \/>\n<script type=\"application\/ld+json\" class=\"yoast-schema-graph\">{\"@context\":\"https:\\\/\\\/schema.org\",\"@graph\":[{\"@type\":\"WebPage\",\"@id\":\"https:\\\/\\\/www.ohis.be\\\/de\\\/produit\\\/fps-fuspumpe\\\/\",\"url\":\"https:\\\/\\\/www.ohis.be\\\/de\\\/produit\\\/fps-fuspumpe\\\/\",\"name\":\"FPS Fu\u00dfpumpe - Ohis\",\"isPartOf\":{\"@id\":\"https:\\\/\\\/www.ohis.be\\\/de\\\/#website\"},\"primaryImageOfPage\":{\"@id\":\"https:\\\/\\\/www.ohis.be\\\/de\\\/produit\\\/fps-fuspumpe\\\/#primaryimage\"},\"image\":{\"@id\":\"https:\\\/\\\/www.ohis.be\\\/de\\\/produit\\\/fps-fuspumpe\\\/#primaryimage\"},\"thumbnailUrl\":\"https:\\\/\\\/www.ohis.be\\\/wp-content\\\/uploads\\\/2022\\\/12\\\/yale-fps.jpg\",\"datePublished\":\"2022-12-30T10:23:14+00:00\",\"breadcrumb\":{\"@id\":\"https:\\\/\\\/www.ohis.be\\\/de\\\/produit\\\/fps-fuspumpe\\\/#breadcrumb\"},\"inLanguage\":\"de\",\"potentialAction\":[{\"@type\":\"ReadAction\",\"target\":[\"https:\\\/\\\/www.ohis.be\\\/de\\\/produit\\\/fps-fuspumpe\\\/\"]}]},{\"@type\":\"ImageObject\",\"inLanguage\":\"de\",\"@id\":\"https:\\\/\\\/www.ohis.be\\\/de\\\/produit\\\/fps-fuspumpe\\\/#primaryimage\",\"url\":\"https:\\\/\\\/www.ohis.be\\\/wp-content\\\/uploads\\\/2022\\\/12\\\/yale-fps.jpg\",\"contentUrl\":\"https:\\\/\\\/www.ohis.be\\\/wp-content\\\/uploads\\\/2022\\\/12\\\/yale-fps.jpg\",\"width\":525,\"height\":461,\"caption\":\"SPOTLIGHT 41463 08\"},{\"@type\":\"BreadcrumbList\",\"@id\":\"https:\\\/\\\/www.ohis.be\\\/de\\\/produit\\\/fps-fuspumpe\\\/#breadcrumb\",\"itemListElement\":[{\"@type\":\"ListItem\",\"position\":1,\"name\":\"Accueil\",\"item\":\"https:\\\/\\\/www.ohis.be\\\/de\\\/\"},{\"@type\":\"ListItem\",\"position\":2,\"name\":\"Produkte\",\"item\":\"https:\\\/\\\/www.ohis.be\\\/de\\\/produkte\\\/\"},{\"@type\":\"ListItem\",\"position\":3,\"name\":\"FPS Fu\u00dfpumpe\"}]},{\"@type\":\"WebSite\",\"@id\":\"https:\\\/\\\/www.ohis.be\\\/de\\\/#website\",\"url\":\"https:\\\/\\\/www.ohis.be\\\/de\\\/\",\"name\":\"Ohis\",\"description\":\"Outils de levage\",\"publisher\":{\"@id\":\"https:\\\/\\\/www.ohis.be\\\/de\\\/#organization\"},\"potentialAction\":[{\"@type\":\"SearchAction\",\"target\":{\"@type\":\"EntryPoint\",\"urlTemplate\":\"https:\\\/\\\/www.ohis.be\\\/de\\\/?s={search_term_string}\"},\"query-input\":{\"@type\":\"PropertyValueSpecification\",\"valueRequired\":true,\"valueName\":\"search_term_string\"}}],\"inLanguage\":\"de\"},{\"@type\":\"Organization\",\"@id\":\"https:\\\/\\\/www.ohis.be\\\/de\\\/#organization\",\"name\":\"Ohis\",\"url\":\"https:\\\/\\\/www.ohis.be\\\/de\\\/\",\"logo\":{\"@type\":\"ImageObject\",\"inLanguage\":\"de\",\"@id\":\"https:\\\/\\\/www.ohis.be\\\/de\\\/#\\\/schema\\\/logo\\\/image\\\/\",\"url\":\"https:\\\/\\\/www.ohis.be\\\/wp-content\\\/uploads\\\/2021\\\/02\\\/logo-ohis-wit.svg\",\"contentUrl\":\"https:\\\/\\\/www.ohis.be\\\/wp-content\\\/uploads\\\/2021\\\/02\\\/logo-ohis-wit.svg\",\"caption\":\"Ohis\"},\"image\":{\"@id\":\"https:\\\/\\\/www.ohis.be\\\/de\\\/#\\\/schema\\\/logo\\\/image\\\/\"}}]}<\/script>\n<!-- \/ Yoast SEO plugin. -->","yoast_head_json":{"title":"FPS Fu\u00dfpumpe - Ohis","robots":{"index":"index","follow":"follow","max-snippet":"max-snippet:-1","max-image-preview":"max-image-preview:large","max-video-preview":"max-video-preview:-1"},"canonical":"https:\/\/www.ohis.be\/de\/produit\/fps-fuspumpe\/","og_locale":"de_DE","og_type":"article","og_title":"FPS Fu\u00dfpumpe - Ohis","og_description":"Betriebsdruck 700 bar Zum Bet\u00e4tigen von einfachwirkenden Hydraulikzylindern, besonders bei wiederkehrenden Arbeiten, wie z. B. Pr\u00fcfen von Schwei\u00dfproben, Verpressen von Verbindungsteilen, Bet\u00e4tigung von Spannvorrichtungen sowie f\u00fcr alle Arbeiten, bei welchen die H\u00e4nde frei bleiben sollen. Die Pumpe l\u00e4sst sich \u00fcberall einsetzen, da sie energieunabh\u00e4ngig und leicht zu tragen ist. Eine besonders gute Standsicherheit garantiert eine bequeme und sichere Bedienung bis in den h\u00f6chsten Druckbereich. Sie ist eine \u201eechte\u201c Fu\u00dfpumpe, da die Druck-Entlastung des Hydraulikzylinders ebenfalls durch Fu\u00dfbedienung erfolgt.  Ausstattung und Verarbeitung \u2022 Betriebsdruck max. 700 bar. \u2022 Absolut standsicher. \u2022 Erm\u00fcdungsarmes Arbeiten. \u2022 Betriebsdruck beliebig einstellbar; Druckbegrenzungsventile von au\u00dfen zug\u00e4ngig. \u2022 Auch der Zylinder-R\u00fcckhub wird durch Fu\u00dfbedienung gesteuert. \u2022 \u00d6lanschluss 3\/8 NPT.  Optional \u2022 Manometer und passende Adapter. \u2022 Hydraulikschl\u00e4uche","og_url":"https:\/\/www.ohis.be\/de\/produit\/fps-fuspumpe\/","og_site_name":"Ohis","og_image":[{"width":525,"height":461,"url":"https:\/\/www.ohis.be\/wp-content\/uploads\/2022\/12\/yale-fps.jpg","type":"image\/jpeg"}],"twitter_card":"summary_large_image","twitter_misc":{"Gesch\u00e4tzte Lesezeit":"1\u00a0Minute"},"schema":{"@context":"https:\/\/schema.org","@graph":[{"@type":"WebPage","@id":"https:\/\/www.ohis.be\/de\/produit\/fps-fuspumpe\/","url":"https:\/\/www.ohis.be\/de\/produit\/fps-fuspumpe\/","name":"FPS Fu\u00dfpumpe - Ohis","isPartOf":{"@id":"https:\/\/www.ohis.be\/de\/#website"},"primaryImageOfPage":{"@id":"https:\/\/www.ohis.be\/de\/produit\/fps-fuspumpe\/#primaryimage"},"image":{"@id":"https:\/\/www.ohis.be\/de\/produit\/fps-fuspumpe\/#primaryimage"},"thumbnailUrl":"https:\/\/www.ohis.be\/wp-content\/uploads\/2022\/12\/yale-fps.jpg","datePublished":"2022-12-30T10:23:14+00:00","breadcrumb":{"@id":"https:\/\/www.ohis.be\/de\/produit\/fps-fuspumpe\/#breadcrumb"},"inLanguage":"de","potentialAction":[{"@type":"ReadAction","target":["https:\/\/www.ohis.be\/de\/produit\/fps-fuspumpe\/"]}]},{"@type":"ImageObject","inLanguage":"de","@id":"https:\/\/www.ohis.be\/de\/produit\/fps-fuspumpe\/#primaryimage","url":"https:\/\/www.ohis.be\/wp-content\/uploads\/2022\/12\/yale-fps.jpg","contentUrl":"https:\/\/www.ohis.be\/wp-content\/uploads\/2022\/12\/yale-fps.jpg","width":525,"height":461,"caption":"SPOTLIGHT 41463 08"},{"@type":"BreadcrumbList","@id":"https:\/\/www.ohis.be\/de\/produit\/fps-fuspumpe\/#breadcrumb","itemListElement":[{"@type":"ListItem","position":1,"name":"Accueil","item":"https:\/\/www.ohis.be\/de\/"},{"@type":"ListItem","position":2,"name":"Produkte","item":"https:\/\/www.ohis.be\/de\/produkte\/"},{"@type":"ListItem","position":3,"name":"FPS Fu\u00dfpumpe"}]},{"@type":"WebSite","@id":"https:\/\/www.ohis.be\/de\/#website","url":"https:\/\/www.ohis.be\/de\/","name":"Ohis","description":"Outils de levage","publisher":{"@id":"https:\/\/www.ohis.be\/de\/#organization"},"potentialAction":[{"@type":"SearchAction","target":{"@type":"EntryPoint","urlTemplate":"https:\/\/www.ohis.be\/de\/?s={search_term_string}"},"query-input":{"@type":"PropertyValueSpecification","valueRequired":true,"valueName":"search_term_string"}}],"inLanguage":"de"},{"@type":"Organization","@id":"https:\/\/www.ohis.be\/de\/#organization","name":"Ohis","url":"https:\/\/www.ohis.be\/de\/","logo":{"@type":"ImageObject","inLanguage":"de","@id":"https:\/\/www.ohis.be\/de\/#\/schema\/logo\/image\/","url":"https:\/\/www.ohis.be\/wp-content\/uploads\/2021\/02\/logo-ohis-wit.svg","contentUrl":"https:\/\/www.ohis.be\/wp-content\/uploads\/2021\/02\/logo-ohis-wit.svg","caption":"Ohis"},"image":{"@id":"https:\/\/www.ohis.be\/de\/#\/schema\/logo\/image\/"}}]}},"_links":{"self":[{"href":"https:\/\/www.ohis.be\/de\/wp-json\/wp\/v2\/product\/25376","targetHints":{"allow":["GET"]}}],"collection":[{"href":"https:\/\/www.ohis.be\/de\/wp-json\/wp\/v2\/product"}],"about":[{"href":"https:\/\/www.ohis.be\/de\/wp-json\/wp\/v2\/types\/product"}],"wp:featuredmedia":[{"embeddable":true,"href":"https:\/\/www.ohis.be\/de\/wp-json\/wp\/v2\/media\/22547"}],"wp:attachment":[{"href":"https:\/\/www.ohis.be\/de\/wp-json\/wp\/v2\/media?parent=25376"}],"wp:term":[{"taxonomy":"product_brand","embeddable":true,"href":"https:\/\/www.ohis.be\/de\/wp-json\/wp\/v2\/product_brand?post=25376"},{"taxonomy":"product_cat","embeddable":true,"href":"https:\/\/www.ohis.be\/de\/wp-json\/wp\/v2\/product_cat?post=25376"},{"taxonomy":"product_tag","embeddable":true,"href":"https:\/\/www.ohis.be\/de\/wp-json\/wp\/v2\/product_tag?post=25376"}],"curies":[{"name":"wp","href":"https:\/\/api.w.org\/{rel}","templated":true}]}}