{"id":25371,"date":"2022-12-30T11:36:29","date_gmt":"2022-12-30T10:36:29","guid":{"rendered":"https:\/\/www.ohis.be\/produit\/py-04-elektro-motorpumpen-tragbar\/"},"modified":"2022-12-30T11:36:29","modified_gmt":"2022-12-30T10:36:29","slug":"py-04-elektro-motorpumpen-tragbar","status":"publish","type":"product","link":"https:\/\/www.ohis.be\/de\/produit\/py-04-elektro-motorpumpen-tragbar\/","title":{"rendered":"PY-04 Elektro-Motorpumpen, tragbar"},"content":{"rendered":"<p>Betriebsdruck max. 700 bar<br \/>\nDiese Zweistufen-Kompaktpumpen sind speziell f\u00fcr Instandhaltungs- und Montageeins\u00e4tze konzipiert. Sie k\u00f6nnen je nach Typ einfach- oder doppeltwirkende Hydraulikzylinder betreiben.<\/p>\n<p>Die ideale Kombination von Handventil und Kabelfernsteuerung des E-Motors gibt dem Bediener Beweglichkeit und gew\u00e4hrleistet ein sicheres \u201eLasthalten\u201c.<br \/>\nDer Motoranlauf kann auch unter Volllast erfolgen. Durch das geringe Gewicht und den praktischen Trageb\u00fcgel kann die Pumpe leicht transportiert werden. Die Pumpen werden mit komplettem elektrischem Anschluss und Hydraulik\u00f6lf\u00fcllung geliefert. \u00dcber die Kabelfernsteuerung (1,5 m) wird der Motor ein- und ausgeschaltet, so dass sich f\u00fcr die beiden Versionen mit Handventil folgende<br \/>\nFunktion ergibt: Zylinder: &#8211; Ausfahren &#8211; Halt &#8211; Einfahren &#8211;<\/p>\n","protected":false},"excerpt":{"rendered":"<p>Betriebsdruck max. 700 bar<br \/>\nDiese Zweistufen-Kompaktpumpen sind speziell f\u00fcr Instandhaltungs- und Montageeins\u00e4tze konzipiert. Sie k\u00f6nnen je nach Typ einfach- oder doppeltwirkende Hydraulikzylinder betreiben.<\/p>\n<p>Die ideale Kombination von Handventil und Kabelfernsteuerung des E-Motors gibt dem Bediener Beweglichkeit und gew\u00e4hrleistet ein sicheres \u201eLasthalten\u201c.<br \/>\nDer Motoranlauf kann auch unter Volllast erfolgen. Durch das geringe Gewicht und den praktischen Trageb\u00fcgel kann die Pumpe leicht transportiert werden. Die Pumpen werden mit komplettem elektrischem Anschluss und Hydraulik\u00f6lf\u00fcllung geliefert. \u00dcber die Kabelfernsteuerung (1,5 m) wird der Motor ein- und ausgeschaltet, so dass sich f\u00fcr die beiden Versionen mit Handventil folgende<br \/>\nFunktion ergibt: Zylinder: &#8211; Ausfahren &#8211; Halt &#8211; Einfahren &#8211;<\/p>\n","protected":false},"featured_media":22556,"template":"","meta":{"_acf_changed":false,"inline_featured_image":false},"product_brand":[],"product_cat":[1641],"product_tag":[705],"class_list":{"0":"post-25371","1":"product","2":"type-product","3":"status-publish","4":"has-post-thumbnail","6":"product_cat-hydraulische-zylinder","7":"product_tag-yale-de","9":"first","10":"onbackorder","11":"taxable","12":"shipping-taxable","13":"purchasable","14":"product-type-variable"},"acf":[],"yoast_head":"<!-- This site is optimized with the Yoast SEO plugin v27.4 - https:\/\/yoast.com\/product\/yoast-seo-wordpress\/ -->\n<title>PY-04 Elektro-Motorpumpen, tragbar - Ohis<\/title>\n<meta name=\"robots\" content=\"index, follow, max-snippet:-1, max-image-preview:large, max-video-preview:-1\" \/>\n<link rel=\"canonical\" href=\"https:\/\/www.ohis.be\/de\/produit\/py-04-elektro-motorpumpen-tragbar\/\" \/>\n<meta property=\"og:locale\" content=\"de_DE\" \/>\n<meta property=\"og:type\" content=\"article\" \/>\n<meta property=\"og:title\" content=\"PY-04 Elektro-Motorpumpen, tragbar - Ohis\" \/>\n<meta property=\"og:description\" content=\"Betriebsdruck max. 700 bar Diese Zweistufen-Kompaktpumpen sind speziell f\u00fcr Instandhaltungs- und Montageeins\u00e4tze konzipiert. Sie k\u00f6nnen je nach Typ einfach- oder doppeltwirkende Hydraulikzylinder betreiben.  Die ideale Kombination von Handventil und Kabelfernsteuerung des E-Motors gibt dem Bediener Beweglichkeit und gew\u00e4hrleistet ein sicheres \u201eLasthalten\u201c. Der Motoranlauf kann auch unter Volllast erfolgen. Durch das geringe Gewicht und den praktischen Trageb\u00fcgel kann die Pumpe leicht transportiert werden. Die Pumpen werden mit komplettem elektrischem Anschluss und Hydraulik\u00f6lf\u00fcllung geliefert. \u00dcber die Kabelfernsteuerung (1,5 m) wird der Motor ein- und ausgeschaltet, so dass sich f\u00fcr die beiden Versionen mit Handventil folgende Funktion ergibt: Zylinder: - Ausfahren - Halt - Einfahren -\" \/>\n<meta property=\"og:url\" content=\"https:\/\/www.ohis.be\/de\/produit\/py-04-elektro-motorpumpen-tragbar\/\" \/>\n<meta property=\"og:site_name\" content=\"Ohis\" \/>\n<meta property=\"og:image\" content=\"https:\/\/www.ohis.be\/wp-content\/uploads\/2022\/12\/yale-py04.jpg\" \/>\n\t<meta property=\"og:image:width\" content=\"525\" \/>\n\t<meta property=\"og:image:height\" content=\"525\" \/>\n\t<meta property=\"og:image:type\" content=\"image\/jpeg\" \/>\n<meta name=\"twitter:card\" content=\"summary_large_image\" \/>\n<meta name=\"twitter:label1\" content=\"Gesch\u00e4tzte Lesezeit\" \/>\n\t<meta name=\"twitter:data1\" content=\"1\u00a0Minute\" \/>\n<script type=\"application\/ld+json\" class=\"yoast-schema-graph\">{\"@context\":\"https:\\\/\\\/schema.org\",\"@graph\":[{\"@type\":\"WebPage\",\"@id\":\"https:\\\/\\\/www.ohis.be\\\/de\\\/produit\\\/py-04-elektro-motorpumpen-tragbar\\\/\",\"url\":\"https:\\\/\\\/www.ohis.be\\\/de\\\/produit\\\/py-04-elektro-motorpumpen-tragbar\\\/\",\"name\":\"PY-04 Elektro-Motorpumpen, tragbar - Ohis\",\"isPartOf\":{\"@id\":\"https:\\\/\\\/www.ohis.be\\\/#website\"},\"primaryImageOfPage\":{\"@id\":\"https:\\\/\\\/www.ohis.be\\\/de\\\/produit\\\/py-04-elektro-motorpumpen-tragbar\\\/#primaryimage\"},\"image\":{\"@id\":\"https:\\\/\\\/www.ohis.be\\\/de\\\/produit\\\/py-04-elektro-motorpumpen-tragbar\\\/#primaryimage\"},\"thumbnailUrl\":\"https:\\\/\\\/www.ohis.be\\\/wp-content\\\/uploads\\\/2022\\\/12\\\/yale-py04.jpg\",\"datePublished\":\"2022-12-30T10:36:29+00:00\",\"breadcrumb\":{\"@id\":\"https:\\\/\\\/www.ohis.be\\\/de\\\/produit\\\/py-04-elektro-motorpumpen-tragbar\\\/#breadcrumb\"},\"inLanguage\":\"de\",\"potentialAction\":[{\"@type\":\"ReadAction\",\"target\":[\"https:\\\/\\\/www.ohis.be\\\/de\\\/produit\\\/py-04-elektro-motorpumpen-tragbar\\\/\"]}]},{\"@type\":\"ImageObject\",\"inLanguage\":\"de\",\"@id\":\"https:\\\/\\\/www.ohis.be\\\/de\\\/produit\\\/py-04-elektro-motorpumpen-tragbar\\\/#primaryimage\",\"url\":\"https:\\\/\\\/www.ohis.be\\\/wp-content\\\/uploads\\\/2022\\\/12\\\/yale-py04.jpg\",\"contentUrl\":\"https:\\\/\\\/www.ohis.be\\\/wp-content\\\/uploads\\\/2022\\\/12\\\/yale-py04.jpg\",\"width\":525,\"height\":525,\"caption\":\"SPOTLIGHT 41463 38\"},{\"@type\":\"BreadcrumbList\",\"@id\":\"https:\\\/\\\/www.ohis.be\\\/de\\\/produit\\\/py-04-elektro-motorpumpen-tragbar\\\/#breadcrumb\",\"itemListElement\":[{\"@type\":\"ListItem\",\"position\":1,\"name\":\"Accueil\",\"item\":\"https:\\\/\\\/www.ohis.be\\\/de\\\/\"},{\"@type\":\"ListItem\",\"position\":2,\"name\":\"Produkte\",\"item\":\"https:\\\/\\\/www.ohis.be\\\/de\\\/produkte\\\/\"},{\"@type\":\"ListItem\",\"position\":3,\"name\":\"PY-04 Elektro-Motorpumpen, tragbar\"}]},{\"@type\":\"WebSite\",\"@id\":\"https:\\\/\\\/www.ohis.be\\\/#website\",\"url\":\"https:\\\/\\\/www.ohis.be\\\/\",\"name\":\"Ohis\",\"description\":\"Outils de levage\",\"publisher\":{\"@id\":\"https:\\\/\\\/www.ohis.be\\\/#organization\"},\"potentialAction\":[{\"@type\":\"SearchAction\",\"target\":{\"@type\":\"EntryPoint\",\"urlTemplate\":\"https:\\\/\\\/www.ohis.be\\\/?s={search_term_string}\"},\"query-input\":{\"@type\":\"PropertyValueSpecification\",\"valueRequired\":true,\"valueName\":\"search_term_string\"}}],\"inLanguage\":\"de\"},{\"@type\":\"Organization\",\"@id\":\"https:\\\/\\\/www.ohis.be\\\/#organization\",\"name\":\"Ohis\",\"url\":\"https:\\\/\\\/www.ohis.be\\\/\",\"logo\":{\"@type\":\"ImageObject\",\"inLanguage\":\"de\",\"@id\":\"https:\\\/\\\/www.ohis.be\\\/#\\\/schema\\\/logo\\\/image\\\/\",\"url\":\"https:\\\/\\\/www.ohis.be\\\/wp-content\\\/uploads\\\/2021\\\/02\\\/logo-ohis-wit.svg\",\"contentUrl\":\"https:\\\/\\\/www.ohis.be\\\/wp-content\\\/uploads\\\/2021\\\/02\\\/logo-ohis-wit.svg\",\"caption\":\"Ohis\"},\"image\":{\"@id\":\"https:\\\/\\\/www.ohis.be\\\/#\\\/schema\\\/logo\\\/image\\\/\"}}]}<\/script>\n<!-- \/ Yoast SEO plugin. -->","yoast_head_json":{"title":"PY-04 Elektro-Motorpumpen, tragbar - Ohis","robots":{"index":"index","follow":"follow","max-snippet":"max-snippet:-1","max-image-preview":"max-image-preview:large","max-video-preview":"max-video-preview:-1"},"canonical":"https:\/\/www.ohis.be\/de\/produit\/py-04-elektro-motorpumpen-tragbar\/","og_locale":"de_DE","og_type":"article","og_title":"PY-04 Elektro-Motorpumpen, tragbar - Ohis","og_description":"Betriebsdruck max. 700 bar Diese Zweistufen-Kompaktpumpen sind speziell f\u00fcr Instandhaltungs- und Montageeins\u00e4tze konzipiert. Sie k\u00f6nnen je nach Typ einfach- oder doppeltwirkende Hydraulikzylinder betreiben.  Die ideale Kombination von Handventil und Kabelfernsteuerung des E-Motors gibt dem Bediener Beweglichkeit und gew\u00e4hrleistet ein sicheres \u201eLasthalten\u201c. Der Motoranlauf kann auch unter Volllast erfolgen. Durch das geringe Gewicht und den praktischen Trageb\u00fcgel kann die Pumpe leicht transportiert werden. Die Pumpen werden mit komplettem elektrischem Anschluss und Hydraulik\u00f6lf\u00fcllung geliefert. \u00dcber die Kabelfernsteuerung (1,5 m) wird der Motor ein- und ausgeschaltet, so dass sich f\u00fcr die beiden Versionen mit Handventil folgende Funktion ergibt: Zylinder: - Ausfahren - Halt - Einfahren -","og_url":"https:\/\/www.ohis.be\/de\/produit\/py-04-elektro-motorpumpen-tragbar\/","og_site_name":"Ohis","og_image":[{"width":525,"height":525,"url":"https:\/\/www.ohis.be\/wp-content\/uploads\/2022\/12\/yale-py04.jpg","type":"image\/jpeg"}],"twitter_card":"summary_large_image","twitter_misc":{"Gesch\u00e4tzte Lesezeit":"1\u00a0Minute"},"schema":{"@context":"https:\/\/schema.org","@graph":[{"@type":"WebPage","@id":"https:\/\/www.ohis.be\/de\/produit\/py-04-elektro-motorpumpen-tragbar\/","url":"https:\/\/www.ohis.be\/de\/produit\/py-04-elektro-motorpumpen-tragbar\/","name":"PY-04 Elektro-Motorpumpen, tragbar - Ohis","isPartOf":{"@id":"https:\/\/www.ohis.be\/#website"},"primaryImageOfPage":{"@id":"https:\/\/www.ohis.be\/de\/produit\/py-04-elektro-motorpumpen-tragbar\/#primaryimage"},"image":{"@id":"https:\/\/www.ohis.be\/de\/produit\/py-04-elektro-motorpumpen-tragbar\/#primaryimage"},"thumbnailUrl":"https:\/\/www.ohis.be\/wp-content\/uploads\/2022\/12\/yale-py04.jpg","datePublished":"2022-12-30T10:36:29+00:00","breadcrumb":{"@id":"https:\/\/www.ohis.be\/de\/produit\/py-04-elektro-motorpumpen-tragbar\/#breadcrumb"},"inLanguage":"de","potentialAction":[{"@type":"ReadAction","target":["https:\/\/www.ohis.be\/de\/produit\/py-04-elektro-motorpumpen-tragbar\/"]}]},{"@type":"ImageObject","inLanguage":"de","@id":"https:\/\/www.ohis.be\/de\/produit\/py-04-elektro-motorpumpen-tragbar\/#primaryimage","url":"https:\/\/www.ohis.be\/wp-content\/uploads\/2022\/12\/yale-py04.jpg","contentUrl":"https:\/\/www.ohis.be\/wp-content\/uploads\/2022\/12\/yale-py04.jpg","width":525,"height":525,"caption":"SPOTLIGHT 41463 38"},{"@type":"BreadcrumbList","@id":"https:\/\/www.ohis.be\/de\/produit\/py-04-elektro-motorpumpen-tragbar\/#breadcrumb","itemListElement":[{"@type":"ListItem","position":1,"name":"Accueil","item":"https:\/\/www.ohis.be\/de\/"},{"@type":"ListItem","position":2,"name":"Produkte","item":"https:\/\/www.ohis.be\/de\/produkte\/"},{"@type":"ListItem","position":3,"name":"PY-04 Elektro-Motorpumpen, tragbar"}]},{"@type":"WebSite","@id":"https:\/\/www.ohis.be\/#website","url":"https:\/\/www.ohis.be\/","name":"Ohis","description":"Outils de levage","publisher":{"@id":"https:\/\/www.ohis.be\/#organization"},"potentialAction":[{"@type":"SearchAction","target":{"@type":"EntryPoint","urlTemplate":"https:\/\/www.ohis.be\/?s={search_term_string}"},"query-input":{"@type":"PropertyValueSpecification","valueRequired":true,"valueName":"search_term_string"}}],"inLanguage":"de"},{"@type":"Organization","@id":"https:\/\/www.ohis.be\/#organization","name":"Ohis","url":"https:\/\/www.ohis.be\/","logo":{"@type":"ImageObject","inLanguage":"de","@id":"https:\/\/www.ohis.be\/#\/schema\/logo\/image\/","url":"https:\/\/www.ohis.be\/wp-content\/uploads\/2021\/02\/logo-ohis-wit.svg","contentUrl":"https:\/\/www.ohis.be\/wp-content\/uploads\/2021\/02\/logo-ohis-wit.svg","caption":"Ohis"},"image":{"@id":"https:\/\/www.ohis.be\/#\/schema\/logo\/image\/"}}]}},"_links":{"self":[{"href":"https:\/\/www.ohis.be\/de\/wp-json\/wp\/v2\/product\/25371","targetHints":{"allow":["GET"]}}],"collection":[{"href":"https:\/\/www.ohis.be\/de\/wp-json\/wp\/v2\/product"}],"about":[{"href":"https:\/\/www.ohis.be\/de\/wp-json\/wp\/v2\/types\/product"}],"wp:featuredmedia":[{"embeddable":true,"href":"https:\/\/www.ohis.be\/de\/wp-json\/wp\/v2\/media\/22556"}],"wp:attachment":[{"href":"https:\/\/www.ohis.be\/de\/wp-json\/wp\/v2\/media?parent=25371"}],"wp:term":[{"taxonomy":"product_brand","embeddable":true,"href":"https:\/\/www.ohis.be\/de\/wp-json\/wp\/v2\/product_brand?post=25371"},{"taxonomy":"product_cat","embeddable":true,"href":"https:\/\/www.ohis.be\/de\/wp-json\/wp\/v2\/product_cat?post=25371"},{"taxonomy":"product_tag","embeddable":true,"href":"https:\/\/www.ohis.be\/de\/wp-json\/wp\/v2\/product_tag?post=25371"}],"curies":[{"name":"wp","href":"https:\/\/api.w.org\/{rel}","templated":true}]}}