{"id":25362,"date":"2022-12-30T11:54:18","date_gmt":"2022-12-30T10:54:18","guid":{"rendered":"https:\/\/www.ohis.be\/produit\/pay-mini-hydraulikpumpen-mit-druckluftantrieb\/"},"modified":"2022-12-30T11:54:18","modified_gmt":"2022-12-30T10:54:18","slug":"pay-mini-hydraulikpumpen-mit-druckluftantrieb","status":"publish","type":"product","link":"https:\/\/www.ohis.be\/de\/produit\/pay-mini-hydraulikpumpen-mit-druckluftantrieb\/","title":{"rendered":"PAY Mini-Hydraulikpumpen mit Druckluftantrieb"},"content":{"rendered":"<p>Betriebsdruck max. 700 bar<br \/>\nDiese Mini-Hydraulikpumpen werden durch einen Druckluftmotor angetrieben und k\u00f6nnen an jedes werkstatt\u00fcbliche Druckluftnetz angeschlossen werden. Diese kompakten, preiswerten Pumpen k\u00f6nnen alle einfachwirkenden Hydraulikzylinder bis zu einem max. Betriebsdruck von 700 bar betreiben.<\/p>\n<p>Aufgrund des gro\u00dfen nutzbaren Tankvolumens k\u00f6nnen auch gr\u00f6\u00dfere Hydraulikzylinder oder Zylindergruppen angeschlossen werden. Das Vorschalten einer Wartungseinheit wird empfohlen.<br \/>\nAm Druckminderer in der Luftleitung kann der Hydraulikdruck stufenlos eingestellt werden. Durch den Druckluftmotor ist 100 % iger Explosionsschutz gegeben.<br \/>\nDie Pumpen f\u00fcr doppeltwirkende Hydraulikzylinder verf\u00fcgen zus\u00e4tzlich \u00fcber ein 4- Wegeventil VHH-4\/3. Die Steuerung des angeschlossenen Hydraulikzylinders \u2012 Ausfahren \u2012 Halt \u2012 Einfahren \u2012 erfolgt durch die aufgebaute Wippe, die sowohl per Hand als auch mit dem Fu\u00df bedient werden kann.<\/p>\n<p>Steuerung der Funktionen<br \/>\n\u2022 Wippe in Ruhestellung &#8211; Motor steht, Zylinder stehen bzw. werden unter Druck gehalten.<br \/>\n\u2022 Wippe gedr\u00fcckt &#8211; Motor l\u00e4uft, Zylinder f\u00e4hrt aus, Systemdruck baut sich auf.<br \/>\n\u2022 Wippe wird nach vorne geneigt &#8211; Motor steht, Druck wird abgebaut, Zylinder f\u00e4hrt ein.<\/p>\n","protected":false},"excerpt":{"rendered":"<p>Betriebsdruck max. 700 bar<br \/>\nDiese Mini-Hydraulikpumpen werden durch einen Druckluftmotor angetrieben und k\u00f6nnen an jedes werkstatt\u00fcbliche Druckluftnetz angeschlossen werden. Diese kompakten, preiswerten Pumpen k\u00f6nnen alle einfachwirkenden Hydraulikzylinder bis zu einem max. Betriebsdruck von 700 bar betreiben.<\/p>\n<p>Aufgrund des gro\u00dfen nutzbaren Tankvolumens k\u00f6nnen auch gr\u00f6\u00dfere Hydraulikzylinder oder Zylindergruppen angeschlossen werden. Das Vorschalten einer Wartungseinheit wird empfohlen.<br \/>\nAm Druckminderer in der Luftleitung kann der Hydraulikdruck stufenlos eingestellt werden. Durch den Druckluftmotor ist 100 % iger Explosionsschutz gegeben.<br \/>\nDie Pumpen f\u00fcr doppeltwirkende Hydraulikzylinder verf\u00fcgen zus\u00e4tzlich \u00fcber ein 4- Wegeventil VHH-4\/3. Die Steuerung des angeschlossenen Hydraulikzylinders \u2012 Ausfahren \u2012 Halt \u2012 Einfahren \u2012 erfolgt durch die aufgebaute Wippe, die sowohl per Hand als auch mit dem Fu\u00df bedient werden kann.<\/p>\n<p>Steuerung der Funktionen<br \/>\n\u2022 Wippe in Ruhestellung &#8211; Motor steht, Zylinder stehen bzw. werden unter Druck gehalten.<br \/>\n\u2022 Wippe gedr\u00fcckt &#8211; Motor l\u00e4uft, Zylinder f\u00e4hrt aus, Systemdruck baut sich auf.<br \/>\n\u2022 Wippe wird nach vorne geneigt &#8211; Motor steht, Druck wird abgebaut, Zylinder f\u00e4hrt ein.<\/p>\n","protected":false},"featured_media":22568,"template":"","meta":{"_acf_changed":false,"inline_featured_image":false},"product_brand":[],"product_cat":[1641],"product_tag":[705],"class_list":{"0":"post-25362","1":"product","2":"type-product","3":"status-publish","4":"has-post-thumbnail","6":"product_cat-hydraulische-zylinder","7":"product_tag-yale-de","9":"first","10":"onbackorder","11":"taxable","12":"shipping-taxable","13":"purchasable","14":"product-type-variable"},"acf":[],"yoast_head":"<!-- This site is optimized with the Yoast SEO plugin v27.5 - https:\/\/yoast.com\/product\/yoast-seo-wordpress\/ -->\n<title>PAY Mini-Hydraulikpumpen mit Druckluftantrieb - Ohis<\/title>\n<meta name=\"robots\" content=\"index, follow, max-snippet:-1, max-image-preview:large, max-video-preview:-1\" \/>\n<link rel=\"canonical\" href=\"https:\/\/www.ohis.be\/de\/produit\/pay-mini-hydraulikpumpen-mit-druckluftantrieb\/\" \/>\n<meta property=\"og:locale\" content=\"de_DE\" \/>\n<meta property=\"og:type\" content=\"article\" \/>\n<meta property=\"og:title\" content=\"PAY Mini-Hydraulikpumpen mit Druckluftantrieb - Ohis\" \/>\n<meta property=\"og:description\" content=\"Betriebsdruck max. 700 bar Diese Mini-Hydraulikpumpen werden durch einen Druckluftmotor angetrieben und k\u00f6nnen an jedes werkstatt\u00fcbliche Druckluftnetz angeschlossen werden. Diese kompakten, preiswerten Pumpen k\u00f6nnen alle einfachwirkenden Hydraulikzylinder bis zu einem max. Betriebsdruck von 700 bar betreiben.  Aufgrund des gro\u00dfen nutzbaren Tankvolumens k\u00f6nnen auch gr\u00f6\u00dfere Hydraulikzylinder oder Zylindergruppen angeschlossen werden. Das Vorschalten einer Wartungseinheit wird empfohlen. Am Druckminderer in der Luftleitung kann der Hydraulikdruck stufenlos eingestellt werden. Durch den Druckluftmotor ist 100 % iger Explosionsschutz gegeben. Die Pumpen f\u00fcr doppeltwirkende Hydraulikzylinder verf\u00fcgen zus\u00e4tzlich \u00fcber ein 4- Wegeventil VHH-4\/3. Die Steuerung des angeschlossenen Hydraulikzylinders \u2012 Ausfahren \u2012 Halt \u2012 Einfahren \u2012 erfolgt durch die aufgebaute Wippe, die sowohl per Hand als auch mit dem Fu\u00df bedient werden kann.  Steuerung der Funktionen \u2022 Wippe in Ruhestellung - Motor steht, Zylinder stehen bzw. werden unter Druck gehalten. \u2022 Wippe gedr\u00fcckt - Motor l\u00e4uft, Zylinder f\u00e4hrt aus, Systemdruck baut sich auf. \u2022 Wippe wird nach vorne geneigt - Motor steht, Druck wird abgebaut, Zylinder f\u00e4hrt ein.\" \/>\n<meta property=\"og:url\" content=\"https:\/\/www.ohis.be\/de\/produit\/pay-mini-hydraulikpumpen-mit-druckluftantrieb\/\" \/>\n<meta property=\"og:site_name\" content=\"Ohis\" \/>\n<meta property=\"og:image\" content=\"https:\/\/www.ohis.be\/wp-content\/uploads\/2022\/12\/yale-pay.jpg\" \/>\n\t<meta property=\"og:image:width\" content=\"980\" \/>\n\t<meta property=\"og:image:height\" content=\"865\" \/>\n\t<meta property=\"og:image:type\" content=\"image\/jpeg\" \/>\n<meta name=\"twitter:card\" content=\"summary_large_image\" \/>\n<meta name=\"twitter:label1\" content=\"Gesch\u00e4tzte Lesezeit\" \/>\n\t<meta name=\"twitter:data1\" content=\"1\u00a0Minute\" \/>\n<script type=\"application\/ld+json\" class=\"yoast-schema-graph\">{\"@context\":\"https:\\\/\\\/schema.org\",\"@graph\":[{\"@type\":\"WebPage\",\"@id\":\"https:\\\/\\\/www.ohis.be\\\/de\\\/produit\\\/pay-mini-hydraulikpumpen-mit-druckluftantrieb\\\/\",\"url\":\"https:\\\/\\\/www.ohis.be\\\/de\\\/produit\\\/pay-mini-hydraulikpumpen-mit-druckluftantrieb\\\/\",\"name\":\"PAY Mini-Hydraulikpumpen mit Druckluftantrieb - Ohis\",\"isPartOf\":{\"@id\":\"https:\\\/\\\/www.ohis.be\\\/#website\"},\"primaryImageOfPage\":{\"@id\":\"https:\\\/\\\/www.ohis.be\\\/de\\\/produit\\\/pay-mini-hydraulikpumpen-mit-druckluftantrieb\\\/#primaryimage\"},\"image\":{\"@id\":\"https:\\\/\\\/www.ohis.be\\\/de\\\/produit\\\/pay-mini-hydraulikpumpen-mit-druckluftantrieb\\\/#primaryimage\"},\"thumbnailUrl\":\"https:\\\/\\\/www.ohis.be\\\/wp-content\\\/uploads\\\/2022\\\/12\\\/yale-pay.jpg\",\"datePublished\":\"2022-12-30T10:54:18+00:00\",\"breadcrumb\":{\"@id\":\"https:\\\/\\\/www.ohis.be\\\/de\\\/produit\\\/pay-mini-hydraulikpumpen-mit-druckluftantrieb\\\/#breadcrumb\"},\"inLanguage\":\"de\",\"potentialAction\":[{\"@type\":\"ReadAction\",\"target\":[\"https:\\\/\\\/www.ohis.be\\\/de\\\/produit\\\/pay-mini-hydraulikpumpen-mit-druckluftantrieb\\\/\"]}]},{\"@type\":\"ImageObject\",\"inLanguage\":\"de\",\"@id\":\"https:\\\/\\\/www.ohis.be\\\/de\\\/produit\\\/pay-mini-hydraulikpumpen-mit-druckluftantrieb\\\/#primaryimage\",\"url\":\"https:\\\/\\\/www.ohis.be\\\/wp-content\\\/uploads\\\/2022\\\/12\\\/yale-pay.jpg\",\"contentUrl\":\"https:\\\/\\\/www.ohis.be\\\/wp-content\\\/uploads\\\/2022\\\/12\\\/yale-pay.jpg\",\"width\":980,\"height\":865},{\"@type\":\"BreadcrumbList\",\"@id\":\"https:\\\/\\\/www.ohis.be\\\/de\\\/produit\\\/pay-mini-hydraulikpumpen-mit-druckluftantrieb\\\/#breadcrumb\",\"itemListElement\":[{\"@type\":\"ListItem\",\"position\":1,\"name\":\"Accueil\",\"item\":\"https:\\\/\\\/www.ohis.be\\\/de\\\/\"},{\"@type\":\"ListItem\",\"position\":2,\"name\":\"Produkte\",\"item\":\"https:\\\/\\\/www.ohis.be\\\/de\\\/produkte\\\/\"},{\"@type\":\"ListItem\",\"position\":3,\"name\":\"PAY Mini-Hydraulikpumpen mit Druckluftantrieb\"}]},{\"@type\":\"WebSite\",\"@id\":\"https:\\\/\\\/www.ohis.be\\\/#website\",\"url\":\"https:\\\/\\\/www.ohis.be\\\/\",\"name\":\"Ohis\",\"description\":\"Outils de levage\",\"publisher\":{\"@id\":\"https:\\\/\\\/www.ohis.be\\\/#organization\"},\"potentialAction\":[{\"@type\":\"SearchAction\",\"target\":{\"@type\":\"EntryPoint\",\"urlTemplate\":\"https:\\\/\\\/www.ohis.be\\\/?s={search_term_string}\"},\"query-input\":{\"@type\":\"PropertyValueSpecification\",\"valueRequired\":true,\"valueName\":\"search_term_string\"}}],\"inLanguage\":\"de\"},{\"@type\":\"Organization\",\"@id\":\"https:\\\/\\\/www.ohis.be\\\/#organization\",\"name\":\"Ohis\",\"url\":\"https:\\\/\\\/www.ohis.be\\\/\",\"logo\":{\"@type\":\"ImageObject\",\"inLanguage\":\"de\",\"@id\":\"https:\\\/\\\/www.ohis.be\\\/#\\\/schema\\\/logo\\\/image\\\/\",\"url\":\"https:\\\/\\\/www.ohis.be\\\/wp-content\\\/uploads\\\/2021\\\/02\\\/logo-ohis-wit.svg\",\"contentUrl\":\"https:\\\/\\\/www.ohis.be\\\/wp-content\\\/uploads\\\/2021\\\/02\\\/logo-ohis-wit.svg\",\"caption\":\"Ohis\"},\"image\":{\"@id\":\"https:\\\/\\\/www.ohis.be\\\/#\\\/schema\\\/logo\\\/image\\\/\"}}]}<\/script>\n<!-- \/ Yoast SEO plugin. -->","yoast_head_json":{"title":"PAY Mini-Hydraulikpumpen mit Druckluftantrieb - Ohis","robots":{"index":"index","follow":"follow","max-snippet":"max-snippet:-1","max-image-preview":"max-image-preview:large","max-video-preview":"max-video-preview:-1"},"canonical":"https:\/\/www.ohis.be\/de\/produit\/pay-mini-hydraulikpumpen-mit-druckluftantrieb\/","og_locale":"de_DE","og_type":"article","og_title":"PAY Mini-Hydraulikpumpen mit Druckluftantrieb - Ohis","og_description":"Betriebsdruck max. 700 bar Diese Mini-Hydraulikpumpen werden durch einen Druckluftmotor angetrieben und k\u00f6nnen an jedes werkstatt\u00fcbliche Druckluftnetz angeschlossen werden. Diese kompakten, preiswerten Pumpen k\u00f6nnen alle einfachwirkenden Hydraulikzylinder bis zu einem max. Betriebsdruck von 700 bar betreiben.  Aufgrund des gro\u00dfen nutzbaren Tankvolumens k\u00f6nnen auch gr\u00f6\u00dfere Hydraulikzylinder oder Zylindergruppen angeschlossen werden. Das Vorschalten einer Wartungseinheit wird empfohlen. Am Druckminderer in der Luftleitung kann der Hydraulikdruck stufenlos eingestellt werden. Durch den Druckluftmotor ist 100 % iger Explosionsschutz gegeben. Die Pumpen f\u00fcr doppeltwirkende Hydraulikzylinder verf\u00fcgen zus\u00e4tzlich \u00fcber ein 4- Wegeventil VHH-4\/3. Die Steuerung des angeschlossenen Hydraulikzylinders \u2012 Ausfahren \u2012 Halt \u2012 Einfahren \u2012 erfolgt durch die aufgebaute Wippe, die sowohl per Hand als auch mit dem Fu\u00df bedient werden kann.  Steuerung der Funktionen \u2022 Wippe in Ruhestellung - Motor steht, Zylinder stehen bzw. werden unter Druck gehalten. \u2022 Wippe gedr\u00fcckt - Motor l\u00e4uft, Zylinder f\u00e4hrt aus, Systemdruck baut sich auf. \u2022 Wippe wird nach vorne geneigt - Motor steht, Druck wird abgebaut, Zylinder f\u00e4hrt ein.","og_url":"https:\/\/www.ohis.be\/de\/produit\/pay-mini-hydraulikpumpen-mit-druckluftantrieb\/","og_site_name":"Ohis","og_image":[{"width":980,"height":865,"url":"https:\/\/www.ohis.be\/wp-content\/uploads\/2022\/12\/yale-pay.jpg","type":"image\/jpeg"}],"twitter_card":"summary_large_image","twitter_misc":{"Gesch\u00e4tzte Lesezeit":"1\u00a0Minute"},"schema":{"@context":"https:\/\/schema.org","@graph":[{"@type":"WebPage","@id":"https:\/\/www.ohis.be\/de\/produit\/pay-mini-hydraulikpumpen-mit-druckluftantrieb\/","url":"https:\/\/www.ohis.be\/de\/produit\/pay-mini-hydraulikpumpen-mit-druckluftantrieb\/","name":"PAY Mini-Hydraulikpumpen mit Druckluftantrieb - Ohis","isPartOf":{"@id":"https:\/\/www.ohis.be\/#website"},"primaryImageOfPage":{"@id":"https:\/\/www.ohis.be\/de\/produit\/pay-mini-hydraulikpumpen-mit-druckluftantrieb\/#primaryimage"},"image":{"@id":"https:\/\/www.ohis.be\/de\/produit\/pay-mini-hydraulikpumpen-mit-druckluftantrieb\/#primaryimage"},"thumbnailUrl":"https:\/\/www.ohis.be\/wp-content\/uploads\/2022\/12\/yale-pay.jpg","datePublished":"2022-12-30T10:54:18+00:00","breadcrumb":{"@id":"https:\/\/www.ohis.be\/de\/produit\/pay-mini-hydraulikpumpen-mit-druckluftantrieb\/#breadcrumb"},"inLanguage":"de","potentialAction":[{"@type":"ReadAction","target":["https:\/\/www.ohis.be\/de\/produit\/pay-mini-hydraulikpumpen-mit-druckluftantrieb\/"]}]},{"@type":"ImageObject","inLanguage":"de","@id":"https:\/\/www.ohis.be\/de\/produit\/pay-mini-hydraulikpumpen-mit-druckluftantrieb\/#primaryimage","url":"https:\/\/www.ohis.be\/wp-content\/uploads\/2022\/12\/yale-pay.jpg","contentUrl":"https:\/\/www.ohis.be\/wp-content\/uploads\/2022\/12\/yale-pay.jpg","width":980,"height":865},{"@type":"BreadcrumbList","@id":"https:\/\/www.ohis.be\/de\/produit\/pay-mini-hydraulikpumpen-mit-druckluftantrieb\/#breadcrumb","itemListElement":[{"@type":"ListItem","position":1,"name":"Accueil","item":"https:\/\/www.ohis.be\/de\/"},{"@type":"ListItem","position":2,"name":"Produkte","item":"https:\/\/www.ohis.be\/de\/produkte\/"},{"@type":"ListItem","position":3,"name":"PAY Mini-Hydraulikpumpen mit Druckluftantrieb"}]},{"@type":"WebSite","@id":"https:\/\/www.ohis.be\/#website","url":"https:\/\/www.ohis.be\/","name":"Ohis","description":"Outils de levage","publisher":{"@id":"https:\/\/www.ohis.be\/#organization"},"potentialAction":[{"@type":"SearchAction","target":{"@type":"EntryPoint","urlTemplate":"https:\/\/www.ohis.be\/?s={search_term_string}"},"query-input":{"@type":"PropertyValueSpecification","valueRequired":true,"valueName":"search_term_string"}}],"inLanguage":"de"},{"@type":"Organization","@id":"https:\/\/www.ohis.be\/#organization","name":"Ohis","url":"https:\/\/www.ohis.be\/","logo":{"@type":"ImageObject","inLanguage":"de","@id":"https:\/\/www.ohis.be\/#\/schema\/logo\/image\/","url":"https:\/\/www.ohis.be\/wp-content\/uploads\/2021\/02\/logo-ohis-wit.svg","contentUrl":"https:\/\/www.ohis.be\/wp-content\/uploads\/2021\/02\/logo-ohis-wit.svg","caption":"Ohis"},"image":{"@id":"https:\/\/www.ohis.be\/#\/schema\/logo\/image\/"}}]}},"_links":{"self":[{"href":"https:\/\/www.ohis.be\/de\/wp-json\/wp\/v2\/product\/25362","targetHints":{"allow":["GET"]}}],"collection":[{"href":"https:\/\/www.ohis.be\/de\/wp-json\/wp\/v2\/product"}],"about":[{"href":"https:\/\/www.ohis.be\/de\/wp-json\/wp\/v2\/types\/product"}],"wp:featuredmedia":[{"embeddable":true,"href":"https:\/\/www.ohis.be\/de\/wp-json\/wp\/v2\/media\/22568"}],"wp:attachment":[{"href":"https:\/\/www.ohis.be\/de\/wp-json\/wp\/v2\/media?parent=25362"}],"wp:term":[{"taxonomy":"product_brand","embeddable":true,"href":"https:\/\/www.ohis.be\/de\/wp-json\/wp\/v2\/product_brand?post=25362"},{"taxonomy":"product_cat","embeddable":true,"href":"https:\/\/www.ohis.be\/de\/wp-json\/wp\/v2\/product_cat?post=25362"},{"taxonomy":"product_tag","embeddable":true,"href":"https:\/\/www.ohis.be\/de\/wp-json\/wp\/v2\/product_tag?post=25362"}],"curies":[{"name":"wp","href":"https:\/\/api.w.org\/{rel}","templated":true}]}}