{"id":25321,"date":"2022-12-30T16:52:41","date_gmt":"2022-12-30T15:52:41","guid":{"rendered":"https:\/\/www.ohis.be\/produit\/py-elektro-hydraulikaggregate\/"},"modified":"2022-12-30T16:52:41","modified_gmt":"2022-12-30T15:52:41","slug":"py-elektro-hydraulikaggregate","status":"publish","type":"product","link":"https:\/\/www.ohis.be\/de\/produit\/py-elektro-hydraulikaggregate\/","title":{"rendered":"PY Elektro-Hydraulikaggregate"},"content":{"rendered":"<p>Einstufig und zweistufig<br \/>\nHydraulikaggregate sind einfach einzusetzen, da sie betriebsfertig aufgebaut und einfach zu bedienen sind.<br \/>\nIhr Einsatz bietet sich an, wenn Arbeiten zeitsparend und rationell zu erledigen sind, bei allen wiederkehrenden Arbeiten, um schnelle Ausfahrzeiten zu erreichen, oder wenn gro\u00dfe \u00d6lmengen bei schweren Hydraulikzylindern zu f\u00f6rdern sind.<\/p>\n","protected":false},"excerpt":{"rendered":"<p>Einstufig und zweistufig<br \/>\nHydraulikaggregate sind einfach einzusetzen, da sie betriebsfertig aufgebaut und einfach zu bedienen sind.<br \/>\nIhr Einsatz bietet sich an, wenn Arbeiten zeitsparend und rationell zu erledigen sind, bei allen wiederkehrenden Arbeiten, um schnelle Ausfahrzeiten zu erreichen, oder wenn gro\u00dfe \u00d6lmengen bei schweren Hydraulikzylindern zu f\u00f6rdern sind.<\/p>\n","protected":false},"featured_media":22585,"template":"","meta":{"_acf_changed":false,"inline_featured_image":false},"product_brand":[],"product_cat":[1641],"product_tag":[705],"class_list":{"0":"post-25321","1":"product","2":"type-product","3":"status-publish","4":"has-post-thumbnail","6":"product_cat-hydraulische-zylinder","7":"product_tag-yale-de","9":"first","10":"onbackorder","11":"taxable","12":"shipping-taxable","13":"purchasable","14":"product-type-variable"},"acf":[],"yoast_head":"<!-- This site is optimized with the Yoast SEO plugin v27.4 - https:\/\/yoast.com\/product\/yoast-seo-wordpress\/ -->\n<title>PY Elektro-Hydraulikaggregate - Ohis<\/title>\n<meta name=\"robots\" content=\"index, follow, max-snippet:-1, max-image-preview:large, max-video-preview:-1\" \/>\n<link rel=\"canonical\" href=\"https:\/\/www.ohis.be\/de\/produit\/py-elektro-hydraulikaggregate\/\" \/>\n<meta property=\"og:locale\" content=\"de_DE\" \/>\n<meta property=\"og:type\" content=\"article\" \/>\n<meta property=\"og:title\" content=\"PY Elektro-Hydraulikaggregate - Ohis\" \/>\n<meta property=\"og:description\" content=\"Einstufig und zweistufig Hydraulikaggregate sind einfach einzusetzen, da sie betriebsfertig aufgebaut und einfach zu bedienen sind. Ihr Einsatz bietet sich an, wenn Arbeiten zeitsparend und rationell zu erledigen sind, bei allen wiederkehrenden Arbeiten, um schnelle Ausfahrzeiten zu erreichen, oder wenn gro\u00dfe \u00d6lmengen bei schweren Hydraulikzylindern zu f\u00f6rdern sind.\" \/>\n<meta property=\"og:url\" content=\"https:\/\/www.ohis.be\/de\/produit\/py-elektro-hydraulikaggregate\/\" \/>\n<meta property=\"og:site_name\" content=\"Ohis\" \/>\n<meta property=\"og:image\" content=\"https:\/\/www.ohis.be\/wp-content\/uploads\/2022\/12\/yale-pye-py.jpg\" \/>\n\t<meta property=\"og:image:width\" content=\"472\" \/>\n\t<meta property=\"og:image:height\" content=\"525\" \/>\n\t<meta property=\"og:image:type\" content=\"image\/jpeg\" \/>\n<meta name=\"twitter:card\" content=\"summary_large_image\" \/>\n<script type=\"application\/ld+json\" class=\"yoast-schema-graph\">{\"@context\":\"https:\\\/\\\/schema.org\",\"@graph\":[{\"@type\":\"WebPage\",\"@id\":\"https:\\\/\\\/www.ohis.be\\\/de\\\/produit\\\/py-elektro-hydraulikaggregate\\\/\",\"url\":\"https:\\\/\\\/www.ohis.be\\\/de\\\/produit\\\/py-elektro-hydraulikaggregate\\\/\",\"name\":\"PY Elektro-Hydraulikaggregate - Ohis\",\"isPartOf\":{\"@id\":\"https:\\\/\\\/www.ohis.be\\\/#website\"},\"primaryImageOfPage\":{\"@id\":\"https:\\\/\\\/www.ohis.be\\\/de\\\/produit\\\/py-elektro-hydraulikaggregate\\\/#primaryimage\"},\"image\":{\"@id\":\"https:\\\/\\\/www.ohis.be\\\/de\\\/produit\\\/py-elektro-hydraulikaggregate\\\/#primaryimage\"},\"thumbnailUrl\":\"https:\\\/\\\/www.ohis.be\\\/wp-content\\\/uploads\\\/2022\\\/12\\\/yale-pye-py.jpg\",\"datePublished\":\"2022-12-30T15:52:41+00:00\",\"breadcrumb\":{\"@id\":\"https:\\\/\\\/www.ohis.be\\\/de\\\/produit\\\/py-elektro-hydraulikaggregate\\\/#breadcrumb\"},\"inLanguage\":\"de\",\"potentialAction\":[{\"@type\":\"ReadAction\",\"target\":[\"https:\\\/\\\/www.ohis.be\\\/de\\\/produit\\\/py-elektro-hydraulikaggregate\\\/\"]}]},{\"@type\":\"ImageObject\",\"inLanguage\":\"de\",\"@id\":\"https:\\\/\\\/www.ohis.be\\\/de\\\/produit\\\/py-elektro-hydraulikaggregate\\\/#primaryimage\",\"url\":\"https:\\\/\\\/www.ohis.be\\\/wp-content\\\/uploads\\\/2022\\\/12\\\/yale-pye-py.jpg\",\"contentUrl\":\"https:\\\/\\\/www.ohis.be\\\/wp-content\\\/uploads\\\/2022\\\/12\\\/yale-pye-py.jpg\",\"width\":472,\"height\":525,\"caption\":\"SPOTLIGHT 40249 -05\"},{\"@type\":\"BreadcrumbList\",\"@id\":\"https:\\\/\\\/www.ohis.be\\\/de\\\/produit\\\/py-elektro-hydraulikaggregate\\\/#breadcrumb\",\"itemListElement\":[{\"@type\":\"ListItem\",\"position\":1,\"name\":\"Accueil\",\"item\":\"https:\\\/\\\/www.ohis.be\\\/de\\\/\"},{\"@type\":\"ListItem\",\"position\":2,\"name\":\"Produkte\",\"item\":\"https:\\\/\\\/www.ohis.be\\\/de\\\/produkte\\\/\"},{\"@type\":\"ListItem\",\"position\":3,\"name\":\"PY Elektro-Hydraulikaggregate\"}]},{\"@type\":\"WebSite\",\"@id\":\"https:\\\/\\\/www.ohis.be\\\/#website\",\"url\":\"https:\\\/\\\/www.ohis.be\\\/\",\"name\":\"Ohis\",\"description\":\"Outils de levage\",\"publisher\":{\"@id\":\"https:\\\/\\\/www.ohis.be\\\/#organization\"},\"potentialAction\":[{\"@type\":\"SearchAction\",\"target\":{\"@type\":\"EntryPoint\",\"urlTemplate\":\"https:\\\/\\\/www.ohis.be\\\/?s={search_term_string}\"},\"query-input\":{\"@type\":\"PropertyValueSpecification\",\"valueRequired\":true,\"valueName\":\"search_term_string\"}}],\"inLanguage\":\"de\"},{\"@type\":\"Organization\",\"@id\":\"https:\\\/\\\/www.ohis.be\\\/#organization\",\"name\":\"Ohis\",\"url\":\"https:\\\/\\\/www.ohis.be\\\/\",\"logo\":{\"@type\":\"ImageObject\",\"inLanguage\":\"de\",\"@id\":\"https:\\\/\\\/www.ohis.be\\\/#\\\/schema\\\/logo\\\/image\\\/\",\"url\":\"https:\\\/\\\/www.ohis.be\\\/wp-content\\\/uploads\\\/2021\\\/02\\\/logo-ohis-wit.svg\",\"contentUrl\":\"https:\\\/\\\/www.ohis.be\\\/wp-content\\\/uploads\\\/2021\\\/02\\\/logo-ohis-wit.svg\",\"caption\":\"Ohis\"},\"image\":{\"@id\":\"https:\\\/\\\/www.ohis.be\\\/#\\\/schema\\\/logo\\\/image\\\/\"}}]}<\/script>\n<!-- \/ Yoast SEO plugin. -->","yoast_head_json":{"title":"PY Elektro-Hydraulikaggregate - Ohis","robots":{"index":"index","follow":"follow","max-snippet":"max-snippet:-1","max-image-preview":"max-image-preview:large","max-video-preview":"max-video-preview:-1"},"canonical":"https:\/\/www.ohis.be\/de\/produit\/py-elektro-hydraulikaggregate\/","og_locale":"de_DE","og_type":"article","og_title":"PY Elektro-Hydraulikaggregate - Ohis","og_description":"Einstufig und zweistufig Hydraulikaggregate sind einfach einzusetzen, da sie betriebsfertig aufgebaut und einfach zu bedienen sind. Ihr Einsatz bietet sich an, wenn Arbeiten zeitsparend und rationell zu erledigen sind, bei allen wiederkehrenden Arbeiten, um schnelle Ausfahrzeiten zu erreichen, oder wenn gro\u00dfe \u00d6lmengen bei schweren Hydraulikzylindern zu f\u00f6rdern sind.","og_url":"https:\/\/www.ohis.be\/de\/produit\/py-elektro-hydraulikaggregate\/","og_site_name":"Ohis","og_image":[{"width":472,"height":525,"url":"https:\/\/www.ohis.be\/wp-content\/uploads\/2022\/12\/yale-pye-py.jpg","type":"image\/jpeg"}],"twitter_card":"summary_large_image","schema":{"@context":"https:\/\/schema.org","@graph":[{"@type":"WebPage","@id":"https:\/\/www.ohis.be\/de\/produit\/py-elektro-hydraulikaggregate\/","url":"https:\/\/www.ohis.be\/de\/produit\/py-elektro-hydraulikaggregate\/","name":"PY Elektro-Hydraulikaggregate - Ohis","isPartOf":{"@id":"https:\/\/www.ohis.be\/#website"},"primaryImageOfPage":{"@id":"https:\/\/www.ohis.be\/de\/produit\/py-elektro-hydraulikaggregate\/#primaryimage"},"image":{"@id":"https:\/\/www.ohis.be\/de\/produit\/py-elektro-hydraulikaggregate\/#primaryimage"},"thumbnailUrl":"https:\/\/www.ohis.be\/wp-content\/uploads\/2022\/12\/yale-pye-py.jpg","datePublished":"2022-12-30T15:52:41+00:00","breadcrumb":{"@id":"https:\/\/www.ohis.be\/de\/produit\/py-elektro-hydraulikaggregate\/#breadcrumb"},"inLanguage":"de","potentialAction":[{"@type":"ReadAction","target":["https:\/\/www.ohis.be\/de\/produit\/py-elektro-hydraulikaggregate\/"]}]},{"@type":"ImageObject","inLanguage":"de","@id":"https:\/\/www.ohis.be\/de\/produit\/py-elektro-hydraulikaggregate\/#primaryimage","url":"https:\/\/www.ohis.be\/wp-content\/uploads\/2022\/12\/yale-pye-py.jpg","contentUrl":"https:\/\/www.ohis.be\/wp-content\/uploads\/2022\/12\/yale-pye-py.jpg","width":472,"height":525,"caption":"SPOTLIGHT 40249 -05"},{"@type":"BreadcrumbList","@id":"https:\/\/www.ohis.be\/de\/produit\/py-elektro-hydraulikaggregate\/#breadcrumb","itemListElement":[{"@type":"ListItem","position":1,"name":"Accueil","item":"https:\/\/www.ohis.be\/de\/"},{"@type":"ListItem","position":2,"name":"Produkte","item":"https:\/\/www.ohis.be\/de\/produkte\/"},{"@type":"ListItem","position":3,"name":"PY Elektro-Hydraulikaggregate"}]},{"@type":"WebSite","@id":"https:\/\/www.ohis.be\/#website","url":"https:\/\/www.ohis.be\/","name":"Ohis","description":"Outils de levage","publisher":{"@id":"https:\/\/www.ohis.be\/#organization"},"potentialAction":[{"@type":"SearchAction","target":{"@type":"EntryPoint","urlTemplate":"https:\/\/www.ohis.be\/?s={search_term_string}"},"query-input":{"@type":"PropertyValueSpecification","valueRequired":true,"valueName":"search_term_string"}}],"inLanguage":"de"},{"@type":"Organization","@id":"https:\/\/www.ohis.be\/#organization","name":"Ohis","url":"https:\/\/www.ohis.be\/","logo":{"@type":"ImageObject","inLanguage":"de","@id":"https:\/\/www.ohis.be\/#\/schema\/logo\/image\/","url":"https:\/\/www.ohis.be\/wp-content\/uploads\/2021\/02\/logo-ohis-wit.svg","contentUrl":"https:\/\/www.ohis.be\/wp-content\/uploads\/2021\/02\/logo-ohis-wit.svg","caption":"Ohis"},"image":{"@id":"https:\/\/www.ohis.be\/#\/schema\/logo\/image\/"}}]}},"_links":{"self":[{"href":"https:\/\/www.ohis.be\/de\/wp-json\/wp\/v2\/product\/25321","targetHints":{"allow":["GET"]}}],"collection":[{"href":"https:\/\/www.ohis.be\/de\/wp-json\/wp\/v2\/product"}],"about":[{"href":"https:\/\/www.ohis.be\/de\/wp-json\/wp\/v2\/types\/product"}],"wp:featuredmedia":[{"embeddable":true,"href":"https:\/\/www.ohis.be\/de\/wp-json\/wp\/v2\/media\/22585"}],"wp:attachment":[{"href":"https:\/\/www.ohis.be\/de\/wp-json\/wp\/v2\/media?parent=25321"}],"wp:term":[{"taxonomy":"product_brand","embeddable":true,"href":"https:\/\/www.ohis.be\/de\/wp-json\/wp\/v2\/product_brand?post=25321"},{"taxonomy":"product_cat","embeddable":true,"href":"https:\/\/www.ohis.be\/de\/wp-json\/wp\/v2\/product_cat?post=25321"},{"taxonomy":"product_tag","embeddable":true,"href":"https:\/\/www.ohis.be\/de\/wp-json\/wp\/v2\/product_tag?post=25321"}],"curies":[{"name":"wp","href":"https:\/\/api.w.org\/{rel}","templated":true}]}}