{"id":24702,"date":"2023-01-02T11:45:12","date_gmt":"2023-01-02T10:45:12","guid":{"rendered":"https:\/\/www.ohis.be\/produit\/vhh-4-3-vhh-wegeventile-von-handpumpen\/"},"modified":"2023-01-02T11:45:12","modified_gmt":"2023-01-02T10:45:12","slug":"vhh-4-3-vhh-wegeventile-von-handpumpen","status":"publish","type":"product","link":"https:\/\/www.ohis.be\/de\/produit\/vhh-4-3-vhh-wegeventile-von-handpumpen\/","title":{"rendered":"VHH-4\/3 VHH Wegeventile von Handpumpen"},"content":{"rendered":"<p>Diese Wegeventile dienen zur Steuerung des \u00d6lstromes von Motorpumpen (VHH-4\/3 von Handpumpen).<br \/>\nDie Ventile haben drei Hebelstellungen zur Steuerung der angeschlossenen Hydraulikzylinder:<br \/>\n1. Links: Zylinder f\u00e4hrt aus.<br \/>\n2. Mitte: Zylinder bleibt stehen (druckloser Umlauf).<br \/>\n3. Rechts: Zylinder f\u00e4hrt ein.<\/p>\n<p>n der Mittelstellung (Halt) schalten die Ventile auf \u201edrucklosen Umlauf\u201c, d. h. der Hydraulikzylinder bleibt stehen, der \u00d6lstrom der Pumpe wird im Kreis gef\u00f6rdert (P nach T). Diese Wege-Ventile k\u00f6nnen direkt auf Pumpenaggregate aufgeflanscht oder mittels Rohrleitungen (getrennt vom Aggregat) angeschlossen werden. Alle Ventile (au\u00dfer VHH) verf\u00fcgen \u00fcber einen zus\u00e4tzlichen Druckanschluss an der R\u00fcckseite des Ventilk\u00f6rpers.<\/p>\n<p>Dieser kann zum Anschluss eines Manometers bzw. Druck-Einstellventils (z. B. VPR-1) genutzt werden. Der Anschluss \u201eT\u201c muss stets mit dem Tank verbunden und somit drucklos sein. Manometer geh\u00f6ren nicht zum Lieferumfang.<\/p>\n","protected":false},"excerpt":{"rendered":"<p>Diese Wegeventile dienen zur Steuerung des \u00d6lstromes von Motorpumpen (VHH-4\/3 von Handpumpen).<br \/>\nDie Ventile haben drei Hebelstellungen zur Steuerung der angeschlossenen Hydraulikzylinder:<br \/>\n1. Links: Zylinder f\u00e4hrt aus.<br \/>\n2. Mitte: Zylinder bleibt stehen (druckloser Umlauf).<br \/>\n3. Rechts: Zylinder f\u00e4hrt ein.<\/p>\n<p>n der Mittelstellung (Halt) schalten die Ventile auf \u201edrucklosen Umlauf\u201c, d. h. der Hydraulikzylinder bleibt stehen, der \u00d6lstrom der Pumpe wird im Kreis gef\u00f6rdert (P nach T). Diese Wege-Ventile k\u00f6nnen direkt auf Pumpenaggregate aufgeflanscht oder mittels Rohrleitungen (getrennt vom Aggregat) angeschlossen werden. Alle Ventile (au\u00dfer VHH) verf\u00fcgen \u00fcber einen zus\u00e4tzlichen Druckanschluss an der R\u00fcckseite des Ventilk\u00f6rpers.<\/p>\n<p>Dieser kann zum Anschluss eines Manometers bzw. Druck-Einstellventils (z. B. VPR-1) genutzt werden. Der Anschluss \u201eT\u201c muss stets mit dem Tank verbunden und somit drucklos sein. Manometer geh\u00f6ren nicht zum Lieferumfang.<\/p>\n","protected":false},"featured_media":22738,"template":"","meta":{"_acf_changed":false,"inline_featured_image":false},"product_brand":[],"product_cat":[1641,325],"product_tag":[705],"class_list":{"0":"post-24702","1":"product","2":"type-product","3":"status-publish","4":"has-post-thumbnail","6":"product_cat-hydraulische-zylinder","7":"product_cat-accesoires-de","8":"product_tag-yale-de","10":"first","11":"onbackorder","12":"taxable","13":"shipping-taxable","14":"purchasable","15":"product-type-simple"},"acf":[],"yoast_head":"<!-- This site is optimized with the Yoast SEO plugin v27.3 - https:\/\/yoast.com\/product\/yoast-seo-wordpress\/ -->\n<title>VHH-4\/3 VHH Wegeventile von Handpumpen - Ohis<\/title>\n<meta name=\"robots\" content=\"index, follow, max-snippet:-1, max-image-preview:large, max-video-preview:-1\" \/>\n<link rel=\"canonical\" href=\"https:\/\/www.ohis.be\/de\/produit\/vhh-4-3-vhh-wegeventile-von-handpumpen\/\" \/>\n<meta property=\"og:locale\" content=\"de_DE\" \/>\n<meta property=\"og:type\" content=\"article\" \/>\n<meta property=\"og:title\" content=\"VHH-4\/3 VHH Wegeventile von Handpumpen - Ohis\" \/>\n<meta property=\"og:description\" content=\"Diese Wegeventile dienen zur Steuerung des \u00d6lstromes von Motorpumpen (VHH-4\/3 von Handpumpen). Die Ventile haben drei Hebelstellungen zur Steuerung der angeschlossenen Hydraulikzylinder: 1. Links: Zylinder f\u00e4hrt aus. 2. Mitte: Zylinder bleibt stehen (druckloser Umlauf). 3. Rechts: Zylinder f\u00e4hrt ein.  n der Mittelstellung (Halt) schalten die Ventile auf \u201edrucklosen Umlauf\u201c, d. h. der Hydraulikzylinder bleibt stehen, der \u00d6lstrom der Pumpe wird im Kreis gef\u00f6rdert (P nach T). Diese Wege-Ventile k\u00f6nnen direkt auf Pumpenaggregate aufgeflanscht oder mittels Rohrleitungen (getrennt vom Aggregat) angeschlossen werden. Alle Ventile (au\u00dfer VHH) verf\u00fcgen \u00fcber einen zus\u00e4tzlichen Druckanschluss an der R\u00fcckseite des Ventilk\u00f6rpers.  Dieser kann zum Anschluss eines Manometers bzw. Druck-Einstellventils (z. B. VPR-1) genutzt werden. Der Anschluss \u201eT\u201c muss stets mit dem Tank verbunden und somit drucklos sein. Manometer geh\u00f6ren nicht zum Lieferumfang.\" \/>\n<meta property=\"og:url\" content=\"https:\/\/www.ohis.be\/de\/produit\/vhh-4-3-vhh-wegeventile-von-handpumpen\/\" \/>\n<meta property=\"og:site_name\" content=\"Ohis\" \/>\n<meta property=\"og:image\" content=\"https:\/\/www.ohis.be\/wp-content\/uploads\/2023\/01\/yale-vhp-vhh.jpg\" \/>\n\t<meta property=\"og:image:width\" content=\"902\" \/>\n\t<meta property=\"og:image:height\" content=\"546\" \/>\n\t<meta property=\"og:image:type\" content=\"image\/jpeg\" \/>\n<meta name=\"twitter:card\" content=\"summary_large_image\" \/>\n<meta name=\"twitter:label1\" content=\"Gesch\u00e4tzte Lesezeit\" \/>\n\t<meta name=\"twitter:data1\" content=\"1\u00a0Minute\" \/>\n<script type=\"application\/ld+json\" class=\"yoast-schema-graph\">{\"@context\":\"https:\\\/\\\/schema.org\",\"@graph\":[{\"@type\":\"WebPage\",\"@id\":\"https:\\\/\\\/www.ohis.be\\\/de\\\/produit\\\/vhh-4-3-vhh-wegeventile-von-handpumpen\\\/\",\"url\":\"https:\\\/\\\/www.ohis.be\\\/de\\\/produit\\\/vhh-4-3-vhh-wegeventile-von-handpumpen\\\/\",\"name\":\"VHH-4\\\/3 VHH Wegeventile von Handpumpen - Ohis\",\"isPartOf\":{\"@id\":\"https:\\\/\\\/www.ohis.be\\\/#website\"},\"primaryImageOfPage\":{\"@id\":\"https:\\\/\\\/www.ohis.be\\\/de\\\/produit\\\/vhh-4-3-vhh-wegeventile-von-handpumpen\\\/#primaryimage\"},\"image\":{\"@id\":\"https:\\\/\\\/www.ohis.be\\\/de\\\/produit\\\/vhh-4-3-vhh-wegeventile-von-handpumpen\\\/#primaryimage\"},\"thumbnailUrl\":\"https:\\\/\\\/www.ohis.be\\\/wp-content\\\/uploads\\\/2023\\\/01\\\/yale-vhp-vhh.jpg\",\"datePublished\":\"2023-01-02T10:45:12+00:00\",\"breadcrumb\":{\"@id\":\"https:\\\/\\\/www.ohis.be\\\/de\\\/produit\\\/vhh-4-3-vhh-wegeventile-von-handpumpen\\\/#breadcrumb\"},\"inLanguage\":\"de\",\"potentialAction\":[{\"@type\":\"ReadAction\",\"target\":[\"https:\\\/\\\/www.ohis.be\\\/de\\\/produit\\\/vhh-4-3-vhh-wegeventile-von-handpumpen\\\/\"]}]},{\"@type\":\"ImageObject\",\"inLanguage\":\"de\",\"@id\":\"https:\\\/\\\/www.ohis.be\\\/de\\\/produit\\\/vhh-4-3-vhh-wegeventile-von-handpumpen\\\/#primaryimage\",\"url\":\"https:\\\/\\\/www.ohis.be\\\/wp-content\\\/uploads\\\/2023\\\/01\\\/yale-vhp-vhh.jpg\",\"contentUrl\":\"https:\\\/\\\/www.ohis.be\\\/wp-content\\\/uploads\\\/2023\\\/01\\\/yale-vhp-vhh.jpg\",\"width\":902,\"height\":546},{\"@type\":\"BreadcrumbList\",\"@id\":\"https:\\\/\\\/www.ohis.be\\\/de\\\/produit\\\/vhh-4-3-vhh-wegeventile-von-handpumpen\\\/#breadcrumb\",\"itemListElement\":[{\"@type\":\"ListItem\",\"position\":1,\"name\":\"Accueil\",\"item\":\"https:\\\/\\\/www.ohis.be\\\/de\\\/\"},{\"@type\":\"ListItem\",\"position\":2,\"name\":\"Produkte\",\"item\":\"https:\\\/\\\/www.ohis.be\\\/de\\\/produkte\\\/\"},{\"@type\":\"ListItem\",\"position\":3,\"name\":\"VHH-4\\\/3 VHH Wegeventile von Handpumpen\"}]},{\"@type\":\"WebSite\",\"@id\":\"https:\\\/\\\/www.ohis.be\\\/#website\",\"url\":\"https:\\\/\\\/www.ohis.be\\\/\",\"name\":\"Ohis\",\"description\":\"Outils de levage\",\"publisher\":{\"@id\":\"https:\\\/\\\/www.ohis.be\\\/#organization\"},\"potentialAction\":[{\"@type\":\"SearchAction\",\"target\":{\"@type\":\"EntryPoint\",\"urlTemplate\":\"https:\\\/\\\/www.ohis.be\\\/?s={search_term_string}\"},\"query-input\":{\"@type\":\"PropertyValueSpecification\",\"valueRequired\":true,\"valueName\":\"search_term_string\"}}],\"inLanguage\":\"de\"},{\"@type\":\"Organization\",\"@id\":\"https:\\\/\\\/www.ohis.be\\\/#organization\",\"name\":\"Ohis\",\"url\":\"https:\\\/\\\/www.ohis.be\\\/\",\"logo\":{\"@type\":\"ImageObject\",\"inLanguage\":\"de\",\"@id\":\"https:\\\/\\\/www.ohis.be\\\/#\\\/schema\\\/logo\\\/image\\\/\",\"url\":\"https:\\\/\\\/www.ohis.be\\\/wp-content\\\/uploads\\\/2021\\\/02\\\/logo-ohis-wit.svg\",\"contentUrl\":\"https:\\\/\\\/www.ohis.be\\\/wp-content\\\/uploads\\\/2021\\\/02\\\/logo-ohis-wit.svg\",\"width\":169,\"height\":39,\"caption\":\"Ohis\"},\"image\":{\"@id\":\"https:\\\/\\\/www.ohis.be\\\/#\\\/schema\\\/logo\\\/image\\\/\"}}]}<\/script>\n<!-- \/ Yoast SEO plugin. -->","yoast_head_json":{"title":"VHH-4\/3 VHH Wegeventile von Handpumpen - Ohis","robots":{"index":"index","follow":"follow","max-snippet":"max-snippet:-1","max-image-preview":"max-image-preview:large","max-video-preview":"max-video-preview:-1"},"canonical":"https:\/\/www.ohis.be\/de\/produit\/vhh-4-3-vhh-wegeventile-von-handpumpen\/","og_locale":"de_DE","og_type":"article","og_title":"VHH-4\/3 VHH Wegeventile von Handpumpen - Ohis","og_description":"Diese Wegeventile dienen zur Steuerung des \u00d6lstromes von Motorpumpen (VHH-4\/3 von Handpumpen). Die Ventile haben drei Hebelstellungen zur Steuerung der angeschlossenen Hydraulikzylinder: 1. Links: Zylinder f\u00e4hrt aus. 2. Mitte: Zylinder bleibt stehen (druckloser Umlauf). 3. Rechts: Zylinder f\u00e4hrt ein.  n der Mittelstellung (Halt) schalten die Ventile auf \u201edrucklosen Umlauf\u201c, d. h. der Hydraulikzylinder bleibt stehen, der \u00d6lstrom der Pumpe wird im Kreis gef\u00f6rdert (P nach T). Diese Wege-Ventile k\u00f6nnen direkt auf Pumpenaggregate aufgeflanscht oder mittels Rohrleitungen (getrennt vom Aggregat) angeschlossen werden. Alle Ventile (au\u00dfer VHH) verf\u00fcgen \u00fcber einen zus\u00e4tzlichen Druckanschluss an der R\u00fcckseite des Ventilk\u00f6rpers.  Dieser kann zum Anschluss eines Manometers bzw. Druck-Einstellventils (z. B. VPR-1) genutzt werden. Der Anschluss \u201eT\u201c muss stets mit dem Tank verbunden und somit drucklos sein. Manometer geh\u00f6ren nicht zum Lieferumfang.","og_url":"https:\/\/www.ohis.be\/de\/produit\/vhh-4-3-vhh-wegeventile-von-handpumpen\/","og_site_name":"Ohis","og_image":[{"width":902,"height":546,"url":"https:\/\/www.ohis.be\/wp-content\/uploads\/2023\/01\/yale-vhp-vhh.jpg","type":"image\/jpeg"}],"twitter_card":"summary_large_image","twitter_misc":{"Gesch\u00e4tzte Lesezeit":"1\u00a0Minute"},"schema":{"@context":"https:\/\/schema.org","@graph":[{"@type":"WebPage","@id":"https:\/\/www.ohis.be\/de\/produit\/vhh-4-3-vhh-wegeventile-von-handpumpen\/","url":"https:\/\/www.ohis.be\/de\/produit\/vhh-4-3-vhh-wegeventile-von-handpumpen\/","name":"VHH-4\/3 VHH Wegeventile von Handpumpen - Ohis","isPartOf":{"@id":"https:\/\/www.ohis.be\/#website"},"primaryImageOfPage":{"@id":"https:\/\/www.ohis.be\/de\/produit\/vhh-4-3-vhh-wegeventile-von-handpumpen\/#primaryimage"},"image":{"@id":"https:\/\/www.ohis.be\/de\/produit\/vhh-4-3-vhh-wegeventile-von-handpumpen\/#primaryimage"},"thumbnailUrl":"https:\/\/www.ohis.be\/wp-content\/uploads\/2023\/01\/yale-vhp-vhh.jpg","datePublished":"2023-01-02T10:45:12+00:00","breadcrumb":{"@id":"https:\/\/www.ohis.be\/de\/produit\/vhh-4-3-vhh-wegeventile-von-handpumpen\/#breadcrumb"},"inLanguage":"de","potentialAction":[{"@type":"ReadAction","target":["https:\/\/www.ohis.be\/de\/produit\/vhh-4-3-vhh-wegeventile-von-handpumpen\/"]}]},{"@type":"ImageObject","inLanguage":"de","@id":"https:\/\/www.ohis.be\/de\/produit\/vhh-4-3-vhh-wegeventile-von-handpumpen\/#primaryimage","url":"https:\/\/www.ohis.be\/wp-content\/uploads\/2023\/01\/yale-vhp-vhh.jpg","contentUrl":"https:\/\/www.ohis.be\/wp-content\/uploads\/2023\/01\/yale-vhp-vhh.jpg","width":902,"height":546},{"@type":"BreadcrumbList","@id":"https:\/\/www.ohis.be\/de\/produit\/vhh-4-3-vhh-wegeventile-von-handpumpen\/#breadcrumb","itemListElement":[{"@type":"ListItem","position":1,"name":"Accueil","item":"https:\/\/www.ohis.be\/de\/"},{"@type":"ListItem","position":2,"name":"Produkte","item":"https:\/\/www.ohis.be\/de\/produkte\/"},{"@type":"ListItem","position":3,"name":"VHH-4\/3 VHH Wegeventile von Handpumpen"}]},{"@type":"WebSite","@id":"https:\/\/www.ohis.be\/#website","url":"https:\/\/www.ohis.be\/","name":"Ohis","description":"Outils de levage","publisher":{"@id":"https:\/\/www.ohis.be\/#organization"},"potentialAction":[{"@type":"SearchAction","target":{"@type":"EntryPoint","urlTemplate":"https:\/\/www.ohis.be\/?s={search_term_string}"},"query-input":{"@type":"PropertyValueSpecification","valueRequired":true,"valueName":"search_term_string"}}],"inLanguage":"de"},{"@type":"Organization","@id":"https:\/\/www.ohis.be\/#organization","name":"Ohis","url":"https:\/\/www.ohis.be\/","logo":{"@type":"ImageObject","inLanguage":"de","@id":"https:\/\/www.ohis.be\/#\/schema\/logo\/image\/","url":"https:\/\/www.ohis.be\/wp-content\/uploads\/2021\/02\/logo-ohis-wit.svg","contentUrl":"https:\/\/www.ohis.be\/wp-content\/uploads\/2021\/02\/logo-ohis-wit.svg","width":169,"height":39,"caption":"Ohis"},"image":{"@id":"https:\/\/www.ohis.be\/#\/schema\/logo\/image\/"}}]}},"_links":{"self":[{"href":"https:\/\/www.ohis.be\/de\/wp-json\/wp\/v2\/product\/24702","targetHints":{"allow":["GET"]}}],"collection":[{"href":"https:\/\/www.ohis.be\/de\/wp-json\/wp\/v2\/product"}],"about":[{"href":"https:\/\/www.ohis.be\/de\/wp-json\/wp\/v2\/types\/product"}],"wp:featuredmedia":[{"embeddable":true,"href":"https:\/\/www.ohis.be\/de\/wp-json\/wp\/v2\/media\/22738"}],"wp:attachment":[{"href":"https:\/\/www.ohis.be\/de\/wp-json\/wp\/v2\/media?parent=24702"}],"wp:term":[{"taxonomy":"product_brand","embeddable":true,"href":"https:\/\/www.ohis.be\/de\/wp-json\/wp\/v2\/product_brand?post=24702"},{"taxonomy":"product_cat","embeddable":true,"href":"https:\/\/www.ohis.be\/de\/wp-json\/wp\/v2\/product_cat?post=24702"},{"taxonomy":"product_tag","embeddable":true,"href":"https:\/\/www.ohis.be\/de\/wp-json\/wp\/v2\/product_tag?post=24702"}],"curies":[{"name":"wp","href":"https:\/\/api.w.org\/{rel}","templated":true}]}}