{"id":24692,"date":"2023-01-02T11:54:36","date_gmt":"2023-01-02T10:54:36","guid":{"rendered":"https:\/\/www.ohis.be\/produit\/vep-elektromagnet-wegeventile\/"},"modified":"2023-01-02T11:54:36","modified_gmt":"2023-01-02T10:54:36","slug":"vep-elektromagnet-wegeventile","status":"publish","type":"product","link":"https:\/\/www.ohis.be\/de\/produit\/vep-elektromagnet-wegeventile\/","title":{"rendered":"VEP Elektromagnet-Wegeventile"},"content":{"rendered":"<p>Elektromagnet mit Druckeinstellung, 700 bar<br \/>\nElektromagnetventile dienen zur Steuerung der angeschlossenen Hydraulikzylinder mittels Kabelfernsteuerung oder anderen elektrischen Befehlsger\u00e4ten wie z. B. Druckschalter, Endschalter etc.<\/p>\n<p>Steuerfunktion<br \/>\nAlle Elektromagnetventile verf\u00fcgen \u00fcber drei Stellungen:<br \/>\n&#8211; Ausfahren &#8211; Halt &#8211; Einfahren &#8211; In der Ruhestellung (Halt) schalten die Ventile auf \u201edrucklosen Umlauf\u201c, d. h. der \u00d6lstrom der Pumpe wird im<br \/>\nKreislauf zum Tank gef\u00f6rdert, w\u00e4hrend der angeschlossene Hydraulikzylinder sicher unter Druck gehalten wird. Elektromagnetventile werden in der Regel auf Motorpumpen aufgebaut, k\u00f6nnen aber auch innerhalb eines Hydrauliksystems verrohrt werden.<\/p>\n<p>Bauart<br \/>\nLanglebige direktgesteuerte Kugelsitzventile in Verkettungsbauweise mit \u201eDruckhaltefunktion\u201c (leck\u00f6lfrei in der Halt-Stellung). Die Elektromagnetventile schalten extrem<br \/>\nschnell, wodurch ein millimetergenaues Ansteuern des Hydraulikzylinders m\u00f6glich ist. Auch f\u00fcr Dauereins\u00e4tze geeignet, 100 % ED.<\/p>\n<p>Modulare Bauweise<\/p>\n<p>Steuerfunktion<br \/>\nAlle Elektromagnetventile verf\u00fcgen \u00fcber drei Stellungen: \u2012 Ausfahren \u2012 Halt \u2012 Einfahren \u2012<br \/>\nIn der Ruhestellung (\u2012 Halt \u2012) schalten die Ventile auf \u201edrucklosen Umlauf\u201c, d. h. der \u00d6lstrom der Pumpe wird im Kreislauf zum Tank gef\u00f6rdert, w\u00e4hrend der angeschlossene Hydraulikzylinder sicher unter Druck gehalten wird. Elektromagnetventile werden in der Regel auf Motorpumpen aufgebaut, k\u00f6nnen aber auch innerhalb eines Hydrauliksystems verrohrt werden.<\/p>\n<p>Bauart<br \/>\nLanglebige direktgesteuerte Kugelsitzventile in Verkettungsbauweise mit \u201eDruckhaltefunktion\u201c (leck\u00f6lfrei in der Halt-Stellung). Die Elektromagnetventile schalten extrem schnell, wodurch ein millimetergenaues Ansteuern des Hydraulikzylinders m\u00f6glich ist. Auch f\u00fcr Dauereins\u00e4tze geeignet, 100 % ED.<\/p>\n<p>Modulare Bauweise<br \/>\nBedingt durch die modulare Bauweise der Ventile sind  Sondersteuerungen in jeder Form m\u00f6glich z. B.:<br \/>\nder druckunabh\u00e4ngige Betrieb von mehreren Hydraulikzylindern.<\/p>\n<p>Druckeinstellung<br \/>\nAlle Elektromagnet-Wegeventile verf\u00fcgen \u00fcber ein integriertes, feinf\u00fchlig einstellbares Druckbegrenzungsventil, mit welchem der Betriebsdruck und damit die Kraft der angeschlossenen Hydraulikzylinder stufenlos eingestellt werden kann (Regelbereich 0 &#8211; 700 bar).<\/p>\n<p>Manometer<br \/>\nEin glyzeringed\u00e4mpftes Manometer geh\u00f6rt zum Lieferumfang aller Elektromagnetventile.<br \/>\nSkala: 0 &#8211; 1.000 bar, \u00d8 63 mm.<\/p>\n<p>Anschlussflansch<br \/>\nDie Elektromagnetventile werden mit einem universellen Anschlussflansch geliefert, so dass ein problemloser Aufbau auf unsere Pumpenaggregate erfolgen kann.<\/p>\n","protected":false},"excerpt":{"rendered":"<p>Elektromagnet mit Druckeinstellung, 700 bar<br \/>\nElektromagnetventile dienen zur Steuerung der angeschlossenen Hydraulikzylinder mittels Kabelfernsteuerung oder anderen elektrischen Befehlsger\u00e4ten wie z. B. Druckschalter, Endschalter etc.<\/p>\n<p>Steuerfunktion<br \/>\nAlle Elektromagnetventile verf\u00fcgen \u00fcber drei Stellungen:<br \/>\n&#8211; Ausfahren &#8211; Halt &#8211; Einfahren &#8211; In der Ruhestellung (Halt) schalten die Ventile auf \u201edrucklosen Umlauf\u201c, d. h. der \u00d6lstrom der Pumpe wird im<br \/>\nKreislauf zum Tank gef\u00f6rdert, w\u00e4hrend der angeschlossene Hydraulikzylinder sicher unter Druck gehalten wird. Elektromagnetventile werden in der Regel auf Motorpumpen aufgebaut, k\u00f6nnen aber auch innerhalb eines Hydrauliksystems verrohrt werden.<\/p>\n<p>Bauart<br \/>\nLanglebige direktgesteuerte Kugelsitzventile in Verkettungsbauweise mit \u201eDruckhaltefunktion\u201c (leck\u00f6lfrei in der Halt-Stellung). Die Elektromagnetventile schalten extrem<br \/>\nschnell, wodurch ein millimetergenaues Ansteuern des Hydraulikzylinders m\u00f6glich ist. Auch f\u00fcr Dauereins\u00e4tze geeignet, 100 % ED.<\/p>\n<p>Modulare Bauweise<\/p>\n<p>Steuerfunktion<br \/>\nAlle Elektromagnetventile verf\u00fcgen \u00fcber drei Stellungen: \u2012 Ausfahren \u2012 Halt \u2012 Einfahren \u2012<br \/>\nIn der Ruhestellung (\u2012 Halt \u2012) schalten die Ventile auf \u201edrucklosen Umlauf\u201c, d. h. der \u00d6lstrom der Pumpe wird im Kreislauf zum Tank gef\u00f6rdert, w\u00e4hrend der angeschlossene Hydraulikzylinder sicher unter Druck gehalten wird. Elektromagnetventile werden in der Regel auf Motorpumpen aufgebaut, k\u00f6nnen aber auch innerhalb eines Hydrauliksystems verrohrt werden.<\/p>\n<p>Bauart<br \/>\nLanglebige direktgesteuerte Kugelsitzventile in Verkettungsbauweise mit \u201eDruckhaltefunktion\u201c (leck\u00f6lfrei in der Halt-Stellung). Die Elektromagnetventile schalten extrem schnell, wodurch ein millimetergenaues Ansteuern des Hydraulikzylinders m\u00f6glich ist. Auch f\u00fcr Dauereins\u00e4tze geeignet, 100 % ED.<\/p>\n<p>Modulare Bauweise<br \/>\nBedingt durch die modulare Bauweise der Ventile sind  Sondersteuerungen in jeder Form m\u00f6glich z. B.:<br \/>\nder druckunabh\u00e4ngige Betrieb von mehreren Hydraulikzylindern.<\/p>\n<p>Druckeinstellung<br \/>\nAlle Elektromagnet-Wegeventile verf\u00fcgen \u00fcber ein integriertes, feinf\u00fchlig einstellbares Druckbegrenzungsventil, mit welchem der Betriebsdruck und damit die Kraft der angeschlossenen Hydraulikzylinder stufenlos eingestellt werden kann (Regelbereich 0 &#8211; 700 bar).<\/p>\n<p>Manometer<br \/>\nEin glyzeringed\u00e4mpftes Manometer geh\u00f6rt zum Lieferumfang aller Elektromagnetventile.<br \/>\nSkala: 0 &#8211; 1.000 bar, \u00d8 63 mm.<\/p>\n<p>Anschlussflansch<br \/>\nDie Elektromagnetventile werden mit einem universellen Anschlussflansch geliefert, so dass ein problemloser Aufbau auf unsere Pumpenaggregate erfolgen kann.<\/p>\n","protected":false},"featured_media":22714,"template":"","meta":{"_acf_changed":false,"inline_featured_image":false},"product_brand":[],"product_cat":[1641,325],"product_tag":[705],"class_list":{"0":"post-24692","1":"product","2":"type-product","3":"status-publish","4":"has-post-thumbnail","6":"product_cat-hydraulische-zylinder","7":"product_cat-accesoires-de","8":"product_tag-yale-de","10":"first","11":"onbackorder","12":"taxable","13":"shipping-taxable","14":"purchasable","15":"product-type-variable"},"acf":[],"yoast_head":"<!-- This site is optimized with the Yoast SEO plugin v27.4 - https:\/\/yoast.com\/product\/yoast-seo-wordpress\/ -->\n<title>VEP Elektromagnet-Wegeventile - Ohis<\/title>\n<meta name=\"robots\" content=\"index, follow, max-snippet:-1, max-image-preview:large, max-video-preview:-1\" \/>\n<link rel=\"canonical\" href=\"https:\/\/www.ohis.be\/de\/produit\/vep-elektromagnet-wegeventile\/\" \/>\n<meta property=\"og:locale\" content=\"de_DE\" \/>\n<meta property=\"og:type\" content=\"article\" \/>\n<meta property=\"og:title\" content=\"VEP Elektromagnet-Wegeventile - Ohis\" \/>\n<meta property=\"og:description\" content=\"Elektromagnet mit Druckeinstellung, 700 bar Elektromagnetventile dienen zur Steuerung der angeschlossenen Hydraulikzylinder mittels Kabelfernsteuerung oder anderen elektrischen Befehlsger\u00e4ten wie z. B. Druckschalter, Endschalter etc.  Steuerfunktion Alle Elektromagnetventile verf\u00fcgen \u00fcber drei Stellungen: - Ausfahren - Halt - Einfahren - In der Ruhestellung (Halt) schalten die Ventile auf \u201edrucklosen Umlauf\u201c, d. h. der \u00d6lstrom der Pumpe wird im Kreislauf zum Tank gef\u00f6rdert, w\u00e4hrend der angeschlossene Hydraulikzylinder sicher unter Druck gehalten wird. Elektromagnetventile werden in der Regel auf Motorpumpen aufgebaut, k\u00f6nnen aber auch innerhalb eines Hydrauliksystems verrohrt werden.  Bauart Langlebige direktgesteuerte Kugelsitzventile in Verkettungsbauweise mit \u201eDruckhaltefunktion\u201c (leck\u00f6lfrei in der Halt-Stellung). Die Elektromagnetventile schalten extrem schnell, wodurch ein millimetergenaues Ansteuern des Hydraulikzylinders m\u00f6glich ist. Auch f\u00fcr Dauereins\u00e4tze geeignet, 100 % ED.  Modulare Bauweise  Steuerfunktion Alle Elektromagnetventile verf\u00fcgen \u00fcber drei Stellungen: \u2012 Ausfahren \u2012 Halt \u2012 Einfahren \u2012 In der Ruhestellung (\u2012 Halt \u2012) schalten die Ventile auf \u201edrucklosen Umlauf\u201c, d. h. der \u00d6lstrom der Pumpe wird im Kreislauf zum Tank gef\u00f6rdert, w\u00e4hrend der angeschlossene Hydraulikzylinder sicher unter Druck gehalten wird. Elektromagnetventile werden in der Regel auf Motorpumpen aufgebaut, k\u00f6nnen aber auch innerhalb eines Hydrauliksystems verrohrt werden.  Bauart Langlebige direktgesteuerte Kugelsitzventile in Verkettungsbauweise mit \u201eDruckhaltefunktion\u201c (leck\u00f6lfrei in der Halt-Stellung). Die Elektromagnetventile schalten extrem schnell, wodurch ein millimetergenaues Ansteuern des Hydraulikzylinders m\u00f6glich ist. Auch f\u00fcr Dauereins\u00e4tze geeignet, 100 % ED.  Modulare Bauweise Bedingt durch die modulare Bauweise der Ventile sind Sondersteuerungen in jeder Form m\u00f6glich z. B.: der druckunabh\u00e4ngige Betrieb von mehreren Hydraulikzylindern.  Druckeinstellung Alle Elektromagnet-Wegeventile verf\u00fcgen \u00fcber ein integriertes, feinf\u00fchlig einstellbares Druckbegrenzungsventil, mit welchem der Betriebsdruck und damit die Kraft der angeschlossenen Hydraulikzylinder stufenlos eingestellt werden kann (Regelbereich 0 - 700 bar).  Manometer Ein glyzeringed\u00e4mpftes Manometer geh\u00f6rt zum Lieferumfang aller Elektromagnetventile. Skala: 0 - 1.000 bar, \u00d8 63 mm.  Anschlussflansch Die Elektromagnetventile werden mit einem universellen Anschlussflansch geliefert, so dass ein problemloser Aufbau auf unsere Pumpenaggregate erfolgen kann.\" \/>\n<meta property=\"og:url\" content=\"https:\/\/www.ohis.be\/de\/produit\/vep-elektromagnet-wegeventile\/\" \/>\n<meta property=\"og:site_name\" content=\"Ohis\" \/>\n<meta property=\"og:image\" content=\"https:\/\/www.ohis.be\/wp-content\/uploads\/2023\/01\/yale-vep.jpg\" \/>\n\t<meta property=\"og:image:width\" content=\"849\" \/>\n\t<meta property=\"og:image:height\" content=\"391\" \/>\n\t<meta property=\"og:image:type\" content=\"image\/jpeg\" \/>\n<meta name=\"twitter:card\" content=\"summary_large_image\" \/>\n<meta name=\"twitter:label1\" content=\"Gesch\u00e4tzte Lesezeit\" \/>\n\t<meta name=\"twitter:data1\" content=\"2\u00a0Minuten\" \/>\n<script type=\"application\/ld+json\" class=\"yoast-schema-graph\">{\"@context\":\"https:\\\/\\\/schema.org\",\"@graph\":[{\"@type\":\"WebPage\",\"@id\":\"https:\\\/\\\/www.ohis.be\\\/de\\\/produit\\\/vep-elektromagnet-wegeventile\\\/\",\"url\":\"https:\\\/\\\/www.ohis.be\\\/de\\\/produit\\\/vep-elektromagnet-wegeventile\\\/\",\"name\":\"VEP Elektromagnet-Wegeventile - Ohis\",\"isPartOf\":{\"@id\":\"https:\\\/\\\/www.ohis.be\\\/#website\"},\"primaryImageOfPage\":{\"@id\":\"https:\\\/\\\/www.ohis.be\\\/de\\\/produit\\\/vep-elektromagnet-wegeventile\\\/#primaryimage\"},\"image\":{\"@id\":\"https:\\\/\\\/www.ohis.be\\\/de\\\/produit\\\/vep-elektromagnet-wegeventile\\\/#primaryimage\"},\"thumbnailUrl\":\"https:\\\/\\\/www.ohis.be\\\/wp-content\\\/uploads\\\/2023\\\/01\\\/yale-vep.jpg\",\"datePublished\":\"2023-01-02T10:54:36+00:00\",\"breadcrumb\":{\"@id\":\"https:\\\/\\\/www.ohis.be\\\/de\\\/produit\\\/vep-elektromagnet-wegeventile\\\/#breadcrumb\"},\"inLanguage\":\"de\",\"potentialAction\":[{\"@type\":\"ReadAction\",\"target\":[\"https:\\\/\\\/www.ohis.be\\\/de\\\/produit\\\/vep-elektromagnet-wegeventile\\\/\"]}]},{\"@type\":\"ImageObject\",\"inLanguage\":\"de\",\"@id\":\"https:\\\/\\\/www.ohis.be\\\/de\\\/produit\\\/vep-elektromagnet-wegeventile\\\/#primaryimage\",\"url\":\"https:\\\/\\\/www.ohis.be\\\/wp-content\\\/uploads\\\/2023\\\/01\\\/yale-vep.jpg\",\"contentUrl\":\"https:\\\/\\\/www.ohis.be\\\/wp-content\\\/uploads\\\/2023\\\/01\\\/yale-vep.jpg\",\"width\":849,\"height\":391},{\"@type\":\"BreadcrumbList\",\"@id\":\"https:\\\/\\\/www.ohis.be\\\/de\\\/produit\\\/vep-elektromagnet-wegeventile\\\/#breadcrumb\",\"itemListElement\":[{\"@type\":\"ListItem\",\"position\":1,\"name\":\"Accueil\",\"item\":\"https:\\\/\\\/www.ohis.be\\\/de\\\/\"},{\"@type\":\"ListItem\",\"position\":2,\"name\":\"Produkte\",\"item\":\"https:\\\/\\\/www.ohis.be\\\/de\\\/produkte\\\/\"},{\"@type\":\"ListItem\",\"position\":3,\"name\":\"VEP Elektromagnet-Wegeventile\"}]},{\"@type\":\"WebSite\",\"@id\":\"https:\\\/\\\/www.ohis.be\\\/#website\",\"url\":\"https:\\\/\\\/www.ohis.be\\\/\",\"name\":\"Ohis\",\"description\":\"Outils de levage\",\"publisher\":{\"@id\":\"https:\\\/\\\/www.ohis.be\\\/#organization\"},\"potentialAction\":[{\"@type\":\"SearchAction\",\"target\":{\"@type\":\"EntryPoint\",\"urlTemplate\":\"https:\\\/\\\/www.ohis.be\\\/?s={search_term_string}\"},\"query-input\":{\"@type\":\"PropertyValueSpecification\",\"valueRequired\":true,\"valueName\":\"search_term_string\"}}],\"inLanguage\":\"de\"},{\"@type\":\"Organization\",\"@id\":\"https:\\\/\\\/www.ohis.be\\\/#organization\",\"name\":\"Ohis\",\"url\":\"https:\\\/\\\/www.ohis.be\\\/\",\"logo\":{\"@type\":\"ImageObject\",\"inLanguage\":\"de\",\"@id\":\"https:\\\/\\\/www.ohis.be\\\/#\\\/schema\\\/logo\\\/image\\\/\",\"url\":\"https:\\\/\\\/www.ohis.be\\\/wp-content\\\/uploads\\\/2021\\\/02\\\/logo-ohis-wit.svg\",\"contentUrl\":\"https:\\\/\\\/www.ohis.be\\\/wp-content\\\/uploads\\\/2021\\\/02\\\/logo-ohis-wit.svg\",\"caption\":\"Ohis\"},\"image\":{\"@id\":\"https:\\\/\\\/www.ohis.be\\\/#\\\/schema\\\/logo\\\/image\\\/\"}}]}<\/script>\n<!-- \/ Yoast SEO plugin. -->","yoast_head_json":{"title":"VEP Elektromagnet-Wegeventile - Ohis","robots":{"index":"index","follow":"follow","max-snippet":"max-snippet:-1","max-image-preview":"max-image-preview:large","max-video-preview":"max-video-preview:-1"},"canonical":"https:\/\/www.ohis.be\/de\/produit\/vep-elektromagnet-wegeventile\/","og_locale":"de_DE","og_type":"article","og_title":"VEP Elektromagnet-Wegeventile - Ohis","og_description":"Elektromagnet mit Druckeinstellung, 700 bar Elektromagnetventile dienen zur Steuerung der angeschlossenen Hydraulikzylinder mittels Kabelfernsteuerung oder anderen elektrischen Befehlsger\u00e4ten wie z. B. Druckschalter, Endschalter etc.  Steuerfunktion Alle Elektromagnetventile verf\u00fcgen \u00fcber drei Stellungen: - Ausfahren - Halt - Einfahren - In der Ruhestellung (Halt) schalten die Ventile auf \u201edrucklosen Umlauf\u201c, d. h. der \u00d6lstrom der Pumpe wird im Kreislauf zum Tank gef\u00f6rdert, w\u00e4hrend der angeschlossene Hydraulikzylinder sicher unter Druck gehalten wird. Elektromagnetventile werden in der Regel auf Motorpumpen aufgebaut, k\u00f6nnen aber auch innerhalb eines Hydrauliksystems verrohrt werden.  Bauart Langlebige direktgesteuerte Kugelsitzventile in Verkettungsbauweise mit \u201eDruckhaltefunktion\u201c (leck\u00f6lfrei in der Halt-Stellung). Die Elektromagnetventile schalten extrem schnell, wodurch ein millimetergenaues Ansteuern des Hydraulikzylinders m\u00f6glich ist. Auch f\u00fcr Dauereins\u00e4tze geeignet, 100 % ED.  Modulare Bauweise  Steuerfunktion Alle Elektromagnetventile verf\u00fcgen \u00fcber drei Stellungen: \u2012 Ausfahren \u2012 Halt \u2012 Einfahren \u2012 In der Ruhestellung (\u2012 Halt \u2012) schalten die Ventile auf \u201edrucklosen Umlauf\u201c, d. h. der \u00d6lstrom der Pumpe wird im Kreislauf zum Tank gef\u00f6rdert, w\u00e4hrend der angeschlossene Hydraulikzylinder sicher unter Druck gehalten wird. Elektromagnetventile werden in der Regel auf Motorpumpen aufgebaut, k\u00f6nnen aber auch innerhalb eines Hydrauliksystems verrohrt werden.  Bauart Langlebige direktgesteuerte Kugelsitzventile in Verkettungsbauweise mit \u201eDruckhaltefunktion\u201c (leck\u00f6lfrei in der Halt-Stellung). Die Elektromagnetventile schalten extrem schnell, wodurch ein millimetergenaues Ansteuern des Hydraulikzylinders m\u00f6glich ist. Auch f\u00fcr Dauereins\u00e4tze geeignet, 100 % ED.  Modulare Bauweise Bedingt durch die modulare Bauweise der Ventile sind Sondersteuerungen in jeder Form m\u00f6glich z. B.: der druckunabh\u00e4ngige Betrieb von mehreren Hydraulikzylindern.  Druckeinstellung Alle Elektromagnet-Wegeventile verf\u00fcgen \u00fcber ein integriertes, feinf\u00fchlig einstellbares Druckbegrenzungsventil, mit welchem der Betriebsdruck und damit die Kraft der angeschlossenen Hydraulikzylinder stufenlos eingestellt werden kann (Regelbereich 0 - 700 bar).  Manometer Ein glyzeringed\u00e4mpftes Manometer geh\u00f6rt zum Lieferumfang aller Elektromagnetventile. Skala: 0 - 1.000 bar, \u00d8 63 mm.  Anschlussflansch Die Elektromagnetventile werden mit einem universellen Anschlussflansch geliefert, so dass ein problemloser Aufbau auf unsere Pumpenaggregate erfolgen kann.","og_url":"https:\/\/www.ohis.be\/de\/produit\/vep-elektromagnet-wegeventile\/","og_site_name":"Ohis","og_image":[{"width":849,"height":391,"url":"https:\/\/www.ohis.be\/wp-content\/uploads\/2023\/01\/yale-vep.jpg","type":"image\/jpeg"}],"twitter_card":"summary_large_image","twitter_misc":{"Gesch\u00e4tzte Lesezeit":"2\u00a0Minuten"},"schema":{"@context":"https:\/\/schema.org","@graph":[{"@type":"WebPage","@id":"https:\/\/www.ohis.be\/de\/produit\/vep-elektromagnet-wegeventile\/","url":"https:\/\/www.ohis.be\/de\/produit\/vep-elektromagnet-wegeventile\/","name":"VEP Elektromagnet-Wegeventile - Ohis","isPartOf":{"@id":"https:\/\/www.ohis.be\/#website"},"primaryImageOfPage":{"@id":"https:\/\/www.ohis.be\/de\/produit\/vep-elektromagnet-wegeventile\/#primaryimage"},"image":{"@id":"https:\/\/www.ohis.be\/de\/produit\/vep-elektromagnet-wegeventile\/#primaryimage"},"thumbnailUrl":"https:\/\/www.ohis.be\/wp-content\/uploads\/2023\/01\/yale-vep.jpg","datePublished":"2023-01-02T10:54:36+00:00","breadcrumb":{"@id":"https:\/\/www.ohis.be\/de\/produit\/vep-elektromagnet-wegeventile\/#breadcrumb"},"inLanguage":"de","potentialAction":[{"@type":"ReadAction","target":["https:\/\/www.ohis.be\/de\/produit\/vep-elektromagnet-wegeventile\/"]}]},{"@type":"ImageObject","inLanguage":"de","@id":"https:\/\/www.ohis.be\/de\/produit\/vep-elektromagnet-wegeventile\/#primaryimage","url":"https:\/\/www.ohis.be\/wp-content\/uploads\/2023\/01\/yale-vep.jpg","contentUrl":"https:\/\/www.ohis.be\/wp-content\/uploads\/2023\/01\/yale-vep.jpg","width":849,"height":391},{"@type":"BreadcrumbList","@id":"https:\/\/www.ohis.be\/de\/produit\/vep-elektromagnet-wegeventile\/#breadcrumb","itemListElement":[{"@type":"ListItem","position":1,"name":"Accueil","item":"https:\/\/www.ohis.be\/de\/"},{"@type":"ListItem","position":2,"name":"Produkte","item":"https:\/\/www.ohis.be\/de\/produkte\/"},{"@type":"ListItem","position":3,"name":"VEP Elektromagnet-Wegeventile"}]},{"@type":"WebSite","@id":"https:\/\/www.ohis.be\/#website","url":"https:\/\/www.ohis.be\/","name":"Ohis","description":"Outils de levage","publisher":{"@id":"https:\/\/www.ohis.be\/#organization"},"potentialAction":[{"@type":"SearchAction","target":{"@type":"EntryPoint","urlTemplate":"https:\/\/www.ohis.be\/?s={search_term_string}"},"query-input":{"@type":"PropertyValueSpecification","valueRequired":true,"valueName":"search_term_string"}}],"inLanguage":"de"},{"@type":"Organization","@id":"https:\/\/www.ohis.be\/#organization","name":"Ohis","url":"https:\/\/www.ohis.be\/","logo":{"@type":"ImageObject","inLanguage":"de","@id":"https:\/\/www.ohis.be\/#\/schema\/logo\/image\/","url":"https:\/\/www.ohis.be\/wp-content\/uploads\/2021\/02\/logo-ohis-wit.svg","contentUrl":"https:\/\/www.ohis.be\/wp-content\/uploads\/2021\/02\/logo-ohis-wit.svg","caption":"Ohis"},"image":{"@id":"https:\/\/www.ohis.be\/#\/schema\/logo\/image\/"}}]}},"_links":{"self":[{"href":"https:\/\/www.ohis.be\/de\/wp-json\/wp\/v2\/product\/24692","targetHints":{"allow":["GET"]}}],"collection":[{"href":"https:\/\/www.ohis.be\/de\/wp-json\/wp\/v2\/product"}],"about":[{"href":"https:\/\/www.ohis.be\/de\/wp-json\/wp\/v2\/types\/product"}],"wp:featuredmedia":[{"embeddable":true,"href":"https:\/\/www.ohis.be\/de\/wp-json\/wp\/v2\/media\/22714"}],"wp:attachment":[{"href":"https:\/\/www.ohis.be\/de\/wp-json\/wp\/v2\/media?parent=24692"}],"wp:term":[{"taxonomy":"product_brand","embeddable":true,"href":"https:\/\/www.ohis.be\/de\/wp-json\/wp\/v2\/product_brand?post=24692"},{"taxonomy":"product_cat","embeddable":true,"href":"https:\/\/www.ohis.be\/de\/wp-json\/wp\/v2\/product_cat?post=24692"},{"taxonomy":"product_tag","embeddable":true,"href":"https:\/\/www.ohis.be\/de\/wp-json\/wp\/v2\/product_tag?post=24692"}],"curies":[{"name":"wp","href":"https:\/\/api.w.org\/{rel}","templated":true}]}}