{"id":24689,"date":"2023-01-02T11:58:35","date_gmt":"2023-01-02T10:58:35","guid":{"rendered":"https:\/\/www.ohis.be\/produit\/vsm-11-sicherheits-ruckschlagventile\/"},"modified":"2023-01-02T11:58:35","modified_gmt":"2023-01-02T10:58:35","slug":"vsm-11-sicherheits-ruckschlagventile","status":"publish","type":"product","link":"https:\/\/www.ohis.be\/de\/produit\/vsm-11-sicherheits-ruckschlagventile\/","title":{"rendered":"VSM-11 Sicherheits-R\u00fcckschlagventile"},"content":{"rendered":"<p>700 bar<br \/>\nDiese Sicherheits-R\u00fcckschlagventile werden eingesetzt, wenn ein unbeabsichtigter Druckabfall (z. B. bei einer angehobenen Last) unbedingt vermieden werden soll. Das VSM -11 kann direkt in den \u00d6lanschluss des Hydraulikzylinders eingeschraubt werden und sichert so den Hydraulikzylinder als \u201eSchlauchbruchsicherung\u201c<\/p>\n<p>Bedienung<br \/>\nNach dem Schlie\u00dfen des Ablassventils (Handrad) kann der Zylinder \u00fcber den Bypass auch in geschlossenem Zustand ausgefahren werden. In Richtung Zylinder besteht immer \u201efreier Durchfluss\u201c. Durch das eingebaute R\u00fcckschlagventil wird die Last in der Ruhestellung sicher gehalten. Zum Absenken wird das feinf\u00fchlig einstellbare<br \/>\nAblassventil (Handrad) ge\u00f6ffnet. Dadurch l\u00e4sst sich ein sehr langsames Absenken einer Last einstellen. Am Zylinderanschluss befindet sich ein Sicherheitsventil, welches die Hydraulikzylinder vor m\u00f6glicher \u00dcberlast sch\u00fctzt.<\/p>\n<p>Auswahlhilfe<br \/>\nSoll das Sicherheits-\/R\u00fcckschlagventil direkt in den Hydraulikzylinder geschraubt werden, bestellen Sie bitte das VSM-11.<br \/>\nWenn es an das Handventil einer Motorpumpe geschraubt werden soll, bestellen Sie bitte das VSM-21<\/p>\n","protected":false},"excerpt":{"rendered":"<p>700 bar<br \/>\nDiese Sicherheits-R\u00fcckschlagventile werden eingesetzt, wenn ein unbeabsichtigter Druckabfall (z. B. bei einer angehobenen Last) unbedingt vermieden werden soll. Das VSM -11 kann direkt in den \u00d6lanschluss des Hydraulikzylinders eingeschraubt werden und sichert so den Hydraulikzylinder als \u201eSchlauchbruchsicherung\u201c<\/p>\n<p>Bedienung<br \/>\nNach dem Schlie\u00dfen des Ablassventils (Handrad) kann der Zylinder \u00fcber den Bypass auch in geschlossenem Zustand ausgefahren werden. In Richtung Zylinder besteht immer \u201efreier Durchfluss\u201c. Durch das eingebaute R\u00fcckschlagventil wird die Last in der Ruhestellung sicher gehalten. Zum Absenken wird das feinf\u00fchlig einstellbare<br \/>\nAblassventil (Handrad) ge\u00f6ffnet. Dadurch l\u00e4sst sich ein sehr langsames Absenken einer Last einstellen. Am Zylinderanschluss befindet sich ein Sicherheitsventil, welches die Hydraulikzylinder vor m\u00f6glicher \u00dcberlast sch\u00fctzt.<\/p>\n<p>Auswahlhilfe<br \/>\nSoll das Sicherheits-\/R\u00fcckschlagventil direkt in den Hydraulikzylinder geschraubt werden, bestellen Sie bitte das VSM-11.<br \/>\nWenn es an das Handventil einer Motorpumpe geschraubt werden soll, bestellen Sie bitte das VSM-21<\/p>\n","protected":false},"featured_media":22762,"template":"","meta":{"_acf_changed":false,"inline_featured_image":false},"product_brand":[],"product_cat":[1641,325],"product_tag":[705],"class_list":{"0":"post-24689","1":"product","2":"type-product","3":"status-publish","4":"has-post-thumbnail","6":"product_cat-hydraulische-zylinder","7":"product_cat-accesoires-de","8":"product_tag-yale-de","10":"first","11":"onbackorder","12":"taxable","13":"shipping-taxable","14":"purchasable","15":"product-type-simple"},"acf":[],"yoast_head":"<!-- This site is optimized with the Yoast SEO plugin v27.4 - https:\/\/yoast.com\/product\/yoast-seo-wordpress\/ -->\n<title>VSM-11 Sicherheits-R\u00fcckschlagventile - Ohis<\/title>\n<meta name=\"robots\" content=\"index, follow, max-snippet:-1, max-image-preview:large, max-video-preview:-1\" \/>\n<link rel=\"canonical\" href=\"https:\/\/www.ohis.be\/de\/produit\/vsm-11-sicherheits-ruckschlagventile\/\" \/>\n<meta property=\"og:locale\" content=\"de_DE\" \/>\n<meta property=\"og:type\" content=\"article\" \/>\n<meta property=\"og:title\" content=\"VSM-11 Sicherheits-R\u00fcckschlagventile - Ohis\" \/>\n<meta property=\"og:description\" content=\"700 bar Diese Sicherheits-R\u00fcckschlagventile werden eingesetzt, wenn ein unbeabsichtigter Druckabfall (z. B. bei einer angehobenen Last) unbedingt vermieden werden soll. Das VSM -11 kann direkt in den \u00d6lanschluss des Hydraulikzylinders eingeschraubt werden und sichert so den Hydraulikzylinder als \u201eSchlauchbruchsicherung\u201c  Bedienung Nach dem Schlie\u00dfen des Ablassventils (Handrad) kann der Zylinder \u00fcber den Bypass auch in geschlossenem Zustand ausgefahren werden. In Richtung Zylinder besteht immer \u201efreier Durchfluss\u201c. Durch das eingebaute R\u00fcckschlagventil wird die Last in der Ruhestellung sicher gehalten. Zum Absenken wird das feinf\u00fchlig einstellbare Ablassventil (Handrad) ge\u00f6ffnet. Dadurch l\u00e4sst sich ein sehr langsames Absenken einer Last einstellen. Am Zylinderanschluss befindet sich ein Sicherheitsventil, welches die Hydraulikzylinder vor m\u00f6glicher \u00dcberlast sch\u00fctzt.  Auswahlhilfe Soll das Sicherheits-\/R\u00fcckschlagventil direkt in den Hydraulikzylinder geschraubt werden, bestellen Sie bitte das VSM-11. Wenn es an das Handventil einer Motorpumpe geschraubt werden soll, bestellen Sie bitte das VSM-21\" \/>\n<meta property=\"og:url\" content=\"https:\/\/www.ohis.be\/de\/produit\/vsm-11-sicherheits-ruckschlagventile\/\" \/>\n<meta property=\"og:site_name\" content=\"Ohis\" \/>\n<meta property=\"og:image\" content=\"https:\/\/www.ohis.be\/wp-content\/uploads\/2023\/01\/yale-vsm11.jpg\" \/>\n\t<meta property=\"og:image:width\" content=\"381\" \/>\n\t<meta property=\"og:image:height\" content=\"630\" \/>\n\t<meta property=\"og:image:type\" content=\"image\/jpeg\" \/>\n<meta name=\"twitter:card\" content=\"summary_large_image\" \/>\n<meta name=\"twitter:label1\" content=\"Gesch\u00e4tzte Lesezeit\" \/>\n\t<meta name=\"twitter:data1\" content=\"1\u00a0Minute\" \/>\n<script type=\"application\/ld+json\" class=\"yoast-schema-graph\">{\"@context\":\"https:\\\/\\\/schema.org\",\"@graph\":[{\"@type\":\"WebPage\",\"@id\":\"https:\\\/\\\/www.ohis.be\\\/de\\\/produit\\\/vsm-11-sicherheits-ruckschlagventile\\\/\",\"url\":\"https:\\\/\\\/www.ohis.be\\\/de\\\/produit\\\/vsm-11-sicherheits-ruckschlagventile\\\/\",\"name\":\"VSM-11 Sicherheits-R\u00fcckschlagventile - Ohis\",\"isPartOf\":{\"@id\":\"https:\\\/\\\/www.ohis.be\\\/#website\"},\"primaryImageOfPage\":{\"@id\":\"https:\\\/\\\/www.ohis.be\\\/de\\\/produit\\\/vsm-11-sicherheits-ruckschlagventile\\\/#primaryimage\"},\"image\":{\"@id\":\"https:\\\/\\\/www.ohis.be\\\/de\\\/produit\\\/vsm-11-sicherheits-ruckschlagventile\\\/#primaryimage\"},\"thumbnailUrl\":\"https:\\\/\\\/www.ohis.be\\\/wp-content\\\/uploads\\\/2023\\\/01\\\/yale-vsm11.jpg\",\"datePublished\":\"2023-01-02T10:58:35+00:00\",\"breadcrumb\":{\"@id\":\"https:\\\/\\\/www.ohis.be\\\/de\\\/produit\\\/vsm-11-sicherheits-ruckschlagventile\\\/#breadcrumb\"},\"inLanguage\":\"de\",\"potentialAction\":[{\"@type\":\"ReadAction\",\"target\":[\"https:\\\/\\\/www.ohis.be\\\/de\\\/produit\\\/vsm-11-sicherheits-ruckschlagventile\\\/\"]}]},{\"@type\":\"ImageObject\",\"inLanguage\":\"de\",\"@id\":\"https:\\\/\\\/www.ohis.be\\\/de\\\/produit\\\/vsm-11-sicherheits-ruckschlagventile\\\/#primaryimage\",\"url\":\"https:\\\/\\\/www.ohis.be\\\/wp-content\\\/uploads\\\/2023\\\/01\\\/yale-vsm11.jpg\",\"contentUrl\":\"https:\\\/\\\/www.ohis.be\\\/wp-content\\\/uploads\\\/2023\\\/01\\\/yale-vsm11.jpg\",\"width\":381,\"height\":630},{\"@type\":\"BreadcrumbList\",\"@id\":\"https:\\\/\\\/www.ohis.be\\\/de\\\/produit\\\/vsm-11-sicherheits-ruckschlagventile\\\/#breadcrumb\",\"itemListElement\":[{\"@type\":\"ListItem\",\"position\":1,\"name\":\"Accueil\",\"item\":\"https:\\\/\\\/www.ohis.be\\\/de\\\/\"},{\"@type\":\"ListItem\",\"position\":2,\"name\":\"Produkte\",\"item\":\"https:\\\/\\\/www.ohis.be\\\/de\\\/produkte\\\/\"},{\"@type\":\"ListItem\",\"position\":3,\"name\":\"VSM-11 Sicherheits-R\u00fcckschlagventile\"}]},{\"@type\":\"WebSite\",\"@id\":\"https:\\\/\\\/www.ohis.be\\\/#website\",\"url\":\"https:\\\/\\\/www.ohis.be\\\/\",\"name\":\"Ohis\",\"description\":\"Outils de levage\",\"publisher\":{\"@id\":\"https:\\\/\\\/www.ohis.be\\\/#organization\"},\"potentialAction\":[{\"@type\":\"SearchAction\",\"target\":{\"@type\":\"EntryPoint\",\"urlTemplate\":\"https:\\\/\\\/www.ohis.be\\\/?s={search_term_string}\"},\"query-input\":{\"@type\":\"PropertyValueSpecification\",\"valueRequired\":true,\"valueName\":\"search_term_string\"}}],\"inLanguage\":\"de\"},{\"@type\":\"Organization\",\"@id\":\"https:\\\/\\\/www.ohis.be\\\/#organization\",\"name\":\"Ohis\",\"url\":\"https:\\\/\\\/www.ohis.be\\\/\",\"logo\":{\"@type\":\"ImageObject\",\"inLanguage\":\"de\",\"@id\":\"https:\\\/\\\/www.ohis.be\\\/#\\\/schema\\\/logo\\\/image\\\/\",\"url\":\"https:\\\/\\\/www.ohis.be\\\/wp-content\\\/uploads\\\/2021\\\/02\\\/logo-ohis-wit.svg\",\"contentUrl\":\"https:\\\/\\\/www.ohis.be\\\/wp-content\\\/uploads\\\/2021\\\/02\\\/logo-ohis-wit.svg\",\"caption\":\"Ohis\"},\"image\":{\"@id\":\"https:\\\/\\\/www.ohis.be\\\/#\\\/schema\\\/logo\\\/image\\\/\"}}]}<\/script>\n<!-- \/ Yoast SEO plugin. -->","yoast_head_json":{"title":"VSM-11 Sicherheits-R\u00fcckschlagventile - Ohis","robots":{"index":"index","follow":"follow","max-snippet":"max-snippet:-1","max-image-preview":"max-image-preview:large","max-video-preview":"max-video-preview:-1"},"canonical":"https:\/\/www.ohis.be\/de\/produit\/vsm-11-sicherheits-ruckschlagventile\/","og_locale":"de_DE","og_type":"article","og_title":"VSM-11 Sicherheits-R\u00fcckschlagventile - Ohis","og_description":"700 bar Diese Sicherheits-R\u00fcckschlagventile werden eingesetzt, wenn ein unbeabsichtigter Druckabfall (z. B. bei einer angehobenen Last) unbedingt vermieden werden soll. Das VSM -11 kann direkt in den \u00d6lanschluss des Hydraulikzylinders eingeschraubt werden und sichert so den Hydraulikzylinder als \u201eSchlauchbruchsicherung\u201c  Bedienung Nach dem Schlie\u00dfen des Ablassventils (Handrad) kann der Zylinder \u00fcber den Bypass auch in geschlossenem Zustand ausgefahren werden. In Richtung Zylinder besteht immer \u201efreier Durchfluss\u201c. Durch das eingebaute R\u00fcckschlagventil wird die Last in der Ruhestellung sicher gehalten. Zum Absenken wird das feinf\u00fchlig einstellbare Ablassventil (Handrad) ge\u00f6ffnet. Dadurch l\u00e4sst sich ein sehr langsames Absenken einer Last einstellen. Am Zylinderanschluss befindet sich ein Sicherheitsventil, welches die Hydraulikzylinder vor m\u00f6glicher \u00dcberlast sch\u00fctzt.  Auswahlhilfe Soll das Sicherheits-\/R\u00fcckschlagventil direkt in den Hydraulikzylinder geschraubt werden, bestellen Sie bitte das VSM-11. Wenn es an das Handventil einer Motorpumpe geschraubt werden soll, bestellen Sie bitte das VSM-21","og_url":"https:\/\/www.ohis.be\/de\/produit\/vsm-11-sicherheits-ruckschlagventile\/","og_site_name":"Ohis","og_image":[{"width":381,"height":630,"url":"https:\/\/www.ohis.be\/wp-content\/uploads\/2023\/01\/yale-vsm11.jpg","type":"image\/jpeg"}],"twitter_card":"summary_large_image","twitter_misc":{"Gesch\u00e4tzte Lesezeit":"1\u00a0Minute"},"schema":{"@context":"https:\/\/schema.org","@graph":[{"@type":"WebPage","@id":"https:\/\/www.ohis.be\/de\/produit\/vsm-11-sicherheits-ruckschlagventile\/","url":"https:\/\/www.ohis.be\/de\/produit\/vsm-11-sicherheits-ruckschlagventile\/","name":"VSM-11 Sicherheits-R\u00fcckschlagventile - Ohis","isPartOf":{"@id":"https:\/\/www.ohis.be\/#website"},"primaryImageOfPage":{"@id":"https:\/\/www.ohis.be\/de\/produit\/vsm-11-sicherheits-ruckschlagventile\/#primaryimage"},"image":{"@id":"https:\/\/www.ohis.be\/de\/produit\/vsm-11-sicherheits-ruckschlagventile\/#primaryimage"},"thumbnailUrl":"https:\/\/www.ohis.be\/wp-content\/uploads\/2023\/01\/yale-vsm11.jpg","datePublished":"2023-01-02T10:58:35+00:00","breadcrumb":{"@id":"https:\/\/www.ohis.be\/de\/produit\/vsm-11-sicherheits-ruckschlagventile\/#breadcrumb"},"inLanguage":"de","potentialAction":[{"@type":"ReadAction","target":["https:\/\/www.ohis.be\/de\/produit\/vsm-11-sicherheits-ruckschlagventile\/"]}]},{"@type":"ImageObject","inLanguage":"de","@id":"https:\/\/www.ohis.be\/de\/produit\/vsm-11-sicherheits-ruckschlagventile\/#primaryimage","url":"https:\/\/www.ohis.be\/wp-content\/uploads\/2023\/01\/yale-vsm11.jpg","contentUrl":"https:\/\/www.ohis.be\/wp-content\/uploads\/2023\/01\/yale-vsm11.jpg","width":381,"height":630},{"@type":"BreadcrumbList","@id":"https:\/\/www.ohis.be\/de\/produit\/vsm-11-sicherheits-ruckschlagventile\/#breadcrumb","itemListElement":[{"@type":"ListItem","position":1,"name":"Accueil","item":"https:\/\/www.ohis.be\/de\/"},{"@type":"ListItem","position":2,"name":"Produkte","item":"https:\/\/www.ohis.be\/de\/produkte\/"},{"@type":"ListItem","position":3,"name":"VSM-11 Sicherheits-R\u00fcckschlagventile"}]},{"@type":"WebSite","@id":"https:\/\/www.ohis.be\/#website","url":"https:\/\/www.ohis.be\/","name":"Ohis","description":"Outils de levage","publisher":{"@id":"https:\/\/www.ohis.be\/#organization"},"potentialAction":[{"@type":"SearchAction","target":{"@type":"EntryPoint","urlTemplate":"https:\/\/www.ohis.be\/?s={search_term_string}"},"query-input":{"@type":"PropertyValueSpecification","valueRequired":true,"valueName":"search_term_string"}}],"inLanguage":"de"},{"@type":"Organization","@id":"https:\/\/www.ohis.be\/#organization","name":"Ohis","url":"https:\/\/www.ohis.be\/","logo":{"@type":"ImageObject","inLanguage":"de","@id":"https:\/\/www.ohis.be\/#\/schema\/logo\/image\/","url":"https:\/\/www.ohis.be\/wp-content\/uploads\/2021\/02\/logo-ohis-wit.svg","contentUrl":"https:\/\/www.ohis.be\/wp-content\/uploads\/2021\/02\/logo-ohis-wit.svg","caption":"Ohis"},"image":{"@id":"https:\/\/www.ohis.be\/#\/schema\/logo\/image\/"}}]}},"_links":{"self":[{"href":"https:\/\/www.ohis.be\/de\/wp-json\/wp\/v2\/product\/24689","targetHints":{"allow":["GET"]}}],"collection":[{"href":"https:\/\/www.ohis.be\/de\/wp-json\/wp\/v2\/product"}],"about":[{"href":"https:\/\/www.ohis.be\/de\/wp-json\/wp\/v2\/types\/product"}],"wp:featuredmedia":[{"embeddable":true,"href":"https:\/\/www.ohis.be\/de\/wp-json\/wp\/v2\/media\/22762"}],"wp:attachment":[{"href":"https:\/\/www.ohis.be\/de\/wp-json\/wp\/v2\/media?parent=24689"}],"wp:term":[{"taxonomy":"product_brand","embeddable":true,"href":"https:\/\/www.ohis.be\/de\/wp-json\/wp\/v2\/product_brand?post=24689"},{"taxonomy":"product_cat","embeddable":true,"href":"https:\/\/www.ohis.be\/de\/wp-json\/wp\/v2\/product_cat?post=24689"},{"taxonomy":"product_tag","embeddable":true,"href":"https:\/\/www.ohis.be\/de\/wp-json\/wp\/v2\/product_tag?post=24689"}],"curies":[{"name":"wp","href":"https:\/\/api.w.org\/{rel}","templated":true}]}}