{"id":24680,"date":"2023-01-02T12:19:31","date_gmt":"2023-01-02T11:19:31","guid":{"rendered":"https:\/\/www.ohis.be\/produit\/vpr-druckbegrenzungsventile\/"},"modified":"2023-01-02T12:19:31","modified_gmt":"2023-01-02T11:19:31","slug":"vpr-druckbegrenzungsventile","status":"publish","type":"product","link":"https:\/\/www.ohis.be\/de\/produit\/vpr-druckbegrenzungsventile\/","title":{"rendered":"VPR Druckbegrenzungsventile"},"content":{"rendered":"<p>0 &#8211; 700 bar<br \/>\nDruckbegrenzungsventile werden dann eingesetzt, wenn der Systemdruck, und damit die Kraft des Hydraulikzylinders, einen bestimmten Wert nicht \u00fcberschreiten soll. Die Ventile sind feinf\u00fchlig regelbar und zeichnen sich durch eine hohe Wiederholgenauigkeit aus. Bei der Auswahl von Druckbegrenzungsventilen richtet man sich nur nach der F\u00f6rdermenge der Hochdruckstufe.<br \/>\nBei Erreichen eines voreingestellten Druckes \u00f6ffnet sich das Ventil und das \u00fcbersch\u00fcssige Hydraulik\u00f6l wird drucklos zum Tank zur\u00fcckgef\u00fchrt.<\/p>\n","protected":false},"excerpt":{"rendered":"<p>0 &#8211; 700 bar<br \/>\nDruckbegrenzungsventile werden dann eingesetzt, wenn der Systemdruck, und damit die Kraft des Hydraulikzylinders, einen bestimmten Wert nicht \u00fcberschreiten soll. Die Ventile sind feinf\u00fchlig regelbar und zeichnen sich durch eine hohe Wiederholgenauigkeit aus. Bei der Auswahl von Druckbegrenzungsventilen richtet man sich nur nach der F\u00f6rdermenge der Hochdruckstufe.<br \/>\nBei Erreichen eines voreingestellten Druckes \u00f6ffnet sich das Ventil und das \u00fcbersch\u00fcssige Hydraulik\u00f6l wird drucklos zum Tank zur\u00fcckgef\u00fchrt.<\/p>\n","protected":false},"featured_media":22746,"template":"","meta":{"_acf_changed":false,"inline_featured_image":false},"product_brand":[],"product_cat":[1641,325],"product_tag":[705],"class_list":{"0":"post-24680","1":"product","2":"type-product","3":"status-publish","4":"has-post-thumbnail","6":"product_cat-hydraulische-zylinder","7":"product_cat-accesoires-de","8":"product_tag-yale-de","10":"first","11":"onbackorder","12":"taxable","13":"shipping-taxable","14":"purchasable","15":"product-type-simple"},"acf":[],"yoast_head":"<!-- This site is optimized with the Yoast SEO plugin v27.4 - https:\/\/yoast.com\/product\/yoast-seo-wordpress\/ -->\n<title>VPR Druckbegrenzungsventile - Ohis<\/title>\n<meta name=\"robots\" content=\"index, follow, max-snippet:-1, max-image-preview:large, max-video-preview:-1\" \/>\n<link rel=\"canonical\" href=\"https:\/\/www.ohis.be\/de\/produit\/vpr-druckbegrenzungsventile\/\" \/>\n<meta property=\"og:locale\" content=\"de_DE\" \/>\n<meta property=\"og:type\" content=\"article\" \/>\n<meta property=\"og:title\" content=\"VPR Druckbegrenzungsventile - Ohis\" \/>\n<meta property=\"og:description\" content=\"0 - 700 bar Druckbegrenzungsventile werden dann eingesetzt, wenn der Systemdruck, und damit die Kraft des Hydraulikzylinders, einen bestimmten Wert nicht \u00fcberschreiten soll. Die Ventile sind feinf\u00fchlig regelbar und zeichnen sich durch eine hohe Wiederholgenauigkeit aus. Bei der Auswahl von Druckbegrenzungsventilen richtet man sich nur nach der F\u00f6rdermenge der Hochdruckstufe. Bei Erreichen eines voreingestellten Druckes \u00f6ffnet sich das Ventil und das \u00fcbersch\u00fcssige Hydraulik\u00f6l wird drucklos zum Tank zur\u00fcckgef\u00fchrt.\" \/>\n<meta property=\"og:url\" content=\"https:\/\/www.ohis.be\/de\/produit\/vpr-druckbegrenzungsventile\/\" \/>\n<meta property=\"og:site_name\" content=\"Ohis\" \/>\n<meta property=\"og:image\" content=\"https:\/\/www.ohis.be\/wp-content\/uploads\/2023\/01\/yale-vpr.jpg\" \/>\n\t<meta property=\"og:image:width\" content=\"631\" \/>\n\t<meta property=\"og:image:height\" content=\"622\" \/>\n\t<meta property=\"og:image:type\" content=\"image\/jpeg\" \/>\n<meta name=\"twitter:card\" content=\"summary_large_image\" \/>\n<script type=\"application\/ld+json\" class=\"yoast-schema-graph\">{\"@context\":\"https:\\\/\\\/schema.org\",\"@graph\":[{\"@type\":\"WebPage\",\"@id\":\"https:\\\/\\\/www.ohis.be\\\/de\\\/produit\\\/vpr-druckbegrenzungsventile\\\/\",\"url\":\"https:\\\/\\\/www.ohis.be\\\/de\\\/produit\\\/vpr-druckbegrenzungsventile\\\/\",\"name\":\"VPR Druckbegrenzungsventile - Ohis\",\"isPartOf\":{\"@id\":\"https:\\\/\\\/www.ohis.be\\\/#website\"},\"primaryImageOfPage\":{\"@id\":\"https:\\\/\\\/www.ohis.be\\\/de\\\/produit\\\/vpr-druckbegrenzungsventile\\\/#primaryimage\"},\"image\":{\"@id\":\"https:\\\/\\\/www.ohis.be\\\/de\\\/produit\\\/vpr-druckbegrenzungsventile\\\/#primaryimage\"},\"thumbnailUrl\":\"https:\\\/\\\/www.ohis.be\\\/wp-content\\\/uploads\\\/2023\\\/01\\\/yale-vpr.jpg\",\"datePublished\":\"2023-01-02T11:19:31+00:00\",\"breadcrumb\":{\"@id\":\"https:\\\/\\\/www.ohis.be\\\/de\\\/produit\\\/vpr-druckbegrenzungsventile\\\/#breadcrumb\"},\"inLanguage\":\"de\",\"potentialAction\":[{\"@type\":\"ReadAction\",\"target\":[\"https:\\\/\\\/www.ohis.be\\\/de\\\/produit\\\/vpr-druckbegrenzungsventile\\\/\"]}]},{\"@type\":\"ImageObject\",\"inLanguage\":\"de\",\"@id\":\"https:\\\/\\\/www.ohis.be\\\/de\\\/produit\\\/vpr-druckbegrenzungsventile\\\/#primaryimage\",\"url\":\"https:\\\/\\\/www.ohis.be\\\/wp-content\\\/uploads\\\/2023\\\/01\\\/yale-vpr.jpg\",\"contentUrl\":\"https:\\\/\\\/www.ohis.be\\\/wp-content\\\/uploads\\\/2023\\\/01\\\/yale-vpr.jpg\",\"width\":631,\"height\":622},{\"@type\":\"BreadcrumbList\",\"@id\":\"https:\\\/\\\/www.ohis.be\\\/de\\\/produit\\\/vpr-druckbegrenzungsventile\\\/#breadcrumb\",\"itemListElement\":[{\"@type\":\"ListItem\",\"position\":1,\"name\":\"Accueil\",\"item\":\"https:\\\/\\\/www.ohis.be\\\/de\\\/\"},{\"@type\":\"ListItem\",\"position\":2,\"name\":\"Produkte\",\"item\":\"https:\\\/\\\/www.ohis.be\\\/de\\\/produkte\\\/\"},{\"@type\":\"ListItem\",\"position\":3,\"name\":\"VPR Druckbegrenzungsventile\"}]},{\"@type\":\"WebSite\",\"@id\":\"https:\\\/\\\/www.ohis.be\\\/#website\",\"url\":\"https:\\\/\\\/www.ohis.be\\\/\",\"name\":\"Ohis\",\"description\":\"Outils de levage\",\"publisher\":{\"@id\":\"https:\\\/\\\/www.ohis.be\\\/#organization\"},\"potentialAction\":[{\"@type\":\"SearchAction\",\"target\":{\"@type\":\"EntryPoint\",\"urlTemplate\":\"https:\\\/\\\/www.ohis.be\\\/?s={search_term_string}\"},\"query-input\":{\"@type\":\"PropertyValueSpecification\",\"valueRequired\":true,\"valueName\":\"search_term_string\"}}],\"inLanguage\":\"de\"},{\"@type\":\"Organization\",\"@id\":\"https:\\\/\\\/www.ohis.be\\\/#organization\",\"name\":\"Ohis\",\"url\":\"https:\\\/\\\/www.ohis.be\\\/\",\"logo\":{\"@type\":\"ImageObject\",\"inLanguage\":\"de\",\"@id\":\"https:\\\/\\\/www.ohis.be\\\/#\\\/schema\\\/logo\\\/image\\\/\",\"url\":\"https:\\\/\\\/www.ohis.be\\\/wp-content\\\/uploads\\\/2021\\\/02\\\/logo-ohis-wit.svg\",\"contentUrl\":\"https:\\\/\\\/www.ohis.be\\\/wp-content\\\/uploads\\\/2021\\\/02\\\/logo-ohis-wit.svg\",\"caption\":\"Ohis\"},\"image\":{\"@id\":\"https:\\\/\\\/www.ohis.be\\\/#\\\/schema\\\/logo\\\/image\\\/\"}}]}<\/script>\n<!-- \/ Yoast SEO plugin. -->","yoast_head_json":{"title":"VPR Druckbegrenzungsventile - Ohis","robots":{"index":"index","follow":"follow","max-snippet":"max-snippet:-1","max-image-preview":"max-image-preview:large","max-video-preview":"max-video-preview:-1"},"canonical":"https:\/\/www.ohis.be\/de\/produit\/vpr-druckbegrenzungsventile\/","og_locale":"de_DE","og_type":"article","og_title":"VPR Druckbegrenzungsventile - Ohis","og_description":"0 - 700 bar Druckbegrenzungsventile werden dann eingesetzt, wenn der Systemdruck, und damit die Kraft des Hydraulikzylinders, einen bestimmten Wert nicht \u00fcberschreiten soll. Die Ventile sind feinf\u00fchlig regelbar und zeichnen sich durch eine hohe Wiederholgenauigkeit aus. Bei der Auswahl von Druckbegrenzungsventilen richtet man sich nur nach der F\u00f6rdermenge der Hochdruckstufe. Bei Erreichen eines voreingestellten Druckes \u00f6ffnet sich das Ventil und das \u00fcbersch\u00fcssige Hydraulik\u00f6l wird drucklos zum Tank zur\u00fcckgef\u00fchrt.","og_url":"https:\/\/www.ohis.be\/de\/produit\/vpr-druckbegrenzungsventile\/","og_site_name":"Ohis","og_image":[{"width":631,"height":622,"url":"https:\/\/www.ohis.be\/wp-content\/uploads\/2023\/01\/yale-vpr.jpg","type":"image\/jpeg"}],"twitter_card":"summary_large_image","schema":{"@context":"https:\/\/schema.org","@graph":[{"@type":"WebPage","@id":"https:\/\/www.ohis.be\/de\/produit\/vpr-druckbegrenzungsventile\/","url":"https:\/\/www.ohis.be\/de\/produit\/vpr-druckbegrenzungsventile\/","name":"VPR Druckbegrenzungsventile - Ohis","isPartOf":{"@id":"https:\/\/www.ohis.be\/#website"},"primaryImageOfPage":{"@id":"https:\/\/www.ohis.be\/de\/produit\/vpr-druckbegrenzungsventile\/#primaryimage"},"image":{"@id":"https:\/\/www.ohis.be\/de\/produit\/vpr-druckbegrenzungsventile\/#primaryimage"},"thumbnailUrl":"https:\/\/www.ohis.be\/wp-content\/uploads\/2023\/01\/yale-vpr.jpg","datePublished":"2023-01-02T11:19:31+00:00","breadcrumb":{"@id":"https:\/\/www.ohis.be\/de\/produit\/vpr-druckbegrenzungsventile\/#breadcrumb"},"inLanguage":"de","potentialAction":[{"@type":"ReadAction","target":["https:\/\/www.ohis.be\/de\/produit\/vpr-druckbegrenzungsventile\/"]}]},{"@type":"ImageObject","inLanguage":"de","@id":"https:\/\/www.ohis.be\/de\/produit\/vpr-druckbegrenzungsventile\/#primaryimage","url":"https:\/\/www.ohis.be\/wp-content\/uploads\/2023\/01\/yale-vpr.jpg","contentUrl":"https:\/\/www.ohis.be\/wp-content\/uploads\/2023\/01\/yale-vpr.jpg","width":631,"height":622},{"@type":"BreadcrumbList","@id":"https:\/\/www.ohis.be\/de\/produit\/vpr-druckbegrenzungsventile\/#breadcrumb","itemListElement":[{"@type":"ListItem","position":1,"name":"Accueil","item":"https:\/\/www.ohis.be\/de\/"},{"@type":"ListItem","position":2,"name":"Produkte","item":"https:\/\/www.ohis.be\/de\/produkte\/"},{"@type":"ListItem","position":3,"name":"VPR Druckbegrenzungsventile"}]},{"@type":"WebSite","@id":"https:\/\/www.ohis.be\/#website","url":"https:\/\/www.ohis.be\/","name":"Ohis","description":"Outils de levage","publisher":{"@id":"https:\/\/www.ohis.be\/#organization"},"potentialAction":[{"@type":"SearchAction","target":{"@type":"EntryPoint","urlTemplate":"https:\/\/www.ohis.be\/?s={search_term_string}"},"query-input":{"@type":"PropertyValueSpecification","valueRequired":true,"valueName":"search_term_string"}}],"inLanguage":"de"},{"@type":"Organization","@id":"https:\/\/www.ohis.be\/#organization","name":"Ohis","url":"https:\/\/www.ohis.be\/","logo":{"@type":"ImageObject","inLanguage":"de","@id":"https:\/\/www.ohis.be\/#\/schema\/logo\/image\/","url":"https:\/\/www.ohis.be\/wp-content\/uploads\/2021\/02\/logo-ohis-wit.svg","contentUrl":"https:\/\/www.ohis.be\/wp-content\/uploads\/2021\/02\/logo-ohis-wit.svg","caption":"Ohis"},"image":{"@id":"https:\/\/www.ohis.be\/#\/schema\/logo\/image\/"}}]}},"_links":{"self":[{"href":"https:\/\/www.ohis.be\/de\/wp-json\/wp\/v2\/product\/24680","targetHints":{"allow":["GET"]}}],"collection":[{"href":"https:\/\/www.ohis.be\/de\/wp-json\/wp\/v2\/product"}],"about":[{"href":"https:\/\/www.ohis.be\/de\/wp-json\/wp\/v2\/types\/product"}],"wp:featuredmedia":[{"embeddable":true,"href":"https:\/\/www.ohis.be\/de\/wp-json\/wp\/v2\/media\/22746"}],"wp:attachment":[{"href":"https:\/\/www.ohis.be\/de\/wp-json\/wp\/v2\/media?parent=24680"}],"wp:term":[{"taxonomy":"product_brand","embeddable":true,"href":"https:\/\/www.ohis.be\/de\/wp-json\/wp\/v2\/product_brand?post=24680"},{"taxonomy":"product_cat","embeddable":true,"href":"https:\/\/www.ohis.be\/de\/wp-json\/wp\/v2\/product_cat?post=24680"},{"taxonomy":"product_tag","embeddable":true,"href":"https:\/\/www.ohis.be\/de\/wp-json\/wp\/v2\/product_tag?post=24680"}],"curies":[{"name":"wp","href":"https:\/\/api.w.org\/{rel}","templated":true}]}}