{"id":24672,"date":"2023-01-02T12:24:31","date_gmt":"2023-01-02T11:24:31","guid":{"rendered":"https:\/\/www.ohis.be\/produit\/my-verteilerblocke\/"},"modified":"2023-01-02T12:24:31","modified_gmt":"2023-01-02T11:24:31","slug":"my-verteilerblocke","status":"publish","type":"product","link":"https:\/\/www.ohis.be\/de\/produit\/my-verteilerblocke\/","title":{"rendered":"MY Verteilerbl\u00f6cke"},"content":{"rendered":"<p>700 bar<br \/>\nBeim Anschluss mehrerer Zylinder werden je nach Bedarf die o. g. Verteilerbl\u00f6cke eingesetzt. Alle Verteilerbl\u00f6cke verf\u00fcgen \u00fcber 3\/8-18 NPT Innengewinde, so dass Verschraubungen, Kupplungsmuffen oder Hydraulikschl\u00e4uche problemlos eingeschraubt werden k\u00f6nnen.<br \/>\nZum direkten Anschrauben der Verteilerbl\u00f6cke an Handpumpen oder zum Anschluss von Absperrventilen VHM-1 verwenden Sie bitte den Doppelnippel FY-1; das Gleiche gilt, wenn die Verteilerbl\u00f6cke untereinander verbunden werden sollen. Jeder Verteilerblock wird mit drei Stahl- Verschlussstopfen geliefert, f\u00fcr den Fall, dass nicht alle Anschl\u00fcsse ben\u00f6tigt werden.<\/p>\n","protected":false},"excerpt":{"rendered":"<p>700 bar<br \/>\nBeim Anschluss mehrerer Zylinder werden je nach Bedarf die o. g. Verteilerbl\u00f6cke eingesetzt. Alle Verteilerbl\u00f6cke verf\u00fcgen \u00fcber 3\/8-18 NPT Innengewinde, so dass Verschraubungen, Kupplungsmuffen oder Hydraulikschl\u00e4uche problemlos eingeschraubt werden k\u00f6nnen.<br \/>\nZum direkten Anschrauben der Verteilerbl\u00f6cke an Handpumpen oder zum Anschluss von Absperrventilen VHM-1 verwenden Sie bitte den Doppelnippel FY-1; das Gleiche gilt, wenn die Verteilerbl\u00f6cke untereinander verbunden werden sollen. Jeder Verteilerblock wird mit drei Stahl- Verschlussstopfen geliefert, f\u00fcr den Fall, dass nicht alle Anschl\u00fcsse ben\u00f6tigt werden.<\/p>\n","protected":false},"featured_media":22654,"template":"","meta":{"_acf_changed":false,"inline_featured_image":false},"product_brand":[],"product_cat":[1641,325],"product_tag":[705],"class_list":{"0":"post-24672","1":"product","2":"type-product","3":"status-publish","4":"has-post-thumbnail","6":"product_cat-hydraulische-zylinder","7":"product_cat-accesoires-de","8":"product_tag-yale-de","10":"first","11":"onbackorder","12":"taxable","13":"shipping-taxable","14":"purchasable","15":"product-type-variable"},"acf":[],"yoast_head":"<!-- This site is optimized with the Yoast SEO plugin v27.4 - https:\/\/yoast.com\/product\/yoast-seo-wordpress\/ -->\n<title>MY Verteilerbl\u00f6cke - Ohis<\/title>\n<meta name=\"robots\" content=\"index, follow, max-snippet:-1, max-image-preview:large, max-video-preview:-1\" \/>\n<link rel=\"canonical\" href=\"https:\/\/www.ohis.be\/de\/produit\/my-verteilerblocke\/\" \/>\n<meta property=\"og:locale\" content=\"de_DE\" \/>\n<meta property=\"og:type\" content=\"article\" \/>\n<meta property=\"og:title\" content=\"MY Verteilerbl\u00f6cke - Ohis\" \/>\n<meta property=\"og:description\" content=\"700 bar Beim Anschluss mehrerer Zylinder werden je nach Bedarf die o. g. Verteilerbl\u00f6cke eingesetzt. Alle Verteilerbl\u00f6cke verf\u00fcgen \u00fcber 3\/8-18 NPT Innengewinde, so dass Verschraubungen, Kupplungsmuffen oder Hydraulikschl\u00e4uche problemlos eingeschraubt werden k\u00f6nnen. Zum direkten Anschrauben der Verteilerbl\u00f6cke an Handpumpen oder zum Anschluss von Absperrventilen VHM-1 verwenden Sie bitte den Doppelnippel FY-1; das Gleiche gilt, wenn die Verteilerbl\u00f6cke untereinander verbunden werden sollen. Jeder Verteilerblock wird mit drei Stahl- Verschlussstopfen geliefert, f\u00fcr den Fall, dass nicht alle Anschl\u00fcsse ben\u00f6tigt werden.\" \/>\n<meta property=\"og:url\" content=\"https:\/\/www.ohis.be\/de\/produit\/my-verteilerblocke\/\" \/>\n<meta property=\"og:site_name\" content=\"Ohis\" \/>\n<meta property=\"og:image\" content=\"https:\/\/www.ohis.be\/wp-content\/uploads\/2023\/01\/yale-my2.jpg\" \/>\n\t<meta property=\"og:image:width\" content=\"658\" \/>\n\t<meta property=\"og:image:height\" content=\"451\" \/>\n\t<meta property=\"og:image:type\" content=\"image\/jpeg\" \/>\n<meta name=\"twitter:card\" content=\"summary_large_image\" \/>\n<script type=\"application\/ld+json\" class=\"yoast-schema-graph\">{\"@context\":\"https:\\\/\\\/schema.org\",\"@graph\":[{\"@type\":\"WebPage\",\"@id\":\"https:\\\/\\\/www.ohis.be\\\/de\\\/produit\\\/my-verteilerblocke\\\/\",\"url\":\"https:\\\/\\\/www.ohis.be\\\/de\\\/produit\\\/my-verteilerblocke\\\/\",\"name\":\"MY Verteilerbl\u00f6cke - Ohis\",\"isPartOf\":{\"@id\":\"https:\\\/\\\/www.ohis.be\\\/#website\"},\"primaryImageOfPage\":{\"@id\":\"https:\\\/\\\/www.ohis.be\\\/de\\\/produit\\\/my-verteilerblocke\\\/#primaryimage\"},\"image\":{\"@id\":\"https:\\\/\\\/www.ohis.be\\\/de\\\/produit\\\/my-verteilerblocke\\\/#primaryimage\"},\"thumbnailUrl\":\"https:\\\/\\\/www.ohis.be\\\/wp-content\\\/uploads\\\/2023\\\/01\\\/yale-my2.jpg\",\"datePublished\":\"2023-01-02T11:24:31+00:00\",\"breadcrumb\":{\"@id\":\"https:\\\/\\\/www.ohis.be\\\/de\\\/produit\\\/my-verteilerblocke\\\/#breadcrumb\"},\"inLanguage\":\"de\",\"potentialAction\":[{\"@type\":\"ReadAction\",\"target\":[\"https:\\\/\\\/www.ohis.be\\\/de\\\/produit\\\/my-verteilerblocke\\\/\"]}]},{\"@type\":\"ImageObject\",\"inLanguage\":\"de\",\"@id\":\"https:\\\/\\\/www.ohis.be\\\/de\\\/produit\\\/my-verteilerblocke\\\/#primaryimage\",\"url\":\"https:\\\/\\\/www.ohis.be\\\/wp-content\\\/uploads\\\/2023\\\/01\\\/yale-my2.jpg\",\"contentUrl\":\"https:\\\/\\\/www.ohis.be\\\/wp-content\\\/uploads\\\/2023\\\/01\\\/yale-my2.jpg\",\"width\":658,\"height\":451,\"caption\":\"SPOTLIGHT 40249 -19\"},{\"@type\":\"BreadcrumbList\",\"@id\":\"https:\\\/\\\/www.ohis.be\\\/de\\\/produit\\\/my-verteilerblocke\\\/#breadcrumb\",\"itemListElement\":[{\"@type\":\"ListItem\",\"position\":1,\"name\":\"Accueil\",\"item\":\"https:\\\/\\\/www.ohis.be\\\/de\\\/\"},{\"@type\":\"ListItem\",\"position\":2,\"name\":\"Produkte\",\"item\":\"https:\\\/\\\/www.ohis.be\\\/de\\\/produkte\\\/\"},{\"@type\":\"ListItem\",\"position\":3,\"name\":\"MY Verteilerbl\u00f6cke\"}]},{\"@type\":\"WebSite\",\"@id\":\"https:\\\/\\\/www.ohis.be\\\/#website\",\"url\":\"https:\\\/\\\/www.ohis.be\\\/\",\"name\":\"Ohis\",\"description\":\"Outils de levage\",\"publisher\":{\"@id\":\"https:\\\/\\\/www.ohis.be\\\/#organization\"},\"potentialAction\":[{\"@type\":\"SearchAction\",\"target\":{\"@type\":\"EntryPoint\",\"urlTemplate\":\"https:\\\/\\\/www.ohis.be\\\/?s={search_term_string}\"},\"query-input\":{\"@type\":\"PropertyValueSpecification\",\"valueRequired\":true,\"valueName\":\"search_term_string\"}}],\"inLanguage\":\"de\"},{\"@type\":\"Organization\",\"@id\":\"https:\\\/\\\/www.ohis.be\\\/#organization\",\"name\":\"Ohis\",\"url\":\"https:\\\/\\\/www.ohis.be\\\/\",\"logo\":{\"@type\":\"ImageObject\",\"inLanguage\":\"de\",\"@id\":\"https:\\\/\\\/www.ohis.be\\\/#\\\/schema\\\/logo\\\/image\\\/\",\"url\":\"https:\\\/\\\/www.ohis.be\\\/wp-content\\\/uploads\\\/2021\\\/02\\\/logo-ohis-wit.svg\",\"contentUrl\":\"https:\\\/\\\/www.ohis.be\\\/wp-content\\\/uploads\\\/2021\\\/02\\\/logo-ohis-wit.svg\",\"caption\":\"Ohis\"},\"image\":{\"@id\":\"https:\\\/\\\/www.ohis.be\\\/#\\\/schema\\\/logo\\\/image\\\/\"}}]}<\/script>\n<!-- \/ Yoast SEO plugin. -->","yoast_head_json":{"title":"MY Verteilerbl\u00f6cke - Ohis","robots":{"index":"index","follow":"follow","max-snippet":"max-snippet:-1","max-image-preview":"max-image-preview:large","max-video-preview":"max-video-preview:-1"},"canonical":"https:\/\/www.ohis.be\/de\/produit\/my-verteilerblocke\/","og_locale":"de_DE","og_type":"article","og_title":"MY Verteilerbl\u00f6cke - Ohis","og_description":"700 bar Beim Anschluss mehrerer Zylinder werden je nach Bedarf die o. g. Verteilerbl\u00f6cke eingesetzt. Alle Verteilerbl\u00f6cke verf\u00fcgen \u00fcber 3\/8-18 NPT Innengewinde, so dass Verschraubungen, Kupplungsmuffen oder Hydraulikschl\u00e4uche problemlos eingeschraubt werden k\u00f6nnen. Zum direkten Anschrauben der Verteilerbl\u00f6cke an Handpumpen oder zum Anschluss von Absperrventilen VHM-1 verwenden Sie bitte den Doppelnippel FY-1; das Gleiche gilt, wenn die Verteilerbl\u00f6cke untereinander verbunden werden sollen. Jeder Verteilerblock wird mit drei Stahl- Verschlussstopfen geliefert, f\u00fcr den Fall, dass nicht alle Anschl\u00fcsse ben\u00f6tigt werden.","og_url":"https:\/\/www.ohis.be\/de\/produit\/my-verteilerblocke\/","og_site_name":"Ohis","og_image":[{"width":658,"height":451,"url":"https:\/\/www.ohis.be\/wp-content\/uploads\/2023\/01\/yale-my2.jpg","type":"image\/jpeg"}],"twitter_card":"summary_large_image","schema":{"@context":"https:\/\/schema.org","@graph":[{"@type":"WebPage","@id":"https:\/\/www.ohis.be\/de\/produit\/my-verteilerblocke\/","url":"https:\/\/www.ohis.be\/de\/produit\/my-verteilerblocke\/","name":"MY Verteilerbl\u00f6cke - Ohis","isPartOf":{"@id":"https:\/\/www.ohis.be\/#website"},"primaryImageOfPage":{"@id":"https:\/\/www.ohis.be\/de\/produit\/my-verteilerblocke\/#primaryimage"},"image":{"@id":"https:\/\/www.ohis.be\/de\/produit\/my-verteilerblocke\/#primaryimage"},"thumbnailUrl":"https:\/\/www.ohis.be\/wp-content\/uploads\/2023\/01\/yale-my2.jpg","datePublished":"2023-01-02T11:24:31+00:00","breadcrumb":{"@id":"https:\/\/www.ohis.be\/de\/produit\/my-verteilerblocke\/#breadcrumb"},"inLanguage":"de","potentialAction":[{"@type":"ReadAction","target":["https:\/\/www.ohis.be\/de\/produit\/my-verteilerblocke\/"]}]},{"@type":"ImageObject","inLanguage":"de","@id":"https:\/\/www.ohis.be\/de\/produit\/my-verteilerblocke\/#primaryimage","url":"https:\/\/www.ohis.be\/wp-content\/uploads\/2023\/01\/yale-my2.jpg","contentUrl":"https:\/\/www.ohis.be\/wp-content\/uploads\/2023\/01\/yale-my2.jpg","width":658,"height":451,"caption":"SPOTLIGHT 40249 -19"},{"@type":"BreadcrumbList","@id":"https:\/\/www.ohis.be\/de\/produit\/my-verteilerblocke\/#breadcrumb","itemListElement":[{"@type":"ListItem","position":1,"name":"Accueil","item":"https:\/\/www.ohis.be\/de\/"},{"@type":"ListItem","position":2,"name":"Produkte","item":"https:\/\/www.ohis.be\/de\/produkte\/"},{"@type":"ListItem","position":3,"name":"MY Verteilerbl\u00f6cke"}]},{"@type":"WebSite","@id":"https:\/\/www.ohis.be\/#website","url":"https:\/\/www.ohis.be\/","name":"Ohis","description":"Outils de levage","publisher":{"@id":"https:\/\/www.ohis.be\/#organization"},"potentialAction":[{"@type":"SearchAction","target":{"@type":"EntryPoint","urlTemplate":"https:\/\/www.ohis.be\/?s={search_term_string}"},"query-input":{"@type":"PropertyValueSpecification","valueRequired":true,"valueName":"search_term_string"}}],"inLanguage":"de"},{"@type":"Organization","@id":"https:\/\/www.ohis.be\/#organization","name":"Ohis","url":"https:\/\/www.ohis.be\/","logo":{"@type":"ImageObject","inLanguage":"de","@id":"https:\/\/www.ohis.be\/#\/schema\/logo\/image\/","url":"https:\/\/www.ohis.be\/wp-content\/uploads\/2021\/02\/logo-ohis-wit.svg","contentUrl":"https:\/\/www.ohis.be\/wp-content\/uploads\/2021\/02\/logo-ohis-wit.svg","caption":"Ohis"},"image":{"@id":"https:\/\/www.ohis.be\/#\/schema\/logo\/image\/"}}]}},"_links":{"self":[{"href":"https:\/\/www.ohis.be\/de\/wp-json\/wp\/v2\/product\/24672","targetHints":{"allow":["GET"]}}],"collection":[{"href":"https:\/\/www.ohis.be\/de\/wp-json\/wp\/v2\/product"}],"about":[{"href":"https:\/\/www.ohis.be\/de\/wp-json\/wp\/v2\/types\/product"}],"wp:featuredmedia":[{"embeddable":true,"href":"https:\/\/www.ohis.be\/de\/wp-json\/wp\/v2\/media\/22654"}],"wp:attachment":[{"href":"https:\/\/www.ohis.be\/de\/wp-json\/wp\/v2\/media?parent=24672"}],"wp:term":[{"taxonomy":"product_brand","embeddable":true,"href":"https:\/\/www.ohis.be\/de\/wp-json\/wp\/v2\/product_brand?post=24672"},{"taxonomy":"product_cat","embeddable":true,"href":"https:\/\/www.ohis.be\/de\/wp-json\/wp\/v2\/product_cat?post=24672"},{"taxonomy":"product_tag","embeddable":true,"href":"https:\/\/www.ohis.be\/de\/wp-json\/wp\/v2\/product_tag?post=24672"}],"curies":[{"name":"wp","href":"https:\/\/api.w.org\/{rel}","templated":true}]}}