{"id":24658,"date":"2023-01-02T12:32:03","date_gmt":"2023-01-02T11:32:03","guid":{"rendered":"https:\/\/www.ohis.be\/produit\/my-mehrfach-verteiler\/"},"modified":"2023-01-02T12:32:03","modified_gmt":"2023-01-02T11:32:03","slug":"my-mehrfach-verteiler","status":"publish","type":"product","link":"https:\/\/www.ohis.be\/de\/produit\/my-mehrfach-verteiler\/","title":{"rendered":"MY Mehrfach-Verteiler"},"content":{"rendered":"<p>Mit Absperrventilen, 700 bar<br \/>\nMit diesen Verteilern lassen sich die angeschlossenen Hydraulikzylinder gegeneinander absperren, so dass auch ungleiche Lasten gehoben werden k\u00f6nnen. Die Verteiler sind komplett montiert und k\u00f6nnen entweder direkt in den Kopf einer Handpumpe eingeschraubt oder aber durch einen kurzen Schlauch (z. B. HHC-10 und CFY-1) mit der Hand-, oder Elektropumpe verbunden werden.<br \/>\nDie Verteiler MY&#8230;GYA verf\u00fcgen \u00fcber eine entsprechende Anzahl Manometer (GYA-63), die ein permanentes Ablesen jeder einzelnen Auflast erm\u00f6glichen.<\/p>\n","protected":false},"excerpt":{"rendered":"<p>Mit Absperrventilen, 700 bar<br \/>\nMit diesen Verteilern lassen sich die angeschlossenen Hydraulikzylinder gegeneinander absperren, so dass auch ungleiche Lasten gehoben werden k\u00f6nnen. Die Verteiler sind komplett montiert und k\u00f6nnen entweder direkt in den Kopf einer Handpumpe eingeschraubt oder aber durch einen kurzen Schlauch (z. B. HHC-10 und CFY-1) mit der Hand-, oder Elektropumpe verbunden werden.<br \/>\nDie Verteiler MY&#8230;GYA verf\u00fcgen \u00fcber eine entsprechende Anzahl Manometer (GYA-63), die ein permanentes Ablesen jeder einzelnen Auflast erm\u00f6glichen.<\/p>\n","protected":false},"featured_media":22666,"template":"","meta":{"_acf_changed":false,"inline_featured_image":false},"product_brand":[],"product_cat":[1641,325],"product_tag":[705],"class_list":{"0":"post-24658","1":"product","2":"type-product","3":"status-publish","4":"has-post-thumbnail","6":"product_cat-hydraulische-zylinder","7":"product_cat-accesoires-de","8":"product_tag-yale-de","10":"first","11":"onbackorder","12":"taxable","13":"shipping-taxable","14":"purchasable","15":"product-type-variable"},"acf":[],"yoast_head":"<!-- This site is optimized with the Yoast SEO plugin v27.4 - https:\/\/yoast.com\/product\/yoast-seo-wordpress\/ -->\n<title>MY Mehrfach-Verteiler - Ohis<\/title>\n<meta name=\"robots\" content=\"index, follow, max-snippet:-1, max-image-preview:large, max-video-preview:-1\" \/>\n<link rel=\"canonical\" href=\"https:\/\/www.ohis.be\/de\/produit\/my-mehrfach-verteiler\/\" \/>\n<meta property=\"og:locale\" content=\"de_DE\" \/>\n<meta property=\"og:type\" content=\"article\" \/>\n<meta property=\"og:title\" content=\"MY Mehrfach-Verteiler - Ohis\" \/>\n<meta property=\"og:description\" content=\"Mit Absperrventilen, 700 bar Mit diesen Verteilern lassen sich die angeschlossenen Hydraulikzylinder gegeneinander absperren, so dass auch ungleiche Lasten gehoben werden k\u00f6nnen. Die Verteiler sind komplett montiert und k\u00f6nnen entweder direkt in den Kopf einer Handpumpe eingeschraubt oder aber durch einen kurzen Schlauch (z. B. HHC-10 und CFY-1) mit der Hand-, oder Elektropumpe verbunden werden. Die Verteiler MY...GYA verf\u00fcgen \u00fcber eine entsprechende Anzahl Manometer (GYA-63), die ein permanentes Ablesen jeder einzelnen Auflast erm\u00f6glichen.\" \/>\n<meta property=\"og:url\" content=\"https:\/\/www.ohis.be\/de\/produit\/my-mehrfach-verteiler\/\" \/>\n<meta property=\"og:site_name\" content=\"Ohis\" \/>\n<meta property=\"og:image\" content=\"https:\/\/www.ohis.be\/wp-content\/uploads\/2023\/01\/yale-my-stop2.jpg\" \/>\n\t<meta property=\"og:image:width\" content=\"525\" \/>\n\t<meta property=\"og:image:height\" content=\"380\" \/>\n\t<meta property=\"og:image:type\" content=\"image\/jpeg\" \/>\n<meta name=\"twitter:card\" content=\"summary_large_image\" \/>\n<script type=\"application\/ld+json\" class=\"yoast-schema-graph\">{\"@context\":\"https:\\\/\\\/schema.org\",\"@graph\":[{\"@type\":\"WebPage\",\"@id\":\"https:\\\/\\\/www.ohis.be\\\/de\\\/produit\\\/my-mehrfach-verteiler\\\/\",\"url\":\"https:\\\/\\\/www.ohis.be\\\/de\\\/produit\\\/my-mehrfach-verteiler\\\/\",\"name\":\"MY Mehrfach-Verteiler - Ohis\",\"isPartOf\":{\"@id\":\"https:\\\/\\\/www.ohis.be\\\/#website\"},\"primaryImageOfPage\":{\"@id\":\"https:\\\/\\\/www.ohis.be\\\/de\\\/produit\\\/my-mehrfach-verteiler\\\/#primaryimage\"},\"image\":{\"@id\":\"https:\\\/\\\/www.ohis.be\\\/de\\\/produit\\\/my-mehrfach-verteiler\\\/#primaryimage\"},\"thumbnailUrl\":\"https:\\\/\\\/www.ohis.be\\\/wp-content\\\/uploads\\\/2023\\\/01\\\/yale-my-stop2.jpg\",\"datePublished\":\"2023-01-02T11:32:03+00:00\",\"breadcrumb\":{\"@id\":\"https:\\\/\\\/www.ohis.be\\\/de\\\/produit\\\/my-mehrfach-verteiler\\\/#breadcrumb\"},\"inLanguage\":\"de\",\"potentialAction\":[{\"@type\":\"ReadAction\",\"target\":[\"https:\\\/\\\/www.ohis.be\\\/de\\\/produit\\\/my-mehrfach-verteiler\\\/\"]}]},{\"@type\":\"ImageObject\",\"inLanguage\":\"de\",\"@id\":\"https:\\\/\\\/www.ohis.be\\\/de\\\/produit\\\/my-mehrfach-verteiler\\\/#primaryimage\",\"url\":\"https:\\\/\\\/www.ohis.be\\\/wp-content\\\/uploads\\\/2023\\\/01\\\/yale-my-stop2.jpg\",\"contentUrl\":\"https:\\\/\\\/www.ohis.be\\\/wp-content\\\/uploads\\\/2023\\\/01\\\/yale-my-stop2.jpg\",\"width\":525,\"height\":380,\"caption\":\"SPOTLIGHT 40249 -21\"},{\"@type\":\"BreadcrumbList\",\"@id\":\"https:\\\/\\\/www.ohis.be\\\/de\\\/produit\\\/my-mehrfach-verteiler\\\/#breadcrumb\",\"itemListElement\":[{\"@type\":\"ListItem\",\"position\":1,\"name\":\"Accueil\",\"item\":\"https:\\\/\\\/www.ohis.be\\\/de\\\/\"},{\"@type\":\"ListItem\",\"position\":2,\"name\":\"Produkte\",\"item\":\"https:\\\/\\\/www.ohis.be\\\/de\\\/produkte\\\/\"},{\"@type\":\"ListItem\",\"position\":3,\"name\":\"MY Mehrfach-Verteiler\"}]},{\"@type\":\"WebSite\",\"@id\":\"https:\\\/\\\/www.ohis.be\\\/#website\",\"url\":\"https:\\\/\\\/www.ohis.be\\\/\",\"name\":\"Ohis\",\"description\":\"Outils de levage\",\"publisher\":{\"@id\":\"https:\\\/\\\/www.ohis.be\\\/#organization\"},\"potentialAction\":[{\"@type\":\"SearchAction\",\"target\":{\"@type\":\"EntryPoint\",\"urlTemplate\":\"https:\\\/\\\/www.ohis.be\\\/?s={search_term_string}\"},\"query-input\":{\"@type\":\"PropertyValueSpecification\",\"valueRequired\":true,\"valueName\":\"search_term_string\"}}],\"inLanguage\":\"de\"},{\"@type\":\"Organization\",\"@id\":\"https:\\\/\\\/www.ohis.be\\\/#organization\",\"name\":\"Ohis\",\"url\":\"https:\\\/\\\/www.ohis.be\\\/\",\"logo\":{\"@type\":\"ImageObject\",\"inLanguage\":\"de\",\"@id\":\"https:\\\/\\\/www.ohis.be\\\/#\\\/schema\\\/logo\\\/image\\\/\",\"url\":\"https:\\\/\\\/www.ohis.be\\\/wp-content\\\/uploads\\\/2021\\\/02\\\/logo-ohis-wit.svg\",\"contentUrl\":\"https:\\\/\\\/www.ohis.be\\\/wp-content\\\/uploads\\\/2021\\\/02\\\/logo-ohis-wit.svg\",\"caption\":\"Ohis\"},\"image\":{\"@id\":\"https:\\\/\\\/www.ohis.be\\\/#\\\/schema\\\/logo\\\/image\\\/\"}}]}<\/script>\n<!-- \/ Yoast SEO plugin. -->","yoast_head_json":{"title":"MY Mehrfach-Verteiler - Ohis","robots":{"index":"index","follow":"follow","max-snippet":"max-snippet:-1","max-image-preview":"max-image-preview:large","max-video-preview":"max-video-preview:-1"},"canonical":"https:\/\/www.ohis.be\/de\/produit\/my-mehrfach-verteiler\/","og_locale":"de_DE","og_type":"article","og_title":"MY Mehrfach-Verteiler - Ohis","og_description":"Mit Absperrventilen, 700 bar Mit diesen Verteilern lassen sich die angeschlossenen Hydraulikzylinder gegeneinander absperren, so dass auch ungleiche Lasten gehoben werden k\u00f6nnen. Die Verteiler sind komplett montiert und k\u00f6nnen entweder direkt in den Kopf einer Handpumpe eingeschraubt oder aber durch einen kurzen Schlauch (z. B. HHC-10 und CFY-1) mit der Hand-, oder Elektropumpe verbunden werden. Die Verteiler MY...GYA verf\u00fcgen \u00fcber eine entsprechende Anzahl Manometer (GYA-63), die ein permanentes Ablesen jeder einzelnen Auflast erm\u00f6glichen.","og_url":"https:\/\/www.ohis.be\/de\/produit\/my-mehrfach-verteiler\/","og_site_name":"Ohis","og_image":[{"width":525,"height":380,"url":"https:\/\/www.ohis.be\/wp-content\/uploads\/2023\/01\/yale-my-stop2.jpg","type":"image\/jpeg"}],"twitter_card":"summary_large_image","schema":{"@context":"https:\/\/schema.org","@graph":[{"@type":"WebPage","@id":"https:\/\/www.ohis.be\/de\/produit\/my-mehrfach-verteiler\/","url":"https:\/\/www.ohis.be\/de\/produit\/my-mehrfach-verteiler\/","name":"MY Mehrfach-Verteiler - Ohis","isPartOf":{"@id":"https:\/\/www.ohis.be\/#website"},"primaryImageOfPage":{"@id":"https:\/\/www.ohis.be\/de\/produit\/my-mehrfach-verteiler\/#primaryimage"},"image":{"@id":"https:\/\/www.ohis.be\/de\/produit\/my-mehrfach-verteiler\/#primaryimage"},"thumbnailUrl":"https:\/\/www.ohis.be\/wp-content\/uploads\/2023\/01\/yale-my-stop2.jpg","datePublished":"2023-01-02T11:32:03+00:00","breadcrumb":{"@id":"https:\/\/www.ohis.be\/de\/produit\/my-mehrfach-verteiler\/#breadcrumb"},"inLanguage":"de","potentialAction":[{"@type":"ReadAction","target":["https:\/\/www.ohis.be\/de\/produit\/my-mehrfach-verteiler\/"]}]},{"@type":"ImageObject","inLanguage":"de","@id":"https:\/\/www.ohis.be\/de\/produit\/my-mehrfach-verteiler\/#primaryimage","url":"https:\/\/www.ohis.be\/wp-content\/uploads\/2023\/01\/yale-my-stop2.jpg","contentUrl":"https:\/\/www.ohis.be\/wp-content\/uploads\/2023\/01\/yale-my-stop2.jpg","width":525,"height":380,"caption":"SPOTLIGHT 40249 -21"},{"@type":"BreadcrumbList","@id":"https:\/\/www.ohis.be\/de\/produit\/my-mehrfach-verteiler\/#breadcrumb","itemListElement":[{"@type":"ListItem","position":1,"name":"Accueil","item":"https:\/\/www.ohis.be\/de\/"},{"@type":"ListItem","position":2,"name":"Produkte","item":"https:\/\/www.ohis.be\/de\/produkte\/"},{"@type":"ListItem","position":3,"name":"MY Mehrfach-Verteiler"}]},{"@type":"WebSite","@id":"https:\/\/www.ohis.be\/#website","url":"https:\/\/www.ohis.be\/","name":"Ohis","description":"Outils de levage","publisher":{"@id":"https:\/\/www.ohis.be\/#organization"},"potentialAction":[{"@type":"SearchAction","target":{"@type":"EntryPoint","urlTemplate":"https:\/\/www.ohis.be\/?s={search_term_string}"},"query-input":{"@type":"PropertyValueSpecification","valueRequired":true,"valueName":"search_term_string"}}],"inLanguage":"de"},{"@type":"Organization","@id":"https:\/\/www.ohis.be\/#organization","name":"Ohis","url":"https:\/\/www.ohis.be\/","logo":{"@type":"ImageObject","inLanguage":"de","@id":"https:\/\/www.ohis.be\/#\/schema\/logo\/image\/","url":"https:\/\/www.ohis.be\/wp-content\/uploads\/2021\/02\/logo-ohis-wit.svg","contentUrl":"https:\/\/www.ohis.be\/wp-content\/uploads\/2021\/02\/logo-ohis-wit.svg","caption":"Ohis"},"image":{"@id":"https:\/\/www.ohis.be\/#\/schema\/logo\/image\/"}}]}},"_links":{"self":[{"href":"https:\/\/www.ohis.be\/de\/wp-json\/wp\/v2\/product\/24658","targetHints":{"allow":["GET"]}}],"collection":[{"href":"https:\/\/www.ohis.be\/de\/wp-json\/wp\/v2\/product"}],"about":[{"href":"https:\/\/www.ohis.be\/de\/wp-json\/wp\/v2\/types\/product"}],"wp:featuredmedia":[{"embeddable":true,"href":"https:\/\/www.ohis.be\/de\/wp-json\/wp\/v2\/media\/22666"}],"wp:attachment":[{"href":"https:\/\/www.ohis.be\/de\/wp-json\/wp\/v2\/media?parent=24658"}],"wp:term":[{"taxonomy":"product_brand","embeddable":true,"href":"https:\/\/www.ohis.be\/de\/wp-json\/wp\/v2\/product_brand?post=24658"},{"taxonomy":"product_cat","embeddable":true,"href":"https:\/\/www.ohis.be\/de\/wp-json\/wp\/v2\/product_cat?post=24658"},{"taxonomy":"product_tag","embeddable":true,"href":"https:\/\/www.ohis.be\/de\/wp-json\/wp\/v2\/product_tag?post=24658"}],"curies":[{"name":"wp","href":"https:\/\/api.w.org\/{rel}","templated":true}]}}