{"id":24656,"date":"2023-01-02T12:35:35","date_gmt":"2023-01-02T11:35:35","guid":{"rendered":"https:\/\/www.ohis.be\/produit\/hpk-10-transportkoffer\/"},"modified":"2023-01-02T12:35:35","modified_gmt":"2023-01-02T11:35:35","slug":"hpk-10-transportkoffer","status":"publish","type":"product","link":"https:\/\/www.ohis.be\/de\/produit\/hpk-10-transportkoffer\/","title":{"rendered":"HPK-10 Transportkoffer"},"content":{"rendered":"<p>F\u00fcr Handpumpen, Hydraulikzylinder und Zubeh\u00f6r<br \/>\nF\u00fcr den einfachen Transport und zur sicheren Aufbewahrung kann dieser Transportkoffer z. B. eine Handpumpe mit Manometer und Hydraulikschlauch sowie mehrere Hydraulikzylinder aufnehmen.<br \/>\nDer Stahlblechkoffer verf\u00fcgt \u00fcber zwei Schlie\u00dfen und einen stabilen Tragegriff.<br \/>\nAbmessungen (L x B x H): 800 x 300 x 170 mm,<br \/>\nGewicht: ca. 7,8 kg.<\/p>\n","protected":false},"excerpt":{"rendered":"<p>F\u00fcr Handpumpen, Hydraulikzylinder und Zubeh\u00f6r<br \/>\nF\u00fcr den einfachen Transport und zur sicheren Aufbewahrung kann dieser Transportkoffer z. B. eine Handpumpe mit Manometer und Hydraulikschlauch sowie mehrere Hydraulikzylinder aufnehmen.<br \/>\nDer Stahlblechkoffer verf\u00fcgt \u00fcber zwei Schlie\u00dfen und einen stabilen Tragegriff.<br \/>\nAbmessungen (L x B x H): 800 x 300 x 170 mm,<br \/>\nGewicht: ca. 7,8 kg.<\/p>\n","protected":false},"featured_media":22646,"template":"","meta":{"_acf_changed":false,"inline_featured_image":false},"product_brand":[],"product_cat":[1641,325],"product_tag":[705],"class_list":{"0":"post-24656","1":"product","2":"type-product","3":"status-publish","4":"has-post-thumbnail","6":"product_cat-hydraulische-zylinder","7":"product_cat-accesoires-de","8":"product_tag-yale-de","10":"first","11":"onbackorder","12":"taxable","13":"shipping-taxable","14":"purchasable","15":"product-type-simple"},"acf":[],"yoast_head":"<!-- This site is optimized with the Yoast SEO plugin v27.4 - https:\/\/yoast.com\/product\/yoast-seo-wordpress\/ -->\n<title>HPK-10 Transportkoffer - Ohis<\/title>\n<meta name=\"robots\" content=\"index, follow, max-snippet:-1, max-image-preview:large, max-video-preview:-1\" \/>\n<link rel=\"canonical\" href=\"https:\/\/www.ohis.be\/de\/produit\/hpk-10-transportkoffer\/\" \/>\n<meta property=\"og:locale\" content=\"de_DE\" \/>\n<meta property=\"og:type\" content=\"article\" \/>\n<meta property=\"og:title\" content=\"HPK-10 Transportkoffer - Ohis\" \/>\n<meta property=\"og:description\" content=\"F\u00fcr Handpumpen, Hydraulikzylinder und Zubeh\u00f6r F\u00fcr den einfachen Transport und zur sicheren Aufbewahrung kann dieser Transportkoffer z. B. eine Handpumpe mit Manometer und Hydraulikschlauch sowie mehrere Hydraulikzylinder aufnehmen. Der Stahlblechkoffer verf\u00fcgt \u00fcber zwei Schlie\u00dfen und einen stabilen Tragegriff. Abmessungen (L x B x H): 800 x 300 x 170 mm, Gewicht: ca. 7,8 kg.\" \/>\n<meta property=\"og:url\" content=\"https:\/\/www.ohis.be\/de\/produit\/hpk-10-transportkoffer\/\" \/>\n<meta property=\"og:site_name\" content=\"Ohis\" \/>\n<meta property=\"og:image\" content=\"https:\/\/www.ohis.be\/wp-content\/uploads\/2023\/01\/yale-hpk10.jpg\" \/>\n\t<meta property=\"og:image:width\" content=\"1196\" \/>\n\t<meta property=\"og:image:height\" content=\"821\" \/>\n\t<meta property=\"og:image:type\" content=\"image\/jpeg\" \/>\n<meta name=\"twitter:card\" content=\"summary_large_image\" \/>\n<script type=\"application\/ld+json\" class=\"yoast-schema-graph\">{\"@context\":\"https:\\\/\\\/schema.org\",\"@graph\":[{\"@type\":\"WebPage\",\"@id\":\"https:\\\/\\\/www.ohis.be\\\/de\\\/produit\\\/hpk-10-transportkoffer\\\/\",\"url\":\"https:\\\/\\\/www.ohis.be\\\/de\\\/produit\\\/hpk-10-transportkoffer\\\/\",\"name\":\"HPK-10 Transportkoffer - Ohis\",\"isPartOf\":{\"@id\":\"https:\\\/\\\/www.ohis.be\\\/#website\"},\"primaryImageOfPage\":{\"@id\":\"https:\\\/\\\/www.ohis.be\\\/de\\\/produit\\\/hpk-10-transportkoffer\\\/#primaryimage\"},\"image\":{\"@id\":\"https:\\\/\\\/www.ohis.be\\\/de\\\/produit\\\/hpk-10-transportkoffer\\\/#primaryimage\"},\"thumbnailUrl\":\"https:\\\/\\\/www.ohis.be\\\/wp-content\\\/uploads\\\/2023\\\/01\\\/yale-hpk10.jpg\",\"datePublished\":\"2023-01-02T11:35:35+00:00\",\"breadcrumb\":{\"@id\":\"https:\\\/\\\/www.ohis.be\\\/de\\\/produit\\\/hpk-10-transportkoffer\\\/#breadcrumb\"},\"inLanguage\":\"de\",\"potentialAction\":[{\"@type\":\"ReadAction\",\"target\":[\"https:\\\/\\\/www.ohis.be\\\/de\\\/produit\\\/hpk-10-transportkoffer\\\/\"]}]},{\"@type\":\"ImageObject\",\"inLanguage\":\"de\",\"@id\":\"https:\\\/\\\/www.ohis.be\\\/de\\\/produit\\\/hpk-10-transportkoffer\\\/#primaryimage\",\"url\":\"https:\\\/\\\/www.ohis.be\\\/wp-content\\\/uploads\\\/2023\\\/01\\\/yale-hpk10.jpg\",\"contentUrl\":\"https:\\\/\\\/www.ohis.be\\\/wp-content\\\/uploads\\\/2023\\\/01\\\/yale-hpk10.jpg\",\"width\":1196,\"height\":821},{\"@type\":\"BreadcrumbList\",\"@id\":\"https:\\\/\\\/www.ohis.be\\\/de\\\/produit\\\/hpk-10-transportkoffer\\\/#breadcrumb\",\"itemListElement\":[{\"@type\":\"ListItem\",\"position\":1,\"name\":\"Accueil\",\"item\":\"https:\\\/\\\/www.ohis.be\\\/de\\\/\"},{\"@type\":\"ListItem\",\"position\":2,\"name\":\"Produkte\",\"item\":\"https:\\\/\\\/www.ohis.be\\\/de\\\/produkte\\\/\"},{\"@type\":\"ListItem\",\"position\":3,\"name\":\"HPK-10 Transportkoffer\"}]},{\"@type\":\"WebSite\",\"@id\":\"https:\\\/\\\/www.ohis.be\\\/#website\",\"url\":\"https:\\\/\\\/www.ohis.be\\\/\",\"name\":\"Ohis\",\"description\":\"Outils de levage\",\"publisher\":{\"@id\":\"https:\\\/\\\/www.ohis.be\\\/#organization\"},\"potentialAction\":[{\"@type\":\"SearchAction\",\"target\":{\"@type\":\"EntryPoint\",\"urlTemplate\":\"https:\\\/\\\/www.ohis.be\\\/?s={search_term_string}\"},\"query-input\":{\"@type\":\"PropertyValueSpecification\",\"valueRequired\":true,\"valueName\":\"search_term_string\"}}],\"inLanguage\":\"de\"},{\"@type\":\"Organization\",\"@id\":\"https:\\\/\\\/www.ohis.be\\\/#organization\",\"name\":\"Ohis\",\"url\":\"https:\\\/\\\/www.ohis.be\\\/\",\"logo\":{\"@type\":\"ImageObject\",\"inLanguage\":\"de\",\"@id\":\"https:\\\/\\\/www.ohis.be\\\/#\\\/schema\\\/logo\\\/image\\\/\",\"url\":\"https:\\\/\\\/www.ohis.be\\\/wp-content\\\/uploads\\\/2021\\\/02\\\/logo-ohis-wit.svg\",\"contentUrl\":\"https:\\\/\\\/www.ohis.be\\\/wp-content\\\/uploads\\\/2021\\\/02\\\/logo-ohis-wit.svg\",\"caption\":\"Ohis\"},\"image\":{\"@id\":\"https:\\\/\\\/www.ohis.be\\\/#\\\/schema\\\/logo\\\/image\\\/\"}}]}<\/script>\n<!-- \/ Yoast SEO plugin. -->","yoast_head_json":{"title":"HPK-10 Transportkoffer - Ohis","robots":{"index":"index","follow":"follow","max-snippet":"max-snippet:-1","max-image-preview":"max-image-preview:large","max-video-preview":"max-video-preview:-1"},"canonical":"https:\/\/www.ohis.be\/de\/produit\/hpk-10-transportkoffer\/","og_locale":"de_DE","og_type":"article","og_title":"HPK-10 Transportkoffer - Ohis","og_description":"F\u00fcr Handpumpen, Hydraulikzylinder und Zubeh\u00f6r F\u00fcr den einfachen Transport und zur sicheren Aufbewahrung kann dieser Transportkoffer z. B. eine Handpumpe mit Manometer und Hydraulikschlauch sowie mehrere Hydraulikzylinder aufnehmen. Der Stahlblechkoffer verf\u00fcgt \u00fcber zwei Schlie\u00dfen und einen stabilen Tragegriff. Abmessungen (L x B x H): 800 x 300 x 170 mm, Gewicht: ca. 7,8 kg.","og_url":"https:\/\/www.ohis.be\/de\/produit\/hpk-10-transportkoffer\/","og_site_name":"Ohis","og_image":[{"width":1196,"height":821,"url":"https:\/\/www.ohis.be\/wp-content\/uploads\/2023\/01\/yale-hpk10.jpg","type":"image\/jpeg"}],"twitter_card":"summary_large_image","schema":{"@context":"https:\/\/schema.org","@graph":[{"@type":"WebPage","@id":"https:\/\/www.ohis.be\/de\/produit\/hpk-10-transportkoffer\/","url":"https:\/\/www.ohis.be\/de\/produit\/hpk-10-transportkoffer\/","name":"HPK-10 Transportkoffer - Ohis","isPartOf":{"@id":"https:\/\/www.ohis.be\/#website"},"primaryImageOfPage":{"@id":"https:\/\/www.ohis.be\/de\/produit\/hpk-10-transportkoffer\/#primaryimage"},"image":{"@id":"https:\/\/www.ohis.be\/de\/produit\/hpk-10-transportkoffer\/#primaryimage"},"thumbnailUrl":"https:\/\/www.ohis.be\/wp-content\/uploads\/2023\/01\/yale-hpk10.jpg","datePublished":"2023-01-02T11:35:35+00:00","breadcrumb":{"@id":"https:\/\/www.ohis.be\/de\/produit\/hpk-10-transportkoffer\/#breadcrumb"},"inLanguage":"de","potentialAction":[{"@type":"ReadAction","target":["https:\/\/www.ohis.be\/de\/produit\/hpk-10-transportkoffer\/"]}]},{"@type":"ImageObject","inLanguage":"de","@id":"https:\/\/www.ohis.be\/de\/produit\/hpk-10-transportkoffer\/#primaryimage","url":"https:\/\/www.ohis.be\/wp-content\/uploads\/2023\/01\/yale-hpk10.jpg","contentUrl":"https:\/\/www.ohis.be\/wp-content\/uploads\/2023\/01\/yale-hpk10.jpg","width":1196,"height":821},{"@type":"BreadcrumbList","@id":"https:\/\/www.ohis.be\/de\/produit\/hpk-10-transportkoffer\/#breadcrumb","itemListElement":[{"@type":"ListItem","position":1,"name":"Accueil","item":"https:\/\/www.ohis.be\/de\/"},{"@type":"ListItem","position":2,"name":"Produkte","item":"https:\/\/www.ohis.be\/de\/produkte\/"},{"@type":"ListItem","position":3,"name":"HPK-10 Transportkoffer"}]},{"@type":"WebSite","@id":"https:\/\/www.ohis.be\/#website","url":"https:\/\/www.ohis.be\/","name":"Ohis","description":"Outils de levage","publisher":{"@id":"https:\/\/www.ohis.be\/#organization"},"potentialAction":[{"@type":"SearchAction","target":{"@type":"EntryPoint","urlTemplate":"https:\/\/www.ohis.be\/?s={search_term_string}"},"query-input":{"@type":"PropertyValueSpecification","valueRequired":true,"valueName":"search_term_string"}}],"inLanguage":"de"},{"@type":"Organization","@id":"https:\/\/www.ohis.be\/#organization","name":"Ohis","url":"https:\/\/www.ohis.be\/","logo":{"@type":"ImageObject","inLanguage":"de","@id":"https:\/\/www.ohis.be\/#\/schema\/logo\/image\/","url":"https:\/\/www.ohis.be\/wp-content\/uploads\/2021\/02\/logo-ohis-wit.svg","contentUrl":"https:\/\/www.ohis.be\/wp-content\/uploads\/2021\/02\/logo-ohis-wit.svg","caption":"Ohis"},"image":{"@id":"https:\/\/www.ohis.be\/#\/schema\/logo\/image\/"}}]}},"_links":{"self":[{"href":"https:\/\/www.ohis.be\/de\/wp-json\/wp\/v2\/product\/24656","targetHints":{"allow":["GET"]}}],"collection":[{"href":"https:\/\/www.ohis.be\/de\/wp-json\/wp\/v2\/product"}],"about":[{"href":"https:\/\/www.ohis.be\/de\/wp-json\/wp\/v2\/types\/product"}],"wp:featuredmedia":[{"embeddable":true,"href":"https:\/\/www.ohis.be\/de\/wp-json\/wp\/v2\/media\/22646"}],"wp:attachment":[{"href":"https:\/\/www.ohis.be\/de\/wp-json\/wp\/v2\/media?parent=24656"}],"wp:term":[{"taxonomy":"product_brand","embeddable":true,"href":"https:\/\/www.ohis.be\/de\/wp-json\/wp\/v2\/product_brand?post=24656"},{"taxonomy":"product_cat","embeddable":true,"href":"https:\/\/www.ohis.be\/de\/wp-json\/wp\/v2\/product_cat?post=24656"},{"taxonomy":"product_tag","embeddable":true,"href":"https:\/\/www.ohis.be\/de\/wp-json\/wp\/v2\/product_tag?post=24656"}],"curies":[{"name":"wp","href":"https:\/\/api.w.org\/{rel}","templated":true}]}}