{"id":24635,"date":"2023-01-02T13:02:55","date_gmt":"2023-01-02T12:02:55","guid":{"rendered":"https:\/\/www.ohis.be\/produit\/ggy-1001-sz\/"},"modified":"2023-01-02T13:02:55","modified_gmt":"2023-01-02T12:02:55","slug":"ggy-1001-sz","status":"publish","type":"product","link":"https:\/\/www.ohis.be\/de\/produit\/ggy-1001-sz\/","title":{"rendered":"GGY-1001 SZ Manometer  mit Schleppzeiger"},"content":{"rendered":"<p>Manometer  mit Schleppzeiger.<br \/>\nDer Einsatz von Manometern empfiehlt sich immer, wenn der Betriebsdruck, und damit die Kraft der angeschlossenen Hydraulikzylinder, abgelesen werden soll.<br \/>\nYale Manometer verf\u00fcgen \u00fcber ein Edelstahlgeh\u00e4use und eine Acrylglassichtscheibe und sind zur besseren D\u00e4mpfung mit Glyzerin gef\u00fcllt. Dadurch ergibt sich eine hohe Lebensdauer und eine genaue Ablesem\u00f6glichkeit. Auch beim Einsatz von Motorpumpen vibriert der Zeiger nicht.<br \/>\nZur Umrechnung der entsprechenden Druckkr\u00e4fte der Yale Hydraulikzylinder stellen wir kostenlos Umrechnungstabellen zur Verf\u00fcgung.<\/p>\n","protected":false},"excerpt":{"rendered":"<p>Manometer  mit Schleppzeiger.<br \/>\nDer Einsatz von Manometern empfiehlt sich immer, wenn der Betriebsdruck, und damit die Kraft der angeschlossenen Hydraulikzylinder, abgelesen werden soll.<br \/>\nYale Manometer verf\u00fcgen \u00fcber ein Edelstahlgeh\u00e4use und eine Acrylglassichtscheibe und sind zur besseren D\u00e4mpfung mit Glyzerin gef\u00fcllt. Dadurch ergibt sich eine hohe Lebensdauer und eine genaue Ablesem\u00f6glichkeit. Auch beim Einsatz von Motorpumpen vibriert der Zeiger nicht.<br \/>\nZur Umrechnung der entsprechenden Druckkr\u00e4fte der Yale Hydraulikzylinder stellen wir kostenlos Umrechnungstabellen zur Verf\u00fcgung.<\/p>\n","protected":false},"featured_media":22630,"template":"","meta":{"_acf_changed":false,"inline_featured_image":false},"product_brand":[],"product_cat":[1641,325],"product_tag":[705],"class_list":{"0":"post-24635","1":"product","2":"type-product","3":"status-publish","4":"has-post-thumbnail","6":"product_cat-hydraulische-zylinder","7":"product_cat-accesoires-de","8":"product_tag-yale-de","10":"first","11":"onbackorder","12":"taxable","13":"shipping-taxable","14":"purchasable","15":"product-type-simple"},"acf":[],"yoast_head":"<!-- This site is optimized with the Yoast SEO plugin v27.4 - https:\/\/yoast.com\/product\/yoast-seo-wordpress\/ -->\n<title>GGY-1001 SZ Manometer mit Schleppzeiger - Ohis<\/title>\n<meta name=\"robots\" content=\"index, follow, max-snippet:-1, max-image-preview:large, max-video-preview:-1\" \/>\n<link rel=\"canonical\" href=\"https:\/\/www.ohis.be\/de\/produit\/ggy-1001-sz\/\" \/>\n<meta property=\"og:locale\" content=\"de_DE\" \/>\n<meta property=\"og:type\" content=\"article\" \/>\n<meta property=\"og:title\" content=\"GGY-1001 SZ Manometer mit Schleppzeiger - Ohis\" \/>\n<meta property=\"og:description\" content=\"Manometer mit Schleppzeiger. Der Einsatz von Manometern empfiehlt sich immer, wenn der Betriebsdruck, und damit die Kraft der angeschlossenen Hydraulikzylinder, abgelesen werden soll. Yale Manometer verf\u00fcgen \u00fcber ein Edelstahlgeh\u00e4use und eine Acrylglassichtscheibe und sind zur besseren D\u00e4mpfung mit Glyzerin gef\u00fcllt. Dadurch ergibt sich eine hohe Lebensdauer und eine genaue Ablesem\u00f6glichkeit. Auch beim Einsatz von Motorpumpen vibriert der Zeiger nicht. Zur Umrechnung der entsprechenden Druckkr\u00e4fte der Yale Hydraulikzylinder stellen wir kostenlos Umrechnungstabellen zur Verf\u00fcgung.\" \/>\n<meta property=\"og:url\" content=\"https:\/\/www.ohis.be\/de\/produit\/ggy-1001-sz\/\" \/>\n<meta property=\"og:site_name\" content=\"Ohis\" \/>\n<meta property=\"og:image\" content=\"https:\/\/www.ohis.be\/wp-content\/uploads\/2023\/01\/yale-ggy.jpg\" \/>\n\t<meta property=\"og:image:width\" content=\"786\" \/>\n\t<meta property=\"og:image:height\" content=\"519\" \/>\n\t<meta property=\"og:image:type\" content=\"image\/jpeg\" \/>\n<meta name=\"twitter:card\" content=\"summary_large_image\" \/>\n<script type=\"application\/ld+json\" class=\"yoast-schema-graph\">{\"@context\":\"https:\\\/\\\/schema.org\",\"@graph\":[{\"@type\":\"WebPage\",\"@id\":\"https:\\\/\\\/www.ohis.be\\\/de\\\/produit\\\/ggy-1001-sz\\\/\",\"url\":\"https:\\\/\\\/www.ohis.be\\\/de\\\/produit\\\/ggy-1001-sz\\\/\",\"name\":\"GGY-1001 SZ Manometer mit Schleppzeiger - Ohis\",\"isPartOf\":{\"@id\":\"https:\\\/\\\/www.ohis.be\\\/#website\"},\"primaryImageOfPage\":{\"@id\":\"https:\\\/\\\/www.ohis.be\\\/de\\\/produit\\\/ggy-1001-sz\\\/#primaryimage\"},\"image\":{\"@id\":\"https:\\\/\\\/www.ohis.be\\\/de\\\/produit\\\/ggy-1001-sz\\\/#primaryimage\"},\"thumbnailUrl\":\"https:\\\/\\\/www.ohis.be\\\/wp-content\\\/uploads\\\/2023\\\/01\\\/yale-ggy.jpg\",\"datePublished\":\"2023-01-02T12:02:55+00:00\",\"breadcrumb\":{\"@id\":\"https:\\\/\\\/www.ohis.be\\\/de\\\/produit\\\/ggy-1001-sz\\\/#breadcrumb\"},\"inLanguage\":\"de\",\"potentialAction\":[{\"@type\":\"ReadAction\",\"target\":[\"https:\\\/\\\/www.ohis.be\\\/de\\\/produit\\\/ggy-1001-sz\\\/\"]}]},{\"@type\":\"ImageObject\",\"inLanguage\":\"de\",\"@id\":\"https:\\\/\\\/www.ohis.be\\\/de\\\/produit\\\/ggy-1001-sz\\\/#primaryimage\",\"url\":\"https:\\\/\\\/www.ohis.be\\\/wp-content\\\/uploads\\\/2023\\\/01\\\/yale-ggy.jpg\",\"contentUrl\":\"https:\\\/\\\/www.ohis.be\\\/wp-content\\\/uploads\\\/2023\\\/01\\\/yale-ggy.jpg\",\"width\":786,\"height\":519},{\"@type\":\"BreadcrumbList\",\"@id\":\"https:\\\/\\\/www.ohis.be\\\/de\\\/produit\\\/ggy-1001-sz\\\/#breadcrumb\",\"itemListElement\":[{\"@type\":\"ListItem\",\"position\":1,\"name\":\"Accueil\",\"item\":\"https:\\\/\\\/www.ohis.be\\\/de\\\/\"},{\"@type\":\"ListItem\",\"position\":2,\"name\":\"Produkte\",\"item\":\"https:\\\/\\\/www.ohis.be\\\/de\\\/produkte\\\/\"},{\"@type\":\"ListItem\",\"position\":3,\"name\":\"GGY-1001 SZ Manometer mit Schleppzeiger\"}]},{\"@type\":\"WebSite\",\"@id\":\"https:\\\/\\\/www.ohis.be\\\/#website\",\"url\":\"https:\\\/\\\/www.ohis.be\\\/\",\"name\":\"Ohis\",\"description\":\"Outils de levage\",\"publisher\":{\"@id\":\"https:\\\/\\\/www.ohis.be\\\/#organization\"},\"potentialAction\":[{\"@type\":\"SearchAction\",\"target\":{\"@type\":\"EntryPoint\",\"urlTemplate\":\"https:\\\/\\\/www.ohis.be\\\/?s={search_term_string}\"},\"query-input\":{\"@type\":\"PropertyValueSpecification\",\"valueRequired\":true,\"valueName\":\"search_term_string\"}}],\"inLanguage\":\"de\"},{\"@type\":\"Organization\",\"@id\":\"https:\\\/\\\/www.ohis.be\\\/#organization\",\"name\":\"Ohis\",\"url\":\"https:\\\/\\\/www.ohis.be\\\/\",\"logo\":{\"@type\":\"ImageObject\",\"inLanguage\":\"de\",\"@id\":\"https:\\\/\\\/www.ohis.be\\\/#\\\/schema\\\/logo\\\/image\\\/\",\"url\":\"https:\\\/\\\/www.ohis.be\\\/wp-content\\\/uploads\\\/2021\\\/02\\\/logo-ohis-wit.svg\",\"contentUrl\":\"https:\\\/\\\/www.ohis.be\\\/wp-content\\\/uploads\\\/2021\\\/02\\\/logo-ohis-wit.svg\",\"caption\":\"Ohis\"},\"image\":{\"@id\":\"https:\\\/\\\/www.ohis.be\\\/#\\\/schema\\\/logo\\\/image\\\/\"}}]}<\/script>\n<!-- \/ Yoast SEO plugin. -->","yoast_head_json":{"title":"GGY-1001 SZ Manometer mit Schleppzeiger - Ohis","robots":{"index":"index","follow":"follow","max-snippet":"max-snippet:-1","max-image-preview":"max-image-preview:large","max-video-preview":"max-video-preview:-1"},"canonical":"https:\/\/www.ohis.be\/de\/produit\/ggy-1001-sz\/","og_locale":"de_DE","og_type":"article","og_title":"GGY-1001 SZ Manometer mit Schleppzeiger - Ohis","og_description":"Manometer mit Schleppzeiger. Der Einsatz von Manometern empfiehlt sich immer, wenn der Betriebsdruck, und damit die Kraft der angeschlossenen Hydraulikzylinder, abgelesen werden soll. Yale Manometer verf\u00fcgen \u00fcber ein Edelstahlgeh\u00e4use und eine Acrylglassichtscheibe und sind zur besseren D\u00e4mpfung mit Glyzerin gef\u00fcllt. Dadurch ergibt sich eine hohe Lebensdauer und eine genaue Ablesem\u00f6glichkeit. Auch beim Einsatz von Motorpumpen vibriert der Zeiger nicht. Zur Umrechnung der entsprechenden Druckkr\u00e4fte der Yale Hydraulikzylinder stellen wir kostenlos Umrechnungstabellen zur Verf\u00fcgung.","og_url":"https:\/\/www.ohis.be\/de\/produit\/ggy-1001-sz\/","og_site_name":"Ohis","og_image":[{"width":786,"height":519,"url":"https:\/\/www.ohis.be\/wp-content\/uploads\/2023\/01\/yale-ggy.jpg","type":"image\/jpeg"}],"twitter_card":"summary_large_image","schema":{"@context":"https:\/\/schema.org","@graph":[{"@type":"WebPage","@id":"https:\/\/www.ohis.be\/de\/produit\/ggy-1001-sz\/","url":"https:\/\/www.ohis.be\/de\/produit\/ggy-1001-sz\/","name":"GGY-1001 SZ Manometer mit Schleppzeiger - Ohis","isPartOf":{"@id":"https:\/\/www.ohis.be\/#website"},"primaryImageOfPage":{"@id":"https:\/\/www.ohis.be\/de\/produit\/ggy-1001-sz\/#primaryimage"},"image":{"@id":"https:\/\/www.ohis.be\/de\/produit\/ggy-1001-sz\/#primaryimage"},"thumbnailUrl":"https:\/\/www.ohis.be\/wp-content\/uploads\/2023\/01\/yale-ggy.jpg","datePublished":"2023-01-02T12:02:55+00:00","breadcrumb":{"@id":"https:\/\/www.ohis.be\/de\/produit\/ggy-1001-sz\/#breadcrumb"},"inLanguage":"de","potentialAction":[{"@type":"ReadAction","target":["https:\/\/www.ohis.be\/de\/produit\/ggy-1001-sz\/"]}]},{"@type":"ImageObject","inLanguage":"de","@id":"https:\/\/www.ohis.be\/de\/produit\/ggy-1001-sz\/#primaryimage","url":"https:\/\/www.ohis.be\/wp-content\/uploads\/2023\/01\/yale-ggy.jpg","contentUrl":"https:\/\/www.ohis.be\/wp-content\/uploads\/2023\/01\/yale-ggy.jpg","width":786,"height":519},{"@type":"BreadcrumbList","@id":"https:\/\/www.ohis.be\/de\/produit\/ggy-1001-sz\/#breadcrumb","itemListElement":[{"@type":"ListItem","position":1,"name":"Accueil","item":"https:\/\/www.ohis.be\/de\/"},{"@type":"ListItem","position":2,"name":"Produkte","item":"https:\/\/www.ohis.be\/de\/produkte\/"},{"@type":"ListItem","position":3,"name":"GGY-1001 SZ Manometer mit Schleppzeiger"}]},{"@type":"WebSite","@id":"https:\/\/www.ohis.be\/#website","url":"https:\/\/www.ohis.be\/","name":"Ohis","description":"Outils de levage","publisher":{"@id":"https:\/\/www.ohis.be\/#organization"},"potentialAction":[{"@type":"SearchAction","target":{"@type":"EntryPoint","urlTemplate":"https:\/\/www.ohis.be\/?s={search_term_string}"},"query-input":{"@type":"PropertyValueSpecification","valueRequired":true,"valueName":"search_term_string"}}],"inLanguage":"de"},{"@type":"Organization","@id":"https:\/\/www.ohis.be\/#organization","name":"Ohis","url":"https:\/\/www.ohis.be\/","logo":{"@type":"ImageObject","inLanguage":"de","@id":"https:\/\/www.ohis.be\/#\/schema\/logo\/image\/","url":"https:\/\/www.ohis.be\/wp-content\/uploads\/2021\/02\/logo-ohis-wit.svg","contentUrl":"https:\/\/www.ohis.be\/wp-content\/uploads\/2021\/02\/logo-ohis-wit.svg","caption":"Ohis"},"image":{"@id":"https:\/\/www.ohis.be\/#\/schema\/logo\/image\/"}}]}},"_links":{"self":[{"href":"https:\/\/www.ohis.be\/de\/wp-json\/wp\/v2\/product\/24635","targetHints":{"allow":["GET"]}}],"collection":[{"href":"https:\/\/www.ohis.be\/de\/wp-json\/wp\/v2\/product"}],"about":[{"href":"https:\/\/www.ohis.be\/de\/wp-json\/wp\/v2\/types\/product"}],"wp:featuredmedia":[{"embeddable":true,"href":"https:\/\/www.ohis.be\/de\/wp-json\/wp\/v2\/media\/22630"}],"wp:attachment":[{"href":"https:\/\/www.ohis.be\/de\/wp-json\/wp\/v2\/media?parent=24635"}],"wp:term":[{"taxonomy":"product_brand","embeddable":true,"href":"https:\/\/www.ohis.be\/de\/wp-json\/wp\/v2\/product_brand?post=24635"},{"taxonomy":"product_cat","embeddable":true,"href":"https:\/\/www.ohis.be\/de\/wp-json\/wp\/v2\/product_cat?post=24635"},{"taxonomy":"product_tag","embeddable":true,"href":"https:\/\/www.ohis.be\/de\/wp-json\/wp\/v2\/product_tag?post=24635"}],"curies":[{"name":"wp","href":"https:\/\/api.w.org\/{rel}","templated":true}]}}