{"id":24594,"date":"2023-01-04T10:14:53","date_gmt":"2023-01-04T09:14:53","guid":{"rendered":"https:\/\/www.ohis.be\/produit\/cfy-halbe-hydraulikkupplung-weiblich\/"},"modified":"2023-01-04T10:14:53","modified_gmt":"2023-01-04T09:14:53","slug":"cfy-halbe-hydraulikkupplung-weiblich","status":"publish","type":"product","link":"https:\/\/www.ohis.be\/de\/produit\/cfy-halbe-hydraulikkupplung-weiblich\/","title":{"rendered":"CFY Halbe Hydraulikkupplung weiblich"},"content":{"rendered":"<p>Yale Hydraulikkupplungen sind selbstdichtend, d. h. der \u00dcberwurf der Kupplungsmuffe muss lediglich handfest angezogen werden. Im ungekuppelten Zustand verschlie\u00dfen innere Kugeln die \u00d6ffnungen, so dass kein Hydraulik\u00f6l austreten kann.<br \/>\nBitte beachten Sie, dass alle Yale Hydraulikzylinder serienm\u00e4\u00dfig mit der Kupplungsmuffe CFY-1 und Staubkappe CDF-9 ausger\u00fcstet sind.<\/p>\n","protected":false},"excerpt":{"rendered":"<p>Yale Hydraulikkupplungen sind selbstdichtend, d. h. der \u00dcberwurf der Kupplungsmuffe muss lediglich handfest angezogen werden. Im ungekuppelten Zustand verschlie\u00dfen innere Kugeln die \u00d6ffnungen, so dass kein Hydraulik\u00f6l austreten kann.<br \/>\nBitte beachten Sie, dass alle Yale Hydraulikzylinder serienm\u00e4\u00dfig mit der Kupplungsmuffe CFY-1 und Staubkappe CDF-9 ausger\u00fcstet sind.<\/p>\n","protected":false},"featured_media":22991,"template":"","meta":{"_acf_changed":false,"inline_featured_image":false},"product_brand":[],"product_cat":[81,1641],"product_tag":[705],"class_list":{"0":"post-24594","1":"product","2":"type-product","3":"status-publish","4":"has-post-thumbnail","6":"product_cat-ersatzteile","7":"product_cat-hydraulische-zylinder","8":"product_tag-yale-de","10":"first","11":"onbackorder","12":"taxable","13":"shipping-taxable","14":"purchasable","15":"product-type-variable"},"acf":[],"yoast_head":"<!-- This site is optimized with the Yoast SEO plugin v27.4 - https:\/\/yoast.com\/product\/yoast-seo-wordpress\/ -->\n<title>CFY Halbe Hydraulikkupplung weiblich - Ohis<\/title>\n<meta name=\"robots\" content=\"index, follow, max-snippet:-1, max-image-preview:large, max-video-preview:-1\" \/>\n<link rel=\"canonical\" href=\"https:\/\/www.ohis.be\/de\/produit\/cfy-halbe-hydraulikkupplung-weiblich\/\" \/>\n<meta property=\"og:locale\" content=\"de_DE\" \/>\n<meta property=\"og:type\" content=\"article\" \/>\n<meta property=\"og:title\" content=\"CFY Halbe Hydraulikkupplung weiblich - Ohis\" \/>\n<meta property=\"og:description\" content=\"Yale Hydraulikkupplungen sind selbstdichtend, d. h. der \u00dcberwurf der Kupplungsmuffe muss lediglich handfest angezogen werden. Im ungekuppelten Zustand verschlie\u00dfen innere Kugeln die \u00d6ffnungen, so dass kein Hydraulik\u00f6l austreten kann. Bitte beachten Sie, dass alle Yale Hydraulikzylinder serienm\u00e4\u00dfig mit der Kupplungsmuffe CFY-1 und Staubkappe CDF-9 ausger\u00fcstet sind.\" \/>\n<meta property=\"og:url\" content=\"https:\/\/www.ohis.be\/de\/produit\/cfy-halbe-hydraulikkupplung-weiblich\/\" \/>\n<meta property=\"og:site_name\" content=\"Ohis\" \/>\n<meta property=\"og:image\" content=\"https:\/\/www.ohis.be\/wp-content\/uploads\/2023\/01\/yale-cfy.jpg\" \/>\n\t<meta property=\"og:image:width\" content=\"298\" \/>\n\t<meta property=\"og:image:height\" content=\"669\" \/>\n\t<meta property=\"og:image:type\" content=\"image\/jpeg\" \/>\n<meta name=\"twitter:card\" content=\"summary_large_image\" \/>\n<script type=\"application\/ld+json\" class=\"yoast-schema-graph\">{\"@context\":\"https:\\\/\\\/schema.org\",\"@graph\":[{\"@type\":\"WebPage\",\"@id\":\"https:\\\/\\\/www.ohis.be\\\/de\\\/produit\\\/cfy-halbe-hydraulikkupplung-weiblich\\\/\",\"url\":\"https:\\\/\\\/www.ohis.be\\\/de\\\/produit\\\/cfy-halbe-hydraulikkupplung-weiblich\\\/\",\"name\":\"CFY Halbe Hydraulikkupplung weiblich - Ohis\",\"isPartOf\":{\"@id\":\"https:\\\/\\\/www.ohis.be\\\/#website\"},\"primaryImageOfPage\":{\"@id\":\"https:\\\/\\\/www.ohis.be\\\/de\\\/produit\\\/cfy-halbe-hydraulikkupplung-weiblich\\\/#primaryimage\"},\"image\":{\"@id\":\"https:\\\/\\\/www.ohis.be\\\/de\\\/produit\\\/cfy-halbe-hydraulikkupplung-weiblich\\\/#primaryimage\"},\"thumbnailUrl\":\"https:\\\/\\\/www.ohis.be\\\/wp-content\\\/uploads\\\/2023\\\/01\\\/yale-cfy.jpg\",\"datePublished\":\"2023-01-04T09:14:53+00:00\",\"breadcrumb\":{\"@id\":\"https:\\\/\\\/www.ohis.be\\\/de\\\/produit\\\/cfy-halbe-hydraulikkupplung-weiblich\\\/#breadcrumb\"},\"inLanguage\":\"de\",\"potentialAction\":[{\"@type\":\"ReadAction\",\"target\":[\"https:\\\/\\\/www.ohis.be\\\/de\\\/produit\\\/cfy-halbe-hydraulikkupplung-weiblich\\\/\"]}]},{\"@type\":\"ImageObject\",\"inLanguage\":\"de\",\"@id\":\"https:\\\/\\\/www.ohis.be\\\/de\\\/produit\\\/cfy-halbe-hydraulikkupplung-weiblich\\\/#primaryimage\",\"url\":\"https:\\\/\\\/www.ohis.be\\\/wp-content\\\/uploads\\\/2023\\\/01\\\/yale-cfy.jpg\",\"contentUrl\":\"https:\\\/\\\/www.ohis.be\\\/wp-content\\\/uploads\\\/2023\\\/01\\\/yale-cfy.jpg\",\"width\":298,\"height\":669},{\"@type\":\"BreadcrumbList\",\"@id\":\"https:\\\/\\\/www.ohis.be\\\/de\\\/produit\\\/cfy-halbe-hydraulikkupplung-weiblich\\\/#breadcrumb\",\"itemListElement\":[{\"@type\":\"ListItem\",\"position\":1,\"name\":\"Accueil\",\"item\":\"https:\\\/\\\/www.ohis.be\\\/de\\\/\"},{\"@type\":\"ListItem\",\"position\":2,\"name\":\"Produkte\",\"item\":\"https:\\\/\\\/www.ohis.be\\\/de\\\/produkte\\\/\"},{\"@type\":\"ListItem\",\"position\":3,\"name\":\"CFY Halbe Hydraulikkupplung weiblich\"}]},{\"@type\":\"WebSite\",\"@id\":\"https:\\\/\\\/www.ohis.be\\\/#website\",\"url\":\"https:\\\/\\\/www.ohis.be\\\/\",\"name\":\"Ohis\",\"description\":\"Outils de levage\",\"publisher\":{\"@id\":\"https:\\\/\\\/www.ohis.be\\\/#organization\"},\"potentialAction\":[{\"@type\":\"SearchAction\",\"target\":{\"@type\":\"EntryPoint\",\"urlTemplate\":\"https:\\\/\\\/www.ohis.be\\\/?s={search_term_string}\"},\"query-input\":{\"@type\":\"PropertyValueSpecification\",\"valueRequired\":true,\"valueName\":\"search_term_string\"}}],\"inLanguage\":\"de\"},{\"@type\":\"Organization\",\"@id\":\"https:\\\/\\\/www.ohis.be\\\/#organization\",\"name\":\"Ohis\",\"url\":\"https:\\\/\\\/www.ohis.be\\\/\",\"logo\":{\"@type\":\"ImageObject\",\"inLanguage\":\"de\",\"@id\":\"https:\\\/\\\/www.ohis.be\\\/#\\\/schema\\\/logo\\\/image\\\/\",\"url\":\"https:\\\/\\\/www.ohis.be\\\/wp-content\\\/uploads\\\/2021\\\/02\\\/logo-ohis-wit.svg\",\"contentUrl\":\"https:\\\/\\\/www.ohis.be\\\/wp-content\\\/uploads\\\/2021\\\/02\\\/logo-ohis-wit.svg\",\"caption\":\"Ohis\"},\"image\":{\"@id\":\"https:\\\/\\\/www.ohis.be\\\/#\\\/schema\\\/logo\\\/image\\\/\"}}]}<\/script>\n<!-- \/ Yoast SEO plugin. -->","yoast_head_json":{"title":"CFY Halbe Hydraulikkupplung weiblich - Ohis","robots":{"index":"index","follow":"follow","max-snippet":"max-snippet:-1","max-image-preview":"max-image-preview:large","max-video-preview":"max-video-preview:-1"},"canonical":"https:\/\/www.ohis.be\/de\/produit\/cfy-halbe-hydraulikkupplung-weiblich\/","og_locale":"de_DE","og_type":"article","og_title":"CFY Halbe Hydraulikkupplung weiblich - Ohis","og_description":"Yale Hydraulikkupplungen sind selbstdichtend, d. h. der \u00dcberwurf der Kupplungsmuffe muss lediglich handfest angezogen werden. Im ungekuppelten Zustand verschlie\u00dfen innere Kugeln die \u00d6ffnungen, so dass kein Hydraulik\u00f6l austreten kann. Bitte beachten Sie, dass alle Yale Hydraulikzylinder serienm\u00e4\u00dfig mit der Kupplungsmuffe CFY-1 und Staubkappe CDF-9 ausger\u00fcstet sind.","og_url":"https:\/\/www.ohis.be\/de\/produit\/cfy-halbe-hydraulikkupplung-weiblich\/","og_site_name":"Ohis","og_image":[{"width":298,"height":669,"url":"https:\/\/www.ohis.be\/wp-content\/uploads\/2023\/01\/yale-cfy.jpg","type":"image\/jpeg"}],"twitter_card":"summary_large_image","schema":{"@context":"https:\/\/schema.org","@graph":[{"@type":"WebPage","@id":"https:\/\/www.ohis.be\/de\/produit\/cfy-halbe-hydraulikkupplung-weiblich\/","url":"https:\/\/www.ohis.be\/de\/produit\/cfy-halbe-hydraulikkupplung-weiblich\/","name":"CFY Halbe Hydraulikkupplung weiblich - Ohis","isPartOf":{"@id":"https:\/\/www.ohis.be\/#website"},"primaryImageOfPage":{"@id":"https:\/\/www.ohis.be\/de\/produit\/cfy-halbe-hydraulikkupplung-weiblich\/#primaryimage"},"image":{"@id":"https:\/\/www.ohis.be\/de\/produit\/cfy-halbe-hydraulikkupplung-weiblich\/#primaryimage"},"thumbnailUrl":"https:\/\/www.ohis.be\/wp-content\/uploads\/2023\/01\/yale-cfy.jpg","datePublished":"2023-01-04T09:14:53+00:00","breadcrumb":{"@id":"https:\/\/www.ohis.be\/de\/produit\/cfy-halbe-hydraulikkupplung-weiblich\/#breadcrumb"},"inLanguage":"de","potentialAction":[{"@type":"ReadAction","target":["https:\/\/www.ohis.be\/de\/produit\/cfy-halbe-hydraulikkupplung-weiblich\/"]}]},{"@type":"ImageObject","inLanguage":"de","@id":"https:\/\/www.ohis.be\/de\/produit\/cfy-halbe-hydraulikkupplung-weiblich\/#primaryimage","url":"https:\/\/www.ohis.be\/wp-content\/uploads\/2023\/01\/yale-cfy.jpg","contentUrl":"https:\/\/www.ohis.be\/wp-content\/uploads\/2023\/01\/yale-cfy.jpg","width":298,"height":669},{"@type":"BreadcrumbList","@id":"https:\/\/www.ohis.be\/de\/produit\/cfy-halbe-hydraulikkupplung-weiblich\/#breadcrumb","itemListElement":[{"@type":"ListItem","position":1,"name":"Accueil","item":"https:\/\/www.ohis.be\/de\/"},{"@type":"ListItem","position":2,"name":"Produkte","item":"https:\/\/www.ohis.be\/de\/produkte\/"},{"@type":"ListItem","position":3,"name":"CFY Halbe Hydraulikkupplung weiblich"}]},{"@type":"WebSite","@id":"https:\/\/www.ohis.be\/#website","url":"https:\/\/www.ohis.be\/","name":"Ohis","description":"Outils de levage","publisher":{"@id":"https:\/\/www.ohis.be\/#organization"},"potentialAction":[{"@type":"SearchAction","target":{"@type":"EntryPoint","urlTemplate":"https:\/\/www.ohis.be\/?s={search_term_string}"},"query-input":{"@type":"PropertyValueSpecification","valueRequired":true,"valueName":"search_term_string"}}],"inLanguage":"de"},{"@type":"Organization","@id":"https:\/\/www.ohis.be\/#organization","name":"Ohis","url":"https:\/\/www.ohis.be\/","logo":{"@type":"ImageObject","inLanguage":"de","@id":"https:\/\/www.ohis.be\/#\/schema\/logo\/image\/","url":"https:\/\/www.ohis.be\/wp-content\/uploads\/2021\/02\/logo-ohis-wit.svg","contentUrl":"https:\/\/www.ohis.be\/wp-content\/uploads\/2021\/02\/logo-ohis-wit.svg","caption":"Ohis"},"image":{"@id":"https:\/\/www.ohis.be\/#\/schema\/logo\/image\/"}}]}},"_links":{"self":[{"href":"https:\/\/www.ohis.be\/de\/wp-json\/wp\/v2\/product\/24594","targetHints":{"allow":["GET"]}}],"collection":[{"href":"https:\/\/www.ohis.be\/de\/wp-json\/wp\/v2\/product"}],"about":[{"href":"https:\/\/www.ohis.be\/de\/wp-json\/wp\/v2\/types\/product"}],"wp:featuredmedia":[{"embeddable":true,"href":"https:\/\/www.ohis.be\/de\/wp-json\/wp\/v2\/media\/22991"}],"wp:attachment":[{"href":"https:\/\/www.ohis.be\/de\/wp-json\/wp\/v2\/media?parent=24594"}],"wp:term":[{"taxonomy":"product_brand","embeddable":true,"href":"https:\/\/www.ohis.be\/de\/wp-json\/wp\/v2\/product_brand?post=24594"},{"taxonomy":"product_cat","embeddable":true,"href":"https:\/\/www.ohis.be\/de\/wp-json\/wp\/v2\/product_cat?post=24594"},{"taxonomy":"product_tag","embeddable":true,"href":"https:\/\/www.ohis.be\/de\/wp-json\/wp\/v2\/product_tag?post=24594"}],"curies":[{"name":"wp","href":"https:\/\/api.w.org\/{rel}","templated":true}]}}