{"id":24591,"date":"2023-01-04T10:23:16","date_gmt":"2023-01-04T09:23:16","guid":{"rendered":"https:\/\/www.ohis.be\/produit\/cdf-9-bouchon-de-protection-caoutchouc\/"},"modified":"2023-01-04T10:23:16","modified_gmt":"2023-01-04T09:23:16","slug":"cdf-9-bouchon-de-protection-caoutchouc","status":"publish","type":"product","link":"https:\/\/www.ohis.be\/de\/produit\/cdf-9-bouchon-de-protection-caoutchouc\/","title":{"rendered":"CDF-9  Gummischutzkappe"},"content":{"rendered":"<p>Gummischutzstopfen eignet sich f\u00fcr m\u00e4nnliche und weibliche Kupplungsh\u00e4lften (standardm\u00e4\u00dfig bei weiblichen Kupplungsh\u00e4lften).<\/p>\n<p>Bitte beachten Sie, dass alle Yale Zylinder standardm\u00e4\u00dfig mit der weiblichen Halbkupplung CFY &#8211; 1 und einer Schutzkappe CDF &#8211; 9 ausgestattet sind.<\/p>\n","protected":false},"excerpt":{"rendered":"<p>Gummischutzstopfen eignet sich f\u00fcr m\u00e4nnliche und weibliche Kupplungsh\u00e4lften (standardm\u00e4\u00dfig bei weiblichen Kupplungsh\u00e4lften).<\/p>\n<p>Bitte beachten Sie, dass alle Yale Zylinder standardm\u00e4\u00dfig mit der weiblichen Halbkupplung CFY &#8211; 1 und einer Schutzkappe CDF &#8211; 9 ausgestattet sind.<\/p>\n","protected":false},"featured_media":22987,"template":"","meta":{"_acf_changed":false,"inline_featured_image":false},"product_brand":[],"product_cat":[1641,325],"product_tag":[705],"class_list":{"0":"post-24591","1":"product","2":"type-product","3":"status-publish","4":"has-post-thumbnail","6":"product_cat-hydraulische-zylinder","7":"product_cat-accesoires-de","8":"product_tag-yale-de","10":"first","11":"onbackorder","12":"taxable","13":"shipping-taxable","14":"purchasable","15":"product-type-simple"},"acf":[],"yoast_head":"<!-- This site is optimized with the Yoast SEO plugin v27.4 - https:\/\/yoast.com\/product\/yoast-seo-wordpress\/ -->\n<title>CDF-9 Gummischutzkappe - Ohis<\/title>\n<meta name=\"robots\" content=\"index, follow, max-snippet:-1, max-image-preview:large, max-video-preview:-1\" \/>\n<link rel=\"canonical\" href=\"https:\/\/www.ohis.be\/de\/produit\/cdf-9-bouchon-de-protection-caoutchouc\/\" \/>\n<meta property=\"og:locale\" content=\"de_DE\" \/>\n<meta property=\"og:type\" content=\"article\" \/>\n<meta property=\"og:title\" content=\"CDF-9 Gummischutzkappe - Ohis\" \/>\n<meta property=\"og:description\" content=\"Gummischutzstopfen eignet sich f\u00fcr m\u00e4nnliche und weibliche Kupplungsh\u00e4lften (standardm\u00e4\u00dfig bei weiblichen Kupplungsh\u00e4lften).  Bitte beachten Sie, dass alle Yale Zylinder standardm\u00e4\u00dfig mit der weiblichen Halbkupplung CFY - 1 und einer Schutzkappe CDF - 9 ausgestattet sind.\" \/>\n<meta property=\"og:url\" content=\"https:\/\/www.ohis.be\/de\/produit\/cdf-9-bouchon-de-protection-caoutchouc\/\" \/>\n<meta property=\"og:site_name\" content=\"Ohis\" \/>\n<meta property=\"og:image\" content=\"https:\/\/www.ohis.be\/wp-content\/uploads\/2023\/01\/yale-cdf.jpg\" \/>\n\t<meta property=\"og:image:width\" content=\"213\" \/>\n\t<meta property=\"og:image:height\" content=\"534\" \/>\n\t<meta property=\"og:image:type\" content=\"image\/jpeg\" \/>\n<meta name=\"twitter:card\" content=\"summary_large_image\" \/>\n<script type=\"application\/ld+json\" class=\"yoast-schema-graph\">{\"@context\":\"https:\\\/\\\/schema.org\",\"@graph\":[{\"@type\":\"WebPage\",\"@id\":\"https:\\\/\\\/www.ohis.be\\\/de\\\/produit\\\/cdf-9-bouchon-de-protection-caoutchouc\\\/\",\"url\":\"https:\\\/\\\/www.ohis.be\\\/de\\\/produit\\\/cdf-9-bouchon-de-protection-caoutchouc\\\/\",\"name\":\"CDF-9 Gummischutzkappe - Ohis\",\"isPartOf\":{\"@id\":\"https:\\\/\\\/www.ohis.be\\\/#website\"},\"primaryImageOfPage\":{\"@id\":\"https:\\\/\\\/www.ohis.be\\\/de\\\/produit\\\/cdf-9-bouchon-de-protection-caoutchouc\\\/#primaryimage\"},\"image\":{\"@id\":\"https:\\\/\\\/www.ohis.be\\\/de\\\/produit\\\/cdf-9-bouchon-de-protection-caoutchouc\\\/#primaryimage\"},\"thumbnailUrl\":\"https:\\\/\\\/www.ohis.be\\\/wp-content\\\/uploads\\\/2023\\\/01\\\/yale-cdf.jpg\",\"datePublished\":\"2023-01-04T09:23:16+00:00\",\"breadcrumb\":{\"@id\":\"https:\\\/\\\/www.ohis.be\\\/de\\\/produit\\\/cdf-9-bouchon-de-protection-caoutchouc\\\/#breadcrumb\"},\"inLanguage\":\"de\",\"potentialAction\":[{\"@type\":\"ReadAction\",\"target\":[\"https:\\\/\\\/www.ohis.be\\\/de\\\/produit\\\/cdf-9-bouchon-de-protection-caoutchouc\\\/\"]}]},{\"@type\":\"ImageObject\",\"inLanguage\":\"de\",\"@id\":\"https:\\\/\\\/www.ohis.be\\\/de\\\/produit\\\/cdf-9-bouchon-de-protection-caoutchouc\\\/#primaryimage\",\"url\":\"https:\\\/\\\/www.ohis.be\\\/wp-content\\\/uploads\\\/2023\\\/01\\\/yale-cdf.jpg\",\"contentUrl\":\"https:\\\/\\\/www.ohis.be\\\/wp-content\\\/uploads\\\/2023\\\/01\\\/yale-cdf.jpg\",\"width\":213,\"height\":534},{\"@type\":\"BreadcrumbList\",\"@id\":\"https:\\\/\\\/www.ohis.be\\\/de\\\/produit\\\/cdf-9-bouchon-de-protection-caoutchouc\\\/#breadcrumb\",\"itemListElement\":[{\"@type\":\"ListItem\",\"position\":1,\"name\":\"Accueil\",\"item\":\"https:\\\/\\\/www.ohis.be\\\/de\\\/\"},{\"@type\":\"ListItem\",\"position\":2,\"name\":\"Produkte\",\"item\":\"https:\\\/\\\/www.ohis.be\\\/de\\\/produkte\\\/\"},{\"@type\":\"ListItem\",\"position\":3,\"name\":\"CDF-9 Gummischutzkappe\"}]},{\"@type\":\"WebSite\",\"@id\":\"https:\\\/\\\/www.ohis.be\\\/#website\",\"url\":\"https:\\\/\\\/www.ohis.be\\\/\",\"name\":\"Ohis\",\"description\":\"Outils de levage\",\"publisher\":{\"@id\":\"https:\\\/\\\/www.ohis.be\\\/#organization\"},\"potentialAction\":[{\"@type\":\"SearchAction\",\"target\":{\"@type\":\"EntryPoint\",\"urlTemplate\":\"https:\\\/\\\/www.ohis.be\\\/?s={search_term_string}\"},\"query-input\":{\"@type\":\"PropertyValueSpecification\",\"valueRequired\":true,\"valueName\":\"search_term_string\"}}],\"inLanguage\":\"de\"},{\"@type\":\"Organization\",\"@id\":\"https:\\\/\\\/www.ohis.be\\\/#organization\",\"name\":\"Ohis\",\"url\":\"https:\\\/\\\/www.ohis.be\\\/\",\"logo\":{\"@type\":\"ImageObject\",\"inLanguage\":\"de\",\"@id\":\"https:\\\/\\\/www.ohis.be\\\/#\\\/schema\\\/logo\\\/image\\\/\",\"url\":\"https:\\\/\\\/www.ohis.be\\\/wp-content\\\/uploads\\\/2021\\\/02\\\/logo-ohis-wit.svg\",\"contentUrl\":\"https:\\\/\\\/www.ohis.be\\\/wp-content\\\/uploads\\\/2021\\\/02\\\/logo-ohis-wit.svg\",\"caption\":\"Ohis\"},\"image\":{\"@id\":\"https:\\\/\\\/www.ohis.be\\\/#\\\/schema\\\/logo\\\/image\\\/\"}}]}<\/script>\n<!-- \/ Yoast SEO plugin. -->","yoast_head_json":{"title":"CDF-9 Gummischutzkappe - Ohis","robots":{"index":"index","follow":"follow","max-snippet":"max-snippet:-1","max-image-preview":"max-image-preview:large","max-video-preview":"max-video-preview:-1"},"canonical":"https:\/\/www.ohis.be\/de\/produit\/cdf-9-bouchon-de-protection-caoutchouc\/","og_locale":"de_DE","og_type":"article","og_title":"CDF-9 Gummischutzkappe - Ohis","og_description":"Gummischutzstopfen eignet sich f\u00fcr m\u00e4nnliche und weibliche Kupplungsh\u00e4lften (standardm\u00e4\u00dfig bei weiblichen Kupplungsh\u00e4lften).  Bitte beachten Sie, dass alle Yale Zylinder standardm\u00e4\u00dfig mit der weiblichen Halbkupplung CFY - 1 und einer Schutzkappe CDF - 9 ausgestattet sind.","og_url":"https:\/\/www.ohis.be\/de\/produit\/cdf-9-bouchon-de-protection-caoutchouc\/","og_site_name":"Ohis","og_image":[{"width":213,"height":534,"url":"https:\/\/www.ohis.be\/wp-content\/uploads\/2023\/01\/yale-cdf.jpg","type":"image\/jpeg"}],"twitter_card":"summary_large_image","schema":{"@context":"https:\/\/schema.org","@graph":[{"@type":"WebPage","@id":"https:\/\/www.ohis.be\/de\/produit\/cdf-9-bouchon-de-protection-caoutchouc\/","url":"https:\/\/www.ohis.be\/de\/produit\/cdf-9-bouchon-de-protection-caoutchouc\/","name":"CDF-9 Gummischutzkappe - Ohis","isPartOf":{"@id":"https:\/\/www.ohis.be\/#website"},"primaryImageOfPage":{"@id":"https:\/\/www.ohis.be\/de\/produit\/cdf-9-bouchon-de-protection-caoutchouc\/#primaryimage"},"image":{"@id":"https:\/\/www.ohis.be\/de\/produit\/cdf-9-bouchon-de-protection-caoutchouc\/#primaryimage"},"thumbnailUrl":"https:\/\/www.ohis.be\/wp-content\/uploads\/2023\/01\/yale-cdf.jpg","datePublished":"2023-01-04T09:23:16+00:00","breadcrumb":{"@id":"https:\/\/www.ohis.be\/de\/produit\/cdf-9-bouchon-de-protection-caoutchouc\/#breadcrumb"},"inLanguage":"de","potentialAction":[{"@type":"ReadAction","target":["https:\/\/www.ohis.be\/de\/produit\/cdf-9-bouchon-de-protection-caoutchouc\/"]}]},{"@type":"ImageObject","inLanguage":"de","@id":"https:\/\/www.ohis.be\/de\/produit\/cdf-9-bouchon-de-protection-caoutchouc\/#primaryimage","url":"https:\/\/www.ohis.be\/wp-content\/uploads\/2023\/01\/yale-cdf.jpg","contentUrl":"https:\/\/www.ohis.be\/wp-content\/uploads\/2023\/01\/yale-cdf.jpg","width":213,"height":534},{"@type":"BreadcrumbList","@id":"https:\/\/www.ohis.be\/de\/produit\/cdf-9-bouchon-de-protection-caoutchouc\/#breadcrumb","itemListElement":[{"@type":"ListItem","position":1,"name":"Accueil","item":"https:\/\/www.ohis.be\/de\/"},{"@type":"ListItem","position":2,"name":"Produkte","item":"https:\/\/www.ohis.be\/de\/produkte\/"},{"@type":"ListItem","position":3,"name":"CDF-9 Gummischutzkappe"}]},{"@type":"WebSite","@id":"https:\/\/www.ohis.be\/#website","url":"https:\/\/www.ohis.be\/","name":"Ohis","description":"Outils de levage","publisher":{"@id":"https:\/\/www.ohis.be\/#organization"},"potentialAction":[{"@type":"SearchAction","target":{"@type":"EntryPoint","urlTemplate":"https:\/\/www.ohis.be\/?s={search_term_string}"},"query-input":{"@type":"PropertyValueSpecification","valueRequired":true,"valueName":"search_term_string"}}],"inLanguage":"de"},{"@type":"Organization","@id":"https:\/\/www.ohis.be\/#organization","name":"Ohis","url":"https:\/\/www.ohis.be\/","logo":{"@type":"ImageObject","inLanguage":"de","@id":"https:\/\/www.ohis.be\/#\/schema\/logo\/image\/","url":"https:\/\/www.ohis.be\/wp-content\/uploads\/2021\/02\/logo-ohis-wit.svg","contentUrl":"https:\/\/www.ohis.be\/wp-content\/uploads\/2021\/02\/logo-ohis-wit.svg","caption":"Ohis"},"image":{"@id":"https:\/\/www.ohis.be\/#\/schema\/logo\/image\/"}}]}},"_links":{"self":[{"href":"https:\/\/www.ohis.be\/de\/wp-json\/wp\/v2\/product\/24591","targetHints":{"allow":["GET"]}}],"collection":[{"href":"https:\/\/www.ohis.be\/de\/wp-json\/wp\/v2\/product"}],"about":[{"href":"https:\/\/www.ohis.be\/de\/wp-json\/wp\/v2\/types\/product"}],"wp:featuredmedia":[{"embeddable":true,"href":"https:\/\/www.ohis.be\/de\/wp-json\/wp\/v2\/media\/22987"}],"wp:attachment":[{"href":"https:\/\/www.ohis.be\/de\/wp-json\/wp\/v2\/media?parent=24591"}],"wp:term":[{"taxonomy":"product_brand","embeddable":true,"href":"https:\/\/www.ohis.be\/de\/wp-json\/wp\/v2\/product_brand?post=24591"},{"taxonomy":"product_cat","embeddable":true,"href":"https:\/\/www.ohis.be\/de\/wp-json\/wp\/v2\/product_cat?post=24591"},{"taxonomy":"product_tag","embeddable":true,"href":"https:\/\/www.ohis.be\/de\/wp-json\/wp\/v2\/product_tag?post=24591"}],"curies":[{"name":"wp","href":"https:\/\/api.w.org\/{rel}","templated":true}]}}