{"id":24550,"date":"2023-01-04T10:42:52","date_gmt":"2023-01-04T09:42:52","guid":{"rendered":"https:\/\/www.ohis.be\/produit\/hhc-hydraulik-schlauche\/"},"modified":"2023-01-04T10:42:52","modified_gmt":"2023-01-04T09:42:52","slug":"hhc-hydraulik-schlauche","status":"publish","type":"product","link":"https:\/\/www.ohis.be\/de\/produit\/hhc-hydraulik-schlauche\/","title":{"rendered":"HHC Hydraulik-Schl\u00e4uche"},"content":{"rendered":"<p>Diese Thermoplast-Hochdruck-Hydraulikschl\u00e4uche sind von h\u00f6chster Qualit\u00e4t und Haltbarkeit.<br \/>\nDie vierlagigen Schl\u00e4uche verf\u00fcgen \u00fcber zwei Stahllagen, stabile Armaturen mit 19 mm Sechskant und einen abriebfesten Au\u00dfenmantel.<br \/>\nDie Volumenausdehnung ist \u00e4u\u00dferst gering. Hydraulikschl\u00e4uche des HHC haben serienm\u00e4\u00dfig den passenden Kupplungsstecker CMY-1.<br \/>\nStandardschlauchl\u00e4ngen siehe Tabelle; andere L\u00e4ngen und gr\u00f6\u00dfere Nennweiten liefern wir selbstverst\u00e4ndlich auf Anfrage.<\/p>\n<p>Auswahlhilfe f\u00fcr Hydraulikschl\u00e4uche<\/p>\n<p>Hydraulikschlauch f\u00fcr Standard-Kombination<br \/>\n(\u2012 Pumpe \u2012 Schlauch \u2012 Zylinder \u2012):<br \/>\nBestellen Sie einen Standardschlauch mit Kupplungsstecker, HHC-&#8230; (z. B. HHC-20).<\/p>\n<p>Hydraulikschlauch soll beidseitig kuppelbar sein (beidseitig Kupplungsstecker CMY-1):<br \/>\nBei langen Hydraulikschl\u00e4uchen zu empfehlen.<br \/>\nBestellen Sie zus\u00e4tzlich zum normalen HHC-\u2026 Schlauch eine komplette Kupplung CCY-1.<\/p>\n<p>Hydraulikschlauch als Verl\u00e4ngerungsschlauch<br \/>\n(einseitig Kupplungsstecker, andere Seite Kupplungsmuffe):<br \/>\nBestellen Sie zum normalen HHC-&#8230; Schlauch beliebiger L\u00e4nge zus\u00e4tzlich eine Kupplungsmuffe, CFY-2 (mit Innengewinde).<\/p>\n<p>Hydraulikschl\u00e4uche ohne Kupplungsteile (beidseitig Einschraubgewinde):<br \/>\nSind ebenfalls erh\u00e4ltlich, HH-&#8230; (beidseitig 3\/8-NPT au\u00dfen).<\/p>\n","protected":false},"excerpt":{"rendered":"<p>Diese Thermoplast-Hochdruck-Hydraulikschl\u00e4uche sind von h\u00f6chster Qualit\u00e4t und Haltbarkeit.<br \/>\nDie vierlagigen Schl\u00e4uche verf\u00fcgen \u00fcber zwei Stahllagen, stabile Armaturen mit 19 mm Sechskant und einen abriebfesten Au\u00dfenmantel.<br \/>\nDie Volumenausdehnung ist \u00e4u\u00dferst gering. Hydraulikschl\u00e4uche des HHC haben serienm\u00e4\u00dfig den passenden Kupplungsstecker CMY-1.<br \/>\nStandardschlauchl\u00e4ngen siehe Tabelle; andere L\u00e4ngen und gr\u00f6\u00dfere Nennweiten liefern wir selbstverst\u00e4ndlich auf Anfrage.<\/p>\n<p>Auswahlhilfe f\u00fcr Hydraulikschl\u00e4uche<\/p>\n<p>Hydraulikschlauch f\u00fcr Standard-Kombination<br \/>\n(\u2012 Pumpe \u2012 Schlauch \u2012 Zylinder \u2012):<br \/>\nBestellen Sie einen Standardschlauch mit Kupplungsstecker, HHC-&#8230; (z. B. HHC-20).<\/p>\n<p>Hydraulikschlauch soll beidseitig kuppelbar sein (beidseitig Kupplungsstecker CMY-1):<br \/>\nBei langen Hydraulikschl\u00e4uchen zu empfehlen.<br \/>\nBestellen Sie zus\u00e4tzlich zum normalen HHC-\u2026 Schlauch eine komplette Kupplung CCY-1.<\/p>\n<p>Hydraulikschlauch als Verl\u00e4ngerungsschlauch<br \/>\n(einseitig Kupplungsstecker, andere Seite Kupplungsmuffe):<br \/>\nBestellen Sie zum normalen HHC-&#8230; Schlauch beliebiger L\u00e4nge zus\u00e4tzlich eine Kupplungsmuffe, CFY-2 (mit Innengewinde).<\/p>\n<p>Hydraulikschl\u00e4uche ohne Kupplungsteile (beidseitig Einschraubgewinde):<br \/>\nSind ebenfalls erh\u00e4ltlich, HH-&#8230; (beidseitig 3\/8-NPT au\u00dfen).<\/p>\n","protected":false},"featured_media":22972,"template":"","meta":{"_acf_changed":false,"inline_featured_image":false},"product_brand":[],"product_cat":[1641,325],"product_tag":[705],"class_list":{"0":"post-24550","1":"product","2":"type-product","3":"status-publish","4":"has-post-thumbnail","6":"product_cat-hydraulische-zylinder","7":"product_cat-accesoires-de","8":"product_tag-yale-de","10":"first","11":"onbackorder","12":"taxable","13":"shipping-taxable","14":"purchasable","15":"product-type-variable"},"acf":[],"yoast_head":"<!-- This site is optimized with the Yoast SEO plugin v27.4 - https:\/\/yoast.com\/product\/yoast-seo-wordpress\/ -->\n<title>HHC Hydraulik-Schl\u00e4uche - Ohis<\/title>\n<meta name=\"robots\" content=\"index, follow, max-snippet:-1, max-image-preview:large, max-video-preview:-1\" \/>\n<link rel=\"canonical\" href=\"https:\/\/www.ohis.be\/de\/produit\/hhc-hydraulik-schlauche\/\" \/>\n<meta property=\"og:locale\" content=\"de_DE\" \/>\n<meta property=\"og:type\" content=\"article\" \/>\n<meta property=\"og:title\" content=\"HHC Hydraulik-Schl\u00e4uche - Ohis\" \/>\n<meta property=\"og:description\" content=\"Diese Thermoplast-Hochdruck-Hydraulikschl\u00e4uche sind von h\u00f6chster Qualit\u00e4t und Haltbarkeit. Die vierlagigen Schl\u00e4uche verf\u00fcgen \u00fcber zwei Stahllagen, stabile Armaturen mit 19 mm Sechskant und einen abriebfesten Au\u00dfenmantel. Die Volumenausdehnung ist \u00e4u\u00dferst gering. Hydraulikschl\u00e4uche des HHC haben serienm\u00e4\u00dfig den passenden Kupplungsstecker CMY-1. Standardschlauchl\u00e4ngen siehe Tabelle; andere L\u00e4ngen und gr\u00f6\u00dfere Nennweiten liefern wir selbstverst\u00e4ndlich auf Anfrage.  Auswahlhilfe f\u00fcr Hydraulikschl\u00e4uche  Hydraulikschlauch f\u00fcr Standard-Kombination (\u2012 Pumpe \u2012 Schlauch \u2012 Zylinder \u2012): Bestellen Sie einen Standardschlauch mit Kupplungsstecker, HHC-... (z. B. HHC-20).  Hydraulikschlauch soll beidseitig kuppelbar sein (beidseitig Kupplungsstecker CMY-1): Bei langen Hydraulikschl\u00e4uchen zu empfehlen. Bestellen Sie zus\u00e4tzlich zum normalen HHC-\u2026 Schlauch eine komplette Kupplung CCY-1.  Hydraulikschlauch als Verl\u00e4ngerungsschlauch (einseitig Kupplungsstecker, andere Seite Kupplungsmuffe): Bestellen Sie zum normalen HHC-... Schlauch beliebiger L\u00e4nge zus\u00e4tzlich eine Kupplungsmuffe, CFY-2 (mit Innengewinde).  Hydraulikschl\u00e4uche ohne Kupplungsteile (beidseitig Einschraubgewinde): Sind ebenfalls erh\u00e4ltlich, HH-... (beidseitig 3\/8-NPT au\u00dfen).\" \/>\n<meta property=\"og:url\" content=\"https:\/\/www.ohis.be\/de\/produit\/hhc-hydraulik-schlauche\/\" \/>\n<meta property=\"og:site_name\" content=\"Ohis\" \/>\n<meta property=\"og:image\" content=\"https:\/\/www.ohis.be\/wp-content\/uploads\/2023\/01\/yale-hhc.jpg\" \/>\n\t<meta property=\"og:image:width\" content=\"468\" \/>\n\t<meta property=\"og:image:height\" content=\"525\" \/>\n\t<meta property=\"og:image:type\" content=\"image\/jpeg\" \/>\n<meta name=\"twitter:card\" content=\"summary_large_image\" \/>\n<meta name=\"twitter:label1\" content=\"Gesch\u00e4tzte Lesezeit\" \/>\n\t<meta name=\"twitter:data1\" content=\"1\u00a0Minute\" \/>\n<script type=\"application\/ld+json\" class=\"yoast-schema-graph\">{\"@context\":\"https:\\\/\\\/schema.org\",\"@graph\":[{\"@type\":\"WebPage\",\"@id\":\"https:\\\/\\\/www.ohis.be\\\/de\\\/produit\\\/hhc-hydraulik-schlauche\\\/\",\"url\":\"https:\\\/\\\/www.ohis.be\\\/de\\\/produit\\\/hhc-hydraulik-schlauche\\\/\",\"name\":\"HHC Hydraulik-Schl\u00e4uche - Ohis\",\"isPartOf\":{\"@id\":\"https:\\\/\\\/www.ohis.be\\\/#website\"},\"primaryImageOfPage\":{\"@id\":\"https:\\\/\\\/www.ohis.be\\\/de\\\/produit\\\/hhc-hydraulik-schlauche\\\/#primaryimage\"},\"image\":{\"@id\":\"https:\\\/\\\/www.ohis.be\\\/de\\\/produit\\\/hhc-hydraulik-schlauche\\\/#primaryimage\"},\"thumbnailUrl\":\"https:\\\/\\\/www.ohis.be\\\/wp-content\\\/uploads\\\/2023\\\/01\\\/yale-hhc.jpg\",\"datePublished\":\"2023-01-04T09:42:52+00:00\",\"breadcrumb\":{\"@id\":\"https:\\\/\\\/www.ohis.be\\\/de\\\/produit\\\/hhc-hydraulik-schlauche\\\/#breadcrumb\"},\"inLanguage\":\"de\",\"potentialAction\":[{\"@type\":\"ReadAction\",\"target\":[\"https:\\\/\\\/www.ohis.be\\\/de\\\/produit\\\/hhc-hydraulik-schlauche\\\/\"]}]},{\"@type\":\"ImageObject\",\"inLanguage\":\"de\",\"@id\":\"https:\\\/\\\/www.ohis.be\\\/de\\\/produit\\\/hhc-hydraulik-schlauche\\\/#primaryimage\",\"url\":\"https:\\\/\\\/www.ohis.be\\\/wp-content\\\/uploads\\\/2023\\\/01\\\/yale-hhc.jpg\",\"contentUrl\":\"https:\\\/\\\/www.ohis.be\\\/wp-content\\\/uploads\\\/2023\\\/01\\\/yale-hhc.jpg\",\"width\":468,\"height\":525,\"caption\":\"SPOTLIGHT 41463 33\"},{\"@type\":\"BreadcrumbList\",\"@id\":\"https:\\\/\\\/www.ohis.be\\\/de\\\/produit\\\/hhc-hydraulik-schlauche\\\/#breadcrumb\",\"itemListElement\":[{\"@type\":\"ListItem\",\"position\":1,\"name\":\"Accueil\",\"item\":\"https:\\\/\\\/www.ohis.be\\\/de\\\/\"},{\"@type\":\"ListItem\",\"position\":2,\"name\":\"Produkte\",\"item\":\"https:\\\/\\\/www.ohis.be\\\/de\\\/produkte\\\/\"},{\"@type\":\"ListItem\",\"position\":3,\"name\":\"HHC Hydraulik-Schl\u00e4uche\"}]},{\"@type\":\"WebSite\",\"@id\":\"https:\\\/\\\/www.ohis.be\\\/#website\",\"url\":\"https:\\\/\\\/www.ohis.be\\\/\",\"name\":\"Ohis\",\"description\":\"Outils de levage\",\"publisher\":{\"@id\":\"https:\\\/\\\/www.ohis.be\\\/#organization\"},\"potentialAction\":[{\"@type\":\"SearchAction\",\"target\":{\"@type\":\"EntryPoint\",\"urlTemplate\":\"https:\\\/\\\/www.ohis.be\\\/?s={search_term_string}\"},\"query-input\":{\"@type\":\"PropertyValueSpecification\",\"valueRequired\":true,\"valueName\":\"search_term_string\"}}],\"inLanguage\":\"de\"},{\"@type\":\"Organization\",\"@id\":\"https:\\\/\\\/www.ohis.be\\\/#organization\",\"name\":\"Ohis\",\"url\":\"https:\\\/\\\/www.ohis.be\\\/\",\"logo\":{\"@type\":\"ImageObject\",\"inLanguage\":\"de\",\"@id\":\"https:\\\/\\\/www.ohis.be\\\/#\\\/schema\\\/logo\\\/image\\\/\",\"url\":\"https:\\\/\\\/www.ohis.be\\\/wp-content\\\/uploads\\\/2021\\\/02\\\/logo-ohis-wit.svg\",\"contentUrl\":\"https:\\\/\\\/www.ohis.be\\\/wp-content\\\/uploads\\\/2021\\\/02\\\/logo-ohis-wit.svg\",\"caption\":\"Ohis\"},\"image\":{\"@id\":\"https:\\\/\\\/www.ohis.be\\\/#\\\/schema\\\/logo\\\/image\\\/\"}}]}<\/script>\n<!-- \/ Yoast SEO plugin. -->","yoast_head_json":{"title":"HHC Hydraulik-Schl\u00e4uche - Ohis","robots":{"index":"index","follow":"follow","max-snippet":"max-snippet:-1","max-image-preview":"max-image-preview:large","max-video-preview":"max-video-preview:-1"},"canonical":"https:\/\/www.ohis.be\/de\/produit\/hhc-hydraulik-schlauche\/","og_locale":"de_DE","og_type":"article","og_title":"HHC Hydraulik-Schl\u00e4uche - Ohis","og_description":"Diese Thermoplast-Hochdruck-Hydraulikschl\u00e4uche sind von h\u00f6chster Qualit\u00e4t und Haltbarkeit. Die vierlagigen Schl\u00e4uche verf\u00fcgen \u00fcber zwei Stahllagen, stabile Armaturen mit 19 mm Sechskant und einen abriebfesten Au\u00dfenmantel. Die Volumenausdehnung ist \u00e4u\u00dferst gering. Hydraulikschl\u00e4uche des HHC haben serienm\u00e4\u00dfig den passenden Kupplungsstecker CMY-1. Standardschlauchl\u00e4ngen siehe Tabelle; andere L\u00e4ngen und gr\u00f6\u00dfere Nennweiten liefern wir selbstverst\u00e4ndlich auf Anfrage.  Auswahlhilfe f\u00fcr Hydraulikschl\u00e4uche  Hydraulikschlauch f\u00fcr Standard-Kombination (\u2012 Pumpe \u2012 Schlauch \u2012 Zylinder \u2012): Bestellen Sie einen Standardschlauch mit Kupplungsstecker, HHC-... (z. B. HHC-20).  Hydraulikschlauch soll beidseitig kuppelbar sein (beidseitig Kupplungsstecker CMY-1): Bei langen Hydraulikschl\u00e4uchen zu empfehlen. Bestellen Sie zus\u00e4tzlich zum normalen HHC-\u2026 Schlauch eine komplette Kupplung CCY-1.  Hydraulikschlauch als Verl\u00e4ngerungsschlauch (einseitig Kupplungsstecker, andere Seite Kupplungsmuffe): Bestellen Sie zum normalen HHC-... Schlauch beliebiger L\u00e4nge zus\u00e4tzlich eine Kupplungsmuffe, CFY-2 (mit Innengewinde).  Hydraulikschl\u00e4uche ohne Kupplungsteile (beidseitig Einschraubgewinde): Sind ebenfalls erh\u00e4ltlich, HH-... (beidseitig 3\/8-NPT au\u00dfen).","og_url":"https:\/\/www.ohis.be\/de\/produit\/hhc-hydraulik-schlauche\/","og_site_name":"Ohis","og_image":[{"width":468,"height":525,"url":"https:\/\/www.ohis.be\/wp-content\/uploads\/2023\/01\/yale-hhc.jpg","type":"image\/jpeg"}],"twitter_card":"summary_large_image","twitter_misc":{"Gesch\u00e4tzte Lesezeit":"1\u00a0Minute"},"schema":{"@context":"https:\/\/schema.org","@graph":[{"@type":"WebPage","@id":"https:\/\/www.ohis.be\/de\/produit\/hhc-hydraulik-schlauche\/","url":"https:\/\/www.ohis.be\/de\/produit\/hhc-hydraulik-schlauche\/","name":"HHC Hydraulik-Schl\u00e4uche - Ohis","isPartOf":{"@id":"https:\/\/www.ohis.be\/#website"},"primaryImageOfPage":{"@id":"https:\/\/www.ohis.be\/de\/produit\/hhc-hydraulik-schlauche\/#primaryimage"},"image":{"@id":"https:\/\/www.ohis.be\/de\/produit\/hhc-hydraulik-schlauche\/#primaryimage"},"thumbnailUrl":"https:\/\/www.ohis.be\/wp-content\/uploads\/2023\/01\/yale-hhc.jpg","datePublished":"2023-01-04T09:42:52+00:00","breadcrumb":{"@id":"https:\/\/www.ohis.be\/de\/produit\/hhc-hydraulik-schlauche\/#breadcrumb"},"inLanguage":"de","potentialAction":[{"@type":"ReadAction","target":["https:\/\/www.ohis.be\/de\/produit\/hhc-hydraulik-schlauche\/"]}]},{"@type":"ImageObject","inLanguage":"de","@id":"https:\/\/www.ohis.be\/de\/produit\/hhc-hydraulik-schlauche\/#primaryimage","url":"https:\/\/www.ohis.be\/wp-content\/uploads\/2023\/01\/yale-hhc.jpg","contentUrl":"https:\/\/www.ohis.be\/wp-content\/uploads\/2023\/01\/yale-hhc.jpg","width":468,"height":525,"caption":"SPOTLIGHT 41463 33"},{"@type":"BreadcrumbList","@id":"https:\/\/www.ohis.be\/de\/produit\/hhc-hydraulik-schlauche\/#breadcrumb","itemListElement":[{"@type":"ListItem","position":1,"name":"Accueil","item":"https:\/\/www.ohis.be\/de\/"},{"@type":"ListItem","position":2,"name":"Produkte","item":"https:\/\/www.ohis.be\/de\/produkte\/"},{"@type":"ListItem","position":3,"name":"HHC Hydraulik-Schl\u00e4uche"}]},{"@type":"WebSite","@id":"https:\/\/www.ohis.be\/#website","url":"https:\/\/www.ohis.be\/","name":"Ohis","description":"Outils de levage","publisher":{"@id":"https:\/\/www.ohis.be\/#organization"},"potentialAction":[{"@type":"SearchAction","target":{"@type":"EntryPoint","urlTemplate":"https:\/\/www.ohis.be\/?s={search_term_string}"},"query-input":{"@type":"PropertyValueSpecification","valueRequired":true,"valueName":"search_term_string"}}],"inLanguage":"de"},{"@type":"Organization","@id":"https:\/\/www.ohis.be\/#organization","name":"Ohis","url":"https:\/\/www.ohis.be\/","logo":{"@type":"ImageObject","inLanguage":"de","@id":"https:\/\/www.ohis.be\/#\/schema\/logo\/image\/","url":"https:\/\/www.ohis.be\/wp-content\/uploads\/2021\/02\/logo-ohis-wit.svg","contentUrl":"https:\/\/www.ohis.be\/wp-content\/uploads\/2021\/02\/logo-ohis-wit.svg","caption":"Ohis"},"image":{"@id":"https:\/\/www.ohis.be\/#\/schema\/logo\/image\/"}}]}},"_links":{"self":[{"href":"https:\/\/www.ohis.be\/de\/wp-json\/wp\/v2\/product\/24550","targetHints":{"allow":["GET"]}}],"collection":[{"href":"https:\/\/www.ohis.be\/de\/wp-json\/wp\/v2\/product"}],"about":[{"href":"https:\/\/www.ohis.be\/de\/wp-json\/wp\/v2\/types\/product"}],"wp:featuredmedia":[{"embeddable":true,"href":"https:\/\/www.ohis.be\/de\/wp-json\/wp\/v2\/media\/22972"}],"wp:attachment":[{"href":"https:\/\/www.ohis.be\/de\/wp-json\/wp\/v2\/media?parent=24550"}],"wp:term":[{"taxonomy":"product_brand","embeddable":true,"href":"https:\/\/www.ohis.be\/de\/wp-json\/wp\/v2\/product_brand?post=24550"},{"taxonomy":"product_cat","embeddable":true,"href":"https:\/\/www.ohis.be\/de\/wp-json\/wp\/v2\/product_cat?post=24550"},{"taxonomy":"product_tag","embeddable":true,"href":"https:\/\/www.ohis.be\/de\/wp-json\/wp\/v2\/product_tag?post=24550"}],"curies":[{"name":"wp","href":"https:\/\/api.w.org\/{rel}","templated":true}]}}