{"id":24394,"date":"2023-01-04T15:22:06","date_gmt":"2023-01-04T14:22:06","guid":{"rendered":"https:\/\/www.ohis.be\/produit\/ajh-ajs-crics-aluminiu\/"},"modified":"2023-01-04T15:22:06","modified_gmt":"2023-01-04T14:22:06","slug":"ajh-ajs-crics-aluminiu","status":"publish","type":"product","link":"https:\/\/www.ohis.be\/de\/produit\/ajh-ajs-crics-aluminiu\/","title":{"rendered":"AJH \/ AJS Aluminium Hydraulikheber"},"content":{"rendered":"<p>Tragf\u00e4higkeit 6,5 &#8211; 100 t<br \/>\nDie Heber zeichnen sich durch ein extrem niedriges Gewicht bei hoher Hubkraft aus. Die Verwendung einer hochfesten Aluminium-Legierung macht Hubkr\u00e4fte bis 100 t m\u00f6glich. Daraus resultiert ein \u00e4u\u00dferst g\u00fcnstiges Verh\u00e4ltnis von 1,8 t Hubkraft pro 1 kg Gewicht. Die Bedienung dieser Heber ist denkbar einfach. Die Lieferung erfolgt betriebsfertig, d. h. einschl. Hydraulik\u00f6l, Pumpenhebel und ggf. Tragegriff.<\/p>\n<p>Anwendungsbereiche<br \/>\nDie Heber sind universell einsetzbar und finden ihre Anwendung in allen Werkst\u00e4tten sowie auf allen Baustellen der Stahlindustrie, in Schiffswerften, im Stahl- und Br\u00fcckenbau &#8230; \u00fcberall dort, wo gehoben, positioniert, abgest\u00fctzt und gepresst wird. Durch die Kombination mit zus\u00e4tzlicher Hubklaue bzw. Sicherheitsmutter sind die Anwendungsm\u00f6glichkeiten unbegrenzt. Normalheber und Heber mit Sicherheitsmutter k\u00f6nnen nicht mit Hubklauen kombiniert werden. Zur Erh\u00f6hung der Standsicherheit verf\u00fcgen alle Heber mit langem Hub \u00fcber die verl\u00e4ngerte Grundplatte.<\/p>\n<p>Ausstattung und Verarbeitung<br \/>\n\u2022 Hubh\u00f6hen von 75 &#8211; 305 mm.<br \/>\n\u2022 Extrem niedriges Gewicht.<br \/>\n\u2022 Die 6,5 und 10 t Heber sind in allen Lagen einsetzbar (auch \u00fcberkopf) und verf\u00fcgen \u00fcber Federr\u00fcckzug des Kolbens.<br \/>\n\u2022 Die 20 &#8211; 100 t Heber sind vertikal und horizontal einsetzbar.<br \/>\n\u2022 Alle Heber mit \u00dcberdruckventil.<br \/>\n\u2022 Ab 20 t mit zus\u00e4tzlicher mech. Hubbegrenzung.<br \/>\n\u2022 Alle Heber mit geh\u00e4rtetem Stahldruckst\u00fcck und feinf\u00fchligem Ablassventil, welches mit dem Pumpenhebel bedient wird.<\/p>\n","protected":false},"excerpt":{"rendered":"<p>Tragf\u00e4higkeit 6,5 &#8211; 100 t<br \/>\nDie Heber zeichnen sich durch ein extrem niedriges Gewicht bei hoher Hubkraft aus. Die Verwendung einer hochfesten Aluminium-Legierung macht Hubkr\u00e4fte bis 100 t m\u00f6glich. Daraus resultiert ein \u00e4u\u00dferst g\u00fcnstiges Verh\u00e4ltnis von 1,8 t Hubkraft pro 1 kg Gewicht. Die Bedienung dieser Heber ist denkbar einfach. Die Lieferung erfolgt betriebsfertig, d. h. einschl. Hydraulik\u00f6l, Pumpenhebel und ggf. Tragegriff.<\/p>\n<p>Anwendungsbereiche<br \/>\nDie Heber sind universell einsetzbar und finden ihre Anwendung in allen Werkst\u00e4tten sowie auf allen Baustellen der Stahlindustrie, in Schiffswerften, im Stahl- und Br\u00fcckenbau &#8230; \u00fcberall dort, wo gehoben, positioniert, abgest\u00fctzt und gepresst wird. Durch die Kombination mit zus\u00e4tzlicher Hubklaue bzw. Sicherheitsmutter sind die Anwendungsm\u00f6glichkeiten unbegrenzt. Normalheber und Heber mit Sicherheitsmutter k\u00f6nnen nicht mit Hubklauen kombiniert werden. Zur Erh\u00f6hung der Standsicherheit verf\u00fcgen alle Heber mit langem Hub \u00fcber die verl\u00e4ngerte Grundplatte.<\/p>\n<p>Ausstattung und Verarbeitung<br \/>\n\u2022 Hubh\u00f6hen von 75 &#8211; 305 mm.<br \/>\n\u2022 Extrem niedriges Gewicht.<br \/>\n\u2022 Die 6,5 und 10 t Heber sind in allen Lagen einsetzbar (auch \u00fcberkopf) und verf\u00fcgen \u00fcber Federr\u00fcckzug des Kolbens.<br \/>\n\u2022 Die 20 &#8211; 100 t Heber sind vertikal und horizontal einsetzbar.<br \/>\n\u2022 Alle Heber mit \u00dcberdruckventil.<br \/>\n\u2022 Ab 20 t mit zus\u00e4tzlicher mech. Hubbegrenzung.<br \/>\n\u2022 Alle Heber mit geh\u00e4rtetem Stahldruckst\u00fcck und feinf\u00fchligem Ablassventil, welches mit dem Pumpenhebel bedient wird.<\/p>\n","protected":false},"featured_media":23193,"template":"","meta":{"_acf_changed":false,"inline_featured_image":false},"product_brand":[],"product_cat":[1632],"product_tag":[705],"class_list":{"0":"post-24394","1":"product","2":"type-product","3":"status-publish","4":"has-post-thumbnail","6":"product_cat-wagenheber","7":"product_tag-yale-de","9":"first","10":"onbackorder","11":"taxable","12":"shipping-taxable","13":"purchasable","14":"product-type-variable"},"acf":[],"yoast_head":"<!-- This site is optimized with the Yoast SEO plugin v27.5 - https:\/\/yoast.com\/product\/yoast-seo-wordpress\/ -->\n<title>AJH \/ AJS Aluminium Hydraulikheber - Ohis<\/title>\n<meta name=\"robots\" content=\"index, follow, max-snippet:-1, max-image-preview:large, max-video-preview:-1\" \/>\n<link rel=\"canonical\" href=\"https:\/\/www.ohis.be\/de\/produit\/ajh-ajs-crics-aluminiu\/\" \/>\n<meta property=\"og:locale\" content=\"de_DE\" \/>\n<meta property=\"og:type\" content=\"article\" \/>\n<meta property=\"og:title\" content=\"AJH \/ AJS Aluminium Hydraulikheber - Ohis\" \/>\n<meta property=\"og:description\" content=\"Tragf\u00e4higkeit 6,5 - 100 t Die Heber zeichnen sich durch ein extrem niedriges Gewicht bei hoher Hubkraft aus. Die Verwendung einer hochfesten Aluminium-Legierung macht Hubkr\u00e4fte bis 100 t m\u00f6glich. Daraus resultiert ein \u00e4u\u00dferst g\u00fcnstiges Verh\u00e4ltnis von 1,8 t Hubkraft pro 1 kg Gewicht. Die Bedienung dieser Heber ist denkbar einfach. Die Lieferung erfolgt betriebsfertig, d. h. einschl. Hydraulik\u00f6l, Pumpenhebel und ggf. Tragegriff.  Anwendungsbereiche Die Heber sind universell einsetzbar und finden ihre Anwendung in allen Werkst\u00e4tten sowie auf allen Baustellen der Stahlindustrie, in Schiffswerften, im Stahl- und Br\u00fcckenbau ... \u00fcberall dort, wo gehoben, positioniert, abgest\u00fctzt und gepresst wird. Durch die Kombination mit zus\u00e4tzlicher Hubklaue bzw. Sicherheitsmutter sind die Anwendungsm\u00f6glichkeiten unbegrenzt. Normalheber und Heber mit Sicherheitsmutter k\u00f6nnen nicht mit Hubklauen kombiniert werden. Zur Erh\u00f6hung der Standsicherheit verf\u00fcgen alle Heber mit langem Hub \u00fcber die verl\u00e4ngerte Grundplatte.  Ausstattung und Verarbeitung \u2022 Hubh\u00f6hen von 75 - 305 mm. \u2022 Extrem niedriges Gewicht. \u2022 Die 6,5 und 10 t Heber sind in allen Lagen einsetzbar (auch \u00fcberkopf) und verf\u00fcgen \u00fcber Federr\u00fcckzug des Kolbens. \u2022 Die 20 - 100 t Heber sind vertikal und horizontal einsetzbar. \u2022 Alle Heber mit \u00dcberdruckventil. \u2022 Ab 20 t mit zus\u00e4tzlicher mech. Hubbegrenzung. \u2022 Alle Heber mit geh\u00e4rtetem Stahldruckst\u00fcck und feinf\u00fchligem Ablassventil, welches mit dem Pumpenhebel bedient wird.\" \/>\n<meta property=\"og:url\" content=\"https:\/\/www.ohis.be\/de\/produit\/ajh-ajs-crics-aluminiu\/\" \/>\n<meta property=\"og:site_name\" content=\"Ohis\" \/>\n<meta property=\"og:image\" content=\"https:\/\/www.ohis.be\/wp-content\/uploads\/2023\/01\/yale-ajh.jpg\" \/>\n\t<meta property=\"og:image:width\" content=\"608\" \/>\n\t<meta property=\"og:image:height\" content=\"479\" \/>\n\t<meta property=\"og:image:type\" content=\"image\/jpeg\" \/>\n<meta name=\"twitter:card\" content=\"summary_large_image\" \/>\n<meta name=\"twitter:label1\" content=\"Gesch\u00e4tzte Lesezeit\" \/>\n\t<meta name=\"twitter:data1\" content=\"1\u00a0Minute\" \/>\n<script type=\"application\/ld+json\" class=\"yoast-schema-graph\">{\"@context\":\"https:\\\/\\\/schema.org\",\"@graph\":[{\"@type\":\"WebPage\",\"@id\":\"https:\\\/\\\/www.ohis.be\\\/de\\\/produit\\\/ajh-ajs-crics-aluminiu\\\/\",\"url\":\"https:\\\/\\\/www.ohis.be\\\/de\\\/produit\\\/ajh-ajs-crics-aluminiu\\\/\",\"name\":\"AJH \\\/ AJS Aluminium Hydraulikheber - Ohis\",\"isPartOf\":{\"@id\":\"https:\\\/\\\/www.ohis.be\\\/de\\\/#website\"},\"primaryImageOfPage\":{\"@id\":\"https:\\\/\\\/www.ohis.be\\\/de\\\/produit\\\/ajh-ajs-crics-aluminiu\\\/#primaryimage\"},\"image\":{\"@id\":\"https:\\\/\\\/www.ohis.be\\\/de\\\/produit\\\/ajh-ajs-crics-aluminiu\\\/#primaryimage\"},\"thumbnailUrl\":\"https:\\\/\\\/www.ohis.be\\\/wp-content\\\/uploads\\\/2023\\\/01\\\/yale-ajh.jpg\",\"datePublished\":\"2023-01-04T14:22:06+00:00\",\"breadcrumb\":{\"@id\":\"https:\\\/\\\/www.ohis.be\\\/de\\\/produit\\\/ajh-ajs-crics-aluminiu\\\/#breadcrumb\"},\"inLanguage\":\"de\",\"potentialAction\":[{\"@type\":\"ReadAction\",\"target\":[\"https:\\\/\\\/www.ohis.be\\\/de\\\/produit\\\/ajh-ajs-crics-aluminiu\\\/\"]}]},{\"@type\":\"ImageObject\",\"inLanguage\":\"de\",\"@id\":\"https:\\\/\\\/www.ohis.be\\\/de\\\/produit\\\/ajh-ajs-crics-aluminiu\\\/#primaryimage\",\"url\":\"https:\\\/\\\/www.ohis.be\\\/wp-content\\\/uploads\\\/2023\\\/01\\\/yale-ajh.jpg\",\"contentUrl\":\"https:\\\/\\\/www.ohis.be\\\/wp-content\\\/uploads\\\/2023\\\/01\\\/yale-ajh.jpg\",\"width\":608,\"height\":479},{\"@type\":\"BreadcrumbList\",\"@id\":\"https:\\\/\\\/www.ohis.be\\\/de\\\/produit\\\/ajh-ajs-crics-aluminiu\\\/#breadcrumb\",\"itemListElement\":[{\"@type\":\"ListItem\",\"position\":1,\"name\":\"Accueil\",\"item\":\"https:\\\/\\\/www.ohis.be\\\/de\\\/\"},{\"@type\":\"ListItem\",\"position\":2,\"name\":\"Produkte\",\"item\":\"https:\\\/\\\/www.ohis.be\\\/de\\\/produkte\\\/\"},{\"@type\":\"ListItem\",\"position\":3,\"name\":\"AJH \\\/ AJS Aluminium Hydraulikheber\"}]},{\"@type\":\"WebSite\",\"@id\":\"https:\\\/\\\/www.ohis.be\\\/de\\\/#website\",\"url\":\"https:\\\/\\\/www.ohis.be\\\/de\\\/\",\"name\":\"Ohis\",\"description\":\"Outils de levage\",\"publisher\":{\"@id\":\"https:\\\/\\\/www.ohis.be\\\/de\\\/#organization\"},\"potentialAction\":[{\"@type\":\"SearchAction\",\"target\":{\"@type\":\"EntryPoint\",\"urlTemplate\":\"https:\\\/\\\/www.ohis.be\\\/de\\\/?s={search_term_string}\"},\"query-input\":{\"@type\":\"PropertyValueSpecification\",\"valueRequired\":true,\"valueName\":\"search_term_string\"}}],\"inLanguage\":\"de\"},{\"@type\":\"Organization\",\"@id\":\"https:\\\/\\\/www.ohis.be\\\/de\\\/#organization\",\"name\":\"Ohis\",\"url\":\"https:\\\/\\\/www.ohis.be\\\/de\\\/\",\"logo\":{\"@type\":\"ImageObject\",\"inLanguage\":\"de\",\"@id\":\"https:\\\/\\\/www.ohis.be\\\/de\\\/#\\\/schema\\\/logo\\\/image\\\/\",\"url\":\"https:\\\/\\\/www.ohis.be\\\/wp-content\\\/uploads\\\/2021\\\/02\\\/logo-ohis-wit.svg\",\"contentUrl\":\"https:\\\/\\\/www.ohis.be\\\/wp-content\\\/uploads\\\/2021\\\/02\\\/logo-ohis-wit.svg\",\"caption\":\"Ohis\"},\"image\":{\"@id\":\"https:\\\/\\\/www.ohis.be\\\/de\\\/#\\\/schema\\\/logo\\\/image\\\/\"}}]}<\/script>\n<!-- \/ Yoast SEO plugin. -->","yoast_head_json":{"title":"AJH \/ AJS Aluminium Hydraulikheber - Ohis","robots":{"index":"index","follow":"follow","max-snippet":"max-snippet:-1","max-image-preview":"max-image-preview:large","max-video-preview":"max-video-preview:-1"},"canonical":"https:\/\/www.ohis.be\/de\/produit\/ajh-ajs-crics-aluminiu\/","og_locale":"de_DE","og_type":"article","og_title":"AJH \/ AJS Aluminium Hydraulikheber - Ohis","og_description":"Tragf\u00e4higkeit 6,5 - 100 t Die Heber zeichnen sich durch ein extrem niedriges Gewicht bei hoher Hubkraft aus. Die Verwendung einer hochfesten Aluminium-Legierung macht Hubkr\u00e4fte bis 100 t m\u00f6glich. Daraus resultiert ein \u00e4u\u00dferst g\u00fcnstiges Verh\u00e4ltnis von 1,8 t Hubkraft pro 1 kg Gewicht. Die Bedienung dieser Heber ist denkbar einfach. Die Lieferung erfolgt betriebsfertig, d. h. einschl. Hydraulik\u00f6l, Pumpenhebel und ggf. Tragegriff.  Anwendungsbereiche Die Heber sind universell einsetzbar und finden ihre Anwendung in allen Werkst\u00e4tten sowie auf allen Baustellen der Stahlindustrie, in Schiffswerften, im Stahl- und Br\u00fcckenbau ... \u00fcberall dort, wo gehoben, positioniert, abgest\u00fctzt und gepresst wird. Durch die Kombination mit zus\u00e4tzlicher Hubklaue bzw. Sicherheitsmutter sind die Anwendungsm\u00f6glichkeiten unbegrenzt. Normalheber und Heber mit Sicherheitsmutter k\u00f6nnen nicht mit Hubklauen kombiniert werden. Zur Erh\u00f6hung der Standsicherheit verf\u00fcgen alle Heber mit langem Hub \u00fcber die verl\u00e4ngerte Grundplatte.  Ausstattung und Verarbeitung \u2022 Hubh\u00f6hen von 75 - 305 mm. \u2022 Extrem niedriges Gewicht. \u2022 Die 6,5 und 10 t Heber sind in allen Lagen einsetzbar (auch \u00fcberkopf) und verf\u00fcgen \u00fcber Federr\u00fcckzug des Kolbens. \u2022 Die 20 - 100 t Heber sind vertikal und horizontal einsetzbar. \u2022 Alle Heber mit \u00dcberdruckventil. \u2022 Ab 20 t mit zus\u00e4tzlicher mech. Hubbegrenzung. \u2022 Alle Heber mit geh\u00e4rtetem Stahldruckst\u00fcck und feinf\u00fchligem Ablassventil, welches mit dem Pumpenhebel bedient wird.","og_url":"https:\/\/www.ohis.be\/de\/produit\/ajh-ajs-crics-aluminiu\/","og_site_name":"Ohis","og_image":[{"width":608,"height":479,"url":"https:\/\/www.ohis.be\/wp-content\/uploads\/2023\/01\/yale-ajh.jpg","type":"image\/jpeg"}],"twitter_card":"summary_large_image","twitter_misc":{"Gesch\u00e4tzte Lesezeit":"1\u00a0Minute"},"schema":{"@context":"https:\/\/schema.org","@graph":[{"@type":"WebPage","@id":"https:\/\/www.ohis.be\/de\/produit\/ajh-ajs-crics-aluminiu\/","url":"https:\/\/www.ohis.be\/de\/produit\/ajh-ajs-crics-aluminiu\/","name":"AJH \/ AJS Aluminium Hydraulikheber - Ohis","isPartOf":{"@id":"https:\/\/www.ohis.be\/de\/#website"},"primaryImageOfPage":{"@id":"https:\/\/www.ohis.be\/de\/produit\/ajh-ajs-crics-aluminiu\/#primaryimage"},"image":{"@id":"https:\/\/www.ohis.be\/de\/produit\/ajh-ajs-crics-aluminiu\/#primaryimage"},"thumbnailUrl":"https:\/\/www.ohis.be\/wp-content\/uploads\/2023\/01\/yale-ajh.jpg","datePublished":"2023-01-04T14:22:06+00:00","breadcrumb":{"@id":"https:\/\/www.ohis.be\/de\/produit\/ajh-ajs-crics-aluminiu\/#breadcrumb"},"inLanguage":"de","potentialAction":[{"@type":"ReadAction","target":["https:\/\/www.ohis.be\/de\/produit\/ajh-ajs-crics-aluminiu\/"]}]},{"@type":"ImageObject","inLanguage":"de","@id":"https:\/\/www.ohis.be\/de\/produit\/ajh-ajs-crics-aluminiu\/#primaryimage","url":"https:\/\/www.ohis.be\/wp-content\/uploads\/2023\/01\/yale-ajh.jpg","contentUrl":"https:\/\/www.ohis.be\/wp-content\/uploads\/2023\/01\/yale-ajh.jpg","width":608,"height":479},{"@type":"BreadcrumbList","@id":"https:\/\/www.ohis.be\/de\/produit\/ajh-ajs-crics-aluminiu\/#breadcrumb","itemListElement":[{"@type":"ListItem","position":1,"name":"Accueil","item":"https:\/\/www.ohis.be\/de\/"},{"@type":"ListItem","position":2,"name":"Produkte","item":"https:\/\/www.ohis.be\/de\/produkte\/"},{"@type":"ListItem","position":3,"name":"AJH \/ AJS Aluminium Hydraulikheber"}]},{"@type":"WebSite","@id":"https:\/\/www.ohis.be\/de\/#website","url":"https:\/\/www.ohis.be\/de\/","name":"Ohis","description":"Outils de levage","publisher":{"@id":"https:\/\/www.ohis.be\/de\/#organization"},"potentialAction":[{"@type":"SearchAction","target":{"@type":"EntryPoint","urlTemplate":"https:\/\/www.ohis.be\/de\/?s={search_term_string}"},"query-input":{"@type":"PropertyValueSpecification","valueRequired":true,"valueName":"search_term_string"}}],"inLanguage":"de"},{"@type":"Organization","@id":"https:\/\/www.ohis.be\/de\/#organization","name":"Ohis","url":"https:\/\/www.ohis.be\/de\/","logo":{"@type":"ImageObject","inLanguage":"de","@id":"https:\/\/www.ohis.be\/de\/#\/schema\/logo\/image\/","url":"https:\/\/www.ohis.be\/wp-content\/uploads\/2021\/02\/logo-ohis-wit.svg","contentUrl":"https:\/\/www.ohis.be\/wp-content\/uploads\/2021\/02\/logo-ohis-wit.svg","caption":"Ohis"},"image":{"@id":"https:\/\/www.ohis.be\/de\/#\/schema\/logo\/image\/"}}]}},"_links":{"self":[{"href":"https:\/\/www.ohis.be\/de\/wp-json\/wp\/v2\/product\/24394","targetHints":{"allow":["GET"]}}],"collection":[{"href":"https:\/\/www.ohis.be\/de\/wp-json\/wp\/v2\/product"}],"about":[{"href":"https:\/\/www.ohis.be\/de\/wp-json\/wp\/v2\/types\/product"}],"wp:featuredmedia":[{"embeddable":true,"href":"https:\/\/www.ohis.be\/de\/wp-json\/wp\/v2\/media\/23193"}],"wp:attachment":[{"href":"https:\/\/www.ohis.be\/de\/wp-json\/wp\/v2\/media?parent=24394"}],"wp:term":[{"taxonomy":"product_brand","embeddable":true,"href":"https:\/\/www.ohis.be\/de\/wp-json\/wp\/v2\/product_brand?post=24394"},{"taxonomy":"product_cat","embeddable":true,"href":"https:\/\/www.ohis.be\/de\/wp-json\/wp\/v2\/product_cat?post=24394"},{"taxonomy":"product_tag","embeddable":true,"href":"https:\/\/www.ohis.be\/de\/wp-json\/wp\/v2\/product_tag?post=24394"}],"curies":[{"name":"wp","href":"https:\/\/api.w.org\/{rel}","templated":true}]}}