{"id":24357,"date":"2023-01-04T15:45:56","date_gmt":"2023-01-04T14:45:56","guid":{"rendered":"https:\/\/www.ohis.be\/produit\/yap-hydraulische-maschinenheber\/"},"modified":"2023-01-04T15:45:56","modified_gmt":"2023-01-04T14:45:56","slug":"yap-hydraulische-maschinenheber","status":"publish","type":"product","link":"https:\/\/www.ohis.be\/de\/produit\/yap-hydraulische-maschinenheber\/","title":{"rendered":"YAP Hydraulische Maschinenheber"},"content":{"rendered":"<p>Tragf\u00e4higkeit 4,5 &#8211; 50 t<br \/>\nHydraulische Maschinenheber zum sicheren Anheben von Maschinen und \u00e4hnlichen Bauteilen.<\/p>\n<p>Ausstattung und Verarbeitung<br \/>\n\u2022 Diese Heber werden mit extern anzuschlie\u00dfenden Pumpen betrieben, wie z. B. Hand-, oder Motorpumpen, aber auch mit Synchronhubaggregaten.<br \/>\n\u2022 Durch die kompakte Bauweise ist ein Einsatz selbst bei sehr beengten Platzverh\u00e4ltnissen m\u00f6glich.<br \/>\n\u2022 Dreifach einh\u00e4ngbare Hubklaue gew\u00e4hrleistet hohe Flexibilit\u00e4t (YAP-5130 vierfach).<br \/>\n\u2022 Die Last kann sowohl mit der Hubklaue, wie auch mit der Kopfplatte gehoben werden.<br \/>\n\u2022 Festverschwei\u00dfte, verwindungssteife Stahlkonstruktion.<br \/>\n\u2022 Hochwertige, langlebige Hydraulik-Komponenten.<br \/>\n\u2022 Minimale Ansetzh\u00f6he mittels flacher Hubklaue.<br \/>\n\u2022 Sicherer Stand durch schwenkbare St\u00fctzf\u00fc\u00dfe.<br \/>\n\u2022 Die Verbindung zur Pumpe erfolgt mittels eines Hydraulikschlauches.<br \/>\n\u2022 Betriebsfertige Lieferung einschl. Tragegriffen und Kupplungsh\u00e4lfte.<\/p>\n","protected":false},"excerpt":{"rendered":"<p>Tragf\u00e4higkeit 4,5 &#8211; 50 t<br \/>\nHydraulische Maschinenheber zum sicheren Anheben von Maschinen und \u00e4hnlichen Bauteilen.<\/p>\n<p>Ausstattung und Verarbeitung<br \/>\n\u2022 Diese Heber werden mit extern anzuschlie\u00dfenden Pumpen betrieben, wie z. B. Hand-, oder Motorpumpen, aber auch mit Synchronhubaggregaten.<br \/>\n\u2022 Durch die kompakte Bauweise ist ein Einsatz selbst bei sehr beengten Platzverh\u00e4ltnissen m\u00f6glich.<br \/>\n\u2022 Dreifach einh\u00e4ngbare Hubklaue gew\u00e4hrleistet hohe Flexibilit\u00e4t (YAP-5130 vierfach).<br \/>\n\u2022 Die Last kann sowohl mit der Hubklaue, wie auch mit der Kopfplatte gehoben werden.<br \/>\n\u2022 Festverschwei\u00dfte, verwindungssteife Stahlkonstruktion.<br \/>\n\u2022 Hochwertige, langlebige Hydraulik-Komponenten.<br \/>\n\u2022 Minimale Ansetzh\u00f6he mittels flacher Hubklaue.<br \/>\n\u2022 Sicherer Stand durch schwenkbare St\u00fctzf\u00fc\u00dfe.<br \/>\n\u2022 Die Verbindung zur Pumpe erfolgt mittels eines Hydraulikschlauches.<br \/>\n\u2022 Betriebsfertige Lieferung einschl. Tragegriffen und Kupplungsh\u00e4lfte.<\/p>\n","protected":false},"featured_media":23272,"template":"","meta":{"_acf_changed":false,"inline_featured_image":false},"product_brand":[],"product_cat":[1632],"product_tag":[705],"class_list":{"0":"post-24357","1":"product","2":"type-product","3":"status-publish","4":"has-post-thumbnail","6":"product_cat-wagenheber","7":"product_tag-yale-de","9":"first","10":"onbackorder","11":"taxable","12":"shipping-taxable","13":"purchasable","14":"product-type-variable"},"acf":[],"yoast_head":"<!-- This site is optimized with the Yoast SEO plugin v27.4 - https:\/\/yoast.com\/product\/yoast-seo-wordpress\/ -->\n<title>YAP Hydraulische Maschinenheber - Ohis<\/title>\n<meta name=\"robots\" content=\"index, follow, max-snippet:-1, max-image-preview:large, max-video-preview:-1\" \/>\n<link rel=\"canonical\" href=\"https:\/\/www.ohis.be\/de\/produit\/yap-hydraulische-maschinenheber\/\" \/>\n<meta property=\"og:locale\" content=\"de_DE\" \/>\n<meta property=\"og:type\" content=\"article\" \/>\n<meta property=\"og:title\" content=\"YAP Hydraulische Maschinenheber - Ohis\" \/>\n<meta property=\"og:description\" content=\"Tragf\u00e4higkeit 4,5 - 50 t Hydraulische Maschinenheber zum sicheren Anheben von Maschinen und \u00e4hnlichen Bauteilen.  Ausstattung und Verarbeitung \u2022 Diese Heber werden mit extern anzuschlie\u00dfenden Pumpen betrieben, wie z. B. Hand-, oder Motorpumpen, aber auch mit Synchronhubaggregaten. \u2022 Durch die kompakte Bauweise ist ein Einsatz selbst bei sehr beengten Platzverh\u00e4ltnissen m\u00f6glich. \u2022 Dreifach einh\u00e4ngbare Hubklaue gew\u00e4hrleistet hohe Flexibilit\u00e4t (YAP-5130 vierfach). \u2022 Die Last kann sowohl mit der Hubklaue, wie auch mit der Kopfplatte gehoben werden. \u2022 Festverschwei\u00dfte, verwindungssteife Stahlkonstruktion. \u2022 Hochwertige, langlebige Hydraulik-Komponenten. \u2022 Minimale Ansetzh\u00f6he mittels flacher Hubklaue. \u2022 Sicherer Stand durch schwenkbare St\u00fctzf\u00fc\u00dfe. \u2022 Die Verbindung zur Pumpe erfolgt mittels eines Hydraulikschlauches. \u2022 Betriebsfertige Lieferung einschl. Tragegriffen und Kupplungsh\u00e4lfte.\" \/>\n<meta property=\"og:url\" content=\"https:\/\/www.ohis.be\/de\/produit\/yap-hydraulische-maschinenheber\/\" \/>\n<meta property=\"og:site_name\" content=\"Ohis\" \/>\n<meta property=\"og:image\" content=\"https:\/\/www.ohis.be\/wp-content\/uploads\/2023\/01\/yale-yap1.jpg\" \/>\n\t<meta property=\"og:image:width\" content=\"363\" \/>\n\t<meta property=\"og:image:height\" content=\"351\" \/>\n\t<meta property=\"og:image:type\" content=\"image\/jpeg\" \/>\n<meta name=\"twitter:card\" content=\"summary_large_image\" \/>\n<meta name=\"twitter:label1\" content=\"Gesch\u00e4tzte Lesezeit\" \/>\n\t<meta name=\"twitter:data1\" content=\"1\u00a0Minute\" \/>\n<script type=\"application\/ld+json\" class=\"yoast-schema-graph\">{\"@context\":\"https:\\\/\\\/schema.org\",\"@graph\":[{\"@type\":\"WebPage\",\"@id\":\"https:\\\/\\\/www.ohis.be\\\/de\\\/produit\\\/yap-hydraulische-maschinenheber\\\/\",\"url\":\"https:\\\/\\\/www.ohis.be\\\/de\\\/produit\\\/yap-hydraulische-maschinenheber\\\/\",\"name\":\"YAP Hydraulische Maschinenheber - Ohis\",\"isPartOf\":{\"@id\":\"https:\\\/\\\/www.ohis.be\\\/#website\"},\"primaryImageOfPage\":{\"@id\":\"https:\\\/\\\/www.ohis.be\\\/de\\\/produit\\\/yap-hydraulische-maschinenheber\\\/#primaryimage\"},\"image\":{\"@id\":\"https:\\\/\\\/www.ohis.be\\\/de\\\/produit\\\/yap-hydraulische-maschinenheber\\\/#primaryimage\"},\"thumbnailUrl\":\"https:\\\/\\\/www.ohis.be\\\/wp-content\\\/uploads\\\/2023\\\/01\\\/yale-yap1.jpg\",\"datePublished\":\"2023-01-04T14:45:56+00:00\",\"breadcrumb\":{\"@id\":\"https:\\\/\\\/www.ohis.be\\\/de\\\/produit\\\/yap-hydraulische-maschinenheber\\\/#breadcrumb\"},\"inLanguage\":\"de\",\"potentialAction\":[{\"@type\":\"ReadAction\",\"target\":[\"https:\\\/\\\/www.ohis.be\\\/de\\\/produit\\\/yap-hydraulische-maschinenheber\\\/\"]}]},{\"@type\":\"ImageObject\",\"inLanguage\":\"de\",\"@id\":\"https:\\\/\\\/www.ohis.be\\\/de\\\/produit\\\/yap-hydraulische-maschinenheber\\\/#primaryimage\",\"url\":\"https:\\\/\\\/www.ohis.be\\\/wp-content\\\/uploads\\\/2023\\\/01\\\/yale-yap1.jpg\",\"contentUrl\":\"https:\\\/\\\/www.ohis.be\\\/wp-content\\\/uploads\\\/2023\\\/01\\\/yale-yap1.jpg\",\"width\":363,\"height\":351},{\"@type\":\"BreadcrumbList\",\"@id\":\"https:\\\/\\\/www.ohis.be\\\/de\\\/produit\\\/yap-hydraulische-maschinenheber\\\/#breadcrumb\",\"itemListElement\":[{\"@type\":\"ListItem\",\"position\":1,\"name\":\"Accueil\",\"item\":\"https:\\\/\\\/www.ohis.be\\\/de\\\/\"},{\"@type\":\"ListItem\",\"position\":2,\"name\":\"Produkte\",\"item\":\"https:\\\/\\\/www.ohis.be\\\/de\\\/produkte\\\/\"},{\"@type\":\"ListItem\",\"position\":3,\"name\":\"YAP Hydraulische Maschinenheber\"}]},{\"@type\":\"WebSite\",\"@id\":\"https:\\\/\\\/www.ohis.be\\\/#website\",\"url\":\"https:\\\/\\\/www.ohis.be\\\/\",\"name\":\"Ohis\",\"description\":\"Outils de levage\",\"publisher\":{\"@id\":\"https:\\\/\\\/www.ohis.be\\\/#organization\"},\"potentialAction\":[{\"@type\":\"SearchAction\",\"target\":{\"@type\":\"EntryPoint\",\"urlTemplate\":\"https:\\\/\\\/www.ohis.be\\\/?s={search_term_string}\"},\"query-input\":{\"@type\":\"PropertyValueSpecification\",\"valueRequired\":true,\"valueName\":\"search_term_string\"}}],\"inLanguage\":\"de\"},{\"@type\":\"Organization\",\"@id\":\"https:\\\/\\\/www.ohis.be\\\/#organization\",\"name\":\"Ohis\",\"url\":\"https:\\\/\\\/www.ohis.be\\\/\",\"logo\":{\"@type\":\"ImageObject\",\"inLanguage\":\"de\",\"@id\":\"https:\\\/\\\/www.ohis.be\\\/#\\\/schema\\\/logo\\\/image\\\/\",\"url\":\"https:\\\/\\\/www.ohis.be\\\/wp-content\\\/uploads\\\/2021\\\/02\\\/logo-ohis-wit.svg\",\"contentUrl\":\"https:\\\/\\\/www.ohis.be\\\/wp-content\\\/uploads\\\/2021\\\/02\\\/logo-ohis-wit.svg\",\"caption\":\"Ohis\"},\"image\":{\"@id\":\"https:\\\/\\\/www.ohis.be\\\/#\\\/schema\\\/logo\\\/image\\\/\"}}]}<\/script>\n<!-- \/ Yoast SEO plugin. -->","yoast_head_json":{"title":"YAP Hydraulische Maschinenheber - Ohis","robots":{"index":"index","follow":"follow","max-snippet":"max-snippet:-1","max-image-preview":"max-image-preview:large","max-video-preview":"max-video-preview:-1"},"canonical":"https:\/\/www.ohis.be\/de\/produit\/yap-hydraulische-maschinenheber\/","og_locale":"de_DE","og_type":"article","og_title":"YAP Hydraulische Maschinenheber - Ohis","og_description":"Tragf\u00e4higkeit 4,5 - 50 t Hydraulische Maschinenheber zum sicheren Anheben von Maschinen und \u00e4hnlichen Bauteilen.  Ausstattung und Verarbeitung \u2022 Diese Heber werden mit extern anzuschlie\u00dfenden Pumpen betrieben, wie z. B. Hand-, oder Motorpumpen, aber auch mit Synchronhubaggregaten. \u2022 Durch die kompakte Bauweise ist ein Einsatz selbst bei sehr beengten Platzverh\u00e4ltnissen m\u00f6glich. \u2022 Dreifach einh\u00e4ngbare Hubklaue gew\u00e4hrleistet hohe Flexibilit\u00e4t (YAP-5130 vierfach). \u2022 Die Last kann sowohl mit der Hubklaue, wie auch mit der Kopfplatte gehoben werden. \u2022 Festverschwei\u00dfte, verwindungssteife Stahlkonstruktion. \u2022 Hochwertige, langlebige Hydraulik-Komponenten. \u2022 Minimale Ansetzh\u00f6he mittels flacher Hubklaue. \u2022 Sicherer Stand durch schwenkbare St\u00fctzf\u00fc\u00dfe. \u2022 Die Verbindung zur Pumpe erfolgt mittels eines Hydraulikschlauches. \u2022 Betriebsfertige Lieferung einschl. Tragegriffen und Kupplungsh\u00e4lfte.","og_url":"https:\/\/www.ohis.be\/de\/produit\/yap-hydraulische-maschinenheber\/","og_site_name":"Ohis","og_image":[{"width":363,"height":351,"url":"https:\/\/www.ohis.be\/wp-content\/uploads\/2023\/01\/yale-yap1.jpg","type":"image\/jpeg"}],"twitter_card":"summary_large_image","twitter_misc":{"Gesch\u00e4tzte Lesezeit":"1\u00a0Minute"},"schema":{"@context":"https:\/\/schema.org","@graph":[{"@type":"WebPage","@id":"https:\/\/www.ohis.be\/de\/produit\/yap-hydraulische-maschinenheber\/","url":"https:\/\/www.ohis.be\/de\/produit\/yap-hydraulische-maschinenheber\/","name":"YAP Hydraulische Maschinenheber - Ohis","isPartOf":{"@id":"https:\/\/www.ohis.be\/#website"},"primaryImageOfPage":{"@id":"https:\/\/www.ohis.be\/de\/produit\/yap-hydraulische-maschinenheber\/#primaryimage"},"image":{"@id":"https:\/\/www.ohis.be\/de\/produit\/yap-hydraulische-maschinenheber\/#primaryimage"},"thumbnailUrl":"https:\/\/www.ohis.be\/wp-content\/uploads\/2023\/01\/yale-yap1.jpg","datePublished":"2023-01-04T14:45:56+00:00","breadcrumb":{"@id":"https:\/\/www.ohis.be\/de\/produit\/yap-hydraulische-maschinenheber\/#breadcrumb"},"inLanguage":"de","potentialAction":[{"@type":"ReadAction","target":["https:\/\/www.ohis.be\/de\/produit\/yap-hydraulische-maschinenheber\/"]}]},{"@type":"ImageObject","inLanguage":"de","@id":"https:\/\/www.ohis.be\/de\/produit\/yap-hydraulische-maschinenheber\/#primaryimage","url":"https:\/\/www.ohis.be\/wp-content\/uploads\/2023\/01\/yale-yap1.jpg","contentUrl":"https:\/\/www.ohis.be\/wp-content\/uploads\/2023\/01\/yale-yap1.jpg","width":363,"height":351},{"@type":"BreadcrumbList","@id":"https:\/\/www.ohis.be\/de\/produit\/yap-hydraulische-maschinenheber\/#breadcrumb","itemListElement":[{"@type":"ListItem","position":1,"name":"Accueil","item":"https:\/\/www.ohis.be\/de\/"},{"@type":"ListItem","position":2,"name":"Produkte","item":"https:\/\/www.ohis.be\/de\/produkte\/"},{"@type":"ListItem","position":3,"name":"YAP Hydraulische Maschinenheber"}]},{"@type":"WebSite","@id":"https:\/\/www.ohis.be\/#website","url":"https:\/\/www.ohis.be\/","name":"Ohis","description":"Outils de levage","publisher":{"@id":"https:\/\/www.ohis.be\/#organization"},"potentialAction":[{"@type":"SearchAction","target":{"@type":"EntryPoint","urlTemplate":"https:\/\/www.ohis.be\/?s={search_term_string}"},"query-input":{"@type":"PropertyValueSpecification","valueRequired":true,"valueName":"search_term_string"}}],"inLanguage":"de"},{"@type":"Organization","@id":"https:\/\/www.ohis.be\/#organization","name":"Ohis","url":"https:\/\/www.ohis.be\/","logo":{"@type":"ImageObject","inLanguage":"de","@id":"https:\/\/www.ohis.be\/#\/schema\/logo\/image\/","url":"https:\/\/www.ohis.be\/wp-content\/uploads\/2021\/02\/logo-ohis-wit.svg","contentUrl":"https:\/\/www.ohis.be\/wp-content\/uploads\/2021\/02\/logo-ohis-wit.svg","caption":"Ohis"},"image":{"@id":"https:\/\/www.ohis.be\/#\/schema\/logo\/image\/"}}]}},"_links":{"self":[{"href":"https:\/\/www.ohis.be\/de\/wp-json\/wp\/v2\/product\/24357","targetHints":{"allow":["GET"]}}],"collection":[{"href":"https:\/\/www.ohis.be\/de\/wp-json\/wp\/v2\/product"}],"about":[{"href":"https:\/\/www.ohis.be\/de\/wp-json\/wp\/v2\/types\/product"}],"wp:featuredmedia":[{"embeddable":true,"href":"https:\/\/www.ohis.be\/de\/wp-json\/wp\/v2\/media\/23272"}],"wp:attachment":[{"href":"https:\/\/www.ohis.be\/de\/wp-json\/wp\/v2\/media?parent=24357"}],"wp:term":[{"taxonomy":"product_brand","embeddable":true,"href":"https:\/\/www.ohis.be\/de\/wp-json\/wp\/v2\/product_brand?post=24357"},{"taxonomy":"product_cat","embeddable":true,"href":"https:\/\/www.ohis.be\/de\/wp-json\/wp\/v2\/product_cat?post=24357"},{"taxonomy":"product_tag","embeddable":true,"href":"https:\/\/www.ohis.be\/de\/wp-json\/wp\/v2\/product_tag?post=24357"}],"curies":[{"name":"wp","href":"https:\/\/api.w.org\/{rel}","templated":true}]}}