{"id":24345,"date":"2023-01-04T15:52:37","date_gmt":"2023-01-04T14:52:37","guid":{"rendered":"https:\/\/www.ohis.be\/produit\/yas-hydraulische-maschinenheber\/"},"modified":"2023-01-04T15:52:37","modified_gmt":"2023-01-04T14:52:37","slug":"yas-hydraulische-maschinenheber","status":"publish","type":"product","link":"https:\/\/www.ohis.be\/de\/produit\/yas-hydraulische-maschinenheber\/","title":{"rendered":"YAS Hydraulische Maschinenheber"},"content":{"rendered":"<p>Tragf\u00e4higkeit 3 &#8211; 25 t<br \/>\nHydraulische Maschinenheber zum sicheren Anheben von Maschinen und \u00e4hnlichen Bauteilen.<\/p>\n<p>Ausstattung und Verarbeitung<br \/>\n\u2022 Eingebaute Hydraulikpumpe.<br \/>\n\u2022 Pumphebel 270\u00b0 schwenkbar, erm\u00f6glicht den Einsatz selbst bei sehr beengten Platzverh\u00e4ltnissen.<br \/>\n\u2022 Die Last kann sowohl mit der Hubklaue als auch mit dem Kopf des Hebers gehoben werden.<br \/>\n\u2022 Festverschwei\u00dfte, verwindungssteife Stahlkonstruktion.<br \/>\n\u2022 Hochwertige, langlebige Hydraulikkomponenten.<br \/>\n\u2022 Minimale Ansetzh\u00f6he mittels flacher Hubklaue.<br \/>\n\u2022 Der zus\u00e4tzliche Kupplungsanschluss (ab Ger\u00e4ten mit 10.000 kg Tragf\u00e4higkeit) f\u00fcr externen Pumpenbetrieb, erm\u00f6glicht den Anschluss von Hand-, Motor-, oder Synchronhubpumpen (max. Druck 520 bar).<br \/>\n\u2022 Sicherer Stand durch schwenkbare St\u00fctzf\u00fc\u00dfe.<br \/>\n\u2022 Feinf\u00fchlig regelbares Ablassventil, erm\u00f6glicht ein langsames, ruckfreies Absenken der Last.<br \/>\n\u2022 Beim Betrieb der Heber mit einer externen Pumpe ist die Verwendung eines Manometers vorgeschrieben.<br \/>\n\u2022 Die eingebaute Pumpe ist \u00fcber ein Druckbegrenzungsventil abgesichert.<br \/>\n\u2022 Betriebsfertige Lieferung mit Tragegriffen, \u00d6lf\u00fcllung und Pumpenhebel.<br \/>\n\u2022 YAS-15 und YAS-25 mit Doppelpumpe f\u00fcr Schnellhub sowie Transportrollen.<\/p>\n","protected":false},"excerpt":{"rendered":"<p>Tragf\u00e4higkeit 3 &#8211; 25 t<br \/>\nHydraulische Maschinenheber zum sicheren Anheben von Maschinen und \u00e4hnlichen Bauteilen.<\/p>\n<p>Ausstattung und Verarbeitung<br \/>\n\u2022 Eingebaute Hydraulikpumpe.<br \/>\n\u2022 Pumphebel 270\u00b0 schwenkbar, erm\u00f6glicht den Einsatz selbst bei sehr beengten Platzverh\u00e4ltnissen.<br \/>\n\u2022 Die Last kann sowohl mit der Hubklaue als auch mit dem Kopf des Hebers gehoben werden.<br \/>\n\u2022 Festverschwei\u00dfte, verwindungssteife Stahlkonstruktion.<br \/>\n\u2022 Hochwertige, langlebige Hydraulikkomponenten.<br \/>\n\u2022 Minimale Ansetzh\u00f6he mittels flacher Hubklaue.<br \/>\n\u2022 Der zus\u00e4tzliche Kupplungsanschluss (ab Ger\u00e4ten mit 10.000 kg Tragf\u00e4higkeit) f\u00fcr externen Pumpenbetrieb, erm\u00f6glicht den Anschluss von Hand-, Motor-, oder Synchronhubpumpen (max. Druck 520 bar).<br \/>\n\u2022 Sicherer Stand durch schwenkbare St\u00fctzf\u00fc\u00dfe.<br \/>\n\u2022 Feinf\u00fchlig regelbares Ablassventil, erm\u00f6glicht ein langsames, ruckfreies Absenken der Last.<br \/>\n\u2022 Beim Betrieb der Heber mit einer externen Pumpe ist die Verwendung eines Manometers vorgeschrieben.<br \/>\n\u2022 Die eingebaute Pumpe ist \u00fcber ein Druckbegrenzungsventil abgesichert.<br \/>\n\u2022 Betriebsfertige Lieferung mit Tragegriffen, \u00d6lf\u00fcllung und Pumpenhebel.<br \/>\n\u2022 YAS-15 und YAS-25 mit Doppelpumpe f\u00fcr Schnellhub sowie Transportrollen.<\/p>\n","protected":false},"featured_media":23291,"template":"","meta":{"_acf_changed":false,"inline_featured_image":false},"product_brand":[],"product_cat":[1632],"product_tag":[705],"class_list":{"0":"post-24345","1":"product","2":"type-product","3":"status-publish","4":"has-post-thumbnail","6":"product_cat-wagenheber","7":"product_tag-yale-de","9":"first","10":"onbackorder","11":"taxable","12":"shipping-taxable","13":"purchasable","14":"product-type-variable"},"acf":[],"yoast_head":"<!-- This site is optimized with the Yoast SEO plugin v27.5 - https:\/\/yoast.com\/product\/yoast-seo-wordpress\/ -->\n<title>YAS Hydraulische Maschinenheber - Ohis<\/title>\n<meta name=\"robots\" content=\"index, follow, max-snippet:-1, max-image-preview:large, max-video-preview:-1\" \/>\n<link rel=\"canonical\" href=\"https:\/\/www.ohis.be\/de\/produit\/yas-hydraulische-maschinenheber\/\" \/>\n<meta property=\"og:locale\" content=\"de_DE\" \/>\n<meta property=\"og:type\" content=\"article\" \/>\n<meta property=\"og:title\" content=\"YAS Hydraulische Maschinenheber - Ohis\" \/>\n<meta property=\"og:description\" content=\"Tragf\u00e4higkeit 3 - 25 t Hydraulische Maschinenheber zum sicheren Anheben von Maschinen und \u00e4hnlichen Bauteilen.  Ausstattung und Verarbeitung \u2022 Eingebaute Hydraulikpumpe. \u2022 Pumphebel 270\u00b0 schwenkbar, erm\u00f6glicht den Einsatz selbst bei sehr beengten Platzverh\u00e4ltnissen. \u2022 Die Last kann sowohl mit der Hubklaue als auch mit dem Kopf des Hebers gehoben werden. \u2022 Festverschwei\u00dfte, verwindungssteife Stahlkonstruktion. \u2022 Hochwertige, langlebige Hydraulikkomponenten. \u2022 Minimale Ansetzh\u00f6he mittels flacher Hubklaue. \u2022 Der zus\u00e4tzliche Kupplungsanschluss (ab Ger\u00e4ten mit 10.000 kg Tragf\u00e4higkeit) f\u00fcr externen Pumpenbetrieb, erm\u00f6glicht den Anschluss von Hand-, Motor-, oder Synchronhubpumpen (max. Druck 520 bar). \u2022 Sicherer Stand durch schwenkbare St\u00fctzf\u00fc\u00dfe. \u2022 Feinf\u00fchlig regelbares Ablassventil, erm\u00f6glicht ein langsames, ruckfreies Absenken der Last. \u2022 Beim Betrieb der Heber mit einer externen Pumpe ist die Verwendung eines Manometers vorgeschrieben. \u2022 Die eingebaute Pumpe ist \u00fcber ein Druckbegrenzungsventil abgesichert. \u2022 Betriebsfertige Lieferung mit Tragegriffen, \u00d6lf\u00fcllung und Pumpenhebel. \u2022 YAS-15 und YAS-25 mit Doppelpumpe f\u00fcr Schnellhub sowie Transportrollen.\" \/>\n<meta property=\"og:url\" content=\"https:\/\/www.ohis.be\/de\/produit\/yas-hydraulische-maschinenheber\/\" \/>\n<meta property=\"og:site_name\" content=\"Ohis\" \/>\n<meta property=\"og:image\" content=\"https:\/\/www.ohis.be\/wp-content\/uploads\/2023\/01\/yale-yas1.jpg\" \/>\n\t<meta property=\"og:image:width\" content=\"436\" \/>\n\t<meta property=\"og:image:height\" content=\"376\" \/>\n\t<meta property=\"og:image:type\" content=\"image\/jpeg\" \/>\n<meta name=\"twitter:card\" content=\"summary_large_image\" \/>\n<meta name=\"twitter:label1\" content=\"Gesch\u00e4tzte Lesezeit\" \/>\n\t<meta name=\"twitter:data1\" content=\"1\u00a0Minute\" \/>\n<script type=\"application\/ld+json\" class=\"yoast-schema-graph\">{\"@context\":\"https:\\\/\\\/schema.org\",\"@graph\":[{\"@type\":\"WebPage\",\"@id\":\"https:\\\/\\\/www.ohis.be\\\/de\\\/produit\\\/yas-hydraulische-maschinenheber\\\/\",\"url\":\"https:\\\/\\\/www.ohis.be\\\/de\\\/produit\\\/yas-hydraulische-maschinenheber\\\/\",\"name\":\"YAS Hydraulische Maschinenheber - Ohis\",\"isPartOf\":{\"@id\":\"https:\\\/\\\/www.ohis.be\\\/de\\\/#website\"},\"primaryImageOfPage\":{\"@id\":\"https:\\\/\\\/www.ohis.be\\\/de\\\/produit\\\/yas-hydraulische-maschinenheber\\\/#primaryimage\"},\"image\":{\"@id\":\"https:\\\/\\\/www.ohis.be\\\/de\\\/produit\\\/yas-hydraulische-maschinenheber\\\/#primaryimage\"},\"thumbnailUrl\":\"https:\\\/\\\/www.ohis.be\\\/wp-content\\\/uploads\\\/2023\\\/01\\\/yale-yas1.jpg\",\"datePublished\":\"2023-01-04T14:52:37+00:00\",\"breadcrumb\":{\"@id\":\"https:\\\/\\\/www.ohis.be\\\/de\\\/produit\\\/yas-hydraulische-maschinenheber\\\/#breadcrumb\"},\"inLanguage\":\"de\",\"potentialAction\":[{\"@type\":\"ReadAction\",\"target\":[\"https:\\\/\\\/www.ohis.be\\\/de\\\/produit\\\/yas-hydraulische-maschinenheber\\\/\"]}]},{\"@type\":\"ImageObject\",\"inLanguage\":\"de\",\"@id\":\"https:\\\/\\\/www.ohis.be\\\/de\\\/produit\\\/yas-hydraulische-maschinenheber\\\/#primaryimage\",\"url\":\"https:\\\/\\\/www.ohis.be\\\/wp-content\\\/uploads\\\/2023\\\/01\\\/yale-yas1.jpg\",\"contentUrl\":\"https:\\\/\\\/www.ohis.be\\\/wp-content\\\/uploads\\\/2023\\\/01\\\/yale-yas1.jpg\",\"width\":436,\"height\":376},{\"@type\":\"BreadcrumbList\",\"@id\":\"https:\\\/\\\/www.ohis.be\\\/de\\\/produit\\\/yas-hydraulische-maschinenheber\\\/#breadcrumb\",\"itemListElement\":[{\"@type\":\"ListItem\",\"position\":1,\"name\":\"Accueil\",\"item\":\"https:\\\/\\\/www.ohis.be\\\/de\\\/\"},{\"@type\":\"ListItem\",\"position\":2,\"name\":\"Produkte\",\"item\":\"https:\\\/\\\/www.ohis.be\\\/de\\\/produkte\\\/\"},{\"@type\":\"ListItem\",\"position\":3,\"name\":\"YAS Hydraulische Maschinenheber\"}]},{\"@type\":\"WebSite\",\"@id\":\"https:\\\/\\\/www.ohis.be\\\/de\\\/#website\",\"url\":\"https:\\\/\\\/www.ohis.be\\\/de\\\/\",\"name\":\"Ohis\",\"description\":\"Outils de levage\",\"publisher\":{\"@id\":\"https:\\\/\\\/www.ohis.be\\\/de\\\/#organization\"},\"potentialAction\":[{\"@type\":\"SearchAction\",\"target\":{\"@type\":\"EntryPoint\",\"urlTemplate\":\"https:\\\/\\\/www.ohis.be\\\/de\\\/?s={search_term_string}\"},\"query-input\":{\"@type\":\"PropertyValueSpecification\",\"valueRequired\":true,\"valueName\":\"search_term_string\"}}],\"inLanguage\":\"de\"},{\"@type\":\"Organization\",\"@id\":\"https:\\\/\\\/www.ohis.be\\\/de\\\/#organization\",\"name\":\"Ohis\",\"url\":\"https:\\\/\\\/www.ohis.be\\\/de\\\/\",\"logo\":{\"@type\":\"ImageObject\",\"inLanguage\":\"de\",\"@id\":\"https:\\\/\\\/www.ohis.be\\\/de\\\/#\\\/schema\\\/logo\\\/image\\\/\",\"url\":\"https:\\\/\\\/www.ohis.be\\\/wp-content\\\/uploads\\\/2021\\\/02\\\/logo-ohis-wit.svg\",\"contentUrl\":\"https:\\\/\\\/www.ohis.be\\\/wp-content\\\/uploads\\\/2021\\\/02\\\/logo-ohis-wit.svg\",\"caption\":\"Ohis\"},\"image\":{\"@id\":\"https:\\\/\\\/www.ohis.be\\\/de\\\/#\\\/schema\\\/logo\\\/image\\\/\"}}]}<\/script>\n<!-- \/ Yoast SEO plugin. -->","yoast_head_json":{"title":"YAS Hydraulische Maschinenheber - Ohis","robots":{"index":"index","follow":"follow","max-snippet":"max-snippet:-1","max-image-preview":"max-image-preview:large","max-video-preview":"max-video-preview:-1"},"canonical":"https:\/\/www.ohis.be\/de\/produit\/yas-hydraulische-maschinenheber\/","og_locale":"de_DE","og_type":"article","og_title":"YAS Hydraulische Maschinenheber - Ohis","og_description":"Tragf\u00e4higkeit 3 - 25 t Hydraulische Maschinenheber zum sicheren Anheben von Maschinen und \u00e4hnlichen Bauteilen.  Ausstattung und Verarbeitung \u2022 Eingebaute Hydraulikpumpe. \u2022 Pumphebel 270\u00b0 schwenkbar, erm\u00f6glicht den Einsatz selbst bei sehr beengten Platzverh\u00e4ltnissen. \u2022 Die Last kann sowohl mit der Hubklaue als auch mit dem Kopf des Hebers gehoben werden. \u2022 Festverschwei\u00dfte, verwindungssteife Stahlkonstruktion. \u2022 Hochwertige, langlebige Hydraulikkomponenten. \u2022 Minimale Ansetzh\u00f6he mittels flacher Hubklaue. \u2022 Der zus\u00e4tzliche Kupplungsanschluss (ab Ger\u00e4ten mit 10.000 kg Tragf\u00e4higkeit) f\u00fcr externen Pumpenbetrieb, erm\u00f6glicht den Anschluss von Hand-, Motor-, oder Synchronhubpumpen (max. Druck 520 bar). \u2022 Sicherer Stand durch schwenkbare St\u00fctzf\u00fc\u00dfe. \u2022 Feinf\u00fchlig regelbares Ablassventil, erm\u00f6glicht ein langsames, ruckfreies Absenken der Last. \u2022 Beim Betrieb der Heber mit einer externen Pumpe ist die Verwendung eines Manometers vorgeschrieben. \u2022 Die eingebaute Pumpe ist \u00fcber ein Druckbegrenzungsventil abgesichert. \u2022 Betriebsfertige Lieferung mit Tragegriffen, \u00d6lf\u00fcllung und Pumpenhebel. \u2022 YAS-15 und YAS-25 mit Doppelpumpe f\u00fcr Schnellhub sowie Transportrollen.","og_url":"https:\/\/www.ohis.be\/de\/produit\/yas-hydraulische-maschinenheber\/","og_site_name":"Ohis","og_image":[{"width":436,"height":376,"url":"https:\/\/www.ohis.be\/wp-content\/uploads\/2023\/01\/yale-yas1.jpg","type":"image\/jpeg"}],"twitter_card":"summary_large_image","twitter_misc":{"Gesch\u00e4tzte Lesezeit":"1\u00a0Minute"},"schema":{"@context":"https:\/\/schema.org","@graph":[{"@type":"WebPage","@id":"https:\/\/www.ohis.be\/de\/produit\/yas-hydraulische-maschinenheber\/","url":"https:\/\/www.ohis.be\/de\/produit\/yas-hydraulische-maschinenheber\/","name":"YAS Hydraulische Maschinenheber - Ohis","isPartOf":{"@id":"https:\/\/www.ohis.be\/de\/#website"},"primaryImageOfPage":{"@id":"https:\/\/www.ohis.be\/de\/produit\/yas-hydraulische-maschinenheber\/#primaryimage"},"image":{"@id":"https:\/\/www.ohis.be\/de\/produit\/yas-hydraulische-maschinenheber\/#primaryimage"},"thumbnailUrl":"https:\/\/www.ohis.be\/wp-content\/uploads\/2023\/01\/yale-yas1.jpg","datePublished":"2023-01-04T14:52:37+00:00","breadcrumb":{"@id":"https:\/\/www.ohis.be\/de\/produit\/yas-hydraulische-maschinenheber\/#breadcrumb"},"inLanguage":"de","potentialAction":[{"@type":"ReadAction","target":["https:\/\/www.ohis.be\/de\/produit\/yas-hydraulische-maschinenheber\/"]}]},{"@type":"ImageObject","inLanguage":"de","@id":"https:\/\/www.ohis.be\/de\/produit\/yas-hydraulische-maschinenheber\/#primaryimage","url":"https:\/\/www.ohis.be\/wp-content\/uploads\/2023\/01\/yale-yas1.jpg","contentUrl":"https:\/\/www.ohis.be\/wp-content\/uploads\/2023\/01\/yale-yas1.jpg","width":436,"height":376},{"@type":"BreadcrumbList","@id":"https:\/\/www.ohis.be\/de\/produit\/yas-hydraulische-maschinenheber\/#breadcrumb","itemListElement":[{"@type":"ListItem","position":1,"name":"Accueil","item":"https:\/\/www.ohis.be\/de\/"},{"@type":"ListItem","position":2,"name":"Produkte","item":"https:\/\/www.ohis.be\/de\/produkte\/"},{"@type":"ListItem","position":3,"name":"YAS Hydraulische Maschinenheber"}]},{"@type":"WebSite","@id":"https:\/\/www.ohis.be\/de\/#website","url":"https:\/\/www.ohis.be\/de\/","name":"Ohis","description":"Outils de levage","publisher":{"@id":"https:\/\/www.ohis.be\/de\/#organization"},"potentialAction":[{"@type":"SearchAction","target":{"@type":"EntryPoint","urlTemplate":"https:\/\/www.ohis.be\/de\/?s={search_term_string}"},"query-input":{"@type":"PropertyValueSpecification","valueRequired":true,"valueName":"search_term_string"}}],"inLanguage":"de"},{"@type":"Organization","@id":"https:\/\/www.ohis.be\/de\/#organization","name":"Ohis","url":"https:\/\/www.ohis.be\/de\/","logo":{"@type":"ImageObject","inLanguage":"de","@id":"https:\/\/www.ohis.be\/de\/#\/schema\/logo\/image\/","url":"https:\/\/www.ohis.be\/wp-content\/uploads\/2021\/02\/logo-ohis-wit.svg","contentUrl":"https:\/\/www.ohis.be\/wp-content\/uploads\/2021\/02\/logo-ohis-wit.svg","caption":"Ohis"},"image":{"@id":"https:\/\/www.ohis.be\/de\/#\/schema\/logo\/image\/"}}]}},"_links":{"self":[{"href":"https:\/\/www.ohis.be\/de\/wp-json\/wp\/v2\/product\/24345","targetHints":{"allow":["GET"]}}],"collection":[{"href":"https:\/\/www.ohis.be\/de\/wp-json\/wp\/v2\/product"}],"about":[{"href":"https:\/\/www.ohis.be\/de\/wp-json\/wp\/v2\/types\/product"}],"wp:featuredmedia":[{"embeddable":true,"href":"https:\/\/www.ohis.be\/de\/wp-json\/wp\/v2\/media\/23291"}],"wp:attachment":[{"href":"https:\/\/www.ohis.be\/de\/wp-json\/wp\/v2\/media?parent=24345"}],"wp:term":[{"taxonomy":"product_brand","embeddable":true,"href":"https:\/\/www.ohis.be\/de\/wp-json\/wp\/v2\/product_brand?post=24345"},{"taxonomy":"product_cat","embeddable":true,"href":"https:\/\/www.ohis.be\/de\/wp-json\/wp\/v2\/product_cat?post=24345"},{"taxonomy":"product_tag","embeddable":true,"href":"https:\/\/www.ohis.be\/de\/wp-json\/wp\/v2\/product_tag?post=24345"}],"curies":[{"name":"wp","href":"https:\/\/api.w.org\/{rel}","templated":true}]}}