{"id":24343,"date":"2023-01-05T11:06:48","date_gmt":"2023-01-05T10:06:48","guid":{"rendered":"https:\/\/www.ohis.be\/produit\/st-5015-hydraulische-stufenheber\/"},"modified":"2023-01-05T11:06:48","modified_gmt":"2023-01-05T10:06:48","slug":"st-5015-hydraulische-stufenheber","status":"publish","type":"product","link":"https:\/\/www.ohis.be\/de\/produit\/st-5015-hydraulische-stufenheber\/","title":{"rendered":"ST-5015 Hydraulische Stufenheber"},"content":{"rendered":"<p>Hubkraft 50 &#8211; 100 t<br \/>\nKompakt, niedrig bauend und universell einsetzbar. Stufenheber sind hydraulische Hebeger\u00e4te, mit welchen Lasten auch \u00fcber h\u00f6here Distanzen angehoben bzw. abgesenkt werden k\u00f6nnen.<br \/>\nHochwertige Materialien gew\u00e4hrleisten h\u00f6chste Gebrauchseigenschaften. Zum Einsatz kommen in der Regel \u201edoppeltwirkende\u201c Hydraulikzylinder im Yale ChroMo- Design, welche \u00fcber einen hydraulischen R\u00fcckhub des Kolbens verf\u00fcgen. Der Hydraulikzylinder wird mit einer gro\u00dfen, quadratischen St\u00fctzplatte und einer Kolbenplatte ausger\u00fcstet.<\/p>\n<p>Funktion<br \/>\nDer Hydraulikzylinder wird \u201e\u00fcberkopf\u201c eingesetzt und dr\u00fcckt sich somit selbst mit der aufliegenden Last vom Boden ab. Durch das Unterlegen von Aluminium- oder Hartholzkl\u00f6tzen kann so eine nahezu beliebige Hubh\u00f6he erreicht werden, wobei zwischendurch stets sicher abgest\u00fctzt wird.<br \/>\nW\u00e4hrend des Hubvorganges braucht der Stufenheber nicht umgesetzt zu werden. Er klettert den Stapel herauf und herunter.<\/p>\n<p>Steuerung<br \/>\nJe nach Bedarf k\u00f6nnen Stufenheber einzeln, oder im Mehrfach-Verbund eingesetzt werden. Werden mehrere Ger\u00e4te betrieben, k\u00f6nnen sie die Last sowohl wechselweise als auch synchron heben. Stufenheber k\u00f6nnen mit Handpumpen oder mit Motorpumpen (besonders auch Mehrstrom-Aggregaten) angetrieben werden.<\/p>\n<p>Ausstattung und Verarbeitung<br \/>\n\u2022 Yale ChroMo-Design.<br \/>\n\u2022 Zusammenstellung von kosteng\u00fcnstigen Hub-Systemen (dreipunkt bzw. vierpunkt) m\u00f6glich.<br \/>\n\u2022 Geringes Gesamtgewicht von ca. 60 kg (beim 50 t Ger\u00e4t).<br \/>\n\u2022 Stufenheberk\u00f6rper aus ultrafestem Leichtmetall.<br \/>\n\u2022 Hydraulikzylinder aus massivem Chrom-Molybd\u00e4nstahl mit doppelten Bronzef\u00fchrungen gew\u00e4hrleisten eine sehr hohe Lebensdauer.<br \/>\n\u2022 Mit gro\u00dfz\u00fcgig dimensioniertem Pendeldruckst\u00fcck.<br \/>\n\u2022 Einschliesslich Kupplungsmuffen, auf Wunsch verwechslungssicher.<\/p>\n","protected":false},"excerpt":{"rendered":"<p>Hubkraft 50 &#8211; 100 t<br \/>\nKompakt, niedrig bauend und universell einsetzbar. Stufenheber sind hydraulische Hebeger\u00e4te, mit welchen Lasten auch \u00fcber h\u00f6here Distanzen angehoben bzw. abgesenkt werden k\u00f6nnen.<br \/>\nHochwertige Materialien gew\u00e4hrleisten h\u00f6chste Gebrauchseigenschaften. Zum Einsatz kommen in der Regel \u201edoppeltwirkende\u201c Hydraulikzylinder im Yale ChroMo- Design, welche \u00fcber einen hydraulischen R\u00fcckhub des Kolbens verf\u00fcgen. Der Hydraulikzylinder wird mit einer gro\u00dfen, quadratischen St\u00fctzplatte und einer Kolbenplatte ausger\u00fcstet.<\/p>\n<p>Funktion<br \/>\nDer Hydraulikzylinder wird \u201e\u00fcberkopf\u201c eingesetzt und dr\u00fcckt sich somit selbst mit der aufliegenden Last vom Boden ab. Durch das Unterlegen von Aluminium- oder Hartholzkl\u00f6tzen kann so eine nahezu beliebige Hubh\u00f6he erreicht werden, wobei zwischendurch stets sicher abgest\u00fctzt wird.<br \/>\nW\u00e4hrend des Hubvorganges braucht der Stufenheber nicht umgesetzt zu werden. Er klettert den Stapel herauf und herunter.<\/p>\n<p>Steuerung<br \/>\nJe nach Bedarf k\u00f6nnen Stufenheber einzeln, oder im Mehrfach-Verbund eingesetzt werden. Werden mehrere Ger\u00e4te betrieben, k\u00f6nnen sie die Last sowohl wechselweise als auch synchron heben. Stufenheber k\u00f6nnen mit Handpumpen oder mit Motorpumpen (besonders auch Mehrstrom-Aggregaten) angetrieben werden.<\/p>\n<p>Ausstattung und Verarbeitung<br \/>\n\u2022 Yale ChroMo-Design.<br \/>\n\u2022 Zusammenstellung von kosteng\u00fcnstigen Hub-Systemen (dreipunkt bzw. vierpunkt) m\u00f6glich.<br \/>\n\u2022 Geringes Gesamtgewicht von ca. 60 kg (beim 50 t Ger\u00e4t).<br \/>\n\u2022 Stufenheberk\u00f6rper aus ultrafestem Leichtmetall.<br \/>\n\u2022 Hydraulikzylinder aus massivem Chrom-Molybd\u00e4nstahl mit doppelten Bronzef\u00fchrungen gew\u00e4hrleisten eine sehr hohe Lebensdauer.<br \/>\n\u2022 Mit gro\u00dfz\u00fcgig dimensioniertem Pendeldruckst\u00fcck.<br \/>\n\u2022 Einschliesslich Kupplungsmuffen, auf Wunsch verwechslungssicher.<\/p>\n","protected":false},"featured_media":23414,"template":"","meta":{"_acf_changed":false,"inline_featured_image":false},"product_brand":[],"product_cat":[1641],"product_tag":[705],"class_list":{"0":"post-24343","1":"product","2":"type-product","3":"status-publish","4":"has-post-thumbnail","6":"product_cat-hydraulische-zylinder","7":"product_tag-yale-de","9":"first","10":"onbackorder","11":"taxable","12":"shipping-taxable","13":"purchasable","14":"product-type-simple"},"acf":[],"yoast_head":"<!-- This site is optimized with the Yoast SEO plugin v27.4 - https:\/\/yoast.com\/product\/yoast-seo-wordpress\/ -->\n<title>ST-5015 Hydraulische Stufenheber - Ohis<\/title>\n<meta name=\"robots\" content=\"index, follow, max-snippet:-1, max-image-preview:large, max-video-preview:-1\" \/>\n<link rel=\"canonical\" href=\"https:\/\/www.ohis.be\/de\/produit\/st-5015-hydraulische-stufenheber\/\" \/>\n<meta property=\"og:locale\" content=\"de_DE\" \/>\n<meta property=\"og:type\" content=\"article\" \/>\n<meta property=\"og:title\" content=\"ST-5015 Hydraulische Stufenheber - Ohis\" \/>\n<meta property=\"og:description\" content=\"Hubkraft 50 - 100 t Kompakt, niedrig bauend und universell einsetzbar. Stufenheber sind hydraulische Hebeger\u00e4te, mit welchen Lasten auch \u00fcber h\u00f6here Distanzen angehoben bzw. abgesenkt werden k\u00f6nnen. Hochwertige Materialien gew\u00e4hrleisten h\u00f6chste Gebrauchseigenschaften. Zum Einsatz kommen in der Regel \u201edoppeltwirkende\u201c Hydraulikzylinder im Yale ChroMo- Design, welche \u00fcber einen hydraulischen R\u00fcckhub des Kolbens verf\u00fcgen. Der Hydraulikzylinder wird mit einer gro\u00dfen, quadratischen St\u00fctzplatte und einer Kolbenplatte ausger\u00fcstet.  Funktion Der Hydraulikzylinder wird \u201e\u00fcberkopf\u201c eingesetzt und dr\u00fcckt sich somit selbst mit der aufliegenden Last vom Boden ab. Durch das Unterlegen von Aluminium- oder Hartholzkl\u00f6tzen kann so eine nahezu beliebige Hubh\u00f6he erreicht werden, wobei zwischendurch stets sicher abgest\u00fctzt wird. W\u00e4hrend des Hubvorganges braucht der Stufenheber nicht umgesetzt zu werden. Er klettert den Stapel herauf und herunter.  Steuerung Je nach Bedarf k\u00f6nnen Stufenheber einzeln, oder im Mehrfach-Verbund eingesetzt werden. Werden mehrere Ger\u00e4te betrieben, k\u00f6nnen sie die Last sowohl wechselweise als auch synchron heben. Stufenheber k\u00f6nnen mit Handpumpen oder mit Motorpumpen (besonders auch Mehrstrom-Aggregaten) angetrieben werden.  Ausstattung und Verarbeitung \u2022 Yale ChroMo-Design. \u2022 Zusammenstellung von kosteng\u00fcnstigen Hub-Systemen (dreipunkt bzw. vierpunkt) m\u00f6glich. \u2022 Geringes Gesamtgewicht von ca. 60 kg (beim 50 t Ger\u00e4t). \u2022 Stufenheberk\u00f6rper aus ultrafestem Leichtmetall. \u2022 Hydraulikzylinder aus massivem Chrom-Molybd\u00e4nstahl mit doppelten Bronzef\u00fchrungen gew\u00e4hrleisten eine sehr hohe Lebensdauer. \u2022 Mit gro\u00dfz\u00fcgig dimensioniertem Pendeldruckst\u00fcck. \u2022 Einschliesslich Kupplungsmuffen, auf Wunsch verwechslungssicher.\" \/>\n<meta property=\"og:url\" content=\"https:\/\/www.ohis.be\/de\/produit\/st-5015-hydraulische-stufenheber\/\" \/>\n<meta property=\"og:site_name\" content=\"Ohis\" \/>\n<meta property=\"og:image\" content=\"https:\/\/www.ohis.be\/wp-content\/uploads\/2023\/01\/yale-st.jpg\" \/>\n\t<meta property=\"og:image:width\" content=\"597\" \/>\n\t<meta property=\"og:image:height\" content=\"524\" \/>\n\t<meta property=\"og:image:type\" content=\"image\/jpeg\" \/>\n<meta name=\"twitter:card\" content=\"summary_large_image\" \/>\n<meta name=\"twitter:label1\" content=\"Gesch\u00e4tzte Lesezeit\" \/>\n\t<meta name=\"twitter:data1\" content=\"1\u00a0Minute\" \/>\n<script type=\"application\/ld+json\" class=\"yoast-schema-graph\">{\"@context\":\"https:\\\/\\\/schema.org\",\"@graph\":[{\"@type\":\"WebPage\",\"@id\":\"https:\\\/\\\/www.ohis.be\\\/de\\\/produit\\\/st-5015-hydraulische-stufenheber\\\/\",\"url\":\"https:\\\/\\\/www.ohis.be\\\/de\\\/produit\\\/st-5015-hydraulische-stufenheber\\\/\",\"name\":\"ST-5015 Hydraulische Stufenheber - Ohis\",\"isPartOf\":{\"@id\":\"https:\\\/\\\/www.ohis.be\\\/#website\"},\"primaryImageOfPage\":{\"@id\":\"https:\\\/\\\/www.ohis.be\\\/de\\\/produit\\\/st-5015-hydraulische-stufenheber\\\/#primaryimage\"},\"image\":{\"@id\":\"https:\\\/\\\/www.ohis.be\\\/de\\\/produit\\\/st-5015-hydraulische-stufenheber\\\/#primaryimage\"},\"thumbnailUrl\":\"https:\\\/\\\/www.ohis.be\\\/wp-content\\\/uploads\\\/2023\\\/01\\\/yale-st.jpg\",\"datePublished\":\"2023-01-05T10:06:48+00:00\",\"breadcrumb\":{\"@id\":\"https:\\\/\\\/www.ohis.be\\\/de\\\/produit\\\/st-5015-hydraulische-stufenheber\\\/#breadcrumb\"},\"inLanguage\":\"de\",\"potentialAction\":[{\"@type\":\"ReadAction\",\"target\":[\"https:\\\/\\\/www.ohis.be\\\/de\\\/produit\\\/st-5015-hydraulische-stufenheber\\\/\"]}]},{\"@type\":\"ImageObject\",\"inLanguage\":\"de\",\"@id\":\"https:\\\/\\\/www.ohis.be\\\/de\\\/produit\\\/st-5015-hydraulische-stufenheber\\\/#primaryimage\",\"url\":\"https:\\\/\\\/www.ohis.be\\\/wp-content\\\/uploads\\\/2023\\\/01\\\/yale-st.jpg\",\"contentUrl\":\"https:\\\/\\\/www.ohis.be\\\/wp-content\\\/uploads\\\/2023\\\/01\\\/yale-st.jpg\",\"width\":597,\"height\":524},{\"@type\":\"BreadcrumbList\",\"@id\":\"https:\\\/\\\/www.ohis.be\\\/de\\\/produit\\\/st-5015-hydraulische-stufenheber\\\/#breadcrumb\",\"itemListElement\":[{\"@type\":\"ListItem\",\"position\":1,\"name\":\"Accueil\",\"item\":\"https:\\\/\\\/www.ohis.be\\\/de\\\/\"},{\"@type\":\"ListItem\",\"position\":2,\"name\":\"Produkte\",\"item\":\"https:\\\/\\\/www.ohis.be\\\/de\\\/produkte\\\/\"},{\"@type\":\"ListItem\",\"position\":3,\"name\":\"ST-5015 Hydraulische Stufenheber\"}]},{\"@type\":\"WebSite\",\"@id\":\"https:\\\/\\\/www.ohis.be\\\/#website\",\"url\":\"https:\\\/\\\/www.ohis.be\\\/\",\"name\":\"Ohis\",\"description\":\"Outils de levage\",\"publisher\":{\"@id\":\"https:\\\/\\\/www.ohis.be\\\/#organization\"},\"potentialAction\":[{\"@type\":\"SearchAction\",\"target\":{\"@type\":\"EntryPoint\",\"urlTemplate\":\"https:\\\/\\\/www.ohis.be\\\/?s={search_term_string}\"},\"query-input\":{\"@type\":\"PropertyValueSpecification\",\"valueRequired\":true,\"valueName\":\"search_term_string\"}}],\"inLanguage\":\"de\"},{\"@type\":\"Organization\",\"@id\":\"https:\\\/\\\/www.ohis.be\\\/#organization\",\"name\":\"Ohis\",\"url\":\"https:\\\/\\\/www.ohis.be\\\/\",\"logo\":{\"@type\":\"ImageObject\",\"inLanguage\":\"de\",\"@id\":\"https:\\\/\\\/www.ohis.be\\\/#\\\/schema\\\/logo\\\/image\\\/\",\"url\":\"https:\\\/\\\/www.ohis.be\\\/wp-content\\\/uploads\\\/2021\\\/02\\\/logo-ohis-wit.svg\",\"contentUrl\":\"https:\\\/\\\/www.ohis.be\\\/wp-content\\\/uploads\\\/2021\\\/02\\\/logo-ohis-wit.svg\",\"caption\":\"Ohis\"},\"image\":{\"@id\":\"https:\\\/\\\/www.ohis.be\\\/#\\\/schema\\\/logo\\\/image\\\/\"}}]}<\/script>\n<!-- \/ Yoast SEO plugin. -->","yoast_head_json":{"title":"ST-5015 Hydraulische Stufenheber - Ohis","robots":{"index":"index","follow":"follow","max-snippet":"max-snippet:-1","max-image-preview":"max-image-preview:large","max-video-preview":"max-video-preview:-1"},"canonical":"https:\/\/www.ohis.be\/de\/produit\/st-5015-hydraulische-stufenheber\/","og_locale":"de_DE","og_type":"article","og_title":"ST-5015 Hydraulische Stufenheber - Ohis","og_description":"Hubkraft 50 - 100 t Kompakt, niedrig bauend und universell einsetzbar. Stufenheber sind hydraulische Hebeger\u00e4te, mit welchen Lasten auch \u00fcber h\u00f6here Distanzen angehoben bzw. abgesenkt werden k\u00f6nnen. Hochwertige Materialien gew\u00e4hrleisten h\u00f6chste Gebrauchseigenschaften. Zum Einsatz kommen in der Regel \u201edoppeltwirkende\u201c Hydraulikzylinder im Yale ChroMo- Design, welche \u00fcber einen hydraulischen R\u00fcckhub des Kolbens verf\u00fcgen. Der Hydraulikzylinder wird mit einer gro\u00dfen, quadratischen St\u00fctzplatte und einer Kolbenplatte ausger\u00fcstet.  Funktion Der Hydraulikzylinder wird \u201e\u00fcberkopf\u201c eingesetzt und dr\u00fcckt sich somit selbst mit der aufliegenden Last vom Boden ab. Durch das Unterlegen von Aluminium- oder Hartholzkl\u00f6tzen kann so eine nahezu beliebige Hubh\u00f6he erreicht werden, wobei zwischendurch stets sicher abgest\u00fctzt wird. W\u00e4hrend des Hubvorganges braucht der Stufenheber nicht umgesetzt zu werden. Er klettert den Stapel herauf und herunter.  Steuerung Je nach Bedarf k\u00f6nnen Stufenheber einzeln, oder im Mehrfach-Verbund eingesetzt werden. Werden mehrere Ger\u00e4te betrieben, k\u00f6nnen sie die Last sowohl wechselweise als auch synchron heben. Stufenheber k\u00f6nnen mit Handpumpen oder mit Motorpumpen (besonders auch Mehrstrom-Aggregaten) angetrieben werden.  Ausstattung und Verarbeitung \u2022 Yale ChroMo-Design. \u2022 Zusammenstellung von kosteng\u00fcnstigen Hub-Systemen (dreipunkt bzw. vierpunkt) m\u00f6glich. \u2022 Geringes Gesamtgewicht von ca. 60 kg (beim 50 t Ger\u00e4t). \u2022 Stufenheberk\u00f6rper aus ultrafestem Leichtmetall. \u2022 Hydraulikzylinder aus massivem Chrom-Molybd\u00e4nstahl mit doppelten Bronzef\u00fchrungen gew\u00e4hrleisten eine sehr hohe Lebensdauer. \u2022 Mit gro\u00dfz\u00fcgig dimensioniertem Pendeldruckst\u00fcck. \u2022 Einschliesslich Kupplungsmuffen, auf Wunsch verwechslungssicher.","og_url":"https:\/\/www.ohis.be\/de\/produit\/st-5015-hydraulische-stufenheber\/","og_site_name":"Ohis","og_image":[{"width":597,"height":524,"url":"https:\/\/www.ohis.be\/wp-content\/uploads\/2023\/01\/yale-st.jpg","type":"image\/jpeg"}],"twitter_card":"summary_large_image","twitter_misc":{"Gesch\u00e4tzte Lesezeit":"1\u00a0Minute"},"schema":{"@context":"https:\/\/schema.org","@graph":[{"@type":"WebPage","@id":"https:\/\/www.ohis.be\/de\/produit\/st-5015-hydraulische-stufenheber\/","url":"https:\/\/www.ohis.be\/de\/produit\/st-5015-hydraulische-stufenheber\/","name":"ST-5015 Hydraulische Stufenheber - Ohis","isPartOf":{"@id":"https:\/\/www.ohis.be\/#website"},"primaryImageOfPage":{"@id":"https:\/\/www.ohis.be\/de\/produit\/st-5015-hydraulische-stufenheber\/#primaryimage"},"image":{"@id":"https:\/\/www.ohis.be\/de\/produit\/st-5015-hydraulische-stufenheber\/#primaryimage"},"thumbnailUrl":"https:\/\/www.ohis.be\/wp-content\/uploads\/2023\/01\/yale-st.jpg","datePublished":"2023-01-05T10:06:48+00:00","breadcrumb":{"@id":"https:\/\/www.ohis.be\/de\/produit\/st-5015-hydraulische-stufenheber\/#breadcrumb"},"inLanguage":"de","potentialAction":[{"@type":"ReadAction","target":["https:\/\/www.ohis.be\/de\/produit\/st-5015-hydraulische-stufenheber\/"]}]},{"@type":"ImageObject","inLanguage":"de","@id":"https:\/\/www.ohis.be\/de\/produit\/st-5015-hydraulische-stufenheber\/#primaryimage","url":"https:\/\/www.ohis.be\/wp-content\/uploads\/2023\/01\/yale-st.jpg","contentUrl":"https:\/\/www.ohis.be\/wp-content\/uploads\/2023\/01\/yale-st.jpg","width":597,"height":524},{"@type":"BreadcrumbList","@id":"https:\/\/www.ohis.be\/de\/produit\/st-5015-hydraulische-stufenheber\/#breadcrumb","itemListElement":[{"@type":"ListItem","position":1,"name":"Accueil","item":"https:\/\/www.ohis.be\/de\/"},{"@type":"ListItem","position":2,"name":"Produkte","item":"https:\/\/www.ohis.be\/de\/produkte\/"},{"@type":"ListItem","position":3,"name":"ST-5015 Hydraulische Stufenheber"}]},{"@type":"WebSite","@id":"https:\/\/www.ohis.be\/#website","url":"https:\/\/www.ohis.be\/","name":"Ohis","description":"Outils de levage","publisher":{"@id":"https:\/\/www.ohis.be\/#organization"},"potentialAction":[{"@type":"SearchAction","target":{"@type":"EntryPoint","urlTemplate":"https:\/\/www.ohis.be\/?s={search_term_string}"},"query-input":{"@type":"PropertyValueSpecification","valueRequired":true,"valueName":"search_term_string"}}],"inLanguage":"de"},{"@type":"Organization","@id":"https:\/\/www.ohis.be\/#organization","name":"Ohis","url":"https:\/\/www.ohis.be\/","logo":{"@type":"ImageObject","inLanguage":"de","@id":"https:\/\/www.ohis.be\/#\/schema\/logo\/image\/","url":"https:\/\/www.ohis.be\/wp-content\/uploads\/2021\/02\/logo-ohis-wit.svg","contentUrl":"https:\/\/www.ohis.be\/wp-content\/uploads\/2021\/02\/logo-ohis-wit.svg","caption":"Ohis"},"image":{"@id":"https:\/\/www.ohis.be\/#\/schema\/logo\/image\/"}}]}},"_links":{"self":[{"href":"https:\/\/www.ohis.be\/de\/wp-json\/wp\/v2\/product\/24343","targetHints":{"allow":["GET"]}}],"collection":[{"href":"https:\/\/www.ohis.be\/de\/wp-json\/wp\/v2\/product"}],"about":[{"href":"https:\/\/www.ohis.be\/de\/wp-json\/wp\/v2\/types\/product"}],"wp:featuredmedia":[{"embeddable":true,"href":"https:\/\/www.ohis.be\/de\/wp-json\/wp\/v2\/media\/23414"}],"wp:attachment":[{"href":"https:\/\/www.ohis.be\/de\/wp-json\/wp\/v2\/media?parent=24343"}],"wp:term":[{"taxonomy":"product_brand","embeddable":true,"href":"https:\/\/www.ohis.be\/de\/wp-json\/wp\/v2\/product_brand?post=24343"},{"taxonomy":"product_cat","embeddable":true,"href":"https:\/\/www.ohis.be\/de\/wp-json\/wp\/v2\/product_cat?post=24343"},{"taxonomy":"product_tag","embeddable":true,"href":"https:\/\/www.ohis.be\/de\/wp-json\/wp\/v2\/product_tag?post=24343"}],"curies":[{"name":"wp","href":"https:\/\/api.w.org\/{rel}","templated":true}]}}