{"id":24327,"date":"2023-01-05T11:25:50","date_gmt":"2023-01-05T10:25:50","guid":{"rendered":"https:\/\/www.ohis.be\/produit\/ayp-1215-s-testplatte-fur-permanentmagnet\/"},"modified":"2023-01-05T11:25:50","modified_gmt":"2023-01-05T10:25:50","slug":"ayp-1215-s-testplatte-fur-permanentmagnet","status":"publish","type":"product","link":"https:\/\/www.ohis.be\/de\/produit\/ayp-1215-s-testplatte-fur-permanentmagnet\/","title":{"rendered":"AYP-1215-S Testplatte f\u00fcr Permanentmagnet"},"content":{"rendered":"<p>Testkapazit\u00e4t max. 12 t<br \/>\nF\u00fcr die Pr\u00fcfung von Permanentmagneten nach DIN EN 13155.<br \/>\nDie Platte wird in den 12-t-Pr\u00fcfstand RPYS-1215 (oder andere Versionen dieses Pr\u00fcfstands) eingesetzt und mit einem Bolzen mit dem Rahmen verbunden.<br \/>\nDie Pr\u00fcfplatte mit einer nach DIN EN 13155 genormten Oberfl\u00e4che kann horizontal verstellt werden, um sie stabil auszurichten.<br \/>\nAbmessungen: 800 x 490 x 60 mm<\/p>\n","protected":false},"excerpt":{"rendered":"<p>Testkapazit\u00e4t max. 12 t<br \/>\nF\u00fcr die Pr\u00fcfung von Permanentmagneten nach DIN EN 13155.<br \/>\nDie Platte wird in den 12-t-Pr\u00fcfstand RPYS-1215 (oder andere Versionen dieses Pr\u00fcfstands) eingesetzt und mit einem Bolzen mit dem Rahmen verbunden.<br \/>\nDie Pr\u00fcfplatte mit einer nach DIN EN 13155 genormten Oberfl\u00e4che kann horizontal verstellt werden, um sie stabil auszurichten.<br \/>\nAbmessungen: 800 x 490 x 60 mm<\/p>\n","protected":false},"featured_media":0,"template":"","meta":{"_acf_changed":false,"inline_featured_image":false},"product_brand":[],"product_cat":[1608],"product_tag":[705],"class_list":{"0":"post-24327","1":"product","2":"type-product","3":"status-publish","5":"product_cat-werkzeuge-fuer-die-werkstatt","6":"product_tag-yale-de","8":"first","9":"onbackorder","10":"taxable","11":"shipping-taxable","12":"purchasable","13":"product-type-simple"},"acf":[],"yoast_head":"<!-- This site is optimized with the Yoast SEO plugin v27.4 - https:\/\/yoast.com\/product\/yoast-seo-wordpress\/ -->\n<title>AYP-1215-S Testplatte f\u00fcr Permanentmagnet - Ohis<\/title>\n<meta name=\"robots\" content=\"index, follow, max-snippet:-1, max-image-preview:large, max-video-preview:-1\" \/>\n<link rel=\"canonical\" href=\"https:\/\/www.ohis.be\/de\/produit\/ayp-1215-s-testplatte-fur-permanentmagnet\/\" \/>\n<meta property=\"og:locale\" content=\"de_DE\" \/>\n<meta property=\"og:type\" content=\"article\" \/>\n<meta property=\"og:title\" content=\"AYP-1215-S Testplatte f\u00fcr Permanentmagnet - Ohis\" \/>\n<meta property=\"og:description\" content=\"Testkapazit\u00e4t max. 12 t F\u00fcr die Pr\u00fcfung von Permanentmagneten nach DIN EN 13155. Die Platte wird in den 12-t-Pr\u00fcfstand RPYS-1215 (oder andere Versionen dieses Pr\u00fcfstands) eingesetzt und mit einem Bolzen mit dem Rahmen verbunden. Die Pr\u00fcfplatte mit einer nach DIN EN 13155 genormten Oberfl\u00e4che kann horizontal verstellt werden, um sie stabil auszurichten. Abmessungen: 800 x 490 x 60 mm\" \/>\n<meta property=\"og:url\" content=\"https:\/\/www.ohis.be\/de\/produit\/ayp-1215-s-testplatte-fur-permanentmagnet\/\" \/>\n<meta property=\"og:site_name\" content=\"Ohis\" \/>\n<meta name=\"twitter:card\" content=\"summary_large_image\" \/>\n<script type=\"application\/ld+json\" class=\"yoast-schema-graph\">{\"@context\":\"https:\\\/\\\/schema.org\",\"@graph\":[{\"@type\":\"WebPage\",\"@id\":\"https:\\\/\\\/www.ohis.be\\\/de\\\/produit\\\/ayp-1215-s-testplatte-fur-permanentmagnet\\\/\",\"url\":\"https:\\\/\\\/www.ohis.be\\\/de\\\/produit\\\/ayp-1215-s-testplatte-fur-permanentmagnet\\\/\",\"name\":\"AYP-1215-S Testplatte f\u00fcr Permanentmagnet - Ohis\",\"isPartOf\":{\"@id\":\"https:\\\/\\\/www.ohis.be\\\/#website\"},\"datePublished\":\"2023-01-05T10:25:50+00:00\",\"breadcrumb\":{\"@id\":\"https:\\\/\\\/www.ohis.be\\\/de\\\/produit\\\/ayp-1215-s-testplatte-fur-permanentmagnet\\\/#breadcrumb\"},\"inLanguage\":\"de\",\"potentialAction\":[{\"@type\":\"ReadAction\",\"target\":[\"https:\\\/\\\/www.ohis.be\\\/de\\\/produit\\\/ayp-1215-s-testplatte-fur-permanentmagnet\\\/\"]}]},{\"@type\":\"BreadcrumbList\",\"@id\":\"https:\\\/\\\/www.ohis.be\\\/de\\\/produit\\\/ayp-1215-s-testplatte-fur-permanentmagnet\\\/#breadcrumb\",\"itemListElement\":[{\"@type\":\"ListItem\",\"position\":1,\"name\":\"Accueil\",\"item\":\"https:\\\/\\\/www.ohis.be\\\/de\\\/\"},{\"@type\":\"ListItem\",\"position\":2,\"name\":\"Produkte\",\"item\":\"https:\\\/\\\/www.ohis.be\\\/de\\\/produkte\\\/\"},{\"@type\":\"ListItem\",\"position\":3,\"name\":\"AYP-1215-S Testplatte f\u00fcr Permanentmagnet\"}]},{\"@type\":\"WebSite\",\"@id\":\"https:\\\/\\\/www.ohis.be\\\/#website\",\"url\":\"https:\\\/\\\/www.ohis.be\\\/\",\"name\":\"Ohis\",\"description\":\"Outils de levage\",\"publisher\":{\"@id\":\"https:\\\/\\\/www.ohis.be\\\/#organization\"},\"potentialAction\":[{\"@type\":\"SearchAction\",\"target\":{\"@type\":\"EntryPoint\",\"urlTemplate\":\"https:\\\/\\\/www.ohis.be\\\/?s={search_term_string}\"},\"query-input\":{\"@type\":\"PropertyValueSpecification\",\"valueRequired\":true,\"valueName\":\"search_term_string\"}}],\"inLanguage\":\"de\"},{\"@type\":\"Organization\",\"@id\":\"https:\\\/\\\/www.ohis.be\\\/#organization\",\"name\":\"Ohis\",\"url\":\"https:\\\/\\\/www.ohis.be\\\/\",\"logo\":{\"@type\":\"ImageObject\",\"inLanguage\":\"de\",\"@id\":\"https:\\\/\\\/www.ohis.be\\\/#\\\/schema\\\/logo\\\/image\\\/\",\"url\":\"https:\\\/\\\/www.ohis.be\\\/wp-content\\\/uploads\\\/2021\\\/02\\\/logo-ohis-wit.svg\",\"contentUrl\":\"https:\\\/\\\/www.ohis.be\\\/wp-content\\\/uploads\\\/2021\\\/02\\\/logo-ohis-wit.svg\",\"caption\":\"Ohis\"},\"image\":{\"@id\":\"https:\\\/\\\/www.ohis.be\\\/#\\\/schema\\\/logo\\\/image\\\/\"}}]}<\/script>\n<!-- \/ Yoast SEO plugin. -->","yoast_head_json":{"title":"AYP-1215-S Testplatte f\u00fcr Permanentmagnet - Ohis","robots":{"index":"index","follow":"follow","max-snippet":"max-snippet:-1","max-image-preview":"max-image-preview:large","max-video-preview":"max-video-preview:-1"},"canonical":"https:\/\/www.ohis.be\/de\/produit\/ayp-1215-s-testplatte-fur-permanentmagnet\/","og_locale":"de_DE","og_type":"article","og_title":"AYP-1215-S Testplatte f\u00fcr Permanentmagnet - Ohis","og_description":"Testkapazit\u00e4t max. 12 t F\u00fcr die Pr\u00fcfung von Permanentmagneten nach DIN EN 13155. Die Platte wird in den 12-t-Pr\u00fcfstand RPYS-1215 (oder andere Versionen dieses Pr\u00fcfstands) eingesetzt und mit einem Bolzen mit dem Rahmen verbunden. Die Pr\u00fcfplatte mit einer nach DIN EN 13155 genormten Oberfl\u00e4che kann horizontal verstellt werden, um sie stabil auszurichten. Abmessungen: 800 x 490 x 60 mm","og_url":"https:\/\/www.ohis.be\/de\/produit\/ayp-1215-s-testplatte-fur-permanentmagnet\/","og_site_name":"Ohis","twitter_card":"summary_large_image","schema":{"@context":"https:\/\/schema.org","@graph":[{"@type":"WebPage","@id":"https:\/\/www.ohis.be\/de\/produit\/ayp-1215-s-testplatte-fur-permanentmagnet\/","url":"https:\/\/www.ohis.be\/de\/produit\/ayp-1215-s-testplatte-fur-permanentmagnet\/","name":"AYP-1215-S Testplatte f\u00fcr Permanentmagnet - Ohis","isPartOf":{"@id":"https:\/\/www.ohis.be\/#website"},"datePublished":"2023-01-05T10:25:50+00:00","breadcrumb":{"@id":"https:\/\/www.ohis.be\/de\/produit\/ayp-1215-s-testplatte-fur-permanentmagnet\/#breadcrumb"},"inLanguage":"de","potentialAction":[{"@type":"ReadAction","target":["https:\/\/www.ohis.be\/de\/produit\/ayp-1215-s-testplatte-fur-permanentmagnet\/"]}]},{"@type":"BreadcrumbList","@id":"https:\/\/www.ohis.be\/de\/produit\/ayp-1215-s-testplatte-fur-permanentmagnet\/#breadcrumb","itemListElement":[{"@type":"ListItem","position":1,"name":"Accueil","item":"https:\/\/www.ohis.be\/de\/"},{"@type":"ListItem","position":2,"name":"Produkte","item":"https:\/\/www.ohis.be\/de\/produkte\/"},{"@type":"ListItem","position":3,"name":"AYP-1215-S Testplatte f\u00fcr Permanentmagnet"}]},{"@type":"WebSite","@id":"https:\/\/www.ohis.be\/#website","url":"https:\/\/www.ohis.be\/","name":"Ohis","description":"Outils de levage","publisher":{"@id":"https:\/\/www.ohis.be\/#organization"},"potentialAction":[{"@type":"SearchAction","target":{"@type":"EntryPoint","urlTemplate":"https:\/\/www.ohis.be\/?s={search_term_string}"},"query-input":{"@type":"PropertyValueSpecification","valueRequired":true,"valueName":"search_term_string"}}],"inLanguage":"de"},{"@type":"Organization","@id":"https:\/\/www.ohis.be\/#organization","name":"Ohis","url":"https:\/\/www.ohis.be\/","logo":{"@type":"ImageObject","inLanguage":"de","@id":"https:\/\/www.ohis.be\/#\/schema\/logo\/image\/","url":"https:\/\/www.ohis.be\/wp-content\/uploads\/2021\/02\/logo-ohis-wit.svg","contentUrl":"https:\/\/www.ohis.be\/wp-content\/uploads\/2021\/02\/logo-ohis-wit.svg","caption":"Ohis"},"image":{"@id":"https:\/\/www.ohis.be\/#\/schema\/logo\/image\/"}}]}},"_links":{"self":[{"href":"https:\/\/www.ohis.be\/de\/wp-json\/wp\/v2\/product\/24327","targetHints":{"allow":["GET"]}}],"collection":[{"href":"https:\/\/www.ohis.be\/de\/wp-json\/wp\/v2\/product"}],"about":[{"href":"https:\/\/www.ohis.be\/de\/wp-json\/wp\/v2\/types\/product"}],"wp:attachment":[{"href":"https:\/\/www.ohis.be\/de\/wp-json\/wp\/v2\/media?parent=24327"}],"wp:term":[{"taxonomy":"product_brand","embeddable":true,"href":"https:\/\/www.ohis.be\/de\/wp-json\/wp\/v2\/product_brand?post=24327"},{"taxonomy":"product_cat","embeddable":true,"href":"https:\/\/www.ohis.be\/de\/wp-json\/wp\/v2\/product_cat?post=24327"},{"taxonomy":"product_tag","embeddable":true,"href":"https:\/\/www.ohis.be\/de\/wp-json\/wp\/v2\/product_tag?post=24327"}],"curies":[{"name":"wp","href":"https:\/\/api.w.org\/{rel}","templated":true}]}}