{"id":24313,"date":"2023-01-05T12:08:03","date_gmt":"2023-01-05T11:08:03","guid":{"rendered":"https:\/\/www.ohis.be\/produit\/rpy-universelle-werkstattpressen-10t-23t\/"},"modified":"2023-01-05T12:08:03","modified_gmt":"2023-01-05T11:08:03","slug":"rpy-universelle-werkstattpressen-10t-23t","status":"publish","type":"product","link":"https:\/\/www.ohis.be\/de\/produit\/rpy-universelle-werkstattpressen-10t-23t\/","title":{"rendered":"RPY Universelle Werkstattpressen (10t-23t)"},"content":{"rendered":"<p>F\u00fcr alle Reparatur- und Montagearbeiten geeignet.<br \/>\nGem\u00e4\u00df den Europ\u00e4ischen Richtlinien und den UVV sind alle Werkstattpressen ohne Zweihandbedienung und Schutzvorrichtung einsetzbar, da die Zylinderausfahrzeiten unter 10 mm\/s liegen.<br \/>\nBei anderen Kombinationen beraten wir Sie gerne.<\/p>\n<p>Anwendungsbereiche<br \/>\n\u2022 Aus- und Einpressen von Lagern, Bolzen, Buchsen.<br \/>\n\u2022 Richten von Tr\u00e4gern, Wellen, Achsen und Profilen.<br \/>\n\u2022 Verpress- und Quetscharbeiten.<br \/>\n\u2022 Belastungstests und Schwei\u00dfprobenpr\u00fcfungen.<br \/>\n\u2022 Pr\u00e4gen, Schneiden, Stanzen.<br \/>\n\u2022 Einrichten von Werkzeugen.<\/p>\n<p>Ausstattung aller Pressen<br \/>\nAusstattung und Verarbeitung<br \/>\n\u2022 Betriebsfertige Ausstattung, einschl. Hydraulik\u00f6lf\u00fcllung, \u00d6lschauglas.<br \/>\n\u2022 Hochdruck-Hydraulikschl\u00e4uche.<br \/>\n\u2022 Manometer, glyzeringed\u00e4mpft.<br \/>\n\u2022 Standprofile mit Befestigungsbohrungen, und Tischverstellung, mit Umrechnungstabelle: Betriebsdruck &#8211; Presskraft.<\/p>\n<p>Beschreibung der Hydraulikzylinder<br \/>\nAusstattung und Verarbeitung<br \/>\n\u2022 Aus Chrom-Molybd\u00e4nstahl gefertigt, verg\u00fctet und mit metrischen Befestigungsgewinden in der Kolbenstange ausgestattet.<br \/>\n\u2022 Doppelte Bronzef\u00fchrung der hartverchromten Kolbenstange.<br \/>\n\u2022 Kolbenr\u00fcckzug durch Feder oder hydraulisch.<br \/>\n\u2022 Befestigungsgewinde in der Kolbenstange.<br \/>\n\u2022 Hubl\u00e4nge 150 bis 500 mm.<\/p>\n<p>Beschreibung der Pressenrahmen<br \/>\nAusstattung und Verarbeitung<br \/>\n\u2022 Robuste, dehnungsarme und verwindungssteife Konstruktion.<br \/>\n\u2022 Massive, pr\u00e4zise geschwei\u00dfte Pressenrahmen.<br \/>\n\u2022 Offene Bauweise, von alle Seiten zug\u00e4nglich.<br \/>\n\u2022 50 und 100 t Pressen mit hydraulisch h\u00f6henverstellbarem Pressentisch und Pressenkopf (Vorrichtung zur Verstellung geh\u00f6rt zum Lieferumfang).<br \/>\n\u2022 200 t Presse mit hydraulisch h\u00f6henverstellbarem Pressentisch und festverschwei\u00dftem Pressenkopf.<br \/>\n\u2022 Jeweils vier Steckbolzen halten den Pressenkopf und -tisch und erh\u00f6hen die Stabilit\u00e4t des Rahmens (50 und 100 t).<br \/>\n\u2022 50, 100 und 200 t Pressen mit schwenkbarer Pumpenkonsole mit freiem seitlichem Durchgang zum Richten von besonders langen Werkst\u00fccken.<br \/>\n\u2022 Baukastensystem: weitere sinnvolle Kombinationen von Hydraulikzylindern und Pumpen sind m\u00f6glich.<br \/>\n\u2022 Der Antrieb erfolgt wahlweise durch Hand- oder Elektro- Hydraulikpumpen.<\/p>\n<p>Beschreibung der Handpumpen<br \/>\nAusstattung und Verarbeitung<br \/>\n\u2022 Alle Handpumpen mit zweistufigem F\u00f6rdervolumen.<br \/>\n\u2022 Glyzeringed\u00e4mpftes Manometer, \u00d8 63 mm, Klasse 1,6.<br \/>\n\u2022 2,0 m Hydraulikschlauch mit Schnellkupplung.<\/p>\n<p>Beschreibung der Motorpumpen<br \/>\nAusstattung und Verarbeitung<br \/>\n\u2022 Langlebige Radialkolbenpumpen, ab 50 t mit zweistufigem F\u00f6rdervolumen (Eilgang).<br \/>\n\u2022 Druckeinstellventil auf Wunsch (bei Ausstattung mit Elektromagnetventilen serienm\u00e4\u00dfig).<br \/>\n\u2022 Glyzeringed\u00e4mpftes Manometer, \u00d8 100 mm, Klasse 1,0.<br \/>\n\u2022 Steuerung wahlweise durch: Hand-Wegeventil mit Verbindung mit einer \u201eMotor-Start-Stop\u201c Kabelfernbedienung (ein Taster) oder Elektromagnetventil mit Kabelfernsteuerung (zwei Taster).<\/p>\n","protected":false},"excerpt":{"rendered":"<p>F\u00fcr alle Reparatur- und Montagearbeiten geeignet.<br \/>\nGem\u00e4\u00df den Europ\u00e4ischen Richtlinien und den UVV sind alle Werkstattpressen ohne Zweihandbedienung und Schutzvorrichtung einsetzbar, da die Zylinderausfahrzeiten unter 10 mm\/s liegen.<br \/>\nBei anderen Kombinationen beraten wir Sie gerne.<\/p>\n<p>Anwendungsbereiche<br \/>\n\u2022 Aus- und Einpressen von Lagern, Bolzen, Buchsen.<br \/>\n\u2022 Richten von Tr\u00e4gern, Wellen, Achsen und Profilen.<br \/>\n\u2022 Verpress- und Quetscharbeiten.<br \/>\n\u2022 Belastungstests und Schwei\u00dfprobenpr\u00fcfungen.<br \/>\n\u2022 Pr\u00e4gen, Schneiden, Stanzen.<br \/>\n\u2022 Einrichten von Werkzeugen.<\/p>\n<p>Ausstattung aller Pressen<br \/>\nAusstattung und Verarbeitung<br \/>\n\u2022 Betriebsfertige Ausstattung, einschl. Hydraulik\u00f6lf\u00fcllung, \u00d6lschauglas.<br \/>\n\u2022 Hochdruck-Hydraulikschl\u00e4uche.<br \/>\n\u2022 Manometer, glyzeringed\u00e4mpft.<br \/>\n\u2022 Standprofile mit Befestigungsbohrungen, und Tischverstellung, mit Umrechnungstabelle: Betriebsdruck &#8211; Presskraft.<\/p>\n<p>Beschreibung der Hydraulikzylinder<br \/>\nAusstattung und Verarbeitung<br \/>\n\u2022 Aus Chrom-Molybd\u00e4nstahl gefertigt, verg\u00fctet und mit metrischen Befestigungsgewinden in der Kolbenstange ausgestattet.<br \/>\n\u2022 Doppelte Bronzef\u00fchrung der hartverchromten Kolbenstange.<br \/>\n\u2022 Kolbenr\u00fcckzug durch Feder oder hydraulisch.<br \/>\n\u2022 Befestigungsgewinde in der Kolbenstange.<br \/>\n\u2022 Hubl\u00e4nge 150 bis 500 mm.<\/p>\n<p>Beschreibung der Pressenrahmen<br \/>\nAusstattung und Verarbeitung<br \/>\n\u2022 Robuste, dehnungsarme und verwindungssteife Konstruktion.<br \/>\n\u2022 Massive, pr\u00e4zise geschwei\u00dfte Pressenrahmen.<br \/>\n\u2022 Offene Bauweise, von alle Seiten zug\u00e4nglich.<br \/>\n\u2022 50 und 100 t Pressen mit hydraulisch h\u00f6henverstellbarem Pressentisch und Pressenkopf (Vorrichtung zur Verstellung geh\u00f6rt zum Lieferumfang).<br \/>\n\u2022 200 t Presse mit hydraulisch h\u00f6henverstellbarem Pressentisch und festverschwei\u00dftem Pressenkopf.<br \/>\n\u2022 Jeweils vier Steckbolzen halten den Pressenkopf und -tisch und erh\u00f6hen die Stabilit\u00e4t des Rahmens (50 und 100 t).<br \/>\n\u2022 50, 100 und 200 t Pressen mit schwenkbarer Pumpenkonsole mit freiem seitlichem Durchgang zum Richten von besonders langen Werkst\u00fccken.<br \/>\n\u2022 Baukastensystem: weitere sinnvolle Kombinationen von Hydraulikzylindern und Pumpen sind m\u00f6glich.<br \/>\n\u2022 Der Antrieb erfolgt wahlweise durch Hand- oder Elektro- Hydraulikpumpen.<\/p>\n<p>Beschreibung der Handpumpen<br \/>\nAusstattung und Verarbeitung<br \/>\n\u2022 Alle Handpumpen mit zweistufigem F\u00f6rdervolumen.<br \/>\n\u2022 Glyzeringed\u00e4mpftes Manometer, \u00d8 63 mm, Klasse 1,6.<br \/>\n\u2022 2,0 m Hydraulikschlauch mit Schnellkupplung.<\/p>\n<p>Beschreibung der Motorpumpen<br \/>\nAusstattung und Verarbeitung<br \/>\n\u2022 Langlebige Radialkolbenpumpen, ab 50 t mit zweistufigem F\u00f6rdervolumen (Eilgang).<br \/>\n\u2022 Druckeinstellventil auf Wunsch (bei Ausstattung mit Elektromagnetventilen serienm\u00e4\u00dfig).<br \/>\n\u2022 Glyzeringed\u00e4mpftes Manometer, \u00d8 100 mm, Klasse 1,0.<br \/>\n\u2022 Steuerung wahlweise durch: Hand-Wegeventil mit Verbindung mit einer \u201eMotor-Start-Stop\u201c Kabelfernbedienung (ein Taster) oder Elektromagnetventil mit Kabelfernsteuerung (zwei Taster).<\/p>\n","protected":false},"featured_media":23450,"template":"","meta":{"_acf_changed":false,"inline_featured_image":false},"product_brand":[],"product_cat":[1609],"product_tag":[705],"class_list":{"0":"post-24313","1":"product","2":"type-product","3":"status-publish","4":"has-post-thumbnail","6":"product_cat-werkstattpressen","7":"product_tag-yale-de","9":"first","10":"onbackorder","11":"taxable","12":"shipping-taxable","13":"purchasable","14":"product-type-variable"},"acf":[],"yoast_head":"<!-- This site is optimized with the Yoast SEO plugin v27.5 - https:\/\/yoast.com\/product\/yoast-seo-wordpress\/ -->\n<title>RPY Universelle Werkstattpressen (10t-23t) - Ohis<\/title>\n<meta name=\"robots\" content=\"index, follow, max-snippet:-1, max-image-preview:large, max-video-preview:-1\" \/>\n<link rel=\"canonical\" href=\"https:\/\/www.ohis.be\/de\/produit\/rpy-universelle-werkstattpressen-10t-23t\/\" \/>\n<meta property=\"og:locale\" content=\"de_DE\" \/>\n<meta property=\"og:type\" content=\"article\" \/>\n<meta property=\"og:title\" content=\"RPY Universelle Werkstattpressen (10t-23t) - Ohis\" \/>\n<meta property=\"og:description\" content=\"F\u00fcr alle Reparatur- und Montagearbeiten geeignet. Gem\u00e4\u00df den Europ\u00e4ischen Richtlinien und den UVV sind alle Werkstattpressen ohne Zweihandbedienung und Schutzvorrichtung einsetzbar, da die Zylinderausfahrzeiten unter 10 mm\/s liegen. Bei anderen Kombinationen beraten wir Sie gerne.  Anwendungsbereiche \u2022 Aus- und Einpressen von Lagern, Bolzen, Buchsen. \u2022 Richten von Tr\u00e4gern, Wellen, Achsen und Profilen. \u2022 Verpress- und Quetscharbeiten. \u2022 Belastungstests und Schwei\u00dfprobenpr\u00fcfungen. \u2022 Pr\u00e4gen, Schneiden, Stanzen. \u2022 Einrichten von Werkzeugen.  Ausstattung aller Pressen Ausstattung und Verarbeitung \u2022 Betriebsfertige Ausstattung, einschl. Hydraulik\u00f6lf\u00fcllung, \u00d6lschauglas. \u2022 Hochdruck-Hydraulikschl\u00e4uche. \u2022 Manometer, glyzeringed\u00e4mpft. \u2022 Standprofile mit Befestigungsbohrungen, und Tischverstellung, mit Umrechnungstabelle: Betriebsdruck - Presskraft.  Beschreibung der Hydraulikzylinder Ausstattung und Verarbeitung \u2022 Aus Chrom-Molybd\u00e4nstahl gefertigt, verg\u00fctet und mit metrischen Befestigungsgewinden in der Kolbenstange ausgestattet. \u2022 Doppelte Bronzef\u00fchrung der hartverchromten Kolbenstange. \u2022 Kolbenr\u00fcckzug durch Feder oder hydraulisch. \u2022 Befestigungsgewinde in der Kolbenstange. \u2022 Hubl\u00e4nge 150 bis 500 mm.  Beschreibung der Pressenrahmen Ausstattung und Verarbeitung \u2022 Robuste, dehnungsarme und verwindungssteife Konstruktion. \u2022 Massive, pr\u00e4zise geschwei\u00dfte Pressenrahmen. \u2022 Offene Bauweise, von alle Seiten zug\u00e4nglich. \u2022 50 und 100 t Pressen mit hydraulisch h\u00f6henverstellbarem Pressentisch und Pressenkopf (Vorrichtung zur Verstellung geh\u00f6rt zum Lieferumfang). \u2022 200 t Presse mit hydraulisch h\u00f6henverstellbarem Pressentisch und festverschwei\u00dftem Pressenkopf. \u2022 Jeweils vier Steckbolzen halten den Pressenkopf und -tisch und erh\u00f6hen die Stabilit\u00e4t des Rahmens (50 und 100 t). \u2022 50, 100 und 200 t Pressen mit schwenkbarer Pumpenkonsole mit freiem seitlichem Durchgang zum Richten von besonders langen Werkst\u00fccken. \u2022 Baukastensystem: weitere sinnvolle Kombinationen von Hydraulikzylindern und Pumpen sind m\u00f6glich. \u2022 Der Antrieb erfolgt wahlweise durch Hand- oder Elektro- Hydraulikpumpen.  Beschreibung der Handpumpen Ausstattung und Verarbeitung \u2022 Alle Handpumpen mit zweistufigem F\u00f6rdervolumen. \u2022 Glyzeringed\u00e4mpftes Manometer, \u00d8 63 mm, Klasse 1,6. \u2022 2,0 m Hydraulikschlauch mit Schnellkupplung.  Beschreibung der Motorpumpen Ausstattung und Verarbeitung \u2022 Langlebige Radialkolbenpumpen, ab 50 t mit zweistufigem F\u00f6rdervolumen (Eilgang). \u2022 Druckeinstellventil auf Wunsch (bei Ausstattung mit Elektromagnetventilen serienm\u00e4\u00dfig). \u2022 Glyzeringed\u00e4mpftes Manometer, \u00d8 100 mm, Klasse 1,0. \u2022 Steuerung wahlweise durch: Hand-Wegeventil mit Verbindung mit einer \u201eMotor-Start-Stop\u201c Kabelfernbedienung (ein Taster) oder Elektromagnetventil mit Kabelfernsteuerung (zwei Taster).\" \/>\n<meta property=\"og:url\" content=\"https:\/\/www.ohis.be\/de\/produit\/rpy-universelle-werkstattpressen-10t-23t\/\" \/>\n<meta property=\"og:site_name\" content=\"Ohis\" \/>\n<meta property=\"og:image\" content=\"https:\/\/www.ohis.be\/wp-content\/uploads\/2023\/01\/yale-rpy-rpes.jpg\" \/>\n\t<meta property=\"og:image:width\" content=\"364\" \/>\n\t<meta property=\"og:image:height\" content=\"525\" \/>\n\t<meta property=\"og:image:type\" content=\"image\/jpeg\" \/>\n<meta name=\"twitter:card\" content=\"summary_large_image\" \/>\n<meta name=\"twitter:label1\" content=\"Gesch\u00e4tzte Lesezeit\" \/>\n\t<meta name=\"twitter:data1\" content=\"2\u00a0Minuten\" \/>\n<script type=\"application\/ld+json\" class=\"yoast-schema-graph\">{\"@context\":\"https:\\\/\\\/schema.org\",\"@graph\":[{\"@type\":\"WebPage\",\"@id\":\"https:\\\/\\\/www.ohis.be\\\/de\\\/produit\\\/rpy-universelle-werkstattpressen-10t-23t\\\/\",\"url\":\"https:\\\/\\\/www.ohis.be\\\/de\\\/produit\\\/rpy-universelle-werkstattpressen-10t-23t\\\/\",\"name\":\"RPY Universelle Werkstattpressen (10t-23t) - Ohis\",\"isPartOf\":{\"@id\":\"https:\\\/\\\/www.ohis.be\\\/de\\\/#website\"},\"primaryImageOfPage\":{\"@id\":\"https:\\\/\\\/www.ohis.be\\\/de\\\/produit\\\/rpy-universelle-werkstattpressen-10t-23t\\\/#primaryimage\"},\"image\":{\"@id\":\"https:\\\/\\\/www.ohis.be\\\/de\\\/produit\\\/rpy-universelle-werkstattpressen-10t-23t\\\/#primaryimage\"},\"thumbnailUrl\":\"https:\\\/\\\/www.ohis.be\\\/wp-content\\\/uploads\\\/2023\\\/01\\\/yale-rpy-rpes.jpg\",\"datePublished\":\"2023-01-05T11:08:03+00:00\",\"breadcrumb\":{\"@id\":\"https:\\\/\\\/www.ohis.be\\\/de\\\/produit\\\/rpy-universelle-werkstattpressen-10t-23t\\\/#breadcrumb\"},\"inLanguage\":\"de\",\"potentialAction\":[{\"@type\":\"ReadAction\",\"target\":[\"https:\\\/\\\/www.ohis.be\\\/de\\\/produit\\\/rpy-universelle-werkstattpressen-10t-23t\\\/\"]}]},{\"@type\":\"ImageObject\",\"inLanguage\":\"de\",\"@id\":\"https:\\\/\\\/www.ohis.be\\\/de\\\/produit\\\/rpy-universelle-werkstattpressen-10t-23t\\\/#primaryimage\",\"url\":\"https:\\\/\\\/www.ohis.be\\\/wp-content\\\/uploads\\\/2023\\\/01\\\/yale-rpy-rpes.jpg\",\"contentUrl\":\"https:\\\/\\\/www.ohis.be\\\/wp-content\\\/uploads\\\/2023\\\/01\\\/yale-rpy-rpes.jpg\",\"width\":364,\"height\":525,\"caption\":\"SPOTLIGHT 41463 18\"},{\"@type\":\"BreadcrumbList\",\"@id\":\"https:\\\/\\\/www.ohis.be\\\/de\\\/produit\\\/rpy-universelle-werkstattpressen-10t-23t\\\/#breadcrumb\",\"itemListElement\":[{\"@type\":\"ListItem\",\"position\":1,\"name\":\"Accueil\",\"item\":\"https:\\\/\\\/www.ohis.be\\\/de\\\/\"},{\"@type\":\"ListItem\",\"position\":2,\"name\":\"Produkte\",\"item\":\"https:\\\/\\\/www.ohis.be\\\/de\\\/produkte\\\/\"},{\"@type\":\"ListItem\",\"position\":3,\"name\":\"RPY Universelle Werkstattpressen (10t-23t)\"}]},{\"@type\":\"WebSite\",\"@id\":\"https:\\\/\\\/www.ohis.be\\\/de\\\/#website\",\"url\":\"https:\\\/\\\/www.ohis.be\\\/de\\\/\",\"name\":\"Ohis\",\"description\":\"Outils de levage\",\"publisher\":{\"@id\":\"https:\\\/\\\/www.ohis.be\\\/de\\\/#organization\"},\"potentialAction\":[{\"@type\":\"SearchAction\",\"target\":{\"@type\":\"EntryPoint\",\"urlTemplate\":\"https:\\\/\\\/www.ohis.be\\\/de\\\/?s={search_term_string}\"},\"query-input\":{\"@type\":\"PropertyValueSpecification\",\"valueRequired\":true,\"valueName\":\"search_term_string\"}}],\"inLanguage\":\"de\"},{\"@type\":\"Organization\",\"@id\":\"https:\\\/\\\/www.ohis.be\\\/de\\\/#organization\",\"name\":\"Ohis\",\"url\":\"https:\\\/\\\/www.ohis.be\\\/de\\\/\",\"logo\":{\"@type\":\"ImageObject\",\"inLanguage\":\"de\",\"@id\":\"https:\\\/\\\/www.ohis.be\\\/de\\\/#\\\/schema\\\/logo\\\/image\\\/\",\"url\":\"https:\\\/\\\/www.ohis.be\\\/wp-content\\\/uploads\\\/2021\\\/02\\\/logo-ohis-wit.svg\",\"contentUrl\":\"https:\\\/\\\/www.ohis.be\\\/wp-content\\\/uploads\\\/2021\\\/02\\\/logo-ohis-wit.svg\",\"caption\":\"Ohis\"},\"image\":{\"@id\":\"https:\\\/\\\/www.ohis.be\\\/de\\\/#\\\/schema\\\/logo\\\/image\\\/\"}}]}<\/script>\n<!-- \/ Yoast SEO plugin. -->","yoast_head_json":{"title":"RPY Universelle Werkstattpressen (10t-23t) - Ohis","robots":{"index":"index","follow":"follow","max-snippet":"max-snippet:-1","max-image-preview":"max-image-preview:large","max-video-preview":"max-video-preview:-1"},"canonical":"https:\/\/www.ohis.be\/de\/produit\/rpy-universelle-werkstattpressen-10t-23t\/","og_locale":"de_DE","og_type":"article","og_title":"RPY Universelle Werkstattpressen (10t-23t) - Ohis","og_description":"F\u00fcr alle Reparatur- und Montagearbeiten geeignet. Gem\u00e4\u00df den Europ\u00e4ischen Richtlinien und den UVV sind alle Werkstattpressen ohne Zweihandbedienung und Schutzvorrichtung einsetzbar, da die Zylinderausfahrzeiten unter 10 mm\/s liegen. Bei anderen Kombinationen beraten wir Sie gerne.  Anwendungsbereiche \u2022 Aus- und Einpressen von Lagern, Bolzen, Buchsen. \u2022 Richten von Tr\u00e4gern, Wellen, Achsen und Profilen. \u2022 Verpress- und Quetscharbeiten. \u2022 Belastungstests und Schwei\u00dfprobenpr\u00fcfungen. \u2022 Pr\u00e4gen, Schneiden, Stanzen. \u2022 Einrichten von Werkzeugen.  Ausstattung aller Pressen Ausstattung und Verarbeitung \u2022 Betriebsfertige Ausstattung, einschl. Hydraulik\u00f6lf\u00fcllung, \u00d6lschauglas. \u2022 Hochdruck-Hydraulikschl\u00e4uche. \u2022 Manometer, glyzeringed\u00e4mpft. \u2022 Standprofile mit Befestigungsbohrungen, und Tischverstellung, mit Umrechnungstabelle: Betriebsdruck - Presskraft.  Beschreibung der Hydraulikzylinder Ausstattung und Verarbeitung \u2022 Aus Chrom-Molybd\u00e4nstahl gefertigt, verg\u00fctet und mit metrischen Befestigungsgewinden in der Kolbenstange ausgestattet. \u2022 Doppelte Bronzef\u00fchrung der hartverchromten Kolbenstange. \u2022 Kolbenr\u00fcckzug durch Feder oder hydraulisch. \u2022 Befestigungsgewinde in der Kolbenstange. \u2022 Hubl\u00e4nge 150 bis 500 mm.  Beschreibung der Pressenrahmen Ausstattung und Verarbeitung \u2022 Robuste, dehnungsarme und verwindungssteife Konstruktion. \u2022 Massive, pr\u00e4zise geschwei\u00dfte Pressenrahmen. \u2022 Offene Bauweise, von alle Seiten zug\u00e4nglich. \u2022 50 und 100 t Pressen mit hydraulisch h\u00f6henverstellbarem Pressentisch und Pressenkopf (Vorrichtung zur Verstellung geh\u00f6rt zum Lieferumfang). \u2022 200 t Presse mit hydraulisch h\u00f6henverstellbarem Pressentisch und festverschwei\u00dftem Pressenkopf. \u2022 Jeweils vier Steckbolzen halten den Pressenkopf und -tisch und erh\u00f6hen die Stabilit\u00e4t des Rahmens (50 und 100 t). \u2022 50, 100 und 200 t Pressen mit schwenkbarer Pumpenkonsole mit freiem seitlichem Durchgang zum Richten von besonders langen Werkst\u00fccken. \u2022 Baukastensystem: weitere sinnvolle Kombinationen von Hydraulikzylindern und Pumpen sind m\u00f6glich. \u2022 Der Antrieb erfolgt wahlweise durch Hand- oder Elektro- Hydraulikpumpen.  Beschreibung der Handpumpen Ausstattung und Verarbeitung \u2022 Alle Handpumpen mit zweistufigem F\u00f6rdervolumen. \u2022 Glyzeringed\u00e4mpftes Manometer, \u00d8 63 mm, Klasse 1,6. \u2022 2,0 m Hydraulikschlauch mit Schnellkupplung.  Beschreibung der Motorpumpen Ausstattung und Verarbeitung \u2022 Langlebige Radialkolbenpumpen, ab 50 t mit zweistufigem F\u00f6rdervolumen (Eilgang). \u2022 Druckeinstellventil auf Wunsch (bei Ausstattung mit Elektromagnetventilen serienm\u00e4\u00dfig). \u2022 Glyzeringed\u00e4mpftes Manometer, \u00d8 100 mm, Klasse 1,0. \u2022 Steuerung wahlweise durch: Hand-Wegeventil mit Verbindung mit einer \u201eMotor-Start-Stop\u201c Kabelfernbedienung (ein Taster) oder Elektromagnetventil mit Kabelfernsteuerung (zwei Taster).","og_url":"https:\/\/www.ohis.be\/de\/produit\/rpy-universelle-werkstattpressen-10t-23t\/","og_site_name":"Ohis","og_image":[{"width":364,"height":525,"url":"https:\/\/www.ohis.be\/wp-content\/uploads\/2023\/01\/yale-rpy-rpes.jpg","type":"image\/jpeg"}],"twitter_card":"summary_large_image","twitter_misc":{"Gesch\u00e4tzte Lesezeit":"2\u00a0Minuten"},"schema":{"@context":"https:\/\/schema.org","@graph":[{"@type":"WebPage","@id":"https:\/\/www.ohis.be\/de\/produit\/rpy-universelle-werkstattpressen-10t-23t\/","url":"https:\/\/www.ohis.be\/de\/produit\/rpy-universelle-werkstattpressen-10t-23t\/","name":"RPY Universelle Werkstattpressen (10t-23t) - Ohis","isPartOf":{"@id":"https:\/\/www.ohis.be\/de\/#website"},"primaryImageOfPage":{"@id":"https:\/\/www.ohis.be\/de\/produit\/rpy-universelle-werkstattpressen-10t-23t\/#primaryimage"},"image":{"@id":"https:\/\/www.ohis.be\/de\/produit\/rpy-universelle-werkstattpressen-10t-23t\/#primaryimage"},"thumbnailUrl":"https:\/\/www.ohis.be\/wp-content\/uploads\/2023\/01\/yale-rpy-rpes.jpg","datePublished":"2023-01-05T11:08:03+00:00","breadcrumb":{"@id":"https:\/\/www.ohis.be\/de\/produit\/rpy-universelle-werkstattpressen-10t-23t\/#breadcrumb"},"inLanguage":"de","potentialAction":[{"@type":"ReadAction","target":["https:\/\/www.ohis.be\/de\/produit\/rpy-universelle-werkstattpressen-10t-23t\/"]}]},{"@type":"ImageObject","inLanguage":"de","@id":"https:\/\/www.ohis.be\/de\/produit\/rpy-universelle-werkstattpressen-10t-23t\/#primaryimage","url":"https:\/\/www.ohis.be\/wp-content\/uploads\/2023\/01\/yale-rpy-rpes.jpg","contentUrl":"https:\/\/www.ohis.be\/wp-content\/uploads\/2023\/01\/yale-rpy-rpes.jpg","width":364,"height":525,"caption":"SPOTLIGHT 41463 18"},{"@type":"BreadcrumbList","@id":"https:\/\/www.ohis.be\/de\/produit\/rpy-universelle-werkstattpressen-10t-23t\/#breadcrumb","itemListElement":[{"@type":"ListItem","position":1,"name":"Accueil","item":"https:\/\/www.ohis.be\/de\/"},{"@type":"ListItem","position":2,"name":"Produkte","item":"https:\/\/www.ohis.be\/de\/produkte\/"},{"@type":"ListItem","position":3,"name":"RPY Universelle Werkstattpressen (10t-23t)"}]},{"@type":"WebSite","@id":"https:\/\/www.ohis.be\/de\/#website","url":"https:\/\/www.ohis.be\/de\/","name":"Ohis","description":"Outils de levage","publisher":{"@id":"https:\/\/www.ohis.be\/de\/#organization"},"potentialAction":[{"@type":"SearchAction","target":{"@type":"EntryPoint","urlTemplate":"https:\/\/www.ohis.be\/de\/?s={search_term_string}"},"query-input":{"@type":"PropertyValueSpecification","valueRequired":true,"valueName":"search_term_string"}}],"inLanguage":"de"},{"@type":"Organization","@id":"https:\/\/www.ohis.be\/de\/#organization","name":"Ohis","url":"https:\/\/www.ohis.be\/de\/","logo":{"@type":"ImageObject","inLanguage":"de","@id":"https:\/\/www.ohis.be\/de\/#\/schema\/logo\/image\/","url":"https:\/\/www.ohis.be\/wp-content\/uploads\/2021\/02\/logo-ohis-wit.svg","contentUrl":"https:\/\/www.ohis.be\/wp-content\/uploads\/2021\/02\/logo-ohis-wit.svg","caption":"Ohis"},"image":{"@id":"https:\/\/www.ohis.be\/de\/#\/schema\/logo\/image\/"}}]}},"_links":{"self":[{"href":"https:\/\/www.ohis.be\/de\/wp-json\/wp\/v2\/product\/24313","targetHints":{"allow":["GET"]}}],"collection":[{"href":"https:\/\/www.ohis.be\/de\/wp-json\/wp\/v2\/product"}],"about":[{"href":"https:\/\/www.ohis.be\/de\/wp-json\/wp\/v2\/types\/product"}],"wp:featuredmedia":[{"embeddable":true,"href":"https:\/\/www.ohis.be\/de\/wp-json\/wp\/v2\/media\/23450"}],"wp:attachment":[{"href":"https:\/\/www.ohis.be\/de\/wp-json\/wp\/v2\/media?parent=24313"}],"wp:term":[{"taxonomy":"product_brand","embeddable":true,"href":"https:\/\/www.ohis.be\/de\/wp-json\/wp\/v2\/product_brand?post=24313"},{"taxonomy":"product_cat","embeddable":true,"href":"https:\/\/www.ohis.be\/de\/wp-json\/wp\/v2\/product_cat?post=24313"},{"taxonomy":"product_tag","embeddable":true,"href":"https:\/\/www.ohis.be\/de\/wp-json\/wp\/v2\/product_tag?post=24313"}],"curies":[{"name":"wp","href":"https:\/\/api.w.org\/{rel}","templated":true}]}}