{"id":24233,"date":"2023-01-05T13:58:58","date_gmt":"2023-01-05T12:58:58","guid":{"rendered":"https:\/\/www.ohis.be\/produit\/hwh-2k-proline-hydraulischer-wagenheber-mit-2-kolben\/"},"modified":"2023-01-05T13:58:58","modified_gmt":"2023-01-05T12:58:58","slug":"hwh-2k-proline-hydraulischer-wagenheber-mit-2-kolben","status":"publish","type":"product","link":"https:\/\/www.ohis.be\/de\/produit\/hwh-2k-proline-hydraulischer-wagenheber-mit-2-kolben\/","title":{"rendered":"HWH 2K PROLINE Hydraulischer Wagenheber mit 2 Kolben"},"content":{"rendered":"<p>Zum einseitigen Anheben von Fahrzeugen (die gehobene Last muss mechanisch mit z. B. Unterstellb\u00f6cken abgesichert werden).<\/p>\n<p>Ausstattung und Verarbeitung<br \/>\n\u2022 Ausf\u00fchrungen mit hydraulischem Kolben und mechanischer Spindel bzw. mit zwei hydraulischen Kolben.<br \/>\n\u2022 Ab einer Tragf\u00e4higkeit von 20 t mit Trageb\u00fcgel ausgestattet.<br \/>\n\u2022 Besonders niedrige Bauform bei HWH 2K\/D (inkl. 1 Druckst\u00fcck zur Hubverl\u00e4ngerung).<br \/>\n\u2022 Mit eingebautem \u00dcberdruckventil f\u00fcr l\u00e4ngere Lebensdauer des Ger\u00e4tes.<br \/>\n\u2022 Integriertes Schraubsitzventil f\u00fcr ein kontrolliertes Absenken der Last.<\/p>\n","protected":false},"excerpt":{"rendered":"<p>Zum einseitigen Anheben von Fahrzeugen (die gehobene Last muss mechanisch mit z. B. Unterstellb\u00f6cken abgesichert werden).<\/p>\n<p>Ausstattung und Verarbeitung<br \/>\n\u2022 Ausf\u00fchrungen mit hydraulischem Kolben und mechanischer Spindel bzw. mit zwei hydraulischen Kolben.<br \/>\n\u2022 Ab einer Tragf\u00e4higkeit von 20 t mit Trageb\u00fcgel ausgestattet.<br \/>\n\u2022 Besonders niedrige Bauform bei HWH 2K\/D (inkl. 1 Druckst\u00fcck zur Hubverl\u00e4ngerung).<br \/>\n\u2022 Mit eingebautem \u00dcberdruckventil f\u00fcr l\u00e4ngere Lebensdauer des Ger\u00e4tes.<br \/>\n\u2022 Integriertes Schraubsitzventil f\u00fcr ein kontrolliertes Absenken der Last.<\/p>\n","protected":false},"featured_media":23314,"template":"","meta":{"_acf_changed":false,"inline_featured_image":false},"product_brand":[],"product_cat":[1632],"product_tag":[1673],"class_list":{"0":"post-24233","1":"product","2":"type-product","3":"status-publish","4":"has-post-thumbnail","6":"product_cat-wagenheber","7":"product_tag-pfaff-de","9":"first","10":"onbackorder","11":"taxable","12":"shipping-taxable","13":"purchasable","14":"product-type-variable"},"acf":[],"yoast_head":"<!-- This site is optimized with the Yoast SEO plugin v27.4 - https:\/\/yoast.com\/product\/yoast-seo-wordpress\/ -->\n<title>HWH 2K PROLINE Hydraulischer Wagenheber mit 2 Kolben - Ohis<\/title>\n<meta name=\"robots\" content=\"index, follow, max-snippet:-1, max-image-preview:large, max-video-preview:-1\" \/>\n<link rel=\"canonical\" href=\"https:\/\/www.ohis.be\/de\/produit\/hwh-2k-proline-hydraulischer-wagenheber-mit-2-kolben\/\" \/>\n<meta property=\"og:locale\" content=\"de_DE\" \/>\n<meta property=\"og:type\" content=\"article\" \/>\n<meta property=\"og:title\" content=\"HWH 2K PROLINE Hydraulischer Wagenheber mit 2 Kolben - Ohis\" \/>\n<meta property=\"og:description\" content=\"Zum einseitigen Anheben von Fahrzeugen (die gehobene Last muss mechanisch mit z. B. Unterstellb\u00f6cken abgesichert werden).  Ausstattung und Verarbeitung \u2022 Ausf\u00fchrungen mit hydraulischem Kolben und mechanischer Spindel bzw. mit zwei hydraulischen Kolben. \u2022 Ab einer Tragf\u00e4higkeit von 20 t mit Trageb\u00fcgel ausgestattet. \u2022 Besonders niedrige Bauform bei HWH 2K\/D (inkl. 1 Druckst\u00fcck zur Hubverl\u00e4ngerung). \u2022 Mit eingebautem \u00dcberdruckventil f\u00fcr l\u00e4ngere Lebensdauer des Ger\u00e4tes. \u2022 Integriertes Schraubsitzventil f\u00fcr ein kontrolliertes Absenken der Last.\" \/>\n<meta property=\"og:url\" content=\"https:\/\/www.ohis.be\/de\/produit\/hwh-2k-proline-hydraulischer-wagenheber-mit-2-kolben\/\" \/>\n<meta property=\"og:site_name\" content=\"Ohis\" \/>\n<meta property=\"og:image\" content=\"https:\/\/www.ohis.be\/wp-content\/uploads\/2023\/01\/hwh_2k_3t.jpg\" \/>\n\t<meta property=\"og:image:width\" content=\"232\" \/>\n\t<meta property=\"og:image:height\" content=\"746\" \/>\n\t<meta property=\"og:image:type\" content=\"image\/jpeg\" \/>\n<meta name=\"twitter:card\" content=\"summary_large_image\" \/>\n<script type=\"application\/ld+json\" class=\"yoast-schema-graph\">{\"@context\":\"https:\\\/\\\/schema.org\",\"@graph\":[{\"@type\":\"WebPage\",\"@id\":\"https:\\\/\\\/www.ohis.be\\\/de\\\/produit\\\/hwh-2k-proline-hydraulischer-wagenheber-mit-2-kolben\\\/\",\"url\":\"https:\\\/\\\/www.ohis.be\\\/de\\\/produit\\\/hwh-2k-proline-hydraulischer-wagenheber-mit-2-kolben\\\/\",\"name\":\"HWH 2K PROLINE Hydraulischer Wagenheber mit 2 Kolben - Ohis\",\"isPartOf\":{\"@id\":\"https:\\\/\\\/www.ohis.be\\\/#website\"},\"primaryImageOfPage\":{\"@id\":\"https:\\\/\\\/www.ohis.be\\\/de\\\/produit\\\/hwh-2k-proline-hydraulischer-wagenheber-mit-2-kolben\\\/#primaryimage\"},\"image\":{\"@id\":\"https:\\\/\\\/www.ohis.be\\\/de\\\/produit\\\/hwh-2k-proline-hydraulischer-wagenheber-mit-2-kolben\\\/#primaryimage\"},\"thumbnailUrl\":\"https:\\\/\\\/www.ohis.be\\\/wp-content\\\/uploads\\\/2023\\\/01\\\/hwh_2k_3t.jpg\",\"datePublished\":\"2023-01-05T12:58:58+00:00\",\"breadcrumb\":{\"@id\":\"https:\\\/\\\/www.ohis.be\\\/de\\\/produit\\\/hwh-2k-proline-hydraulischer-wagenheber-mit-2-kolben\\\/#breadcrumb\"},\"inLanguage\":\"de\",\"potentialAction\":[{\"@type\":\"ReadAction\",\"target\":[\"https:\\\/\\\/www.ohis.be\\\/de\\\/produit\\\/hwh-2k-proline-hydraulischer-wagenheber-mit-2-kolben\\\/\"]}]},{\"@type\":\"ImageObject\",\"inLanguage\":\"de\",\"@id\":\"https:\\\/\\\/www.ohis.be\\\/de\\\/produit\\\/hwh-2k-proline-hydraulischer-wagenheber-mit-2-kolben\\\/#primaryimage\",\"url\":\"https:\\\/\\\/www.ohis.be\\\/wp-content\\\/uploads\\\/2023\\\/01\\\/hwh_2k_3t.jpg\",\"contentUrl\":\"https:\\\/\\\/www.ohis.be\\\/wp-content\\\/uploads\\\/2023\\\/01\\\/hwh_2k_3t.jpg\",\"width\":232,\"height\":746},{\"@type\":\"BreadcrumbList\",\"@id\":\"https:\\\/\\\/www.ohis.be\\\/de\\\/produit\\\/hwh-2k-proline-hydraulischer-wagenheber-mit-2-kolben\\\/#breadcrumb\",\"itemListElement\":[{\"@type\":\"ListItem\",\"position\":1,\"name\":\"Accueil\",\"item\":\"https:\\\/\\\/www.ohis.be\\\/de\\\/\"},{\"@type\":\"ListItem\",\"position\":2,\"name\":\"Produkte\",\"item\":\"https:\\\/\\\/www.ohis.be\\\/de\\\/produkte\\\/\"},{\"@type\":\"ListItem\",\"position\":3,\"name\":\"HWH 2K PROLINE Hydraulischer Wagenheber mit 2 Kolben\"}]},{\"@type\":\"WebSite\",\"@id\":\"https:\\\/\\\/www.ohis.be\\\/#website\",\"url\":\"https:\\\/\\\/www.ohis.be\\\/\",\"name\":\"Ohis\",\"description\":\"Outils de levage\",\"publisher\":{\"@id\":\"https:\\\/\\\/www.ohis.be\\\/#organization\"},\"potentialAction\":[{\"@type\":\"SearchAction\",\"target\":{\"@type\":\"EntryPoint\",\"urlTemplate\":\"https:\\\/\\\/www.ohis.be\\\/?s={search_term_string}\"},\"query-input\":{\"@type\":\"PropertyValueSpecification\",\"valueRequired\":true,\"valueName\":\"search_term_string\"}}],\"inLanguage\":\"de\"},{\"@type\":\"Organization\",\"@id\":\"https:\\\/\\\/www.ohis.be\\\/#organization\",\"name\":\"Ohis\",\"url\":\"https:\\\/\\\/www.ohis.be\\\/\",\"logo\":{\"@type\":\"ImageObject\",\"inLanguage\":\"de\",\"@id\":\"https:\\\/\\\/www.ohis.be\\\/#\\\/schema\\\/logo\\\/image\\\/\",\"url\":\"https:\\\/\\\/www.ohis.be\\\/wp-content\\\/uploads\\\/2021\\\/02\\\/logo-ohis-wit.svg\",\"contentUrl\":\"https:\\\/\\\/www.ohis.be\\\/wp-content\\\/uploads\\\/2021\\\/02\\\/logo-ohis-wit.svg\",\"caption\":\"Ohis\"},\"image\":{\"@id\":\"https:\\\/\\\/www.ohis.be\\\/#\\\/schema\\\/logo\\\/image\\\/\"}}]}<\/script>\n<!-- \/ Yoast SEO plugin. -->","yoast_head_json":{"title":"HWH 2K PROLINE Hydraulischer Wagenheber mit 2 Kolben - Ohis","robots":{"index":"index","follow":"follow","max-snippet":"max-snippet:-1","max-image-preview":"max-image-preview:large","max-video-preview":"max-video-preview:-1"},"canonical":"https:\/\/www.ohis.be\/de\/produit\/hwh-2k-proline-hydraulischer-wagenheber-mit-2-kolben\/","og_locale":"de_DE","og_type":"article","og_title":"HWH 2K PROLINE Hydraulischer Wagenheber mit 2 Kolben - Ohis","og_description":"Zum einseitigen Anheben von Fahrzeugen (die gehobene Last muss mechanisch mit z. B. Unterstellb\u00f6cken abgesichert werden).  Ausstattung und Verarbeitung \u2022 Ausf\u00fchrungen mit hydraulischem Kolben und mechanischer Spindel bzw. mit zwei hydraulischen Kolben. \u2022 Ab einer Tragf\u00e4higkeit von 20 t mit Trageb\u00fcgel ausgestattet. \u2022 Besonders niedrige Bauform bei HWH 2K\/D (inkl. 1 Druckst\u00fcck zur Hubverl\u00e4ngerung). \u2022 Mit eingebautem \u00dcberdruckventil f\u00fcr l\u00e4ngere Lebensdauer des Ger\u00e4tes. \u2022 Integriertes Schraubsitzventil f\u00fcr ein kontrolliertes Absenken der Last.","og_url":"https:\/\/www.ohis.be\/de\/produit\/hwh-2k-proline-hydraulischer-wagenheber-mit-2-kolben\/","og_site_name":"Ohis","og_image":[{"width":232,"height":746,"url":"https:\/\/www.ohis.be\/wp-content\/uploads\/2023\/01\/hwh_2k_3t.jpg","type":"image\/jpeg"}],"twitter_card":"summary_large_image","schema":{"@context":"https:\/\/schema.org","@graph":[{"@type":"WebPage","@id":"https:\/\/www.ohis.be\/de\/produit\/hwh-2k-proline-hydraulischer-wagenheber-mit-2-kolben\/","url":"https:\/\/www.ohis.be\/de\/produit\/hwh-2k-proline-hydraulischer-wagenheber-mit-2-kolben\/","name":"HWH 2K PROLINE Hydraulischer Wagenheber mit 2 Kolben - Ohis","isPartOf":{"@id":"https:\/\/www.ohis.be\/#website"},"primaryImageOfPage":{"@id":"https:\/\/www.ohis.be\/de\/produit\/hwh-2k-proline-hydraulischer-wagenheber-mit-2-kolben\/#primaryimage"},"image":{"@id":"https:\/\/www.ohis.be\/de\/produit\/hwh-2k-proline-hydraulischer-wagenheber-mit-2-kolben\/#primaryimage"},"thumbnailUrl":"https:\/\/www.ohis.be\/wp-content\/uploads\/2023\/01\/hwh_2k_3t.jpg","datePublished":"2023-01-05T12:58:58+00:00","breadcrumb":{"@id":"https:\/\/www.ohis.be\/de\/produit\/hwh-2k-proline-hydraulischer-wagenheber-mit-2-kolben\/#breadcrumb"},"inLanguage":"de","potentialAction":[{"@type":"ReadAction","target":["https:\/\/www.ohis.be\/de\/produit\/hwh-2k-proline-hydraulischer-wagenheber-mit-2-kolben\/"]}]},{"@type":"ImageObject","inLanguage":"de","@id":"https:\/\/www.ohis.be\/de\/produit\/hwh-2k-proline-hydraulischer-wagenheber-mit-2-kolben\/#primaryimage","url":"https:\/\/www.ohis.be\/wp-content\/uploads\/2023\/01\/hwh_2k_3t.jpg","contentUrl":"https:\/\/www.ohis.be\/wp-content\/uploads\/2023\/01\/hwh_2k_3t.jpg","width":232,"height":746},{"@type":"BreadcrumbList","@id":"https:\/\/www.ohis.be\/de\/produit\/hwh-2k-proline-hydraulischer-wagenheber-mit-2-kolben\/#breadcrumb","itemListElement":[{"@type":"ListItem","position":1,"name":"Accueil","item":"https:\/\/www.ohis.be\/de\/"},{"@type":"ListItem","position":2,"name":"Produkte","item":"https:\/\/www.ohis.be\/de\/produkte\/"},{"@type":"ListItem","position":3,"name":"HWH 2K PROLINE Hydraulischer Wagenheber mit 2 Kolben"}]},{"@type":"WebSite","@id":"https:\/\/www.ohis.be\/#website","url":"https:\/\/www.ohis.be\/","name":"Ohis","description":"Outils de levage","publisher":{"@id":"https:\/\/www.ohis.be\/#organization"},"potentialAction":[{"@type":"SearchAction","target":{"@type":"EntryPoint","urlTemplate":"https:\/\/www.ohis.be\/?s={search_term_string}"},"query-input":{"@type":"PropertyValueSpecification","valueRequired":true,"valueName":"search_term_string"}}],"inLanguage":"de"},{"@type":"Organization","@id":"https:\/\/www.ohis.be\/#organization","name":"Ohis","url":"https:\/\/www.ohis.be\/","logo":{"@type":"ImageObject","inLanguage":"de","@id":"https:\/\/www.ohis.be\/#\/schema\/logo\/image\/","url":"https:\/\/www.ohis.be\/wp-content\/uploads\/2021\/02\/logo-ohis-wit.svg","contentUrl":"https:\/\/www.ohis.be\/wp-content\/uploads\/2021\/02\/logo-ohis-wit.svg","caption":"Ohis"},"image":{"@id":"https:\/\/www.ohis.be\/#\/schema\/logo\/image\/"}}]}},"_links":{"self":[{"href":"https:\/\/www.ohis.be\/de\/wp-json\/wp\/v2\/product\/24233","targetHints":{"allow":["GET"]}}],"collection":[{"href":"https:\/\/www.ohis.be\/de\/wp-json\/wp\/v2\/product"}],"about":[{"href":"https:\/\/www.ohis.be\/de\/wp-json\/wp\/v2\/types\/product"}],"wp:featuredmedia":[{"embeddable":true,"href":"https:\/\/www.ohis.be\/de\/wp-json\/wp\/v2\/media\/23314"}],"wp:attachment":[{"href":"https:\/\/www.ohis.be\/de\/wp-json\/wp\/v2\/media?parent=24233"}],"wp:term":[{"taxonomy":"product_brand","embeddable":true,"href":"https:\/\/www.ohis.be\/de\/wp-json\/wp\/v2\/product_brand?post=24233"},{"taxonomy":"product_cat","embeddable":true,"href":"https:\/\/www.ohis.be\/de\/wp-json\/wp\/v2\/product_cat?post=24233"},{"taxonomy":"product_tag","embeddable":true,"href":"https:\/\/www.ohis.be\/de\/wp-json\/wp\/v2\/product_tag?post=24233"}],"curies":[{"name":"wp","href":"https:\/\/api.w.org\/{rel}","templated":true}]}}