{"id":24215,"date":"2023-01-05T16:14:09","date_gmt":"2023-01-05T15:14:09","guid":{"rendered":"https:\/\/www.ohis.be\/produit\/jh-universalheber\/"},"modified":"2023-01-05T16:14:09","modified_gmt":"2023-01-05T15:14:09","slug":"jh-universalheber","status":"publish","type":"product","link":"https:\/\/www.ohis.be\/de\/produit\/jh-universalheber\/","title":{"rendered":"JH Universalheber"},"content":{"rendered":"<p>Hydraulische Universalheber finden Sie in fast allen Werkst\u00e4tten, wo Lasten gehoben bzw. abgesenkt werden.<\/p>\n<p>Ausstattung und Verarbeitung<br \/>\n\u2022 Robuste, langlebige Konstruktion.<br \/>\n\u2022 Druckbegrenzungsventil<br \/>\n\u2022 Feinf\u00fchliges Ablassventil mit Kugelsitz.<br \/>\n\u2022 Zus\u00e4tzlicher Spindelhub (bis 20 t).<br \/>\n\u2022 Geriffelte Druckst\u00fccke.<br \/>\n\u2022 Gro\u00dfe Grundfl\u00e4che gew\u00e4hrleistet gute Standsicherheit.<br \/>\n\u2022 JH-50-2 mit zweistufigem F\u00f6rdervolumen.<br \/>\n\u2022 Einschliesslich Pumpenhebel.<\/p>\n","protected":false},"excerpt":{"rendered":"<p>Hydraulische Universalheber finden Sie in fast allen Werkst\u00e4tten, wo Lasten gehoben bzw. abgesenkt werden.<\/p>\n<p>Ausstattung und Verarbeitung<br \/>\n\u2022 Robuste, langlebige Konstruktion.<br \/>\n\u2022 Druckbegrenzungsventil<br \/>\n\u2022 Feinf\u00fchliges Ablassventil mit Kugelsitz.<br \/>\n\u2022 Zus\u00e4tzlicher Spindelhub (bis 20 t).<br \/>\n\u2022 Geriffelte Druckst\u00fccke.<br \/>\n\u2022 Gro\u00dfe Grundfl\u00e4che gew\u00e4hrleistet gute Standsicherheit.<br \/>\n\u2022 JH-50-2 mit zweistufigem F\u00f6rdervolumen.<br \/>\n\u2022 Einschliesslich Pumpenhebel.<\/p>\n","protected":false},"featured_media":23386,"template":"","meta":{"_acf_changed":false,"inline_featured_image":false},"product_brand":[],"product_cat":[1632],"product_tag":[705],"class_list":{"0":"post-24215","1":"product","2":"type-product","3":"status-publish","4":"has-post-thumbnail","6":"product_cat-wagenheber","7":"product_tag-yale-de","9":"first","10":"onbackorder","11":"taxable","12":"shipping-taxable","13":"purchasable","14":"product-type-variable"},"acf":[],"yoast_head":"<!-- This site is optimized with the Yoast SEO plugin v27.4 - https:\/\/yoast.com\/product\/yoast-seo-wordpress\/ -->\n<title>JH Universalheber - Ohis<\/title>\n<meta name=\"robots\" content=\"index, follow, max-snippet:-1, max-image-preview:large, max-video-preview:-1\" \/>\n<link rel=\"canonical\" href=\"https:\/\/www.ohis.be\/de\/produit\/jh-universalheber\/\" \/>\n<meta property=\"og:locale\" content=\"de_DE\" \/>\n<meta property=\"og:type\" content=\"article\" \/>\n<meta property=\"og:title\" content=\"JH Universalheber - Ohis\" \/>\n<meta property=\"og:description\" content=\"Hydraulische Universalheber finden Sie in fast allen Werkst\u00e4tten, wo Lasten gehoben bzw. abgesenkt werden.  Ausstattung und Verarbeitung \u2022 Robuste, langlebige Konstruktion. \u2022 Druckbegrenzungsventil \u2022 Feinf\u00fchliges Ablassventil mit Kugelsitz. \u2022 Zus\u00e4tzlicher Spindelhub (bis 20 t). \u2022 Geriffelte Druckst\u00fccke. \u2022 Gro\u00dfe Grundfl\u00e4che gew\u00e4hrleistet gute Standsicherheit. \u2022 JH-50-2 mit zweistufigem F\u00f6rdervolumen. \u2022 Einschliesslich Pumpenhebel.\" \/>\n<meta property=\"og:url\" content=\"https:\/\/www.ohis.be\/de\/produit\/jh-universalheber\/\" \/>\n<meta property=\"og:site_name\" content=\"Ohis\" \/>\n<meta property=\"og:image\" content=\"https:\/\/www.ohis.be\/wp-content\/uploads\/2023\/01\/yale-jh.jpg\" \/>\n\t<meta property=\"og:image:width\" content=\"581\" \/>\n\t<meta property=\"og:image:height\" content=\"550\" \/>\n\t<meta property=\"og:image:type\" content=\"image\/jpeg\" \/>\n<meta name=\"twitter:card\" content=\"summary_large_image\" \/>\n<script type=\"application\/ld+json\" class=\"yoast-schema-graph\">{\"@context\":\"https:\\\/\\\/schema.org\",\"@graph\":[{\"@type\":\"WebPage\",\"@id\":\"https:\\\/\\\/www.ohis.be\\\/de\\\/produit\\\/jh-universalheber\\\/\",\"url\":\"https:\\\/\\\/www.ohis.be\\\/de\\\/produit\\\/jh-universalheber\\\/\",\"name\":\"JH Universalheber - Ohis\",\"isPartOf\":{\"@id\":\"https:\\\/\\\/www.ohis.be\\\/#website\"},\"primaryImageOfPage\":{\"@id\":\"https:\\\/\\\/www.ohis.be\\\/de\\\/produit\\\/jh-universalheber\\\/#primaryimage\"},\"image\":{\"@id\":\"https:\\\/\\\/www.ohis.be\\\/de\\\/produit\\\/jh-universalheber\\\/#primaryimage\"},\"thumbnailUrl\":\"https:\\\/\\\/www.ohis.be\\\/wp-content\\\/uploads\\\/2023\\\/01\\\/yale-jh.jpg\",\"datePublished\":\"2023-01-05T15:14:09+00:00\",\"breadcrumb\":{\"@id\":\"https:\\\/\\\/www.ohis.be\\\/de\\\/produit\\\/jh-universalheber\\\/#breadcrumb\"},\"inLanguage\":\"de\",\"potentialAction\":[{\"@type\":\"ReadAction\",\"target\":[\"https:\\\/\\\/www.ohis.be\\\/de\\\/produit\\\/jh-universalheber\\\/\"]}]},{\"@type\":\"ImageObject\",\"inLanguage\":\"de\",\"@id\":\"https:\\\/\\\/www.ohis.be\\\/de\\\/produit\\\/jh-universalheber\\\/#primaryimage\",\"url\":\"https:\\\/\\\/www.ohis.be\\\/wp-content\\\/uploads\\\/2023\\\/01\\\/yale-jh.jpg\",\"contentUrl\":\"https:\\\/\\\/www.ohis.be\\\/wp-content\\\/uploads\\\/2023\\\/01\\\/yale-jh.jpg\",\"width\":581,\"height\":550},{\"@type\":\"BreadcrumbList\",\"@id\":\"https:\\\/\\\/www.ohis.be\\\/de\\\/produit\\\/jh-universalheber\\\/#breadcrumb\",\"itemListElement\":[{\"@type\":\"ListItem\",\"position\":1,\"name\":\"Accueil\",\"item\":\"https:\\\/\\\/www.ohis.be\\\/de\\\/\"},{\"@type\":\"ListItem\",\"position\":2,\"name\":\"Produkte\",\"item\":\"https:\\\/\\\/www.ohis.be\\\/de\\\/produkte\\\/\"},{\"@type\":\"ListItem\",\"position\":3,\"name\":\"JH Universalheber\"}]},{\"@type\":\"WebSite\",\"@id\":\"https:\\\/\\\/www.ohis.be\\\/#website\",\"url\":\"https:\\\/\\\/www.ohis.be\\\/\",\"name\":\"Ohis\",\"description\":\"Outils de levage\",\"publisher\":{\"@id\":\"https:\\\/\\\/www.ohis.be\\\/#organization\"},\"potentialAction\":[{\"@type\":\"SearchAction\",\"target\":{\"@type\":\"EntryPoint\",\"urlTemplate\":\"https:\\\/\\\/www.ohis.be\\\/?s={search_term_string}\"},\"query-input\":{\"@type\":\"PropertyValueSpecification\",\"valueRequired\":true,\"valueName\":\"search_term_string\"}}],\"inLanguage\":\"de\"},{\"@type\":\"Organization\",\"@id\":\"https:\\\/\\\/www.ohis.be\\\/#organization\",\"name\":\"Ohis\",\"url\":\"https:\\\/\\\/www.ohis.be\\\/\",\"logo\":{\"@type\":\"ImageObject\",\"inLanguage\":\"de\",\"@id\":\"https:\\\/\\\/www.ohis.be\\\/#\\\/schema\\\/logo\\\/image\\\/\",\"url\":\"https:\\\/\\\/www.ohis.be\\\/wp-content\\\/uploads\\\/2021\\\/02\\\/logo-ohis-wit.svg\",\"contentUrl\":\"https:\\\/\\\/www.ohis.be\\\/wp-content\\\/uploads\\\/2021\\\/02\\\/logo-ohis-wit.svg\",\"caption\":\"Ohis\"},\"image\":{\"@id\":\"https:\\\/\\\/www.ohis.be\\\/#\\\/schema\\\/logo\\\/image\\\/\"}}]}<\/script>\n<!-- \/ Yoast SEO plugin. -->","yoast_head_json":{"title":"JH Universalheber - Ohis","robots":{"index":"index","follow":"follow","max-snippet":"max-snippet:-1","max-image-preview":"max-image-preview:large","max-video-preview":"max-video-preview:-1"},"canonical":"https:\/\/www.ohis.be\/de\/produit\/jh-universalheber\/","og_locale":"de_DE","og_type":"article","og_title":"JH Universalheber - Ohis","og_description":"Hydraulische Universalheber finden Sie in fast allen Werkst\u00e4tten, wo Lasten gehoben bzw. abgesenkt werden.  Ausstattung und Verarbeitung \u2022 Robuste, langlebige Konstruktion. \u2022 Druckbegrenzungsventil \u2022 Feinf\u00fchliges Ablassventil mit Kugelsitz. \u2022 Zus\u00e4tzlicher Spindelhub (bis 20 t). \u2022 Geriffelte Druckst\u00fccke. \u2022 Gro\u00dfe Grundfl\u00e4che gew\u00e4hrleistet gute Standsicherheit. \u2022 JH-50-2 mit zweistufigem F\u00f6rdervolumen. \u2022 Einschliesslich Pumpenhebel.","og_url":"https:\/\/www.ohis.be\/de\/produit\/jh-universalheber\/","og_site_name":"Ohis","og_image":[{"width":581,"height":550,"url":"https:\/\/www.ohis.be\/wp-content\/uploads\/2023\/01\/yale-jh.jpg","type":"image\/jpeg"}],"twitter_card":"summary_large_image","schema":{"@context":"https:\/\/schema.org","@graph":[{"@type":"WebPage","@id":"https:\/\/www.ohis.be\/de\/produit\/jh-universalheber\/","url":"https:\/\/www.ohis.be\/de\/produit\/jh-universalheber\/","name":"JH Universalheber - Ohis","isPartOf":{"@id":"https:\/\/www.ohis.be\/#website"},"primaryImageOfPage":{"@id":"https:\/\/www.ohis.be\/de\/produit\/jh-universalheber\/#primaryimage"},"image":{"@id":"https:\/\/www.ohis.be\/de\/produit\/jh-universalheber\/#primaryimage"},"thumbnailUrl":"https:\/\/www.ohis.be\/wp-content\/uploads\/2023\/01\/yale-jh.jpg","datePublished":"2023-01-05T15:14:09+00:00","breadcrumb":{"@id":"https:\/\/www.ohis.be\/de\/produit\/jh-universalheber\/#breadcrumb"},"inLanguage":"de","potentialAction":[{"@type":"ReadAction","target":["https:\/\/www.ohis.be\/de\/produit\/jh-universalheber\/"]}]},{"@type":"ImageObject","inLanguage":"de","@id":"https:\/\/www.ohis.be\/de\/produit\/jh-universalheber\/#primaryimage","url":"https:\/\/www.ohis.be\/wp-content\/uploads\/2023\/01\/yale-jh.jpg","contentUrl":"https:\/\/www.ohis.be\/wp-content\/uploads\/2023\/01\/yale-jh.jpg","width":581,"height":550},{"@type":"BreadcrumbList","@id":"https:\/\/www.ohis.be\/de\/produit\/jh-universalheber\/#breadcrumb","itemListElement":[{"@type":"ListItem","position":1,"name":"Accueil","item":"https:\/\/www.ohis.be\/de\/"},{"@type":"ListItem","position":2,"name":"Produkte","item":"https:\/\/www.ohis.be\/de\/produkte\/"},{"@type":"ListItem","position":3,"name":"JH Universalheber"}]},{"@type":"WebSite","@id":"https:\/\/www.ohis.be\/#website","url":"https:\/\/www.ohis.be\/","name":"Ohis","description":"Outils de levage","publisher":{"@id":"https:\/\/www.ohis.be\/#organization"},"potentialAction":[{"@type":"SearchAction","target":{"@type":"EntryPoint","urlTemplate":"https:\/\/www.ohis.be\/?s={search_term_string}"},"query-input":{"@type":"PropertyValueSpecification","valueRequired":true,"valueName":"search_term_string"}}],"inLanguage":"de"},{"@type":"Organization","@id":"https:\/\/www.ohis.be\/#organization","name":"Ohis","url":"https:\/\/www.ohis.be\/","logo":{"@type":"ImageObject","inLanguage":"de","@id":"https:\/\/www.ohis.be\/#\/schema\/logo\/image\/","url":"https:\/\/www.ohis.be\/wp-content\/uploads\/2021\/02\/logo-ohis-wit.svg","contentUrl":"https:\/\/www.ohis.be\/wp-content\/uploads\/2021\/02\/logo-ohis-wit.svg","caption":"Ohis"},"image":{"@id":"https:\/\/www.ohis.be\/#\/schema\/logo\/image\/"}}]}},"_links":{"self":[{"href":"https:\/\/www.ohis.be\/de\/wp-json\/wp\/v2\/product\/24215","targetHints":{"allow":["GET"]}}],"collection":[{"href":"https:\/\/www.ohis.be\/de\/wp-json\/wp\/v2\/product"}],"about":[{"href":"https:\/\/www.ohis.be\/de\/wp-json\/wp\/v2\/types\/product"}],"wp:featuredmedia":[{"embeddable":true,"href":"https:\/\/www.ohis.be\/de\/wp-json\/wp\/v2\/media\/23386"}],"wp:attachment":[{"href":"https:\/\/www.ohis.be\/de\/wp-json\/wp\/v2\/media?parent=24215"}],"wp:term":[{"taxonomy":"product_brand","embeddable":true,"href":"https:\/\/www.ohis.be\/de\/wp-json\/wp\/v2\/product_brand?post=24215"},{"taxonomy":"product_cat","embeddable":true,"href":"https:\/\/www.ohis.be\/de\/wp-json\/wp\/v2\/product_cat?post=24215"},{"taxonomy":"product_tag","embeddable":true,"href":"https:\/\/www.ohis.be\/de\/wp-json\/wp\/v2\/product_tag?post=24215"}],"curies":[{"name":"wp","href":"https:\/\/api.w.org\/{rel}","templated":true}]}}