{"id":24131,"date":"2023-01-05T15:25:19","date_gmt":"2023-01-05T14:25:19","guid":{"rendered":"https:\/\/www.ohis.be\/produit\/hwpep-werkstattpresse-mit-elektropumpe\/"},"modified":"2023-01-05T15:25:19","modified_gmt":"2023-01-05T14:25:19","slug":"hwpep-werkstattpresse-mit-elektropumpe","status":"publish","type":"product","link":"https:\/\/www.ohis.be\/de\/produit\/hwpep-werkstattpresse-mit-elektropumpe\/","title":{"rendered":"HWPEP Werkstattpresse mit Elektropumpe"},"content":{"rendered":"<p>Komprimierte Leistungskraft in Pressenform f\u00fcr Reparatur und Montagearbeiten. Das bietet die Werkstattpresse mit zuverl\u00e4ssiger ein- oder zweistufiger Elektropumpe und einer Presskraft von bis zu 100 t. Zum Aus- und Einpressen von Lagern oder Buchsen, Achsen und Tr\u00e4gern, zum Richten und Biegen von Wellen und Werkzeugen, zum Pressen oder Einrichten uvm.<\/p>\n<p>Leistungsf\u00e4higkeit basiert hier auf ausgereifter Technik. So besitzt die Presse ein Hochdruckaggregat mit Manometer, ein Regulier- und Dreiwegeventil, einen verstellbaren Aufnahmetisch sowie hochwertige Kolben aus verchromtem, verg\u00fctetem Spezialstahl.<\/p>\n<p>Ausstattung und Verarbeitung<br \/>\n\u2022 Ausf\u00fchrung 15 t und 20 t mit Auflageplatte, Prismensatz und Zentriervorrichtung (Zubeh\u00f6r bei h\u00f6heren Tonnagen optional).<br \/>\n\u2022 Ausgestattet mit ein- oder zweistufiger Elektropumpe.<br \/>\n\u2022 Serienm\u00e4\u00dfig mit Manometer.<br \/>\n\u2022 Mit Handseilwinde zur Tischverstellung.<\/p>\n","protected":false},"excerpt":{"rendered":"<p>Komprimierte Leistungskraft in Pressenform f\u00fcr Reparatur und Montagearbeiten. Das bietet die Werkstattpresse mit zuverl\u00e4ssiger ein- oder zweistufiger Elektropumpe und einer Presskraft von bis zu 100 t. Zum Aus- und Einpressen von Lagern oder Buchsen, Achsen und Tr\u00e4gern, zum Richten und Biegen von Wellen und Werkzeugen, zum Pressen oder Einrichten uvm.<\/p>\n<p>Leistungsf\u00e4higkeit basiert hier auf ausgereifter Technik. So besitzt die Presse ein Hochdruckaggregat mit Manometer, ein Regulier- und Dreiwegeventil, einen verstellbaren Aufnahmetisch sowie hochwertige Kolben aus verchromtem, verg\u00fctetem Spezialstahl.<\/p>\n<p>Ausstattung und Verarbeitung<br \/>\n\u2022 Ausf\u00fchrung 15 t und 20 t mit Auflageplatte, Prismensatz und Zentriervorrichtung (Zubeh\u00f6r bei h\u00f6heren Tonnagen optional).<br \/>\n\u2022 Ausgestattet mit ein- oder zweistufiger Elektropumpe.<br \/>\n\u2022 Serienm\u00e4\u00dfig mit Manometer.<br \/>\n\u2022 Mit Handseilwinde zur Tischverstellung.<\/p>\n","protected":false},"featured_media":23576,"template":"","meta":{"_acf_changed":false,"inline_featured_image":false},"product_brand":[],"product_cat":[1609],"product_tag":[1673],"class_list":{"0":"post-24131","1":"product","2":"type-product","3":"status-publish","4":"has-post-thumbnail","6":"product_cat-werkstattpressen","7":"product_tag-pfaff-de","9":"first","10":"onbackorder","11":"taxable","12":"shipping-taxable","13":"purchasable","14":"product-type-variable"},"acf":[],"yoast_head":"<!-- This site is optimized with the Yoast SEO plugin v27.4 - https:\/\/yoast.com\/product\/yoast-seo-wordpress\/ -->\n<title>HWPEP Werkstattpresse mit Elektropumpe - Ohis<\/title>\n<meta name=\"robots\" content=\"index, follow, max-snippet:-1, max-image-preview:large, max-video-preview:-1\" \/>\n<link rel=\"canonical\" href=\"https:\/\/www.ohis.be\/de\/produit\/hwpep-werkstattpresse-mit-elektropumpe\/\" \/>\n<meta property=\"og:locale\" content=\"de_DE\" \/>\n<meta property=\"og:type\" content=\"article\" \/>\n<meta property=\"og:title\" content=\"HWPEP Werkstattpresse mit Elektropumpe - Ohis\" \/>\n<meta property=\"og:description\" content=\"Komprimierte Leistungskraft in Pressenform f\u00fcr Reparatur und Montagearbeiten. Das bietet die Werkstattpresse mit zuverl\u00e4ssiger ein- oder zweistufiger Elektropumpe und einer Presskraft von bis zu 100 t. Zum Aus- und Einpressen von Lagern oder Buchsen, Achsen und Tr\u00e4gern, zum Richten und Biegen von Wellen und Werkzeugen, zum Pressen oder Einrichten uvm.  Leistungsf\u00e4higkeit basiert hier auf ausgereifter Technik. So besitzt die Presse ein Hochdruckaggregat mit Manometer, ein Regulier- und Dreiwegeventil, einen verstellbaren Aufnahmetisch sowie hochwertige Kolben aus verchromtem, verg\u00fctetem Spezialstahl.  Ausstattung und Verarbeitung \u2022 Ausf\u00fchrung 15 t und 20 t mit Auflageplatte, Prismensatz und Zentriervorrichtung (Zubeh\u00f6r bei h\u00f6heren Tonnagen optional). \u2022 Ausgestattet mit ein- oder zweistufiger Elektropumpe. \u2022 Serienm\u00e4\u00dfig mit Manometer. \u2022 Mit Handseilwinde zur Tischverstellung.\" \/>\n<meta property=\"og:url\" content=\"https:\/\/www.ohis.be\/de\/produit\/hwpep-werkstattpresse-mit-elektropumpe\/\" \/>\n<meta property=\"og:site_name\" content=\"Ohis\" \/>\n<meta property=\"og:image\" content=\"https:\/\/www.ohis.be\/wp-content\/uploads\/2023\/01\/hwpep.jpg\" \/>\n\t<meta property=\"og:image:width\" content=\"517\" \/>\n\t<meta property=\"og:image:height\" content=\"744\" \/>\n\t<meta property=\"og:image:type\" content=\"image\/jpeg\" \/>\n<meta name=\"twitter:card\" content=\"summary_large_image\" \/>\n<meta name=\"twitter:label1\" content=\"Gesch\u00e4tzte Lesezeit\" \/>\n\t<meta name=\"twitter:data1\" content=\"1\u00a0Minute\" \/>\n<script type=\"application\/ld+json\" class=\"yoast-schema-graph\">{\"@context\":\"https:\\\/\\\/schema.org\",\"@graph\":[{\"@type\":\"WebPage\",\"@id\":\"https:\\\/\\\/www.ohis.be\\\/de\\\/produit\\\/hwpep-werkstattpresse-mit-elektropumpe\\\/\",\"url\":\"https:\\\/\\\/www.ohis.be\\\/de\\\/produit\\\/hwpep-werkstattpresse-mit-elektropumpe\\\/\",\"name\":\"HWPEP Werkstattpresse mit Elektropumpe - Ohis\",\"isPartOf\":{\"@id\":\"https:\\\/\\\/www.ohis.be\\\/#website\"},\"primaryImageOfPage\":{\"@id\":\"https:\\\/\\\/www.ohis.be\\\/de\\\/produit\\\/hwpep-werkstattpresse-mit-elektropumpe\\\/#primaryimage\"},\"image\":{\"@id\":\"https:\\\/\\\/www.ohis.be\\\/de\\\/produit\\\/hwpep-werkstattpresse-mit-elektropumpe\\\/#primaryimage\"},\"thumbnailUrl\":\"https:\\\/\\\/www.ohis.be\\\/wp-content\\\/uploads\\\/2023\\\/01\\\/hwpep.jpg\",\"datePublished\":\"2023-01-05T14:25:19+00:00\",\"breadcrumb\":{\"@id\":\"https:\\\/\\\/www.ohis.be\\\/de\\\/produit\\\/hwpep-werkstattpresse-mit-elektropumpe\\\/#breadcrumb\"},\"inLanguage\":\"de\",\"potentialAction\":[{\"@type\":\"ReadAction\",\"target\":[\"https:\\\/\\\/www.ohis.be\\\/de\\\/produit\\\/hwpep-werkstattpresse-mit-elektropumpe\\\/\"]}]},{\"@type\":\"ImageObject\",\"inLanguage\":\"de\",\"@id\":\"https:\\\/\\\/www.ohis.be\\\/de\\\/produit\\\/hwpep-werkstattpresse-mit-elektropumpe\\\/#primaryimage\",\"url\":\"https:\\\/\\\/www.ohis.be\\\/wp-content\\\/uploads\\\/2023\\\/01\\\/hwpep.jpg\",\"contentUrl\":\"https:\\\/\\\/www.ohis.be\\\/wp-content\\\/uploads\\\/2023\\\/01\\\/hwpep.jpg\",\"width\":517,\"height\":744},{\"@type\":\"BreadcrumbList\",\"@id\":\"https:\\\/\\\/www.ohis.be\\\/de\\\/produit\\\/hwpep-werkstattpresse-mit-elektropumpe\\\/#breadcrumb\",\"itemListElement\":[{\"@type\":\"ListItem\",\"position\":1,\"name\":\"Accueil\",\"item\":\"https:\\\/\\\/www.ohis.be\\\/de\\\/\"},{\"@type\":\"ListItem\",\"position\":2,\"name\":\"Produkte\",\"item\":\"https:\\\/\\\/www.ohis.be\\\/de\\\/produkte\\\/\"},{\"@type\":\"ListItem\",\"position\":3,\"name\":\"HWPEP Werkstattpresse mit Elektropumpe\"}]},{\"@type\":\"WebSite\",\"@id\":\"https:\\\/\\\/www.ohis.be\\\/#website\",\"url\":\"https:\\\/\\\/www.ohis.be\\\/\",\"name\":\"Ohis\",\"description\":\"Outils de levage\",\"publisher\":{\"@id\":\"https:\\\/\\\/www.ohis.be\\\/#organization\"},\"potentialAction\":[{\"@type\":\"SearchAction\",\"target\":{\"@type\":\"EntryPoint\",\"urlTemplate\":\"https:\\\/\\\/www.ohis.be\\\/?s={search_term_string}\"},\"query-input\":{\"@type\":\"PropertyValueSpecification\",\"valueRequired\":true,\"valueName\":\"search_term_string\"}}],\"inLanguage\":\"de\"},{\"@type\":\"Organization\",\"@id\":\"https:\\\/\\\/www.ohis.be\\\/#organization\",\"name\":\"Ohis\",\"url\":\"https:\\\/\\\/www.ohis.be\\\/\",\"logo\":{\"@type\":\"ImageObject\",\"inLanguage\":\"de\",\"@id\":\"https:\\\/\\\/www.ohis.be\\\/#\\\/schema\\\/logo\\\/image\\\/\",\"url\":\"https:\\\/\\\/www.ohis.be\\\/wp-content\\\/uploads\\\/2021\\\/02\\\/logo-ohis-wit.svg\",\"contentUrl\":\"https:\\\/\\\/www.ohis.be\\\/wp-content\\\/uploads\\\/2021\\\/02\\\/logo-ohis-wit.svg\",\"caption\":\"Ohis\"},\"image\":{\"@id\":\"https:\\\/\\\/www.ohis.be\\\/#\\\/schema\\\/logo\\\/image\\\/\"}}]}<\/script>\n<!-- \/ Yoast SEO plugin. -->","yoast_head_json":{"title":"HWPEP Werkstattpresse mit Elektropumpe - Ohis","robots":{"index":"index","follow":"follow","max-snippet":"max-snippet:-1","max-image-preview":"max-image-preview:large","max-video-preview":"max-video-preview:-1"},"canonical":"https:\/\/www.ohis.be\/de\/produit\/hwpep-werkstattpresse-mit-elektropumpe\/","og_locale":"de_DE","og_type":"article","og_title":"HWPEP Werkstattpresse mit Elektropumpe - Ohis","og_description":"Komprimierte Leistungskraft in Pressenform f\u00fcr Reparatur und Montagearbeiten. Das bietet die Werkstattpresse mit zuverl\u00e4ssiger ein- oder zweistufiger Elektropumpe und einer Presskraft von bis zu 100 t. Zum Aus- und Einpressen von Lagern oder Buchsen, Achsen und Tr\u00e4gern, zum Richten und Biegen von Wellen und Werkzeugen, zum Pressen oder Einrichten uvm.  Leistungsf\u00e4higkeit basiert hier auf ausgereifter Technik. So besitzt die Presse ein Hochdruckaggregat mit Manometer, ein Regulier- und Dreiwegeventil, einen verstellbaren Aufnahmetisch sowie hochwertige Kolben aus verchromtem, verg\u00fctetem Spezialstahl.  Ausstattung und Verarbeitung \u2022 Ausf\u00fchrung 15 t und 20 t mit Auflageplatte, Prismensatz und Zentriervorrichtung (Zubeh\u00f6r bei h\u00f6heren Tonnagen optional). \u2022 Ausgestattet mit ein- oder zweistufiger Elektropumpe. \u2022 Serienm\u00e4\u00dfig mit Manometer. \u2022 Mit Handseilwinde zur Tischverstellung.","og_url":"https:\/\/www.ohis.be\/de\/produit\/hwpep-werkstattpresse-mit-elektropumpe\/","og_site_name":"Ohis","og_image":[{"width":517,"height":744,"url":"https:\/\/www.ohis.be\/wp-content\/uploads\/2023\/01\/hwpep.jpg","type":"image\/jpeg"}],"twitter_card":"summary_large_image","twitter_misc":{"Gesch\u00e4tzte Lesezeit":"1\u00a0Minute"},"schema":{"@context":"https:\/\/schema.org","@graph":[{"@type":"WebPage","@id":"https:\/\/www.ohis.be\/de\/produit\/hwpep-werkstattpresse-mit-elektropumpe\/","url":"https:\/\/www.ohis.be\/de\/produit\/hwpep-werkstattpresse-mit-elektropumpe\/","name":"HWPEP Werkstattpresse mit Elektropumpe - Ohis","isPartOf":{"@id":"https:\/\/www.ohis.be\/#website"},"primaryImageOfPage":{"@id":"https:\/\/www.ohis.be\/de\/produit\/hwpep-werkstattpresse-mit-elektropumpe\/#primaryimage"},"image":{"@id":"https:\/\/www.ohis.be\/de\/produit\/hwpep-werkstattpresse-mit-elektropumpe\/#primaryimage"},"thumbnailUrl":"https:\/\/www.ohis.be\/wp-content\/uploads\/2023\/01\/hwpep.jpg","datePublished":"2023-01-05T14:25:19+00:00","breadcrumb":{"@id":"https:\/\/www.ohis.be\/de\/produit\/hwpep-werkstattpresse-mit-elektropumpe\/#breadcrumb"},"inLanguage":"de","potentialAction":[{"@type":"ReadAction","target":["https:\/\/www.ohis.be\/de\/produit\/hwpep-werkstattpresse-mit-elektropumpe\/"]}]},{"@type":"ImageObject","inLanguage":"de","@id":"https:\/\/www.ohis.be\/de\/produit\/hwpep-werkstattpresse-mit-elektropumpe\/#primaryimage","url":"https:\/\/www.ohis.be\/wp-content\/uploads\/2023\/01\/hwpep.jpg","contentUrl":"https:\/\/www.ohis.be\/wp-content\/uploads\/2023\/01\/hwpep.jpg","width":517,"height":744},{"@type":"BreadcrumbList","@id":"https:\/\/www.ohis.be\/de\/produit\/hwpep-werkstattpresse-mit-elektropumpe\/#breadcrumb","itemListElement":[{"@type":"ListItem","position":1,"name":"Accueil","item":"https:\/\/www.ohis.be\/de\/"},{"@type":"ListItem","position":2,"name":"Produkte","item":"https:\/\/www.ohis.be\/de\/produkte\/"},{"@type":"ListItem","position":3,"name":"HWPEP Werkstattpresse mit Elektropumpe"}]},{"@type":"WebSite","@id":"https:\/\/www.ohis.be\/#website","url":"https:\/\/www.ohis.be\/","name":"Ohis","description":"Outils de levage","publisher":{"@id":"https:\/\/www.ohis.be\/#organization"},"potentialAction":[{"@type":"SearchAction","target":{"@type":"EntryPoint","urlTemplate":"https:\/\/www.ohis.be\/?s={search_term_string}"},"query-input":{"@type":"PropertyValueSpecification","valueRequired":true,"valueName":"search_term_string"}}],"inLanguage":"de"},{"@type":"Organization","@id":"https:\/\/www.ohis.be\/#organization","name":"Ohis","url":"https:\/\/www.ohis.be\/","logo":{"@type":"ImageObject","inLanguage":"de","@id":"https:\/\/www.ohis.be\/#\/schema\/logo\/image\/","url":"https:\/\/www.ohis.be\/wp-content\/uploads\/2021\/02\/logo-ohis-wit.svg","contentUrl":"https:\/\/www.ohis.be\/wp-content\/uploads\/2021\/02\/logo-ohis-wit.svg","caption":"Ohis"},"image":{"@id":"https:\/\/www.ohis.be\/#\/schema\/logo\/image\/"}}]}},"_links":{"self":[{"href":"https:\/\/www.ohis.be\/de\/wp-json\/wp\/v2\/product\/24131","targetHints":{"allow":["GET"]}}],"collection":[{"href":"https:\/\/www.ohis.be\/de\/wp-json\/wp\/v2\/product"}],"about":[{"href":"https:\/\/www.ohis.be\/de\/wp-json\/wp\/v2\/types\/product"}],"wp:featuredmedia":[{"embeddable":true,"href":"https:\/\/www.ohis.be\/de\/wp-json\/wp\/v2\/media\/23576"}],"wp:attachment":[{"href":"https:\/\/www.ohis.be\/de\/wp-json\/wp\/v2\/media?parent=24131"}],"wp:term":[{"taxonomy":"product_brand","embeddable":true,"href":"https:\/\/www.ohis.be\/de\/wp-json\/wp\/v2\/product_brand?post=24131"},{"taxonomy":"product_cat","embeddable":true,"href":"https:\/\/www.ohis.be\/de\/wp-json\/wp\/v2\/product_cat?post=24131"},{"taxonomy":"product_tag","embeddable":true,"href":"https:\/\/www.ohis.be\/de\/wp-json\/wp\/v2\/product_tag?post=24131"}],"curies":[{"name":"wp","href":"https:\/\/api.w.org\/{rel}","templated":true}]}}