{"id":19137,"date":"2022-12-14T11:47:07","date_gmt":"2022-12-14T10:47:07","guid":{"rendered":"https:\/\/www.ohis.be\/?post_type=product&#038;p=19137"},"modified":"2024-10-15T09:19:03","modified_gmt":"2024-10-15T07:19:03","slug":"cpv-palan-electrique-a-chaine","status":"publish","type":"product","link":"https:\/\/www.ohis.be\/de\/produit\/cpv-palan-electrique-a-chaine\/","title":{"rendered":"Yale CPV\/CPVF Palan \u00e9lectrique \u00e0 cha\u00eene (3m) avec crochet"},"content":{"rendered":"<p>Capacit\u00e9 125 \u2013 5000 kg<br \/>\nLe palan \u00e9lectrique \u00e0 cha\u00eene CPV allie design moderne et innovation technique. Sa construction robuste fait de cette s\u00e9rie un outil polyvalent pour applications professionnelles. Les fins de course haut et bas int\u00e9gr\u00e9s prolongent consid\u00e9rablement la dur\u00e9e de vie du limiteur de couple.<\/p>\n<p>Caract\u00e9ristiques<br \/>\n\u2022 S\u00e9curit\u00e9 de service augment\u00e9e gr\u00e2ce \u00e0 la tension de commande de 42 V (contr\u00f4le tr\u00e8s basse tension) et la bo\u00eete \u00e0 bouton IP 65.<br \/>\n\u2022 Fin de course haut et bas, ce qui prolonge consid\u00e9rablement la dur\u00e9e de vie du limiteur, du moteur et du r\u00e9ducteur.<br \/>\n\u2022 La protecion contre la surcharge (limiteur de couple) est inclus dans tous les CPV pour une meilleure s\u00e9curit\u00e9.<br \/>\n\u2022 Frein \u00e9lectromagn\u00e9tique maintenant la charge en toute s\u00e9curit\u00e9 m\u00eame en cas de panne d\u2019\u00e9lectricit\u00e9.<br \/>\n\u2022 Diff\u00e9rents types de suspension sont disponibles, tels que le crochet haut, ou le chariot int\u00e9gr\u00e9. Un retour vers un autre type de suspension est possible.<br \/>\n\u2022 Longueur de cha\u00eene (hauteur de levage) \u00e0 la demande.<br \/>\n\u2022 Lubrification du r\u00e9ducteur par bain d\u2019huile et train d\u2019engrenage h\u00e9lico\u00efdal c\u00e9ment\u00e9, pour garantir un fonctionnement doux et une dur\u00e9e vie augment\u00e9e. Pour les CPV\/F 2-8, 5-4, CPV 2-4 et 5-2 le train d\u2019engrenage est lubrifi\u00e9 par de la graisse.<br \/>\n\u2022 Guide cha\u00eene en acier<br \/>\n\u2022 Guide cha\u00eene en POM pour les palans CPV\/F 2-8 et 5-4 et aussi CPV 2-4 et 5-2.<br \/>\n\u2022 Protection IP 55 contre la p\u00e9n\u00e9tration de poussi\u00e8res et la projection d\u2019eau.<br \/>\n\u2022 Garanti 2 ans (sauf pi\u00e8ces d\u2019usure) et carter lubrifi\u00e9 \u00e0 vie.<\/p>\n<p>Options<br \/>\n\u2022 Autres tensions d\u2019alimentations<br \/>\n\u2022 annaux de suspension (au lieu du crochets) pour une hauteur de plafond inf\u00e9rieure<br \/>\n\u2022 Bac \u00e0 cha\u00een souple<br \/>\n\u2022 Ligne d\u2019alimentation, prises CE<br \/>\n\u2022 Radio commande<br \/>\n\u2022 Boite \u00e0 boutons murale<br \/>\n\u2022 Boite \u00e0 boutons d\u00e9brochable<br \/>\n\u2022 Commande de contr\u00f4le pour synchroniser plusieurs palans<br \/>\n\u2022 Interrupteur de fin de course rotatif pour remplacer les interrupteurs de fin de course standards.<br \/>\n\u2022 R\u00e9gulateur de fr\u00e9quence<br \/>\n\u2022 Crochet tournant \u00e0 90\u00b0<br \/>\n\u2022 Capteurs thermiques<\/p>\n","protected":false},"excerpt":{"rendered":"<p>Capacit\u00e9 125 \u2013 5000 kg<br \/>\nLe palan \u00e9lectrique \u00e0 cha\u00eene CPV allie design moderne et innovation technique. Sa construction robuste fait de cette s\u00e9rie un outil polyvalent pour applications professionnelles. Les fins de course haut et bas int\u00e9gr\u00e9s prolongent consid\u00e9rablement la dur\u00e9e de vie du limiteur de couple.<\/p>\n<p>Caract\u00e9ristiques<br \/>\n\u2022 S\u00e9curit\u00e9 de service augment\u00e9e gr\u00e2ce \u00e0 la tension de commande de 42 V (contr\u00f4le tr\u00e8s basse tension) et la bo\u00eete \u00e0 bouton IP 65.<br \/>\n\u2022 Fin de course haut et bas, ce qui prolonge consid\u00e9rablement la dur\u00e9e de vie du limiteur, du moteur et du r\u00e9ducteur.<br \/>\n\u2022 La protecion contre la surcharge (limiteur de couple) est inclus dans tous les CPV pour une meilleure s\u00e9curit\u00e9.<br \/>\n\u2022 Frein \u00e9lectromagn\u00e9tique maintenant la charge en toute s\u00e9curit\u00e9 m\u00eame en cas de panne d\u2019\u00e9lectricit\u00e9.<br \/>\n\u2022 Diff\u00e9rents types de suspension sont disponibles, tels que le crochet haut, ou le chariot int\u00e9gr\u00e9. Un retour vers un autre type de suspension est possible.<br \/>\n\u2022 Longueur de cha\u00eene (hauteur de levage) \u00e0 la demande.<br \/>\n\u2022 Lubrification du r\u00e9ducteur par bain d\u2019huile et train d\u2019engrenage h\u00e9lico\u00efdal c\u00e9ment\u00e9, pour garantir un fonctionnement doux et une dur\u00e9e vie augment\u00e9e. Pour les CPV\/F 2-8, 5-4, CPV 2-4 et 5-2 le train d\u2019engrenage est lubrifi\u00e9 par de la graisse.<br \/>\n\u2022 Guide cha\u00eene en acier<br \/>\n\u2022 Guide cha\u00eene en POM pour les palans CPV\/F 2-8 et 5-4 et aussi CPV 2-4 et 5-2.<br \/>\n\u2022 Protection IP 55 contre la p\u00e9n\u00e9tration de poussi\u00e8res et la projection d\u2019eau.<br \/>\n\u2022 Garanti 2 ans (sauf pi\u00e8ces d\u2019usure) et carter lubrifi\u00e9 \u00e0 vie.<\/p>\n<p>Options<br \/>\n\u2022 Autres tensions d\u2019alimentations<br \/>\n\u2022 annaux de suspension (au lieu du crochets) pour une hauteur de plafond inf\u00e9rieure<br \/>\n\u2022 Bac \u00e0 cha\u00een souple<br \/>\n\u2022 Ligne d\u2019alimentation, prises CE<br \/>\n\u2022 Radio commande<br \/>\n\u2022 Boite \u00e0 boutons murale<br \/>\n\u2022 Boite \u00e0 boutons d\u00e9brochable<br \/>\n\u2022 Commande de contr\u00f4le pour synchroniser plusieurs palans<br \/>\n\u2022 Interrupteur de fin de course rotatif pour remplacer les interrupteurs de fin de course standards.<br \/>\n\u2022 R\u00e9gulateur de fr\u00e9quence<br \/>\n\u2022 Crochet tournant \u00e0 90\u00b0<br \/>\n\u2022 Capteurs thermiques<\/p>\n","protected":false},"featured_media":34046,"template":"","meta":{"_acf_changed":false,"inline_featured_image":false},"product_brand":[],"product_cat":[693],"product_tag":[475],"class_list":{"0":"post-19137","1":"product","2":"type-product","3":"status-publish","4":"has-post-thumbnail","6":"product_cat-palans-a-chaines","7":"product_tag-yale-2","9":"first","10":"instock","11":"taxable","12":"shipping-taxable","13":"purchasable","14":"product-type-variable"},"acf":[],"yoast_head":"<!-- This site is optimized with the Yoast SEO plugin v27.3 - https:\/\/yoast.com\/product\/yoast-seo-wordpress\/ -->\n<title>Yale CPV\/CPVF Palan \u00e9lectrique \u00e0 cha\u00eene (3m) avec crochet - Ohis<\/title>\n<meta name=\"robots\" content=\"index, follow, max-snippet:-1, max-image-preview:large, max-video-preview:-1\" \/>\n<link rel=\"canonical\" href=\"https:\/\/www.ohis.be\/produit\/cpv-palan-electrique-a-chaine\/\" \/>\n<meta property=\"og:locale\" content=\"de_DE\" \/>\n<meta property=\"og:type\" content=\"article\" \/>\n<meta property=\"og:title\" content=\"Yale CPV\/CPVF Palan \u00e9lectrique \u00e0 cha\u00eene (3m) avec crochet - Ohis\" \/>\n<meta property=\"og:description\" content=\"Capacit\u00e9 125 \u2013 5000 kg Le palan \u00e9lectrique \u00e0 cha\u00eene CPV allie design moderne et innovation technique. Sa construction robuste fait de cette s\u00e9rie un outil polyvalent pour applications professionnelles. Les fins de course haut et bas int\u00e9gr\u00e9s prolongent consid\u00e9rablement la dur\u00e9e de vie du limiteur de couple.  Caract\u00e9ristiques \u2022 S\u00e9curit\u00e9 de service augment\u00e9e gr\u00e2ce \u00e0 la tension de commande de 42 V (contr\u00f4le tr\u00e8s basse tension) et la bo\u00eete \u00e0 bouton IP 65. \u2022 Fin de course haut et bas, ce qui prolonge consid\u00e9rablement la dur\u00e9e de vie du limiteur, du moteur et du r\u00e9ducteur. \u2022 La protecion contre la surcharge (limiteur de couple) est inclus dans tous les CPV pour une meilleure s\u00e9curit\u00e9. \u2022 Frein \u00e9lectromagn\u00e9tique maintenant la charge en toute s\u00e9curit\u00e9 m\u00eame en cas de panne d\u2019\u00e9lectricit\u00e9. \u2022 Diff\u00e9rents types de suspension sont disponibles, tels que le crochet haut, ou le chariot int\u00e9gr\u00e9. Un retour vers un autre type de suspension est possible. \u2022 Longueur de cha\u00eene (hauteur de levage) \u00e0 la demande. \u2022 Lubrification du r\u00e9ducteur par bain d\u2019huile et train d\u2019engrenage h\u00e9lico\u00efdal c\u00e9ment\u00e9, pour garantir un fonctionnement doux et une dur\u00e9e vie augment\u00e9e. Pour les CPV\/F 2-8, 5-4, CPV 2-4 et 5-2 le train d\u2019engrenage est lubrifi\u00e9 par de la graisse. \u2022 Guide cha\u00eene en acier \u2022 Guide cha\u00eene en POM pour les palans CPV\/F 2-8 et 5-4 et aussi CPV 2-4 et 5-2. \u2022 Protection IP 55 contre la p\u00e9n\u00e9tration de poussi\u00e8res et la projection d\u2019eau. \u2022 Garanti 2 ans (sauf pi\u00e8ces d\u2019usure) et carter lubrifi\u00e9 \u00e0 vie.  Options \u2022 Autres tensions d\u2019alimentations \u2022 annaux de suspension (au lieu du crochets) pour une hauteur de plafond inf\u00e9rieure \u2022 Bac \u00e0 cha\u00een souple \u2022 Ligne d\u2019alimentation, prises CE \u2022 Radio commande \u2022 Boite \u00e0 boutons murale \u2022 Boite \u00e0 boutons d\u00e9brochable \u2022 Commande de contr\u00f4le pour synchroniser plusieurs palans \u2022 Interrupteur de fin de course rotatif pour remplacer les interrupteurs de fin de course standards. \u2022 R\u00e9gulateur de fr\u00e9quence \u2022 Crochet tournant \u00e0 90\u00b0 \u2022 Capteurs thermiques\" \/>\n<meta property=\"og:url\" content=\"https:\/\/www.ohis.be\/produit\/cpv-palan-electrique-a-chaine\/\" \/>\n<meta property=\"og:site_name\" content=\"Ohis\" \/>\n<meta property=\"article:modified_time\" content=\"2024-10-15T07:19:03+00:00\" \/>\n<meta property=\"og:image\" content=\"https:\/\/www.ohis.be\/wp-content\/uploads\/2022\/12\/CPV-CPVF-hook300.jpg\" \/>\n\t<meta property=\"og:image:width\" content=\"300\" \/>\n\t<meta property=\"og:image:height\" content=\"313\" \/>\n\t<meta property=\"og:image:type\" content=\"image\/jpeg\" \/>\n<meta name=\"twitter:card\" content=\"summary_large_image\" \/>\n<meta name=\"twitter:label1\" content=\"Gesch\u00e4tzte Lesezeit\" \/>\n\t<meta name=\"twitter:data1\" content=\"2\u00a0Minuten\" \/>\n<script type=\"application\/ld+json\" class=\"yoast-schema-graph\">{\"@context\":\"https:\\\/\\\/schema.org\",\"@graph\":[{\"@type\":\"WebPage\",\"@id\":\"https:\\\/\\\/www.ohis.be\\\/produit\\\/cpv-palan-electrique-a-chaine\\\/\",\"url\":\"https:\\\/\\\/www.ohis.be\\\/produit\\\/cpv-palan-electrique-a-chaine\\\/\",\"name\":\"Yale CPV\\\/CPVF Palan \u00e9lectrique \u00e0 cha\u00eene (3m) avec crochet - Ohis\",\"isPartOf\":{\"@id\":\"https:\\\/\\\/www.ohis.be\\\/#website\"},\"primaryImageOfPage\":{\"@id\":\"https:\\\/\\\/www.ohis.be\\\/produit\\\/cpv-palan-electrique-a-chaine\\\/#primaryimage\"},\"image\":{\"@id\":\"https:\\\/\\\/www.ohis.be\\\/produit\\\/cpv-palan-electrique-a-chaine\\\/#primaryimage\"},\"thumbnailUrl\":\"https:\\\/\\\/www.ohis.be\\\/wp-content\\\/uploads\\\/2022\\\/12\\\/CPV-CPVF-hook300.jpg\",\"datePublished\":\"2022-12-14T10:47:07+00:00\",\"dateModified\":\"2024-10-15T07:19:03+00:00\",\"breadcrumb\":{\"@id\":\"https:\\\/\\\/www.ohis.be\\\/produit\\\/cpv-palan-electrique-a-chaine\\\/#breadcrumb\"},\"inLanguage\":\"de\",\"potentialAction\":[{\"@type\":\"ReadAction\",\"target\":[\"https:\\\/\\\/www.ohis.be\\\/produit\\\/cpv-palan-electrique-a-chaine\\\/\"]}]},{\"@type\":\"ImageObject\",\"inLanguage\":\"de\",\"@id\":\"https:\\\/\\\/www.ohis.be\\\/produit\\\/cpv-palan-electrique-a-chaine\\\/#primaryimage\",\"url\":\"https:\\\/\\\/www.ohis.be\\\/wp-content\\\/uploads\\\/2022\\\/12\\\/CPV-CPVF-hook300.jpg\",\"contentUrl\":\"https:\\\/\\\/www.ohis.be\\\/wp-content\\\/uploads\\\/2022\\\/12\\\/CPV-CPVF-hook300.jpg\",\"width\":300,\"height\":313},{\"@type\":\"BreadcrumbList\",\"@id\":\"https:\\\/\\\/www.ohis.be\\\/produit\\\/cpv-palan-electrique-a-chaine\\\/#breadcrumb\",\"itemListElement\":[{\"@type\":\"ListItem\",\"position\":1,\"name\":\"Accueil\",\"item\":\"https:\\\/\\\/www.ohis.be\\\/de\\\/\"},{\"@type\":\"ListItem\",\"position\":2,\"name\":\"Produkte\",\"item\":\"https:\\\/\\\/www.ohis.be\\\/de\\\/produkte\\\/\"},{\"@type\":\"ListItem\",\"position\":3,\"name\":\"Yale CPV\\\/CPVF Palan \u00e9lectrique \u00e0 cha\u00eene (3m) avec crochet\"}]},{\"@type\":\"WebSite\",\"@id\":\"https:\\\/\\\/www.ohis.be\\\/#website\",\"url\":\"https:\\\/\\\/www.ohis.be\\\/\",\"name\":\"Ohis\",\"description\":\"Outils de levage\",\"publisher\":{\"@id\":\"https:\\\/\\\/www.ohis.be\\\/#organization\"},\"potentialAction\":[{\"@type\":\"SearchAction\",\"target\":{\"@type\":\"EntryPoint\",\"urlTemplate\":\"https:\\\/\\\/www.ohis.be\\\/?s={search_term_string}\"},\"query-input\":{\"@type\":\"PropertyValueSpecification\",\"valueRequired\":true,\"valueName\":\"search_term_string\"}}],\"inLanguage\":\"de\"},{\"@type\":\"Organization\",\"@id\":\"https:\\\/\\\/www.ohis.be\\\/#organization\",\"name\":\"Ohis\",\"url\":\"https:\\\/\\\/www.ohis.be\\\/\",\"logo\":{\"@type\":\"ImageObject\",\"inLanguage\":\"de\",\"@id\":\"https:\\\/\\\/www.ohis.be\\\/#\\\/schema\\\/logo\\\/image\\\/\",\"url\":\"https:\\\/\\\/www.ohis.be\\\/wp-content\\\/uploads\\\/2021\\\/02\\\/logo-ohis-wit.svg\",\"contentUrl\":\"https:\\\/\\\/www.ohis.be\\\/wp-content\\\/uploads\\\/2021\\\/02\\\/logo-ohis-wit.svg\",\"width\":169,\"height\":39,\"caption\":\"Ohis\"},\"image\":{\"@id\":\"https:\\\/\\\/www.ohis.be\\\/#\\\/schema\\\/logo\\\/image\\\/\"}}]}<\/script>\n<!-- \/ Yoast SEO plugin. -->","yoast_head_json":{"title":"Yale CPV\/CPVF Palan \u00e9lectrique \u00e0 cha\u00eene (3m) avec crochet - Ohis","robots":{"index":"index","follow":"follow","max-snippet":"max-snippet:-1","max-image-preview":"max-image-preview:large","max-video-preview":"max-video-preview:-1"},"canonical":"https:\/\/www.ohis.be\/produit\/cpv-palan-electrique-a-chaine\/","og_locale":"de_DE","og_type":"article","og_title":"Yale CPV\/CPVF Palan \u00e9lectrique \u00e0 cha\u00eene (3m) avec crochet - Ohis","og_description":"Capacit\u00e9 125 \u2013 5000 kg Le palan \u00e9lectrique \u00e0 cha\u00eene CPV allie design moderne et innovation technique. Sa construction robuste fait de cette s\u00e9rie un outil polyvalent pour applications professionnelles. Les fins de course haut et bas int\u00e9gr\u00e9s prolongent consid\u00e9rablement la dur\u00e9e de vie du limiteur de couple.  Caract\u00e9ristiques \u2022 S\u00e9curit\u00e9 de service augment\u00e9e gr\u00e2ce \u00e0 la tension de commande de 42 V (contr\u00f4le tr\u00e8s basse tension) et la bo\u00eete \u00e0 bouton IP 65. \u2022 Fin de course haut et bas, ce qui prolonge consid\u00e9rablement la dur\u00e9e de vie du limiteur, du moteur et du r\u00e9ducteur. \u2022 La protecion contre la surcharge (limiteur de couple) est inclus dans tous les CPV pour une meilleure s\u00e9curit\u00e9. \u2022 Frein \u00e9lectromagn\u00e9tique maintenant la charge en toute s\u00e9curit\u00e9 m\u00eame en cas de panne d\u2019\u00e9lectricit\u00e9. \u2022 Diff\u00e9rents types de suspension sont disponibles, tels que le crochet haut, ou le chariot int\u00e9gr\u00e9. Un retour vers un autre type de suspension est possible. \u2022 Longueur de cha\u00eene (hauteur de levage) \u00e0 la demande. \u2022 Lubrification du r\u00e9ducteur par bain d\u2019huile et train d\u2019engrenage h\u00e9lico\u00efdal c\u00e9ment\u00e9, pour garantir un fonctionnement doux et une dur\u00e9e vie augment\u00e9e. Pour les CPV\/F 2-8, 5-4, CPV 2-4 et 5-2 le train d\u2019engrenage est lubrifi\u00e9 par de la graisse. \u2022 Guide cha\u00eene en acier \u2022 Guide cha\u00eene en POM pour les palans CPV\/F 2-8 et 5-4 et aussi CPV 2-4 et 5-2. \u2022 Protection IP 55 contre la p\u00e9n\u00e9tration de poussi\u00e8res et la projection d\u2019eau. \u2022 Garanti 2 ans (sauf pi\u00e8ces d\u2019usure) et carter lubrifi\u00e9 \u00e0 vie.  Options \u2022 Autres tensions d\u2019alimentations \u2022 annaux de suspension (au lieu du crochets) pour une hauteur de plafond inf\u00e9rieure \u2022 Bac \u00e0 cha\u00een souple \u2022 Ligne d\u2019alimentation, prises CE \u2022 Radio commande \u2022 Boite \u00e0 boutons murale \u2022 Boite \u00e0 boutons d\u00e9brochable \u2022 Commande de contr\u00f4le pour synchroniser plusieurs palans \u2022 Interrupteur de fin de course rotatif pour remplacer les interrupteurs de fin de course standards. \u2022 R\u00e9gulateur de fr\u00e9quence \u2022 Crochet tournant \u00e0 90\u00b0 \u2022 Capteurs thermiques","og_url":"https:\/\/www.ohis.be\/produit\/cpv-palan-electrique-a-chaine\/","og_site_name":"Ohis","article_modified_time":"2024-10-15T07:19:03+00:00","og_image":[{"width":300,"height":313,"url":"https:\/\/www.ohis.be\/wp-content\/uploads\/2022\/12\/CPV-CPVF-hook300.jpg","type":"image\/jpeg"}],"twitter_card":"summary_large_image","twitter_misc":{"Gesch\u00e4tzte Lesezeit":"2\u00a0Minuten"},"schema":{"@context":"https:\/\/schema.org","@graph":[{"@type":"WebPage","@id":"https:\/\/www.ohis.be\/produit\/cpv-palan-electrique-a-chaine\/","url":"https:\/\/www.ohis.be\/produit\/cpv-palan-electrique-a-chaine\/","name":"Yale CPV\/CPVF Palan \u00e9lectrique \u00e0 cha\u00eene (3m) avec crochet - Ohis","isPartOf":{"@id":"https:\/\/www.ohis.be\/#website"},"primaryImageOfPage":{"@id":"https:\/\/www.ohis.be\/produit\/cpv-palan-electrique-a-chaine\/#primaryimage"},"image":{"@id":"https:\/\/www.ohis.be\/produit\/cpv-palan-electrique-a-chaine\/#primaryimage"},"thumbnailUrl":"https:\/\/www.ohis.be\/wp-content\/uploads\/2022\/12\/CPV-CPVF-hook300.jpg","datePublished":"2022-12-14T10:47:07+00:00","dateModified":"2024-10-15T07:19:03+00:00","breadcrumb":{"@id":"https:\/\/www.ohis.be\/produit\/cpv-palan-electrique-a-chaine\/#breadcrumb"},"inLanguage":"de","potentialAction":[{"@type":"ReadAction","target":["https:\/\/www.ohis.be\/produit\/cpv-palan-electrique-a-chaine\/"]}]},{"@type":"ImageObject","inLanguage":"de","@id":"https:\/\/www.ohis.be\/produit\/cpv-palan-electrique-a-chaine\/#primaryimage","url":"https:\/\/www.ohis.be\/wp-content\/uploads\/2022\/12\/CPV-CPVF-hook300.jpg","contentUrl":"https:\/\/www.ohis.be\/wp-content\/uploads\/2022\/12\/CPV-CPVF-hook300.jpg","width":300,"height":313},{"@type":"BreadcrumbList","@id":"https:\/\/www.ohis.be\/produit\/cpv-palan-electrique-a-chaine\/#breadcrumb","itemListElement":[{"@type":"ListItem","position":1,"name":"Accueil","item":"https:\/\/www.ohis.be\/de\/"},{"@type":"ListItem","position":2,"name":"Produkte","item":"https:\/\/www.ohis.be\/de\/produkte\/"},{"@type":"ListItem","position":3,"name":"Yale CPV\/CPVF Palan \u00e9lectrique \u00e0 cha\u00eene (3m) avec crochet"}]},{"@type":"WebSite","@id":"https:\/\/www.ohis.be\/#website","url":"https:\/\/www.ohis.be\/","name":"Ohis","description":"Outils de levage","publisher":{"@id":"https:\/\/www.ohis.be\/#organization"},"potentialAction":[{"@type":"SearchAction","target":{"@type":"EntryPoint","urlTemplate":"https:\/\/www.ohis.be\/?s={search_term_string}"},"query-input":{"@type":"PropertyValueSpecification","valueRequired":true,"valueName":"search_term_string"}}],"inLanguage":"de"},{"@type":"Organization","@id":"https:\/\/www.ohis.be\/#organization","name":"Ohis","url":"https:\/\/www.ohis.be\/","logo":{"@type":"ImageObject","inLanguage":"de","@id":"https:\/\/www.ohis.be\/#\/schema\/logo\/image\/","url":"https:\/\/www.ohis.be\/wp-content\/uploads\/2021\/02\/logo-ohis-wit.svg","contentUrl":"https:\/\/www.ohis.be\/wp-content\/uploads\/2021\/02\/logo-ohis-wit.svg","width":169,"height":39,"caption":"Ohis"},"image":{"@id":"https:\/\/www.ohis.be\/#\/schema\/logo\/image\/"}}]}},"_links":{"self":[{"href":"https:\/\/www.ohis.be\/de\/wp-json\/wp\/v2\/product\/19137","targetHints":{"allow":["GET"]}}],"collection":[{"href":"https:\/\/www.ohis.be\/de\/wp-json\/wp\/v2\/product"}],"about":[{"href":"https:\/\/www.ohis.be\/de\/wp-json\/wp\/v2\/types\/product"}],"wp:featuredmedia":[{"embeddable":true,"href":"https:\/\/www.ohis.be\/de\/wp-json\/wp\/v2\/media\/34046"}],"wp:attachment":[{"href":"https:\/\/www.ohis.be\/de\/wp-json\/wp\/v2\/media?parent=19137"}],"wp:term":[{"taxonomy":"product_brand","embeddable":true,"href":"https:\/\/www.ohis.be\/de\/wp-json\/wp\/v2\/product_brand?post=19137"},{"taxonomy":"product_cat","embeddable":true,"href":"https:\/\/www.ohis.be\/de\/wp-json\/wp\/v2\/product_cat?post=19137"},{"taxonomy":"product_tag","embeddable":true,"href":"https:\/\/www.ohis.be\/de\/wp-json\/wp\/v2\/product_tag?post=19137"}],"curies":[{"name":"wp","href":"https:\/\/api.w.org\/{rel}","templated":true}]}}