{"id":18445,"date":"2022-12-13T08:49:46","date_gmt":"2023-03-24T08:17:47","guid":{"rendered":"https:\/\/www.ohis.be\/?post_type=product&#038;p=18445"},"modified":"2023-03-24T09:17:47","modified_gmt":"2023-03-24T08:17:47","slug":"hz-s-handhebelzug","status":"publish","type":"product","link":"https:\/\/www.ohis.be\/de\/produit\/hz-s-handhebelzug\/","title":{"rendered":"HZ-S Handhebelzug"},"content":{"rendered":"<p>Tragf\u00e4higkeit 750 &#8211; 6.000 kg<br \/>\nQualit\u00e4t und hervorragende Eigenschaften zeichnen unsere Hebezeuge aus, die Baureihe Silverline HZ S bildet hier keine Ausnahme. Ein wartungsarmes, leicht zu handhabendes Ger\u00e4t &#8211; preisg\u00fcnstig und wirtschaftlich.<\/p>\n<p>Ausstattung und Verarbeitung<br \/>\n\u2022 Durchgehende Stehbolzen zwischen den Seitenplatten und Deckelbefestigung sorgen f\u00fcr Stabilit\u00e4t.<br \/>\n\u2022 Kettenf\u00fchrungsrollen erm\u00f6glichen einen einwandfreien Ablauf der Lastkette.<br \/>\n\u2022 Lager in den Seitenplatten garantieren Langlebigkeit und Wartungsfreundlichkeit.<br \/>\n\u2022 Die serienm\u00e4\u00dfig verzinkte Lastkette bietet zus\u00e4tzlichen Korrosionsschutz.<br \/>\n\u2022 Geschmiedete Trag- und Lasthaken aus alterungsbest\u00e4ndigem hochlegiertem Verg\u00fctungsstahl \u00f6ffnen sich bei \u00dcberlastung ohne zu brechen.<\/p>\n","protected":false},"excerpt":{"rendered":"<p>Tragf\u00e4higkeit 750 &#8211; 6.000 kg<br \/>\nQualit\u00e4t und hervorragende Eigenschaften zeichnen unsere Hebezeuge aus, die Baureihe Silverline HZ S bildet hier keine Ausnahme. Ein wartungsarmes, leicht zu handhabendes Ger\u00e4t &#8211; preisg\u00fcnstig und wirtschaftlich.<\/p>\n<p>Ausstattung und Verarbeitung<br \/>\n\u2022 Durchgehende Stehbolzen zwischen den Seitenplatten und Deckelbefestigung sorgen f\u00fcr Stabilit\u00e4t.<br \/>\n\u2022 Kettenf\u00fchrungsrollen erm\u00f6glichen einen einwandfreien Ablauf der Lastkette.<br \/>\n\u2022 Lager in den Seitenplatten garantieren Langlebigkeit und Wartungsfreundlichkeit.<br \/>\n\u2022 Die serienm\u00e4\u00dfig verzinkte Lastkette bietet zus\u00e4tzlichen Korrosionsschutz.<br \/>\n\u2022 Geschmiedete Trag- und Lasthaken aus alterungsbest\u00e4ndigem hochlegiertem Verg\u00fctungsstahl \u00f6ffnen sich bei \u00dcberlastung ohne zu brechen.<\/p>\n","protected":false},"featured_media":24038,"template":"","meta":{"_acf_changed":false,"inline_featured_image":false},"product_brand":[],"product_cat":[356],"product_tag":[705],"class_list":{"0":"post-18445","1":"product","2":"type-product","3":"status-publish","4":"has-post-thumbnail","6":"product_cat-handhebezeug","7":"product_tag-yale-de","8":"yith_product_brand-yale-de","10":"first","11":"onbackorder","12":"taxable","13":"shipping-taxable","14":"purchasable","15":"product-type-variable"},"acf":[],"yoast_head":"<!-- This site is optimized with the Yoast SEO plugin v27.5 - https:\/\/yoast.com\/product\/yoast-seo-wordpress\/ -->\n<title>HZ-S Handhebelzug - Ohis<\/title>\n<meta name=\"robots\" content=\"index, follow, max-snippet:-1, max-image-preview:large, max-video-preview:-1\" \/>\n<link rel=\"canonical\" href=\"https:\/\/www.ohis.be\/de\/produit\/hz-s-handhebelzug\/\" \/>\n<meta property=\"og:locale\" content=\"de_DE\" \/>\n<meta property=\"og:type\" content=\"article\" \/>\n<meta property=\"og:title\" content=\"HZ-S Handhebelzug - Ohis\" \/>\n<meta property=\"og:description\" content=\"Tragf\u00e4higkeit 750 - 6.000 kg Qualit\u00e4t und hervorragende Eigenschaften zeichnen unsere Hebezeuge aus, die Baureihe Silverline HZ S bildet hier keine Ausnahme. Ein wartungsarmes, leicht zu handhabendes Ger\u00e4t - preisg\u00fcnstig und wirtschaftlich.  Ausstattung und Verarbeitung \u2022 Durchgehende Stehbolzen zwischen den Seitenplatten und Deckelbefestigung sorgen f\u00fcr Stabilit\u00e4t. \u2022 Kettenf\u00fchrungsrollen erm\u00f6glichen einen einwandfreien Ablauf der Lastkette. \u2022 Lager in den Seitenplatten garantieren Langlebigkeit und Wartungsfreundlichkeit. \u2022 Die serienm\u00e4\u00dfig verzinkte Lastkette bietet zus\u00e4tzlichen Korrosionsschutz. \u2022 Geschmiedete Trag- und Lasthaken aus alterungsbest\u00e4ndigem hochlegiertem Verg\u00fctungsstahl \u00f6ffnen sich bei \u00dcberlastung ohne zu brechen.\" \/>\n<meta property=\"og:url\" content=\"https:\/\/www.ohis.be\/de\/produit\/hz-s-handhebelzug\/\" \/>\n<meta property=\"og:site_name\" content=\"Ohis\" \/>\n<meta property=\"og:image\" content=\"https:\/\/www.ohis.be\/wp-content\/uploads\/2022\/12\/HZ_S_MINI.jpg\" \/>\n\t<meta property=\"og:image:width\" content=\"300\" \/>\n\t<meta property=\"og:image:height\" content=\"300\" \/>\n\t<meta property=\"og:image:type\" content=\"image\/jpeg\" \/>\n<meta name=\"twitter:card\" content=\"summary_large_image\" \/>\n<script type=\"application\/ld+json\" class=\"yoast-schema-graph\">{\"@context\":\"https:\\\/\\\/schema.org\",\"@graph\":[{\"@type\":\"WebPage\",\"@id\":\"https:\\\/\\\/www.ohis.be\\\/de\\\/produit\\\/hz-s-handhebelzug\\\/\",\"url\":\"https:\\\/\\\/www.ohis.be\\\/de\\\/produit\\\/hz-s-handhebelzug\\\/\",\"name\":\"HZ-S Handhebelzug - Ohis\",\"isPartOf\":{\"@id\":\"https:\\\/\\\/www.ohis.be\\\/de\\\/#website\"},\"primaryImageOfPage\":{\"@id\":\"https:\\\/\\\/www.ohis.be\\\/de\\\/produit\\\/hz-s-handhebelzug\\\/#primaryimage\"},\"image\":{\"@id\":\"https:\\\/\\\/www.ohis.be\\\/de\\\/produit\\\/hz-s-handhebelzug\\\/#primaryimage\"},\"thumbnailUrl\":\"https:\\\/\\\/www.ohis.be\\\/wp-content\\\/uploads\\\/2022\\\/12\\\/HZ_S_MINI.jpg\",\"datePublished\":\"2023-03-24T08:17:47+00:00\",\"breadcrumb\":{\"@id\":\"https:\\\/\\\/www.ohis.be\\\/de\\\/produit\\\/hz-s-handhebelzug\\\/#breadcrumb\"},\"inLanguage\":\"de\",\"potentialAction\":[{\"@type\":\"ReadAction\",\"target\":[\"https:\\\/\\\/www.ohis.be\\\/de\\\/produit\\\/hz-s-handhebelzug\\\/\"]}]},{\"@type\":\"ImageObject\",\"inLanguage\":\"de\",\"@id\":\"https:\\\/\\\/www.ohis.be\\\/de\\\/produit\\\/hz-s-handhebelzug\\\/#primaryimage\",\"url\":\"https:\\\/\\\/www.ohis.be\\\/wp-content\\\/uploads\\\/2022\\\/12\\\/HZ_S_MINI.jpg\",\"contentUrl\":\"https:\\\/\\\/www.ohis.be\\\/wp-content\\\/uploads\\\/2022\\\/12\\\/HZ_S_MINI.jpg\",\"width\":300,\"height\":300},{\"@type\":\"BreadcrumbList\",\"@id\":\"https:\\\/\\\/www.ohis.be\\\/de\\\/produit\\\/hz-s-handhebelzug\\\/#breadcrumb\",\"itemListElement\":[{\"@type\":\"ListItem\",\"position\":1,\"name\":\"Accueil\",\"item\":\"https:\\\/\\\/www.ohis.be\\\/de\\\/\"},{\"@type\":\"ListItem\",\"position\":2,\"name\":\"Produkte\",\"item\":\"https:\\\/\\\/www.ohis.be\\\/de\\\/produkte\\\/\"},{\"@type\":\"ListItem\",\"position\":3,\"name\":\"HZ-S Handhebelzug\"}]},{\"@type\":\"WebSite\",\"@id\":\"https:\\\/\\\/www.ohis.be\\\/de\\\/#website\",\"url\":\"https:\\\/\\\/www.ohis.be\\\/de\\\/\",\"name\":\"Ohis\",\"description\":\"Outils de levage\",\"publisher\":{\"@id\":\"https:\\\/\\\/www.ohis.be\\\/de\\\/#organization\"},\"potentialAction\":[{\"@type\":\"SearchAction\",\"target\":{\"@type\":\"EntryPoint\",\"urlTemplate\":\"https:\\\/\\\/www.ohis.be\\\/de\\\/?s={search_term_string}\"},\"query-input\":{\"@type\":\"PropertyValueSpecification\",\"valueRequired\":true,\"valueName\":\"search_term_string\"}}],\"inLanguage\":\"de\"},{\"@type\":\"Organization\",\"@id\":\"https:\\\/\\\/www.ohis.be\\\/de\\\/#organization\",\"name\":\"Ohis\",\"url\":\"https:\\\/\\\/www.ohis.be\\\/de\\\/\",\"logo\":{\"@type\":\"ImageObject\",\"inLanguage\":\"de\",\"@id\":\"https:\\\/\\\/www.ohis.be\\\/de\\\/#\\\/schema\\\/logo\\\/image\\\/\",\"url\":\"https:\\\/\\\/www.ohis.be\\\/wp-content\\\/uploads\\\/2021\\\/02\\\/logo-ohis-wit.svg\",\"contentUrl\":\"https:\\\/\\\/www.ohis.be\\\/wp-content\\\/uploads\\\/2021\\\/02\\\/logo-ohis-wit.svg\",\"caption\":\"Ohis\"},\"image\":{\"@id\":\"https:\\\/\\\/www.ohis.be\\\/de\\\/#\\\/schema\\\/logo\\\/image\\\/\"}}]}<\/script>\n<!-- \/ Yoast SEO plugin. -->","yoast_head_json":{"title":"HZ-S Handhebelzug - Ohis","robots":{"index":"index","follow":"follow","max-snippet":"max-snippet:-1","max-image-preview":"max-image-preview:large","max-video-preview":"max-video-preview:-1"},"canonical":"https:\/\/www.ohis.be\/de\/produit\/hz-s-handhebelzug\/","og_locale":"de_DE","og_type":"article","og_title":"HZ-S Handhebelzug - Ohis","og_description":"Tragf\u00e4higkeit 750 - 6.000 kg Qualit\u00e4t und hervorragende Eigenschaften zeichnen unsere Hebezeuge aus, die Baureihe Silverline HZ S bildet hier keine Ausnahme. Ein wartungsarmes, leicht zu handhabendes Ger\u00e4t - preisg\u00fcnstig und wirtschaftlich.  Ausstattung und Verarbeitung \u2022 Durchgehende Stehbolzen zwischen den Seitenplatten und Deckelbefestigung sorgen f\u00fcr Stabilit\u00e4t. \u2022 Kettenf\u00fchrungsrollen erm\u00f6glichen einen einwandfreien Ablauf der Lastkette. \u2022 Lager in den Seitenplatten garantieren Langlebigkeit und Wartungsfreundlichkeit. \u2022 Die serienm\u00e4\u00dfig verzinkte Lastkette bietet zus\u00e4tzlichen Korrosionsschutz. \u2022 Geschmiedete Trag- und Lasthaken aus alterungsbest\u00e4ndigem hochlegiertem Verg\u00fctungsstahl \u00f6ffnen sich bei \u00dcberlastung ohne zu brechen.","og_url":"https:\/\/www.ohis.be\/de\/produit\/hz-s-handhebelzug\/","og_site_name":"Ohis","og_image":[{"width":300,"height":300,"url":"https:\/\/www.ohis.be\/wp-content\/uploads\/2022\/12\/HZ_S_MINI.jpg","type":"image\/jpeg"}],"twitter_card":"summary_large_image","schema":{"@context":"https:\/\/schema.org","@graph":[{"@type":"WebPage","@id":"https:\/\/www.ohis.be\/de\/produit\/hz-s-handhebelzug\/","url":"https:\/\/www.ohis.be\/de\/produit\/hz-s-handhebelzug\/","name":"HZ-S Handhebelzug - Ohis","isPartOf":{"@id":"https:\/\/www.ohis.be\/de\/#website"},"primaryImageOfPage":{"@id":"https:\/\/www.ohis.be\/de\/produit\/hz-s-handhebelzug\/#primaryimage"},"image":{"@id":"https:\/\/www.ohis.be\/de\/produit\/hz-s-handhebelzug\/#primaryimage"},"thumbnailUrl":"https:\/\/www.ohis.be\/wp-content\/uploads\/2022\/12\/HZ_S_MINI.jpg","datePublished":"2023-03-24T08:17:47+00:00","breadcrumb":{"@id":"https:\/\/www.ohis.be\/de\/produit\/hz-s-handhebelzug\/#breadcrumb"},"inLanguage":"de","potentialAction":[{"@type":"ReadAction","target":["https:\/\/www.ohis.be\/de\/produit\/hz-s-handhebelzug\/"]}]},{"@type":"ImageObject","inLanguage":"de","@id":"https:\/\/www.ohis.be\/de\/produit\/hz-s-handhebelzug\/#primaryimage","url":"https:\/\/www.ohis.be\/wp-content\/uploads\/2022\/12\/HZ_S_MINI.jpg","contentUrl":"https:\/\/www.ohis.be\/wp-content\/uploads\/2022\/12\/HZ_S_MINI.jpg","width":300,"height":300},{"@type":"BreadcrumbList","@id":"https:\/\/www.ohis.be\/de\/produit\/hz-s-handhebelzug\/#breadcrumb","itemListElement":[{"@type":"ListItem","position":1,"name":"Accueil","item":"https:\/\/www.ohis.be\/de\/"},{"@type":"ListItem","position":2,"name":"Produkte","item":"https:\/\/www.ohis.be\/de\/produkte\/"},{"@type":"ListItem","position":3,"name":"HZ-S Handhebelzug"}]},{"@type":"WebSite","@id":"https:\/\/www.ohis.be\/de\/#website","url":"https:\/\/www.ohis.be\/de\/","name":"Ohis","description":"Outils de levage","publisher":{"@id":"https:\/\/www.ohis.be\/de\/#organization"},"potentialAction":[{"@type":"SearchAction","target":{"@type":"EntryPoint","urlTemplate":"https:\/\/www.ohis.be\/de\/?s={search_term_string}"},"query-input":{"@type":"PropertyValueSpecification","valueRequired":true,"valueName":"search_term_string"}}],"inLanguage":"de"},{"@type":"Organization","@id":"https:\/\/www.ohis.be\/de\/#organization","name":"Ohis","url":"https:\/\/www.ohis.be\/de\/","logo":{"@type":"ImageObject","inLanguage":"de","@id":"https:\/\/www.ohis.be\/de\/#\/schema\/logo\/image\/","url":"https:\/\/www.ohis.be\/wp-content\/uploads\/2021\/02\/logo-ohis-wit.svg","contentUrl":"https:\/\/www.ohis.be\/wp-content\/uploads\/2021\/02\/logo-ohis-wit.svg","caption":"Ohis"},"image":{"@id":"https:\/\/www.ohis.be\/de\/#\/schema\/logo\/image\/"}}]}},"_links":{"self":[{"href":"https:\/\/www.ohis.be\/de\/wp-json\/wp\/v2\/product\/18445","targetHints":{"allow":["GET"]}}],"collection":[{"href":"https:\/\/www.ohis.be\/de\/wp-json\/wp\/v2\/product"}],"about":[{"href":"https:\/\/www.ohis.be\/de\/wp-json\/wp\/v2\/types\/product"}],"wp:featuredmedia":[{"embeddable":true,"href":"https:\/\/www.ohis.be\/de\/wp-json\/wp\/v2\/media\/24038"}],"wp:attachment":[{"href":"https:\/\/www.ohis.be\/de\/wp-json\/wp\/v2\/media?parent=18445"}],"wp:term":[{"taxonomy":"product_brand","embeddable":true,"href":"https:\/\/www.ohis.be\/de\/wp-json\/wp\/v2\/product_brand?post=18445"},{"taxonomy":"product_cat","embeddable":true,"href":"https:\/\/www.ohis.be\/de\/wp-json\/wp\/v2\/product_cat?post=18445"},{"taxonomy":"product_tag","embeddable":true,"href":"https:\/\/www.ohis.be\/de\/wp-json\/wp\/v2\/product_tag?post=18445"}],"curies":[{"name":"wp","href":"https:\/\/api.w.org\/{rel}","templated":true}]}}