{"id":18425,"date":"2022-12-12T10:30:35","date_gmt":"2022-12-12T09:30:35","guid":{"rendered":"https:\/\/www.ohis.be\/produit\/d85-atex-handhebelzug-mit-rundstahlkette\/"},"modified":"2023-03-24T09:38:59","modified_gmt":"2023-03-24T08:38:59","slug":"d85-atex-handhebelzug-mit-rundstahlkette","status":"publish","type":"product","link":"https:\/\/www.ohis.be\/de\/produit\/d85-atex-handhebelzug-mit-rundstahlkette\/","title":{"rendered":"D85 ATEX Handhebelzug mit Rundstahlkette"},"content":{"rendered":"<p>Tragf\u00e4higkeit 750 &#8211; 3.000 kg<br \/>\nDie nahezu unbegrenzten Einsatzm\u00f6glichkeiten in Industrie, Handwerk, Bergbau, Baugewerbe und auf Werften best\u00e4tigen die Zuverl\u00e4ssigkeit und Stabilit\u00e4t in jedem Anwendungsbereich. Ideal zum Bewegen und Positionieren von schweren Maschinen und zum Verzurren von Schwerlasten. Erleichtert das Verlegen von Rohren in Sch\u00e4chten und Gr\u00e4ben.<\/p>\n<p>Ausstattung und Verarbeitung<br \/>\n\u2022 Das geschlossene Geh\u00e4use mit Deckel, Handhebel und Unterflasche aus hochwertigem Tempergu\u00df, sorgt f\u00fcr eine robuste Gesamtkonstruktion.<br \/>\n\u2022 Das Lastkettenrad der Rundstahlkettenausf\u00fchrung aus Sph\u00e4rogu\u00df mit pr\u00e4zise ausgebildeten Kettentaschen gew\u00e4hrleistet Schonung und Langlebigkeit der Lastkette.<br \/>\n\u2022 Das Lastkettenrad der Rollenkettenausf\u00fchrung aus Chrom Molybd\u00e4nstahl mit pr\u00e4ziser Verzahnung und die im Geh\u00e4use eingegossenene Kettenf\u00fchrung sorgen f\u00fcr st\u00f6rungsfreien Kettenlauf.<br \/>\n\u2022 Verzinkte Rundstahlkette entsprechend allen g\u00fcltigen nationalen und internationalen Vorschriften.<\/p>\n","protected":false},"excerpt":{"rendered":"<p>Tragf\u00e4higkeit 750 &#8211; 3.000 kg<br \/>\nDie nahezu unbegrenzten Einsatzm\u00f6glichkeiten in Industrie, Handwerk, Bergbau, Baugewerbe und auf Werften best\u00e4tigen die Zuverl\u00e4ssigkeit und Stabilit\u00e4t in jedem Anwendungsbereich. Ideal zum Bewegen und Positionieren von schweren Maschinen und zum Verzurren von Schwerlasten. Erleichtert das Verlegen von Rohren in Sch\u00e4chten und Gr\u00e4ben.<\/p>\n<p>Ausstattung und Verarbeitung<br \/>\n\u2022 Das geschlossene Geh\u00e4use mit Deckel, Handhebel und Unterflasche aus hochwertigem Tempergu\u00df, sorgt f\u00fcr eine robuste Gesamtkonstruktion.<br \/>\n\u2022 Das Lastkettenrad der Rundstahlkettenausf\u00fchrung aus Sph\u00e4rogu\u00df mit pr\u00e4zise ausgebildeten Kettentaschen gew\u00e4hrleistet Schonung und Langlebigkeit der Lastkette.<br \/>\n\u2022 Das Lastkettenrad der Rollenkettenausf\u00fchrung aus Chrom Molybd\u00e4nstahl mit pr\u00e4ziser Verzahnung und die im Geh\u00e4use eingegossenene Kettenf\u00fchrung sorgen f\u00fcr st\u00f6rungsfreien Kettenlauf.<br \/>\n\u2022 Verzinkte Rundstahlkette entsprechend allen g\u00fcltigen nationalen und internationalen Vorschriften.<\/p>\n","protected":false},"featured_media":23816,"template":"","meta":{"_acf_changed":false,"inline_featured_image":false},"product_brand":[],"product_cat":[356],"product_tag":[1049,705],"class_list":{"0":"post-18425","1":"product","2":"type-product","3":"status-publish","4":"has-post-thumbnail","6":"product_cat-handhebezeug","7":"product_tag-atex-de","8":"product_tag-yale-de","9":"yith_product_brand-yale-de","11":"first","12":"onbackorder","13":"taxable","14":"shipping-taxable","15":"purchasable","16":"product-type-variable"},"acf":[],"yoast_head":"<!-- This site is optimized with the Yoast SEO plugin v27.4 - https:\/\/yoast.com\/product\/yoast-seo-wordpress\/ -->\n<title>D85 ATEX Handhebelzug mit Rundstahlkette - Ohis<\/title>\n<meta name=\"robots\" content=\"index, follow, max-snippet:-1, max-image-preview:large, max-video-preview:-1\" \/>\n<link rel=\"canonical\" href=\"https:\/\/www.ohis.be\/de\/produit\/d85-atex-handhebelzug-mit-rundstahlkette\/\" \/>\n<meta property=\"og:locale\" content=\"de_DE\" \/>\n<meta property=\"og:type\" content=\"article\" \/>\n<meta property=\"og:title\" content=\"D85 ATEX Handhebelzug mit Rundstahlkette - Ohis\" \/>\n<meta property=\"og:description\" content=\"Tragf\u00e4higkeit 750 - 3.000 kg Die nahezu unbegrenzten Einsatzm\u00f6glichkeiten in Industrie, Handwerk, Bergbau, Baugewerbe und auf Werften best\u00e4tigen die Zuverl\u00e4ssigkeit und Stabilit\u00e4t in jedem Anwendungsbereich. Ideal zum Bewegen und Positionieren von schweren Maschinen und zum Verzurren von Schwerlasten. Erleichtert das Verlegen von Rohren in Sch\u00e4chten und Gr\u00e4ben.  Ausstattung und Verarbeitung \u2022 Das geschlossene Geh\u00e4use mit Deckel, Handhebel und Unterflasche aus hochwertigem Tempergu\u00df, sorgt f\u00fcr eine robuste Gesamtkonstruktion. \u2022 Das Lastkettenrad der Rundstahlkettenausf\u00fchrung aus Sph\u00e4rogu\u00df mit pr\u00e4zise ausgebildeten Kettentaschen gew\u00e4hrleistet Schonung und Langlebigkeit der Lastkette. \u2022 Das Lastkettenrad der Rollenkettenausf\u00fchrung aus Chrom Molybd\u00e4nstahl mit pr\u00e4ziser Verzahnung und die im Geh\u00e4use eingegossenene Kettenf\u00fchrung sorgen f\u00fcr st\u00f6rungsfreien Kettenlauf. \u2022 Verzinkte Rundstahlkette entsprechend allen g\u00fcltigen nationalen und internationalen Vorschriften.\" \/>\n<meta property=\"og:url\" content=\"https:\/\/www.ohis.be\/de\/produit\/d85-atex-handhebelzug-mit-rundstahlkette\/\" \/>\n<meta property=\"og:site_name\" content=\"Ohis\" \/>\n<meta property=\"article:modified_time\" content=\"2023-03-24T08:38:59+00:00\" \/>\n<meta property=\"og:image\" content=\"https:\/\/www.ohis.be\/wp-content\/uploads\/2022\/12\/c85-chain-mini.jpg\" \/>\n\t<meta property=\"og:image:width\" content=\"272\" \/>\n\t<meta property=\"og:image:height\" content=\"323\" \/>\n\t<meta property=\"og:image:type\" content=\"image\/jpeg\" \/>\n<meta name=\"twitter:card\" content=\"summary_large_image\" \/>\n<meta name=\"twitter:label1\" content=\"Gesch\u00e4tzte Lesezeit\" \/>\n\t<meta name=\"twitter:data1\" content=\"1\u00a0Minute\" \/>\n<script type=\"application\/ld+json\" class=\"yoast-schema-graph\">{\"@context\":\"https:\\\/\\\/schema.org\",\"@graph\":[{\"@type\":\"WebPage\",\"@id\":\"https:\\\/\\\/www.ohis.be\\\/de\\\/produit\\\/d85-atex-handhebelzug-mit-rundstahlkette\\\/\",\"url\":\"https:\\\/\\\/www.ohis.be\\\/de\\\/produit\\\/d85-atex-handhebelzug-mit-rundstahlkette\\\/\",\"name\":\"D85 ATEX Handhebelzug mit Rundstahlkette - Ohis\",\"isPartOf\":{\"@id\":\"https:\\\/\\\/www.ohis.be\\\/#website\"},\"primaryImageOfPage\":{\"@id\":\"https:\\\/\\\/www.ohis.be\\\/de\\\/produit\\\/d85-atex-handhebelzug-mit-rundstahlkette\\\/#primaryimage\"},\"image\":{\"@id\":\"https:\\\/\\\/www.ohis.be\\\/de\\\/produit\\\/d85-atex-handhebelzug-mit-rundstahlkette\\\/#primaryimage\"},\"thumbnailUrl\":\"https:\\\/\\\/www.ohis.be\\\/wp-content\\\/uploads\\\/2022\\\/12\\\/c85-chain-mini.jpg\",\"datePublished\":\"2022-12-12T09:30:35+00:00\",\"dateModified\":\"2023-03-24T08:38:59+00:00\",\"breadcrumb\":{\"@id\":\"https:\\\/\\\/www.ohis.be\\\/de\\\/produit\\\/d85-atex-handhebelzug-mit-rundstahlkette\\\/#breadcrumb\"},\"inLanguage\":\"de\",\"potentialAction\":[{\"@type\":\"ReadAction\",\"target\":[\"https:\\\/\\\/www.ohis.be\\\/de\\\/produit\\\/d85-atex-handhebelzug-mit-rundstahlkette\\\/\"]}]},{\"@type\":\"ImageObject\",\"inLanguage\":\"de\",\"@id\":\"https:\\\/\\\/www.ohis.be\\\/de\\\/produit\\\/d85-atex-handhebelzug-mit-rundstahlkette\\\/#primaryimage\",\"url\":\"https:\\\/\\\/www.ohis.be\\\/wp-content\\\/uploads\\\/2022\\\/12\\\/c85-chain-mini.jpg\",\"contentUrl\":\"https:\\\/\\\/www.ohis.be\\\/wp-content\\\/uploads\\\/2022\\\/12\\\/c85-chain-mini.jpg\",\"width\":272,\"height\":323},{\"@type\":\"BreadcrumbList\",\"@id\":\"https:\\\/\\\/www.ohis.be\\\/de\\\/produit\\\/d85-atex-handhebelzug-mit-rundstahlkette\\\/#breadcrumb\",\"itemListElement\":[{\"@type\":\"ListItem\",\"position\":1,\"name\":\"Accueil\",\"item\":\"https:\\\/\\\/www.ohis.be\\\/de\\\/\"},{\"@type\":\"ListItem\",\"position\":2,\"name\":\"Produkte\",\"item\":\"https:\\\/\\\/www.ohis.be\\\/de\\\/produkte\\\/\"},{\"@type\":\"ListItem\",\"position\":3,\"name\":\"D85 ATEX Handhebelzug mit Rundstahlkette\"}]},{\"@type\":\"WebSite\",\"@id\":\"https:\\\/\\\/www.ohis.be\\\/#website\",\"url\":\"https:\\\/\\\/www.ohis.be\\\/\",\"name\":\"Ohis\",\"description\":\"Outils de levage\",\"publisher\":{\"@id\":\"https:\\\/\\\/www.ohis.be\\\/#organization\"},\"potentialAction\":[{\"@type\":\"SearchAction\",\"target\":{\"@type\":\"EntryPoint\",\"urlTemplate\":\"https:\\\/\\\/www.ohis.be\\\/?s={search_term_string}\"},\"query-input\":{\"@type\":\"PropertyValueSpecification\",\"valueRequired\":true,\"valueName\":\"search_term_string\"}}],\"inLanguage\":\"de\"},{\"@type\":\"Organization\",\"@id\":\"https:\\\/\\\/www.ohis.be\\\/#organization\",\"name\":\"Ohis\",\"url\":\"https:\\\/\\\/www.ohis.be\\\/\",\"logo\":{\"@type\":\"ImageObject\",\"inLanguage\":\"de\",\"@id\":\"https:\\\/\\\/www.ohis.be\\\/#\\\/schema\\\/logo\\\/image\\\/\",\"url\":\"https:\\\/\\\/www.ohis.be\\\/wp-content\\\/uploads\\\/2021\\\/02\\\/logo-ohis-wit.svg\",\"contentUrl\":\"https:\\\/\\\/www.ohis.be\\\/wp-content\\\/uploads\\\/2021\\\/02\\\/logo-ohis-wit.svg\",\"caption\":\"Ohis\"},\"image\":{\"@id\":\"https:\\\/\\\/www.ohis.be\\\/#\\\/schema\\\/logo\\\/image\\\/\"}}]}<\/script>\n<!-- \/ Yoast SEO plugin. -->","yoast_head_json":{"title":"D85 ATEX Handhebelzug mit Rundstahlkette - Ohis","robots":{"index":"index","follow":"follow","max-snippet":"max-snippet:-1","max-image-preview":"max-image-preview:large","max-video-preview":"max-video-preview:-1"},"canonical":"https:\/\/www.ohis.be\/de\/produit\/d85-atex-handhebelzug-mit-rundstahlkette\/","og_locale":"de_DE","og_type":"article","og_title":"D85 ATEX Handhebelzug mit Rundstahlkette - Ohis","og_description":"Tragf\u00e4higkeit 750 - 3.000 kg Die nahezu unbegrenzten Einsatzm\u00f6glichkeiten in Industrie, Handwerk, Bergbau, Baugewerbe und auf Werften best\u00e4tigen die Zuverl\u00e4ssigkeit und Stabilit\u00e4t in jedem Anwendungsbereich. Ideal zum Bewegen und Positionieren von schweren Maschinen und zum Verzurren von Schwerlasten. Erleichtert das Verlegen von Rohren in Sch\u00e4chten und Gr\u00e4ben.  Ausstattung und Verarbeitung \u2022 Das geschlossene Geh\u00e4use mit Deckel, Handhebel und Unterflasche aus hochwertigem Tempergu\u00df, sorgt f\u00fcr eine robuste Gesamtkonstruktion. \u2022 Das Lastkettenrad der Rundstahlkettenausf\u00fchrung aus Sph\u00e4rogu\u00df mit pr\u00e4zise ausgebildeten Kettentaschen gew\u00e4hrleistet Schonung und Langlebigkeit der Lastkette. \u2022 Das Lastkettenrad der Rollenkettenausf\u00fchrung aus Chrom Molybd\u00e4nstahl mit pr\u00e4ziser Verzahnung und die im Geh\u00e4use eingegossenene Kettenf\u00fchrung sorgen f\u00fcr st\u00f6rungsfreien Kettenlauf. \u2022 Verzinkte Rundstahlkette entsprechend allen g\u00fcltigen nationalen und internationalen Vorschriften.","og_url":"https:\/\/www.ohis.be\/de\/produit\/d85-atex-handhebelzug-mit-rundstahlkette\/","og_site_name":"Ohis","article_modified_time":"2023-03-24T08:38:59+00:00","og_image":[{"width":272,"height":323,"url":"https:\/\/www.ohis.be\/wp-content\/uploads\/2022\/12\/c85-chain-mini.jpg","type":"image\/jpeg"}],"twitter_card":"summary_large_image","twitter_misc":{"Gesch\u00e4tzte Lesezeit":"1\u00a0Minute"},"schema":{"@context":"https:\/\/schema.org","@graph":[{"@type":"WebPage","@id":"https:\/\/www.ohis.be\/de\/produit\/d85-atex-handhebelzug-mit-rundstahlkette\/","url":"https:\/\/www.ohis.be\/de\/produit\/d85-atex-handhebelzug-mit-rundstahlkette\/","name":"D85 ATEX Handhebelzug mit Rundstahlkette - Ohis","isPartOf":{"@id":"https:\/\/www.ohis.be\/#website"},"primaryImageOfPage":{"@id":"https:\/\/www.ohis.be\/de\/produit\/d85-atex-handhebelzug-mit-rundstahlkette\/#primaryimage"},"image":{"@id":"https:\/\/www.ohis.be\/de\/produit\/d85-atex-handhebelzug-mit-rundstahlkette\/#primaryimage"},"thumbnailUrl":"https:\/\/www.ohis.be\/wp-content\/uploads\/2022\/12\/c85-chain-mini.jpg","datePublished":"2022-12-12T09:30:35+00:00","dateModified":"2023-03-24T08:38:59+00:00","breadcrumb":{"@id":"https:\/\/www.ohis.be\/de\/produit\/d85-atex-handhebelzug-mit-rundstahlkette\/#breadcrumb"},"inLanguage":"de","potentialAction":[{"@type":"ReadAction","target":["https:\/\/www.ohis.be\/de\/produit\/d85-atex-handhebelzug-mit-rundstahlkette\/"]}]},{"@type":"ImageObject","inLanguage":"de","@id":"https:\/\/www.ohis.be\/de\/produit\/d85-atex-handhebelzug-mit-rundstahlkette\/#primaryimage","url":"https:\/\/www.ohis.be\/wp-content\/uploads\/2022\/12\/c85-chain-mini.jpg","contentUrl":"https:\/\/www.ohis.be\/wp-content\/uploads\/2022\/12\/c85-chain-mini.jpg","width":272,"height":323},{"@type":"BreadcrumbList","@id":"https:\/\/www.ohis.be\/de\/produit\/d85-atex-handhebelzug-mit-rundstahlkette\/#breadcrumb","itemListElement":[{"@type":"ListItem","position":1,"name":"Accueil","item":"https:\/\/www.ohis.be\/de\/"},{"@type":"ListItem","position":2,"name":"Produkte","item":"https:\/\/www.ohis.be\/de\/produkte\/"},{"@type":"ListItem","position":3,"name":"D85 ATEX Handhebelzug mit Rundstahlkette"}]},{"@type":"WebSite","@id":"https:\/\/www.ohis.be\/#website","url":"https:\/\/www.ohis.be\/","name":"Ohis","description":"Outils de levage","publisher":{"@id":"https:\/\/www.ohis.be\/#organization"},"potentialAction":[{"@type":"SearchAction","target":{"@type":"EntryPoint","urlTemplate":"https:\/\/www.ohis.be\/?s={search_term_string}"},"query-input":{"@type":"PropertyValueSpecification","valueRequired":true,"valueName":"search_term_string"}}],"inLanguage":"de"},{"@type":"Organization","@id":"https:\/\/www.ohis.be\/#organization","name":"Ohis","url":"https:\/\/www.ohis.be\/","logo":{"@type":"ImageObject","inLanguage":"de","@id":"https:\/\/www.ohis.be\/#\/schema\/logo\/image\/","url":"https:\/\/www.ohis.be\/wp-content\/uploads\/2021\/02\/logo-ohis-wit.svg","contentUrl":"https:\/\/www.ohis.be\/wp-content\/uploads\/2021\/02\/logo-ohis-wit.svg","caption":"Ohis"},"image":{"@id":"https:\/\/www.ohis.be\/#\/schema\/logo\/image\/"}}]}},"_links":{"self":[{"href":"https:\/\/www.ohis.be\/de\/wp-json\/wp\/v2\/product\/18425","targetHints":{"allow":["GET"]}}],"collection":[{"href":"https:\/\/www.ohis.be\/de\/wp-json\/wp\/v2\/product"}],"about":[{"href":"https:\/\/www.ohis.be\/de\/wp-json\/wp\/v2\/types\/product"}],"wp:featuredmedia":[{"embeddable":true,"href":"https:\/\/www.ohis.be\/de\/wp-json\/wp\/v2\/media\/23816"}],"wp:attachment":[{"href":"https:\/\/www.ohis.be\/de\/wp-json\/wp\/v2\/media?parent=18425"}],"wp:term":[{"taxonomy":"product_brand","embeddable":true,"href":"https:\/\/www.ohis.be\/de\/wp-json\/wp\/v2\/product_brand?post=18425"},{"taxonomy":"product_cat","embeddable":true,"href":"https:\/\/www.ohis.be\/de\/wp-json\/wp\/v2\/product_cat?post=18425"},{"taxonomy":"product_tag","embeddable":true,"href":"https:\/\/www.ohis.be\/de\/wp-json\/wp\/v2\/product_tag?post=18425"}],"curies":[{"name":"wp","href":"https:\/\/api.w.org\/{rel}","templated":true}]}}