{"id":18409,"date":"2022-12-12T14:59:02","date_gmt":"2022-12-12T13:59:02","guid":{"rendered":"https:\/\/www.ohis.be\/produit\/ergo-360-handhebelzug\/"},"modified":"2023-03-24T09:32:02","modified_gmt":"2023-03-24T08:32:02","slug":"ergo-360-handhebelzug","status":"publish","type":"product","link":"https:\/\/www.ohis.be\/de\/produit\/ergo-360-handhebelzug\/","title":{"rendered":"ERGO 360 Handhebelzug"},"content":{"rendered":"<p>Tragf\u00e4higkeit 750 &#8211; 9.000 kg<br \/>\nDer YaleERGO 360 \u00ae definiert die Welt der Hebezeuge neu.<br \/>\nDurch die Gestaltung seines revolution\u00e4ren Handhebels mit integriertem Klappgriff ist ein effizientes Arbeiten in jedem beliebigen Winkel, sowohl bei Hub-, als auch bei Zuganwendungen m\u00f6glich.<br \/>\nDurch die ergonomische und sicherheitsf\u00f6rdernde Gestaltung des YaleERGO 360 \u00ae kann der Bediener bis zu 12-mal schneller arbeiten und kommt dabei mit bis zu 30 % weniger Hubkraft aus.<\/p>\n<p>HANDHEBEL MIT INTEGRIERTEM KLAPPGRIFF<br \/>\nDas Konzept, den Handhebel durch Ausklappen eines Griffs in eine Kurbel zu verwandeln, ist einzigartig und wird den Einsatz von Handhebelz\u00fcgen revolutionieren. Es gew\u00e4hrleistet die ideale Kraft\u00fcbertragung f\u00fcr jeden Einsatzfall und erm\u00f6glicht erstmals einen Arbeitsbereich von 360\u00b0, wodurch die Produktivit\u00e4t gesteigert und das Verletzungsrisiko f\u00fcr den Bediener gesenkt wird.<\/p>\n<p>ANZEIGE DER BEDIENRICHTUNG IM HEBEL<br \/>\nEin Sichtfenster im Handhebel zeigt dem Anwender durch Pfeil-Symbole eindeutig die gew\u00e4hlte Arbeitsrichtung. Das Aktivieren der Freischaltung wird durch den Buchstaben \u201eN\u201c, f\u00fcr Neutral angezeigt.<\/p>\n<p>LEICHTG\u00c4NGIGE KETTENFREISCHALTUNG<br \/>\nSchnelles Anschlagen der Last bzw. Durchziehen des Laststranges (Hakenseite) ist auch bei einh\u00e4ndiger Bedienung m\u00f6glich. Die Konstruktion des Kettenfreischaltungshebels verhindert ein versehentliches Freischalten unter Last. Das gegossene Kettenendst\u00fcck erm\u00f6glicht einfaches und sicheres Greifen der Kette f\u00fcr das Positionieren im Freischaltmodus und verhindert, dass die Kette ins Geh\u00e4use eindringen und das Ger\u00e4t blockieren kann.<\/p>\n<p>ZUVERL\u00c4SSIGE LASTF\u00dcHRUNG<br \/>\nDie gekapselte Lastdruckbremse bleibt frei von Verschmutzungen und N\u00e4sse, was eine pr\u00e4zise Lastpositionierung erm\u00f6glicht.<\/p>\n<p>HOHE LEBENSDAUER<br \/>\nAuch bei intensivem Einsatz \u00fcberzeugt der YaleERGO360 mit seinem leichten, hochfesten Aluminiumgeh\u00e4use und hochwertigen Lagern. Die best\u00e4ndige, hochwertige Pulverbeschichtung der Oberfl\u00e4che bietet zus\u00e4tzlichen Schutz bei rauen Umgebungsbedingungen.<\/p>\n<p>EXZELLENTER KORROSIONSSCHUTZ<br \/>\nDie Kettenf\u00fchrung und der Kettenabstreifer sind aus robustem Temperguss und zum Schutz vor Korrosion zus\u00e4tzlich verzinkt<\/p>\n<p>EINFACH ZU WARTENDE DREHBARE HAKEN<br \/>\nGeschmiedete Haken und gegossene Sicherheitsb\u00fcgel bieten eine zuverl\u00e4ssige und sichere Lastaufnahme. Die verschraubten Hakenkupplungen erm\u00f6glichen eine einfache Wartung<\/p>\n","protected":false},"excerpt":{"rendered":"<p>Tragf\u00e4higkeit 750 &#8211; 9.000 kg<br \/>\nDer YaleERGO 360 \u00ae definiert die Welt der Hebezeuge neu.<br \/>\nDurch die Gestaltung seines revolution\u00e4ren Handhebels mit integriertem Klappgriff ist ein effizientes Arbeiten in jedem beliebigen Winkel, sowohl bei Hub-, als auch bei Zuganwendungen m\u00f6glich.<br \/>\nDurch die ergonomische und sicherheitsf\u00f6rdernde Gestaltung des YaleERGO 360 \u00ae kann der Bediener bis zu 12-mal schneller arbeiten und kommt dabei mit bis zu 30 % weniger Hubkraft aus.<\/p>\n<p>HANDHEBEL MIT INTEGRIERTEM KLAPPGRIFF<br \/>\nDas Konzept, den Handhebel durch Ausklappen eines Griffs in eine Kurbel zu verwandeln, ist einzigartig und wird den Einsatz von Handhebelz\u00fcgen revolutionieren. Es gew\u00e4hrleistet die ideale Kraft\u00fcbertragung f\u00fcr jeden Einsatzfall und erm\u00f6glicht erstmals einen Arbeitsbereich von 360\u00b0, wodurch die Produktivit\u00e4t gesteigert und das Verletzungsrisiko f\u00fcr den Bediener gesenkt wird.<\/p>\n<p>ANZEIGE DER BEDIENRICHTUNG IM HEBEL<br \/>\nEin Sichtfenster im Handhebel zeigt dem Anwender durch Pfeil-Symbole eindeutig die gew\u00e4hlte Arbeitsrichtung. Das Aktivieren der Freischaltung wird durch den Buchstaben \u201eN\u201c, f\u00fcr Neutral angezeigt.<\/p>\n<p>LEICHTG\u00c4NGIGE KETTENFREISCHALTUNG<br \/>\nSchnelles Anschlagen der Last bzw. Durchziehen des Laststranges (Hakenseite) ist auch bei einh\u00e4ndiger Bedienung m\u00f6glich. Die Konstruktion des Kettenfreischaltungshebels verhindert ein versehentliches Freischalten unter Last. Das gegossene Kettenendst\u00fcck erm\u00f6glicht einfaches und sicheres Greifen der Kette f\u00fcr das Positionieren im Freischaltmodus und verhindert, dass die Kette ins Geh\u00e4use eindringen und das Ger\u00e4t blockieren kann.<\/p>\n<p>ZUVERL\u00c4SSIGE LASTF\u00dcHRUNG<br \/>\nDie gekapselte Lastdruckbremse bleibt frei von Verschmutzungen und N\u00e4sse, was eine pr\u00e4zise Lastpositionierung erm\u00f6glicht.<\/p>\n<p>HOHE LEBENSDAUER<br \/>\nAuch bei intensivem Einsatz \u00fcberzeugt der YaleERGO360 mit seinem leichten, hochfesten Aluminiumgeh\u00e4use und hochwertigen Lagern. Die best\u00e4ndige, hochwertige Pulverbeschichtung der Oberfl\u00e4che bietet zus\u00e4tzlichen Schutz bei rauen Umgebungsbedingungen.<\/p>\n<p>EXZELLENTER KORROSIONSSCHUTZ<br \/>\nDie Kettenf\u00fchrung und der Kettenabstreifer sind aus robustem Temperguss und zum Schutz vor Korrosion zus\u00e4tzlich verzinkt<\/p>\n<p>EINFACH ZU WARTENDE DREHBARE HAKEN<br \/>\nGeschmiedete Haken und gegossene Sicherheitsb\u00fcgel bieten eine zuverl\u00e4ssige und sichere Lastaufnahme. Die verschraubten Hakenkupplungen erm\u00f6glichen eine einfache Wartung<\/p>\n","protected":false},"featured_media":23974,"template":"","meta":{"_acf_changed":false,"inline_featured_image":false},"product_brand":[],"product_cat":[356],"product_tag":[705],"class_list":{"0":"post-18409","1":"product","2":"type-product","3":"status-publish","4":"has-post-thumbnail","6":"product_cat-handhebezeug","7":"product_tag-yale-de","8":"yith_product_brand-yale-de","10":"first","11":"onbackorder","12":"taxable","13":"shipping-taxable","14":"purchasable","15":"product-type-variable"},"acf":[],"yoast_head":"<!-- This site is optimized with the Yoast SEO plugin v27.4 - https:\/\/yoast.com\/product\/yoast-seo-wordpress\/ -->\n<title>ERGO 360 Handhebelzug - Ohis<\/title>\n<meta name=\"robots\" content=\"index, follow, max-snippet:-1, max-image-preview:large, max-video-preview:-1\" \/>\n<link rel=\"canonical\" href=\"https:\/\/www.ohis.be\/de\/produit\/ergo-360-handhebelzug\/\" \/>\n<meta property=\"og:locale\" content=\"de_DE\" \/>\n<meta property=\"og:type\" content=\"article\" \/>\n<meta property=\"og:title\" content=\"ERGO 360 Handhebelzug - Ohis\" \/>\n<meta property=\"og:description\" content=\"Tragf\u00e4higkeit 750 - 9.000 kg Der YaleERGO 360 \u00ae definiert die Welt der Hebezeuge neu. Durch die Gestaltung seines revolution\u00e4ren Handhebels mit integriertem Klappgriff ist ein effizientes Arbeiten in jedem beliebigen Winkel, sowohl bei Hub-, als auch bei Zuganwendungen m\u00f6glich. Durch die ergonomische und sicherheitsf\u00f6rdernde Gestaltung des YaleERGO 360 \u00ae kann der Bediener bis zu 12-mal schneller arbeiten und kommt dabei mit bis zu 30 % weniger Hubkraft aus.  HANDHEBEL MIT INTEGRIERTEM KLAPPGRIFF Das Konzept, den Handhebel durch Ausklappen eines Griffs in eine Kurbel zu verwandeln, ist einzigartig und wird den Einsatz von Handhebelz\u00fcgen revolutionieren. Es gew\u00e4hrleistet die ideale Kraft\u00fcbertragung f\u00fcr jeden Einsatzfall und erm\u00f6glicht erstmals einen Arbeitsbereich von 360\u00b0, wodurch die Produktivit\u00e4t gesteigert und das Verletzungsrisiko f\u00fcr den Bediener gesenkt wird.  ANZEIGE DER BEDIENRICHTUNG IM HEBEL Ein Sichtfenster im Handhebel zeigt dem Anwender durch Pfeil-Symbole eindeutig die gew\u00e4hlte Arbeitsrichtung. Das Aktivieren der Freischaltung wird durch den Buchstaben \u201eN\u201c, f\u00fcr Neutral angezeigt.  LEICHTG\u00c4NGIGE KETTENFREISCHALTUNG Schnelles Anschlagen der Last bzw. Durchziehen des Laststranges (Hakenseite) ist auch bei einh\u00e4ndiger Bedienung m\u00f6glich. Die Konstruktion des Kettenfreischaltungshebels verhindert ein versehentliches Freischalten unter Last. Das gegossene Kettenendst\u00fcck erm\u00f6glicht einfaches und sicheres Greifen der Kette f\u00fcr das Positionieren im Freischaltmodus und verhindert, dass die Kette ins Geh\u00e4use eindringen und das Ger\u00e4t blockieren kann.  ZUVERL\u00c4SSIGE LASTF\u00dcHRUNG Die gekapselte Lastdruckbremse bleibt frei von Verschmutzungen und N\u00e4sse, was eine pr\u00e4zise Lastpositionierung erm\u00f6glicht.  HOHE LEBENSDAUER Auch bei intensivem Einsatz \u00fcberzeugt der YaleERGO360 mit seinem leichten, hochfesten Aluminiumgeh\u00e4use und hochwertigen Lagern. Die best\u00e4ndige, hochwertige Pulverbeschichtung der Oberfl\u00e4che bietet zus\u00e4tzlichen Schutz bei rauen Umgebungsbedingungen.  EXZELLENTER KORROSIONSSCHUTZ Die Kettenf\u00fchrung und der Kettenabstreifer sind aus robustem Temperguss und zum Schutz vor Korrosion zus\u00e4tzlich verzinkt  EINFACH ZU WARTENDE DREHBARE HAKEN Geschmiedete Haken und gegossene Sicherheitsb\u00fcgel bieten eine zuverl\u00e4ssige und sichere Lastaufnahme. Die verschraubten Hakenkupplungen erm\u00f6glichen eine einfache Wartung\" \/>\n<meta property=\"og:url\" content=\"https:\/\/www.ohis.be\/de\/produit\/ergo-360-handhebelzug\/\" \/>\n<meta property=\"og:site_name\" content=\"Ohis\" \/>\n<meta property=\"article:modified_time\" content=\"2023-03-24T08:32:02+00:00\" \/>\n<meta property=\"og:image\" content=\"https:\/\/www.ohis.be\/wp-content\/uploads\/2022\/12\/ERGO360_MINI.jpg\" \/>\n\t<meta property=\"og:image:width\" content=\"300\" \/>\n\t<meta property=\"og:image:height\" content=\"300\" \/>\n\t<meta property=\"og:image:type\" content=\"image\/jpeg\" \/>\n<meta name=\"twitter:card\" content=\"summary_large_image\" \/>\n<meta name=\"twitter:label1\" content=\"Gesch\u00e4tzte Lesezeit\" \/>\n\t<meta name=\"twitter:data1\" content=\"2\u00a0Minuten\" \/>\n<script type=\"application\/ld+json\" class=\"yoast-schema-graph\">{\"@context\":\"https:\\\/\\\/schema.org\",\"@graph\":[{\"@type\":\"WebPage\",\"@id\":\"https:\\\/\\\/www.ohis.be\\\/de\\\/produit\\\/ergo-360-handhebelzug\\\/\",\"url\":\"https:\\\/\\\/www.ohis.be\\\/de\\\/produit\\\/ergo-360-handhebelzug\\\/\",\"name\":\"ERGO 360 Handhebelzug - Ohis\",\"isPartOf\":{\"@id\":\"https:\\\/\\\/www.ohis.be\\\/#website\"},\"primaryImageOfPage\":{\"@id\":\"https:\\\/\\\/www.ohis.be\\\/de\\\/produit\\\/ergo-360-handhebelzug\\\/#primaryimage\"},\"image\":{\"@id\":\"https:\\\/\\\/www.ohis.be\\\/de\\\/produit\\\/ergo-360-handhebelzug\\\/#primaryimage\"},\"thumbnailUrl\":\"https:\\\/\\\/www.ohis.be\\\/wp-content\\\/uploads\\\/2022\\\/12\\\/ERGO360_MINI.jpg\",\"datePublished\":\"2022-12-12T13:59:02+00:00\",\"dateModified\":\"2023-03-24T08:32:02+00:00\",\"breadcrumb\":{\"@id\":\"https:\\\/\\\/www.ohis.be\\\/de\\\/produit\\\/ergo-360-handhebelzug\\\/#breadcrumb\"},\"inLanguage\":\"de\",\"potentialAction\":[{\"@type\":\"ReadAction\",\"target\":[\"https:\\\/\\\/www.ohis.be\\\/de\\\/produit\\\/ergo-360-handhebelzug\\\/\"]}]},{\"@type\":\"ImageObject\",\"inLanguage\":\"de\",\"@id\":\"https:\\\/\\\/www.ohis.be\\\/de\\\/produit\\\/ergo-360-handhebelzug\\\/#primaryimage\",\"url\":\"https:\\\/\\\/www.ohis.be\\\/wp-content\\\/uploads\\\/2022\\\/12\\\/ERGO360_MINI.jpg\",\"contentUrl\":\"https:\\\/\\\/www.ohis.be\\\/wp-content\\\/uploads\\\/2022\\\/12\\\/ERGO360_MINI.jpg\",\"width\":300,\"height\":300},{\"@type\":\"BreadcrumbList\",\"@id\":\"https:\\\/\\\/www.ohis.be\\\/de\\\/produit\\\/ergo-360-handhebelzug\\\/#breadcrumb\",\"itemListElement\":[{\"@type\":\"ListItem\",\"position\":1,\"name\":\"Accueil\",\"item\":\"https:\\\/\\\/www.ohis.be\\\/de\\\/\"},{\"@type\":\"ListItem\",\"position\":2,\"name\":\"Produkte\",\"item\":\"https:\\\/\\\/www.ohis.be\\\/de\\\/produkte\\\/\"},{\"@type\":\"ListItem\",\"position\":3,\"name\":\"ERGO 360 Handhebelzug\"}]},{\"@type\":\"WebSite\",\"@id\":\"https:\\\/\\\/www.ohis.be\\\/#website\",\"url\":\"https:\\\/\\\/www.ohis.be\\\/\",\"name\":\"Ohis\",\"description\":\"Outils de levage\",\"publisher\":{\"@id\":\"https:\\\/\\\/www.ohis.be\\\/#organization\"},\"potentialAction\":[{\"@type\":\"SearchAction\",\"target\":{\"@type\":\"EntryPoint\",\"urlTemplate\":\"https:\\\/\\\/www.ohis.be\\\/?s={search_term_string}\"},\"query-input\":{\"@type\":\"PropertyValueSpecification\",\"valueRequired\":true,\"valueName\":\"search_term_string\"}}],\"inLanguage\":\"de\"},{\"@type\":\"Organization\",\"@id\":\"https:\\\/\\\/www.ohis.be\\\/#organization\",\"name\":\"Ohis\",\"url\":\"https:\\\/\\\/www.ohis.be\\\/\",\"logo\":{\"@type\":\"ImageObject\",\"inLanguage\":\"de\",\"@id\":\"https:\\\/\\\/www.ohis.be\\\/#\\\/schema\\\/logo\\\/image\\\/\",\"url\":\"https:\\\/\\\/www.ohis.be\\\/wp-content\\\/uploads\\\/2021\\\/02\\\/logo-ohis-wit.svg\",\"contentUrl\":\"https:\\\/\\\/www.ohis.be\\\/wp-content\\\/uploads\\\/2021\\\/02\\\/logo-ohis-wit.svg\",\"caption\":\"Ohis\"},\"image\":{\"@id\":\"https:\\\/\\\/www.ohis.be\\\/#\\\/schema\\\/logo\\\/image\\\/\"}}]}<\/script>\n<!-- \/ Yoast SEO plugin. -->","yoast_head_json":{"title":"ERGO 360 Handhebelzug - Ohis","robots":{"index":"index","follow":"follow","max-snippet":"max-snippet:-1","max-image-preview":"max-image-preview:large","max-video-preview":"max-video-preview:-1"},"canonical":"https:\/\/www.ohis.be\/de\/produit\/ergo-360-handhebelzug\/","og_locale":"de_DE","og_type":"article","og_title":"ERGO 360 Handhebelzug - Ohis","og_description":"Tragf\u00e4higkeit 750 - 9.000 kg Der YaleERGO 360 \u00ae definiert die Welt der Hebezeuge neu. Durch die Gestaltung seines revolution\u00e4ren Handhebels mit integriertem Klappgriff ist ein effizientes Arbeiten in jedem beliebigen Winkel, sowohl bei Hub-, als auch bei Zuganwendungen m\u00f6glich. Durch die ergonomische und sicherheitsf\u00f6rdernde Gestaltung des YaleERGO 360 \u00ae kann der Bediener bis zu 12-mal schneller arbeiten und kommt dabei mit bis zu 30 % weniger Hubkraft aus.  HANDHEBEL MIT INTEGRIERTEM KLAPPGRIFF Das Konzept, den Handhebel durch Ausklappen eines Griffs in eine Kurbel zu verwandeln, ist einzigartig und wird den Einsatz von Handhebelz\u00fcgen revolutionieren. Es gew\u00e4hrleistet die ideale Kraft\u00fcbertragung f\u00fcr jeden Einsatzfall und erm\u00f6glicht erstmals einen Arbeitsbereich von 360\u00b0, wodurch die Produktivit\u00e4t gesteigert und das Verletzungsrisiko f\u00fcr den Bediener gesenkt wird.  ANZEIGE DER BEDIENRICHTUNG IM HEBEL Ein Sichtfenster im Handhebel zeigt dem Anwender durch Pfeil-Symbole eindeutig die gew\u00e4hlte Arbeitsrichtung. Das Aktivieren der Freischaltung wird durch den Buchstaben \u201eN\u201c, f\u00fcr Neutral angezeigt.  LEICHTG\u00c4NGIGE KETTENFREISCHALTUNG Schnelles Anschlagen der Last bzw. Durchziehen des Laststranges (Hakenseite) ist auch bei einh\u00e4ndiger Bedienung m\u00f6glich. Die Konstruktion des Kettenfreischaltungshebels verhindert ein versehentliches Freischalten unter Last. Das gegossene Kettenendst\u00fcck erm\u00f6glicht einfaches und sicheres Greifen der Kette f\u00fcr das Positionieren im Freischaltmodus und verhindert, dass die Kette ins Geh\u00e4use eindringen und das Ger\u00e4t blockieren kann.  ZUVERL\u00c4SSIGE LASTF\u00dcHRUNG Die gekapselte Lastdruckbremse bleibt frei von Verschmutzungen und N\u00e4sse, was eine pr\u00e4zise Lastpositionierung erm\u00f6glicht.  HOHE LEBENSDAUER Auch bei intensivem Einsatz \u00fcberzeugt der YaleERGO360 mit seinem leichten, hochfesten Aluminiumgeh\u00e4use und hochwertigen Lagern. Die best\u00e4ndige, hochwertige Pulverbeschichtung der Oberfl\u00e4che bietet zus\u00e4tzlichen Schutz bei rauen Umgebungsbedingungen.  EXZELLENTER KORROSIONSSCHUTZ Die Kettenf\u00fchrung und der Kettenabstreifer sind aus robustem Temperguss und zum Schutz vor Korrosion zus\u00e4tzlich verzinkt  EINFACH ZU WARTENDE DREHBARE HAKEN Geschmiedete Haken und gegossene Sicherheitsb\u00fcgel bieten eine zuverl\u00e4ssige und sichere Lastaufnahme. Die verschraubten Hakenkupplungen erm\u00f6glichen eine einfache Wartung","og_url":"https:\/\/www.ohis.be\/de\/produit\/ergo-360-handhebelzug\/","og_site_name":"Ohis","article_modified_time":"2023-03-24T08:32:02+00:00","og_image":[{"width":300,"height":300,"url":"https:\/\/www.ohis.be\/wp-content\/uploads\/2022\/12\/ERGO360_MINI.jpg","type":"image\/jpeg"}],"twitter_card":"summary_large_image","twitter_misc":{"Gesch\u00e4tzte Lesezeit":"2\u00a0Minuten"},"schema":{"@context":"https:\/\/schema.org","@graph":[{"@type":"WebPage","@id":"https:\/\/www.ohis.be\/de\/produit\/ergo-360-handhebelzug\/","url":"https:\/\/www.ohis.be\/de\/produit\/ergo-360-handhebelzug\/","name":"ERGO 360 Handhebelzug - Ohis","isPartOf":{"@id":"https:\/\/www.ohis.be\/#website"},"primaryImageOfPage":{"@id":"https:\/\/www.ohis.be\/de\/produit\/ergo-360-handhebelzug\/#primaryimage"},"image":{"@id":"https:\/\/www.ohis.be\/de\/produit\/ergo-360-handhebelzug\/#primaryimage"},"thumbnailUrl":"https:\/\/www.ohis.be\/wp-content\/uploads\/2022\/12\/ERGO360_MINI.jpg","datePublished":"2022-12-12T13:59:02+00:00","dateModified":"2023-03-24T08:32:02+00:00","breadcrumb":{"@id":"https:\/\/www.ohis.be\/de\/produit\/ergo-360-handhebelzug\/#breadcrumb"},"inLanguage":"de","potentialAction":[{"@type":"ReadAction","target":["https:\/\/www.ohis.be\/de\/produit\/ergo-360-handhebelzug\/"]}]},{"@type":"ImageObject","inLanguage":"de","@id":"https:\/\/www.ohis.be\/de\/produit\/ergo-360-handhebelzug\/#primaryimage","url":"https:\/\/www.ohis.be\/wp-content\/uploads\/2022\/12\/ERGO360_MINI.jpg","contentUrl":"https:\/\/www.ohis.be\/wp-content\/uploads\/2022\/12\/ERGO360_MINI.jpg","width":300,"height":300},{"@type":"BreadcrumbList","@id":"https:\/\/www.ohis.be\/de\/produit\/ergo-360-handhebelzug\/#breadcrumb","itemListElement":[{"@type":"ListItem","position":1,"name":"Accueil","item":"https:\/\/www.ohis.be\/de\/"},{"@type":"ListItem","position":2,"name":"Produkte","item":"https:\/\/www.ohis.be\/de\/produkte\/"},{"@type":"ListItem","position":3,"name":"ERGO 360 Handhebelzug"}]},{"@type":"WebSite","@id":"https:\/\/www.ohis.be\/#website","url":"https:\/\/www.ohis.be\/","name":"Ohis","description":"Outils de levage","publisher":{"@id":"https:\/\/www.ohis.be\/#organization"},"potentialAction":[{"@type":"SearchAction","target":{"@type":"EntryPoint","urlTemplate":"https:\/\/www.ohis.be\/?s={search_term_string}"},"query-input":{"@type":"PropertyValueSpecification","valueRequired":true,"valueName":"search_term_string"}}],"inLanguage":"de"},{"@type":"Organization","@id":"https:\/\/www.ohis.be\/#organization","name":"Ohis","url":"https:\/\/www.ohis.be\/","logo":{"@type":"ImageObject","inLanguage":"de","@id":"https:\/\/www.ohis.be\/#\/schema\/logo\/image\/","url":"https:\/\/www.ohis.be\/wp-content\/uploads\/2021\/02\/logo-ohis-wit.svg","contentUrl":"https:\/\/www.ohis.be\/wp-content\/uploads\/2021\/02\/logo-ohis-wit.svg","caption":"Ohis"},"image":{"@id":"https:\/\/www.ohis.be\/#\/schema\/logo\/image\/"}}]}},"_links":{"self":[{"href":"https:\/\/www.ohis.be\/de\/wp-json\/wp\/v2\/product\/18409","targetHints":{"allow":["GET"]}}],"collection":[{"href":"https:\/\/www.ohis.be\/de\/wp-json\/wp\/v2\/product"}],"about":[{"href":"https:\/\/www.ohis.be\/de\/wp-json\/wp\/v2\/types\/product"}],"wp:featuredmedia":[{"embeddable":true,"href":"https:\/\/www.ohis.be\/de\/wp-json\/wp\/v2\/media\/23974"}],"wp:attachment":[{"href":"https:\/\/www.ohis.be\/de\/wp-json\/wp\/v2\/media?parent=18409"}],"wp:term":[{"taxonomy":"product_brand","embeddable":true,"href":"https:\/\/www.ohis.be\/de\/wp-json\/wp\/v2\/product_brand?post=18409"},{"taxonomy":"product_cat","embeddable":true,"href":"https:\/\/www.ohis.be\/de\/wp-json\/wp\/v2\/product_cat?post=18409"},{"taxonomy":"product_tag","embeddable":true,"href":"https:\/\/www.ohis.be\/de\/wp-json\/wp\/v2\/product_tag?post=18409"}],"curies":[{"name":"wp","href":"https:\/\/api.w.org\/{rel}","templated":true}]}}