{"id":18396,"date":"2022-12-12T15:13:23","date_gmt":"2022-12-12T14:13:23","guid":{"rendered":"https:\/\/www.ohis.be\/produit\/360-ut-handhebelzug-mit-fangvorrichtung\/"},"modified":"2023-03-24T09:31:03","modified_gmt":"2023-03-24T08:31:03","slug":"360-ut-handhebelzug-mit-fangvorrichtung","status":"publish","type":"product","link":"https:\/\/www.ohis.be\/de\/produit\/360-ut-handhebelzug-mit-fangvorrichtung\/","title":{"rendered":"360 UT Handhebelzug mit Fangvorrichtung"},"content":{"rendered":"<p>Tragf\u00e4higkeit 1.500 &#8211; 9.000 kg<br \/>\nDer YaleERGO 360 \u00ae UT definiert die Welt der Hebezeuge nun auch f\u00fcr den Freileitungsbau neu; die zum Patent angemeldete, automatisch wirkende Fangvorrichtung erh\u00f6ht die Anwendungssicherheit erneut.<br \/>\nAuch hier erm\u00f6glichen die ergonomische und sicherheitsf\u00f6rdernde Gestaltung des Ger\u00e4tes und der revolution\u00e4re, patentierte Handhebel ein effizientes Arbeiten in jedem beliebigen Winkel, bei Hub- und Zuganwendungen.<\/p>\n<p>Ausstattung und Verarbeitung<\/p>\n<p>Automatisch wirkende Fangvorrichtung<\/p>\n<p>Der YaleERGO 360\u00ae UT verf\u00fcgt \u00fcber eine einzigartige, automatisch verriegelnde Fangvorrichtung zur Vermeidung eines pl\u00f6tzlichen Lastabsturzes (zum Patent angemeldet). Sie gew\u00e4hrleistet eine permanente \u00dcberwachung und ist sowohl w\u00e4hrend der Bedienung, als auch w\u00e4hrend inaktiven Phasen ohne Zutun des Bedieners aktiv. Im Notfall, also nach Ausfall der Betriebs-\/Lastdruckbremse und dem daraus folgenden \u00dcberschreiten einer festgelegten Geschwindigkeit, wird die Fangvorrichtung automatisch aktiviert. Sie fangt die Last sicher ab und verhindert somit die Entstehung gr\u00f6\u00dferer dynamischer Krafte, die weitergehende Besch\u00e4digungen verursachen k\u00f6nnten. Durch eigensicheres Design verbleibt das Ger\u00e4t auch im Falle eines Fehlers (z.B. festgerostete Sperrhaken, gebrochene Federn oder sonstige Einfl\u00fcsse wie Grundkorrosion oder Schmutz) im sicheren Zustand.<\/p>\n<p>Exzellenter Korrosionsschutz<\/p>\n<p>Ein f\u00fcr Au\u00dfenanwendungen optimiertes Geh\u00e4use (u. a. seitliche Wasserablauf\u00f6ffnungen) verhindert stehendes Wasser und den Einfluss von Feuchtigkeit bei extremen Bedingungen (z.B. Regen, Tag-\/Nacht Temperaturunterschiede). Au\u00dfenliegende Bauteile wie z.B. die Lastkettenf\u00fchrung und der Kettenstreifer sind verzinkt. Ebenso sind einige der innenliegenden beweglichen Teile wie z.B. die Antriebswelle, die Sperrklinken, das Lastkettenrad und das Sperrrad MKS beschichtet (Zinklamellenbeschichtung).<\/p>\n","protected":false},"excerpt":{"rendered":"<p>Tragf\u00e4higkeit 1.500 &#8211; 9.000 kg<br \/>\nDer YaleERGO 360 \u00ae UT definiert die Welt der Hebezeuge nun auch f\u00fcr den Freileitungsbau neu; die zum Patent angemeldete, automatisch wirkende Fangvorrichtung erh\u00f6ht die Anwendungssicherheit erneut.<br \/>\nAuch hier erm\u00f6glichen die ergonomische und sicherheitsf\u00f6rdernde Gestaltung des Ger\u00e4tes und der revolution\u00e4re, patentierte Handhebel ein effizientes Arbeiten in jedem beliebigen Winkel, bei Hub- und Zuganwendungen.<\/p>\n<p>Ausstattung und Verarbeitung<\/p>\n<p>Automatisch wirkende Fangvorrichtung<\/p>\n<p>Der YaleERGO 360\u00ae UT verf\u00fcgt \u00fcber eine einzigartige, automatisch verriegelnde Fangvorrichtung zur Vermeidung eines pl\u00f6tzlichen Lastabsturzes (zum Patent angemeldet). Sie gew\u00e4hrleistet eine permanente \u00dcberwachung und ist sowohl w\u00e4hrend der Bedienung, als auch w\u00e4hrend inaktiven Phasen ohne Zutun des Bedieners aktiv. Im Notfall, also nach Ausfall der Betriebs-\/Lastdruckbremse und dem daraus folgenden \u00dcberschreiten einer festgelegten Geschwindigkeit, wird die Fangvorrichtung automatisch aktiviert. Sie fangt die Last sicher ab und verhindert somit die Entstehung gr\u00f6\u00dferer dynamischer Krafte, die weitergehende Besch\u00e4digungen verursachen k\u00f6nnten. Durch eigensicheres Design verbleibt das Ger\u00e4t auch im Falle eines Fehlers (z.B. festgerostete Sperrhaken, gebrochene Federn oder sonstige Einfl\u00fcsse wie Grundkorrosion oder Schmutz) im sicheren Zustand.<\/p>\n<p>Exzellenter Korrosionsschutz<\/p>\n<p>Ein f\u00fcr Au\u00dfenanwendungen optimiertes Geh\u00e4use (u. a. seitliche Wasserablauf\u00f6ffnungen) verhindert stehendes Wasser und den Einfluss von Feuchtigkeit bei extremen Bedingungen (z.B. Regen, Tag-\/Nacht Temperaturunterschiede). Au\u00dfenliegende Bauteile wie z.B. die Lastkettenf\u00fchrung und der Kettenstreifer sind verzinkt. Ebenso sind einige der innenliegenden beweglichen Teile wie z.B. die Antriebswelle, die Sperrklinken, das Lastkettenrad und das Sperrrad MKS beschichtet (Zinklamellenbeschichtung).<\/p>\n","protected":false},"featured_media":23938,"template":"","meta":{"_acf_changed":false,"inline_featured_image":false},"product_brand":[],"product_cat":[356],"product_tag":[705],"class_list":{"0":"post-18396","1":"product","2":"type-product","3":"status-publish","4":"has-post-thumbnail","6":"product_cat-handhebezeug","7":"product_tag-yale-de","8":"yith_product_brand-yale-de","10":"first","11":"onbackorder","12":"taxable","13":"shipping-taxable","14":"purchasable","15":"product-type-variable"},"acf":[],"yoast_head":"<!-- This site is optimized with the Yoast SEO plugin v27.4 - https:\/\/yoast.com\/product\/yoast-seo-wordpress\/ -->\n<title>360 UT Handhebelzug mit Fangvorrichtung - Ohis<\/title>\n<meta name=\"robots\" content=\"index, follow, max-snippet:-1, max-image-preview:large, max-video-preview:-1\" \/>\n<link rel=\"canonical\" href=\"https:\/\/www.ohis.be\/de\/produit\/360-ut-handhebelzug-mit-fangvorrichtung\/\" \/>\n<meta property=\"og:locale\" content=\"de_DE\" \/>\n<meta property=\"og:type\" content=\"article\" \/>\n<meta property=\"og:title\" content=\"360 UT Handhebelzug mit Fangvorrichtung - Ohis\" \/>\n<meta property=\"og:description\" content=\"Tragf\u00e4higkeit 1.500 - 9.000 kg Der YaleERGO 360 \u00ae UT definiert die Welt der Hebezeuge nun auch f\u00fcr den Freileitungsbau neu; die zum Patent angemeldete, automatisch wirkende Fangvorrichtung erh\u00f6ht die Anwendungssicherheit erneut. Auch hier erm\u00f6glichen die ergonomische und sicherheitsf\u00f6rdernde Gestaltung des Ger\u00e4tes und der revolution\u00e4re, patentierte Handhebel ein effizientes Arbeiten in jedem beliebigen Winkel, bei Hub- und Zuganwendungen.  Ausstattung und Verarbeitung  Automatisch wirkende Fangvorrichtung  Der YaleERGO 360\u00ae UT verf\u00fcgt \u00fcber eine einzigartige, automatisch verriegelnde Fangvorrichtung zur Vermeidung eines pl\u00f6tzlichen Lastabsturzes (zum Patent angemeldet). Sie gew\u00e4hrleistet eine permanente \u00dcberwachung und ist sowohl w\u00e4hrend der Bedienung, als auch w\u00e4hrend inaktiven Phasen ohne Zutun des Bedieners aktiv. Im Notfall, also nach Ausfall der Betriebs-\/Lastdruckbremse und dem daraus folgenden \u00dcberschreiten einer festgelegten Geschwindigkeit, wird die Fangvorrichtung automatisch aktiviert. Sie fangt die Last sicher ab und verhindert somit die Entstehung gr\u00f6\u00dferer dynamischer Krafte, die weitergehende Besch\u00e4digungen verursachen k\u00f6nnten. Durch eigensicheres Design verbleibt das Ger\u00e4t auch im Falle eines Fehlers (z.B. festgerostete Sperrhaken, gebrochene Federn oder sonstige Einfl\u00fcsse wie Grundkorrosion oder Schmutz) im sicheren Zustand.  Exzellenter Korrosionsschutz  Ein f\u00fcr Au\u00dfenanwendungen optimiertes Geh\u00e4use (u. a. seitliche Wasserablauf\u00f6ffnungen) verhindert stehendes Wasser und den Einfluss von Feuchtigkeit bei extremen Bedingungen (z.B. Regen, Tag-\/Nacht Temperaturunterschiede). Au\u00dfenliegende Bauteile wie z.B. die Lastkettenf\u00fchrung und der Kettenstreifer sind verzinkt. Ebenso sind einige der innenliegenden beweglichen Teile wie z.B. die Antriebswelle, die Sperrklinken, das Lastkettenrad und das Sperrrad MKS beschichtet (Zinklamellenbeschichtung).\" \/>\n<meta property=\"og:url\" content=\"https:\/\/www.ohis.be\/de\/produit\/360-ut-handhebelzug-mit-fangvorrichtung\/\" \/>\n<meta property=\"og:site_name\" content=\"Ohis\" \/>\n<meta property=\"article:modified_time\" content=\"2023-03-24T08:31:03+00:00\" \/>\n<meta property=\"og:image\" content=\"https:\/\/www.ohis.be\/wp-content\/uploads\/2022\/12\/ERGO360UT_MINI.jpg\" \/>\n\t<meta property=\"og:image:width\" content=\"500\" \/>\n\t<meta property=\"og:image:height\" content=\"500\" \/>\n\t<meta property=\"og:image:type\" content=\"image\/jpeg\" \/>\n<meta name=\"twitter:card\" content=\"summary_large_image\" \/>\n<meta name=\"twitter:label1\" content=\"Gesch\u00e4tzte Lesezeit\" \/>\n\t<meta name=\"twitter:data1\" content=\"1\u00a0Minute\" \/>\n<script type=\"application\/ld+json\" class=\"yoast-schema-graph\">{\"@context\":\"https:\\\/\\\/schema.org\",\"@graph\":[{\"@type\":\"WebPage\",\"@id\":\"https:\\\/\\\/www.ohis.be\\\/de\\\/produit\\\/360-ut-handhebelzug-mit-fangvorrichtung\\\/\",\"url\":\"https:\\\/\\\/www.ohis.be\\\/de\\\/produit\\\/360-ut-handhebelzug-mit-fangvorrichtung\\\/\",\"name\":\"360 UT Handhebelzug mit Fangvorrichtung - Ohis\",\"isPartOf\":{\"@id\":\"https:\\\/\\\/www.ohis.be\\\/#website\"},\"primaryImageOfPage\":{\"@id\":\"https:\\\/\\\/www.ohis.be\\\/de\\\/produit\\\/360-ut-handhebelzug-mit-fangvorrichtung\\\/#primaryimage\"},\"image\":{\"@id\":\"https:\\\/\\\/www.ohis.be\\\/de\\\/produit\\\/360-ut-handhebelzug-mit-fangvorrichtung\\\/#primaryimage\"},\"thumbnailUrl\":\"https:\\\/\\\/www.ohis.be\\\/wp-content\\\/uploads\\\/2022\\\/12\\\/ERGO360UT_MINI.jpg\",\"datePublished\":\"2022-12-12T14:13:23+00:00\",\"dateModified\":\"2023-03-24T08:31:03+00:00\",\"breadcrumb\":{\"@id\":\"https:\\\/\\\/www.ohis.be\\\/de\\\/produit\\\/360-ut-handhebelzug-mit-fangvorrichtung\\\/#breadcrumb\"},\"inLanguage\":\"de\",\"potentialAction\":[{\"@type\":\"ReadAction\",\"target\":[\"https:\\\/\\\/www.ohis.be\\\/de\\\/produit\\\/360-ut-handhebelzug-mit-fangvorrichtung\\\/\"]}]},{\"@type\":\"ImageObject\",\"inLanguage\":\"de\",\"@id\":\"https:\\\/\\\/www.ohis.be\\\/de\\\/produit\\\/360-ut-handhebelzug-mit-fangvorrichtung\\\/#primaryimage\",\"url\":\"https:\\\/\\\/www.ohis.be\\\/wp-content\\\/uploads\\\/2022\\\/12\\\/ERGO360UT_MINI.jpg\",\"contentUrl\":\"https:\\\/\\\/www.ohis.be\\\/wp-content\\\/uploads\\\/2022\\\/12\\\/ERGO360UT_MINI.jpg\",\"width\":500,\"height\":500},{\"@type\":\"BreadcrumbList\",\"@id\":\"https:\\\/\\\/www.ohis.be\\\/de\\\/produit\\\/360-ut-handhebelzug-mit-fangvorrichtung\\\/#breadcrumb\",\"itemListElement\":[{\"@type\":\"ListItem\",\"position\":1,\"name\":\"Accueil\",\"item\":\"https:\\\/\\\/www.ohis.be\\\/de\\\/\"},{\"@type\":\"ListItem\",\"position\":2,\"name\":\"Produkte\",\"item\":\"https:\\\/\\\/www.ohis.be\\\/de\\\/produkte\\\/\"},{\"@type\":\"ListItem\",\"position\":3,\"name\":\"360 UT Handhebelzug mit Fangvorrichtung\"}]},{\"@type\":\"WebSite\",\"@id\":\"https:\\\/\\\/www.ohis.be\\\/#website\",\"url\":\"https:\\\/\\\/www.ohis.be\\\/\",\"name\":\"Ohis\",\"description\":\"Outils de levage\",\"publisher\":{\"@id\":\"https:\\\/\\\/www.ohis.be\\\/#organization\"},\"potentialAction\":[{\"@type\":\"SearchAction\",\"target\":{\"@type\":\"EntryPoint\",\"urlTemplate\":\"https:\\\/\\\/www.ohis.be\\\/?s={search_term_string}\"},\"query-input\":{\"@type\":\"PropertyValueSpecification\",\"valueRequired\":true,\"valueName\":\"search_term_string\"}}],\"inLanguage\":\"de\"},{\"@type\":\"Organization\",\"@id\":\"https:\\\/\\\/www.ohis.be\\\/#organization\",\"name\":\"Ohis\",\"url\":\"https:\\\/\\\/www.ohis.be\\\/\",\"logo\":{\"@type\":\"ImageObject\",\"inLanguage\":\"de\",\"@id\":\"https:\\\/\\\/www.ohis.be\\\/#\\\/schema\\\/logo\\\/image\\\/\",\"url\":\"https:\\\/\\\/www.ohis.be\\\/wp-content\\\/uploads\\\/2021\\\/02\\\/logo-ohis-wit.svg\",\"contentUrl\":\"https:\\\/\\\/www.ohis.be\\\/wp-content\\\/uploads\\\/2021\\\/02\\\/logo-ohis-wit.svg\",\"caption\":\"Ohis\"},\"image\":{\"@id\":\"https:\\\/\\\/www.ohis.be\\\/#\\\/schema\\\/logo\\\/image\\\/\"}}]}<\/script>\n<!-- \/ Yoast SEO plugin. -->","yoast_head_json":{"title":"360 UT Handhebelzug mit Fangvorrichtung - Ohis","robots":{"index":"index","follow":"follow","max-snippet":"max-snippet:-1","max-image-preview":"max-image-preview:large","max-video-preview":"max-video-preview:-1"},"canonical":"https:\/\/www.ohis.be\/de\/produit\/360-ut-handhebelzug-mit-fangvorrichtung\/","og_locale":"de_DE","og_type":"article","og_title":"360 UT Handhebelzug mit Fangvorrichtung - Ohis","og_description":"Tragf\u00e4higkeit 1.500 - 9.000 kg Der YaleERGO 360 \u00ae UT definiert die Welt der Hebezeuge nun auch f\u00fcr den Freileitungsbau neu; die zum Patent angemeldete, automatisch wirkende Fangvorrichtung erh\u00f6ht die Anwendungssicherheit erneut. Auch hier erm\u00f6glichen die ergonomische und sicherheitsf\u00f6rdernde Gestaltung des Ger\u00e4tes und der revolution\u00e4re, patentierte Handhebel ein effizientes Arbeiten in jedem beliebigen Winkel, bei Hub- und Zuganwendungen.  Ausstattung und Verarbeitung  Automatisch wirkende Fangvorrichtung  Der YaleERGO 360\u00ae UT verf\u00fcgt \u00fcber eine einzigartige, automatisch verriegelnde Fangvorrichtung zur Vermeidung eines pl\u00f6tzlichen Lastabsturzes (zum Patent angemeldet). Sie gew\u00e4hrleistet eine permanente \u00dcberwachung und ist sowohl w\u00e4hrend der Bedienung, als auch w\u00e4hrend inaktiven Phasen ohne Zutun des Bedieners aktiv. Im Notfall, also nach Ausfall der Betriebs-\/Lastdruckbremse und dem daraus folgenden \u00dcberschreiten einer festgelegten Geschwindigkeit, wird die Fangvorrichtung automatisch aktiviert. Sie fangt die Last sicher ab und verhindert somit die Entstehung gr\u00f6\u00dferer dynamischer Krafte, die weitergehende Besch\u00e4digungen verursachen k\u00f6nnten. Durch eigensicheres Design verbleibt das Ger\u00e4t auch im Falle eines Fehlers (z.B. festgerostete Sperrhaken, gebrochene Federn oder sonstige Einfl\u00fcsse wie Grundkorrosion oder Schmutz) im sicheren Zustand.  Exzellenter Korrosionsschutz  Ein f\u00fcr Au\u00dfenanwendungen optimiertes Geh\u00e4use (u. a. seitliche Wasserablauf\u00f6ffnungen) verhindert stehendes Wasser und den Einfluss von Feuchtigkeit bei extremen Bedingungen (z.B. Regen, Tag-\/Nacht Temperaturunterschiede). Au\u00dfenliegende Bauteile wie z.B. die Lastkettenf\u00fchrung und der Kettenstreifer sind verzinkt. Ebenso sind einige der innenliegenden beweglichen Teile wie z.B. die Antriebswelle, die Sperrklinken, das Lastkettenrad und das Sperrrad MKS beschichtet (Zinklamellenbeschichtung).","og_url":"https:\/\/www.ohis.be\/de\/produit\/360-ut-handhebelzug-mit-fangvorrichtung\/","og_site_name":"Ohis","article_modified_time":"2023-03-24T08:31:03+00:00","og_image":[{"width":500,"height":500,"url":"https:\/\/www.ohis.be\/wp-content\/uploads\/2022\/12\/ERGO360UT_MINI.jpg","type":"image\/jpeg"}],"twitter_card":"summary_large_image","twitter_misc":{"Gesch\u00e4tzte Lesezeit":"1\u00a0Minute"},"schema":{"@context":"https:\/\/schema.org","@graph":[{"@type":"WebPage","@id":"https:\/\/www.ohis.be\/de\/produit\/360-ut-handhebelzug-mit-fangvorrichtung\/","url":"https:\/\/www.ohis.be\/de\/produit\/360-ut-handhebelzug-mit-fangvorrichtung\/","name":"360 UT Handhebelzug mit Fangvorrichtung - Ohis","isPartOf":{"@id":"https:\/\/www.ohis.be\/#website"},"primaryImageOfPage":{"@id":"https:\/\/www.ohis.be\/de\/produit\/360-ut-handhebelzug-mit-fangvorrichtung\/#primaryimage"},"image":{"@id":"https:\/\/www.ohis.be\/de\/produit\/360-ut-handhebelzug-mit-fangvorrichtung\/#primaryimage"},"thumbnailUrl":"https:\/\/www.ohis.be\/wp-content\/uploads\/2022\/12\/ERGO360UT_MINI.jpg","datePublished":"2022-12-12T14:13:23+00:00","dateModified":"2023-03-24T08:31:03+00:00","breadcrumb":{"@id":"https:\/\/www.ohis.be\/de\/produit\/360-ut-handhebelzug-mit-fangvorrichtung\/#breadcrumb"},"inLanguage":"de","potentialAction":[{"@type":"ReadAction","target":["https:\/\/www.ohis.be\/de\/produit\/360-ut-handhebelzug-mit-fangvorrichtung\/"]}]},{"@type":"ImageObject","inLanguage":"de","@id":"https:\/\/www.ohis.be\/de\/produit\/360-ut-handhebelzug-mit-fangvorrichtung\/#primaryimage","url":"https:\/\/www.ohis.be\/wp-content\/uploads\/2022\/12\/ERGO360UT_MINI.jpg","contentUrl":"https:\/\/www.ohis.be\/wp-content\/uploads\/2022\/12\/ERGO360UT_MINI.jpg","width":500,"height":500},{"@type":"BreadcrumbList","@id":"https:\/\/www.ohis.be\/de\/produit\/360-ut-handhebelzug-mit-fangvorrichtung\/#breadcrumb","itemListElement":[{"@type":"ListItem","position":1,"name":"Accueil","item":"https:\/\/www.ohis.be\/de\/"},{"@type":"ListItem","position":2,"name":"Produkte","item":"https:\/\/www.ohis.be\/de\/produkte\/"},{"@type":"ListItem","position":3,"name":"360 UT Handhebelzug mit Fangvorrichtung"}]},{"@type":"WebSite","@id":"https:\/\/www.ohis.be\/#website","url":"https:\/\/www.ohis.be\/","name":"Ohis","description":"Outils de levage","publisher":{"@id":"https:\/\/www.ohis.be\/#organization"},"potentialAction":[{"@type":"SearchAction","target":{"@type":"EntryPoint","urlTemplate":"https:\/\/www.ohis.be\/?s={search_term_string}"},"query-input":{"@type":"PropertyValueSpecification","valueRequired":true,"valueName":"search_term_string"}}],"inLanguage":"de"},{"@type":"Organization","@id":"https:\/\/www.ohis.be\/#organization","name":"Ohis","url":"https:\/\/www.ohis.be\/","logo":{"@type":"ImageObject","inLanguage":"de","@id":"https:\/\/www.ohis.be\/#\/schema\/logo\/image\/","url":"https:\/\/www.ohis.be\/wp-content\/uploads\/2021\/02\/logo-ohis-wit.svg","contentUrl":"https:\/\/www.ohis.be\/wp-content\/uploads\/2021\/02\/logo-ohis-wit.svg","caption":"Ohis"},"image":{"@id":"https:\/\/www.ohis.be\/#\/schema\/logo\/image\/"}}]}},"_links":{"self":[{"href":"https:\/\/www.ohis.be\/de\/wp-json\/wp\/v2\/product\/18396","targetHints":{"allow":["GET"]}}],"collection":[{"href":"https:\/\/www.ohis.be\/de\/wp-json\/wp\/v2\/product"}],"about":[{"href":"https:\/\/www.ohis.be\/de\/wp-json\/wp\/v2\/types\/product"}],"wp:featuredmedia":[{"embeddable":true,"href":"https:\/\/www.ohis.be\/de\/wp-json\/wp\/v2\/media\/23938"}],"wp:attachment":[{"href":"https:\/\/www.ohis.be\/de\/wp-json\/wp\/v2\/media?parent=18396"}],"wp:term":[{"taxonomy":"product_brand","embeddable":true,"href":"https:\/\/www.ohis.be\/de\/wp-json\/wp\/v2\/product_brand?post=18396"},{"taxonomy":"product_cat","embeddable":true,"href":"https:\/\/www.ohis.be\/de\/wp-json\/wp\/v2\/product_cat?post=18396"},{"taxonomy":"product_tag","embeddable":true,"href":"https:\/\/www.ohis.be\/de\/wp-json\/wp\/v2\/product_tag?post=18396"}],"curies":[{"name":"wp","href":"https:\/\/api.w.org\/{rel}","templated":true}]}}