{"id":18370,"date":"2022-12-12T15:51:37","date_gmt":"2022-12-12T14:51:37","guid":{"rendered":"https:\/\/www.ohis.be\/produit\/pt-series-a-handhebelzug\/"},"modified":"2023-03-24T09:29:12","modified_gmt":"2023-03-24T08:29:12","slug":"pt-series-a-handhebelzug","status":"publish","type":"product","link":"https:\/\/www.ohis.be\/de\/produit\/pt-series-a-handhebelzug\/","title":{"rendered":"PT Series A Handhebelzug"},"content":{"rendered":"<p>Tragf\u00e4higkeit 800 &#8211; 6.300 kg<br \/>\nDer Yale PT-A ist die Weiterentwicklung unseres bew\u00e4hrten Handhebelzuges PT f\u00fcr den allt\u00e4glichen Einsatz, besonders unter extremen Bedingungen. Das verbesserte Design des robusten Metall-Handrades sorgt daf\u00fcr, dass die innenliegenden Bauteile vor dem Eindringen von Wasser und\/oder Fremdk\u00f6rpern besser gesch\u00fctzt sind.<br \/>\nDie neu gestaltete Form der Haken und Sicherheitsb\u00fcgel verhindert ein seitliches Herausrutschen des Sicherheitsb\u00fcgels, auch bei rauem Einsatz. Erheblich verbessert werden konnte der Yale PT-A 1600 durch die Verk\u00fcrzung des Handhebels um 30 %. Hierdurch wurde die Handhabung deutlich optimiert.<\/p>\n<p>ANWENDERFREUNDLICHKEIT<br \/>\nGeringer Kraftaufwand am Handhebel durch optimierte Getriebe\u00fcbersetzung und verbesserte Lagerung im Geh\u00e4usedeckel.<\/p>\n<p>LASTDRUCKBREMSE<br \/>\nAuch heute noch wird die auf das Prinzip des Patentes von Thomas Weston von 1875 zur\u00fcckgehende Lastbremse in unseren manuellen Hebezeugen verwendet.<\/p>\n<p>ROBUSTES STAHLBLECHGEH\u00c4USE<br \/>\nH\u00e4lt harter Beanspruchung auch im Aussenbereich stand.<\/p>\n<p>ZUVERL\u00c4SSIGE LASTKETTENF\u00dcHRUNG<br \/>\nDie Lastkette l\u00e4uft auf dem Lastkettenrad und wird zus\u00e4tzlich \u00fcber die bew\u00e4hrte Lastkettenf\u00fchrung gegen ein unbeabsichtigtes Herausrutschen gesichert.<\/p>\n<p>RUTSCHFESTER GUMMIGRIFF<br \/>\nDer bequeme Gummigriff sorgt f\u00fcr zus\u00e4tzlichen Schutz gegen Abrutschen.<\/p>\n<p>LEICHTG\u00c4NGIGE KETTENFREISCHALTUNG<br \/>\nSchnelles Anschlagen der Last bzw. Durchziehen des Laststranges (Hakenseite), auch bei einh\u00e4ndiger Bedienung. Die Konstruktion des Kettenfreischaltungshebels verhindert ein versehentliches Freischalten unter Last. Das Kettenendst\u00fcck erm\u00f6glicht einfaches und sicheres Greifen der Kette f\u00fcr das Positionieren im Freischaltmodus und verhindert, dass die Kette ins Geh\u00e4use eindringen und das Ger\u00e4t blockieren kann.<\/p>\n<p>ERH\u00d6HTER KORROSIONSSCHUTZ<br \/>\nKettenf\u00fchrung, Kettenstreifer und Teile der Bremse sind verzinkt und gelbchromatiert, das gew\u00e4hrleistet zus\u00e4tzlichen Korrosionsschutz bei Arbeiten in rauen Umgebungen.<\/p>\n<p>EINFACH ZU WARTENDE DREHBARE HAKEN<br \/>\nGeschmiedete Trag- und Lasthaken aus alterungsbest\u00e4ndigem hochlegierten Verg\u00fctungsstahl \u00f6ffnen sich bei \u00dcberlastung ohne zu brechen. Die neu gestalteten Sicherheitsb\u00fcgel verhindern ein seitliches Herausrutschen und sichern somit eine sichere Lastaufnahme.<\/p>\n","protected":false},"excerpt":{"rendered":"<p>Tragf\u00e4higkeit 800 &#8211; 6.300 kg<br \/>\nDer Yale PT-A ist die Weiterentwicklung unseres bew\u00e4hrten Handhebelzuges PT f\u00fcr den allt\u00e4glichen Einsatz, besonders unter extremen Bedingungen. Das verbesserte Design des robusten Metall-Handrades sorgt daf\u00fcr, dass die innenliegenden Bauteile vor dem Eindringen von Wasser und\/oder Fremdk\u00f6rpern besser gesch\u00fctzt sind.<br \/>\nDie neu gestaltete Form der Haken und Sicherheitsb\u00fcgel verhindert ein seitliches Herausrutschen des Sicherheitsb\u00fcgels, auch bei rauem Einsatz. Erheblich verbessert werden konnte der Yale PT-A 1600 durch die Verk\u00fcrzung des Handhebels um 30 %. Hierdurch wurde die Handhabung deutlich optimiert.<\/p>\n<p>ANWENDERFREUNDLICHKEIT<br \/>\nGeringer Kraftaufwand am Handhebel durch optimierte Getriebe\u00fcbersetzung und verbesserte Lagerung im Geh\u00e4usedeckel.<\/p>\n<p>LASTDRUCKBREMSE<br \/>\nAuch heute noch wird die auf das Prinzip des Patentes von Thomas Weston von 1875 zur\u00fcckgehende Lastbremse in unseren manuellen Hebezeugen verwendet.<\/p>\n<p>ROBUSTES STAHLBLECHGEH\u00c4USE<br \/>\nH\u00e4lt harter Beanspruchung auch im Aussenbereich stand.<\/p>\n<p>ZUVERL\u00c4SSIGE LASTKETTENF\u00dcHRUNG<br \/>\nDie Lastkette l\u00e4uft auf dem Lastkettenrad und wird zus\u00e4tzlich \u00fcber die bew\u00e4hrte Lastkettenf\u00fchrung gegen ein unbeabsichtigtes Herausrutschen gesichert.<\/p>\n<p>RUTSCHFESTER GUMMIGRIFF<br \/>\nDer bequeme Gummigriff sorgt f\u00fcr zus\u00e4tzlichen Schutz gegen Abrutschen.<\/p>\n<p>LEICHTG\u00c4NGIGE KETTENFREISCHALTUNG<br \/>\nSchnelles Anschlagen der Last bzw. Durchziehen des Laststranges (Hakenseite), auch bei einh\u00e4ndiger Bedienung. Die Konstruktion des Kettenfreischaltungshebels verhindert ein versehentliches Freischalten unter Last. Das Kettenendst\u00fcck erm\u00f6glicht einfaches und sicheres Greifen der Kette f\u00fcr das Positionieren im Freischaltmodus und verhindert, dass die Kette ins Geh\u00e4use eindringen und das Ger\u00e4t blockieren kann.<\/p>\n<p>ERH\u00d6HTER KORROSIONSSCHUTZ<br \/>\nKettenf\u00fchrung, Kettenstreifer und Teile der Bremse sind verzinkt und gelbchromatiert, das gew\u00e4hrleistet zus\u00e4tzlichen Korrosionsschutz bei Arbeiten in rauen Umgebungen.<\/p>\n<p>EINFACH ZU WARTENDE DREHBARE HAKEN<br \/>\nGeschmiedete Trag- und Lasthaken aus alterungsbest\u00e4ndigem hochlegierten Verg\u00fctungsstahl \u00f6ffnen sich bei \u00dcberlastung ohne zu brechen. Die neu gestalteten Sicherheitsb\u00fcgel verhindern ein seitliches Herausrutschen und sichern somit eine sichere Lastaufnahme.<\/p>\n","protected":false},"featured_media":23990,"template":"","meta":{"_acf_changed":false,"inline_featured_image":false},"product_brand":[],"product_cat":[356],"product_tag":[705],"class_list":{"0":"post-18370","1":"product","2":"type-product","3":"status-publish","4":"has-post-thumbnail","6":"product_cat-handhebezeug","7":"product_tag-yale-de","8":"yith_product_brand-yale-de","10":"first","11":"onbackorder","12":"taxable","13":"shipping-taxable","14":"purchasable","15":"product-type-variable"},"acf":[],"yoast_head":"<!-- This site is optimized with the Yoast SEO plugin v27.4 - https:\/\/yoast.com\/product\/yoast-seo-wordpress\/ -->\n<title>PT Series A Handhebelzug - Ohis<\/title>\n<meta name=\"robots\" content=\"index, follow, max-snippet:-1, max-image-preview:large, max-video-preview:-1\" \/>\n<link rel=\"canonical\" href=\"https:\/\/www.ohis.be\/de\/produit\/pt-series-a-handhebelzug\/\" \/>\n<meta property=\"og:locale\" content=\"de_DE\" \/>\n<meta property=\"og:type\" content=\"article\" \/>\n<meta property=\"og:title\" content=\"PT Series A Handhebelzug - Ohis\" \/>\n<meta property=\"og:description\" content=\"Tragf\u00e4higkeit 800 - 6.300 kg Der Yale PT-A ist die Weiterentwicklung unseres bew\u00e4hrten Handhebelzuges PT f\u00fcr den allt\u00e4glichen Einsatz, besonders unter extremen Bedingungen. Das verbesserte Design des robusten Metall-Handrades sorgt daf\u00fcr, dass die innenliegenden Bauteile vor dem Eindringen von Wasser und\/oder Fremdk\u00f6rpern besser gesch\u00fctzt sind. Die neu gestaltete Form der Haken und Sicherheitsb\u00fcgel verhindert ein seitliches Herausrutschen des Sicherheitsb\u00fcgels, auch bei rauem Einsatz. Erheblich verbessert werden konnte der Yale PT-A 1600 durch die Verk\u00fcrzung des Handhebels um 30 %. Hierdurch wurde die Handhabung deutlich optimiert.  ANWENDERFREUNDLICHKEIT Geringer Kraftaufwand am Handhebel durch optimierte Getriebe\u00fcbersetzung und verbesserte Lagerung im Geh\u00e4usedeckel.  LASTDRUCKBREMSE Auch heute noch wird die auf das Prinzip des Patentes von Thomas Weston von 1875 zur\u00fcckgehende Lastbremse in unseren manuellen Hebezeugen verwendet.  ROBUSTES STAHLBLECHGEH\u00c4USE H\u00e4lt harter Beanspruchung auch im Aussenbereich stand.  ZUVERL\u00c4SSIGE LASTKETTENF\u00dcHRUNG Die Lastkette l\u00e4uft auf dem Lastkettenrad und wird zus\u00e4tzlich \u00fcber die bew\u00e4hrte Lastkettenf\u00fchrung gegen ein unbeabsichtigtes Herausrutschen gesichert.  RUTSCHFESTER GUMMIGRIFF Der bequeme Gummigriff sorgt f\u00fcr zus\u00e4tzlichen Schutz gegen Abrutschen.  LEICHTG\u00c4NGIGE KETTENFREISCHALTUNG Schnelles Anschlagen der Last bzw. Durchziehen des Laststranges (Hakenseite), auch bei einh\u00e4ndiger Bedienung. Die Konstruktion des Kettenfreischaltungshebels verhindert ein versehentliches Freischalten unter Last. Das Kettenendst\u00fcck erm\u00f6glicht einfaches und sicheres Greifen der Kette f\u00fcr das Positionieren im Freischaltmodus und verhindert, dass die Kette ins Geh\u00e4use eindringen und das Ger\u00e4t blockieren kann.  ERH\u00d6HTER KORROSIONSSCHUTZ Kettenf\u00fchrung, Kettenstreifer und Teile der Bremse sind verzinkt und gelbchromatiert, das gew\u00e4hrleistet zus\u00e4tzlichen Korrosionsschutz bei Arbeiten in rauen Umgebungen.  EINFACH ZU WARTENDE DREHBARE HAKEN Geschmiedete Trag- und Lasthaken aus alterungsbest\u00e4ndigem hochlegierten Verg\u00fctungsstahl \u00f6ffnen sich bei \u00dcberlastung ohne zu brechen. Die neu gestalteten Sicherheitsb\u00fcgel verhindern ein seitliches Herausrutschen und sichern somit eine sichere Lastaufnahme.\" \/>\n<meta property=\"og:url\" content=\"https:\/\/www.ohis.be\/de\/produit\/pt-series-a-handhebelzug\/\" \/>\n<meta property=\"og:site_name\" content=\"Ohis\" \/>\n<meta property=\"article:modified_time\" content=\"2023-03-24T08:29:12+00:00\" \/>\n<meta property=\"og:image\" content=\"https:\/\/www.ohis.be\/wp-content\/uploads\/2022\/12\/yale_pt_series_a_MINI.jpg\" \/>\n\t<meta property=\"og:image:width\" content=\"300\" \/>\n\t<meta property=\"og:image:height\" content=\"300\" \/>\n\t<meta property=\"og:image:type\" content=\"image\/jpeg\" \/>\n<meta name=\"twitter:card\" content=\"summary_large_image\" \/>\n<meta name=\"twitter:label1\" content=\"Gesch\u00e4tzte Lesezeit\" \/>\n\t<meta name=\"twitter:data1\" content=\"2\u00a0Minuten\" \/>\n<script type=\"application\/ld+json\" class=\"yoast-schema-graph\">{\"@context\":\"https:\\\/\\\/schema.org\",\"@graph\":[{\"@type\":\"WebPage\",\"@id\":\"https:\\\/\\\/www.ohis.be\\\/de\\\/produit\\\/pt-series-a-handhebelzug\\\/\",\"url\":\"https:\\\/\\\/www.ohis.be\\\/de\\\/produit\\\/pt-series-a-handhebelzug\\\/\",\"name\":\"PT Series A Handhebelzug - Ohis\",\"isPartOf\":{\"@id\":\"https:\\\/\\\/www.ohis.be\\\/#website\"},\"primaryImageOfPage\":{\"@id\":\"https:\\\/\\\/www.ohis.be\\\/de\\\/produit\\\/pt-series-a-handhebelzug\\\/#primaryimage\"},\"image\":{\"@id\":\"https:\\\/\\\/www.ohis.be\\\/de\\\/produit\\\/pt-series-a-handhebelzug\\\/#primaryimage\"},\"thumbnailUrl\":\"https:\\\/\\\/www.ohis.be\\\/wp-content\\\/uploads\\\/2022\\\/12\\\/yale_pt_series_a_MINI.jpg\",\"datePublished\":\"2022-12-12T14:51:37+00:00\",\"dateModified\":\"2023-03-24T08:29:12+00:00\",\"breadcrumb\":{\"@id\":\"https:\\\/\\\/www.ohis.be\\\/de\\\/produit\\\/pt-series-a-handhebelzug\\\/#breadcrumb\"},\"inLanguage\":\"de\",\"potentialAction\":[{\"@type\":\"ReadAction\",\"target\":[\"https:\\\/\\\/www.ohis.be\\\/de\\\/produit\\\/pt-series-a-handhebelzug\\\/\"]}]},{\"@type\":\"ImageObject\",\"inLanguage\":\"de\",\"@id\":\"https:\\\/\\\/www.ohis.be\\\/de\\\/produit\\\/pt-series-a-handhebelzug\\\/#primaryimage\",\"url\":\"https:\\\/\\\/www.ohis.be\\\/wp-content\\\/uploads\\\/2022\\\/12\\\/yale_pt_series_a_MINI.jpg\",\"contentUrl\":\"https:\\\/\\\/www.ohis.be\\\/wp-content\\\/uploads\\\/2022\\\/12\\\/yale_pt_series_a_MINI.jpg\",\"width\":300,\"height\":300},{\"@type\":\"BreadcrumbList\",\"@id\":\"https:\\\/\\\/www.ohis.be\\\/de\\\/produit\\\/pt-series-a-handhebelzug\\\/#breadcrumb\",\"itemListElement\":[{\"@type\":\"ListItem\",\"position\":1,\"name\":\"Accueil\",\"item\":\"https:\\\/\\\/www.ohis.be\\\/de\\\/\"},{\"@type\":\"ListItem\",\"position\":2,\"name\":\"Produkte\",\"item\":\"https:\\\/\\\/www.ohis.be\\\/de\\\/produkte\\\/\"},{\"@type\":\"ListItem\",\"position\":3,\"name\":\"PT Series A Handhebelzug\"}]},{\"@type\":\"WebSite\",\"@id\":\"https:\\\/\\\/www.ohis.be\\\/#website\",\"url\":\"https:\\\/\\\/www.ohis.be\\\/\",\"name\":\"Ohis\",\"description\":\"Outils de levage\",\"publisher\":{\"@id\":\"https:\\\/\\\/www.ohis.be\\\/#organization\"},\"potentialAction\":[{\"@type\":\"SearchAction\",\"target\":{\"@type\":\"EntryPoint\",\"urlTemplate\":\"https:\\\/\\\/www.ohis.be\\\/?s={search_term_string}\"},\"query-input\":{\"@type\":\"PropertyValueSpecification\",\"valueRequired\":true,\"valueName\":\"search_term_string\"}}],\"inLanguage\":\"de\"},{\"@type\":\"Organization\",\"@id\":\"https:\\\/\\\/www.ohis.be\\\/#organization\",\"name\":\"Ohis\",\"url\":\"https:\\\/\\\/www.ohis.be\\\/\",\"logo\":{\"@type\":\"ImageObject\",\"inLanguage\":\"de\",\"@id\":\"https:\\\/\\\/www.ohis.be\\\/#\\\/schema\\\/logo\\\/image\\\/\",\"url\":\"https:\\\/\\\/www.ohis.be\\\/wp-content\\\/uploads\\\/2021\\\/02\\\/logo-ohis-wit.svg\",\"contentUrl\":\"https:\\\/\\\/www.ohis.be\\\/wp-content\\\/uploads\\\/2021\\\/02\\\/logo-ohis-wit.svg\",\"caption\":\"Ohis\"},\"image\":{\"@id\":\"https:\\\/\\\/www.ohis.be\\\/#\\\/schema\\\/logo\\\/image\\\/\"}}]}<\/script>\n<!-- \/ Yoast SEO plugin. -->","yoast_head_json":{"title":"PT Series A Handhebelzug - Ohis","robots":{"index":"index","follow":"follow","max-snippet":"max-snippet:-1","max-image-preview":"max-image-preview:large","max-video-preview":"max-video-preview:-1"},"canonical":"https:\/\/www.ohis.be\/de\/produit\/pt-series-a-handhebelzug\/","og_locale":"de_DE","og_type":"article","og_title":"PT Series A Handhebelzug - Ohis","og_description":"Tragf\u00e4higkeit 800 - 6.300 kg Der Yale PT-A ist die Weiterentwicklung unseres bew\u00e4hrten Handhebelzuges PT f\u00fcr den allt\u00e4glichen Einsatz, besonders unter extremen Bedingungen. Das verbesserte Design des robusten Metall-Handrades sorgt daf\u00fcr, dass die innenliegenden Bauteile vor dem Eindringen von Wasser und\/oder Fremdk\u00f6rpern besser gesch\u00fctzt sind. Die neu gestaltete Form der Haken und Sicherheitsb\u00fcgel verhindert ein seitliches Herausrutschen des Sicherheitsb\u00fcgels, auch bei rauem Einsatz. Erheblich verbessert werden konnte der Yale PT-A 1600 durch die Verk\u00fcrzung des Handhebels um 30 %. Hierdurch wurde die Handhabung deutlich optimiert.  ANWENDERFREUNDLICHKEIT Geringer Kraftaufwand am Handhebel durch optimierte Getriebe\u00fcbersetzung und verbesserte Lagerung im Geh\u00e4usedeckel.  LASTDRUCKBREMSE Auch heute noch wird die auf das Prinzip des Patentes von Thomas Weston von 1875 zur\u00fcckgehende Lastbremse in unseren manuellen Hebezeugen verwendet.  ROBUSTES STAHLBLECHGEH\u00c4USE H\u00e4lt harter Beanspruchung auch im Aussenbereich stand.  ZUVERL\u00c4SSIGE LASTKETTENF\u00dcHRUNG Die Lastkette l\u00e4uft auf dem Lastkettenrad und wird zus\u00e4tzlich \u00fcber die bew\u00e4hrte Lastkettenf\u00fchrung gegen ein unbeabsichtigtes Herausrutschen gesichert.  RUTSCHFESTER GUMMIGRIFF Der bequeme Gummigriff sorgt f\u00fcr zus\u00e4tzlichen Schutz gegen Abrutschen.  LEICHTG\u00c4NGIGE KETTENFREISCHALTUNG Schnelles Anschlagen der Last bzw. Durchziehen des Laststranges (Hakenseite), auch bei einh\u00e4ndiger Bedienung. Die Konstruktion des Kettenfreischaltungshebels verhindert ein versehentliches Freischalten unter Last. Das Kettenendst\u00fcck erm\u00f6glicht einfaches und sicheres Greifen der Kette f\u00fcr das Positionieren im Freischaltmodus und verhindert, dass die Kette ins Geh\u00e4use eindringen und das Ger\u00e4t blockieren kann.  ERH\u00d6HTER KORROSIONSSCHUTZ Kettenf\u00fchrung, Kettenstreifer und Teile der Bremse sind verzinkt und gelbchromatiert, das gew\u00e4hrleistet zus\u00e4tzlichen Korrosionsschutz bei Arbeiten in rauen Umgebungen.  EINFACH ZU WARTENDE DREHBARE HAKEN Geschmiedete Trag- und Lasthaken aus alterungsbest\u00e4ndigem hochlegierten Verg\u00fctungsstahl \u00f6ffnen sich bei \u00dcberlastung ohne zu brechen. Die neu gestalteten Sicherheitsb\u00fcgel verhindern ein seitliches Herausrutschen und sichern somit eine sichere Lastaufnahme.","og_url":"https:\/\/www.ohis.be\/de\/produit\/pt-series-a-handhebelzug\/","og_site_name":"Ohis","article_modified_time":"2023-03-24T08:29:12+00:00","og_image":[{"width":300,"height":300,"url":"https:\/\/www.ohis.be\/wp-content\/uploads\/2022\/12\/yale_pt_series_a_MINI.jpg","type":"image\/jpeg"}],"twitter_card":"summary_large_image","twitter_misc":{"Gesch\u00e4tzte Lesezeit":"2\u00a0Minuten"},"schema":{"@context":"https:\/\/schema.org","@graph":[{"@type":"WebPage","@id":"https:\/\/www.ohis.be\/de\/produit\/pt-series-a-handhebelzug\/","url":"https:\/\/www.ohis.be\/de\/produit\/pt-series-a-handhebelzug\/","name":"PT Series A Handhebelzug - Ohis","isPartOf":{"@id":"https:\/\/www.ohis.be\/#website"},"primaryImageOfPage":{"@id":"https:\/\/www.ohis.be\/de\/produit\/pt-series-a-handhebelzug\/#primaryimage"},"image":{"@id":"https:\/\/www.ohis.be\/de\/produit\/pt-series-a-handhebelzug\/#primaryimage"},"thumbnailUrl":"https:\/\/www.ohis.be\/wp-content\/uploads\/2022\/12\/yale_pt_series_a_MINI.jpg","datePublished":"2022-12-12T14:51:37+00:00","dateModified":"2023-03-24T08:29:12+00:00","breadcrumb":{"@id":"https:\/\/www.ohis.be\/de\/produit\/pt-series-a-handhebelzug\/#breadcrumb"},"inLanguage":"de","potentialAction":[{"@type":"ReadAction","target":["https:\/\/www.ohis.be\/de\/produit\/pt-series-a-handhebelzug\/"]}]},{"@type":"ImageObject","inLanguage":"de","@id":"https:\/\/www.ohis.be\/de\/produit\/pt-series-a-handhebelzug\/#primaryimage","url":"https:\/\/www.ohis.be\/wp-content\/uploads\/2022\/12\/yale_pt_series_a_MINI.jpg","contentUrl":"https:\/\/www.ohis.be\/wp-content\/uploads\/2022\/12\/yale_pt_series_a_MINI.jpg","width":300,"height":300},{"@type":"BreadcrumbList","@id":"https:\/\/www.ohis.be\/de\/produit\/pt-series-a-handhebelzug\/#breadcrumb","itemListElement":[{"@type":"ListItem","position":1,"name":"Accueil","item":"https:\/\/www.ohis.be\/de\/"},{"@type":"ListItem","position":2,"name":"Produkte","item":"https:\/\/www.ohis.be\/de\/produkte\/"},{"@type":"ListItem","position":3,"name":"PT Series A Handhebelzug"}]},{"@type":"WebSite","@id":"https:\/\/www.ohis.be\/#website","url":"https:\/\/www.ohis.be\/","name":"Ohis","description":"Outils de levage","publisher":{"@id":"https:\/\/www.ohis.be\/#organization"},"potentialAction":[{"@type":"SearchAction","target":{"@type":"EntryPoint","urlTemplate":"https:\/\/www.ohis.be\/?s={search_term_string}"},"query-input":{"@type":"PropertyValueSpecification","valueRequired":true,"valueName":"search_term_string"}}],"inLanguage":"de"},{"@type":"Organization","@id":"https:\/\/www.ohis.be\/#organization","name":"Ohis","url":"https:\/\/www.ohis.be\/","logo":{"@type":"ImageObject","inLanguage":"de","@id":"https:\/\/www.ohis.be\/#\/schema\/logo\/image\/","url":"https:\/\/www.ohis.be\/wp-content\/uploads\/2021\/02\/logo-ohis-wit.svg","contentUrl":"https:\/\/www.ohis.be\/wp-content\/uploads\/2021\/02\/logo-ohis-wit.svg","caption":"Ohis"},"image":{"@id":"https:\/\/www.ohis.be\/#\/schema\/logo\/image\/"}}]}},"_links":{"self":[{"href":"https:\/\/www.ohis.be\/de\/wp-json\/wp\/v2\/product\/18370","targetHints":{"allow":["GET"]}}],"collection":[{"href":"https:\/\/www.ohis.be\/de\/wp-json\/wp\/v2\/product"}],"about":[{"href":"https:\/\/www.ohis.be\/de\/wp-json\/wp\/v2\/types\/product"}],"wp:featuredmedia":[{"embeddable":true,"href":"https:\/\/www.ohis.be\/de\/wp-json\/wp\/v2\/media\/23990"}],"wp:attachment":[{"href":"https:\/\/www.ohis.be\/de\/wp-json\/wp\/v2\/media?parent=18370"}],"wp:term":[{"taxonomy":"product_brand","embeddable":true,"href":"https:\/\/www.ohis.be\/de\/wp-json\/wp\/v2\/product_brand?post=18370"},{"taxonomy":"product_cat","embeddable":true,"href":"https:\/\/www.ohis.be\/de\/wp-json\/wp\/v2\/product_cat?post=18370"},{"taxonomy":"product_tag","embeddable":true,"href":"https:\/\/www.ohis.be\/de\/wp-json\/wp\/v2\/product_tag?post=18370"}],"curies":[{"name":"wp","href":"https:\/\/api.w.org\/{rel}","templated":true}]}}