{"id":18357,"date":"2022-12-12T16:01:21","date_gmt":"2022-12-12T15:01:21","guid":{"rendered":"https:\/\/www.ohis.be\/produit\/unoplus-series-a-atex-handhebelzug\/"},"modified":"2023-03-24T09:28:14","modified_gmt":"2023-03-24T08:28:14","slug":"unoplus-series-a-atex-handhebelzug","status":"publish","type":"product","link":"https:\/\/www.ohis.be\/de\/produit\/unoplus-series-a-atex-handhebelzug\/","title":{"rendered":"UNOplus Series A ATEX Handhebelzug"},"content":{"rendered":"<p>Tragf\u00e4higkeit 750 &#8211; 6.000 kg<br \/>\nDer Hebelzug UNOplus Series A ist das Ergebnis technischer Weiterentwicklung des seit Jahren bew\u00e4hrten UNOplus. Das vielseitige Ger\u00e4t zum Heben, Ziehen und Verzurren von Lasten zeichnet sich weiterhin durch seine kompakte Bauweise, die robuste Stahlblech-Konstruktion und die leichtg\u00e4ngige Kettenfreischaltung aus. Das erneut reduzierte Gewicht optimiert die Bedienung, macht die Anwendung noch komfortabler und den UNOplus Series A zu einem handlichen, vielseitig verwendbaren Ger\u00e4t.<br \/>\nAusstattung und Verarbeitung<br \/>\n\u2022 Geringer Kraftaufwand am Handhebel durch optimierte Getriebe\u00fcbersetzung und verbesserte Lagerung im Geh\u00e4usedeckel.<br \/>\n\u2022 Robustes Stahlgeh\u00e4use f\u00fcr harte Beanspruchung auch im Aussenbereich.<br \/>\n\u2022 Geschlossene Lastkettenf\u00fchrung gegen ein unbeabsichtigtes Herausrutschen.<br \/>\n\u2022 Erh\u00f6hter Korrosionsschutz durch verzinkte und gelbchromatierte Kettenf\u00fchrung, Kettenstreifer und Teile der Bremse.<br \/>\n\u2022 Kettenf\u00fchrung, Kettenstreifer und Teile der Bremse mit korrosionsgesch\u00fctzten Bauteilen.<br \/>\n\u2022 Verzinkte Rundstahlkette entsprechend allen g\u00fcltigen nationalen und internationalen Vorschriften.<br \/>\n\u2022 Geschmiedete Trag- und Lasthaken aus alterungsbest\u00e4ndigem hochlegierten Verg\u00fctungsstahl \u00f6ffnen sich bei \u00fcberlastung ohne zu brechen.<\/p>\n","protected":false},"excerpt":{"rendered":"<p>Tragf\u00e4higkeit 750 &#8211; 6.000 kg<br \/>\nDer Hebelzug UNOplus Series A ist das Ergebnis technischer Weiterentwicklung des seit Jahren bew\u00e4hrten UNOplus. Das vielseitige Ger\u00e4t zum Heben, Ziehen und Verzurren von Lasten zeichnet sich weiterhin durch seine kompakte Bauweise, die robuste Stahlblech-Konstruktion und die leichtg\u00e4ngige Kettenfreischaltung aus. Das erneut reduzierte Gewicht optimiert die Bedienung, macht die Anwendung noch komfortabler und den UNOplus Series A zu einem handlichen, vielseitig verwendbaren Ger\u00e4t.<br \/>\nAusstattung und Verarbeitung<br \/>\n\u2022 Geringer Kraftaufwand am Handhebel durch optimierte Getriebe\u00fcbersetzung und verbesserte Lagerung im Geh\u00e4usedeckel.<br \/>\n\u2022 Robustes Stahlgeh\u00e4use f\u00fcr harte Beanspruchung auch im Aussenbereich.<br \/>\n\u2022 Geschlossene Lastkettenf\u00fchrung gegen ein unbeabsichtigtes Herausrutschen.<br \/>\n\u2022 Erh\u00f6hter Korrosionsschutz durch verzinkte und gelbchromatierte Kettenf\u00fchrung, Kettenstreifer und Teile der Bremse.<br \/>\n\u2022 Kettenf\u00fchrung, Kettenstreifer und Teile der Bremse mit korrosionsgesch\u00fctzten Bauteilen.<br \/>\n\u2022 Verzinkte Rundstahlkette entsprechend allen g\u00fcltigen nationalen und internationalen Vorschriften.<br \/>\n\u2022 Geschmiedete Trag- und Lasthaken aus alterungsbest\u00e4ndigem hochlegierten Verg\u00fctungsstahl \u00f6ffnen sich bei \u00fcberlastung ohne zu brechen.<\/p>\n","protected":false},"featured_media":18193,"template":"","meta":{"_acf_changed":false,"inline_featured_image":false},"product_brand":[],"product_cat":[356],"product_tag":[1049,705],"class_list":{"0":"post-18357","1":"product","2":"type-product","3":"status-publish","4":"has-post-thumbnail","6":"product_cat-handhebezeug","7":"product_tag-atex-de","8":"product_tag-yale-de","9":"yith_product_brand-yale-de","11":"first","12":"onbackorder","13":"taxable","14":"shipping-taxable","15":"purchasable","16":"product-type-variable"},"acf":[],"yoast_head":"<!-- This site is optimized with the Yoast SEO plugin v27.4 - https:\/\/yoast.com\/product\/yoast-seo-wordpress\/ -->\n<title>UNOplus Series A ATEX Handhebelzug - Ohis<\/title>\n<meta name=\"robots\" content=\"index, follow, max-snippet:-1, max-image-preview:large, max-video-preview:-1\" \/>\n<link rel=\"canonical\" href=\"https:\/\/www.ohis.be\/de\/produit\/unoplus-series-a-atex-handhebelzug\/\" \/>\n<meta property=\"og:locale\" content=\"de_DE\" \/>\n<meta property=\"og:type\" content=\"article\" \/>\n<meta property=\"og:title\" content=\"UNOplus Series A ATEX Handhebelzug - Ohis\" \/>\n<meta property=\"og:description\" content=\"Tragf\u00e4higkeit 750 - 6.000 kg Der Hebelzug UNOplus Series A ist das Ergebnis technischer Weiterentwicklung des seit Jahren bew\u00e4hrten UNOplus. Das vielseitige Ger\u00e4t zum Heben, Ziehen und Verzurren von Lasten zeichnet sich weiterhin durch seine kompakte Bauweise, die robuste Stahlblech-Konstruktion und die leichtg\u00e4ngige Kettenfreischaltung aus. Das erneut reduzierte Gewicht optimiert die Bedienung, macht die Anwendung noch komfortabler und den UNOplus Series A zu einem handlichen, vielseitig verwendbaren Ger\u00e4t. Ausstattung und Verarbeitung \u2022 Geringer Kraftaufwand am Handhebel durch optimierte Getriebe\u00fcbersetzung und verbesserte Lagerung im Geh\u00e4usedeckel. \u2022 Robustes Stahlgeh\u00e4use f\u00fcr harte Beanspruchung auch im Aussenbereich. \u2022 Geschlossene Lastkettenf\u00fchrung gegen ein unbeabsichtigtes Herausrutschen. \u2022 Erh\u00f6hter Korrosionsschutz durch verzinkte und gelbchromatierte Kettenf\u00fchrung, Kettenstreifer und Teile der Bremse. \u2022 Kettenf\u00fchrung, Kettenstreifer und Teile der Bremse mit korrosionsgesch\u00fctzten Bauteilen. \u2022 Verzinkte Rundstahlkette entsprechend allen g\u00fcltigen nationalen und internationalen Vorschriften. \u2022 Geschmiedete Trag- und Lasthaken aus alterungsbest\u00e4ndigem hochlegierten Verg\u00fctungsstahl \u00f6ffnen sich bei \u00fcberlastung ohne zu brechen.\" \/>\n<meta property=\"og:url\" content=\"https:\/\/www.ohis.be\/de\/produit\/unoplus-series-a-atex-handhebelzug\/\" \/>\n<meta property=\"og:site_name\" content=\"Ohis\" \/>\n<meta property=\"article:modified_time\" content=\"2023-03-24T08:28:14+00:00\" \/>\n<meta property=\"og:image\" content=\"https:\/\/www.ohis.be\/wp-content\/uploads\/2022\/12\/Yale_UNOplus_SeriesA_3000kg.jpg\" \/>\n\t<meta property=\"og:image:width\" content=\"280\" \/>\n\t<meta property=\"og:image:height\" content=\"763\" \/>\n\t<meta property=\"og:image:type\" content=\"image\/jpeg\" \/>\n<meta name=\"twitter:card\" content=\"summary_large_image\" \/>\n<meta name=\"twitter:label1\" content=\"Gesch\u00e4tzte Lesezeit\" \/>\n\t<meta name=\"twitter:data1\" content=\"1\u00a0Minute\" \/>\n<script type=\"application\/ld+json\" class=\"yoast-schema-graph\">{\"@context\":\"https:\\\/\\\/schema.org\",\"@graph\":[{\"@type\":\"WebPage\",\"@id\":\"https:\\\/\\\/www.ohis.be\\\/de\\\/produit\\\/unoplus-series-a-atex-handhebelzug\\\/\",\"url\":\"https:\\\/\\\/www.ohis.be\\\/de\\\/produit\\\/unoplus-series-a-atex-handhebelzug\\\/\",\"name\":\"UNOplus Series A ATEX Handhebelzug - Ohis\",\"isPartOf\":{\"@id\":\"https:\\\/\\\/www.ohis.be\\\/#website\"},\"primaryImageOfPage\":{\"@id\":\"https:\\\/\\\/www.ohis.be\\\/de\\\/produit\\\/unoplus-series-a-atex-handhebelzug\\\/#primaryimage\"},\"image\":{\"@id\":\"https:\\\/\\\/www.ohis.be\\\/de\\\/produit\\\/unoplus-series-a-atex-handhebelzug\\\/#primaryimage\"},\"thumbnailUrl\":\"https:\\\/\\\/www.ohis.be\\\/wp-content\\\/uploads\\\/2022\\\/12\\\/Yale_UNOplus_SeriesA_3000kg.jpg\",\"datePublished\":\"2022-12-12T15:01:21+00:00\",\"dateModified\":\"2023-03-24T08:28:14+00:00\",\"breadcrumb\":{\"@id\":\"https:\\\/\\\/www.ohis.be\\\/de\\\/produit\\\/unoplus-series-a-atex-handhebelzug\\\/#breadcrumb\"},\"inLanguage\":\"de\",\"potentialAction\":[{\"@type\":\"ReadAction\",\"target\":[\"https:\\\/\\\/www.ohis.be\\\/de\\\/produit\\\/unoplus-series-a-atex-handhebelzug\\\/\"]}]},{\"@type\":\"ImageObject\",\"inLanguage\":\"de\",\"@id\":\"https:\\\/\\\/www.ohis.be\\\/de\\\/produit\\\/unoplus-series-a-atex-handhebelzug\\\/#primaryimage\",\"url\":\"https:\\\/\\\/www.ohis.be\\\/wp-content\\\/uploads\\\/2022\\\/12\\\/Yale_UNOplus_SeriesA_3000kg.jpg\",\"contentUrl\":\"https:\\\/\\\/www.ohis.be\\\/wp-content\\\/uploads\\\/2022\\\/12\\\/Yale_UNOplus_SeriesA_3000kg.jpg\",\"width\":280,\"height\":763,\"caption\":\"Yale_UNOplus_SeriesA_3000kg\"},{\"@type\":\"BreadcrumbList\",\"@id\":\"https:\\\/\\\/www.ohis.be\\\/de\\\/produit\\\/unoplus-series-a-atex-handhebelzug\\\/#breadcrumb\",\"itemListElement\":[{\"@type\":\"ListItem\",\"position\":1,\"name\":\"Accueil\",\"item\":\"https:\\\/\\\/www.ohis.be\\\/de\\\/\"},{\"@type\":\"ListItem\",\"position\":2,\"name\":\"Produkte\",\"item\":\"https:\\\/\\\/www.ohis.be\\\/de\\\/produkte\\\/\"},{\"@type\":\"ListItem\",\"position\":3,\"name\":\"UNOplus Series A ATEX Handhebelzug\"}]},{\"@type\":\"WebSite\",\"@id\":\"https:\\\/\\\/www.ohis.be\\\/#website\",\"url\":\"https:\\\/\\\/www.ohis.be\\\/\",\"name\":\"Ohis\",\"description\":\"Outils de levage\",\"publisher\":{\"@id\":\"https:\\\/\\\/www.ohis.be\\\/#organization\"},\"potentialAction\":[{\"@type\":\"SearchAction\",\"target\":{\"@type\":\"EntryPoint\",\"urlTemplate\":\"https:\\\/\\\/www.ohis.be\\\/?s={search_term_string}\"},\"query-input\":{\"@type\":\"PropertyValueSpecification\",\"valueRequired\":true,\"valueName\":\"search_term_string\"}}],\"inLanguage\":\"de\"},{\"@type\":\"Organization\",\"@id\":\"https:\\\/\\\/www.ohis.be\\\/#organization\",\"name\":\"Ohis\",\"url\":\"https:\\\/\\\/www.ohis.be\\\/\",\"logo\":{\"@type\":\"ImageObject\",\"inLanguage\":\"de\",\"@id\":\"https:\\\/\\\/www.ohis.be\\\/#\\\/schema\\\/logo\\\/image\\\/\",\"url\":\"https:\\\/\\\/www.ohis.be\\\/wp-content\\\/uploads\\\/2021\\\/02\\\/logo-ohis-wit.svg\",\"contentUrl\":\"https:\\\/\\\/www.ohis.be\\\/wp-content\\\/uploads\\\/2021\\\/02\\\/logo-ohis-wit.svg\",\"caption\":\"Ohis\"},\"image\":{\"@id\":\"https:\\\/\\\/www.ohis.be\\\/#\\\/schema\\\/logo\\\/image\\\/\"}}]}<\/script>\n<!-- \/ Yoast SEO plugin. -->","yoast_head_json":{"title":"UNOplus Series A ATEX Handhebelzug - Ohis","robots":{"index":"index","follow":"follow","max-snippet":"max-snippet:-1","max-image-preview":"max-image-preview:large","max-video-preview":"max-video-preview:-1"},"canonical":"https:\/\/www.ohis.be\/de\/produit\/unoplus-series-a-atex-handhebelzug\/","og_locale":"de_DE","og_type":"article","og_title":"UNOplus Series A ATEX Handhebelzug - Ohis","og_description":"Tragf\u00e4higkeit 750 - 6.000 kg Der Hebelzug UNOplus Series A ist das Ergebnis technischer Weiterentwicklung des seit Jahren bew\u00e4hrten UNOplus. Das vielseitige Ger\u00e4t zum Heben, Ziehen und Verzurren von Lasten zeichnet sich weiterhin durch seine kompakte Bauweise, die robuste Stahlblech-Konstruktion und die leichtg\u00e4ngige Kettenfreischaltung aus. Das erneut reduzierte Gewicht optimiert die Bedienung, macht die Anwendung noch komfortabler und den UNOplus Series A zu einem handlichen, vielseitig verwendbaren Ger\u00e4t. Ausstattung und Verarbeitung \u2022 Geringer Kraftaufwand am Handhebel durch optimierte Getriebe\u00fcbersetzung und verbesserte Lagerung im Geh\u00e4usedeckel. \u2022 Robustes Stahlgeh\u00e4use f\u00fcr harte Beanspruchung auch im Aussenbereich. \u2022 Geschlossene Lastkettenf\u00fchrung gegen ein unbeabsichtigtes Herausrutschen. \u2022 Erh\u00f6hter Korrosionsschutz durch verzinkte und gelbchromatierte Kettenf\u00fchrung, Kettenstreifer und Teile der Bremse. \u2022 Kettenf\u00fchrung, Kettenstreifer und Teile der Bremse mit korrosionsgesch\u00fctzten Bauteilen. \u2022 Verzinkte Rundstahlkette entsprechend allen g\u00fcltigen nationalen und internationalen Vorschriften. \u2022 Geschmiedete Trag- und Lasthaken aus alterungsbest\u00e4ndigem hochlegierten Verg\u00fctungsstahl \u00f6ffnen sich bei \u00fcberlastung ohne zu brechen.","og_url":"https:\/\/www.ohis.be\/de\/produit\/unoplus-series-a-atex-handhebelzug\/","og_site_name":"Ohis","article_modified_time":"2023-03-24T08:28:14+00:00","og_image":[{"width":280,"height":763,"url":"https:\/\/www.ohis.be\/wp-content\/uploads\/2022\/12\/Yale_UNOplus_SeriesA_3000kg.jpg","type":"image\/jpeg"}],"twitter_card":"summary_large_image","twitter_misc":{"Gesch\u00e4tzte Lesezeit":"1\u00a0Minute"},"schema":{"@context":"https:\/\/schema.org","@graph":[{"@type":"WebPage","@id":"https:\/\/www.ohis.be\/de\/produit\/unoplus-series-a-atex-handhebelzug\/","url":"https:\/\/www.ohis.be\/de\/produit\/unoplus-series-a-atex-handhebelzug\/","name":"UNOplus Series A ATEX Handhebelzug - Ohis","isPartOf":{"@id":"https:\/\/www.ohis.be\/#website"},"primaryImageOfPage":{"@id":"https:\/\/www.ohis.be\/de\/produit\/unoplus-series-a-atex-handhebelzug\/#primaryimage"},"image":{"@id":"https:\/\/www.ohis.be\/de\/produit\/unoplus-series-a-atex-handhebelzug\/#primaryimage"},"thumbnailUrl":"https:\/\/www.ohis.be\/wp-content\/uploads\/2022\/12\/Yale_UNOplus_SeriesA_3000kg.jpg","datePublished":"2022-12-12T15:01:21+00:00","dateModified":"2023-03-24T08:28:14+00:00","breadcrumb":{"@id":"https:\/\/www.ohis.be\/de\/produit\/unoplus-series-a-atex-handhebelzug\/#breadcrumb"},"inLanguage":"de","potentialAction":[{"@type":"ReadAction","target":["https:\/\/www.ohis.be\/de\/produit\/unoplus-series-a-atex-handhebelzug\/"]}]},{"@type":"ImageObject","inLanguage":"de","@id":"https:\/\/www.ohis.be\/de\/produit\/unoplus-series-a-atex-handhebelzug\/#primaryimage","url":"https:\/\/www.ohis.be\/wp-content\/uploads\/2022\/12\/Yale_UNOplus_SeriesA_3000kg.jpg","contentUrl":"https:\/\/www.ohis.be\/wp-content\/uploads\/2022\/12\/Yale_UNOplus_SeriesA_3000kg.jpg","width":280,"height":763,"caption":"Yale_UNOplus_SeriesA_3000kg"},{"@type":"BreadcrumbList","@id":"https:\/\/www.ohis.be\/de\/produit\/unoplus-series-a-atex-handhebelzug\/#breadcrumb","itemListElement":[{"@type":"ListItem","position":1,"name":"Accueil","item":"https:\/\/www.ohis.be\/de\/"},{"@type":"ListItem","position":2,"name":"Produkte","item":"https:\/\/www.ohis.be\/de\/produkte\/"},{"@type":"ListItem","position":3,"name":"UNOplus Series A ATEX Handhebelzug"}]},{"@type":"WebSite","@id":"https:\/\/www.ohis.be\/#website","url":"https:\/\/www.ohis.be\/","name":"Ohis","description":"Outils de levage","publisher":{"@id":"https:\/\/www.ohis.be\/#organization"},"potentialAction":[{"@type":"SearchAction","target":{"@type":"EntryPoint","urlTemplate":"https:\/\/www.ohis.be\/?s={search_term_string}"},"query-input":{"@type":"PropertyValueSpecification","valueRequired":true,"valueName":"search_term_string"}}],"inLanguage":"de"},{"@type":"Organization","@id":"https:\/\/www.ohis.be\/#organization","name":"Ohis","url":"https:\/\/www.ohis.be\/","logo":{"@type":"ImageObject","inLanguage":"de","@id":"https:\/\/www.ohis.be\/#\/schema\/logo\/image\/","url":"https:\/\/www.ohis.be\/wp-content\/uploads\/2021\/02\/logo-ohis-wit.svg","contentUrl":"https:\/\/www.ohis.be\/wp-content\/uploads\/2021\/02\/logo-ohis-wit.svg","caption":"Ohis"},"image":{"@id":"https:\/\/www.ohis.be\/#\/schema\/logo\/image\/"}}]}},"_links":{"self":[{"href":"https:\/\/www.ohis.be\/de\/wp-json\/wp\/v2\/product\/18357","targetHints":{"allow":["GET"]}}],"collection":[{"href":"https:\/\/www.ohis.be\/de\/wp-json\/wp\/v2\/product"}],"about":[{"href":"https:\/\/www.ohis.be\/de\/wp-json\/wp\/v2\/types\/product"}],"wp:featuredmedia":[{"embeddable":true,"href":"https:\/\/www.ohis.be\/de\/wp-json\/wp\/v2\/media\/18193"}],"wp:attachment":[{"href":"https:\/\/www.ohis.be\/de\/wp-json\/wp\/v2\/media?parent=18357"}],"wp:term":[{"taxonomy":"product_brand","embeddable":true,"href":"https:\/\/www.ohis.be\/de\/wp-json\/wp\/v2\/product_brand?post=18357"},{"taxonomy":"product_cat","embeddable":true,"href":"https:\/\/www.ohis.be\/de\/wp-json\/wp\/v2\/product_cat?post=18357"},{"taxonomy":"product_tag","embeddable":true,"href":"https:\/\/www.ohis.be\/de\/wp-json\/wp\/v2\/product_tag?post=18357"}],"curies":[{"name":"wp","href":"https:\/\/api.w.org\/{rel}","templated":true}]}}