{"id":18350,"date":"2022-12-12T16:08:02","date_gmt":"2022-12-12T15:08:02","guid":{"rendered":"https:\/\/www.ohis.be\/produit\/yalehandy\/"},"modified":"2023-03-24T09:27:17","modified_gmt":"2023-03-24T08:27:17","slug":"yalehandy","status":"publish","type":"product","link":"https:\/\/www.ohis.be\/de\/produit\/yalehandy\/","title":{"rendered":"Yalehandy"},"content":{"rendered":"<p>Tragf\u00e4higkeit 250 &#8211; 500 kg<br \/>\nDieser Handhebelzug aus Stahlblech ist das kleinste und leichteste Allzweckger\u00e4t f\u00fcr den professionellen Einsatz im Kleinlastbereich. Durch die vielf\u00e4ltigen Einsatzm\u00f6glichkeiten z. B. in der Industrie, im Handwerk und im Servicebereich ist dieser Handhebelzug unentbehrlich.<\/p>\n<p>Ausstattung und Verarbeitung<\/p>\n<p>Die gekapselte Konstruktion sch\u00fctzt die innenliegenden Bauteile vor Staub und Feuchtigkeit.<br \/>\nDer kurze und ergonomisch geformte Handhebel mit Gummigriff erm\u00f6glicht eine einfache Bedienung des Ger\u00e4ts.<br \/>\nAlle Bauteile der Lastdruckbremse sind aus hochwertigem Material gefertigt und mit einem Korrosionsschutz versehen.<br \/>\nLeichtg\u00e4ngige Kettenfreischaltung zum schnellen Anschlagen der Last bzw. Durchziehen der Lastkette in beide Richtungen.<br \/>\nVerzinkte Rundstahlkette entsprechend allen g\u00fcltigen nationalen und internationalen Vorschriften.<br \/>\nGeschmiedete Trag- und Lasthaken aus alterungsbest\u00e4ndigem hochlegiertem Verg\u00fctungsstahl, die sich bei \u00dcberlastung \u00f6ffnen ohne zu brechen.<\/p>\n","protected":false},"excerpt":{"rendered":"<p>Tragf\u00e4higkeit 250 &#8211; 500 kg<br \/>\nDieser Handhebelzug aus Stahlblech ist das kleinste und leichteste Allzweckger\u00e4t f\u00fcr den professionellen Einsatz im Kleinlastbereich. Durch die vielf\u00e4ltigen Einsatzm\u00f6glichkeiten z. B. in der Industrie, im Handwerk und im Servicebereich ist dieser Handhebelzug unentbehrlich.<\/p>\n<p>Ausstattung und Verarbeitung<\/p>\n<p>Die gekapselte Konstruktion sch\u00fctzt die innenliegenden Bauteile vor Staub und Feuchtigkeit.<br \/>\nDer kurze und ergonomisch geformte Handhebel mit Gummigriff erm\u00f6glicht eine einfache Bedienung des Ger\u00e4ts.<br \/>\nAlle Bauteile der Lastdruckbremse sind aus hochwertigem Material gefertigt und mit einem Korrosionsschutz versehen.<br \/>\nLeichtg\u00e4ngige Kettenfreischaltung zum schnellen Anschlagen der Last bzw. Durchziehen der Lastkette in beide Richtungen.<br \/>\nVerzinkte Rundstahlkette entsprechend allen g\u00fcltigen nationalen und internationalen Vorschriften.<br \/>\nGeschmiedete Trag- und Lasthaken aus alterungsbest\u00e4ndigem hochlegiertem Verg\u00fctungsstahl, die sich bei \u00dcberlastung \u00f6ffnen ohne zu brechen.<\/p>\n","protected":false},"featured_media":18218,"template":"","meta":{"_acf_changed":false,"inline_featured_image":false},"product_brand":[],"product_cat":[356,1608],"product_tag":[705],"class_list":{"0":"post-18350","1":"product","2":"type-product","3":"status-publish","4":"has-post-thumbnail","6":"product_cat-handhebezeug","7":"product_cat-werkzeuge-fuer-die-werkstatt","8":"product_tag-yale-de","9":"yith_product_brand-yale-de","11":"first","12":"instock","13":"featured","14":"taxable","15":"shipping-taxable","16":"purchasable","17":"product-type-variable"},"acf":[],"yoast_head":"<!-- This site is optimized with the Yoast SEO plugin v27.4 - https:\/\/yoast.com\/product\/yoast-seo-wordpress\/ -->\n<title>Yalehandy - Ohis<\/title>\n<meta name=\"robots\" content=\"index, follow, max-snippet:-1, max-image-preview:large, max-video-preview:-1\" \/>\n<link rel=\"canonical\" href=\"https:\/\/www.ohis.be\/de\/produit\/yalehandy\/\" \/>\n<meta property=\"og:locale\" content=\"de_DE\" \/>\n<meta property=\"og:type\" content=\"article\" \/>\n<meta property=\"og:title\" content=\"Yalehandy - Ohis\" \/>\n<meta property=\"og:description\" content=\"Tragf\u00e4higkeit 250 - 500 kg Dieser Handhebelzug aus Stahlblech ist das kleinste und leichteste Allzweckger\u00e4t f\u00fcr den professionellen Einsatz im Kleinlastbereich. Durch die vielf\u00e4ltigen Einsatzm\u00f6glichkeiten z. B. in der Industrie, im Handwerk und im Servicebereich ist dieser Handhebelzug unentbehrlich.  Ausstattung und Verarbeitung  Die gekapselte Konstruktion sch\u00fctzt die innenliegenden Bauteile vor Staub und Feuchtigkeit. Der kurze und ergonomisch geformte Handhebel mit Gummigriff erm\u00f6glicht eine einfache Bedienung des Ger\u00e4ts. Alle Bauteile der Lastdruckbremse sind aus hochwertigem Material gefertigt und mit einem Korrosionsschutz versehen. Leichtg\u00e4ngige Kettenfreischaltung zum schnellen Anschlagen der Last bzw. Durchziehen der Lastkette in beide Richtungen. Verzinkte Rundstahlkette entsprechend allen g\u00fcltigen nationalen und internationalen Vorschriften. Geschmiedete Trag- und Lasthaken aus alterungsbest\u00e4ndigem hochlegiertem Verg\u00fctungsstahl, die sich bei \u00dcberlastung \u00f6ffnen ohne zu brechen.\" \/>\n<meta property=\"og:url\" content=\"https:\/\/www.ohis.be\/de\/produit\/yalehandy\/\" \/>\n<meta property=\"og:site_name\" content=\"Ohis\" \/>\n<meta property=\"article:modified_time\" content=\"2023-03-24T08:27:17+00:00\" \/>\n<meta property=\"og:image\" content=\"https:\/\/www.ohis.be\/wp-content\/uploads\/2022\/12\/yale-handy.jpg\" \/>\n\t<meta property=\"og:image:width\" content=\"264\" \/>\n\t<meta property=\"og:image:height\" content=\"525\" \/>\n\t<meta property=\"og:image:type\" content=\"image\/jpeg\" \/>\n<meta name=\"twitter:card\" content=\"summary_large_image\" \/>\n<meta name=\"twitter:label1\" content=\"Gesch\u00e4tzte Lesezeit\" \/>\n\t<meta name=\"twitter:data1\" content=\"1\u00a0Minute\" \/>\n<script type=\"application\/ld+json\" class=\"yoast-schema-graph\">{\"@context\":\"https:\\\/\\\/schema.org\",\"@graph\":[{\"@type\":\"WebPage\",\"@id\":\"https:\\\/\\\/www.ohis.be\\\/de\\\/produit\\\/yalehandy\\\/\",\"url\":\"https:\\\/\\\/www.ohis.be\\\/de\\\/produit\\\/yalehandy\\\/\",\"name\":\"Yalehandy - Ohis\",\"isPartOf\":{\"@id\":\"https:\\\/\\\/www.ohis.be\\\/#website\"},\"primaryImageOfPage\":{\"@id\":\"https:\\\/\\\/www.ohis.be\\\/de\\\/produit\\\/yalehandy\\\/#primaryimage\"},\"image\":{\"@id\":\"https:\\\/\\\/www.ohis.be\\\/de\\\/produit\\\/yalehandy\\\/#primaryimage\"},\"thumbnailUrl\":\"https:\\\/\\\/www.ohis.be\\\/wp-content\\\/uploads\\\/2022\\\/12\\\/yale-handy.jpg\",\"datePublished\":\"2022-12-12T15:08:02+00:00\",\"dateModified\":\"2023-03-24T08:27:17+00:00\",\"breadcrumb\":{\"@id\":\"https:\\\/\\\/www.ohis.be\\\/de\\\/produit\\\/yalehandy\\\/#breadcrumb\"},\"inLanguage\":\"de\",\"potentialAction\":[{\"@type\":\"ReadAction\",\"target\":[\"https:\\\/\\\/www.ohis.be\\\/de\\\/produit\\\/yalehandy\\\/\"]}]},{\"@type\":\"ImageObject\",\"inLanguage\":\"de\",\"@id\":\"https:\\\/\\\/www.ohis.be\\\/de\\\/produit\\\/yalehandy\\\/#primaryimage\",\"url\":\"https:\\\/\\\/www.ohis.be\\\/wp-content\\\/uploads\\\/2022\\\/12\\\/yale-handy.jpg\",\"contentUrl\":\"https:\\\/\\\/www.ohis.be\\\/wp-content\\\/uploads\\\/2022\\\/12\\\/yale-handy.jpg\",\"width\":264,\"height\":525,\"caption\":\"yale-handy\"},{\"@type\":\"BreadcrumbList\",\"@id\":\"https:\\\/\\\/www.ohis.be\\\/de\\\/produit\\\/yalehandy\\\/#breadcrumb\",\"itemListElement\":[{\"@type\":\"ListItem\",\"position\":1,\"name\":\"Accueil\",\"item\":\"https:\\\/\\\/www.ohis.be\\\/de\\\/\"},{\"@type\":\"ListItem\",\"position\":2,\"name\":\"Produkte\",\"item\":\"https:\\\/\\\/www.ohis.be\\\/de\\\/produkte\\\/\"},{\"@type\":\"ListItem\",\"position\":3,\"name\":\"Yalehandy\"}]},{\"@type\":\"WebSite\",\"@id\":\"https:\\\/\\\/www.ohis.be\\\/#website\",\"url\":\"https:\\\/\\\/www.ohis.be\\\/\",\"name\":\"Ohis\",\"description\":\"Outils de levage\",\"publisher\":{\"@id\":\"https:\\\/\\\/www.ohis.be\\\/#organization\"},\"potentialAction\":[{\"@type\":\"SearchAction\",\"target\":{\"@type\":\"EntryPoint\",\"urlTemplate\":\"https:\\\/\\\/www.ohis.be\\\/?s={search_term_string}\"},\"query-input\":{\"@type\":\"PropertyValueSpecification\",\"valueRequired\":true,\"valueName\":\"search_term_string\"}}],\"inLanguage\":\"de\"},{\"@type\":\"Organization\",\"@id\":\"https:\\\/\\\/www.ohis.be\\\/#organization\",\"name\":\"Ohis\",\"url\":\"https:\\\/\\\/www.ohis.be\\\/\",\"logo\":{\"@type\":\"ImageObject\",\"inLanguage\":\"de\",\"@id\":\"https:\\\/\\\/www.ohis.be\\\/#\\\/schema\\\/logo\\\/image\\\/\",\"url\":\"https:\\\/\\\/www.ohis.be\\\/wp-content\\\/uploads\\\/2021\\\/02\\\/logo-ohis-wit.svg\",\"contentUrl\":\"https:\\\/\\\/www.ohis.be\\\/wp-content\\\/uploads\\\/2021\\\/02\\\/logo-ohis-wit.svg\",\"caption\":\"Ohis\"},\"image\":{\"@id\":\"https:\\\/\\\/www.ohis.be\\\/#\\\/schema\\\/logo\\\/image\\\/\"}}]}<\/script>\n<!-- \/ Yoast SEO plugin. -->","yoast_head_json":{"title":"Yalehandy - Ohis","robots":{"index":"index","follow":"follow","max-snippet":"max-snippet:-1","max-image-preview":"max-image-preview:large","max-video-preview":"max-video-preview:-1"},"canonical":"https:\/\/www.ohis.be\/de\/produit\/yalehandy\/","og_locale":"de_DE","og_type":"article","og_title":"Yalehandy - Ohis","og_description":"Tragf\u00e4higkeit 250 - 500 kg Dieser Handhebelzug aus Stahlblech ist das kleinste und leichteste Allzweckger\u00e4t f\u00fcr den professionellen Einsatz im Kleinlastbereich. Durch die vielf\u00e4ltigen Einsatzm\u00f6glichkeiten z. B. in der Industrie, im Handwerk und im Servicebereich ist dieser Handhebelzug unentbehrlich.  Ausstattung und Verarbeitung  Die gekapselte Konstruktion sch\u00fctzt die innenliegenden Bauteile vor Staub und Feuchtigkeit. Der kurze und ergonomisch geformte Handhebel mit Gummigriff erm\u00f6glicht eine einfache Bedienung des Ger\u00e4ts. Alle Bauteile der Lastdruckbremse sind aus hochwertigem Material gefertigt und mit einem Korrosionsschutz versehen. Leichtg\u00e4ngige Kettenfreischaltung zum schnellen Anschlagen der Last bzw. Durchziehen der Lastkette in beide Richtungen. Verzinkte Rundstahlkette entsprechend allen g\u00fcltigen nationalen und internationalen Vorschriften. Geschmiedete Trag- und Lasthaken aus alterungsbest\u00e4ndigem hochlegiertem Verg\u00fctungsstahl, die sich bei \u00dcberlastung \u00f6ffnen ohne zu brechen.","og_url":"https:\/\/www.ohis.be\/de\/produit\/yalehandy\/","og_site_name":"Ohis","article_modified_time":"2023-03-24T08:27:17+00:00","og_image":[{"width":264,"height":525,"url":"https:\/\/www.ohis.be\/wp-content\/uploads\/2022\/12\/yale-handy.jpg","type":"image\/jpeg"}],"twitter_card":"summary_large_image","twitter_misc":{"Gesch\u00e4tzte Lesezeit":"1\u00a0Minute"},"schema":{"@context":"https:\/\/schema.org","@graph":[{"@type":"WebPage","@id":"https:\/\/www.ohis.be\/de\/produit\/yalehandy\/","url":"https:\/\/www.ohis.be\/de\/produit\/yalehandy\/","name":"Yalehandy - Ohis","isPartOf":{"@id":"https:\/\/www.ohis.be\/#website"},"primaryImageOfPage":{"@id":"https:\/\/www.ohis.be\/de\/produit\/yalehandy\/#primaryimage"},"image":{"@id":"https:\/\/www.ohis.be\/de\/produit\/yalehandy\/#primaryimage"},"thumbnailUrl":"https:\/\/www.ohis.be\/wp-content\/uploads\/2022\/12\/yale-handy.jpg","datePublished":"2022-12-12T15:08:02+00:00","dateModified":"2023-03-24T08:27:17+00:00","breadcrumb":{"@id":"https:\/\/www.ohis.be\/de\/produit\/yalehandy\/#breadcrumb"},"inLanguage":"de","potentialAction":[{"@type":"ReadAction","target":["https:\/\/www.ohis.be\/de\/produit\/yalehandy\/"]}]},{"@type":"ImageObject","inLanguage":"de","@id":"https:\/\/www.ohis.be\/de\/produit\/yalehandy\/#primaryimage","url":"https:\/\/www.ohis.be\/wp-content\/uploads\/2022\/12\/yale-handy.jpg","contentUrl":"https:\/\/www.ohis.be\/wp-content\/uploads\/2022\/12\/yale-handy.jpg","width":264,"height":525,"caption":"yale-handy"},{"@type":"BreadcrumbList","@id":"https:\/\/www.ohis.be\/de\/produit\/yalehandy\/#breadcrumb","itemListElement":[{"@type":"ListItem","position":1,"name":"Accueil","item":"https:\/\/www.ohis.be\/de\/"},{"@type":"ListItem","position":2,"name":"Produkte","item":"https:\/\/www.ohis.be\/de\/produkte\/"},{"@type":"ListItem","position":3,"name":"Yalehandy"}]},{"@type":"WebSite","@id":"https:\/\/www.ohis.be\/#website","url":"https:\/\/www.ohis.be\/","name":"Ohis","description":"Outils de levage","publisher":{"@id":"https:\/\/www.ohis.be\/#organization"},"potentialAction":[{"@type":"SearchAction","target":{"@type":"EntryPoint","urlTemplate":"https:\/\/www.ohis.be\/?s={search_term_string}"},"query-input":{"@type":"PropertyValueSpecification","valueRequired":true,"valueName":"search_term_string"}}],"inLanguage":"de"},{"@type":"Organization","@id":"https:\/\/www.ohis.be\/#organization","name":"Ohis","url":"https:\/\/www.ohis.be\/","logo":{"@type":"ImageObject","inLanguage":"de","@id":"https:\/\/www.ohis.be\/#\/schema\/logo\/image\/","url":"https:\/\/www.ohis.be\/wp-content\/uploads\/2021\/02\/logo-ohis-wit.svg","contentUrl":"https:\/\/www.ohis.be\/wp-content\/uploads\/2021\/02\/logo-ohis-wit.svg","caption":"Ohis"},"image":{"@id":"https:\/\/www.ohis.be\/#\/schema\/logo\/image\/"}}]}},"_links":{"self":[{"href":"https:\/\/www.ohis.be\/de\/wp-json\/wp\/v2\/product\/18350","targetHints":{"allow":["GET"]}}],"collection":[{"href":"https:\/\/www.ohis.be\/de\/wp-json\/wp\/v2\/product"}],"about":[{"href":"https:\/\/www.ohis.be\/de\/wp-json\/wp\/v2\/types\/product"}],"wp:featuredmedia":[{"embeddable":true,"href":"https:\/\/www.ohis.be\/de\/wp-json\/wp\/v2\/media\/18218"}],"wp:attachment":[{"href":"https:\/\/www.ohis.be\/de\/wp-json\/wp\/v2\/media?parent=18350"}],"wp:term":[{"taxonomy":"product_brand","embeddable":true,"href":"https:\/\/www.ohis.be\/de\/wp-json\/wp\/v2\/product_brand?post=18350"},{"taxonomy":"product_cat","embeddable":true,"href":"https:\/\/www.ohis.be\/de\/wp-json\/wp\/v2\/product_cat?post=18350"},{"taxonomy":"product_tag","embeddable":true,"href":"https:\/\/www.ohis.be\/de\/wp-json\/wp\/v2\/product_tag?post=18350"}],"curies":[{"name":"wp","href":"https:\/\/api.w.org\/{rel}","templated":true}]}}