{"id":16802,"date":"2022-12-02T09:42:38","date_gmt":"2022-12-02T08:42:38","guid":{"rendered":"https:\/\/www.ohis.be\/produit\/rsx-xl-rundschlinge\/"},"modified":"2022-12-02T09:42:38","modified_gmt":"2022-12-02T08:42:38","slug":"rsx-xl-rundschlinge","status":"publish","type":"product","link":"https:\/\/www.ohis.be\/de\/produit\/rsx-xl-rundschlinge\/","title":{"rendered":"RSX XL-Rundschlinge"},"content":{"rendered":"<p>Aus Polyester (PES), EN 1492-2 mit extra stabiler nahtloser Schutzh\u00fclle, mit Traglastetikett.<br \/>\nAusstattung und Verarbeitung<br \/>\n\u2022 Optimierte Webstruktur, PU-appretiert und thermisch fixiert.<br \/>\n\u2022 Einfacher Nachweis der j\u00e4hrlich n\u00f6tigen UVV-Pr\u00fcfung durch zus\u00e4tzliches Etikett mit Pr\u00fcfleiste.<br \/>\n\u2022 Farbcodierung der Schutzh\u00fclle.<br \/>\n\u2022 Einfaches Handling durch geringes Gewicht.<br \/>\n\u2022 Keine Verletzungsgefahr f\u00fcr die H\u00e4nde.<br \/>\n\u2022 Schonende Behandlung der Oberfl\u00e4che des Transportgutes.<br \/>\n\u2022 Hochflexibel und anpassungsf\u00e4hig an die vorgegebene Form.<br \/>\n\u2022 UV-best\u00e4ndig, keine Materialalterung bzw. Verspr\u00f6dung.<br \/>\n\u2022 Hitzebest\u00e4ndigkeit bis +100 \u00b0C.<br \/>\n\u2022 Keine Feuchtigkeitsaufnahme in den Gurtfasern, daher keine Froststarre (bis ca. -40 \u00b0C).<\/p>\n","protected":false},"excerpt":{"rendered":"<p>Aus Polyester (PES), EN 1492-2 mit extra stabiler nahtloser Schutzh\u00fclle, mit Traglastetikett.<br \/>\nAusstattung und Verarbeitung<br \/>\n\u2022 Optimierte Webstruktur, PU-appretiert und thermisch fixiert.<br \/>\n\u2022 Einfacher Nachweis der j\u00e4hrlich n\u00f6tigen UVV-Pr\u00fcfung durch zus\u00e4tzliches Etikett mit Pr\u00fcfleiste.<br \/>\n\u2022 Farbcodierung der Schutzh\u00fclle.<br \/>\n\u2022 Einfaches Handling durch geringes Gewicht.<br \/>\n\u2022 Keine Verletzungsgefahr f\u00fcr die H\u00e4nde.<br \/>\n\u2022 Schonende Behandlung der Oberfl\u00e4che des Transportgutes.<br \/>\n\u2022 Hochflexibel und anpassungsf\u00e4hig an die vorgegebene Form.<br \/>\n\u2022 UV-best\u00e4ndig, keine Materialalterung bzw. Verspr\u00f6dung.<br \/>\n\u2022 Hitzebest\u00e4ndigkeit bis +100 \u00b0C.<br \/>\n\u2022 Keine Feuchtigkeitsaufnahme in den Gurtfasern, daher keine Froststarre (bis ca. -40 \u00b0C).<\/p>\n","protected":false},"featured_media":15780,"template":"","meta":{"_acf_changed":false,"inline_featured_image":false},"product_brand":[],"product_cat":[3684],"product_tag":[705],"class_list":{"0":"post-16802","1":"product","2":"type-product","3":"status-publish","4":"has-post-thumbnail","6":"product_cat-synthetische-schlingen","7":"product_tag-yale-de","8":"yith_product_brand-yale-de","10":"first","11":"instock","12":"taxable","13":"shipping-taxable","14":"purchasable","15":"product-type-variable"},"acf":[],"yoast_head":"<!-- This site is optimized with the Yoast SEO plugin v27.4 - https:\/\/yoast.com\/product\/yoast-seo-wordpress\/ -->\n<title>RSX XL-Rundschlinge - Ohis<\/title>\n<meta name=\"robots\" content=\"index, follow, max-snippet:-1, max-image-preview:large, max-video-preview:-1\" \/>\n<link rel=\"canonical\" href=\"https:\/\/www.ohis.be\/de\/produit\/rsx-xl-rundschlinge\/\" \/>\n<meta property=\"og:locale\" content=\"de_DE\" \/>\n<meta property=\"og:type\" content=\"article\" \/>\n<meta property=\"og:title\" content=\"RSX XL-Rundschlinge - Ohis\" \/>\n<meta property=\"og:description\" content=\"Aus Polyester (PES), EN 1492-2 mit extra stabiler nahtloser Schutzh\u00fclle, mit Traglastetikett. Ausstattung und Verarbeitung \u2022 Optimierte Webstruktur, PU-appretiert und thermisch fixiert. \u2022 Einfacher Nachweis der j\u00e4hrlich n\u00f6tigen UVV-Pr\u00fcfung durch zus\u00e4tzliches Etikett mit Pr\u00fcfleiste. \u2022 Farbcodierung der Schutzh\u00fclle. \u2022 Einfaches Handling durch geringes Gewicht. \u2022 Keine Verletzungsgefahr f\u00fcr die H\u00e4nde. \u2022 Schonende Behandlung der Oberfl\u00e4che des Transportgutes. \u2022 Hochflexibel und anpassungsf\u00e4hig an die vorgegebene Form. \u2022 UV-best\u00e4ndig, keine Materialalterung bzw. Verspr\u00f6dung. \u2022 Hitzebest\u00e4ndigkeit bis +100 \u00b0C. \u2022 Keine Feuchtigkeitsaufnahme in den Gurtfasern, daher keine Froststarre (bis ca. -40 \u00b0C).\" \/>\n<meta property=\"og:url\" content=\"https:\/\/www.ohis.be\/de\/produit\/rsx-xl-rundschlinge\/\" \/>\n<meta property=\"og:site_name\" content=\"Ohis\" \/>\n<meta property=\"og:image\" content=\"https:\/\/www.ohis.be\/wp-content\/uploads\/2022\/12\/yale-rsx-xl.jpg\" \/>\n\t<meta property=\"og:image:width\" content=\"409\" \/>\n\t<meta property=\"og:image:height\" content=\"525\" \/>\n\t<meta property=\"og:image:type\" content=\"image\/jpeg\" \/>\n<meta name=\"twitter:card\" content=\"summary_large_image\" \/>\n<script type=\"application\/ld+json\" class=\"yoast-schema-graph\">{\"@context\":\"https:\\\/\\\/schema.org\",\"@graph\":[{\"@type\":\"WebPage\",\"@id\":\"https:\\\/\\\/www.ohis.be\\\/de\\\/produit\\\/rsx-xl-rundschlinge\\\/\",\"url\":\"https:\\\/\\\/www.ohis.be\\\/de\\\/produit\\\/rsx-xl-rundschlinge\\\/\",\"name\":\"RSX XL-Rundschlinge - Ohis\",\"isPartOf\":{\"@id\":\"https:\\\/\\\/www.ohis.be\\\/#website\"},\"primaryImageOfPage\":{\"@id\":\"https:\\\/\\\/www.ohis.be\\\/de\\\/produit\\\/rsx-xl-rundschlinge\\\/#primaryimage\"},\"image\":{\"@id\":\"https:\\\/\\\/www.ohis.be\\\/de\\\/produit\\\/rsx-xl-rundschlinge\\\/#primaryimage\"},\"thumbnailUrl\":\"https:\\\/\\\/www.ohis.be\\\/wp-content\\\/uploads\\\/2022\\\/12\\\/yale-rsx-xl.jpg\",\"datePublished\":\"2022-12-02T08:42:38+00:00\",\"breadcrumb\":{\"@id\":\"https:\\\/\\\/www.ohis.be\\\/de\\\/produit\\\/rsx-xl-rundschlinge\\\/#breadcrumb\"},\"inLanguage\":\"de\",\"potentialAction\":[{\"@type\":\"ReadAction\",\"target\":[\"https:\\\/\\\/www.ohis.be\\\/de\\\/produit\\\/rsx-xl-rundschlinge\\\/\"]}]},{\"@type\":\"ImageObject\",\"inLanguage\":\"de\",\"@id\":\"https:\\\/\\\/www.ohis.be\\\/de\\\/produit\\\/rsx-xl-rundschlinge\\\/#primaryimage\",\"url\":\"https:\\\/\\\/www.ohis.be\\\/wp-content\\\/uploads\\\/2022\\\/12\\\/yale-rsx-xl.jpg\",\"contentUrl\":\"https:\\\/\\\/www.ohis.be\\\/wp-content\\\/uploads\\\/2022\\\/12\\\/yale-rsx-xl.jpg\",\"width\":409,\"height\":525,\"caption\":\"yale rsx xl\"},{\"@type\":\"BreadcrumbList\",\"@id\":\"https:\\\/\\\/www.ohis.be\\\/de\\\/produit\\\/rsx-xl-rundschlinge\\\/#breadcrumb\",\"itemListElement\":[{\"@type\":\"ListItem\",\"position\":1,\"name\":\"Accueil\",\"item\":\"https:\\\/\\\/www.ohis.be\\\/de\\\/\"},{\"@type\":\"ListItem\",\"position\":2,\"name\":\"Produkte\",\"item\":\"https:\\\/\\\/www.ohis.be\\\/de\\\/produkte\\\/\"},{\"@type\":\"ListItem\",\"position\":3,\"name\":\"RSX XL-Rundschlinge\"}]},{\"@type\":\"WebSite\",\"@id\":\"https:\\\/\\\/www.ohis.be\\\/#website\",\"url\":\"https:\\\/\\\/www.ohis.be\\\/\",\"name\":\"Ohis\",\"description\":\"Outils de levage\",\"publisher\":{\"@id\":\"https:\\\/\\\/www.ohis.be\\\/#organization\"},\"potentialAction\":[{\"@type\":\"SearchAction\",\"target\":{\"@type\":\"EntryPoint\",\"urlTemplate\":\"https:\\\/\\\/www.ohis.be\\\/?s={search_term_string}\"},\"query-input\":{\"@type\":\"PropertyValueSpecification\",\"valueRequired\":true,\"valueName\":\"search_term_string\"}}],\"inLanguage\":\"de\"},{\"@type\":\"Organization\",\"@id\":\"https:\\\/\\\/www.ohis.be\\\/#organization\",\"name\":\"Ohis\",\"url\":\"https:\\\/\\\/www.ohis.be\\\/\",\"logo\":{\"@type\":\"ImageObject\",\"inLanguage\":\"de\",\"@id\":\"https:\\\/\\\/www.ohis.be\\\/#\\\/schema\\\/logo\\\/image\\\/\",\"url\":\"https:\\\/\\\/www.ohis.be\\\/wp-content\\\/uploads\\\/2021\\\/02\\\/logo-ohis-wit.svg\",\"contentUrl\":\"https:\\\/\\\/www.ohis.be\\\/wp-content\\\/uploads\\\/2021\\\/02\\\/logo-ohis-wit.svg\",\"caption\":\"Ohis\"},\"image\":{\"@id\":\"https:\\\/\\\/www.ohis.be\\\/#\\\/schema\\\/logo\\\/image\\\/\"}}]}<\/script>\n<!-- \/ Yoast SEO plugin. -->","yoast_head_json":{"title":"RSX XL-Rundschlinge - Ohis","robots":{"index":"index","follow":"follow","max-snippet":"max-snippet:-1","max-image-preview":"max-image-preview:large","max-video-preview":"max-video-preview:-1"},"canonical":"https:\/\/www.ohis.be\/de\/produit\/rsx-xl-rundschlinge\/","og_locale":"de_DE","og_type":"article","og_title":"RSX XL-Rundschlinge - Ohis","og_description":"Aus Polyester (PES), EN 1492-2 mit extra stabiler nahtloser Schutzh\u00fclle, mit Traglastetikett. Ausstattung und Verarbeitung \u2022 Optimierte Webstruktur, PU-appretiert und thermisch fixiert. \u2022 Einfacher Nachweis der j\u00e4hrlich n\u00f6tigen UVV-Pr\u00fcfung durch zus\u00e4tzliches Etikett mit Pr\u00fcfleiste. \u2022 Farbcodierung der Schutzh\u00fclle. \u2022 Einfaches Handling durch geringes Gewicht. \u2022 Keine Verletzungsgefahr f\u00fcr die H\u00e4nde. \u2022 Schonende Behandlung der Oberfl\u00e4che des Transportgutes. \u2022 Hochflexibel und anpassungsf\u00e4hig an die vorgegebene Form. \u2022 UV-best\u00e4ndig, keine Materialalterung bzw. Verspr\u00f6dung. \u2022 Hitzebest\u00e4ndigkeit bis +100 \u00b0C. \u2022 Keine Feuchtigkeitsaufnahme in den Gurtfasern, daher keine Froststarre (bis ca. -40 \u00b0C).","og_url":"https:\/\/www.ohis.be\/de\/produit\/rsx-xl-rundschlinge\/","og_site_name":"Ohis","og_image":[{"width":409,"height":525,"url":"https:\/\/www.ohis.be\/wp-content\/uploads\/2022\/12\/yale-rsx-xl.jpg","type":"image\/jpeg"}],"twitter_card":"summary_large_image","schema":{"@context":"https:\/\/schema.org","@graph":[{"@type":"WebPage","@id":"https:\/\/www.ohis.be\/de\/produit\/rsx-xl-rundschlinge\/","url":"https:\/\/www.ohis.be\/de\/produit\/rsx-xl-rundschlinge\/","name":"RSX XL-Rundschlinge - Ohis","isPartOf":{"@id":"https:\/\/www.ohis.be\/#website"},"primaryImageOfPage":{"@id":"https:\/\/www.ohis.be\/de\/produit\/rsx-xl-rundschlinge\/#primaryimage"},"image":{"@id":"https:\/\/www.ohis.be\/de\/produit\/rsx-xl-rundschlinge\/#primaryimage"},"thumbnailUrl":"https:\/\/www.ohis.be\/wp-content\/uploads\/2022\/12\/yale-rsx-xl.jpg","datePublished":"2022-12-02T08:42:38+00:00","breadcrumb":{"@id":"https:\/\/www.ohis.be\/de\/produit\/rsx-xl-rundschlinge\/#breadcrumb"},"inLanguage":"de","potentialAction":[{"@type":"ReadAction","target":["https:\/\/www.ohis.be\/de\/produit\/rsx-xl-rundschlinge\/"]}]},{"@type":"ImageObject","inLanguage":"de","@id":"https:\/\/www.ohis.be\/de\/produit\/rsx-xl-rundschlinge\/#primaryimage","url":"https:\/\/www.ohis.be\/wp-content\/uploads\/2022\/12\/yale-rsx-xl.jpg","contentUrl":"https:\/\/www.ohis.be\/wp-content\/uploads\/2022\/12\/yale-rsx-xl.jpg","width":409,"height":525,"caption":"yale rsx xl"},{"@type":"BreadcrumbList","@id":"https:\/\/www.ohis.be\/de\/produit\/rsx-xl-rundschlinge\/#breadcrumb","itemListElement":[{"@type":"ListItem","position":1,"name":"Accueil","item":"https:\/\/www.ohis.be\/de\/"},{"@type":"ListItem","position":2,"name":"Produkte","item":"https:\/\/www.ohis.be\/de\/produkte\/"},{"@type":"ListItem","position":3,"name":"RSX XL-Rundschlinge"}]},{"@type":"WebSite","@id":"https:\/\/www.ohis.be\/#website","url":"https:\/\/www.ohis.be\/","name":"Ohis","description":"Outils de levage","publisher":{"@id":"https:\/\/www.ohis.be\/#organization"},"potentialAction":[{"@type":"SearchAction","target":{"@type":"EntryPoint","urlTemplate":"https:\/\/www.ohis.be\/?s={search_term_string}"},"query-input":{"@type":"PropertyValueSpecification","valueRequired":true,"valueName":"search_term_string"}}],"inLanguage":"de"},{"@type":"Organization","@id":"https:\/\/www.ohis.be\/#organization","name":"Ohis","url":"https:\/\/www.ohis.be\/","logo":{"@type":"ImageObject","inLanguage":"de","@id":"https:\/\/www.ohis.be\/#\/schema\/logo\/image\/","url":"https:\/\/www.ohis.be\/wp-content\/uploads\/2021\/02\/logo-ohis-wit.svg","contentUrl":"https:\/\/www.ohis.be\/wp-content\/uploads\/2021\/02\/logo-ohis-wit.svg","caption":"Ohis"},"image":{"@id":"https:\/\/www.ohis.be\/#\/schema\/logo\/image\/"}}]}},"_links":{"self":[{"href":"https:\/\/www.ohis.be\/de\/wp-json\/wp\/v2\/product\/16802","targetHints":{"allow":["GET"]}}],"collection":[{"href":"https:\/\/www.ohis.be\/de\/wp-json\/wp\/v2\/product"}],"about":[{"href":"https:\/\/www.ohis.be\/de\/wp-json\/wp\/v2\/types\/product"}],"wp:featuredmedia":[{"embeddable":true,"href":"https:\/\/www.ohis.be\/de\/wp-json\/wp\/v2\/media\/15780"}],"wp:attachment":[{"href":"https:\/\/www.ohis.be\/de\/wp-json\/wp\/v2\/media?parent=16802"}],"wp:term":[{"taxonomy":"product_brand","embeddable":true,"href":"https:\/\/www.ohis.be\/de\/wp-json\/wp\/v2\/product_brand?post=16802"},{"taxonomy":"product_cat","embeddable":true,"href":"https:\/\/www.ohis.be\/de\/wp-json\/wp\/v2\/product_cat?post=16802"},{"taxonomy":"product_tag","embeddable":true,"href":"https:\/\/www.ohis.be\/de\/wp-json\/wp\/v2\/product_tag?post=16802"}],"curies":[{"name":"wp","href":"https:\/\/api.w.org\/{rel}","templated":true}]}}